{"id":685,"date":"2024-04-15T16:20:06","date_gmt":"2024-04-15T16:20:06","guid":{"rendered":"https:\/\/www.yanmar.com\/fr\/viticulture\/news-2\/press-coverage\/"},"modified":"2024-04-16T07:27:59","modified_gmt":"2024-04-16T07:27:59","slug":"press-coverage","status":"publish","type":"page","link":"https:\/\/www.yanmar.com\/fr\/viticulture\/en\/news-2\/press-coverage\/","title":{"rendered":"Press coverage"},"content":{"rendered":"\n<div class=\"wp-block-group\"><div class=\"wp-block-group__inner-container is-layout-constrained wp-block-group-is-layout-constrained\">\n\n<section class=\"b-block\n  b-content\n  c-card\n  c-card--no-icon\" data-block_d0dcf6b498632f33261bca9a2adf6586>\n      <figure class=\"c-card__image-wrapper\">\n      <img decoding=\"async\" width=\"768\" height=\"576\" src=\"https:\/\/www.yanmar.com\/fr\/viticulture\/wp-content\/uploads\/sites\/17\/2024\/04\/absolutvision-WYd_PkCa1BY-unsplash-768x576.jpg\" class=\"wp-image c-card__thumb\" alt=\"\" \/>\n    <\/figure>\n    <div class=\"c-card__content c-card__content--full\">\n    <h2 class=\"c-card__title u-font-size-xlarge\">\n      Ce chenillard traite les vignes et travaille les sols en toute autonomie\n    <\/h2>\n    <div class=\"c-card__copy\">\n      <p><a href=\"https:\/\/www.vitisphere.com\/actualite-100386-ce-chenillard-traite-les-vignes-et-travaille-les-sols-en-toute-autonomie.html\">Apr\u00e8s les rampes de pulv\u00e9risation, Yanmar \u00e9quipe son robot YV01 d\u2019un bras de relevage capable de supporter diff\u00e9rents outils de travail du sol.<\/a><\/p>\n\n    <\/div>\n  <\/div>\n<\/section>\n\n\n\n\n\n<section class=\"b-block\n  b-content\n  c-card\n  c-card--no-icon\" data-block_013d34c0226eca590abe87370ece6a73>\n      <figure class=\"c-card__image-wrapper\">\n      <img decoding=\"async\" width=\"768\" height=\"576\" src=\"https:\/\/www.yanmar.com\/fr\/viticulture\/wp-content\/uploads\/sites\/17\/2024\/01\/carousel-image-4-768x576.png\" class=\"wp-image c-card__thumb\" alt=\"\" \/>\n    <\/figure>\n    <div class=\"c-card__content c-card__content--full\">\n    <h2 class=\"c-card__title u-font-size-xlarge\">\n      Yanmar Vineyard Solutions : l\u2019entreprise qui accompagne les viticulteurs au quotidien avec un robot autonome\n    <\/h2>\n    <div class=\"c-card__copy\">\n      <p><a href=\"https:\/\/www.lunion.fr\/id528771\/article\/2023-10-10\/yanmar-vineyard-solutions-lentreprise-qui-accompagne-les-viticulteurs-au\">Depuis plusieurs ann\u00e9es maintenant, Yanmar accompagne via son entit\u00e9 d\u00e9di\u00e9e \u00e0 la viticulture : Vineyard Solutions, les domaines viticoles en Champagne et ailleurs.<\/a><\/p>\n\n    <\/div>\n  <\/div>\n<\/section>\n\n\n\n\n\n<section class=\"b-block\n  b-content\n  c-card\n  c-card--no-icon\" data-block_760048640f2288cb4fa5183450609b48>\n      <figure class=\"c-card__image-wrapper\">\n      <img decoding=\"async\" width=\"768\" height=\"576\" src=\"https:\/\/www.yanmar.com\/fr\/viticulture\/wp-content\/uploads\/sites\/17\/2024\/04\/IMG_1336-R2-e1710853434176-768x576.jpg\" class=\"wp-image c-card__thumb\" alt=\"\" \/>\n    <\/figure>\n    <div class=\"c-card__content c-card__content--full\">\n    <h2 class=\"c-card__title u-font-size-xlarge\">\n      La technologie au service de la viticulture\n    <\/h2>\n    <div class=\"c-card__copy\">\n      <p><a href=\"https:\/\/www.lyonne.fr\/france-monde\/actualites\/la-technologie-au-service-de-la-viticulture_14386452\/\">Le groupe YANMAR est pr\u00e9sent dans le monde entier dans de multiples secteurs d\u2019activit\u00e9s comme l\u2019agricole, le viticole, le maritime, les engins de construction ou encore les \u00e9nergies renouvelables. YANMAR, l\u2019entreprise aux 21 000 employ\u00e9s, con\u00e7oit et propose des produits et des services pour cr\u00e9er une soci\u00e9t\u00e9 durable et des modes de vie plus prosp\u00e8res.<\/a><\/p>\n\n    <\/div>\n  <\/div>\n<\/section>\n\n<\/div><\/div>\n","protected":false},"excerpt":{"rendered":"","protected":false},"author":25,"featured_media":0,"parent":678,"menu_order":0,"comment_status":"closed","ping_status":"closed","template":"","meta":{"_acf_changed":false,"footnotes":""},"class_list":["post-685","page","type-page","status-publish","hentry"],"acf":[],"yoast_head":"<!-- This site is optimized with the Yoast SEO plugin v27.3 - https:\/\/yoast.com\/product\/yoast-seo-wordpress\/ -->\n<title>Press coverage - Viticulture<\/title>\n<meta name=\"robots\" content=\"index, follow, max-snippet:-1, max-image-preview:large, max-video-preview:-1\" \/>\n<link rel=\"canonical\" href=\"https:\/\/origin-yeu.yanmar.com\/fr\/viticulture\/en\/news-2\/press-coverage\/\" \/>\n<meta property=\"og:locale\" content=\"en_US\" \/>\n<meta property=\"og:type\" content=\"article\" \/>\n<meta property=\"og:title\" content=\"Press coverage - Viticulture\" \/>\n<meta property=\"og:url\" content=\"https:\/\/origin-yeu.yanmar.com\/fr\/viticulture\/en\/news-2\/press-coverage\/\" \/>\n<meta property=\"og:site_name\" content=\"Viticulture\" \/>\n<meta property=\"article:publisher\" content=\"https:\/\/www.facebook.com\/profile.php?id=100073367932751\" \/>\n<meta property=\"article:modified_time\" content=\"2024-04-16T07:27:59+00:00\" \/>\n<meta name=\"twitter:card\" content=\"summary_large_image\" \/>\n<!-- \/ Yoast SEO plugin. -->","yoast_head_json":{"title":"Press coverage - Viticulture","robots":{"index":"index","follow":"follow","max-snippet":"max-snippet:-1","max-image-preview":"max-image-preview:large","max-video-preview":"max-video-preview:-1"},"canonical":"https:\/\/origin-yeu.yanmar.com\/fr\/viticulture\/en\/news-2\/press-coverage\/","og_locale":"en_US","og_type":"article","og_title":"Press coverage - Viticulture","og_url":"https:\/\/origin-yeu.yanmar.com\/fr\/viticulture\/en\/news-2\/press-coverage\/","og_site_name":"Viticulture","article_publisher":"https:\/\/www.facebook.com\/profile.php?id=100073367932751","article_modified_time":"2024-04-16T07:27:59+00:00","twitter_card":"summary_large_image","schema":{"@context":"https:\/\/schema.org","@graph":[{"@type":"WebPage","@id":"https:\/\/origin-yeu.yanmar.com\/fr\/viticulture\/en\/news-2\/press-coverage\/","url":"https:\/\/origin-yeu.yanmar.com\/fr\/viticulture\/en\/news-2\/press-coverage\/","name":"Press coverage - Viticulture","isPartOf":{"@id":"https:\/\/origin-yeu.yanmar.com\/eu\/robot-vigne\/#website"},"datePublished":"2024-04-15T16:20:06+00:00","dateModified":"2024-04-16T07:27:59+00:00","breadcrumb":{"@id":"https:\/\/origin-yeu.yanmar.com\/fr\/viticulture\/en\/news-2\/press-coverage\/#breadcrumb"},"inLanguage":"en-US","potentialAction":[{"@type":"ReadAction","target":["https:\/\/origin-yeu.yanmar.com\/fr\/viticulture\/en\/news-2\/press-coverage\/"]}]},{"@type":"BreadcrumbList","@id":"https:\/\/origin-yeu.yanmar.com\/fr\/viticulture\/en\/news-2\/press-coverage\/#breadcrumb","itemListElement":[{"@type":"ListItem","position":1,"name":"Home","item":"https:\/\/origin-yeu.yanmar.com\/fr\/viticulture\/en\/"},{"@type":"ListItem","position":2,"name":"News","item":"https:\/\/origin-yeu.yanmar.com\/fr\/viticulture\/en\/news-2\/"},{"@type":"ListItem","position":3,"name":"Press coverage"}]},{"@type":"WebSite","@id":"https:\/\/origin-yeu.yanmar.com\/eu\/robot-vigne\/#website","url":"https:\/\/origin-yeu.yanmar.com\/eu\/robot-vigne\/","name":"Yanmar Vineyard Solutions","description":"","publisher":{"@id":"https:\/\/origin-yeu.yanmar.com\/eu\/robot-vigne\/#organization"},"potentialAction":[{"@type":"SearchAction","target":{"@type":"EntryPoint","urlTemplate":"https:\/\/origin-yeu.yanmar.com\/eu\/robot-vigne\/?s={search_term_string}"},"query-input":{"@type":"PropertyValueSpecification","valueRequired":true,"valueName":"search_term_string"}}],"inLanguage":"en-US"},{"@type":"Organization","@id":"https:\/\/origin-yeu.yanmar.com\/eu\/robot-vigne\/#organization","name":"Yanmar Vineyard Solutions","url":"https:\/\/origin-yeu.yanmar.com\/eu\/robot-vigne\/","logo":{"@type":"ImageObject","inLanguage":"en-US","@id":"https:\/\/origin-yeu.yanmar.com\/eu\/robot-vigne\/#\/schema\/logo\/image\/","url":"https:\/\/origin-yeu.yanmar.com\/fr\/viticulture\/wp-content\/uploads\/sites\/17\/2023\/12\/Y_newcolor_FLYING-Y_vertical.png","contentUrl":"https:\/\/origin-yeu.yanmar.com\/fr\/viticulture\/wp-content\/uploads\/sites\/17\/2023\/12\/Y_newcolor_FLYING-Y_vertical.png","width":1361,"height":999,"caption":"Yanmar Vineyard Solutions"},"image":{"@id":"https:\/\/origin-yeu.yanmar.com\/eu\/robot-vigne\/#\/schema\/logo\/image\/"},"sameAs":["https:\/\/www.facebook.com\/profile.php?id=100073367932751","https:\/\/www.linkedin.com\/company\/84954557\/","https:\/\/www.instagram.com\/yanmar_vineyard_solutions\/"]}]}},"_links":{"self":[{"href":"https:\/\/www.yanmar.com\/fr\/viticulture\/en\/wp-json\/wp\/v2\/pages\/685","targetHints":{"allow":["GET"]}}],"collection":[{"href":"https:\/\/www.yanmar.com\/fr\/viticulture\/en\/wp-json\/wp\/v2\/pages"}],"about":[{"href":"https:\/\/www.yanmar.com\/fr\/viticulture\/en\/wp-json\/wp\/v2\/types\/page"}],"author":[{"embeddable":true,"href":"https:\/\/www.yanmar.com\/fr\/viticulture\/en\/wp-json\/wp\/v2\/users\/25"}],"replies":[{"embeddable":true,"href":"https:\/\/www.yanmar.com\/fr\/viticulture\/en\/wp-json\/wp\/v2\/comments?post=685"}],"version-history":[{"count":1,"href":"https:\/\/www.yanmar.com\/fr\/viticulture\/en\/wp-json\/wp\/v2\/pages\/685\/revisions"}],"predecessor-version":[{"id":686,"href":"https:\/\/www.yanmar.com\/fr\/viticulture\/en\/wp-json\/wp\/v2\/pages\/685\/revisions\/686"}],"up":[{"embeddable":true,"href":"https:\/\/www.yanmar.com\/fr\/viticulture\/en\/wp-json\/wp\/v2\/pages\/678"}],"wp:attachment":[{"href":"https:\/\/www.yanmar.com\/fr\/viticulture\/en\/wp-json\/wp\/v2\/media?parent=685"}],"curies":[{"name":"wp","href":"https:\/\/api.w.org\/{rel}","templated":true}]}}