{"id":550,"date":"2024-04-15T15:34:47","date_gmt":"2024-04-15T15:34:47","guid":{"rendered":"https:\/\/www.yanmar.com\/fr\/viticulture\/?page_id=550"},"modified":"2025-06-02T08:19:28","modified_gmt":"2025-06-02T08:19:28","slug":"transporteur-mc1210","status":"publish","type":"page","link":"https:\/\/www.yanmar.com\/fr\/viticulture\/transporteur-mc1210\/","title":{"rendered":"Transporteur MC1210"},"content":{"rendered":"\n<div class=\"wp-block-cover alignfull\" style=\"margin-top:0;padding-top:48px;padding-right:48px;padding-bottom:48px;padding-left:48px;min-height:666px;aspect-ratio:unset;\"><img decoding=\"async\" width=\"1110\" height=\"666\" class=\"wp-block-cover__image-background wp-image-553\" alt=\"\" src=\"https:\/\/www.yanmar.com\/fr\/viticulture\/wp-content\/uploads\/sites\/17\/2024\/04\/tarnsporter_1110x666-1.jpg\" style=\"object-position:56% 46%\" data-object-fit=\"cover\" data-object-position=\"56% 46%\" srcset=\"https:\/\/www.yanmar.com\/fr\/viticulture\/wp-content\/uploads\/sites\/17\/2024\/04\/tarnsporter_1110x666-1.jpg 1110w, https:\/\/www.yanmar.com\/fr\/viticulture\/wp-content\/uploads\/sites\/17\/2024\/04\/tarnsporter_1110x666-1-300x180.jpg 300w, https:\/\/www.yanmar.com\/fr\/viticulture\/wp-content\/uploads\/sites\/17\/2024\/04\/tarnsporter_1110x666-1-1024x614.jpg 1024w, https:\/\/www.yanmar.com\/fr\/viticulture\/wp-content\/uploads\/sites\/17\/2024\/04\/tarnsporter_1110x666-1-768x461.jpg 768w\" sizes=\"(max-width: 1110px) 100vw, 1110px\" \/><span aria-hidden=\"true\" class=\"wp-block-cover__background has-background-dim-30 has-background-dim\"><\/span><div class=\"wp-block-cover__inner-container is-layout-flow wp-block-cover-is-layout-flow\">\n<p class=\"has-text-align-center has-large-font-size\"><\/p>\n<\/div><\/div>\n\n\n\n<div style=\"height:50px\" aria-hidden=\"true\" class=\"wp-block-spacer\"><\/div>\n\n\n\n<h2 class=\"wp-block-heading has-text-align-center\"><strong>Allez o\u00f9 vous voulez, transportez ce que vous voulez<\/strong><\/h2>\n\n\n\n<div class=\"wp-block-group\"><div class=\"wp-block-group__inner-container is-layout-constrained wp-block-group-is-layout-constrained\">\n<p>Avec des capacit\u00e9s de transport de 500 kilogrammes, le Yanmar MC 1210 offre une solution de transporteur \u00e0 chenilles compacte mais puissante. solution.<\/p>\n\n\n\n<p>Pour un large \u00e9ventail d\u2019industries et d\u2019applications, y compris <strong>la viticulture<\/strong>, <strong>l\u2019am\u00e9nagement paysager<\/strong> et <strong>l\u2019agriculture<\/strong>.<\/p>\n<\/div><\/div>\n\n\n\n<div style=\"height:50px\" aria-hidden=\"true\" class=\"wp-block-spacer\"><\/div>\n\n\n\n<h2 class=\"wp-block-heading has-text-align-center\" style=\"font-style:normal;font-weight:100\"><strong>CARACT\u00c9RISTIQUES PRINCIPALES<\/strong><\/h2>\n\n\n\n<div class=\"wp-block-media-text is-stacked-on-mobile\"><figure class=\"wp-block-media-text__media\"><img decoding=\"async\" width=\"692\" height=\"493\" src=\"https:\/\/www.yanmar.com\/fr\/viticulture\/wp-content\/uploads\/sites\/17\/2024\/04\/mc1210_transporter-4_692x493.jpg\" alt=\"\" class=\"wp-image-515 size-full\" srcset=\"https:\/\/www.yanmar.com\/fr\/viticulture\/wp-content\/uploads\/sites\/17\/2024\/04\/mc1210_transporter-4_692x493.jpg 692w, https:\/\/www.yanmar.com\/fr\/viticulture\/wp-content\/uploads\/sites\/17\/2024\/04\/mc1210_transporter-4_692x493-300x214.jpg 300w\" sizes=\"(max-width: 692px) 100vw, 692px\" \/><\/figure><div class=\"wp-block-media-text__content\">\n<h3 class=\"wp-block-heading\" style=\"font-style:normal;font-weight:100\">Groupe moteur \u00e9prouv\u00e9 de Yanmar<\/h3>\n\n\n\n<p>Faciles \u00e0 entretenir et conformes aux norme anti-polution, les moteurs \u00e0 essence OHV de Yanmar pr\u00e9sentent un taux de compression \u00e9lev\u00e9 \u00e0 l\u2019origine d\u2019une puissance de sortie \u00e9lev\u00e9e, d\u2019un coupl remarquable \u00e0 bas et moyen r\u00e9gime et d\u2019une consommation minimale de carburant.<\/p>\n\n\n\n<p>Con\u00e7us pour \u00e9mettre le moins de bruit et de vibrations possible, ces moteurs sont faciles \u00e0 d\u00e9marrer sans le retour de rappel habituel des autres petits moteurs.<\/p>\n\n\n\n<div style=\"height:50px\" aria-hidden=\"true\" class=\"wp-block-spacer\"><\/div>\n\n\n\n<h3 class=\"wp-block-heading\" style=\"font-style:normal;font-weight:100\">Fonctionnement facile et sans \u00e0-coups<\/h3>\n\n\n\n<p>Le MC1210 est \u00e9quip\u00e9 de la transmission hydrostatique exclusive de Yanmar, qui permet \u00e0 la vitesse d\u2019\u00eatre adapt\u00e9e \u00e0 la sp\u00e9cificit\u00e9 de la t\u00e2che ou de l\u2019utilisation et qui assure des changements de vitesse \u201csans choc\u201d tout en douceur, pour un plus grand confort de l\u2019utilisateur.<\/p>\n<\/div><\/div>\n\n\n\n<div style=\"height:10px\" aria-hidden=\"true\" class=\"wp-block-spacer\"><\/div>\n\n\n\n<div class=\"wp-block-media-text has-media-on-the-right is-stacked-on-mobile\"><div class=\"wp-block-media-text__content\">\n<h3 class=\"wp-block-heading\" style=\"font-style:normal;font-weight:100\">Contact au sol<\/h3>\n\n\n\n<p>Le ch\u00e2ssis du MC1210 est allong\u00e9afin de fournir une adh\u00e9rence des chenilles au sol et une stabilit\u00e9 plus importante, m\u00eame avec des charges lourdes<\/p>\n\n\n\n<div style=\"height:50px\" aria-hidden=\"true\" class=\"wp-block-spacer\"><\/div>\n\n\n\n<h3 class=\"wp-block-heading\" style=\"font-style:normal;font-weight:100\">Galets Compensateurs<\/h3>\n\n\n\n<p>Pour un confort optimal de l\u2019op\u00e9rateur et une r\u00e9tention de la charge, les galets flexibles des chenilles du transporteur Yanmar amortissent efficacement les chocs, garantissant un fonctionnement sans heurts ind\u00e9pendamment du lieu et de l\u2019\u00e9tat du terrain.<\/p>\n<\/div><figure class=\"wp-block-media-text__media\"><img decoding=\"async\" width=\"692\" height=\"493\" src=\"https:\/\/www.yanmar.com\/fr\/viticulture\/wp-content\/uploads\/sites\/17\/2024\/04\/mc1210_transporter-3_692x493.jpg\" alt=\"\" class=\"wp-image-521 size-full\" srcset=\"https:\/\/www.yanmar.com\/fr\/viticulture\/wp-content\/uploads\/sites\/17\/2024\/04\/mc1210_transporter-3_692x493.jpg 692w, https:\/\/www.yanmar.com\/fr\/viticulture\/wp-content\/uploads\/sites\/17\/2024\/04\/mc1210_transporter-3_692x493-300x214.jpg 300w\" sizes=\"(max-width: 692px) 100vw, 692px\" \/><\/figure><\/div>\n\n\n\n<div class=\"wp-block-media-text is-stacked-on-mobile\"><figure class=\"wp-block-media-text__media\"><img decoding=\"async\" width=\"692\" height=\"493\" src=\"https:\/\/www.yanmar.com\/fr\/viticulture\/wp-content\/uploads\/sites\/17\/2024\/04\/mc1210_transporter-2_692x493-1.jpg\" alt=\"\" class=\"wp-image-519 size-full\" srcset=\"https:\/\/www.yanmar.com\/fr\/viticulture\/wp-content\/uploads\/sites\/17\/2024\/04\/mc1210_transporter-2_692x493-1.jpg 692w, https:\/\/www.yanmar.com\/fr\/viticulture\/wp-content\/uploads\/sites\/17\/2024\/04\/mc1210_transporter-2_692x493-1-300x214.jpg 300w\" sizes=\"(max-width: 692px) 100vw, 692px\" \/><\/figure><div class=\"wp-block-media-text__content\">\n<h3 class=\"wp-block-heading\" style=\"font-style:normal;font-weight:100\">Plateforme large<\/h3>\n\n\n\n<p>La largeur de la plateforme du MC1210 est facilement extensible tout en conservant une excellente stabilit\u00e9, deux crit\u00e8res qui font la qualit\u00e9 reconnue des MC1210.<\/p>\n\n\n\n<p>Cela signifie donc que la zone de transport peut \u00eatre adapt\u00e9e \u00e0 l\u2019utilisation sp\u00e9cifique qui en est faite ou aux dimensions des mat\u00e9riaux \u00e0 transporter.<\/p>\n\n\n\n<div style=\"height:50px\" aria-hidden=\"true\" class=\"wp-block-spacer\"><\/div>\n\n\n\n<h3 class=\"wp-block-heading\" style=\"font-style:normal;font-weight:100\">Benne hydraulique &amp;<br>\u00e9l\u00e9vation de la plateforme<\/h3>\n\n\n\n<p>Le d\u00e9versement au sol hydraulique bien partique du transporteur garantit \u00e0 la fois l\u2019efficacit\u00e9 et la s\u00e9curit\u00e9 du d\u00e9chargement de lourdes cargaisons.<\/p>\n\n\n\n<p>Le levage hydraulique se fait en toute s\u00e9curit\u00e9 pour facilit\u00e9 le chargement des camions.<\/p>\n<\/div><\/div>\n\n\n\n<div style=\"height:10px\" aria-hidden=\"true\" class=\"wp-block-spacer\"><\/div>\n\n\n\n<div class=\"wp-block-media-text has-media-on-the-right is-image-fill-element  has-aspect-ratio-1-1\" style=\"grid-template-columns:auto 40%\"><div class=\"wp-block-media-text__content\">\n<h3 class=\"wp-block-heading\" style=\"font-style:normal;font-weight:100\">Sp\u00e9cifications : tableau g\u00e9n\u00e9ralit\u00e9s<\/h3>\n\n\n\n<figure class=\"wp-block-table\"><table class=\"has-fixed-layout\"><tbody><tr><td>Dimensions&nbsp;<strong>MC1210<\/strong><\/td><td>L 1975 x l 640 x h 1210 mm<\/td><\/tr><tr><td>Energie<\/td><td>Essence<\/td><\/tr><tr><td>Moteur &amp; puissance<\/td><td>7,5ch \u2013 OHV 4 temps \u2013 GB300LN<\/td><\/tr><tr><td>Cylindres<\/td><td>2 (4 temps)<\/td><\/tr><tr><td>Plateforme<\/td><td>L 1210-1550 x l 470-730 x h 75 mm<\/td><\/tr><tr><td>Charge utile<\/td><td>500 kg<\/td><\/tr><tr><td>Bennage et levage plateforme<\/td><td>Hydraulique<\/td><\/tr><tr><td>Transmission<\/td><td>Hydraustatique avant \u2013 variation continue<\/td><\/tr><tr><td>Chenilles<\/td><td>L 750 x l 180 mm<\/td><\/tr><\/tbody><\/table><\/figure>\n<\/div><figure class=\"wp-block-media-text__media\"><img decoding=\"async\" width=\"4284\" height=\"5712\" src=\"https:\/\/www.yanmar.com\/fr\/viticulture\/wp-content\/uploads\/sites\/17\/2025\/06\/IMG_2972_modifiee-1.png\" alt=\"\" class=\"wp-image-1176 size-full\" style=\"object-position:50% 50%\" srcset=\"https:\/\/www.yanmar.com\/fr\/viticulture\/wp-content\/uploads\/sites\/17\/2025\/06\/IMG_2972_modifiee-1.png 4284w, https:\/\/www.yanmar.com\/fr\/viticulture\/wp-content\/uploads\/sites\/17\/2025\/06\/IMG_2972_modifiee-1-225x300.png 225w, https:\/\/www.yanmar.com\/fr\/viticulture\/wp-content\/uploads\/sites\/17\/2025\/06\/IMG_2972_modifiee-1-768x1024.png 768w, https:\/\/www.yanmar.com\/fr\/viticulture\/wp-content\/uploads\/sites\/17\/2025\/06\/IMG_2972_modifiee-1-1152x1536.png 1152w, https:\/\/www.yanmar.com\/fr\/viticulture\/wp-content\/uploads\/sites\/17\/2025\/06\/IMG_2972_modifiee-1-1536x2048.png 1536w\" sizes=\"(max-width: 4284px) 100vw, 4284px\" \/><\/figure><\/div>\n\n\n\n<div style=\"height:10px\" aria-hidden=\"true\" class=\"wp-block-spacer\"><\/div>\n\n\n\n<div class=\"wp-block-group\"><div class=\"wp-block-group__inner-container is-layout-constrained wp-block-group-is-layout-constrained\">\n\n    <section class=\"b-block\n  b-reusable-block\">\n    \n<div class=\"wp-block-media-text is-stacked-on-mobile has-background\" style=\"background-color:#e5e5e5\"><figure class=\"wp-block-media-text__media\"><img decoding=\"async\" width=\"1024\" height=\"683\" src=\"https:\/\/www.yanmar.com\/fr\/viticulture\/wp-content\/uploads\/sites\/17\/2024\/04\/AdobeStock_159264537-scaled-1-1024x683.jpeg\" alt=\"\" class=\"wp-image-495 size-full\" srcset=\"https:\/\/www.yanmar.com\/fr\/viticulture\/wp-content\/uploads\/sites\/17\/2024\/04\/AdobeStock_159264537-scaled-1-1024x683.jpeg 1024w, https:\/\/www.yanmar.com\/fr\/viticulture\/wp-content\/uploads\/sites\/17\/2024\/04\/AdobeStock_159264537-scaled-1-300x200.jpeg 300w, https:\/\/www.yanmar.com\/fr\/viticulture\/wp-content\/uploads\/sites\/17\/2024\/04\/AdobeStock_159264537-scaled-1-768x512.jpeg 768w, https:\/\/www.yanmar.com\/fr\/viticulture\/wp-content\/uploads\/sites\/17\/2024\/04\/AdobeStock_159264537-scaled-1-1536x1025.jpeg 1536w, https:\/\/www.yanmar.com\/fr\/viticulture\/wp-content\/uploads\/sites\/17\/2024\/04\/AdobeStock_159264537-scaled-1-2048x1366.jpeg 2048w\" sizes=\"(max-width: 1024px) 100vw, 1024px\" \/><\/figure><div class=\"wp-block-media-text__content\">\n<h4 class=\"wp-block-heading has-text-align-center\">Questions et assistance<\/h4>\n\n\n\n<p class=\"has-text-align-center\">N&rsquo;h\u00e9sitez pas \u00e0 nous contacter pour toute question sur nos produits.<\/p>\n\n\n\n<div class=\"wp-block-buttons is-content-justification-center is-layout-flex wp-container-core-buttons-is-layout-16018d1d wp-block-buttons-is-layout-flex\">\n<div class=\"wp-block-button\"><a class=\"wp-block-button__link has-text-align-center wp-element-button\" href=\"https:\/\/www.yanmar.com\/fr\/viticulture\/nous-contacter\/\">Nous contacter<\/a><\/div>\n<\/div>\n<\/div><\/div>\n\n  <\/section>\n\n<\/div><\/div>\n\n\n\n<div style=\"height:10px\" aria-hidden=\"true\" class=\"wp-block-spacer\"><\/div>\n","protected":false},"excerpt":{"rendered":"<p>Allez o\u00f9 vous voulez, transportez ce que vous voulez Avec des capacit\u00e9s de transport de 500 kilogrammes, le Yanmar MC 1210 offre une solution de transporteur \u00e0 chenilles compacte mais [&hellip;]<\/p>\n","protected":false},"author":25,"featured_media":0,"parent":0,"menu_order":0,"comment_status":"closed","ping_status":"closed","template":"","meta":{"_acf_changed":false,"footnotes":""},"class_list":["post-550","page","type-page","status-publish","hentry"],"acf":[],"yoast_head":"<!-- This site is optimized with the Yoast SEO plugin v27.3 - https:\/\/yoast.com\/product\/yoast-seo-wordpress\/ -->\n<title>Transporteur MC1210 - Viticulture<\/title>\n<meta name=\"robots\" content=\"index, follow, max-snippet:-1, max-image-preview:large, max-video-preview:-1\" \/>\n<link rel=\"canonical\" href=\"https:\/\/origin-yeu.yanmar.com\/fr\/viticulture\/transporteur-mc1210\/\" \/>\n<meta property=\"og:locale\" content=\"fr_FR\" \/>\n<meta property=\"og:type\" content=\"article\" \/>\n<meta property=\"og:title\" content=\"Transporteur MC1210 - Viticulture\" \/>\n<meta property=\"og:description\" content=\"Allez o\u00f9 vous voulez, transportez ce que vous voulez Avec des capacit\u00e9s de transport de 500 kilogrammes, le Yanmar MC 1210 offre une solution de transporteur \u00e0 chenilles compacte mais [&hellip;]\" \/>\n<meta property=\"og:url\" content=\"https:\/\/origin-yeu.yanmar.com\/fr\/viticulture\/transporteur-mc1210\/\" \/>\n<meta property=\"og:site_name\" content=\"Viticulture\" \/>\n<meta property=\"article:publisher\" content=\"https:\/\/www.facebook.com\/profile.php?id=100073367932751\" \/>\n<meta property=\"article:modified_time\" content=\"2025-06-02T08:19:28+00:00\" \/>\n<meta property=\"og:image\" content=\"https:\/\/www.yanmar.com\/fr\/viticulture\/wp-content\/uploads\/sites\/17\/2024\/04\/tarnsporter_1110x666-1.jpg\" \/>\n\t<meta property=\"og:image:width\" content=\"1110\" \/>\n\t<meta property=\"og:image:height\" content=\"666\" \/>\n\t<meta property=\"og:image:type\" content=\"image\/jpeg\" \/>\n<meta name=\"twitter:card\" content=\"summary_large_image\" \/>\n<meta name=\"twitter:label1\" content=\"Dur\u00e9e de lecture estim\u00e9e\" \/>\n\t<meta name=\"twitter:data1\" content=\"4 minutes\" \/>\n<!-- \/ Yoast SEO plugin. -->","yoast_head_json":{"title":"Transporteur MC1210 - Viticulture","robots":{"index":"index","follow":"follow","max-snippet":"max-snippet:-1","max-image-preview":"max-image-preview:large","max-video-preview":"max-video-preview:-1"},"canonical":"https:\/\/origin-yeu.yanmar.com\/fr\/viticulture\/transporteur-mc1210\/","og_locale":"fr_FR","og_type":"article","og_title":"Transporteur MC1210 - Viticulture","og_description":"Allez o\u00f9 vous voulez, transportez ce que vous voulez Avec des capacit\u00e9s de transport de 500 kilogrammes, le Yanmar MC 1210 offre une solution de transporteur \u00e0 chenilles compacte mais [&hellip;]","og_url":"https:\/\/origin-yeu.yanmar.com\/fr\/viticulture\/transporteur-mc1210\/","og_site_name":"Viticulture","article_publisher":"https:\/\/www.facebook.com\/profile.php?id=100073367932751","article_modified_time":"2025-06-02T08:19:28+00:00","og_image":[{"width":1110,"height":666,"url":"https:\/\/www.yanmar.com\/fr\/viticulture\/wp-content\/uploads\/sites\/17\/2024\/04\/tarnsporter_1110x666-1.jpg","type":"image\/jpeg"}],"twitter_card":"summary_large_image","twitter_misc":{"Dur\u00e9e de lecture estim\u00e9e":"4 minutes"},"schema":{"@context":"https:\/\/schema.org","@graph":[{"@type":"WebPage","@id":"https:\/\/origin-yeu.yanmar.com\/fr\/viticulture\/transporteur-mc1210\/","url":"https:\/\/origin-yeu.yanmar.com\/fr\/viticulture\/transporteur-mc1210\/","name":"Transporteur MC1210 - Viticulture","isPartOf":{"@id":"https:\/\/origin-yeu.yanmar.com\/eu\/robot-vigne\/#website"},"primaryImageOfPage":{"@id":"https:\/\/origin-yeu.yanmar.com\/fr\/viticulture\/transporteur-mc1210\/#primaryimage"},"image":{"@id":"https:\/\/origin-yeu.yanmar.com\/fr\/viticulture\/transporteur-mc1210\/#primaryimage"},"thumbnailUrl":"https:\/\/origin-yeu.yanmar.com\/fr\/viticulture\/wp-content\/uploads\/sites\/17\/2024\/04\/tarnsporter_1110x666-1.jpg","datePublished":"2024-04-15T15:34:47+00:00","dateModified":"2025-06-02T08:19:28+00:00","breadcrumb":{"@id":"https:\/\/origin-yeu.yanmar.com\/fr\/viticulture\/transporteur-mc1210\/#breadcrumb"},"inLanguage":"fr-FR","potentialAction":[{"@type":"ReadAction","target":["https:\/\/origin-yeu.yanmar.com\/fr\/viticulture\/transporteur-mc1210\/"]}]},{"@type":"ImageObject","inLanguage":"fr-FR","@id":"https:\/\/origin-yeu.yanmar.com\/fr\/viticulture\/transporteur-mc1210\/#primaryimage","url":"https:\/\/origin-yeu.yanmar.com\/fr\/viticulture\/wp-content\/uploads\/sites\/17\/2024\/04\/tarnsporter_1110x666-1.jpg","contentUrl":"https:\/\/origin-yeu.yanmar.com\/fr\/viticulture\/wp-content\/uploads\/sites\/17\/2024\/04\/tarnsporter_1110x666-1.jpg"},{"@type":"BreadcrumbList","@id":"https:\/\/origin-yeu.yanmar.com\/fr\/viticulture\/transporteur-mc1210\/#breadcrumb","itemListElement":[{"@type":"ListItem","position":1,"name":"Home","item":"https:\/\/origin-yeu.yanmar.com\/fr\/viticulture\/"},{"@type":"ListItem","position":2,"name":"transporteur-MC1210"}]},{"@type":"WebSite","@id":"https:\/\/origin-yeu.yanmar.com\/eu\/robot-vigne\/#website","url":"https:\/\/origin-yeu.yanmar.com\/eu\/robot-vigne\/","name":"Yanmar Vineyard Solutions","description":"","publisher":{"@id":"https:\/\/origin-yeu.yanmar.com\/eu\/robot-vigne\/#organization"},"potentialAction":[{"@type":"SearchAction","target":{"@type":"EntryPoint","urlTemplate":"https:\/\/origin-yeu.yanmar.com\/eu\/robot-vigne\/?s={search_term_string}"},"query-input":{"@type":"PropertyValueSpecification","valueRequired":true,"valueName":"search_term_string"}}],"inLanguage":"fr-FR"},{"@type":"Organization","@id":"https:\/\/origin-yeu.yanmar.com\/eu\/robot-vigne\/#organization","name":"Yanmar Vineyard Solutions","url":"https:\/\/origin-yeu.yanmar.com\/eu\/robot-vigne\/","logo":{"@type":"ImageObject","inLanguage":"fr-FR","@id":"https:\/\/origin-yeu.yanmar.com\/eu\/robot-vigne\/#\/schema\/logo\/image\/","url":"https:\/\/origin-yeu.yanmar.com\/fr\/viticulture\/wp-content\/uploads\/sites\/17\/2023\/12\/Y_newcolor_FLYING-Y_vertical.png","contentUrl":"https:\/\/origin-yeu.yanmar.com\/fr\/viticulture\/wp-content\/uploads\/sites\/17\/2023\/12\/Y_newcolor_FLYING-Y_vertical.png","width":1361,"height":999,"caption":"Yanmar Vineyard Solutions"},"image":{"@id":"https:\/\/origin-yeu.yanmar.com\/eu\/robot-vigne\/#\/schema\/logo\/image\/"},"sameAs":["https:\/\/www.facebook.com\/profile.php?id=100073367932751","https:\/\/www.linkedin.com\/company\/84954557\/","https:\/\/www.instagram.com\/yanmar_vineyard_solutions\/"]}]}},"_links":{"self":[{"href":"https:\/\/www.yanmar.com\/fr\/viticulture\/wp-json\/wp\/v2\/pages\/550","targetHints":{"allow":["GET"]}}],"collection":[{"href":"https:\/\/www.yanmar.com\/fr\/viticulture\/wp-json\/wp\/v2\/pages"}],"about":[{"href":"https:\/\/www.yanmar.com\/fr\/viticulture\/wp-json\/wp\/v2\/types\/page"}],"author":[{"embeddable":true,"href":"https:\/\/www.yanmar.com\/fr\/viticulture\/wp-json\/wp\/v2\/users\/25"}],"replies":[{"embeddable":true,"href":"https:\/\/www.yanmar.com\/fr\/viticulture\/wp-json\/wp\/v2\/comments?post=550"}],"version-history":[{"count":22,"href":"https:\/\/www.yanmar.com\/fr\/viticulture\/wp-json\/wp\/v2\/pages\/550\/revisions"}],"predecessor-version":[{"id":1178,"href":"https:\/\/www.yanmar.com\/fr\/viticulture\/wp-json\/wp\/v2\/pages\/550\/revisions\/1178"}],"wp:attachment":[{"href":"https:\/\/www.yanmar.com\/fr\/viticulture\/wp-json\/wp\/v2\/media?parent=550"}],"curies":[{"name":"wp","href":"https:\/\/api.w.org\/{rel}","templated":true}]}}