{"id":608,"date":"2024-04-15T16:12:08","date_gmt":"2024-04-15T16:12:08","guid":{"rendered":"https:\/\/www.yanmar.com\/fr\/viticulture\/?page_id=608"},"modified":"2024-04-15T16:21:39","modified_gmt":"2024-04-15T16:21:39","slug":"a-propos","status":"publish","type":"page","link":"https:\/\/www.yanmar.com\/fr\/viticulture\/a-propos\/","title":{"rendered":"\u00c0 propos"},"content":{"rendered":"\n<div style=\"height:15px\" aria-hidden=\"true\" class=\"wp-block-spacer\"><\/div>\n\n\n\n<h2 class=\"wp-block-heading has-text-align-center\" style=\"font-style:normal;font-weight:100;text-transform:uppercase\">Yanmar, un d\u00e9veloppement pour l&rsquo;Homme<\/h2>\n\n\n\n<div class=\"wp-block-media-text is-stacked-on-mobile\"><figure class=\"wp-block-media-text__media\"><img decoding=\"async\" width=\"1000\" height=\"667\" src=\"https:\/\/www.yanmar.com\/fr\/viticulture\/wp-content\/uploads\/sites\/17\/2024\/04\/Y_V01Vigne_017_web.jpg\" alt=\"\" class=\"wp-image-609 size-full\" srcset=\"https:\/\/www.yanmar.com\/fr\/viticulture\/wp-content\/uploads\/sites\/17\/2024\/04\/Y_V01Vigne_017_web.jpg 1000w, https:\/\/www.yanmar.com\/fr\/viticulture\/wp-content\/uploads\/sites\/17\/2024\/04\/Y_V01Vigne_017_web-300x200.jpg 300w, https:\/\/www.yanmar.com\/fr\/viticulture\/wp-content\/uploads\/sites\/17\/2024\/04\/Y_V01Vigne_017_web-768x512.jpg 768w\" sizes=\"(max-width: 1000px) 100vw, 1000px\" \/><\/figure><div class=\"wp-block-media-text__content\">\n<p>Yanmar fournit des solutions de qualit\u00e9 sup\u00e9rieure \u00e0 ses clients du monde entier gr\u00e2ce \u00e0 un r\u00e9seau mondial de fabrication et de vente qui r\u00e9pond aux caract\u00e9ristiques et aux besoins de divers march\u00e9s.<\/p>\n\n\n\n<p>Yanmar fournit des solutions de qualit\u00e9 sup\u00e9rieure \u00e0 ses clients du monde entier gr\u00e2ce \u00e0 un r\u00e9seau mondial de fabrication et de vente qui r\u00e9pond aux caract\u00e9ristiques et aux besoins de divers march\u00e9s.<\/p>\n\n\n\n<p>Notre domaine d\u2019activit\u00e9 est la Terre elle-m\u00eame.<\/p>\n\n\n\n<p>Yanmar a constamment une utilisation efficace de l\u2019\u00e9nergie dans les divers domaines de la terre, de la mer et de la ville, gr\u00e2ce \u00e0 sa technologie de pointe.<\/p>\n<\/div><\/div>\n\n\n\n<div class=\"wp-block-media-text has-media-on-the-right is-stacked-on-mobile\"><div class=\"wp-block-media-text__content\">\n<p>En 2012, \u00e0 l\u2019occasion du 100e anniversaire de sa fondation, Yanmar cr\u00e9e son \u00e9nonc\u00e9 de mission pour d\u00e9finir son r\u00f4le dans la soci\u00e9t\u00e9 et continue de d\u00e9velopper des solutions en production alimentaire et en exploitation de l\u2019energie. Puis, en 2016, Yanmar \u00e9tabli sa nouvelle d\u00e9claration de marque : \u00ab&nbsp;<strong>UN AVENIR DURABLE\u2013&nbsp;Une nouvelle valeur gr\u00e2ce \u00e0 la technologie<\/strong>&nbsp;\u00bb, vers une soci\u00e9t\u00e9 de recyclage des ressources plus durable.<\/p>\n<\/div><figure class=\"wp-block-media-text__media\"><img decoding=\"async\" width=\"1024\" height=\"582\" src=\"https:\/\/www.yanmar.com\/fr\/viticulture\/wp-content\/uploads\/sites\/17\/2024\/04\/YV01_1900x1080-2-1024x582.jpg\" alt=\"\" class=\"wp-image-619 size-full\" srcset=\"https:\/\/www.yanmar.com\/fr\/viticulture\/wp-content\/uploads\/sites\/17\/2024\/04\/YV01_1900x1080-2-1024x582.jpg 1024w, https:\/\/www.yanmar.com\/fr\/viticulture\/wp-content\/uploads\/sites\/17\/2024\/04\/YV01_1900x1080-2-300x171.jpg 300w, https:\/\/www.yanmar.com\/fr\/viticulture\/wp-content\/uploads\/sites\/17\/2024\/04\/YV01_1900x1080-2-768x437.jpg 768w, https:\/\/www.yanmar.com\/fr\/viticulture\/wp-content\/uploads\/sites\/17\/2024\/04\/YV01_1900x1080-2-1536x873.jpg 1536w, https:\/\/www.yanmar.com\/fr\/viticulture\/wp-content\/uploads\/sites\/17\/2024\/04\/YV01_1900x1080-2.jpg 1900w\" sizes=\"(max-width: 1024px) 100vw, 1024px\" \/><\/figure><\/div>\n\n\n\n<div class=\"wp-block-media-text is-stacked-on-mobile\"><figure class=\"wp-block-media-text__media\"><img decoding=\"async\" width=\"1000\" height=\"667\" src=\"https:\/\/www.yanmar.com\/fr\/viticulture\/wp-content\/uploads\/sites\/17\/2024\/04\/Y_V01Vigne_018_web.jpg\" alt=\"\" class=\"wp-image-617 size-full\" srcset=\"https:\/\/www.yanmar.com\/fr\/viticulture\/wp-content\/uploads\/sites\/17\/2024\/04\/Y_V01Vigne_018_web.jpg 1000w, https:\/\/www.yanmar.com\/fr\/viticulture\/wp-content\/uploads\/sites\/17\/2024\/04\/Y_V01Vigne_018_web-300x200.jpg 300w, https:\/\/www.yanmar.com\/fr\/viticulture\/wp-content\/uploads\/sites\/17\/2024\/04\/Y_V01Vigne_018_web-768x512.jpg 768w\" sizes=\"(max-width: 1000px) 100vw, 1000px\" \/><\/figure><div class=\"wp-block-media-text__content\">\n<p>Notre fondement de marque r\u00e9affirme l\u2019esprit dans lequel notre entreprise a \u00e9t\u00e9 cr\u00e9\u00e9e il y a plus d\u2019un si\u00e8cle. Cet esprit, nous guide toujours vers des r\u00e9ponses efficaces aux divers d\u00e9fis et besoins de la soci\u00e9t\u00e9 moderne alors que nous contribuons au d\u00e9veloppement social.<\/p>\n<\/div><\/div>\n\n\n\n<div class=\"wp-block-group\"><div class=\"wp-block-group__inner-container is-layout-constrained wp-block-group-is-layout-constrained\">\n<div class=\"wp-block-group\"><div class=\"wp-block-group__inner-container is-layout-constrained wp-block-group-is-layout-constrained\">\n<h2 class=\"wp-block-heading has-text-align-left\" style=\"font-size:50px;font-style:normal;font-weight:100\">Nos actualit\u00e9s<\/h2>\n\n\n\n<div class=\"wp-block-columns is-layout-flex wp-container-core-columns-is-layout-9d6595d7 wp-block-columns-is-layout-flex\">\n<div class=\"wp-block-column is-vertically-aligned-stretch is-layout-flow wp-block-column-is-layout-flow\" style=\"flex-basis:33.34%\">\n\n\n\n<section class=\"b-block b-clickable-image u-no-margin\" data-block_a03c8ec061383f45a6e151e257562966>\n  <div class=\"b-clickable-image__media-wrapper\"><img decoding=\"async\" width=\"768\" height=\"576\" src=\"https:\/\/www.yanmar.com\/fr\/viticulture\/wp-content\/uploads\/sites\/17\/2024\/04\/recrutement-1-768x576.jpg\" class=\"wp-image b-clickable-image__media has-fit-cover\" alt=\"\" \/><\/div>\n\n  <div class=\"b-clickable-image__content\">\n    <div class=\"b-clickable-image__title\">\n      <span>Recrutement<\/span> <svg class=\"svg-icon\" width=\"28\" height=\"28\" aria-hidden=\"true\" role=\"img\" focusable=\"false\" xmlns=\"http:\/\/www.w3.org\/2000\/svg\" viewBox=\"0 0 20 20\"><path d=\"M9.163 4.516c0.418 0.408 4.502 4.695 4.502 4.695 0.223 0.219 0.335 0.504 0.335 0.789s-0.112 0.57-0.335 0.787c0 0-4.084 4.289-4.502 4.695-0.418 0.408-1.17 0.436-1.615 0-0.446-0.434-0.481-1.041 0-1.574l3.747-3.908-3.747-3.908c-0.481-0.533-0.446-1.141 0-1.576s1.197-0.409 1.615 0z\"><\/path><\/svg>\n    <\/div>\n        <div class=\"b-clickable-image__copy\">\n      Rejoignez-nous !\n    <\/div>\n      <\/div>\n      <a class=\"b-clickable-image__link\" href=\"https:\/\/www.yanmar.com\/fr\/viticulture\/recrutement\/\">\n      <span class=\"u-hidden-visually\">\n        Read more\n      <\/span>\n    <\/a>\n  <\/section>\n\n<style>\n  [data-block_a03c8ec061383f45a6e151e257562966] {\n    min-height: 550px;\n  }\n\n      \n  @media (max-width: 1023.98px) {\n    [data-block_a03c8ec061383f45a6e151e257562966] {\n      min-height: 440px;\n    }\n  }\n  @media (max-width: 767.98px) {\n    [data-block_a03c8ec061383f45a6e151e257562966] {\n      min-height: 366.66666666667px;\n    }\n  }\n  @media (max-width: 639.98px) {\n    [data-block_a03c8ec061383f45a6e151e257562966] {\n      min-height: 275px;\n    }\n  }\n\n    @media (max-width: 479.98px) {\n    [data-block_a03c8ec061383f45a6e151e257562966] {\n      min-height: 240px;\n    }\n  }\n  <\/style>\n<\/div>\n\n\n\n<div class=\"wp-block-column is-vertically-aligned-stretch is-layout-flow wp-block-column-is-layout-flow\" style=\"flex-basis:33.34%\">\n\n\n\n<section class=\"b-block b-clickable-image u-no-margin\" data-block_940d2395f0faba7eb192923b6b898e52>\n  <div class=\"b-clickable-image__media-wrapper\"><img decoding=\"async\" width=\"768\" height=\"576\" src=\"https:\/\/www.yanmar.com\/fr\/viticulture\/wp-content\/uploads\/sites\/17\/2024\/04\/absolutvision-WYd_PkCa1BY-unsplash-768x576.jpg\" class=\"wp-image b-clickable-image__media has-fit-cover\" alt=\"\" \/><\/div>\n\n  <div class=\"b-clickable-image__content\">\n    <div class=\"b-clickable-image__title\">\n      <span>Point presse<\/span> <svg class=\"svg-icon\" width=\"28\" height=\"28\" aria-hidden=\"true\" role=\"img\" focusable=\"false\" xmlns=\"http:\/\/www.w3.org\/2000\/svg\" viewBox=\"0 0 20 20\"><path d=\"M9.163 4.516c0.418 0.408 4.502 4.695 4.502 4.695 0.223 0.219 0.335 0.504 0.335 0.789s-0.112 0.57-0.335 0.787c0 0-4.084 4.289-4.502 4.695-0.418 0.408-1.17 0.436-1.615 0-0.446-0.434-0.481-1.041 0-1.574l3.747-3.908-3.747-3.908c-0.481-0.533-0.446-1.141 0-1.576s1.197-0.409 1.615 0z\"><\/path><\/svg>\n    <\/div>\n        <div class=\"b-clickable-image__copy\">\n      Ils parlent de nous\n    <\/div>\n      <\/div>\n      <a class=\"b-clickable-image__link\" href=\"https:\/\/www.yanmar.com\/fr\/viticulture\/actualites\/ils-parlent-de-nous\/\">\n      <span class=\"u-hidden-visually\">\n        Read more\n      <\/span>\n    <\/a>\n  <\/section>\n\n<style>\n  [data-block_940d2395f0faba7eb192923b6b898e52] {\n    min-height: 550px;\n  }\n\n      \n  @media (max-width: 1023.98px) {\n    [data-block_940d2395f0faba7eb192923b6b898e52] {\n      min-height: 440px;\n    }\n  }\n  @media (max-width: 767.98px) {\n    [data-block_940d2395f0faba7eb192923b6b898e52] {\n      min-height: 366.66666666667px;\n    }\n  }\n  @media (max-width: 639.98px) {\n    [data-block_940d2395f0faba7eb192923b6b898e52] {\n      min-height: 275px;\n    }\n  }\n\n    @media (max-width: 479.98px) {\n    [data-block_940d2395f0faba7eb192923b6b898e52] {\n      min-height: 240px;\n    }\n  }\n  <\/style>\n<\/div>\n\n\n\n<div class=\"wp-block-column is-layout-flow wp-block-column-is-layout-flow\" style=\"flex-basis:33.33%\">\n\n\n\n<section class=\"b-block b-clickable-image u-no-margin\" data-block_9223d6d8c3d0a8d6145422d04502bedb>\n  <div class=\"b-clickable-image__media-wrapper\"><img decoding=\"async\" width=\"768\" height=\"576\" src=\"https:\/\/www.yanmar.com\/fr\/viticulture\/wp-content\/uploads\/sites\/17\/2024\/04\/AdobeStock_127394625-e1712649527998-768x576.jpeg\" class=\"wp-image b-clickable-image__media has-fit-cover\" alt=\"\" \/><\/div>\n\n  <div class=\"b-clickable-image__content\">\n    <div class=\"b-clickable-image__title\">\n      <span>\u00c9v\u00e8nements<\/span> <svg class=\"svg-icon\" width=\"28\" height=\"28\" aria-hidden=\"true\" role=\"img\" focusable=\"false\" xmlns=\"http:\/\/www.w3.org\/2000\/svg\" viewBox=\"0 0 20 20\"><path d=\"M9.163 4.516c0.418 0.408 4.502 4.695 4.502 4.695 0.223 0.219 0.335 0.504 0.335 0.789s-0.112 0.57-0.335 0.787c0 0-4.084 4.289-4.502 4.695-0.418 0.408-1.17 0.436-1.615 0-0.446-0.434-0.481-1.041 0-1.574l3.747-3.908-3.747-3.908c-0.481-0.533-0.446-1.141 0-1.576s1.197-0.409 1.615 0z\"><\/path><\/svg>\n    <\/div>\n        <div class=\"b-clickable-image__copy\">\n      O\u00f9 nous retrouver\n    <\/div>\n      <\/div>\n      <a class=\"b-clickable-image__link\" href=\"https:\/\/www.yanmar.com\/fr\/viticulture\/actualites\/evenements-a-venir\/\">\n      <span class=\"u-hidden-visually\">\n        Read more\n      <\/span>\n    <\/a>\n  <\/section>\n\n<style>\n  [data-block_9223d6d8c3d0a8d6145422d04502bedb] {\n    min-height: 550px;\n  }\n\n      \n  @media (max-width: 1023.98px) {\n    [data-block_9223d6d8c3d0a8d6145422d04502bedb] {\n      min-height: 440px;\n    }\n  }\n  @media (max-width: 767.98px) {\n    [data-block_9223d6d8c3d0a8d6145422d04502bedb] {\n      min-height: 366.66666666667px;\n    }\n  }\n  @media (max-width: 639.98px) {\n    [data-block_9223d6d8c3d0a8d6145422d04502bedb] {\n      min-height: 275px;\n    }\n  }\n\n    @media (max-width: 479.98px) {\n    [data-block_9223d6d8c3d0a8d6145422d04502bedb] {\n      min-height: 240px;\n    }\n  }\n  <\/style>\n<\/div>\n<\/div>\n<\/div><\/div>\n<\/div><\/div>\n\n\n\n<div style=\"height:20px\" aria-hidden=\"true\" class=\"wp-block-spacer\"><\/div>\n\n\n\n<div class=\"wp-block-group\"><div class=\"wp-block-group__inner-container is-layout-constrained wp-block-group-is-layout-constrained\">\n\n    <section class=\"b-block\n  b-reusable-block\">\n    \n<div class=\"wp-block-media-text is-stacked-on-mobile has-background\" style=\"background-color:#e5e5e5\"><figure class=\"wp-block-media-text__media\"><img decoding=\"async\" width=\"1024\" height=\"683\" src=\"https:\/\/www.yanmar.com\/fr\/viticulture\/wp-content\/uploads\/sites\/17\/2024\/04\/AdobeStock_159264537-scaled-1-1024x683.jpeg\" alt=\"\" class=\"wp-image-495 size-full\" srcset=\"https:\/\/www.yanmar.com\/fr\/viticulture\/wp-content\/uploads\/sites\/17\/2024\/04\/AdobeStock_159264537-scaled-1-1024x683.jpeg 1024w, https:\/\/www.yanmar.com\/fr\/viticulture\/wp-content\/uploads\/sites\/17\/2024\/04\/AdobeStock_159264537-scaled-1-300x200.jpeg 300w, https:\/\/www.yanmar.com\/fr\/viticulture\/wp-content\/uploads\/sites\/17\/2024\/04\/AdobeStock_159264537-scaled-1-768x512.jpeg 768w, https:\/\/www.yanmar.com\/fr\/viticulture\/wp-content\/uploads\/sites\/17\/2024\/04\/AdobeStock_159264537-scaled-1-1536x1025.jpeg 1536w, https:\/\/www.yanmar.com\/fr\/viticulture\/wp-content\/uploads\/sites\/17\/2024\/04\/AdobeStock_159264537-scaled-1-2048x1366.jpeg 2048w\" sizes=\"(max-width: 1024px) 100vw, 1024px\" \/><\/figure><div class=\"wp-block-media-text__content\">\n<h4 class=\"wp-block-heading has-text-align-center\">Questions et assistance<\/h4>\n\n\n\n<p class=\"has-text-align-center\">N&rsquo;h\u00e9sitez pas \u00e0 nous contacter pour toute question sur nos produits.<\/p>\n\n\n\n<div class=\"wp-block-buttons is-content-justification-center is-layout-flex wp-container-core-buttons-is-layout-16018d1d wp-block-buttons-is-layout-flex\">\n<div class=\"wp-block-button\"><a class=\"wp-block-button__link has-text-align-center wp-element-button\" href=\"https:\/\/www.yanmar.com\/fr\/viticulture\/nous-contacter\/\">Nous contacter<\/a><\/div>\n<\/div>\n<\/div><\/div>\n\n  <\/section>\n\n<\/div><\/div>\n","protected":false},"excerpt":{"rendered":"<p>Yanmar, un d\u00e9veloppement pour l&rsquo;Homme Yanmar fournit des solutions de qualit\u00e9 sup\u00e9rieure \u00e0 ses clients du monde entier gr\u00e2ce \u00e0 un r\u00e9seau mondial de fabrication et de vente qui r\u00e9pond [&hellip;]<\/p>\n","protected":false},"author":25,"featured_media":0,"parent":0,"menu_order":0,"comment_status":"closed","ping_status":"closed","template":"","meta":{"_acf_changed":false,"footnotes":""},"class_list":["post-608","page","type-page","status-publish","hentry"],"acf":[],"yoast_head":"<!-- This site is optimized with the Yoast SEO plugin v27.3 - https:\/\/yoast.com\/product\/yoast-seo-wordpress\/ -->\n<title>\u00c0 propos - Viticulture<\/title>\n<meta name=\"robots\" content=\"index, follow, max-snippet:-1, max-image-preview:large, max-video-preview:-1\" \/>\n<link rel=\"canonical\" href=\"https:\/\/origin-yeu.yanmar.com\/fr\/viticulture\/a-propos\/\" \/>\n<meta property=\"og:locale\" content=\"fr_FR\" \/>\n<meta property=\"og:type\" content=\"article\" \/>\n<meta property=\"og:title\" content=\"\u00c0 propos - Viticulture\" \/>\n<meta property=\"og:description\" content=\"Yanmar, un d\u00e9veloppement pour l&rsquo;Homme Yanmar fournit des solutions de qualit\u00e9 sup\u00e9rieure \u00e0 ses clients du monde entier gr\u00e2ce \u00e0 un r\u00e9seau mondial de fabrication et de vente qui r\u00e9pond [&hellip;]\" \/>\n<meta property=\"og:url\" content=\"https:\/\/origin-yeu.yanmar.com\/fr\/viticulture\/a-propos\/\" \/>\n<meta property=\"og:site_name\" content=\"Viticulture\" \/>\n<meta property=\"article:publisher\" content=\"https:\/\/www.facebook.com\/profile.php?id=100073367932751\" \/>\n<meta property=\"article:modified_time\" content=\"2024-04-15T16:21:39+00:00\" \/>\n<meta property=\"og:image\" content=\"https:\/\/origin-yeu.yanmar.com\/fr\/viticulture\/wp-content\/uploads\/sites\/17\/2024\/04\/Y_V01Vigne_017_web.jpg\" \/>\n<meta name=\"twitter:card\" content=\"summary_large_image\" \/>\n<meta name=\"twitter:label1\" content=\"Dur\u00e9e de lecture estim\u00e9e\" \/>\n\t<meta name=\"twitter:data1\" content=\"2 minutes\" \/>\n<!-- \/ Yoast SEO plugin. -->","yoast_head_json":{"title":"\u00c0 propos - Viticulture","robots":{"index":"index","follow":"follow","max-snippet":"max-snippet:-1","max-image-preview":"max-image-preview:large","max-video-preview":"max-video-preview:-1"},"canonical":"https:\/\/origin-yeu.yanmar.com\/fr\/viticulture\/a-propos\/","og_locale":"fr_FR","og_type":"article","og_title":"\u00c0 propos - Viticulture","og_description":"Yanmar, un d\u00e9veloppement pour l&rsquo;Homme Yanmar fournit des solutions de qualit\u00e9 sup\u00e9rieure \u00e0 ses clients du monde entier gr\u00e2ce \u00e0 un r\u00e9seau mondial de fabrication et de vente qui r\u00e9pond [&hellip;]","og_url":"https:\/\/origin-yeu.yanmar.com\/fr\/viticulture\/a-propos\/","og_site_name":"Viticulture","article_publisher":"https:\/\/www.facebook.com\/profile.php?id=100073367932751","article_modified_time":"2024-04-15T16:21:39+00:00","og_image":[{"url":"https:\/\/origin-yeu.yanmar.com\/fr\/viticulture\/wp-content\/uploads\/sites\/17\/2024\/04\/Y_V01Vigne_017_web.jpg","type":"","width":"","height":""}],"twitter_card":"summary_large_image","twitter_misc":{"Dur\u00e9e de lecture estim\u00e9e":"2 minutes"},"schema":{"@context":"https:\/\/schema.org","@graph":[{"@type":"WebPage","@id":"https:\/\/origin-yeu.yanmar.com\/fr\/viticulture\/a-propos\/","url":"https:\/\/origin-yeu.yanmar.com\/fr\/viticulture\/a-propos\/","name":"\u00c0 propos - Viticulture","isPartOf":{"@id":"https:\/\/origin-yeu.yanmar.com\/eu\/robot-vigne\/#website"},"primaryImageOfPage":{"@id":"https:\/\/origin-yeu.yanmar.com\/fr\/viticulture\/a-propos\/#primaryimage"},"image":{"@id":"https:\/\/origin-yeu.yanmar.com\/fr\/viticulture\/a-propos\/#primaryimage"},"thumbnailUrl":"https:\/\/origin-yeu.yanmar.com\/fr\/viticulture\/wp-content\/uploads\/sites\/17\/2024\/04\/Y_V01Vigne_017_web.jpg","datePublished":"2024-04-15T16:12:08+00:00","dateModified":"2024-04-15T16:21:39+00:00","breadcrumb":{"@id":"https:\/\/origin-yeu.yanmar.com\/fr\/viticulture\/a-propos\/#breadcrumb"},"inLanguage":"fr-FR","potentialAction":[{"@type":"ReadAction","target":["https:\/\/origin-yeu.yanmar.com\/fr\/viticulture\/a-propos\/"]}]},{"@type":"ImageObject","inLanguage":"fr-FR","@id":"https:\/\/origin-yeu.yanmar.com\/fr\/viticulture\/a-propos\/#primaryimage","url":"https:\/\/origin-yeu.yanmar.com\/fr\/viticulture\/wp-content\/uploads\/sites\/17\/2024\/04\/Y_V01Vigne_017_web.jpg","contentUrl":"https:\/\/origin-yeu.yanmar.com\/fr\/viticulture\/wp-content\/uploads\/sites\/17\/2024\/04\/Y_V01Vigne_017_web.jpg"},{"@type":"BreadcrumbList","@id":"https:\/\/origin-yeu.yanmar.com\/fr\/viticulture\/a-propos\/#breadcrumb","itemListElement":[{"@type":"ListItem","position":1,"name":"Home","item":"https:\/\/origin-yeu.yanmar.com\/fr\/viticulture\/"},{"@type":"ListItem","position":2,"name":"\u00c0 propos"}]},{"@type":"WebSite","@id":"https:\/\/origin-yeu.yanmar.com\/eu\/robot-vigne\/#website","url":"https:\/\/origin-yeu.yanmar.com\/eu\/robot-vigne\/","name":"Yanmar Vineyard Solutions","description":"","publisher":{"@id":"https:\/\/origin-yeu.yanmar.com\/eu\/robot-vigne\/#organization"},"potentialAction":[{"@type":"SearchAction","target":{"@type":"EntryPoint","urlTemplate":"https:\/\/origin-yeu.yanmar.com\/eu\/robot-vigne\/?s={search_term_string}"},"query-input":{"@type":"PropertyValueSpecification","valueRequired":true,"valueName":"search_term_string"}}],"inLanguage":"fr-FR"},{"@type":"Organization","@id":"https:\/\/origin-yeu.yanmar.com\/eu\/robot-vigne\/#organization","name":"Yanmar Vineyard Solutions","url":"https:\/\/origin-yeu.yanmar.com\/eu\/robot-vigne\/","logo":{"@type":"ImageObject","inLanguage":"fr-FR","@id":"https:\/\/origin-yeu.yanmar.com\/eu\/robot-vigne\/#\/schema\/logo\/image\/","url":"https:\/\/origin-yeu.yanmar.com\/fr\/viticulture\/wp-content\/uploads\/sites\/17\/2023\/12\/Y_newcolor_FLYING-Y_vertical.png","contentUrl":"https:\/\/origin-yeu.yanmar.com\/fr\/viticulture\/wp-content\/uploads\/sites\/17\/2023\/12\/Y_newcolor_FLYING-Y_vertical.png","width":1361,"height":999,"caption":"Yanmar Vineyard Solutions"},"image":{"@id":"https:\/\/origin-yeu.yanmar.com\/eu\/robot-vigne\/#\/schema\/logo\/image\/"},"sameAs":["https:\/\/www.facebook.com\/profile.php?id=100073367932751","https:\/\/www.linkedin.com\/company\/84954557\/","https:\/\/www.instagram.com\/yanmar_vineyard_solutions\/"]}]}},"_links":{"self":[{"href":"https:\/\/www.yanmar.com\/fr\/viticulture\/wp-json\/wp\/v2\/pages\/608","targetHints":{"allow":["GET"]}}],"collection":[{"href":"https:\/\/www.yanmar.com\/fr\/viticulture\/wp-json\/wp\/v2\/pages"}],"about":[{"href":"https:\/\/www.yanmar.com\/fr\/viticulture\/wp-json\/wp\/v2\/types\/page"}],"author":[{"embeddable":true,"href":"https:\/\/www.yanmar.com\/fr\/viticulture\/wp-json\/wp\/v2\/users\/25"}],"replies":[{"embeddable":true,"href":"https:\/\/www.yanmar.com\/fr\/viticulture\/wp-json\/wp\/v2\/comments?post=608"}],"version-history":[{"count":7,"href":"https:\/\/www.yanmar.com\/fr\/viticulture\/wp-json\/wp\/v2\/pages\/608\/revisions"}],"predecessor-version":[{"id":1109,"href":"https:\/\/www.yanmar.com\/fr\/viticulture\/wp-json\/wp\/v2\/pages\/608\/revisions\/1109"}],"wp:attachment":[{"href":"https:\/\/www.yanmar.com\/fr\/viticulture\/wp-json\/wp\/v2\/media?parent=608"}],"curies":[{"name":"wp","href":"https:\/\/api.w.org\/{rel}","templated":true}]}}