{"id":623,"date":"2024-04-15T16:13:52","date_gmt":"2024-04-15T16:13:52","guid":{"rendered":"https:\/\/www.yanmar.com\/fr\/viticulture\/?page_id=623"},"modified":"2024-04-15T16:23:44","modified_gmt":"2024-04-15T16:23:44","slug":"actualites","status":"publish","type":"page","link":"https:\/\/www.yanmar.com\/fr\/viticulture\/actualites\/","title":{"rendered":"Actualit\u00e9s"},"content":{"rendered":"\n<div class=\"wp-block-group\"><div class=\"wp-block-group__inner-container is-layout-constrained wp-block-group-is-layout-constrained\">\n<div class=\"wp-block-media-text is-stacked-on-mobile is-image-fill has-background\" style=\"background-color:#e4dfd7\"><figure class=\"wp-block-media-text__media\" style=\"background-image:url(https:\/\/www.yanmar.com\/fr\/viticulture\/wp-content\/uploads\/sites\/17\/2024\/04\/autre-1.png);background-position:50% 50%\"><a href=\"https:\/\/yeu-staging.yanmar-test.com\/fr\/viticulture\/evenements-a-venir\/\"><img decoding=\"async\" width=\"516\" height=\"516\" src=\"https:\/\/www.yanmar.com\/fr\/viticulture\/wp-content\/uploads\/sites\/17\/2024\/04\/autre-1.png\" alt=\"\" class=\"wp-image-547 size-full\" srcset=\"https:\/\/www.yanmar.com\/fr\/viticulture\/wp-content\/uploads\/sites\/17\/2024\/04\/autre-1.png 516w, https:\/\/www.yanmar.com\/fr\/viticulture\/wp-content\/uploads\/sites\/17\/2024\/04\/autre-1-300x300.png 300w, https:\/\/www.yanmar.com\/fr\/viticulture\/wp-content\/uploads\/sites\/17\/2024\/04\/autre-1-150x150.png 150w, https:\/\/www.yanmar.com\/fr\/viticulture\/wp-content\/uploads\/sites\/17\/2024\/04\/autre-1-480x480.png 480w\" sizes=\"(max-width: 516px) 100vw, 516px\" \/><\/a><\/figure><div class=\"wp-block-media-text__content\">\n<p class=\"has-text-align-center has-black-color has-text-color has-link-color has-large-font-size wp-elements-07ac24f3ce1cac2b852339b68a3b4586\"><a href=\"https:\/\/www.yanmar.com\/fr\/viticulture\/actualites\/evenements-a-venir\/\">NOS \u00c9V\u00c8NEMENTS \u00c0 VENIR<\/a><\/p>\n<\/div><\/div>\n\n\n\n<div class=\"wp-block-media-text has-media-on-the-right is-stacked-on-mobile is-image-fill has-background\" style=\"background-color:#e4dfd7\"><div class=\"wp-block-media-text__content\">\n<p class=\"has-text-align-center has-black-color has-text-color has-link-color has-large-font-size wp-elements-313f663dfc312fa178c9ceed6c437b0f\"><a href=\"https:\/\/www.yanmar.com\/fr\/viticulture\/actualites\/demonstrations\/\">NOS D\u00c9MOS PUBLIQUES<\/a><\/p>\n<\/div><figure class=\"wp-block-media-text__media\" style=\"background-image:url(https:\/\/www.yanmar.com\/fr\/viticulture\/wp-content\/uploads\/sites\/17\/2024\/01\/carousel-image-4-1024x576.png);background-position:50% 50%\"><a href=\"https:\/\/yeu-staging.yanmar-test.com\/fr\/viticulture\/actualites\/demonstrations\/\"><img decoding=\"async\" width=\"1024\" height=\"576\" src=\"https:\/\/www.yanmar.com\/fr\/viticulture\/wp-content\/uploads\/sites\/17\/2024\/01\/carousel-image-4-1024x576.png\" alt=\"\" class=\"wp-image-306 size-full\" srcset=\"https:\/\/www.yanmar.com\/fr\/viticulture\/wp-content\/uploads\/sites\/17\/2024\/01\/carousel-image-4-1024x576.png 1024w, https:\/\/www.yanmar.com\/fr\/viticulture\/wp-content\/uploads\/sites\/17\/2024\/01\/carousel-image-4-300x169.png 300w, https:\/\/www.yanmar.com\/fr\/viticulture\/wp-content\/uploads\/sites\/17\/2024\/01\/carousel-image-4-768x432.png 768w, https:\/\/www.yanmar.com\/fr\/viticulture\/wp-content\/uploads\/sites\/17\/2024\/01\/carousel-image-4.png 1110w\" sizes=\"(max-width: 1024px) 100vw, 1024px\" \/><\/a><\/figure><\/div>\n\n\n\n<div class=\"wp-block-media-text is-stacked-on-mobile is-image-fill has-background\" style=\"background-color:#e4dfd7\"><figure class=\"wp-block-media-text__media\" style=\"background-image:url(https:\/\/www.yanmar.com\/fr\/viticulture\/wp-content\/uploads\/sites\/17\/2023\/07\/img_index_11.jpg);background-position:50% 50%\"><a href=\"https:\/\/yeu-staging.yanmar-test.com\/fr\/viticulture\/actualites\/demonstrations\/\"><img decoding=\"async\" width=\"540\" height=\"270\" src=\"https:\/\/www.yanmar.com\/fr\/viticulture\/wp-content\/uploads\/sites\/17\/2023\/07\/img_index_11.jpg\" alt=\"\" class=\"wp-image-72 size-medium\" srcset=\"https:\/\/www.yanmar.com\/fr\/viticulture\/wp-content\/uploads\/sites\/17\/2023\/07\/img_index_11.jpg 540w, https:\/\/www.yanmar.com\/fr\/viticulture\/wp-content\/uploads\/sites\/17\/2023\/07\/img_index_11-300x150.jpg 300w, https:\/\/www.yanmar.com\/fr\/viticulture\/wp-content\/uploads\/sites\/17\/2023\/07\/img_index_11-220x110.jpg 220w\" sizes=\"(max-width: 540px) 100vw, 540px\" \/><\/a><\/figure><div class=\"wp-block-media-text__content\">\n<p class=\"has-text-align-center has-black-color has-text-color has-link-color has-large-font-size wp-elements-a7728c15a58d4634218cca0f05dae985\"><a href=\"https:\/\/www.yanmar.com\/fr\/viticulture\/actualites\/ils-parlent-de-nous\/\">LA PRESSE EN PARLE<\/a><\/p>\n<\/div><\/div>\n<\/div><\/div>\n","protected":false},"excerpt":{"rendered":"<p>NOS \u00c9V\u00c8NEMENTS \u00c0 VENIR NOS D\u00c9MOS PUBLIQUES LA PRESSE EN PARLE<\/p>\n","protected":false},"author":25,"featured_media":0,"parent":0,"menu_order":0,"comment_status":"closed","ping_status":"closed","template":"","meta":{"_acf_changed":false,"footnotes":""},"class_list":["post-623","page","type-page","status-publish","hentry"],"acf":[],"yoast_head":"<!-- This site is optimized with the Yoast SEO plugin v27.3 - https:\/\/yoast.com\/product\/yoast-seo-wordpress\/ -->\n<title>Actualit\u00e9s - Viticulture<\/title>\n<meta name=\"robots\" content=\"index, follow, max-snippet:-1, max-image-preview:large, max-video-preview:-1\" \/>\n<link rel=\"canonical\" href=\"https:\/\/origin-yeu.yanmar.com\/fr\/viticulture\/actualites\/\" \/>\n<meta property=\"og:locale\" content=\"fr_FR\" \/>\n<meta property=\"og:type\" content=\"article\" \/>\n<meta property=\"og:title\" content=\"Actualit\u00e9s - Viticulture\" \/>\n<meta property=\"og:description\" content=\"NOS \u00c9V\u00c8NEMENTS \u00c0 VENIR NOS D\u00c9MOS PUBLIQUES LA PRESSE EN PARLE\" \/>\n<meta property=\"og:url\" content=\"https:\/\/origin-yeu.yanmar.com\/fr\/viticulture\/actualites\/\" \/>\n<meta property=\"og:site_name\" content=\"Viticulture\" \/>\n<meta property=\"article:publisher\" content=\"https:\/\/www.facebook.com\/profile.php?id=100073367932751\" \/>\n<meta property=\"article:modified_time\" content=\"2024-04-15T16:23:44+00:00\" \/>\n<meta property=\"og:image\" content=\"https:\/\/origin-yeu.yanmar.com\/fr\/viticulture\/wp-content\/uploads\/sites\/17\/2024\/04\/autre-1.png\" \/>\n<meta name=\"twitter:card\" content=\"summary_large_image\" \/>\n<meta name=\"twitter:label1\" content=\"Dur\u00e9e de lecture estim\u00e9e\" \/>\n\t<meta name=\"twitter:data1\" content=\"1 minute\" \/>\n<!-- \/ Yoast SEO plugin. -->","yoast_head_json":{"title":"Actualit\u00e9s - Viticulture","robots":{"index":"index","follow":"follow","max-snippet":"max-snippet:-1","max-image-preview":"max-image-preview:large","max-video-preview":"max-video-preview:-1"},"canonical":"https:\/\/origin-yeu.yanmar.com\/fr\/viticulture\/actualites\/","og_locale":"fr_FR","og_type":"article","og_title":"Actualit\u00e9s - Viticulture","og_description":"NOS \u00c9V\u00c8NEMENTS \u00c0 VENIR NOS D\u00c9MOS PUBLIQUES LA PRESSE EN PARLE","og_url":"https:\/\/origin-yeu.yanmar.com\/fr\/viticulture\/actualites\/","og_site_name":"Viticulture","article_publisher":"https:\/\/www.facebook.com\/profile.php?id=100073367932751","article_modified_time":"2024-04-15T16:23:44+00:00","og_image":[{"url":"https:\/\/origin-yeu.yanmar.com\/fr\/viticulture\/wp-content\/uploads\/sites\/17\/2024\/04\/autre-1.png","type":"","width":"","height":""}],"twitter_card":"summary_large_image","twitter_misc":{"Dur\u00e9e de lecture estim\u00e9e":"1 minute"},"schema":{"@context":"https:\/\/schema.org","@graph":[{"@type":"WebPage","@id":"https:\/\/origin-yeu.yanmar.com\/fr\/viticulture\/actualites\/","url":"https:\/\/origin-yeu.yanmar.com\/fr\/viticulture\/actualites\/","name":"Actualit\u00e9s - Viticulture","isPartOf":{"@id":"https:\/\/origin-yeu.yanmar.com\/eu\/robot-vigne\/#website"},"primaryImageOfPage":{"@id":"https:\/\/origin-yeu.yanmar.com\/fr\/viticulture\/actualites\/#primaryimage"},"image":{"@id":"https:\/\/origin-yeu.yanmar.com\/fr\/viticulture\/actualites\/#primaryimage"},"thumbnailUrl":"https:\/\/origin-yeu.yanmar.com\/fr\/viticulture\/wp-content\/uploads\/sites\/17\/2024\/04\/autre-1.png","datePublished":"2024-04-15T16:13:52+00:00","dateModified":"2024-04-15T16:23:44+00:00","breadcrumb":{"@id":"https:\/\/origin-yeu.yanmar.com\/fr\/viticulture\/actualites\/#breadcrumb"},"inLanguage":"fr-FR","potentialAction":[{"@type":"ReadAction","target":["https:\/\/origin-yeu.yanmar.com\/fr\/viticulture\/actualites\/"]}]},{"@type":"ImageObject","inLanguage":"fr-FR","@id":"https:\/\/origin-yeu.yanmar.com\/fr\/viticulture\/actualites\/#primaryimage","url":"https:\/\/origin-yeu.yanmar.com\/fr\/viticulture\/wp-content\/uploads\/sites\/17\/2024\/04\/autre-1.png","contentUrl":"https:\/\/origin-yeu.yanmar.com\/fr\/viticulture\/wp-content\/uploads\/sites\/17\/2024\/04\/autre-1.png"},{"@type":"BreadcrumbList","@id":"https:\/\/origin-yeu.yanmar.com\/fr\/viticulture\/actualites\/#breadcrumb","itemListElement":[{"@type":"ListItem","position":1,"name":"Home","item":"https:\/\/origin-yeu.yanmar.com\/fr\/viticulture\/"},{"@type":"ListItem","position":2,"name":"Actualit\u00e9s"}]},{"@type":"WebSite","@id":"https:\/\/origin-yeu.yanmar.com\/eu\/robot-vigne\/#website","url":"https:\/\/origin-yeu.yanmar.com\/eu\/robot-vigne\/","name":"Yanmar Vineyard Solutions","description":"","publisher":{"@id":"https:\/\/origin-yeu.yanmar.com\/eu\/robot-vigne\/#organization"},"potentialAction":[{"@type":"SearchAction","target":{"@type":"EntryPoint","urlTemplate":"https:\/\/origin-yeu.yanmar.com\/eu\/robot-vigne\/?s={search_term_string}"},"query-input":{"@type":"PropertyValueSpecification","valueRequired":true,"valueName":"search_term_string"}}],"inLanguage":"fr-FR"},{"@type":"Organization","@id":"https:\/\/origin-yeu.yanmar.com\/eu\/robot-vigne\/#organization","name":"Yanmar Vineyard Solutions","url":"https:\/\/origin-yeu.yanmar.com\/eu\/robot-vigne\/","logo":{"@type":"ImageObject","inLanguage":"fr-FR","@id":"https:\/\/origin-yeu.yanmar.com\/eu\/robot-vigne\/#\/schema\/logo\/image\/","url":"https:\/\/origin-yeu.yanmar.com\/fr\/viticulture\/wp-content\/uploads\/sites\/17\/2023\/12\/Y_newcolor_FLYING-Y_vertical.png","contentUrl":"https:\/\/origin-yeu.yanmar.com\/fr\/viticulture\/wp-content\/uploads\/sites\/17\/2023\/12\/Y_newcolor_FLYING-Y_vertical.png","width":1361,"height":999,"caption":"Yanmar Vineyard Solutions"},"image":{"@id":"https:\/\/origin-yeu.yanmar.com\/eu\/robot-vigne\/#\/schema\/logo\/image\/"},"sameAs":["https:\/\/www.facebook.com\/profile.php?id=100073367932751","https:\/\/www.linkedin.com\/company\/84954557\/","https:\/\/www.instagram.com\/yanmar_vineyard_solutions\/"]}]}},"_links":{"self":[{"href":"https:\/\/www.yanmar.com\/fr\/viticulture\/wp-json\/wp\/v2\/pages\/623","targetHints":{"allow":["GET"]}}],"collection":[{"href":"https:\/\/www.yanmar.com\/fr\/viticulture\/wp-json\/wp\/v2\/pages"}],"about":[{"href":"https:\/\/www.yanmar.com\/fr\/viticulture\/wp-json\/wp\/v2\/types\/page"}],"author":[{"embeddable":true,"href":"https:\/\/www.yanmar.com\/fr\/viticulture\/wp-json\/wp\/v2\/users\/25"}],"replies":[{"embeddable":true,"href":"https:\/\/www.yanmar.com\/fr\/viticulture\/wp-json\/wp\/v2\/comments?post=623"}],"version-history":[{"count":10,"href":"https:\/\/www.yanmar.com\/fr\/viticulture\/wp-json\/wp\/v2\/pages\/623\/revisions"}],"predecessor-version":[{"id":752,"href":"https:\/\/www.yanmar.com\/fr\/viticulture\/wp-json\/wp\/v2\/pages\/623\/revisions\/752"}],"wp:attachment":[{"href":"https:\/\/www.yanmar.com\/fr\/viticulture\/wp-json\/wp\/v2\/media?parent=623"}],"curies":[{"name":"wp","href":"https:\/\/api.w.org\/{rel}","templated":true}]}}