{"id":627,"date":"2024-04-15T16:15:07","date_gmt":"2024-04-15T16:15:07","guid":{"rendered":"https:\/\/www.yanmar.com\/fr\/viticulture\/?page_id=627"},"modified":"2024-04-15T16:16:34","modified_gmt":"2024-04-15T16:16:34","slug":"evenements-a-venir","status":"publish","type":"page","link":"https:\/\/www.yanmar.com\/fr\/viticulture\/actualites\/evenements-a-venir\/","title":{"rendered":"\u00c9v\u00e8nements \u00e0 venir"},"content":{"rendered":"<div class=\"gb-container gb-container-6ab3bc87\">\n<div class=\"event_listings\" data-location=\"\" data-keywords=\"\" data-show_filters=\"false\" data-show_pagination=\"false\" data-per_page=\"6\" data-orderby=\"event_start_date\" data-order=\"ASC\" data-datetimes=\"\" data-categories=\"\" data-event_types=\"\" data-ticket_prices=\"\" data-event_online=\"\" ><div class=\"wpem-main wpem-event-listings-header\">\n    <div class=\"wpem-row\">\n        <div class=\"wpem-col wpem-col-12 wpem-col-sm-6 wpem-col-md-6 wpem-col-lg-8\">\n            <div class=\"wpem-event-listing-header-title\">\n                                    <h2 class=\"wpem-heading-text\">\u00c9v\u00e8nements<\/h2>\n                            <\/div>\n        <\/div>\n        <div class=\"wpem-col wpem-col-12 wpem-col-sm-6 wpem-col-md-6 wpem-col-lg-4\">\n            <div class=\"wpem-event-layout-action-wrapper\">\n                <div class=\"wpem-event-layout-action\">\n                                                                    <div class=\"wpem-event-layout-icon wpem-event-box-layout\" title=\"Vue en bo\u00eete d\u2019\u00e9v\u00e8nements\" id=\"wpem-event-box-layout\"><i class=\"wpem-icon-stop2\"><\/i><\/div>\n                        <div class=\"wpem-event-layout-icon wpem-event-list-layout wpem-active-layout\" title=\"Vue en liste des \u00e9v\u00e8nements\" id=\"wpem-event-list-layout\"><i class=\"wpem-icon-menu\"><\/i><\/div>\n                                                            <\/div>\n            <\/div>\n        <\/div>\n    <\/div>\n<\/div>\n\n<!-- Event listing view -->\n<div class=\"event_listings_main\">\n    <div id=\"event-listing-view\" class=\"wpem-main wpem-event-listings event_listings wpem-event-listing-list-view\" data-id=\"all\">\t\t\t\t<div class=\"no_event_listings_found wpem-alert wpem-alert-danger wpem-mb-0\">Il n\u2019y a actuellement aucun \u00e9v\u00e8nement.<\/div>\n\t\t\t<\/div>\n<\/div><\/div>\n\n<\/div>","protected":false},"excerpt":{"rendered":"","protected":false},"author":25,"featured_media":0,"parent":623,"menu_order":0,"comment_status":"closed","ping_status":"closed","template":"page-templates\/fixed-width.php","meta":{"_acf_changed":false,"footnotes":""},"class_list":["post-627","page","type-page","status-publish","hentry"],"acf":[],"yoast_head":"<!-- This site is optimized with the Yoast SEO plugin v27.3 - https:\/\/yoast.com\/product\/yoast-seo-wordpress\/ -->\n<title>\u00c9v\u00e8nements \u00e0 venir - Viticulture<\/title>\n<meta name=\"robots\" content=\"index, follow, max-snippet:-1, max-image-preview:large, max-video-preview:-1\" \/>\n<link rel=\"canonical\" href=\"https:\/\/origin-yeu.yanmar.com\/fr\/viticulture\/actualites\/evenements-a-venir\/\" \/>\n<meta property=\"og:locale\" content=\"fr_FR\" \/>\n<meta property=\"og:type\" content=\"article\" \/>\n<meta property=\"og:title\" content=\"\u00c9v\u00e8nements \u00e0 venir - Viticulture\" \/>\n<meta property=\"og:url\" content=\"https:\/\/origin-yeu.yanmar.com\/fr\/viticulture\/actualites\/evenements-a-venir\/\" \/>\n<meta property=\"og:site_name\" content=\"Viticulture\" \/>\n<meta property=\"article:publisher\" content=\"https:\/\/www.facebook.com\/profile.php?id=100073367932751\" \/>\n<meta property=\"article:modified_time\" content=\"2024-04-15T16:16:34+00:00\" \/>\n<meta name=\"twitter:card\" content=\"summary_large_image\" \/>\n<meta name=\"twitter:label1\" content=\"Dur\u00e9e de lecture estim\u00e9e\" \/>\n\t<meta name=\"twitter:data1\" content=\"1 minute\" \/>\n<!-- \/ Yoast SEO plugin. -->","yoast_head_json":{"title":"\u00c9v\u00e8nements \u00e0 venir - Viticulture","robots":{"index":"index","follow":"follow","max-snippet":"max-snippet:-1","max-image-preview":"max-image-preview:large","max-video-preview":"max-video-preview:-1"},"canonical":"https:\/\/origin-yeu.yanmar.com\/fr\/viticulture\/actualites\/evenements-a-venir\/","og_locale":"fr_FR","og_type":"article","og_title":"\u00c9v\u00e8nements \u00e0 venir - Viticulture","og_url":"https:\/\/origin-yeu.yanmar.com\/fr\/viticulture\/actualites\/evenements-a-venir\/","og_site_name":"Viticulture","article_publisher":"https:\/\/www.facebook.com\/profile.php?id=100073367932751","article_modified_time":"2024-04-15T16:16:34+00:00","twitter_card":"summary_large_image","twitter_misc":{"Dur\u00e9e de lecture estim\u00e9e":"1 minute"},"schema":{"@context":"https:\/\/schema.org","@graph":[{"@type":"WebPage","@id":"https:\/\/origin-yeu.yanmar.com\/fr\/viticulture\/actualites\/evenements-a-venir\/","url":"https:\/\/origin-yeu.yanmar.com\/fr\/viticulture\/actualites\/evenements-a-venir\/","name":"\u00c9v\u00e8nements \u00e0 venir - Viticulture","isPartOf":{"@id":"https:\/\/origin-yeu.yanmar.com\/eu\/robot-vigne\/#website"},"datePublished":"2024-04-15T16:15:07+00:00","dateModified":"2024-04-15T16:16:34+00:00","breadcrumb":{"@id":"https:\/\/origin-yeu.yanmar.com\/fr\/viticulture\/actualites\/evenements-a-venir\/#breadcrumb"},"inLanguage":"fr-FR","potentialAction":[{"@type":"ReadAction","target":["https:\/\/origin-yeu.yanmar.com\/fr\/viticulture\/actualites\/evenements-a-venir\/"]}]},{"@type":"BreadcrumbList","@id":"https:\/\/origin-yeu.yanmar.com\/fr\/viticulture\/actualites\/evenements-a-venir\/#breadcrumb","itemListElement":[{"@type":"ListItem","position":1,"name":"Home","item":"https:\/\/origin-yeu.yanmar.com\/fr\/viticulture\/"},{"@type":"ListItem","position":2,"name":"Actualit\u00e9s","item":"https:\/\/origin-yeu.yanmar.com\/fr\/viticulture\/actualites\/"},{"@type":"ListItem","position":3,"name":"\u00c9v\u00e8nements \u00e0 venir"}]},{"@type":"WebSite","@id":"https:\/\/origin-yeu.yanmar.com\/eu\/robot-vigne\/#website","url":"https:\/\/origin-yeu.yanmar.com\/eu\/robot-vigne\/","name":"Yanmar Vineyard Solutions","description":"","publisher":{"@id":"https:\/\/origin-yeu.yanmar.com\/eu\/robot-vigne\/#organization"},"potentialAction":[{"@type":"SearchAction","target":{"@type":"EntryPoint","urlTemplate":"https:\/\/origin-yeu.yanmar.com\/eu\/robot-vigne\/?s={search_term_string}"},"query-input":{"@type":"PropertyValueSpecification","valueRequired":true,"valueName":"search_term_string"}}],"inLanguage":"fr-FR"},{"@type":"Organization","@id":"https:\/\/origin-yeu.yanmar.com\/eu\/robot-vigne\/#organization","name":"Yanmar Vineyard Solutions","url":"https:\/\/origin-yeu.yanmar.com\/eu\/robot-vigne\/","logo":{"@type":"ImageObject","inLanguage":"fr-FR","@id":"https:\/\/origin-yeu.yanmar.com\/eu\/robot-vigne\/#\/schema\/logo\/image\/","url":"https:\/\/origin-yeu.yanmar.com\/fr\/viticulture\/wp-content\/uploads\/sites\/17\/2023\/12\/Y_newcolor_FLYING-Y_vertical.png","contentUrl":"https:\/\/origin-yeu.yanmar.com\/fr\/viticulture\/wp-content\/uploads\/sites\/17\/2023\/12\/Y_newcolor_FLYING-Y_vertical.png","width":1361,"height":999,"caption":"Yanmar Vineyard Solutions"},"image":{"@id":"https:\/\/origin-yeu.yanmar.com\/eu\/robot-vigne\/#\/schema\/logo\/image\/"},"sameAs":["https:\/\/www.facebook.com\/profile.php?id=100073367932751","https:\/\/www.linkedin.com\/company\/84954557\/","https:\/\/www.instagram.com\/yanmar_vineyard_solutions\/"]}]}},"_links":{"self":[{"href":"https:\/\/www.yanmar.com\/fr\/viticulture\/wp-json\/wp\/v2\/pages\/627","targetHints":{"allow":["GET"]}}],"collection":[{"href":"https:\/\/www.yanmar.com\/fr\/viticulture\/wp-json\/wp\/v2\/pages"}],"about":[{"href":"https:\/\/www.yanmar.com\/fr\/viticulture\/wp-json\/wp\/v2\/types\/page"}],"author":[{"embeddable":true,"href":"https:\/\/www.yanmar.com\/fr\/viticulture\/wp-json\/wp\/v2\/users\/25"}],"replies":[{"embeddable":true,"href":"https:\/\/www.yanmar.com\/fr\/viticulture\/wp-json\/wp\/v2\/comments?post=627"}],"version-history":[{"count":2,"href":"https:\/\/www.yanmar.com\/fr\/viticulture\/wp-json\/wp\/v2\/pages\/627\/revisions"}],"predecessor-version":[{"id":629,"href":"https:\/\/www.yanmar.com\/fr\/viticulture\/wp-json\/wp\/v2\/pages\/627\/revisions\/629"}],"up":[{"embeddable":true,"href":"https:\/\/www.yanmar.com\/fr\/viticulture\/wp-json\/wp\/v2\/pages\/623"}],"wp:attachment":[{"href":"https:\/\/www.yanmar.com\/fr\/viticulture\/wp-json\/wp\/v2\/media?parent=627"}],"curies":[{"name":"wp","href":"https:\/\/api.w.org\/{rel}","templated":true}]}}