{"id":634,"date":"2024-04-15T16:20:06","date_gmt":"2024-04-15T16:20:06","guid":{"rendered":"https:\/\/www.yanmar.com\/fr\/viticulture\/?page_id=634"},"modified":"2025-07-31T07:18:10","modified_gmt":"2025-07-31T07:18:10","slug":"ils-parlent-de-nous","status":"publish","type":"page","link":"https:\/\/www.yanmar.com\/fr\/viticulture\/actualites\/ils-parlent-de-nous\/","title":{"rendered":"La presse en parle"},"content":{"rendered":"\n<div class=\"wp-block-group\"><div class=\"wp-block-group__inner-container is-layout-constrained wp-block-group-is-layout-constrained\">\n\n<section class=\"b-block\n  b-content\n  c-card\n  c-card--no-icon\" data-block_8ab120c773fc9e9907a2d748740fb614>\n      <figure class=\"c-card__image-wrapper\">\n      <img decoding=\"async\" width=\"768\" height=\"576\" src=\"https:\/\/www.yanmar.com\/fr\/viticulture\/wp-content\/uploads\/sites\/17\/2025\/06\/IMG_3150-corrigee-1-768x576.jpg\" class=\"wp-image c-card__thumb\" alt=\"\" \/>\n    <\/figure>\n    <div class=\"c-card__content c-card__content--full\">\n    <h2 class=\"c-card__title u-font-size-xlarge\">\n      De nouveaux locaux strat\u00e9giques pour Yanmar Vineyard Solutions \n    <\/h2>\n    <div class=\"c-card__copy\">\n      <p><a href=\"https:\/\/www.lunion.fr\/id724506\/article\/2025-06-16\/de-nouveaux-locaux-strategiques-pour-yanmar-vineyard-solutions\">Apr\u00e8s deux ann\u00e9es de croissance continue depuis sa cr\u00e9ation en avril 2022, Yanmar Vineyard Solutions, filiale du groupe international Yanmar d\u00e9di\u00e9e aux solutions viticoles, franchit une \u00e9tape importante de son d\u00e9veloppement : son installation dans son tout nouveau b\u00e2timent, regroupant ses \u00e9quipes techniques, d\u00e9veloppement, administratives, commerciales et marketing sous un m\u00eame toit. Ce d\u00e9m\u00e9nagement, concr\u00e9tis\u00e9 par une inauguration officielle le 12 juin dernier, marque une volont\u00e9 claire d\u2019ancrer durablement son activit\u00e9 en Champagne et dans les autres vignobles.<\/a><\/p>\n\n    <\/div>\n  <\/div>\n<\/section>\n\n\n\n\n\n<section class=\"b-block\n  b-content\n  c-card\n  c-card--no-icon\" data-block_c7d62e9c34adec88bcbd27e01d085d63>\n      <figure class=\"c-card__image-wrapper\">\n      <img decoding=\"async\" width=\"768\" height=\"576\" src=\"https:\/\/www.yanmar.com\/fr\/viticulture\/wp-content\/uploads\/sites\/17\/2025\/07\/DSC_9832-768x576.jpg\" class=\"wp-image c-card__thumb\" alt=\"\" \/>\n    <\/figure>\n    <div class=\"c-card__content c-card__content--full\">\n    <h2 class=\"c-card__title u-font-size-xlarge\">\n      Yanmar \u00e0 Pierry : \u00ab\u00a0Le d\u00e9but d&rsquo;une grande histoire\u00a0\u00bb\n    <\/h2>\n    <div class=\"c-card__copy\">\n      <p><a href=\"https:\/\/la-marne-agricole.fr\/yanmar-a-pierry-le-debut-dune-grande-histoire\/\" target=\"_blank\" rel=\"noopener\">Le groupe Japonais Yanmar a pos\u00e9 sa signature technologique en Champagne \u00e0 partir de 2014. L\u2019ancrage se consolide avec<br \/>\nde nouveaux locaux \u00e0 Pierry et la commercialisation renforc\u00e9e du YV01, chenillard autonome et polyvalent pour le traitement de la vigne et le travail du sol<\/a><\/p>\n\n    <\/div>\n  <\/div>\n<\/section>\n\n\n\n\n\n<section class=\"b-block\n  b-content\n  c-card\n  c-card--no-icon\" data-block_933e5555d0ca2f1d4e0dea4cc847eb98>\n      <figure class=\"c-card__image-wrapper\">\n      <img decoding=\"async\" width=\"768\" height=\"576\" src=\"https:\/\/www.yanmar.com\/fr\/viticulture\/wp-content\/uploads\/sites\/17\/2024\/05\/2405-YANMAR-38-768x576.jpg\" class=\"wp-image c-card__thumb\" alt=\"\" \/>\n    <\/figure>\n    <div class=\"c-card__content c-card__content--full\">\n    <h2 class=\"c-card__title u-font-size-xlarge\">\n      Le robot de pulv\u00e9risation Yanmar \u2013 rendre le travail dans le vignoble plus s\u00fbr et plus durable\n    <\/h2>\n    <div class=\"c-card__copy\">\n      <p><a href=\"https:\/\/www.yanmar.com\/global\/about\/ymedia\/article\/spraying-robot.html\">En introduisant le YV01, les propri\u00e9taires de vignobles r\u00e9duisent le temps que leurs travailleurs doivent passer dans des environnements physiquement difficiles. De plus, ils ne sont plus expos\u00e9s aux produits phytopharmaceutiques. Apr\u00e8s les rampes de pulv\u00e9risation, Yanmar \u00e9quipe son robot YV01 d\u2019un bras de relevage capable de supporter diff\u00e9rents outils de travail du sol.<\/a><\/p>\n\n    <\/div>\n  <\/div>\n<\/section>\n\n\n\n\n\n<section class=\"b-block\n  b-content\n  c-card\n  c-card--no-icon\" data-block_736f327c5d8429ad49dcb90f3a94dbc8>\n      <figure class=\"c-card__image-wrapper\">\n      <img decoding=\"async\" width=\"768\" height=\"576\" src=\"https:\/\/www.yanmar.com\/fr\/viticulture\/wp-content\/uploads\/sites\/17\/2024\/04\/absolutvision-WYd_PkCa1BY-unsplash-768x576.jpg\" class=\"wp-image c-card__thumb\" alt=\"\" \/>\n    <\/figure>\n    <div class=\"c-card__content c-card__content--full\">\n    <h2 class=\"c-card__title u-font-size-xlarge\">\n      Ce chenillard traite les vignes et travaille les sols en toute autonomie\n    <\/h2>\n    <div class=\"c-card__copy\">\n      <p><a href=\"https:\/\/www.vitisphere.com\/actualite-100386-ce-chenillard-traite-les-vignes-et-travaille-les-sols-en-toute-autonomie.html\">Apr\u00e8s les rampes de pulv\u00e9risation, Yanmar \u00e9quipe son robot YV01 d\u2019un bras de relevage capable de supporter diff\u00e9rents outils de travail du sol.<\/a><\/p>\n\n    <\/div>\n  <\/div>\n<\/section>\n\n\n\n\n\n<section class=\"b-block\n  b-content\n  c-card\n  c-card--no-icon\" data-block_ca31dfd15d1ece0b9111ac701122cd2c>\n      <figure class=\"c-card__image-wrapper\">\n      <img decoding=\"async\" width=\"768\" height=\"576\" src=\"https:\/\/www.yanmar.com\/fr\/viticulture\/wp-content\/uploads\/sites\/17\/2024\/01\/carousel-image-4-768x576.png\" class=\"wp-image c-card__thumb\" alt=\"\" \/>\n    <\/figure>\n    <div class=\"c-card__content c-card__content--full\">\n    <h2 class=\"c-card__title u-font-size-xlarge\">\n      Yanmar Vineyard Solutions : l\u2019entreprise qui accompagne les viticulteurs au quotidien avec un robot autonome\n    <\/h2>\n    <div class=\"c-card__copy\">\n      <p><a href=\"https:\/\/www.lunion.fr\/id528771\/article\/2023-10-10\/yanmar-vineyard-solutions-lentreprise-qui-accompagne-les-viticulteurs-au\">Depuis plusieurs ann\u00e9es maintenant, Yanmar accompagne via son entit\u00e9 d\u00e9di\u00e9e \u00e0 la viticulture : Vineyard Solutions, les domaines viticoles en Champagne et ailleurs.<\/a><\/p>\n\n    <\/div>\n  <\/div>\n<\/section>\n\n\n\n\n\n<section class=\"b-block\n  b-content\n  c-card\n  c-card--no-icon\" data-block_89e21e9a1b2710c4ece12134b5dd4afb>\n      <figure class=\"c-card__image-wrapper\">\n      <img decoding=\"async\" width=\"768\" height=\"576\" src=\"https:\/\/www.yanmar.com\/fr\/viticulture\/wp-content\/uploads\/sites\/17\/2024\/04\/IMG_1336-R2-e1710853434176-768x576.jpg\" class=\"wp-image c-card__thumb\" alt=\"\" \/>\n    <\/figure>\n    <div class=\"c-card__content c-card__content--full\">\n    <h2 class=\"c-card__title u-font-size-xlarge\">\n      La technologie au service de la viticulture\n    <\/h2>\n    <div class=\"c-card__copy\">\n      <p><a href=\"https:\/\/www.lyonne.fr\/france-monde\/actualites\/la-technologie-au-service-de-la-viticulture_14386452\/\">Le groupe YANMAR est pr\u00e9sent dans le monde entier dans de multiples secteurs d\u2019activit\u00e9s comme l\u2019agricole, le viticole, le maritime, les engins de construction ou encore les \u00e9nergies renouvelables. YANMAR, l\u2019entreprise aux 21 000 employ\u00e9s, con\u00e7oit et propose des produits et des services pour cr\u00e9er une soci\u00e9t\u00e9 durable et des modes de vie plus prosp\u00e8res.<\/a><\/p>\n\n    <\/div>\n  <\/div>\n<\/section>\n\n<\/div><\/div>\n\n\n\n<p><\/p>\n","protected":false},"excerpt":{"rendered":"","protected":false},"author":25,"featured_media":0,"parent":623,"menu_order":0,"comment_status":"closed","ping_status":"closed","template":"","meta":{"_acf_changed":false,"footnotes":""},"class_list":["post-634","page","type-page","status-publish","hentry"],"acf":[],"yoast_head":"<!-- This site is optimized with the Yoast SEO plugin v27.3 - https:\/\/yoast.com\/product\/yoast-seo-wordpress\/ -->\n<title>La presse en parle - Viticulture<\/title>\n<meta name=\"robots\" content=\"index, follow, max-snippet:-1, max-image-preview:large, max-video-preview:-1\" \/>\n<link rel=\"canonical\" href=\"https:\/\/origin-yeu.yanmar.com\/fr\/viticulture\/actualites\/ils-parlent-de-nous\/\" \/>\n<meta property=\"og:locale\" content=\"fr_FR\" \/>\n<meta property=\"og:type\" content=\"article\" \/>\n<meta property=\"og:title\" content=\"La presse en parle - Viticulture\" \/>\n<meta property=\"og:url\" content=\"https:\/\/origin-yeu.yanmar.com\/fr\/viticulture\/actualites\/ils-parlent-de-nous\/\" \/>\n<meta property=\"og:site_name\" content=\"Viticulture\" \/>\n<meta property=\"article:publisher\" content=\"https:\/\/www.facebook.com\/profile.php?id=100073367932751\" \/>\n<meta property=\"article:modified_time\" content=\"2025-07-31T07:18:10+00:00\" \/>\n<meta name=\"twitter:card\" content=\"summary_large_image\" \/>\n<!-- \/ Yoast SEO plugin. -->","yoast_head_json":{"title":"La presse en parle - Viticulture","robots":{"index":"index","follow":"follow","max-snippet":"max-snippet:-1","max-image-preview":"max-image-preview:large","max-video-preview":"max-video-preview:-1"},"canonical":"https:\/\/origin-yeu.yanmar.com\/fr\/viticulture\/actualites\/ils-parlent-de-nous\/","og_locale":"fr_FR","og_type":"article","og_title":"La presse en parle - Viticulture","og_url":"https:\/\/origin-yeu.yanmar.com\/fr\/viticulture\/actualites\/ils-parlent-de-nous\/","og_site_name":"Viticulture","article_publisher":"https:\/\/www.facebook.com\/profile.php?id=100073367932751","article_modified_time":"2025-07-31T07:18:10+00:00","twitter_card":"summary_large_image","schema":{"@context":"https:\/\/schema.org","@graph":[{"@type":"WebPage","@id":"https:\/\/origin-yeu.yanmar.com\/fr\/viticulture\/actualites\/ils-parlent-de-nous\/","url":"https:\/\/origin-yeu.yanmar.com\/fr\/viticulture\/actualites\/ils-parlent-de-nous\/","name":"La presse en parle - Viticulture","isPartOf":{"@id":"https:\/\/origin-yeu.yanmar.com\/eu\/robot-vigne\/#website"},"datePublished":"2024-04-15T16:20:06+00:00","dateModified":"2025-07-31T07:18:10+00:00","breadcrumb":{"@id":"https:\/\/origin-yeu.yanmar.com\/fr\/viticulture\/actualites\/ils-parlent-de-nous\/#breadcrumb"},"inLanguage":"fr-FR","potentialAction":[{"@type":"ReadAction","target":["https:\/\/origin-yeu.yanmar.com\/fr\/viticulture\/actualites\/ils-parlent-de-nous\/"]}]},{"@type":"BreadcrumbList","@id":"https:\/\/origin-yeu.yanmar.com\/fr\/viticulture\/actualites\/ils-parlent-de-nous\/#breadcrumb","itemListElement":[{"@type":"ListItem","position":1,"name":"Home","item":"https:\/\/origin-yeu.yanmar.com\/fr\/viticulture\/"},{"@type":"ListItem","position":2,"name":"Actualit\u00e9s","item":"https:\/\/origin-yeu.yanmar.com\/fr\/viticulture\/actualites\/"},{"@type":"ListItem","position":3,"name":"La presse en parle"}]},{"@type":"WebSite","@id":"https:\/\/origin-yeu.yanmar.com\/eu\/robot-vigne\/#website","url":"https:\/\/origin-yeu.yanmar.com\/eu\/robot-vigne\/","name":"Yanmar Vineyard Solutions","description":"","publisher":{"@id":"https:\/\/origin-yeu.yanmar.com\/eu\/robot-vigne\/#organization"},"potentialAction":[{"@type":"SearchAction","target":{"@type":"EntryPoint","urlTemplate":"https:\/\/origin-yeu.yanmar.com\/eu\/robot-vigne\/?s={search_term_string}"},"query-input":{"@type":"PropertyValueSpecification","valueRequired":true,"valueName":"search_term_string"}}],"inLanguage":"fr-FR"},{"@type":"Organization","@id":"https:\/\/origin-yeu.yanmar.com\/eu\/robot-vigne\/#organization","name":"Yanmar Vineyard Solutions","url":"https:\/\/origin-yeu.yanmar.com\/eu\/robot-vigne\/","logo":{"@type":"ImageObject","inLanguage":"fr-FR","@id":"https:\/\/origin-yeu.yanmar.com\/eu\/robot-vigne\/#\/schema\/logo\/image\/","url":"https:\/\/origin-yeu.yanmar.com\/fr\/viticulture\/wp-content\/uploads\/sites\/17\/2023\/12\/Y_newcolor_FLYING-Y_vertical.png","contentUrl":"https:\/\/origin-yeu.yanmar.com\/fr\/viticulture\/wp-content\/uploads\/sites\/17\/2023\/12\/Y_newcolor_FLYING-Y_vertical.png","width":1361,"height":999,"caption":"Yanmar Vineyard Solutions"},"image":{"@id":"https:\/\/origin-yeu.yanmar.com\/eu\/robot-vigne\/#\/schema\/logo\/image\/"},"sameAs":["https:\/\/www.facebook.com\/profile.php?id=100073367932751","https:\/\/www.linkedin.com\/company\/84954557\/","https:\/\/www.instagram.com\/yanmar_vineyard_solutions\/"]}]}},"_links":{"self":[{"href":"https:\/\/www.yanmar.com\/fr\/viticulture\/wp-json\/wp\/v2\/pages\/634","targetHints":{"allow":["GET"]}}],"collection":[{"href":"https:\/\/www.yanmar.com\/fr\/viticulture\/wp-json\/wp\/v2\/pages"}],"about":[{"href":"https:\/\/www.yanmar.com\/fr\/viticulture\/wp-json\/wp\/v2\/types\/page"}],"author":[{"embeddable":true,"href":"https:\/\/www.yanmar.com\/fr\/viticulture\/wp-json\/wp\/v2\/users\/25"}],"replies":[{"embeddable":true,"href":"https:\/\/www.yanmar.com\/fr\/viticulture\/wp-json\/wp\/v2\/comments?post=634"}],"version-history":[{"count":9,"href":"https:\/\/www.yanmar.com\/fr\/viticulture\/wp-json\/wp\/v2\/pages\/634\/revisions"}],"predecessor-version":[{"id":1219,"href":"https:\/\/www.yanmar.com\/fr\/viticulture\/wp-json\/wp\/v2\/pages\/634\/revisions\/1219"}],"up":[{"embeddable":true,"href":"https:\/\/www.yanmar.com\/fr\/viticulture\/wp-json\/wp\/v2\/pages\/623"}],"wp:attachment":[{"href":"https:\/\/www.yanmar.com\/fr\/viticulture\/wp-json\/wp\/v2\/media?parent=634"}],"curies":[{"name":"wp","href":"https:\/\/api.w.org\/{rel}","templated":true}]}}