{"id":32478,"date":"2019-12-06T15:52:57","date_gmt":"2019-12-06T15:52:57","guid":{"rendered":"https:\/\/www.yanmar.com\/marine\/politique-en-matire-de-cookies\/"},"modified":"2025-01-14T12:55:14","modified_gmt":"2025-01-14T12:55:14","slug":"politique-en-matire-de-cookies","status":"publish","type":"page","link":"https:\/\/www.yanmar.com\/marine\/fr\/nous-contacter\/politique-en-matire-de-cookies\/","title":{"rendered":"Politique en mati\u00e8re de cookies"},"content":{"rendered":"\n<div style=\"height:auto\" aria-hidden=\"true\" class=\"wp-block-spacer is-style-small\"><\/div>\n\n<h6 class=\"wp-block-heading has-text-align-center has-primary-color has-text-color has-link-color wp-elements-0208470c785f5c8aa1d25893ab0e5241\">CONTACTEZ-NOUS<\/h6>\n\n<h2 class=\"wp-block-heading has-text-align-center\">Politique en mati\u00e8re de cookies<\/h2>\n\n<div style=\"height:auto\" aria-hidden=\"true\" class=\"wp-block-spacer is-style-small\"><\/div>\n\n<p>Ce site, comme beaucoup d&#8217;autres, utilise de petits fichiers appel\u00e9s &#8220;cookies&#8221; pour personnaliser votre exp\u00e9rience.<\/p>\n\n<div style=\"height:auto\" aria-hidden=\"true\" class=\"wp-block-spacer is-style-default\"><\/div>\n\n<h2 class=\"wp-block-heading\">Qu&#8217;est-ce qu&#8217;un cookie ?<\/h2>\n\n<p>Les cookies sont de petits fichiers texte qu&#8217;un site web demande \u00e0 votre navigateur de stocker sur votre ordinateur, votre tablette ou votre t\u00e9l\u00e9phone portable lorsque vous visitez un site web, et ce pour diff\u00e9rentes raisons. Les cookies peuvent \u00eatre utilis\u00e9s pour comprendre comment le site ou le service est utilis\u00e9, pour vous aider \u00e0 naviguer entre les pages de mani\u00e8re efficace, pour m\u00e9moriser vos pr\u00e9f\u00e9rences et, de mani\u00e8re g\u00e9n\u00e9rale, pour am\u00e9liorer votre exp\u00e9rience de navigation. Les cookies peuvent \u00e9galement contribuer \u00e0 faire en sorte que ce que vous voyez en ligne soit plus pertinent pour vous et vos int\u00e9r\u00eats.  <\/p>\n\n<div style=\"height:auto\" aria-hidden=\"true\" class=\"wp-block-spacer is-style-default\"><\/div>\n\n<h2 class=\"wp-block-heading\">Informations sur notre utilisation des cookies<\/h2>\n\n<p>Les types de cookies suivants sont utilis\u00e9s sur ce site.<\/p>\n\n<p><strong>&gt;  LES COOKIES FONCTIONNELS ET DE PERFORMANCE<\/strong><\/p>\n\n<p>Nos cookies fonctionnels sont strictement n\u00e9cessaires au bon fonctionnement du site web. Ces cookies nous aident \u00e0 fournir certaines fonctionnalit\u00e9s que vous avez demand\u00e9es, ils nous permettent de m\u00e9moriser vos pr\u00e9f\u00e9rences et de veiller \u00e0 ce que les bonnes informations soient affich\u00e9es rapidement et avec pr\u00e9cision chaque fois que vous visitez notre site web. Nous installons des cookies de performance pour am\u00e9liorer votre exp\u00e9rience sur notre site web et vous aider \u00e0 l&#8217;utiliser efficacement.  <\/p>\n\n<p><strong>&gt;  LES COOKIES NON FONCTIONNELS<\/strong><\/p>\n\n<p>Ces cookies ne sont pas strictement n\u00e9cessaires, mais ils sont indispensables pour vous offrir la meilleure exp\u00e9rience utilisateur et nous indiquer les pages qui vous int\u00e9ressent le plus (de mani\u00e8re anonyme).<\/p>\n\n<p>Nous utilisons des cookies de suivi (Google Analytics et Yandex) pour recueillir des donn\u00e9es sur l&#8217;utilisation de notre site web par les visiteurs, telles que le nombre de visiteurs et les pages visit\u00e9es. Nous utilisons ces informations \u00e0 des fins d&#8217;analyse et de suivi, ce qui nous permet d&#8217;am\u00e9liorer notre site web et les produits ou services offerts. YANMAR ne stocke ni ne partage aucune information personnelle avec des tiers. Cependant, certains services tiers int\u00e9gr\u00e9s \u00e0 notre site peuvent utiliser leurs propres cookies. Ces services vous permettent de :    <\/p>\n\n<ul class=\"wp-block-list\">\n<li>partager des pages avec les r\u00e9seaux sociaux<\/li>\n\n\n\n<li>partager des pages via Add This (si disponible)<\/li>\n\n\n\n<li>voir une carte int\u00e9gr\u00e9e de Google Maps<\/li>\n\n\n\n<li>regardez une vid\u00e9o int\u00e9gr\u00e9e<\/li>\n<\/ul>\n\n<p><strong>En savoir plus sur ces services sp\u00e9cifiques et leur utilisation des cookies :<\/strong><\/p>\n\n<ul class=\"wp-block-list\">\n<li>Politique d&#8217;utilisation des donn\u00e9es de Facebook <a href=\"http:\/\/www.facebook.com\/about\/privacy\/your-info-on-other\" target=\"_blank\" rel=\"noopener\">: http:\/\/www.facebook.com\/about\/privacy\/your-info-on-other<\/a><\/li>\n\n\n\n<li>Politique de confidentialit\u00e9 d&#8217;AddThis <a href=\"http:\/\/www.addthis.com\/privacy#.T6j--usS0bw\" target=\"_blank\" rel=\"noopener\">: http:\/\/www.addthis.com\/privacy#.T6j&#8211;usS0bw<\/a><\/li>\n\n\n\n<li>Politique de confidentialit\u00e9 de Twitter <a href=\"https:\/\/twitter.com\/privacy\" target=\"_blank\" rel=\"noopener\">: https:\/\/twitter.com\/privacy<\/a><\/li>\n\n\n\n<li>Politique en mati\u00e8re de cookies de YouTube et de Google Maps <a href=\"http:\/\/www.google.com\/intl\/en\/policies\/faq\/\" target=\"_blank\" rel=\"noopener\">: http:\/\/www.google.com\/intl\/en\/policies\/faq\/<\/a><\/li>\n<\/ul>\n\n<div style=\"height:auto\" aria-hidden=\"true\" class=\"wp-block-spacer is-style-default\"><\/div>\n\n<h2 class=\"wp-block-heading\">Comment supprimer les cookies et g\u00e9rer les param\u00e8tres de votre navigateur<\/h2>\n\n<p>Si, \u00e0 tout moment, vous souhaitez supprimer vos cookies ou g\u00e9rer la mani\u00e8re dont votre navigateur les traite, vous pouvez le faire dans les pr\u00e9f\u00e9rences des param\u00e8tres de votre navigateur. Ces param\u00e8tres se trouvent dans le menu &#8220;Param\u00e8tres&#8221;, &#8220;Options&#8221; ou &#8220;Pr\u00e9f\u00e9rences&#8221; de votre navigateur web. Veuillez noter que si vous modifiez vos param\u00e8tres de cookies et que vous emp\u00eachez les sites web d&#8217;utiliser des cookies, il se peut que vous soyez limit\u00e9 dans la fonctionnalit\u00e9 d&#8217;un site web, y compris le n\u00f4tre.  <\/p>\n\n<p>Pour plus d&#8217;informations, consultez le site <a href=\"https:\/\/www.aboutcookies.org\/\" target=\"_blank\" rel=\"noopener\">aboutcookies.org.<\/a><\/p>\n\n<p>Si vous avez besoin de plus d&#8217;informations, nous vous sugg\u00e9rons de rechercher en ligne comment g\u00e9rer les cookies pour votre navigateur sp\u00e9cifique.<\/p>\n\n<div style=\"height:auto\" aria-hidden=\"true\" class=\"wp-block-spacer is-style-medium\"><\/div>\n","protected":false},"excerpt":{"rendered":"<p>CONTACTEZ-NOUS Politique en mati\u00e8re de cookies Ce site, comme beaucoup d&#8217;autres, utilise de petits fichiers appel\u00e9s &#8220;cookies&#8221; pour personnaliser votre [&hellip;]<\/p>\n","protected":false},"author":14,"featured_media":0,"parent":32727,"menu_order":5,"comment_status":"closed","ping_status":"closed","template":"","meta":{"_acf_changed":false,"footnotes":""},"tags":[],"class_list":["post-32478","page","type-page","status-publish","hentry"],"acf":[],"yoast_head":"<!-- This site is optimized with the Yoast SEO Premium plugin v27.2 (Yoast SEO v27.2) - https:\/\/yoast.com\/product\/yoast-seo-premium-wordpress\/ -->\n<title>Politique en mati\u00e8re de cookies - YANMAR Marine International<\/title>\n<meta name=\"description\" content=\"Ce site, comme beaucoup d&#039;autres, utilise de petits fichiers appel\u00e9s &quot;cookies&quot; pour personnaliser votre exp\u00e9rience.\" \/>\n<meta name=\"robots\" content=\"index, follow, max-snippet:-1, max-image-preview:large, max-video-preview:-1\" \/>\n<link rel=\"canonical\" href=\"https:\/\/www.yanmar.com\/marine\/nous-contacter\/politique-en-matire-de-cookies\/\" \/>\n<meta property=\"og:locale\" content=\"en_US\" \/>\n<meta property=\"og:type\" content=\"article\" \/>\n<meta property=\"og:title\" content=\"Politique en mati\u00e8re de cookies\" \/>\n<meta property=\"og:description\" content=\"Ce site, comme beaucoup d&#039;autres, utilise de petits fichiers appel\u00e9s &quot;cookies&quot; pour personnaliser votre exp\u00e9rience.\" \/>\n<meta property=\"og:url\" content=\"https:\/\/www.yanmar.com\/marine\/fr\/nous-contacter\/politique-en-matire-de-cookies\/\" \/>\n<meta property=\"og:site_name\" content=\"YANMAR Marine International\" \/>\n<meta property=\"article:modified_time\" content=\"2025-01-14T12:55:14+00:00\" \/>\n<meta name=\"twitter:card\" content=\"summary_large_image\" \/>\n<meta name=\"twitter:label1\" content=\"Est. reading time\" \/>\n\t<meta name=\"twitter:data1\" content=\"3 minutes\" \/>\n<script type=\"application\/ld+json\" class=\"yoast-schema-graph\">{\"@context\":\"https:\/\/schema.org\",\"@graph\":[{\"@type\":\"WebPage\",\"@id\":\"https:\/\/www.yanmar.com\/marine\/fr\/nous-contacter\/politique-en-matire-de-cookies\/\",\"url\":\"https:\/\/www.yanmar.com\/marine\/fr\/nous-contacter\/politique-en-matire-de-cookies\/\",\"name\":\"Politique en mati\u00e8re de cookies - YANMAR Marine International\",\"isPartOf\":{\"@id\":\"https:\/\/origin-ymi.yanmar.com\/marine\/#website\"},\"datePublished\":\"2019-12-06T15:52:57+00:00\",\"dateModified\":\"2025-01-14T12:55:14+00:00\",\"description\":\"Ce site, comme beaucoup d'autres, utilise de petits fichiers appel\u00e9s \\\"cookies\\\" pour personnaliser votre exp\u00e9rience.\",\"breadcrumb\":{\"@id\":\"https:\/\/www.yanmar.com\/marine\/fr\/nous-contacter\/politique-en-matire-de-cookies\/#breadcrumb\"},\"inLanguage\":\"en-US\",\"potentialAction\":[{\"@type\":\"ReadAction\",\"target\":[\"https:\/\/www.yanmar.com\/marine\/fr\/nous-contacter\/politique-en-matire-de-cookies\/\"]}]},{\"@type\":\"BreadcrumbList\",\"@id\":\"https:\/\/www.yanmar.com\/marine\/fr\/nous-contacter\/politique-en-matire-de-cookies\/#breadcrumb\",\"itemListElement\":[{\"@type\":\"ListItem\",\"position\":1,\"name\":\"Yanmar Marine\",\"item\":\"https:\/\/origin-ymi.yanmar.com\/marine\/\"},{\"@type\":\"ListItem\",\"position\":2,\"name\":\"Nous contacter\",\"item\":\"https:\/\/origin-ymi.yanmar.com\/marine\/nous-contacter\/\"},{\"@type\":\"ListItem\",\"position\":3,\"name\":\"Politique en mati\u00e8re de cookies\"}]},{\"@type\":\"WebSite\",\"@id\":\"https:\/\/origin-ymi.yanmar.com\/marine\/#website\",\"url\":\"https:\/\/origin-ymi.yanmar.com\/marine\/\",\"name\":\"YANMAR Marine International\",\"description\":\"Proven Marine Technology\",\"publisher\":{\"@id\":\"https:\/\/origin-ymi.yanmar.com\/marine\/#organization\"},\"potentialAction\":[{\"@type\":\"SearchAction\",\"target\":{\"@type\":\"EntryPoint\",\"urlTemplate\":\"https:\/\/origin-ymi.yanmar.com\/marine\/?s={search_term_string}\"},\"query-input\":{\"@type\":\"PropertyValueSpecification\",\"valueRequired\":true,\"valueName\":\"search_term_string\"}}],\"inLanguage\":\"en-US\"},{\"@type\":\"Organization\",\"@id\":\"https:\/\/origin-ymi.yanmar.com\/marine\/#organization\",\"name\":\"YANMAR Marine International\",\"url\":\"https:\/\/origin-ymi.yanmar.com\/marine\/\",\"logo\":{\"@type\":\"ImageObject\",\"inLanguage\":\"en-US\",\"@id\":\"https:\/\/origin-ymi.yanmar.com\/marine\/#\/schema\/logo\/image\/\",\"url\":\"https:\/\/origin-ymi.yanmar.com\/marine\/wp-content\/uploads\/2020\/03\/YANMAR-Brand-Logotype2.png\",\"contentUrl\":\"https:\/\/origin-ymi.yanmar.com\/marine\/wp-content\/uploads\/2020\/03\/YANMAR-Brand-Logotype2.png\",\"width\":842,\"height\":168,\"caption\":\"YANMAR Marine International\"},\"image\":{\"@id\":\"https:\/\/origin-ymi.yanmar.com\/marine\/#\/schema\/logo\/image\/\"}}]}<\/script>\n<!-- \/ Yoast SEO Premium plugin. -->","yoast_head_json":{"title":"Politique en mati\u00e8re de cookies - YANMAR Marine International","description":"Ce site, comme beaucoup d'autres, utilise de petits fichiers appel\u00e9s \"cookies\" pour personnaliser votre exp\u00e9rience.","robots":{"index":"index","follow":"follow","max-snippet":"max-snippet:-1","max-image-preview":"max-image-preview:large","max-video-preview":"max-video-preview:-1"},"canonical":"https:\/\/www.yanmar.com\/marine\/nous-contacter\/politique-en-matire-de-cookies\/","og_locale":"en_US","og_type":"article","og_title":"Politique en mati\u00e8re de cookies","og_description":"Ce site, comme beaucoup d'autres, utilise de petits fichiers appel\u00e9s \"cookies\" pour personnaliser votre exp\u00e9rience.","og_url":"https:\/\/www.yanmar.com\/marine\/fr\/nous-contacter\/politique-en-matire-de-cookies\/","og_site_name":"YANMAR Marine International","article_modified_time":"2025-01-14T12:55:14+00:00","twitter_card":"summary_large_image","twitter_misc":{"Est. reading time":"3 minutes"},"schema":{"@context":"https:\/\/schema.org","@graph":[{"@type":"WebPage","@id":"https:\/\/www.yanmar.com\/marine\/fr\/nous-contacter\/politique-en-matire-de-cookies\/","url":"https:\/\/www.yanmar.com\/marine\/fr\/nous-contacter\/politique-en-matire-de-cookies\/","name":"Politique en mati\u00e8re de cookies - YANMAR Marine International","isPartOf":{"@id":"https:\/\/origin-ymi.yanmar.com\/marine\/#website"},"datePublished":"2019-12-06T15:52:57+00:00","dateModified":"2025-01-14T12:55:14+00:00","description":"Ce site, comme beaucoup d'autres, utilise de petits fichiers appel\u00e9s \"cookies\" pour personnaliser votre exp\u00e9rience.","breadcrumb":{"@id":"https:\/\/www.yanmar.com\/marine\/fr\/nous-contacter\/politique-en-matire-de-cookies\/#breadcrumb"},"inLanguage":"en-US","potentialAction":[{"@type":"ReadAction","target":["https:\/\/www.yanmar.com\/marine\/fr\/nous-contacter\/politique-en-matire-de-cookies\/"]}]},{"@type":"BreadcrumbList","@id":"https:\/\/www.yanmar.com\/marine\/fr\/nous-contacter\/politique-en-matire-de-cookies\/#breadcrumb","itemListElement":[{"@type":"ListItem","position":1,"name":"Yanmar Marine","item":"https:\/\/origin-ymi.yanmar.com\/marine\/"},{"@type":"ListItem","position":2,"name":"Nous contacter","item":"https:\/\/origin-ymi.yanmar.com\/marine\/nous-contacter\/"},{"@type":"ListItem","position":3,"name":"Politique en mati\u00e8re de cookies"}]},{"@type":"WebSite","@id":"https:\/\/origin-ymi.yanmar.com\/marine\/#website","url":"https:\/\/origin-ymi.yanmar.com\/marine\/","name":"YANMAR Marine International","description":"Proven Marine Technology","publisher":{"@id":"https:\/\/origin-ymi.yanmar.com\/marine\/#organization"},"potentialAction":[{"@type":"SearchAction","target":{"@type":"EntryPoint","urlTemplate":"https:\/\/origin-ymi.yanmar.com\/marine\/?s={search_term_string}"},"query-input":{"@type":"PropertyValueSpecification","valueRequired":true,"valueName":"search_term_string"}}],"inLanguage":"en-US"},{"@type":"Organization","@id":"https:\/\/origin-ymi.yanmar.com\/marine\/#organization","name":"YANMAR Marine International","url":"https:\/\/origin-ymi.yanmar.com\/marine\/","logo":{"@type":"ImageObject","inLanguage":"en-US","@id":"https:\/\/origin-ymi.yanmar.com\/marine\/#\/schema\/logo\/image\/","url":"https:\/\/origin-ymi.yanmar.com\/marine\/wp-content\/uploads\/2020\/03\/YANMAR-Brand-Logotype2.png","contentUrl":"https:\/\/origin-ymi.yanmar.com\/marine\/wp-content\/uploads\/2020\/03\/YANMAR-Brand-Logotype2.png","width":842,"height":168,"caption":"YANMAR Marine International"},"image":{"@id":"https:\/\/origin-ymi.yanmar.com\/marine\/#\/schema\/logo\/image\/"}}]}},"_links":{"self":[{"href":"https:\/\/www.yanmar.com\/marine\/wp-json\/wp\/v2\/pages\/32478","targetHints":{"allow":["GET"]}}],"collection":[{"href":"https:\/\/www.yanmar.com\/marine\/wp-json\/wp\/v2\/pages"}],"about":[{"href":"https:\/\/www.yanmar.com\/marine\/wp-json\/wp\/v2\/types\/page"}],"author":[{"embeddable":true,"href":"https:\/\/www.yanmar.com\/marine\/wp-json\/wp\/v2\/users\/14"}],"replies":[{"embeddable":true,"href":"https:\/\/www.yanmar.com\/marine\/wp-json\/wp\/v2\/comments?post=32478"}],"version-history":[{"count":3,"href":"https:\/\/www.yanmar.com\/marine\/wp-json\/wp\/v2\/pages\/32478\/revisions"}],"predecessor-version":[{"id":45693,"href":"https:\/\/www.yanmar.com\/marine\/wp-json\/wp\/v2\/pages\/32478\/revisions\/45693"}],"up":[{"embeddable":true,"href":"https:\/\/www.yanmar.com\/marine\/wp-json\/wp\/v2\/pages\/32727"}],"wp:attachment":[{"href":"https:\/\/www.yanmar.com\/marine\/wp-json\/wp\/v2\/media?parent=32478"}],"wp:term":[{"taxonomy":"post_tag","embeddable":true,"href":"https:\/\/www.yanmar.com\/marine\/wp-json\/wp\/v2\/tags?post=32478"}],"curies":[{"name":"wp","href":"https:\/\/api.w.org\/{rel}","templated":true}]}}