{"id":32505,"date":"2020-02-25T15:02:25","date_gmt":"2020-02-25T15:02:25","guid":{"rendered":"https:\/\/www.yanmar.com\/marine\/yanmar-marine-international\/powered-by-yanmar\/"},"modified":"2025-01-17T09:14:39","modified_gmt":"2025-01-17T09:14:39","slug":"powered-by-yanmar","status":"publish","type":"page","link":"https:\/\/www.yanmar.com\/marine\/fr\/a-propos-de-nous\/yanmar-marine-international\/powered-by-yanmar\/","title":{"rendered":"Motoris\u00e9 par YANMAR"},"content":{"rendered":"\n<div style=\"height:auto\" aria-hidden=\"true\" class=\"wp-block-spacer is-style-small\"><\/div>\n\n\n\n<div class=\"wp-block-group\"><div class=\"wp-block-group__inner-container is-layout-constrained wp-block-group-is-layout-constrained\">\n<h6 class=\"wp-block-heading has-text-align-center has-primary-color has-text-color has-link-color wp-elements-d23a9bca45b6dd029bc639e9463505b9\">PROPULS\u00c9 PAR YANMAR<\/h6>\n\n\n\n<h1 class=\"wp-block-heading has-text-align-center\">Engagement envers nos clients<\/h1>\n\n\n\n<div class=\"wp-block-columns is-layout-flex wp-container-core-columns-is-layout-9d6595d7 wp-block-columns-is-layout-flex\">\n<div class=\"wp-block-column is-layout-flow wp-block-column-is-layout-flow\"><\/div>\n\n\n\n<div class=\"wp-block-column is-layout-flow wp-block-column-is-layout-flow\" style=\"flex-basis:922px\">\n<p class=\"has-text-align-center\">YANMAR est un partenaire fiable lorsqu&#8217;il s&#8217;agit d\u2019assurer une exp\u00e9rience exceptionnelle sur l&#8217;eau.\nGr\u00e2ce \u00e0 nos solutions innovantes, nos technologies de pointe, notre r\u00e9seau de service mondial et nos pi\u00e8ces d\u2019origine YANMAR, nous sommes r\u00e9solument engag\u00e9s aupr\u00e8s de nos clients.\nNous travaillons en \u00e9troite collaboration avec les fabricants afin de trouver les meilleures solutions pour leurs applications sp\u00e9cifiques et les besoins de leurs clients.\nApprenez-en davantage sur cette marque et sur d&#8217;autres marques qui sont aliment\u00e9es par YANMAR.   <\/p>\n<\/div>\n\n\n\n<div class=\"wp-block-column is-layout-flow wp-block-column-is-layout-flow\"><\/div>\n<\/div>\n<\/div><\/div>\n\n\n\n    <div class=\"b-videos-slider\" data-block_1245f9e9d5c15e58e1cecd47d29b316b >\n    <div class=\"o-wrapper b-videos-slider__inner\">\n\n              <h3 class=\"b-videos-slider__heading\">Vid\u00e9os en vedette<\/h3>\n      \n      <div class=\"b-carousel__slider-wrapper has-no-slider js-carousel-slider-wrapper\">\n        <div class=\"b-videos-slider__slider b-carousel__slider js-carousel-slider is-slider\" data-name=\"videos\">\n                                    <div class=\"b-videos-slider__item js-carousel-slider-item\">\n                <div class=\"b-videos-slider__item-inner\">\n                  <div class=\"b-videos-slider__yt-player js-carousel-slider-yt-player\" data-video-id=\"Zx8Usf4I2bk\"><\/div>\n                <\/div>\n              <\/div>\n                          <div class=\"b-videos-slider__item js-carousel-slider-item\">\n                <div class=\"b-videos-slider__item-inner\">\n                  <div class=\"b-videos-slider__yt-player js-carousel-slider-yt-player\" data-video-id=\"mnUTxPD6Pqo\"><\/div>\n                <\/div>\n              <\/div>\n                          <div class=\"b-videos-slider__item js-carousel-slider-item\">\n                <div class=\"b-videos-slider__item-inner\">\n                  <div class=\"b-videos-slider__yt-player js-carousel-slider-yt-player\" data-video-id=\"KQvJc1l-hMc\"><\/div>\n                <\/div>\n              <\/div>\n                          <div class=\"b-videos-slider__item js-carousel-slider-item\">\n                <div class=\"b-videos-slider__item-inner\">\n                  <div class=\"b-videos-slider__yt-player js-carousel-slider-yt-player\" data-video-id=\"dBwaRvXBAKQ\"><\/div>\n                <\/div>\n              <\/div>\n                          <div class=\"b-videos-slider__item js-carousel-slider-item\">\n                <div class=\"b-videos-slider__item-inner\">\n                  <div class=\"b-videos-slider__yt-player js-carousel-slider-yt-player\" data-video-id=\"X9md3v8ti-I\"><\/div>\n                <\/div>\n              <\/div>\n                          <div class=\"b-videos-slider__item js-carousel-slider-item\">\n                <div class=\"b-videos-slider__item-inner\">\n                  <div class=\"b-videos-slider__yt-player js-carousel-slider-yt-player\" data-video-id=\"PJMQqAMNVT8\"><\/div>\n                <\/div>\n              <\/div>\n                          <div class=\"b-videos-slider__item js-carousel-slider-item\">\n                <div class=\"b-videos-slider__item-inner\">\n                  <div class=\"b-videos-slider__yt-player js-carousel-slider-yt-player\" data-video-id=\"UXVbvpKvLrQ\"><\/div>\n                <\/div>\n              <\/div>\n                          <div class=\"b-videos-slider__item js-carousel-slider-item\">\n                <div class=\"b-videos-slider__item-inner\">\n                  <div class=\"b-videos-slider__yt-player js-carousel-slider-yt-player\" data-video-id=\"hDm4EJJubto\"><\/div>\n                <\/div>\n              <\/div>\n                              <\/div>\n                  \n\n<div class=\"b-slider__navigation b-slider__navigation--below js-slider-navigation u-hidden\">\n  <button class=\"b-slider__btn js-slider-btn-prev\">\n    <svg class=\"svg-icon\" width=\"12\" height=\"12\" aria-hidden=\"true\" role=\"img\" focusable=\"false\" xmlns=\"http:\/\/www.w3.org\/2000\/svg\" fill=\"none\" height=\"12\" viewBox=\"0 0 6 12\" width=\"6\"><path clip-rule=\"evenodd\" d=\"m5.70326 1.10938c.28476.28476.28476.74644 0 1.0312l-3.8594 3.8594 3.8594 3.8594c.28476.28472.28476.74642 0 1.03122-.28476.2847-.74644.2847-1.0312 0l-4.374996-4.37502c-.2847573-.28476-.2847573-.74644 0-1.0312l4.374996-4.375c.28476-.284756.74644-.284756 1.0312 0z\" fill=\"#000\" fill-rule=\"evenodd\"\/><\/svg>\n    <span class=\"u-hidden-visually\">\n      Previous\n    <\/span>\n  <\/button>\n  <div class=\"b-slider__pagination js-slider-pagination\"><\/div>\n  <button class=\"b-slider__btn b-slider__btn--next js-slider-btn-next\">\n    <svg class=\"svg-icon\" width=\"12\" height=\"12\" aria-hidden=\"true\" role=\"img\" focusable=\"false\" width=\"6\" height=\"12\" viewBox=\"0 0 6 12\" fill=\"none\" xmlns=\"http:\/\/www.w3.org\/2000\/svg\"><path fill-rule=\"evenodd\" clip-rule=\"evenodd\" d=\"M0.297064 1.10938C0.581821 0.824624 1.0435 0.824624 1.32826 1.10938L5.70326 5.48438C5.98802 5.76914 5.98802 6.23082 5.70326 6.51558L1.32826 10.8906C1.0435 11.1753 0.581821 11.1753 0.297064 10.8906C0.0123067 10.6058 0.0123067 10.1441 0.297064 9.85938L4.15647 5.99998L0.297064 2.14058C0.0123067 1.85582 0.0123067 1.39414 0.297064 1.10938Z\" fill=\"black\"\/><\/svg>\n    <span class=\"u-hidden-visually\">\n      Next\n    <\/span>\n  <\/button>\n  <\/div>\n              <\/div>\n    <\/div>\n  <\/div>\n  <style type=\"text\/css\">\n    [data-block_1245f9e9d5c15e58e1cecd47d29b316b] {\n      background: #ffffff;\n      color: ;\n    }\n  <\/style>\n\n\n\n\n\n\n    <div class=\"b-logos-slider\" data-block_b26a2b713e3f316716838ebf57cbfdfe >\n    <div class=\"o-wrapper b-logos-slider__inner\">\n      <div class=\"b-carousel__slider-wrapper has-no-slider js-carousel-slider-wrapper\">\n        <div class=\"b-logos-slider__slider b-carousel__slider js-carousel-slider is-slider\" data-name=\"logos\">\n                      <div class=\"b-logos-slider__item js-carousel-slider-item\">\n                                              <a class=\"b-logos-slider__item-inner\"  href=\"#\">\n              \n              <div class=\"b-logos-slider__item-image-wrapper\">\n                <img decoding=\"async\" width=\"160\" height=\"122\" src=\"https:\/\/www.yanmar.com\/marine\/wp-content\/uploads\/2024\/07\/image-122.png\" class=\"wp-image b-logos-slider__item-image\" alt=\"\" \/>\n              <\/div>\n\n                              <\/a>\n                          <\/div>\n                      <div class=\"b-logos-slider__item js-carousel-slider-item\">\n                                              <a class=\"b-logos-slider__item-inner\"  href=\"#\">\n              \n              <div class=\"b-logos-slider__item-image-wrapper\">\n                <img decoding=\"async\" width=\"117\" height=\"122\" src=\"https:\/\/www.yanmar.com\/marine\/wp-content\/uploads\/2024\/07\/image-122-1.png\" class=\"wp-image b-logos-slider__item-image\" alt=\"\" \/>\n              <\/div>\n\n                              <\/a>\n                          <\/div>\n                      <div class=\"b-logos-slider__item js-carousel-slider-item\">\n                                              <a class=\"b-logos-slider__item-inner\"  href=\"#\">\n              \n              <div class=\"b-logos-slider__item-image-wrapper\">\n                <img decoding=\"async\" width=\"147\" height=\"103\" src=\"https:\/\/www.yanmar.com\/marine\/wp-content\/uploads\/2024\/07\/image-123.png\" class=\"wp-image b-logos-slider__item-image\" alt=\"\" \/>\n              <\/div>\n\n                              <\/a>\n                          <\/div>\n                      <div class=\"b-logos-slider__item js-carousel-slider-item\">\n                                              <a class=\"b-logos-slider__item-inner\"  href=\"#\">\n              \n              <div class=\"b-logos-slider__item-image-wrapper\">\n                <img decoding=\"async\" width=\"164\" height=\"129\" src=\"https:\/\/www.yanmar.com\/marine\/wp-content\/uploads\/2024\/07\/image-124.png\" class=\"wp-image b-logos-slider__item-image\" alt=\"\" \/>\n              <\/div>\n\n                              <\/a>\n                          <\/div>\n                      <div class=\"b-logos-slider__item js-carousel-slider-item\">\n                                              <a class=\"b-logos-slider__item-inner\"  href=\"#\">\n              \n              <div class=\"b-logos-slider__item-image-wrapper\">\n                <img decoding=\"async\" width=\"130\" height=\"134\" src=\"https:\/\/www.yanmar.com\/marine\/wp-content\/uploads\/2024\/07\/image-121.png\" class=\"wp-image b-logos-slider__item-image\" alt=\"\" \/>\n              <\/div>\n\n                              <\/a>\n                          <\/div>\n                      <div class=\"b-logos-slider__item js-carousel-slider-item\">\n                                              <a class=\"b-logos-slider__item-inner\"  href=\"#\">\n              \n              <div class=\"b-logos-slider__item-image-wrapper\">\n                <img decoding=\"async\" width=\"135\" height=\"125\" src=\"https:\/\/www.yanmar.com\/marine\/wp-content\/uploads\/2024\/07\/image-125.png\" class=\"wp-image b-logos-slider__item-image\" alt=\"\" \/>\n              <\/div>\n\n                              <\/a>\n                          <\/div>\n                  <\/div>\n                  \n\n<div class=\"b-slider__navigation b-slider__navigation--below js-slider-navigation u-hidden\">\n  <button class=\"b-slider__btn js-slider-btn-prev\">\n    <svg class=\"svg-icon\" width=\"12\" height=\"12\" aria-hidden=\"true\" role=\"img\" focusable=\"false\" xmlns=\"http:\/\/www.w3.org\/2000\/svg\" fill=\"none\" height=\"12\" viewBox=\"0 0 6 12\" width=\"6\"><path clip-rule=\"evenodd\" d=\"m5.70326 1.10938c.28476.28476.28476.74644 0 1.0312l-3.8594 3.8594 3.8594 3.8594c.28476.28472.28476.74642 0 1.03122-.28476.2847-.74644.2847-1.0312 0l-4.374996-4.37502c-.2847573-.28476-.2847573-.74644 0-1.0312l4.374996-4.375c.28476-.284756.74644-.284756 1.0312 0z\" fill=\"#000\" fill-rule=\"evenodd\"\/><\/svg>\n    <span class=\"u-hidden-visually\">\n      Previous\n    <\/span>\n  <\/button>\n  <div class=\"b-slider__pagination js-slider-pagination\"><\/div>\n  <button class=\"b-slider__btn b-slider__btn--next js-slider-btn-next\">\n    <svg class=\"svg-icon\" width=\"12\" height=\"12\" aria-hidden=\"true\" role=\"img\" focusable=\"false\" width=\"6\" height=\"12\" viewBox=\"0 0 6 12\" fill=\"none\" xmlns=\"http:\/\/www.w3.org\/2000\/svg\"><path fill-rule=\"evenodd\" clip-rule=\"evenodd\" d=\"M0.297064 1.10938C0.581821 0.824624 1.0435 0.824624 1.32826 1.10938L5.70326 5.48438C5.98802 5.76914 5.98802 6.23082 5.70326 6.51558L1.32826 10.8906C1.0435 11.1753 0.581821 11.1753 0.297064 10.8906C0.0123067 10.6058 0.0123067 10.1441 0.297064 9.85938L4.15647 5.99998L0.297064 2.14058C0.0123067 1.85582 0.0123067 1.39414 0.297064 1.10938Z\" fill=\"black\"\/><\/svg>\n    <span class=\"u-hidden-visually\">\n      Next\n    <\/span>\n  <\/button>\n  <\/div>\n              <\/div>\n    <\/div>\n  <\/div>\n    <style type=\"text\/css\">\n    [data-block_b26a2b713e3f316716838ebf57cbfdfe] {\n      background: #0000000D;\n      color: ;\n    }\n  <\/style>\n\n\n\n<div style=\"height:auto\" aria-hidden=\"true\" class=\"wp-block-spacer is-style-medium\"><\/div>\n\n\n\n<div class=\"wp-block-media-text is-stacked-on-mobile c-pattern c-pattern--cta has-background\" style=\"background-color:#f2f2f2\"><figure class=\"wp-block-media-text__media\"><img decoding=\"async\" width=\"542\" height=\"374\" src=\"https:\/\/www.yanmar.com\/marine\/wp-content\/uploads\/2024\/07\/image-95-1.png\" alt=\"\" class=\"wp-image-40317 size-full\" srcset=\"https:\/\/www.yanmar.com\/marine\/wp-content\/uploads\/2024\/07\/image-95-1.png 542w, https:\/\/www.yanmar.com\/marine\/wp-content\/uploads\/2024\/07\/image-95-1-300x207.png 300w\" sizes=\"(max-width: 542px) 100vw, 542px\" \/><\/figure><div class=\"wp-block-media-text__content\">\n<div style=\"height:auto\" aria-hidden=\"true\" class=\"wp-block-spacer\"><\/div>\n\n\n\n<h3 class=\"wp-block-heading has-text-align-center\"><strong>Questions et soutien<\/strong><\/h3>\n\n\n\n<p class=\"has-text-align-center\">Pour en savoir plus, <a href=\"https:\/\/www.yanmar.com\/marine\/fr\/service\/questions-frequemment-posees\/\">consultez nos FAQ<\/a> ou trouvez votre <a href=\"https:\/\/www.yanmar.com\/marine\/fr\/network\/\">revendeur ou distributeur local<\/a> dans notre r\u00e9seau mondial. N&#8217;h\u00e9sitez pas \u00e0 contacter YANMAR Marine pour toute question non technique en visitant notre page Contact ci-dessous.<\/p>\n\n\n\n<div class=\"wp-block-buttons is-content-justification-center is-layout-flex wp-container-core-buttons-is-layout-16018d1d wp-block-buttons-is-layout-flex\">\n<div class=\"wp-block-button\"><a class=\"wp-block-button__link has-text-align-center wp-element-button\" href=\"https:\/\/www.yanmar.com\/marine\/fr\/nous-contacter\/\">Contactez nous<\/a><\/div>\n<\/div>\n\n\n\n<div style=\"height:auto\" aria-hidden=\"true\" class=\"wp-block-spacer\"><\/div>\n<\/div><\/div>\n\n\n\n<div style=\"height:auto\" aria-hidden=\"true\" class=\"wp-block-spacer is-style-medium\"><\/div>\n","protected":false},"excerpt":{"rendered":"<p>PROPULS\u00c9 PAR YANMAR Engagement envers nos clients YANMAR est un partenaire fiable lorsqu&#8217;il s&#8217;agit d\u2019assurer une exp\u00e9rience exceptionnelle sur l&#8217;eau. [&hellip;]<\/p>\n","protected":false},"author":14,"featured_media":0,"parent":32472,"menu_order":2,"comment_status":"closed","ping_status":"closed","template":"","meta":{"_acf_changed":false,"footnotes":""},"tags":[],"class_list":["post-32505","page","type-page","status-publish","hentry"],"acf":[],"yoast_head":"<!-- This site is optimized with the Yoast SEO Premium plugin v27.2 (Yoast SEO v27.2) - https:\/\/yoast.com\/product\/yoast-seo-premium-wordpress\/ -->\n<title>Motoris\u00e9 par YANMAR - Un engagement sans faille envers nos clients<\/title>\n<meta name=\"description\" content=\"YANMAR offre des exp\u00e9riences exceptionnelles sur l&#039;eau gr\u00e2ce \u00e0 des solutions innovantes, \u00e0 la technologie, au r\u00e9seau de service mondial et aux pi\u00e8ces d&#039;origine YANMAR pour un engagement in\u00e9branlable envers nos clients.\" \/>\n<meta name=\"robots\" content=\"index, follow, max-snippet:-1, max-image-preview:large, max-video-preview:-1\" \/>\n<link rel=\"canonical\" href=\"https:\/\/www.yanmar.com\/marine\/a-propos-de-nous\/yanmar-marine-international\/powered-by-yanmar\/\" \/>\n<meta property=\"og:locale\" content=\"en_US\" \/>\n<meta property=\"og:type\" content=\"article\" \/>\n<meta property=\"og:title\" content=\"Motoris\u00e9 par YANMAR\" \/>\n<meta property=\"og:description\" content=\"YANMAR offre des exp\u00e9riences exceptionnelles sur l&#039;eau gr\u00e2ce \u00e0 des solutions innovantes, \u00e0 la technologie, au r\u00e9seau de service mondial et aux pi\u00e8ces d&#039;origine YANMAR pour un engagement in\u00e9branlable envers nos clients.\" \/>\n<meta property=\"og:url\" content=\"https:\/\/www.yanmar.com\/marine\/fr\/a-propos-de-nous\/yanmar-marine-international\/powered-by-yanmar\/\" \/>\n<meta property=\"og:site_name\" content=\"YANMAR Marine International\" \/>\n<meta property=\"article:modified_time\" content=\"2025-01-17T09:14:39+00:00\" \/>\n<meta property=\"og:image\" content=\"https:\/\/origin-ymi.yanmar.com\/marine\/wp-content\/uploads\/2024\/07\/image-95-1.png\" \/>\n<meta name=\"twitter:card\" content=\"summary_large_image\" \/>\n<meta name=\"twitter:label1\" content=\"Est. reading time\" \/>\n\t<meta name=\"twitter:data1\" content=\"1 minute\" \/>\n<script type=\"application\/ld+json\" class=\"yoast-schema-graph\">{\"@context\":\"https:\/\/schema.org\",\"@graph\":[{\"@type\":\"WebPage\",\"@id\":\"https:\/\/www.yanmar.com\/marine\/fr\/a-propos-de-nous\/yanmar-marine-international\/powered-by-yanmar\/\",\"url\":\"https:\/\/www.yanmar.com\/marine\/fr\/a-propos-de-nous\/yanmar-marine-international\/powered-by-yanmar\/\",\"name\":\"Motoris\u00e9 par YANMAR - Un engagement sans faille envers nos clients\",\"isPartOf\":{\"@id\":\"https:\/\/origin-ymi.yanmar.com\/marine\/#website\"},\"primaryImageOfPage\":{\"@id\":\"https:\/\/www.yanmar.com\/marine\/fr\/a-propos-de-nous\/yanmar-marine-international\/powered-by-yanmar\/#primaryimage\"},\"image\":{\"@id\":\"https:\/\/www.yanmar.com\/marine\/fr\/a-propos-de-nous\/yanmar-marine-international\/powered-by-yanmar\/#primaryimage\"},\"thumbnailUrl\":\"https:\/\/origin-ymi.yanmar.com\/marine\/wp-content\/uploads\/2024\/07\/image-95-1.png\",\"datePublished\":\"2020-02-25T15:02:25+00:00\",\"dateModified\":\"2025-01-17T09:14:39+00:00\",\"description\":\"YANMAR offre des exp\u00e9riences exceptionnelles sur l'eau gr\u00e2ce \u00e0 des solutions innovantes, \u00e0 la technologie, au r\u00e9seau de service mondial et aux pi\u00e8ces d'origine YANMAR pour un engagement in\u00e9branlable envers nos clients.\",\"breadcrumb\":{\"@id\":\"https:\/\/www.yanmar.com\/marine\/fr\/a-propos-de-nous\/yanmar-marine-international\/powered-by-yanmar\/#breadcrumb\"},\"inLanguage\":\"en-US\",\"potentialAction\":[{\"@type\":\"ReadAction\",\"target\":[\"https:\/\/www.yanmar.com\/marine\/fr\/a-propos-de-nous\/yanmar-marine-international\/powered-by-yanmar\/\"]}]},{\"@type\":\"ImageObject\",\"inLanguage\":\"en-US\",\"@id\":\"https:\/\/www.yanmar.com\/marine\/fr\/a-propos-de-nous\/yanmar-marine-international\/powered-by-yanmar\/#primaryimage\",\"url\":\"https:\/\/origin-ymi.yanmar.com\/marine\/wp-content\/uploads\/2024\/07\/image-95-1.png\",\"contentUrl\":\"https:\/\/origin-ymi.yanmar.com\/marine\/wp-content\/uploads\/2024\/07\/image-95-1.png\"},{\"@type\":\"BreadcrumbList\",\"@id\":\"https:\/\/www.yanmar.com\/marine\/fr\/a-propos-de-nous\/yanmar-marine-international\/powered-by-yanmar\/#breadcrumb\",\"itemListElement\":[{\"@type\":\"ListItem\",\"position\":1,\"name\":\"Yanmar Marine\",\"item\":\"https:\/\/origin-ymi.yanmar.com\/marine\/\"},{\"@type\":\"ListItem\",\"position\":2,\"name\":\"A propos de nous\",\"item\":\"https:\/\/origin-ymi.yanmar.com\/marine\/a-propos-de-nous\/\"},{\"@type\":\"ListItem\",\"position\":3,\"name\":\"\u00c0 propos de l&rsquo;IMJ\",\"item\":\"https:\/\/origin-ymi.yanmar.com\/marine\/a-propos-de-nous\/yanmar-marine-international\/\"},{\"@type\":\"ListItem\",\"position\":4,\"name\":\"Motoris\u00e9 par YANMAR\"}]},{\"@type\":\"WebSite\",\"@id\":\"https:\/\/origin-ymi.yanmar.com\/marine\/#website\",\"url\":\"https:\/\/origin-ymi.yanmar.com\/marine\/\",\"name\":\"YANMAR Marine International\",\"description\":\"Proven Marine Technology\",\"publisher\":{\"@id\":\"https:\/\/origin-ymi.yanmar.com\/marine\/#organization\"},\"potentialAction\":[{\"@type\":\"SearchAction\",\"target\":{\"@type\":\"EntryPoint\",\"urlTemplate\":\"https:\/\/origin-ymi.yanmar.com\/marine\/?s={search_term_string}\"},\"query-input\":{\"@type\":\"PropertyValueSpecification\",\"valueRequired\":true,\"valueName\":\"search_term_string\"}}],\"inLanguage\":\"en-US\"},{\"@type\":\"Organization\",\"@id\":\"https:\/\/origin-ymi.yanmar.com\/marine\/#organization\",\"name\":\"YANMAR Marine International\",\"url\":\"https:\/\/origin-ymi.yanmar.com\/marine\/\",\"logo\":{\"@type\":\"ImageObject\",\"inLanguage\":\"en-US\",\"@id\":\"https:\/\/origin-ymi.yanmar.com\/marine\/#\/schema\/logo\/image\/\",\"url\":\"https:\/\/origin-ymi.yanmar.com\/marine\/wp-content\/uploads\/2020\/03\/YANMAR-Brand-Logotype2.png\",\"contentUrl\":\"https:\/\/origin-ymi.yanmar.com\/marine\/wp-content\/uploads\/2020\/03\/YANMAR-Brand-Logotype2.png\",\"width\":842,\"height\":168,\"caption\":\"YANMAR Marine International\"},\"image\":{\"@id\":\"https:\/\/origin-ymi.yanmar.com\/marine\/#\/schema\/logo\/image\/\"}}]}<\/script>\n<!-- \/ Yoast SEO Premium plugin. -->","yoast_head_json":{"title":"Motoris\u00e9 par YANMAR - Un engagement sans faille envers nos clients","description":"YANMAR offre des exp\u00e9riences exceptionnelles sur l'eau gr\u00e2ce \u00e0 des solutions innovantes, \u00e0 la technologie, au r\u00e9seau de service mondial et aux pi\u00e8ces d'origine YANMAR pour un engagement in\u00e9branlable envers nos clients.","robots":{"index":"index","follow":"follow","max-snippet":"max-snippet:-1","max-image-preview":"max-image-preview:large","max-video-preview":"max-video-preview:-1"},"canonical":"https:\/\/www.yanmar.com\/marine\/a-propos-de-nous\/yanmar-marine-international\/powered-by-yanmar\/","og_locale":"en_US","og_type":"article","og_title":"Motoris\u00e9 par YANMAR","og_description":"YANMAR offre des exp\u00e9riences exceptionnelles sur l'eau gr\u00e2ce \u00e0 des solutions innovantes, \u00e0 la technologie, au r\u00e9seau de service mondial et aux pi\u00e8ces d'origine YANMAR pour un engagement in\u00e9branlable envers nos clients.","og_url":"https:\/\/www.yanmar.com\/marine\/fr\/a-propos-de-nous\/yanmar-marine-international\/powered-by-yanmar\/","og_site_name":"YANMAR Marine International","article_modified_time":"2025-01-17T09:14:39+00:00","og_image":[{"url":"https:\/\/origin-ymi.yanmar.com\/marine\/wp-content\/uploads\/2024\/07\/image-95-1.png","type":"","width":"","height":""}],"twitter_card":"summary_large_image","twitter_misc":{"Est. reading time":"1 minute"},"schema":{"@context":"https:\/\/schema.org","@graph":[{"@type":"WebPage","@id":"https:\/\/www.yanmar.com\/marine\/fr\/a-propos-de-nous\/yanmar-marine-international\/powered-by-yanmar\/","url":"https:\/\/www.yanmar.com\/marine\/fr\/a-propos-de-nous\/yanmar-marine-international\/powered-by-yanmar\/","name":"Motoris\u00e9 par YANMAR - Un engagement sans faille envers nos clients","isPartOf":{"@id":"https:\/\/origin-ymi.yanmar.com\/marine\/#website"},"primaryImageOfPage":{"@id":"https:\/\/www.yanmar.com\/marine\/fr\/a-propos-de-nous\/yanmar-marine-international\/powered-by-yanmar\/#primaryimage"},"image":{"@id":"https:\/\/www.yanmar.com\/marine\/fr\/a-propos-de-nous\/yanmar-marine-international\/powered-by-yanmar\/#primaryimage"},"thumbnailUrl":"https:\/\/origin-ymi.yanmar.com\/marine\/wp-content\/uploads\/2024\/07\/image-95-1.png","datePublished":"2020-02-25T15:02:25+00:00","dateModified":"2025-01-17T09:14:39+00:00","description":"YANMAR offre des exp\u00e9riences exceptionnelles sur l'eau gr\u00e2ce \u00e0 des solutions innovantes, \u00e0 la technologie, au r\u00e9seau de service mondial et aux pi\u00e8ces d'origine YANMAR pour un engagement in\u00e9branlable envers nos clients.","breadcrumb":{"@id":"https:\/\/www.yanmar.com\/marine\/fr\/a-propos-de-nous\/yanmar-marine-international\/powered-by-yanmar\/#breadcrumb"},"inLanguage":"en-US","potentialAction":[{"@type":"ReadAction","target":["https:\/\/www.yanmar.com\/marine\/fr\/a-propos-de-nous\/yanmar-marine-international\/powered-by-yanmar\/"]}]},{"@type":"ImageObject","inLanguage":"en-US","@id":"https:\/\/www.yanmar.com\/marine\/fr\/a-propos-de-nous\/yanmar-marine-international\/powered-by-yanmar\/#primaryimage","url":"https:\/\/origin-ymi.yanmar.com\/marine\/wp-content\/uploads\/2024\/07\/image-95-1.png","contentUrl":"https:\/\/origin-ymi.yanmar.com\/marine\/wp-content\/uploads\/2024\/07\/image-95-1.png"},{"@type":"BreadcrumbList","@id":"https:\/\/www.yanmar.com\/marine\/fr\/a-propos-de-nous\/yanmar-marine-international\/powered-by-yanmar\/#breadcrumb","itemListElement":[{"@type":"ListItem","position":1,"name":"Yanmar Marine","item":"https:\/\/origin-ymi.yanmar.com\/marine\/"},{"@type":"ListItem","position":2,"name":"A propos de nous","item":"https:\/\/origin-ymi.yanmar.com\/marine\/a-propos-de-nous\/"},{"@type":"ListItem","position":3,"name":"\u00c0 propos de l&rsquo;IMJ","item":"https:\/\/origin-ymi.yanmar.com\/marine\/a-propos-de-nous\/yanmar-marine-international\/"},{"@type":"ListItem","position":4,"name":"Motoris\u00e9 par YANMAR"}]},{"@type":"WebSite","@id":"https:\/\/origin-ymi.yanmar.com\/marine\/#website","url":"https:\/\/origin-ymi.yanmar.com\/marine\/","name":"YANMAR Marine International","description":"Proven Marine Technology","publisher":{"@id":"https:\/\/origin-ymi.yanmar.com\/marine\/#organization"},"potentialAction":[{"@type":"SearchAction","target":{"@type":"EntryPoint","urlTemplate":"https:\/\/origin-ymi.yanmar.com\/marine\/?s={search_term_string}"},"query-input":{"@type":"PropertyValueSpecification","valueRequired":true,"valueName":"search_term_string"}}],"inLanguage":"en-US"},{"@type":"Organization","@id":"https:\/\/origin-ymi.yanmar.com\/marine\/#organization","name":"YANMAR Marine International","url":"https:\/\/origin-ymi.yanmar.com\/marine\/","logo":{"@type":"ImageObject","inLanguage":"en-US","@id":"https:\/\/origin-ymi.yanmar.com\/marine\/#\/schema\/logo\/image\/","url":"https:\/\/origin-ymi.yanmar.com\/marine\/wp-content\/uploads\/2020\/03\/YANMAR-Brand-Logotype2.png","contentUrl":"https:\/\/origin-ymi.yanmar.com\/marine\/wp-content\/uploads\/2020\/03\/YANMAR-Brand-Logotype2.png","width":842,"height":168,"caption":"YANMAR Marine International"},"image":{"@id":"https:\/\/origin-ymi.yanmar.com\/marine\/#\/schema\/logo\/image\/"}}]}},"_links":{"self":[{"href":"https:\/\/www.yanmar.com\/marine\/wp-json\/wp\/v2\/pages\/32505","targetHints":{"allow":["GET"]}}],"collection":[{"href":"https:\/\/www.yanmar.com\/marine\/wp-json\/wp\/v2\/pages"}],"about":[{"href":"https:\/\/www.yanmar.com\/marine\/wp-json\/wp\/v2\/types\/page"}],"author":[{"embeddable":true,"href":"https:\/\/www.yanmar.com\/marine\/wp-json\/wp\/v2\/users\/14"}],"replies":[{"embeddable":true,"href":"https:\/\/www.yanmar.com\/marine\/wp-json\/wp\/v2\/comments?post=32505"}],"version-history":[{"count":12,"href":"https:\/\/www.yanmar.com\/marine\/wp-json\/wp\/v2\/pages\/32505\/revisions"}],"predecessor-version":[{"id":46147,"href":"https:\/\/www.yanmar.com\/marine\/wp-json\/wp\/v2\/pages\/32505\/revisions\/46147"}],"up":[{"embeddable":true,"href":"https:\/\/www.yanmar.com\/marine\/wp-json\/wp\/v2\/pages\/32472"}],"wp:attachment":[{"href":"https:\/\/www.yanmar.com\/marine\/wp-json\/wp\/v2\/media?parent=32505"}],"wp:term":[{"taxonomy":"post_tag","embeddable":true,"href":"https:\/\/www.yanmar.com\/marine\/wp-json\/wp\/v2\/tags?post=32505"}],"curies":[{"name":"wp","href":"https:\/\/api.w.org\/{rel}","templated":true}]}}