{"id":36499,"date":"2019-11-19T13:29:23","date_gmt":"2019-11-19T13:29:23","guid":{"rendered":"https:\/\/www.yanmar.com\/marine\/personvernerklring\/"},"modified":"2025-01-14T12:55:12","modified_gmt":"2025-01-14T12:55:12","slug":"personvernerklring","status":"publish","type":"page","link":"https:\/\/www.yanmar.com\/marine\/no\/kontakt-oss\/personvernerklring\/","title":{"rendered":"Personvernerkl\u00e6ring"},"content":{"rendered":"\n<div style=\"height:auto\" aria-hidden=\"true\" class=\"wp-block-spacer is-style-small\"><\/div>\n\n<h6 class=\"wp-block-heading has-text-align-center has-primary-color has-text-color has-link-color wp-elements-fb3cdb2f3d9986b48b70b127d4ae252f\">KONTAKT OSS<\/h6>\n\n<h2 class=\"wp-block-heading has-text-align-center\">Personvernerkl\u00e6ring<\/h2>\n\n<div style=\"height:auto\" aria-hidden=\"true\" class=\"wp-block-spacer is-style-small\"><\/div>\n\n<p><strong>Yanmar Marine International B.V.<\/strong> ( <strong>&#8220;Selskapet&#8221;<\/strong>), i forbindelse med levering av markedsf\u00f8ring, salg, ettersalg, garanti og teknisk st\u00f8tte (&#8221; <strong>Tjenesten<\/strong>&#8220;) til Kunder (&#8221; <strong>Kundene<\/strong>&#8220;), med det form\u00e5l \u00e5 overholde EUs personvernforordning (&#8221; <strong>GDPR&#8221;<\/strong>), og for \u00e5 behandle Kundenes personopplysninger p\u00e5 en hensiktsmessig m\u00e5te, utarbeider herved denne &#8220;Personvernerkl\u00e6ringen&#8221; (&#8221; <strong>Personvernerkl\u00e6ringen<\/strong>&#8220;).<\/p>\n\n<div style=\"height:auto\" aria-hidden=\"true\" class=\"wp-block-spacer\"><\/div>\n\n<h2 class=\"wp-block-heading\">1. BEHANDLING AV PERSONOPPLYSNINGER<\/h2>\n\n<h2 class=\"wp-block-heading\">(1) Definisjoner<\/h2>\n\n<p>&#8220;Personopplysninger&#8221; betyr alle opplysninger om en identifisert eller identifiserbar fysisk person, inkludert, men ikke begrenset til, navn, adresse, f\u00f8dselsdato, telefonnummer, e-postadresse og bruker-ID for kunden.<br\/>Med &#8220;behandling&#8221; menes enhver operasjon eller rekke av operasjoner som utf\u00f8res p\u00e5 personopplysninger eller p\u00e5 grupper av personopplysninger, enten automatisert eller ikke, for eksempel innsamling, registrering, organisering, strukturering, lagring, tilpasning eller endring, gjenfinning, konsultasjon, bruk, utlevering ved overf\u00f8ring, spredning eller tilgjengeliggj\u00f8ring p\u00e5 annen m\u00e5te, sammenstilling eller samkj\u00f8ring, begrensning, sletting eller tilintetgj\u00f8ring.<br\/>&#8220;Behandlingsansvarlig&#8221; betyr en juridisk person osv. som, alene eller sammen med andre, bestemmer form\u00e5let med og midlene for behandlingen av personopplysninger.<br\/>&#8220;Databehandler&#8221; betyr en juridisk person osv. som behandler personopplysninger p\u00e5 vegne av Behandlingsansvarlig.<\/p>\n\n<p>(2) Typer personopplysninger som skal samles inn Selskapet vil samle inn f\u00f8lgende typer personopplysninger om Kundene i forbindelse med Tjenesten:<\/p>\n\n<p>navn, hjemmeadresse og\/eller firmaadresse<br\/>telefonnummer, faksnummer<br\/>e-postadresse<br\/>relasjoner med v\u00e5rt nettverk<br\/>interesser i v\u00e5re produkter<br\/>informasjonskapsler, n\u00e5r du samhandler p\u00e5 nettstedet v\u00e5rt. Les mer om v\u00e5re retningslinjer for informasjonskapsler <\/p>\n\n<p>(3) Form\u00e5l med bruk av personopplysninger<br\/>Selskapet vil behandle kundenes personopplysninger for f\u00f8lgende form\u00e5l:<\/p>\n\n<p>\u00e5 markedsf\u00f8re Selskapets produkter og tjenester<br\/>\u00e5 svare p\u00e5 henvendelser og foresp\u00f8rsler fra Kundene<br\/>\u00e5 oppbevare informasjon om garantikrav<br\/>\u00e5 kontakte Kundene n\u00e5r servicekampanjer iverksettes<br\/>\u00e5 avgj\u00f8re om garantikrav skal aksepteres eller ikke<br\/>\u00e5 foreta utbetalinger i forbindelse med garantikrav<br\/>\u00e5 yte service etter garantien<br\/>\u00e5 forbedre den opplevde kvaliteten p\u00e5 Selskapets produkter<br\/>\u00e5 administrere og overv\u00e5ke kontakten mellom Selskapet, kundene og servicenettverket<br\/>for \u00e5 forbedre kundeopplevelsen og<br\/>for \u00e5 gi en god brukeropplevelse p\u00e5 nettet<\/p>\n\n<p>Hvis Selskapet skal behandle Kundenes personopplysninger til andre form\u00e5l enn det som er nevnt ovenfor, vil Selskapet p\u00e5 forh\u00e5nd varsle Kundene om slike nye bruksform\u00e5l og andre forhold som kreves i henhold til gjeldende lovgivning.<\/p>\n\n<p>Ved \u00e5 tilkjennegi sin intensjon om \u00e5 samtykke til denne personvernerkl\u00e6ringen, anses Kundene \u00e5 ha samtykket til Selskapets behandling av deres personopplysninger innenfor rammen av de ovennevnte bruksform\u00e5lene, og Selskapet vil behandle Kundenes personopplysninger basert p\u00e5 Kundenes samtykke; forutsatt at Kundene n\u00e5r som helst kan trekke tilbake et slikt samtykke, og en slik tilbaketrekking skal ikke p\u00e5virke enhver legitim behandling som er utf\u00f8rt i henhold til samtykket f\u00f8r tilbaketrekkingen. Selskapet kan ogs\u00e5 behandle Kundens personopplysninger innenfor rammen av ovennevnte bruksform\u00e5l i henhold til et rettslig grunnlag som er tillatt av GDPR. <\/p>\n\n<p>Selskapet kan kreve at Kundene oppgir sine personopplysninger i forbindelse med levering av Tjenestene. I slike tilfeller kan det hende at Selskapet ikke kan levere Tjenestene hvis enkelte Kunder ikke oppgir personopplysningene sine. <\/p>\n\n<p>(4) Oppbevaringsperiode<br\/>Selskapet vil oppbevare kundenes personopplysninger i den utstrekning Selskapet trenger slike opplysninger for \u00e5 oppn\u00e5 de bruksform\u00e5lene som er angitt i 1.(3) ovenfor, og vil umiddelbart slette dem n\u00e5r de ikke lenger er n\u00f8dvendige.<\/p>\n\n<p>(5) Tredjepartsoverf\u00f8ring<br\/>Selskapet kan gi kundenes personopplysninger til tredjeparter som datterselskaper og tilknyttede selskaper til selskapet, forhandlere, forhandlere, skyleverand\u00f8rer og entrepren\u00f8rer av selskapet, etc., for \u00e5 implementere bruksform\u00e5lene som er spesifisert ovenfor. Slike tredjeparter som Selskapet kan gi Kundens personopplysninger til, inkluderer de som befinner seg i land utenfor Det europeiske \u00f8konomiske samarbeidsomr\u00e5det (&#8220;E\u00d8S&#8221;, inkludert, uten begrensning, Japan; det samme skal gjelde i det f\u00f8lgende), og Kundene anses \u00e5 ha samtykket til f\u00f8lgende forhold ved \u00e5 samtykke til denne personvernerkl\u00e6ringen: <\/p>\n\n<p>(a) Enkelte land utenfor E\u00d8S har kanskje ikke samme niv\u00e5 av databeskyttelseslover som E\u00d8S, og dermed kan det hende at en del av rettighetene som gis til kunder innenfor E\u00d8S ikke er tilgjengelige;<br\/>(b) kundenes personopplysninger kan utleveres og behandles for de form\u00e5l som er angitt i 1.(3) ovenfor; og<br\/>(c) Kundenes personopplysninger kan bli gitt til tredjeparter som befinner seg i et land utenfor E\u00d8S.<\/p>\n\n<p>(6) Utlevering, korrigering og andre prosedyrer vedr\u00f8rende personopplysningene<br\/>Kundene har rett til \u00e5 f\u00e5 innsyn i, be om korrigering, be om sletting, be om \u00e5 begrense behandlingen, protestere mot behandlingen og be om dataportabilitet, med hensyn til personopplysningene som oppbevares av selskapet i henhold til bestemmelsene i relevante lover og forskrifter. Slike foresp\u00f8rsler skal rettes til kontaktpunktet som er angitt i &#8220;5. Kontakt&#8221; nedenfor. Selskapet kan avsl\u00e5 Kundens foresp\u00f8rsel hvis Selskapet anser at det ikke er grunnlag for en slik foresp\u00f8rsel eller hvis foresp\u00f8rselen anses som overdreven.<br\/>Kundene kan sende inn innsigelser til databeskyttelsesmyndighetene som har jurisdiksjon over Kundens bosted n\u00e5r det gjelder Selskapets behandling av deres personopplysninger.  <\/p>\n\n<p>(7) Avmelding fra direkte markedsf\u00f8ring<br\/>Dersom Kunden \u00f8nsker \u00e5 avmelde seg fra Selskapets direkte markedsf\u00f8ring, skal Kunden kontakte kontaktpunktet som er angitt i &#8220;Kontakt&#8221; nedenfor.<\/p>\n\n<div style=\"height:auto\" aria-hidden=\"true\" class=\"wp-block-spacer\"><\/div>\n\n<h2 class=\"wp-block-heading\">2. TILTAK FOR SIKKERHETSSTYRING<\/h2>\n\n<p>For \u00e5 beskytte personopplysningene mot uautorisert tilgang og tap osv, har selskapet, med tanke p\u00e5 typen personopplysninger, graden av sensitivitet og graden av p\u00e5virkning p\u00e5 kundene, inkludert \u00f8konomisk p\u00e5virkning og psykisk skade i tilfelle personopplysningene krenkes p\u00e5 ulovlig vis, foretatt en omfattende evaluering og vurdering av risikoen for krenkelse av personopplysninger, og har iverksatt n\u00f8dvendige og hensiktsmessige personlige, organisatoriske og tekniske sikkerhetstiltak i samsvar med slik risiko for krenkelse av personopplysninger, og vil videre gjennomg\u00e5 slike sikkerhetstiltak etter behov, sette opp en prosess for \u00e5 iverksette korrigerende tiltak og kontinuerlig gj\u00f8re en innsats for \u00e5 forbedre sikkerheten.<\/p>\n\n<p>Selskapet vil gj\u00f8re sitt ytterste for \u00e5 h\u00e5ndtere personopplysninger p\u00e5 en hensiktsmessig m\u00e5te ved \u00e5 begrense adgangen for utenforst\u00e5ende til kontorene der behandlingen av personopplysninger finner sted, gjennomf\u00f8re bevisstgj\u00f8ringsaktiviteter rettet mot alle ledere og ansatte som er involvert i beskyttelsen av personopplysninger, og utnevne ansvarlige ledere for hver divisjon som behandler personopplysninger. Hvis selskapet, i sin rolle som behandlingsansvarlig, inng\u00e5r kontrakt med en databehandler, skal selskapet velge en databehandler som er i stand til \u00e5 implementere egnede tekniske og organisatoriske tiltak, og skal administrere en slik databehandler p\u00e5 en hensiktsmessig m\u00e5te. I henhold til GDPR skal selskapet utarbeide registre over behandlingen av personopplysninger.  <\/p>\n\n<div style=\"height:auto\" aria-hidden=\"true\" class=\"wp-block-spacer\"><\/div>\n\n<h2 class=\"wp-block-heading\">3. BARN<\/h2>\n\n<p>V\u00e6r oppmerksom p\u00e5 at dette nettstedet ikke er beregnet p\u00e5 barn under 16 \u00e5r. Hvis et barn under 13 \u00e5r har gitt personlig identifiserbar informasjon til Yanmar via v\u00e5rt nettsted, kan en forelder eller foresatt kontakte ymi-privacy@yanmar.com for \u00e5 be om at informasjonen slettes fra v\u00e5re registre. Etter \u00e5 ha mottatt en slik foresp\u00f8rsel, vil Yanmar gj\u00f8re rimelige tiltak for \u00e5 slette barnets informasjon fra v\u00e5re registre.  <\/p>\n\n<div style=\"height:auto\" aria-hidden=\"true\" class=\"wp-block-spacer\"><\/div>\n\n<h2 class=\"wp-block-heading\">4. INNBYGGERE I KALIFORNIA, USA<\/h2>\n\n<p>Lovverket i California (CCPA) tillater innbyggere i California \u00e5 be om \u00e5 f\u00e5 utlevert personlig informasjon som Yanmar har om deg, kostnadsfritt. Innbyggere i California kan sende en slik foresp\u00f8rsel skriftlig ved \u00e5 sende en e-post til ymi-privacy@yanmar.com med navnet ditt og oppgi CCPA i emnelinjen i e-posten, eller ved \u00e5 ringe 1-727-803-6565 (eller gratisnummer 1-800-545-4574). Innen 30 dager etter at vi har mottatt foresp\u00f8rselen din, vil vi svare med identifikasjon av personopplysningene som Yanmar er i besittelse av.  <\/p>\n\n<p>Californias &#8220;Shine the Light Law&#8221;, California Civil Code Section 1798.83, tillater innbyggere i California \u00e5 be om og f\u00e5 gratis informasjon \u00e9n gang i \u00e5ret om personopplysninger (som definert i Californias lovgivning) som vi eventuelt har utlevert til visse tredjeparter for direkte markedsf\u00f8ringsform\u00e5l i l\u00f8pet av det foreg\u00e5ende kalender\u00e5ret. Innbyggere i California kan sende en slik foresp\u00f8rsel skriftlig ved \u00e5 sende en e-post til ymi-privacy@yanmar.com med navn og adresse, og oppgi &#8220;California Shine the Light Request&#8221; i emnelinjen i e-posten. Innen 30 dager etter at vi har mottatt foresp\u00f8rselen din, og der det er lovp\u00e5lagt, vil vi sende deg en liste over kategorier av personopplysninger som er utlevert til tredjeparter for direkte markedsf\u00f8ringsform\u00e5l i l\u00f8pet av det umiddelbart foreg\u00e5ende kalender\u00e5ret, sammen med navn og adresse til disse tredjepartene.  <\/p>\n\n<div style=\"height:auto\" aria-hidden=\"true\" class=\"wp-block-spacer\"><\/div>\n\n<h2 class=\"wp-block-heading\">5. KONTINUERLIG FORBEDRING<\/h2>\n\n<p>Selskapet skal kontinuerlig gjennomg\u00e5 og revidere sitt arbeid med behandling av personopplysninger for \u00e5 tilpasse seg endringer i personvernforordningen, behandlingsmetoder og omgivelsene.<\/p>\n\n<div style=\"height:auto\" aria-hidden=\"true\" class=\"wp-block-spacer\"><\/div>\n\n<h2 class=\"wp-block-heading\">6. ENDRING AV DENNE PERSONVERNERKL\u00c6RINGEN<\/h2>\n\n<p>Selskapet kan n\u00e5r som helst endre denne personvernerkl\u00e6ringen. Selskapet skal fastsette ikrafttredelsesdatoen for endringen og informere kundene senest 30 dager f\u00f8r ikrafttredelsesdatoen ved hjelp av publisering p\u00e5 v\u00e5r nettside og kundeportal. Kunder som fortsetter \u00e5 bruke Tjenesten p\u00e5 ikrafttredelsesdatoen eller senere, skal anses \u00e5 ha samtykket til den endrede personvernerkl\u00e6ringen.  <\/p>\n\n<div style=\"height:auto\" aria-hidden=\"true\" class=\"wp-block-spacer\"><\/div>\n\n<h2 class=\"wp-block-heading\">7. KONTAKT<\/h2>\n\n<p>Selskapets kontaktpunkt vedr\u00f8rende denne personvernerkl\u00e6ringen er som vist nedenfor. Eventuelle sp\u00f8rsm\u00e5l eller bekymringer vedr\u00f8rende denne personvernerkl\u00e6ringen eller Selskapets behandling av personopplysninger, eller eventuelle foresp\u00f8rsler om innsyn, retting, sletting, begrensning av behandling eller dataportabilitet av personopplysningene, skal rettes til dette kontaktpunktet: <\/p>\n\n<p>Yanmar Marine International B.V.<br\/>Planleggingsavdeling<br\/>Brugplein 11, Almere<br\/>+31-36-5493200<br\/><a href=\"mailto:ymi-privacy@yanmar.com\">ymi-privacy@yanmar.com<\/a><\/p>\n\n<div style=\"height:auto\" aria-hidden=\"true\" class=\"wp-block-spacer is-style-medium\"><\/div>\n","protected":false},"excerpt":{"rendered":"<p>KONTAKT OSS Personvernerkl\u00e6ring Yanmar Marine International B.V. ( &#8220;Selskapet&#8221;), i forbindelse med levering av markedsf\u00f8ring, salg, ettersalg, garanti og teknisk [&hellip;]<\/p>\n","protected":false},"author":14,"featured_media":0,"parent":36761,"menu_order":4,"comment_status":"closed","ping_status":"closed","template":"","meta":{"_acf_changed":false,"footnotes":""},"tags":[],"class_list":["post-36499","page","type-page","status-publish","hentry"],"acf":[],"yoast_head":"<!-- This site is optimized with the Yoast SEO Premium plugin v27.2 (Yoast SEO v27.2) - https:\/\/yoast.com\/product\/yoast-seo-premium-wordpress\/ -->\n<title>Personvernerkl\u00e6ring - YANMAR Marine International<\/title>\n<meta name=\"description\" content=\"Yanmar Marine International B.V. (&quot;Selskapet&quot;), i forbindelse med levering av markedsf\u00f8ring, salg, ettersalg, garanti og teknisk st\u00f8tte (&quot;Tjenesten&quot;) til Kunder (&quot;Kundene&quot;), med det form\u00e5l \u00e5 overholde EUs personvernforordning (&quot;GDPR&quot;), og for \u00e5 behandle Kundenes personopplysninger p\u00e5 en hensiktsmessig m\u00e5te, utarbeider herved denne &quot;Personvernerkl\u00e6ringen&quot; (&quot;Personvernerkl\u00e6ringen&quot;).\" \/>\n<meta name=\"robots\" content=\"index, follow, max-snippet:-1, max-image-preview:large, max-video-preview:-1\" \/>\n<link rel=\"canonical\" href=\"https:\/\/www.yanmar.com\/marine\/kontakt-oss\/personvernerklring\/\" \/>\n<meta property=\"og:locale\" content=\"en_US\" \/>\n<meta property=\"og:type\" content=\"article\" \/>\n<meta property=\"og:title\" content=\"Personvernerkl\u00e6ring\" \/>\n<meta property=\"og:description\" content=\"Yanmar Marine International B.V. (&quot;Selskapet&quot;), i forbindelse med levering av markedsf\u00f8ring, salg, ettersalg, garanti og teknisk st\u00f8tte (&quot;Tjenesten&quot;) til Kunder (&quot;Kundene&quot;), med det form\u00e5l \u00e5 overholde EUs personvernforordning (&quot;GDPR&quot;), og for \u00e5 behandle Kundenes personopplysninger p\u00e5 en hensiktsmessig m\u00e5te, utarbeider herved denne &quot;Personvernerkl\u00e6ringen&quot; (&quot;Personvernerkl\u00e6ringen&quot;).\" \/>\n<meta property=\"og:url\" content=\"https:\/\/www.yanmar.com\/marine\/no\/kontakt-oss\/personvernerklring\/\" \/>\n<meta property=\"og:site_name\" content=\"YANMAR Marine International\" \/>\n<meta property=\"article:modified_time\" content=\"2025-01-14T12:55:12+00:00\" \/>\n<meta name=\"twitter:card\" content=\"summary_large_image\" \/>\n<meta name=\"twitter:label1\" content=\"Est. reading time\" \/>\n\t<meta name=\"twitter:data1\" content=\"8 minutes\" \/>\n<script type=\"application\/ld+json\" class=\"yoast-schema-graph\">{\"@context\":\"https:\/\/schema.org\",\"@graph\":[{\"@type\":\"WebPage\",\"@id\":\"https:\/\/www.yanmar.com\/marine\/no\/kontakt-oss\/personvernerklring\/\",\"url\":\"https:\/\/www.yanmar.com\/marine\/no\/kontakt-oss\/personvernerklring\/\",\"name\":\"Personvernerkl\u00e6ring - YANMAR Marine International\",\"isPartOf\":{\"@id\":\"https:\/\/origin-ymi.yanmar.com\/marine\/#website\"},\"datePublished\":\"2019-11-19T13:29:23+00:00\",\"dateModified\":\"2025-01-14T12:55:12+00:00\",\"description\":\"Yanmar Marine International B.V. (\\\"Selskapet\\\"), i forbindelse med levering av markedsf\u00f8ring, salg, ettersalg, garanti og teknisk st\u00f8tte (\\\"Tjenesten\\\") til Kunder (\\\"Kundene\\\"), med det form\u00e5l \u00e5 overholde EUs personvernforordning (\\\"GDPR\\\"), og for \u00e5 behandle Kundenes personopplysninger p\u00e5 en hensiktsmessig m\u00e5te, utarbeider herved denne \\\"Personvernerkl\u00e6ringen\\\" (\\\"Personvernerkl\u00e6ringen\\\").\",\"breadcrumb\":{\"@id\":\"https:\/\/www.yanmar.com\/marine\/no\/kontakt-oss\/personvernerklring\/#breadcrumb\"},\"inLanguage\":\"en-US\",\"potentialAction\":[{\"@type\":\"ReadAction\",\"target\":[\"https:\/\/www.yanmar.com\/marine\/no\/kontakt-oss\/personvernerklring\/\"]}]},{\"@type\":\"BreadcrumbList\",\"@id\":\"https:\/\/www.yanmar.com\/marine\/no\/kontakt-oss\/personvernerklring\/#breadcrumb\",\"itemListElement\":[{\"@type\":\"ListItem\",\"position\":1,\"name\":\"Yanmar Marine\",\"item\":\"https:\/\/origin-ymi.yanmar.com\/marine\/\"},{\"@type\":\"ListItem\",\"position\":2,\"name\":\"Kontakt oss\",\"item\":\"https:\/\/origin-ymi.yanmar.com\/marine\/kontakt-oss\/\"},{\"@type\":\"ListItem\",\"position\":3,\"name\":\"Personvernerkl\u00e6ring\"}]},{\"@type\":\"WebSite\",\"@id\":\"https:\/\/origin-ymi.yanmar.com\/marine\/#website\",\"url\":\"https:\/\/origin-ymi.yanmar.com\/marine\/\",\"name\":\"YANMAR Marine International\",\"description\":\"Proven Marine Technology\",\"publisher\":{\"@id\":\"https:\/\/origin-ymi.yanmar.com\/marine\/#organization\"},\"potentialAction\":[{\"@type\":\"SearchAction\",\"target\":{\"@type\":\"EntryPoint\",\"urlTemplate\":\"https:\/\/origin-ymi.yanmar.com\/marine\/?s={search_term_string}\"},\"query-input\":{\"@type\":\"PropertyValueSpecification\",\"valueRequired\":true,\"valueName\":\"search_term_string\"}}],\"inLanguage\":\"en-US\"},{\"@type\":\"Organization\",\"@id\":\"https:\/\/origin-ymi.yanmar.com\/marine\/#organization\",\"name\":\"YANMAR Marine International\",\"url\":\"https:\/\/origin-ymi.yanmar.com\/marine\/\",\"logo\":{\"@type\":\"ImageObject\",\"inLanguage\":\"en-US\",\"@id\":\"https:\/\/origin-ymi.yanmar.com\/marine\/#\/schema\/logo\/image\/\",\"url\":\"https:\/\/origin-ymi.yanmar.com\/marine\/wp-content\/uploads\/2020\/03\/YANMAR-Brand-Logotype2.png\",\"contentUrl\":\"https:\/\/origin-ymi.yanmar.com\/marine\/wp-content\/uploads\/2020\/03\/YANMAR-Brand-Logotype2.png\",\"width\":842,\"height\":168,\"caption\":\"YANMAR Marine International\"},\"image\":{\"@id\":\"https:\/\/origin-ymi.yanmar.com\/marine\/#\/schema\/logo\/image\/\"}}]}<\/script>\n<!-- \/ Yoast SEO Premium plugin. -->","yoast_head_json":{"title":"Personvernerkl\u00e6ring - YANMAR Marine International","description":"Yanmar Marine International B.V. (\"Selskapet\"), i forbindelse med levering av markedsf\u00f8ring, salg, ettersalg, garanti og teknisk st\u00f8tte (\"Tjenesten\") til Kunder (\"Kundene\"), med det form\u00e5l \u00e5 overholde EUs personvernforordning (\"GDPR\"), og for \u00e5 behandle Kundenes personopplysninger p\u00e5 en hensiktsmessig m\u00e5te, utarbeider herved denne \"Personvernerkl\u00e6ringen\" (\"Personvernerkl\u00e6ringen\").","robots":{"index":"index","follow":"follow","max-snippet":"max-snippet:-1","max-image-preview":"max-image-preview:large","max-video-preview":"max-video-preview:-1"},"canonical":"https:\/\/www.yanmar.com\/marine\/kontakt-oss\/personvernerklring\/","og_locale":"en_US","og_type":"article","og_title":"Personvernerkl\u00e6ring","og_description":"Yanmar Marine International B.V. (\"Selskapet\"), i forbindelse med levering av markedsf\u00f8ring, salg, ettersalg, garanti og teknisk st\u00f8tte (\"Tjenesten\") til Kunder (\"Kundene\"), med det form\u00e5l \u00e5 overholde EUs personvernforordning (\"GDPR\"), og for \u00e5 behandle Kundenes personopplysninger p\u00e5 en hensiktsmessig m\u00e5te, utarbeider herved denne \"Personvernerkl\u00e6ringen\" (\"Personvernerkl\u00e6ringen\").","og_url":"https:\/\/www.yanmar.com\/marine\/no\/kontakt-oss\/personvernerklring\/","og_site_name":"YANMAR Marine International","article_modified_time":"2025-01-14T12:55:12+00:00","twitter_card":"summary_large_image","twitter_misc":{"Est. reading time":"8 minutes"},"schema":{"@context":"https:\/\/schema.org","@graph":[{"@type":"WebPage","@id":"https:\/\/www.yanmar.com\/marine\/no\/kontakt-oss\/personvernerklring\/","url":"https:\/\/www.yanmar.com\/marine\/no\/kontakt-oss\/personvernerklring\/","name":"Personvernerkl\u00e6ring - YANMAR Marine International","isPartOf":{"@id":"https:\/\/origin-ymi.yanmar.com\/marine\/#website"},"datePublished":"2019-11-19T13:29:23+00:00","dateModified":"2025-01-14T12:55:12+00:00","description":"Yanmar Marine International B.V. (\"Selskapet\"), i forbindelse med levering av markedsf\u00f8ring, salg, ettersalg, garanti og teknisk st\u00f8tte (\"Tjenesten\") til Kunder (\"Kundene\"), med det form\u00e5l \u00e5 overholde EUs personvernforordning (\"GDPR\"), og for \u00e5 behandle Kundenes personopplysninger p\u00e5 en hensiktsmessig m\u00e5te, utarbeider herved denne \"Personvernerkl\u00e6ringen\" (\"Personvernerkl\u00e6ringen\").","breadcrumb":{"@id":"https:\/\/www.yanmar.com\/marine\/no\/kontakt-oss\/personvernerklring\/#breadcrumb"},"inLanguage":"en-US","potentialAction":[{"@type":"ReadAction","target":["https:\/\/www.yanmar.com\/marine\/no\/kontakt-oss\/personvernerklring\/"]}]},{"@type":"BreadcrumbList","@id":"https:\/\/www.yanmar.com\/marine\/no\/kontakt-oss\/personvernerklring\/#breadcrumb","itemListElement":[{"@type":"ListItem","position":1,"name":"Yanmar Marine","item":"https:\/\/origin-ymi.yanmar.com\/marine\/"},{"@type":"ListItem","position":2,"name":"Kontakt oss","item":"https:\/\/origin-ymi.yanmar.com\/marine\/kontakt-oss\/"},{"@type":"ListItem","position":3,"name":"Personvernerkl\u00e6ring"}]},{"@type":"WebSite","@id":"https:\/\/origin-ymi.yanmar.com\/marine\/#website","url":"https:\/\/origin-ymi.yanmar.com\/marine\/","name":"YANMAR Marine International","description":"Proven Marine Technology","publisher":{"@id":"https:\/\/origin-ymi.yanmar.com\/marine\/#organization"},"potentialAction":[{"@type":"SearchAction","target":{"@type":"EntryPoint","urlTemplate":"https:\/\/origin-ymi.yanmar.com\/marine\/?s={search_term_string}"},"query-input":{"@type":"PropertyValueSpecification","valueRequired":true,"valueName":"search_term_string"}}],"inLanguage":"en-US"},{"@type":"Organization","@id":"https:\/\/origin-ymi.yanmar.com\/marine\/#organization","name":"YANMAR Marine International","url":"https:\/\/origin-ymi.yanmar.com\/marine\/","logo":{"@type":"ImageObject","inLanguage":"en-US","@id":"https:\/\/origin-ymi.yanmar.com\/marine\/#\/schema\/logo\/image\/","url":"https:\/\/origin-ymi.yanmar.com\/marine\/wp-content\/uploads\/2020\/03\/YANMAR-Brand-Logotype2.png","contentUrl":"https:\/\/origin-ymi.yanmar.com\/marine\/wp-content\/uploads\/2020\/03\/YANMAR-Brand-Logotype2.png","width":842,"height":168,"caption":"YANMAR Marine International"},"image":{"@id":"https:\/\/origin-ymi.yanmar.com\/marine\/#\/schema\/logo\/image\/"}}]}},"_links":{"self":[{"href":"https:\/\/www.yanmar.com\/marine\/wp-json\/wp\/v2\/pages\/36499","targetHints":{"allow":["GET"]}}],"collection":[{"href":"https:\/\/www.yanmar.com\/marine\/wp-json\/wp\/v2\/pages"}],"about":[{"href":"https:\/\/www.yanmar.com\/marine\/wp-json\/wp\/v2\/types\/page"}],"author":[{"embeddable":true,"href":"https:\/\/www.yanmar.com\/marine\/wp-json\/wp\/v2\/users\/14"}],"replies":[{"embeddable":true,"href":"https:\/\/www.yanmar.com\/marine\/wp-json\/wp\/v2\/comments?post=36499"}],"version-history":[{"count":7,"href":"https:\/\/www.yanmar.com\/marine\/wp-json\/wp\/v2\/pages\/36499\/revisions"}],"predecessor-version":[{"id":45682,"href":"https:\/\/www.yanmar.com\/marine\/wp-json\/wp\/v2\/pages\/36499\/revisions\/45682"}],"up":[{"embeddable":true,"href":"https:\/\/www.yanmar.com\/marine\/wp-json\/wp\/v2\/pages\/36761"}],"wp:attachment":[{"href":"https:\/\/www.yanmar.com\/marine\/wp-json\/wp\/v2\/media?parent=36499"}],"wp:term":[{"taxonomy":"post_tag","embeddable":true,"href":"https:\/\/www.yanmar.com\/marine\/wp-json\/wp\/v2\/tags?post=36499"}],"curies":[{"name":"wp","href":"https:\/\/api.w.org\/{rel}","templated":true}]}}