{"id":36501,"date":"2019-12-06T15:52:57","date_gmt":"2019-12-06T15:52:57","guid":{"rendered":"https:\/\/www.yanmar.com\/marine\/retningslinjer-for-informasjonskapsler\/"},"modified":"2025-01-14T12:55:14","modified_gmt":"2025-01-14T12:55:14","slug":"retningslinjer-for-informasjonskapsler","status":"publish","type":"page","link":"https:\/\/www.yanmar.com\/marine\/no\/kontakt-oss\/retningslinjer-for-informasjonskapsler\/","title":{"rendered":"Retningslinjer for informasjonskapsler"},"content":{"rendered":"\n<div style=\"height:auto\" aria-hidden=\"true\" class=\"wp-block-spacer is-style-small\"><\/div>\n\n<h6 class=\"wp-block-heading has-text-align-center has-primary-color has-text-color has-link-color wp-elements-fb3cdb2f3d9986b48b70b127d4ae252f\">KONTAKT OSS<\/h6>\n\n<h2 class=\"wp-block-heading has-text-align-center\">Retningslinjer for informasjonskapsler<\/h2>\n\n<div style=\"height:auto\" aria-hidden=\"true\" class=\"wp-block-spacer is-style-small\"><\/div>\n\n<p>Dette nettstedet, i likhet med mange andre, bruker sm\u00e5 filer som kalles informasjonskapsler for \u00e5 tilpasse opplevelsen din.<\/p>\n\n<div style=\"height:auto\" aria-hidden=\"true\" class=\"wp-block-spacer is-style-default\"><\/div>\n\n<h2 class=\"wp-block-heading\">Hva er informasjonskapsler?<\/h2>\n\n<p>Informasjonskapsler er sm\u00e5 tekstfiler som et nettsted ber nettleseren din om \u00e5 lagre p\u00e5 datamaskinen, nettbrettet eller mobiltelefonen din n\u00e5r du bes\u00f8ker et nettsted, av ulike \u00e5rsaker. Informasjonskapsler kan brukes til \u00e5 forst\u00e5 hvordan nettstedet eller tjenesten brukes, hjelpe deg med \u00e5 navigere mellom sider p\u00e5 en effektiv m\u00e5te, hjelpe deg med \u00e5 huske preferansene dine og generelt forbedre nettleseropplevelsen din. Informasjonskapsler kan ogs\u00e5 bidra til \u00e5 sikre at det du ser p\u00e5 nettet, er mer relevant for deg og dine interesser.  <\/p>\n\n<div style=\"height:auto\" aria-hidden=\"true\" class=\"wp-block-spacer is-style-default\"><\/div>\n\n<h2 class=\"wp-block-heading\">Informasjon om v\u00e5r bruk av informasjonskapsler<\/h2>\n\n<p>F\u00f8lgende typer informasjonskapsler brukes p\u00e5 dette nettstedet.<\/p>\n\n<p><strong>&gt;  FUNKSJONELLE OG YTELSESRELATERTE INFORMASJONSKAPSLER<\/strong><\/p>\n\n<p>V\u00e5re funksjonelle informasjonskapsler er helt n\u00f8dvendige for at nettstedet skal fungere som det skal. Disse informasjonskapslene hjelper oss med \u00e5 tilby visse funksjoner du har bedt om, de gj\u00f8r det mulig for oss \u00e5 huske preferansene dine og s\u00f8rger for at riktig informasjon vises raskt og n\u00f8yaktig hver gang du bes\u00f8ker nettstedet v\u00e5rt. Vi setter informasjonskapsler for ytelse for \u00e5 forbedre opplevelsen din p\u00e5 nettstedet v\u00e5rt og hjelpe deg med \u00e5 bruke nettstedet v\u00e5rt effektivt.  <\/p>\n\n<p><strong>&gt;  IKKE-FUNKSJONELLE INFORMASJONSKAPSLER<\/strong><\/p>\n\n<p>Disse informasjonskapslene er ikke strengt tatt n\u00f8dvendige, men er n\u00f8dvendige for \u00e5 gi deg den beste brukeropplevelsen og for \u00e5 fortelle oss hvilke sider du synes er mest interessante (anonymt).<\/p>\n\n<p>Vi bruker informasjonskapsler for sporing (Google Analytics og Yandex) for \u00e5 samle inn data om hvordan bes\u00f8kende bruker nettstedet v\u00e5rt, for eksempel antall bes\u00f8kende og bes\u00f8kte sider. Vi bruker denne informasjonen til analyse- og overv\u00e5kingsform\u00e5l, slik at vi kan forbedre nettstedet v\u00e5rt og produktene eller tjenestene som tilbys. YANMAR lagrer eller deler ikke personlig informasjon med tredjeparter. Det finnes imidlertid tredjepartstjenester som er innebygd p\u00e5 nettstedet v\u00e5rt, og som kan bruke sine egne informasjonskapsler. Disse tjenestene gir deg mulighet til \u00e5:    <\/p>\n\n<ul class=\"wp-block-list\">\n<li>dele sider med sosiale nettverk<\/li>\n\n\n\n<li>dele sider via Add This (hvis tilgjengelig)<\/li>\n\n\n\n<li>se et innebygd kart fra Google Maps<\/li>\n\n\n\n<li>se en innebygd video<\/li>\n<\/ul>\n\n<p><strong>Mer om disse spesifikke tjenestene og deres bruk av informasjonskapsler:<\/strong><\/p>\n\n<ul class=\"wp-block-list\">\n<li>Facebooks retningslinjer for bruk av data: <a href=\"http:\/\/www.facebook.com\/about\/privacy\/your-info-on-other\" target=\"_blank\" rel=\"noopener\">http:\/\/www.facebook.com\/about\/privacy\/your-info-on-other<\/a><\/li>\n\n\n\n<li>AddThis personvernerkl\u00e6ring: <a href=\"http:\/\/www.addthis.com\/privacy#.T6j--usS0bw\" target=\"_blank\" rel=\"noopener\">http:\/\/www.addthis.com\/privacy#.T6j&#8211;usS0bw<\/a><\/li>\n\n\n\n<li>Twitters retningslinjer for personvern: <a href=\"https:\/\/twitter.com\/privacy\" target=\"_blank\" rel=\"noopener\">https:\/\/twitter.com\/privacy<\/a><\/li>\n\n\n\n<li>Retningslinjer for informasjonskapsler for YouTube og Google Maps: <a href=\"http:\/\/www.google.com\/intl\/en\/policies\/faq\/\" target=\"_blank\" rel=\"noopener\">http:\/\/www.google.com\/intl\/en\/policies\/faq\/<\/a><\/li>\n<\/ul>\n\n<div style=\"height:auto\" aria-hidden=\"true\" class=\"wp-block-spacer is-style-default\"><\/div>\n\n<h2 class=\"wp-block-heading\">Slik sletter du informasjonskapsler og administrerer nettleserinnstillingene dine<\/h2>\n\n<p>Hvis du p\u00e5 et hvilket som helst tidspunkt \u00f8nsker \u00e5 slette informasjonskapslene dine eller endre m\u00e5ten nettleseren din h\u00e5ndterer informasjonskapsler p\u00e5, kan du gj\u00f8re dette i innstillingene i nettleseren din. Disse innstillingene finner du i menyen &#8220;Innstillinger&#8221;, &#8220;Alternativer&#8221; eller &#8220;Preferanser&#8221; i nettleseren din. V\u00e6r oppmerksom p\u00e5 at hvis du endrer innstillingene for informasjonskapsler og begrenser nettsteder fra \u00e5 bruke informasjonskapsler, kan du bli begrenset i funksjonaliteten til et nettsted, inkludert v\u00e5rt.  <\/p>\n\n<p>For mer informasjon, se <a href=\"https:\/\/www.aboutcookies.org\/\" target=\"_blank\" rel=\"noopener\">aboutcookies.org<\/a><\/p>\n\n<p>Hvis du trenger mer informasjon, anbefaler vi at du sl\u00e5r opp p\u00e5 nettet for \u00e5 finne ut hvordan du administrerer informasjonskapsler for din spesifikke nettleser.<\/p>\n\n<div style=\"height:auto\" aria-hidden=\"true\" class=\"wp-block-spacer is-style-medium\"><\/div>\n","protected":false},"excerpt":{"rendered":"<p>KONTAKT OSS Retningslinjer for informasjonskapsler Dette nettstedet, i likhet med mange andre, bruker sm\u00e5 filer som kalles informasjonskapsler for \u00e5 [&hellip;]<\/p>\n","protected":false},"author":14,"featured_media":0,"parent":36761,"menu_order":5,"comment_status":"closed","ping_status":"closed","template":"","meta":{"_acf_changed":false,"footnotes":""},"tags":[],"class_list":["post-36501","page","type-page","status-publish","hentry"],"acf":[],"yoast_head":"<!-- This site is optimized with the Yoast SEO Premium plugin v27.2 (Yoast SEO v27.2) - https:\/\/yoast.com\/product\/yoast-seo-premium-wordpress\/ -->\n<title>Retningslinjer for informasjonskapsler - YANMAR Marine International<\/title>\n<meta name=\"description\" content=\"Dette nettstedet, i likhet med mange andre, bruker sm\u00e5 filer som kalles informasjonskapsler for \u00e5 tilpasse opplevelsen din.\" \/>\n<meta name=\"robots\" content=\"index, follow, max-snippet:-1, max-image-preview:large, max-video-preview:-1\" \/>\n<link rel=\"canonical\" href=\"https:\/\/www.yanmar.com\/marine\/kontakt-oss\/retningslinjer-for-informasjonskapsler\/\" \/>\n<meta property=\"og:locale\" content=\"en_US\" \/>\n<meta property=\"og:type\" content=\"article\" \/>\n<meta property=\"og:title\" content=\"Retningslinjer for informasjonskapsler\" \/>\n<meta property=\"og:description\" content=\"Dette nettstedet, i likhet med mange andre, bruker sm\u00e5 filer som kalles informasjonskapsler for \u00e5 tilpasse opplevelsen din.\" \/>\n<meta property=\"og:url\" content=\"https:\/\/www.yanmar.com\/marine\/no\/kontakt-oss\/retningslinjer-for-informasjonskapsler\/\" \/>\n<meta property=\"og:site_name\" content=\"YANMAR Marine International\" \/>\n<meta property=\"article:modified_time\" content=\"2025-01-14T12:55:14+00:00\" \/>\n<meta name=\"twitter:card\" content=\"summary_large_image\" \/>\n<meta name=\"twitter:label1\" content=\"Est. reading time\" \/>\n\t<meta name=\"twitter:data1\" content=\"3 minutes\" \/>\n<script type=\"application\/ld+json\" class=\"yoast-schema-graph\">{\"@context\":\"https:\/\/schema.org\",\"@graph\":[{\"@type\":\"WebPage\",\"@id\":\"https:\/\/www.yanmar.com\/marine\/no\/kontakt-oss\/retningslinjer-for-informasjonskapsler\/\",\"url\":\"https:\/\/www.yanmar.com\/marine\/no\/kontakt-oss\/retningslinjer-for-informasjonskapsler\/\",\"name\":\"Retningslinjer for informasjonskapsler - YANMAR Marine International\",\"isPartOf\":{\"@id\":\"https:\/\/origin-ymi.yanmar.com\/marine\/#website\"},\"datePublished\":\"2019-12-06T15:52:57+00:00\",\"dateModified\":\"2025-01-14T12:55:14+00:00\",\"description\":\"Dette nettstedet, i likhet med mange andre, bruker sm\u00e5 filer som kalles informasjonskapsler for \u00e5 tilpasse opplevelsen din.\",\"breadcrumb\":{\"@id\":\"https:\/\/www.yanmar.com\/marine\/no\/kontakt-oss\/retningslinjer-for-informasjonskapsler\/#breadcrumb\"},\"inLanguage\":\"en-US\",\"potentialAction\":[{\"@type\":\"ReadAction\",\"target\":[\"https:\/\/www.yanmar.com\/marine\/no\/kontakt-oss\/retningslinjer-for-informasjonskapsler\/\"]}]},{\"@type\":\"BreadcrumbList\",\"@id\":\"https:\/\/www.yanmar.com\/marine\/no\/kontakt-oss\/retningslinjer-for-informasjonskapsler\/#breadcrumb\",\"itemListElement\":[{\"@type\":\"ListItem\",\"position\":1,\"name\":\"Yanmar Marine\",\"item\":\"https:\/\/origin-ymi.yanmar.com\/marine\/\"},{\"@type\":\"ListItem\",\"position\":2,\"name\":\"Kontakt oss\",\"item\":\"https:\/\/origin-ymi.yanmar.com\/marine\/kontakt-oss\/\"},{\"@type\":\"ListItem\",\"position\":3,\"name\":\"Retningslinjer for informasjonskapsler\"}]},{\"@type\":\"WebSite\",\"@id\":\"https:\/\/origin-ymi.yanmar.com\/marine\/#website\",\"url\":\"https:\/\/origin-ymi.yanmar.com\/marine\/\",\"name\":\"YANMAR Marine International\",\"description\":\"Proven Marine Technology\",\"publisher\":{\"@id\":\"https:\/\/origin-ymi.yanmar.com\/marine\/#organization\"},\"potentialAction\":[{\"@type\":\"SearchAction\",\"target\":{\"@type\":\"EntryPoint\",\"urlTemplate\":\"https:\/\/origin-ymi.yanmar.com\/marine\/?s={search_term_string}\"},\"query-input\":{\"@type\":\"PropertyValueSpecification\",\"valueRequired\":true,\"valueName\":\"search_term_string\"}}],\"inLanguage\":\"en-US\"},{\"@type\":\"Organization\",\"@id\":\"https:\/\/origin-ymi.yanmar.com\/marine\/#organization\",\"name\":\"YANMAR Marine International\",\"url\":\"https:\/\/origin-ymi.yanmar.com\/marine\/\",\"logo\":{\"@type\":\"ImageObject\",\"inLanguage\":\"en-US\",\"@id\":\"https:\/\/origin-ymi.yanmar.com\/marine\/#\/schema\/logo\/image\/\",\"url\":\"https:\/\/origin-ymi.yanmar.com\/marine\/wp-content\/uploads\/2020\/03\/YANMAR-Brand-Logotype2.png\",\"contentUrl\":\"https:\/\/origin-ymi.yanmar.com\/marine\/wp-content\/uploads\/2020\/03\/YANMAR-Brand-Logotype2.png\",\"width\":842,\"height\":168,\"caption\":\"YANMAR Marine International\"},\"image\":{\"@id\":\"https:\/\/origin-ymi.yanmar.com\/marine\/#\/schema\/logo\/image\/\"}}]}<\/script>\n<!-- \/ Yoast SEO Premium plugin. -->","yoast_head_json":{"title":"Retningslinjer for informasjonskapsler - YANMAR Marine International","description":"Dette nettstedet, i likhet med mange andre, bruker sm\u00e5 filer som kalles informasjonskapsler for \u00e5 tilpasse opplevelsen din.","robots":{"index":"index","follow":"follow","max-snippet":"max-snippet:-1","max-image-preview":"max-image-preview:large","max-video-preview":"max-video-preview:-1"},"canonical":"https:\/\/www.yanmar.com\/marine\/kontakt-oss\/retningslinjer-for-informasjonskapsler\/","og_locale":"en_US","og_type":"article","og_title":"Retningslinjer for informasjonskapsler","og_description":"Dette nettstedet, i likhet med mange andre, bruker sm\u00e5 filer som kalles informasjonskapsler for \u00e5 tilpasse opplevelsen din.","og_url":"https:\/\/www.yanmar.com\/marine\/no\/kontakt-oss\/retningslinjer-for-informasjonskapsler\/","og_site_name":"YANMAR Marine International","article_modified_time":"2025-01-14T12:55:14+00:00","twitter_card":"summary_large_image","twitter_misc":{"Est. reading time":"3 minutes"},"schema":{"@context":"https:\/\/schema.org","@graph":[{"@type":"WebPage","@id":"https:\/\/www.yanmar.com\/marine\/no\/kontakt-oss\/retningslinjer-for-informasjonskapsler\/","url":"https:\/\/www.yanmar.com\/marine\/no\/kontakt-oss\/retningslinjer-for-informasjonskapsler\/","name":"Retningslinjer for informasjonskapsler - YANMAR Marine International","isPartOf":{"@id":"https:\/\/origin-ymi.yanmar.com\/marine\/#website"},"datePublished":"2019-12-06T15:52:57+00:00","dateModified":"2025-01-14T12:55:14+00:00","description":"Dette nettstedet, i likhet med mange andre, bruker sm\u00e5 filer som kalles informasjonskapsler for \u00e5 tilpasse opplevelsen din.","breadcrumb":{"@id":"https:\/\/www.yanmar.com\/marine\/no\/kontakt-oss\/retningslinjer-for-informasjonskapsler\/#breadcrumb"},"inLanguage":"en-US","potentialAction":[{"@type":"ReadAction","target":["https:\/\/www.yanmar.com\/marine\/no\/kontakt-oss\/retningslinjer-for-informasjonskapsler\/"]}]},{"@type":"BreadcrumbList","@id":"https:\/\/www.yanmar.com\/marine\/no\/kontakt-oss\/retningslinjer-for-informasjonskapsler\/#breadcrumb","itemListElement":[{"@type":"ListItem","position":1,"name":"Yanmar Marine","item":"https:\/\/origin-ymi.yanmar.com\/marine\/"},{"@type":"ListItem","position":2,"name":"Kontakt oss","item":"https:\/\/origin-ymi.yanmar.com\/marine\/kontakt-oss\/"},{"@type":"ListItem","position":3,"name":"Retningslinjer for informasjonskapsler"}]},{"@type":"WebSite","@id":"https:\/\/origin-ymi.yanmar.com\/marine\/#website","url":"https:\/\/origin-ymi.yanmar.com\/marine\/","name":"YANMAR Marine International","description":"Proven Marine Technology","publisher":{"@id":"https:\/\/origin-ymi.yanmar.com\/marine\/#organization"},"potentialAction":[{"@type":"SearchAction","target":{"@type":"EntryPoint","urlTemplate":"https:\/\/origin-ymi.yanmar.com\/marine\/?s={search_term_string}"},"query-input":{"@type":"PropertyValueSpecification","valueRequired":true,"valueName":"search_term_string"}}],"inLanguage":"en-US"},{"@type":"Organization","@id":"https:\/\/origin-ymi.yanmar.com\/marine\/#organization","name":"YANMAR Marine International","url":"https:\/\/origin-ymi.yanmar.com\/marine\/","logo":{"@type":"ImageObject","inLanguage":"en-US","@id":"https:\/\/origin-ymi.yanmar.com\/marine\/#\/schema\/logo\/image\/","url":"https:\/\/origin-ymi.yanmar.com\/marine\/wp-content\/uploads\/2020\/03\/YANMAR-Brand-Logotype2.png","contentUrl":"https:\/\/origin-ymi.yanmar.com\/marine\/wp-content\/uploads\/2020\/03\/YANMAR-Brand-Logotype2.png","width":842,"height":168,"caption":"YANMAR Marine International"},"image":{"@id":"https:\/\/origin-ymi.yanmar.com\/marine\/#\/schema\/logo\/image\/"}}]}},"_links":{"self":[{"href":"https:\/\/www.yanmar.com\/marine\/wp-json\/wp\/v2\/pages\/36501","targetHints":{"allow":["GET"]}}],"collection":[{"href":"https:\/\/www.yanmar.com\/marine\/wp-json\/wp\/v2\/pages"}],"about":[{"href":"https:\/\/www.yanmar.com\/marine\/wp-json\/wp\/v2\/types\/page"}],"author":[{"embeddable":true,"href":"https:\/\/www.yanmar.com\/marine\/wp-json\/wp\/v2\/users\/14"}],"replies":[{"embeddable":true,"href":"https:\/\/www.yanmar.com\/marine\/wp-json\/wp\/v2\/comments?post=36501"}],"version-history":[{"count":6,"href":"https:\/\/www.yanmar.com\/marine\/wp-json\/wp\/v2\/pages\/36501\/revisions"}],"predecessor-version":[{"id":45690,"href":"https:\/\/www.yanmar.com\/marine\/wp-json\/wp\/v2\/pages\/36501\/revisions\/45690"}],"up":[{"embeddable":true,"href":"https:\/\/www.yanmar.com\/marine\/wp-json\/wp\/v2\/pages\/36761"}],"wp:attachment":[{"href":"https:\/\/www.yanmar.com\/marine\/wp-json\/wp\/v2\/media?parent=36501"}],"wp:term":[{"taxonomy":"post_tag","embeddable":true,"href":"https:\/\/www.yanmar.com\/marine\/wp-json\/wp\/v2\/tags?post=36501"}],"curies":[{"name":"wp","href":"https:\/\/api.w.org\/{rel}","templated":true}]}}