{"id":36600,"date":"2020-02-25T15:12:20","date_gmt":"2020-02-25T15:12:20","guid":{"rendered":"https:\/\/www.yanmar.com\/marine\/uppgraderingsguide\/"},"modified":"2025-01-14T12:11:06","modified_gmt":"2025-01-14T12:11:06","slug":"uppgraderingsguide","status":"publish","type":"page","link":"https:\/\/www.yanmar.com\/marine\/sv\/service\/repower\/uppgraderingsguide\/","title":{"rendered":"Repower-guide"},"content":{"rendered":"\n<div style=\"height:auto\" aria-hidden=\"true\" class=\"wp-block-spacer is-style-small\"><\/div>\n\n<h6 class=\"wp-block-heading has-text-align-center has-primary-color has-text-color has-link-color wp-elements-7dcb676a6d2299feee25ba75518f3680\">REPOWER<\/h6>\n\n<h1 class=\"wp-block-heading has-text-align-center\">Repower-guide<\/h1>\n\n<div style=\"height:auto\" aria-hidden=\"true\" class=\"wp-block-spacer is-style-small\"><\/div>\n\n<div class=\"wp-block-group\"><div class=\"wp-block-group__inner-container is-layout-constrained wp-block-group-is-layout-constrained\">\n<div class=\"wp-block-columns is-layout-flex wp-container-core-columns-is-layout-9d6595d7 wp-block-columns-is-layout-flex\">\n<div class=\"wp-block-column is-layout-flow wp-block-column-is-layout-flow\" style=\"flex-basis:33.33%\">\n<figure class=\"wp-block-image size-large\"><img decoding=\"async\" width=\"806\" height=\"1024\" src=\"https:\/\/www.yanmar.com\/marine\/wp-content\/uploads\/2020\/03\/repower_guide_front_page-806x1024.png\" alt=\"\" class=\"wp-image-5059\" srcset=\"https:\/\/www.yanmar.com\/marine\/wp-content\/uploads\/2020\/03\/repower_guide_front_page-806x1024.png 806w, https:\/\/www.yanmar.com\/marine\/wp-content\/uploads\/2020\/03\/repower_guide_front_page-236x300.png 236w, https:\/\/www.yanmar.com\/marine\/wp-content\/uploads\/2020\/03\/repower_guide_front_page-768x975.png 768w, https:\/\/www.yanmar.com\/marine\/wp-content\/uploads\/2020\/03\/repower_guide_front_page.png 945w\" sizes=\"(max-width: 806px) 100vw, 806px\" \/><\/figure>\n<\/div>\n\n\n\n<div class=\"wp-block-column is-layout-flow wp-block-column-is-layout-flow\" style=\"flex-basis:66.66%\">\n<h2 class=\"wp-block-heading\">Ladda ner v\u00e5r Repower Guide GRATIS!<\/h2>\n\n\n\n<p>Att byta motor p\u00e5 din b\u00e5t \u00e4r ett stort beslut och det finns flera saker att t\u00e4nka p\u00e5. Vi har samlat viktig information f\u00f6r att hj\u00e4lpa dig genom beslutet och processen. Kontakta en certifierad YANMAR-\u00e5terf\u00f6rs\u00e4ljare eller -distribut\u00f6r n\u00e4r du \u00e4r redo att ta n\u00e4sta steg i ditt repower-projekt.  <\/p>\n\n\n\n<div class=\"wp-block-buttons is-layout-flex wp-block-buttons-is-layout-flex\">\n<div class=\"wp-block-button\"><a class=\"wp-block-button__link wp-element-button\" href=\"https:\/\/www.yanmar.com\/marine\/wp-content\/uploads\/2020\/03\/2019_1101_Repower-Guide_05242022.pdf\">Ladda ner guiden<\/a><\/div>\n<\/div>\n<\/div>\n<\/div>\n<\/div><\/div>\n\n<div style=\"height:auto\" aria-hidden=\"true\" class=\"wp-block-spacer is-style-medium\"><\/div>\n","protected":false},"excerpt":{"rendered":"<p>REPOWER Repower-guide Ladda ner v\u00e5r Repower Guide GRATIS! Att byta motor p\u00e5 din b\u00e5t \u00e4r ett stort beslut och det [&hellip;]<\/p>\n","protected":false},"author":14,"featured_media":0,"parent":45222,"menu_order":1,"comment_status":"closed","ping_status":"closed","template":"","meta":{"_acf_changed":false,"footnotes":""},"tags":[],"class_list":["post-36600","page","type-page","status-publish","hentry"],"acf":[],"yoast_head":"<!-- This site is optimized with the Yoast SEO Premium plugin v27.2 (Yoast SEO v27.2) - https:\/\/yoast.com\/product\/yoast-seo-premium-wordpress\/ -->\n<title>Repower-guide - YANMAR Marine International<\/title>\n<meta name=\"description\" content=\"Genom att installera en ny, tekniskt avancerad YANMAR-motor f\u00e5r din b\u00e5t genast nytt liv.\" \/>\n<meta name=\"robots\" content=\"index, follow, max-snippet:-1, max-image-preview:large, max-video-preview:-1\" \/>\n<link rel=\"canonical\" href=\"https:\/\/www.yanmar.com\/marine\/service\/repower\/uppgraderingsguide\/\" \/>\n<meta property=\"og:locale\" content=\"en_US\" \/>\n<meta property=\"og:type\" content=\"article\" \/>\n<meta property=\"og:title\" content=\"Repower-guide\" \/>\n<meta property=\"og:description\" content=\"Genom att installera en ny, tekniskt avancerad YANMAR-motor f\u00e5r din b\u00e5t genast nytt liv.\" \/>\n<meta property=\"og:url\" content=\"https:\/\/www.yanmar.com\/marine\/sv\/service\/repower\/uppgraderingsguide\/\" \/>\n<meta property=\"og:site_name\" content=\"YANMAR Marine International\" \/>\n<meta property=\"article:modified_time\" content=\"2025-01-14T12:11:06+00:00\" \/>\n<meta property=\"og:image\" content=\"https:\/\/origin-ymi.yanmar.com\/marine\/wp-content\/uploads\/2020\/03\/repower_guide_front_page-806x1024.png\" \/>\n<meta name=\"twitter:card\" content=\"summary_large_image\" \/>\n<meta name=\"twitter:label1\" content=\"Est. reading time\" \/>\n\t<meta name=\"twitter:data1\" content=\"1 minute\" \/>\n<script type=\"application\/ld+json\" class=\"yoast-schema-graph\">{\"@context\":\"https:\/\/schema.org\",\"@graph\":[{\"@type\":\"WebPage\",\"@id\":\"https:\/\/www.yanmar.com\/marine\/sv\/service\/repower\/uppgraderingsguide\/\",\"url\":\"https:\/\/www.yanmar.com\/marine\/sv\/service\/repower\/uppgraderingsguide\/\",\"name\":\"Repower-guide - YANMAR Marine International\",\"isPartOf\":{\"@id\":\"https:\/\/origin-ymi.yanmar.com\/marine\/#website\"},\"primaryImageOfPage\":{\"@id\":\"https:\/\/www.yanmar.com\/marine\/sv\/service\/repower\/uppgraderingsguide\/#primaryimage\"},\"image\":{\"@id\":\"https:\/\/www.yanmar.com\/marine\/sv\/service\/repower\/uppgraderingsguide\/#primaryimage\"},\"thumbnailUrl\":\"https:\/\/origin-ymi.yanmar.com\/marine\/wp-content\/uploads\/2020\/03\/repower_guide_front_page-806x1024.png\",\"datePublished\":\"2020-02-25T15:12:20+00:00\",\"dateModified\":\"2025-01-14T12:11:06+00:00\",\"description\":\"Genom att installera en ny, tekniskt avancerad YANMAR-motor f\u00e5r din b\u00e5t genast nytt liv.\",\"breadcrumb\":{\"@id\":\"https:\/\/www.yanmar.com\/marine\/sv\/service\/repower\/uppgraderingsguide\/#breadcrumb\"},\"inLanguage\":\"en-US\",\"potentialAction\":[{\"@type\":\"ReadAction\",\"target\":[\"https:\/\/www.yanmar.com\/marine\/sv\/service\/repower\/uppgraderingsguide\/\"]}]},{\"@type\":\"ImageObject\",\"inLanguage\":\"en-US\",\"@id\":\"https:\/\/www.yanmar.com\/marine\/sv\/service\/repower\/uppgraderingsguide\/#primaryimage\",\"url\":\"https:\/\/origin-ymi.yanmar.com\/marine\/wp-content\/uploads\/2020\/03\/repower_guide_front_page-806x1024.png\",\"contentUrl\":\"https:\/\/origin-ymi.yanmar.com\/marine\/wp-content\/uploads\/2020\/03\/repower_guide_front_page-806x1024.png\"},{\"@type\":\"BreadcrumbList\",\"@id\":\"https:\/\/www.yanmar.com\/marine\/sv\/service\/repower\/uppgraderingsguide\/#breadcrumb\",\"itemListElement\":[{\"@type\":\"ListItem\",\"position\":1,\"name\":\"Yanmar Marine\",\"item\":\"https:\/\/origin-ymi.yanmar.com\/marine\/\"},{\"@type\":\"ListItem\",\"position\":2,\"name\":\"Service\",\"item\":\"https:\/\/origin-ymi.yanmar.com\/marine\/service\/\"},{\"@type\":\"ListItem\",\"position\":3,\"name\":\"Repower\",\"item\":\"https:\/\/origin-ymi.yanmar.com\/marine\/service\/repower\/\"},{\"@type\":\"ListItem\",\"position\":4,\"name\":\"Repower-guide\"}]},{\"@type\":\"WebSite\",\"@id\":\"https:\/\/origin-ymi.yanmar.com\/marine\/#website\",\"url\":\"https:\/\/origin-ymi.yanmar.com\/marine\/\",\"name\":\"YANMAR Marine International\",\"description\":\"Proven Marine Technology\",\"publisher\":{\"@id\":\"https:\/\/origin-ymi.yanmar.com\/marine\/#organization\"},\"potentialAction\":[{\"@type\":\"SearchAction\",\"target\":{\"@type\":\"EntryPoint\",\"urlTemplate\":\"https:\/\/origin-ymi.yanmar.com\/marine\/?s={search_term_string}\"},\"query-input\":{\"@type\":\"PropertyValueSpecification\",\"valueRequired\":true,\"valueName\":\"search_term_string\"}}],\"inLanguage\":\"en-US\"},{\"@type\":\"Organization\",\"@id\":\"https:\/\/origin-ymi.yanmar.com\/marine\/#organization\",\"name\":\"YANMAR Marine International\",\"url\":\"https:\/\/origin-ymi.yanmar.com\/marine\/\",\"logo\":{\"@type\":\"ImageObject\",\"inLanguage\":\"en-US\",\"@id\":\"https:\/\/origin-ymi.yanmar.com\/marine\/#\/schema\/logo\/image\/\",\"url\":\"https:\/\/origin-ymi.yanmar.com\/marine\/wp-content\/uploads\/2020\/03\/YANMAR-Brand-Logotype2.png\",\"contentUrl\":\"https:\/\/origin-ymi.yanmar.com\/marine\/wp-content\/uploads\/2020\/03\/YANMAR-Brand-Logotype2.png\",\"width\":842,\"height\":168,\"caption\":\"YANMAR Marine International\"},\"image\":{\"@id\":\"https:\/\/origin-ymi.yanmar.com\/marine\/#\/schema\/logo\/image\/\"}}]}<\/script>\n<!-- \/ Yoast SEO Premium plugin. -->","yoast_head_json":{"title":"Repower-guide - YANMAR Marine International","description":"Genom att installera en ny, tekniskt avancerad YANMAR-motor f\u00e5r din b\u00e5t genast nytt liv.","robots":{"index":"index","follow":"follow","max-snippet":"max-snippet:-1","max-image-preview":"max-image-preview:large","max-video-preview":"max-video-preview:-1"},"canonical":"https:\/\/www.yanmar.com\/marine\/service\/repower\/uppgraderingsguide\/","og_locale":"en_US","og_type":"article","og_title":"Repower-guide","og_description":"Genom att installera en ny, tekniskt avancerad YANMAR-motor f\u00e5r din b\u00e5t genast nytt liv.","og_url":"https:\/\/www.yanmar.com\/marine\/sv\/service\/repower\/uppgraderingsguide\/","og_site_name":"YANMAR Marine International","article_modified_time":"2025-01-14T12:11:06+00:00","og_image":[{"url":"https:\/\/origin-ymi.yanmar.com\/marine\/wp-content\/uploads\/2020\/03\/repower_guide_front_page-806x1024.png","type":"","width":"","height":""}],"twitter_card":"summary_large_image","twitter_misc":{"Est. reading time":"1 minute"},"schema":{"@context":"https:\/\/schema.org","@graph":[{"@type":"WebPage","@id":"https:\/\/www.yanmar.com\/marine\/sv\/service\/repower\/uppgraderingsguide\/","url":"https:\/\/www.yanmar.com\/marine\/sv\/service\/repower\/uppgraderingsguide\/","name":"Repower-guide - YANMAR Marine International","isPartOf":{"@id":"https:\/\/origin-ymi.yanmar.com\/marine\/#website"},"primaryImageOfPage":{"@id":"https:\/\/www.yanmar.com\/marine\/sv\/service\/repower\/uppgraderingsguide\/#primaryimage"},"image":{"@id":"https:\/\/www.yanmar.com\/marine\/sv\/service\/repower\/uppgraderingsguide\/#primaryimage"},"thumbnailUrl":"https:\/\/origin-ymi.yanmar.com\/marine\/wp-content\/uploads\/2020\/03\/repower_guide_front_page-806x1024.png","datePublished":"2020-02-25T15:12:20+00:00","dateModified":"2025-01-14T12:11:06+00:00","description":"Genom att installera en ny, tekniskt avancerad YANMAR-motor f\u00e5r din b\u00e5t genast nytt liv.","breadcrumb":{"@id":"https:\/\/www.yanmar.com\/marine\/sv\/service\/repower\/uppgraderingsguide\/#breadcrumb"},"inLanguage":"en-US","potentialAction":[{"@type":"ReadAction","target":["https:\/\/www.yanmar.com\/marine\/sv\/service\/repower\/uppgraderingsguide\/"]}]},{"@type":"ImageObject","inLanguage":"en-US","@id":"https:\/\/www.yanmar.com\/marine\/sv\/service\/repower\/uppgraderingsguide\/#primaryimage","url":"https:\/\/origin-ymi.yanmar.com\/marine\/wp-content\/uploads\/2020\/03\/repower_guide_front_page-806x1024.png","contentUrl":"https:\/\/origin-ymi.yanmar.com\/marine\/wp-content\/uploads\/2020\/03\/repower_guide_front_page-806x1024.png"},{"@type":"BreadcrumbList","@id":"https:\/\/www.yanmar.com\/marine\/sv\/service\/repower\/uppgraderingsguide\/#breadcrumb","itemListElement":[{"@type":"ListItem","position":1,"name":"Yanmar Marine","item":"https:\/\/origin-ymi.yanmar.com\/marine\/"},{"@type":"ListItem","position":2,"name":"Service","item":"https:\/\/origin-ymi.yanmar.com\/marine\/service\/"},{"@type":"ListItem","position":3,"name":"Repower","item":"https:\/\/origin-ymi.yanmar.com\/marine\/service\/repower\/"},{"@type":"ListItem","position":4,"name":"Repower-guide"}]},{"@type":"WebSite","@id":"https:\/\/origin-ymi.yanmar.com\/marine\/#website","url":"https:\/\/origin-ymi.yanmar.com\/marine\/","name":"YANMAR Marine International","description":"Proven Marine Technology","publisher":{"@id":"https:\/\/origin-ymi.yanmar.com\/marine\/#organization"},"potentialAction":[{"@type":"SearchAction","target":{"@type":"EntryPoint","urlTemplate":"https:\/\/origin-ymi.yanmar.com\/marine\/?s={search_term_string}"},"query-input":{"@type":"PropertyValueSpecification","valueRequired":true,"valueName":"search_term_string"}}],"inLanguage":"en-US"},{"@type":"Organization","@id":"https:\/\/origin-ymi.yanmar.com\/marine\/#organization","name":"YANMAR Marine International","url":"https:\/\/origin-ymi.yanmar.com\/marine\/","logo":{"@type":"ImageObject","inLanguage":"en-US","@id":"https:\/\/origin-ymi.yanmar.com\/marine\/#\/schema\/logo\/image\/","url":"https:\/\/origin-ymi.yanmar.com\/marine\/wp-content\/uploads\/2020\/03\/YANMAR-Brand-Logotype2.png","contentUrl":"https:\/\/origin-ymi.yanmar.com\/marine\/wp-content\/uploads\/2020\/03\/YANMAR-Brand-Logotype2.png","width":842,"height":168,"caption":"YANMAR Marine International"},"image":{"@id":"https:\/\/origin-ymi.yanmar.com\/marine\/#\/schema\/logo\/image\/"}}]}},"_links":{"self":[{"href":"https:\/\/www.yanmar.com\/marine\/wp-json\/wp\/v2\/pages\/36600","targetHints":{"allow":["GET"]}}],"collection":[{"href":"https:\/\/www.yanmar.com\/marine\/wp-json\/wp\/v2\/pages"}],"about":[{"href":"https:\/\/www.yanmar.com\/marine\/wp-json\/wp\/v2\/types\/page"}],"author":[{"embeddable":true,"href":"https:\/\/www.yanmar.com\/marine\/wp-json\/wp\/v2\/users\/14"}],"replies":[{"embeddable":true,"href":"https:\/\/www.yanmar.com\/marine\/wp-json\/wp\/v2\/comments?post=36600"}],"version-history":[{"count":12,"href":"https:\/\/www.yanmar.com\/marine\/wp-json\/wp\/v2\/pages\/36600\/revisions"}],"predecessor-version":[{"id":45560,"href":"https:\/\/www.yanmar.com\/marine\/wp-json\/wp\/v2\/pages\/36600\/revisions\/45560"}],"up":[{"embeddable":true,"href":"https:\/\/www.yanmar.com\/marine\/wp-json\/wp\/v2\/pages\/45222"}],"wp:attachment":[{"href":"https:\/\/www.yanmar.com\/marine\/wp-json\/wp\/v2\/media?parent=36600"}],"wp:term":[{"taxonomy":"post_tag","embeddable":true,"href":"https:\/\/www.yanmar.com\/marine\/wp-json\/wp\/v2\/tags?post=36600"}],"curies":[{"name":"wp","href":"https:\/\/api.w.org\/{rel}","templated":true}]}}