{"id":36656,"date":"2019-11-19T13:29:23","date_gmt":"2019-11-19T13:29:23","guid":{"rendered":"https:\/\/www.yanmar.com\/marine\/sekretesspolicy\/"},"modified":"2025-01-14T12:55:12","modified_gmt":"2025-01-14T12:55:12","slug":"sekretesspolicy","status":"publish","type":"page","link":"https:\/\/www.yanmar.com\/marine\/sv\/kontakta-oss\/sekretesspolicy\/","title":{"rendered":"Integritetspolicy"},"content":{"rendered":"\n<div style=\"height:auto\" aria-hidden=\"true\" class=\"wp-block-spacer is-style-small\"><\/div>\n\n<h6 class=\"wp-block-heading has-text-align-center has-primary-color has-text-color has-link-color wp-elements-f600cc50533315d8af63fdb74c745020\">KONTAKTA OSS<\/h6>\n\n<h2 class=\"wp-block-heading has-text-align-center\">Integritetspolicy<\/h2>\n\n<div style=\"height:auto\" aria-hidden=\"true\" class=\"wp-block-spacer is-style-small\"><\/div>\n\n<p><strong>Yanmar Marine International B.V.<\/strong> ( <strong>&#8220;Bolaget&#8221;<\/strong>), i samband med tillhandah\u00e5llande av marknadsf\u00f6ring, f\u00f6rs\u00e4ljning, eftermarknad, garanti och teknisk support (&#8221; <strong>Tj\u00e4nsten<\/strong>&#8220;) till Kunder ( <strong>&#8220;Kunderna<\/strong>&#8220;), i syfte att f\u00f6lja EU:s allm\u00e4nna dataskyddsf\u00f6rordning ( <strong>&#8220;GDPR&#8221;<\/strong>) och f\u00f6r att p\u00e5 l\u00e4mpligt s\u00e4tt behandla Kundernas personuppgifter, uppr\u00e4ttar h\u00e4rmed denna &#8220;Integritetspolicy&#8221; (&#8220;Integritetspolicyn <strong>&#8220;<\/strong>).<\/p>\n\n<div style=\"height:auto\" aria-hidden=\"true\" class=\"wp-block-spacer\"><\/div>\n\n<h2 class=\"wp-block-heading\">1. BEHANDLING AV PERSONUPPGIFTER<\/h2>\n\n<h2 class=\"wp-block-heading\">(1) Definitioner<\/h2>\n\n<p>&#8220;Personuppgifter&#8221; avser alla uppgifter som r\u00f6r en identifierad eller identifierbar fysisk person, inklusive, men inte begr\u00e4nsat till, namn, adress, f\u00f6delsedatum, telefonnummer, e-postadress och anv\u00e4ndar-ID f\u00f6r Kunden.<br\/>Med &#8220;behandling&#8221; avses varje \u00e5tg\u00e4rd eller serie av \u00e5tg\u00e4rder som vidtas i fr\u00e5ga om personuppgifter eller upps\u00e4ttningar av personuppgifter, vare sig det sker p\u00e5 automatisk v\u00e4g eller inte, t.ex. insamling, registrering, organisering, strukturering, lagring, bearbetning eller \u00e4ndring, framtagning, l\u00e4sning, anv\u00e4ndning, utl\u00e4mnande genom \u00f6vers\u00e4ndande, spridning eller annat tillhandah\u00e5llande av uppgifter, sammanst\u00e4llning eller samk\u00f6rning, begr\u00e4nsning, radering eller f\u00f6rst\u00f6ring.<br\/>Med &#8220;personuppgiftsansvarig&#8221; avses en juridisk person etc. som ensam eller tillsammans med andra best\u00e4mmer \u00e4ndam\u00e5len med och medlen f\u00f6r behandlingen av personuppgifter.<br\/>Med &#8220;Personuppgiftsbitr\u00e4de&#8221; avses en juridisk person etc. som behandlar personuppgifter f\u00f6r den Personuppgiftsansvariges r\u00e4kning.<\/p>\n\n<p>(2) Typer av personuppgifter som ska samlas in F\u00f6retaget kommer att samla in f\u00f6ljande typer av personuppgifter om kunderna i samband med tj\u00e4nsten:<\/p>\n\n<p>Namn, hem- och\/eller f\u00f6retagsadress<br\/>Telefonnummer, faxnummer<br\/>E-postadress<br\/>Relationer med v\u00e5rt n\u00e4tverk<br\/>Intresse f\u00f6r v\u00e5ra produkter<br\/>Cookies, n\u00e4r du interagerar p\u00e5 v\u00e5r webbplats. L\u00e4s mer om v\u00e5r cookiepolicy <\/p>\n\n<p>(3) \u00c4ndam\u00e5l f\u00f6r anv\u00e4ndning av personuppgifter<br\/>Bolaget kommer att behandla kundernas personuppgifter f\u00f6r f\u00f6ljande \u00e4ndam\u00e5l:<\/p>\n\n<p>f\u00f6r att marknadsf\u00f6ra Bolagets produkter och tj\u00e4nster<br\/>f\u00f6r att svara p\u00e5 f\u00f6rfr\u00e5gningar och \u00f6nskem\u00e5l fr\u00e5n Kunderna<br\/>f\u00f6r att beh\u00e5lla information om garantianspr\u00e5k<br\/>f\u00f6r att kontakta Kunderna n\u00e4r servicekampanjer inleds<br\/>f\u00f6r att besluta om att acceptera garantianspr\u00e5k<br\/>f\u00f6r att g\u00f6ra betalningar i samband med garantianspr\u00e5k<br\/>f\u00f6r att tillhandah\u00e5lla service efter garanti<br\/>f\u00f6r att f\u00f6rb\u00e4ttra den upplevda kvaliteten p\u00e5 Bolagets produkter<br\/>f\u00f6r att hantera och \u00f6vervaka kontakterna mellan Bolaget, kunderna och servicen\u00e4tverket<br\/>f\u00f6r att f\u00f6rb\u00e4ttra kundupplevelsen och<br\/>f\u00f6r att tillhandah\u00e5lla en h\u00f6gkvalitativ anv\u00e4ndarupplevelse online<\/p>\n\n<p>Om Bolaget kommer att behandla Kundens personuppgifter f\u00f6r andra \u00e4ndam\u00e5l \u00e4n vad som anges ovan, kommer Bolaget att i f\u00f6rv\u00e4g underr\u00e4tta Kunden om s\u00e5dana nya anv\u00e4ndnings\u00e4ndam\u00e5l och andra fr\u00e5gor som kr\u00e4vs enligt till\u00e4mplig lagstiftning.<\/p>\n\n<p>Genom att manifestera sin avsikt att samtycka till denna sekretesspolicy kommer kunderna att anses ha samtyckt till att deras personuppgifter behandlas av f\u00f6retaget inom ramen f\u00f6r ovanst\u00e5ende anv\u00e4ndnings\u00e4ndam\u00e5l, och f\u00f6retaget kommer att behandla kundernas personuppgifter baserat p\u00e5 s\u00e5dana kunders samtycke; f\u00f6rutsatt dock att kunderna n\u00e4r som helst kan \u00e5terkalla s\u00e5dant samtycke, vilket s\u00e5dant \u00e5terkallande inte ska p\u00e5verka n\u00e5gon legitim behandling som utf\u00f6rs enligt samtycket f\u00f6re \u00e5terkallandet. Bolaget kan ocks\u00e5 behandla Kundens personuppgifter inom ramen f\u00f6r ovanst\u00e5ende anv\u00e4ndnings\u00e4ndam\u00e5l enligt en r\u00e4ttslig grund som \u00e4r till\u00e5ten enligt GDPR. <\/p>\n\n<p>F\u00f6retaget kan kr\u00e4va att kunderna tillhandah\u00e5ller sina personuppgifter i samband med tillhandah\u00e5llandet av tj\u00e4nsterna. I s\u00e5dant fall, om vissa kunder inte tillhandah\u00e5ller sina personuppgifter, kan f\u00f6retaget inte kunna tillhandah\u00e5lla tj\u00e4nsterna. <\/p>\n\n<p>(4) Lagringsperiod<br\/>Bolaget kommer att lagra kundernas personuppgifter i den utstr\u00e4ckning som bolaget beh\u00f6ver s\u00e5dana uppgifter f\u00f6r att uppn\u00e5 de anv\u00e4ndnings\u00e4ndam\u00e5l som anges i 1.(3) ovan och kommer omedelbart att radera dem n\u00e4r s\u00e5dana uppgifter inte l\u00e4ngre \u00e4r n\u00f6dv\u00e4ndiga.<\/p>\n\n<p>(5) Tredjeparts\u00f6verf\u00f6ring<br\/>F\u00f6retaget kan tillhandah\u00e5lla kundernas personuppgifter till tredje part, s\u00e5som dotterbolag och dotterbolag till f\u00f6retaget, \u00e5terf\u00f6rs\u00e4ljare, \u00e5terf\u00f6rs\u00e4ljare, molnleverant\u00f6rer och entrepren\u00f6rer i f\u00f6retaget etc. f\u00f6r att genomf\u00f6ra de anv\u00e4ndnings\u00e4ndam\u00e5l som anges ovan. S\u00e5dana tredje parter som f\u00f6retaget kan tillhandah\u00e5lla kundens personuppgifter inkluderar de som \u00e4r bel\u00e4gna i l\u00e4nder utanf\u00f6r Europeiska ekonomiska samarbetsomr\u00e5det (&#8220;EES&#8221; inklusive, utan begr\u00e4nsning, Japan; detsamma ska g\u00e4lla nedan), och kunderna anses ha samtyckt till f\u00f6ljande fr\u00e5gor genom att samtycka till denna sekretesspolicy: <\/p>\n\n<p>(a) Vissa l\u00e4nder utanf\u00f6r EES kanske inte har samma niv\u00e5 av dataskyddslagar som EES, vilket inneb\u00e4r att en del av de r\u00e4ttigheter som beviljas Kunderna inom EES kanske inte \u00e4r tillg\u00e4ngliga;<br\/>(b) Kundernas personuppgifter f\u00e5r tillhandah\u00e5llas och behandlas f\u00f6r de \u00e4ndam\u00e5l som anges i 1.(3) ovan; och<br\/>(c) Kundernas personuppgifter kan komma att l\u00e4mnas ut till tredje part som befinner sig i ett land utanf\u00f6r EES.<\/p>\n\n<p>(6) Utl\u00e4mnande, korrigering och andra f\u00f6rfaranden avseende personuppgifterna<br\/>Kunderna har r\u00e4tt att f\u00e5 tillg\u00e5ng till, beg\u00e4ra korrigering, beg\u00e4ra radering, beg\u00e4ra begr\u00e4nsning av behandlingen, inv\u00e4nda mot behandlingen och beg\u00e4ra dataportabilitet med avseende p\u00e5 de personuppgifter som f\u00f6retaget lagrar i enlighet med best\u00e4mmelserna i relevanta lagar och f\u00f6rordningar. S\u00e5dana f\u00f6rfr\u00e5gningar ska hanteras till den kontaktpunkt som anges i &#8220;5. Kontakt&#8221; enligt nedan. Bolaget kan neka Kundens beg\u00e4ran om Bolaget anser att det inte finns n\u00e5gon grund f\u00f6r en s\u00e5dan beg\u00e4ran eller om beg\u00e4ran anses vara \u00f6verdriven.<br\/>Kunden kan l\u00e4mna in inv\u00e4ndningar till de dataskyddsmyndigheter som har jurisdiktion \u00f6ver den plats d\u00e4r Kunden har sin hemvist med avseende p\u00e5 Bolagets behandling av deras personuppgifter.  <\/p>\n\n<p>(7) Avregistrering av direktmarknadsf\u00f6ring<br\/>Om Kunden vill avregistrera sig fr\u00e5n Bolagets direktmarknadsf\u00f6ring ska Kunden kontakta den kontaktpunkt som anges i &#8220;Kontakt&#8221; nedan.<\/p>\n\n<div style=\"height:auto\" aria-hidden=\"true\" class=\"wp-block-spacer\"><\/div>\n\n<h2 class=\"wp-block-heading\">2. \u00c5TG\u00c4RDER F\u00d6R S\u00c4KERHETSSTYRNING<\/h2>\n\n<p>F\u00f6r att skydda personuppgifterna fr\u00e5n obeh\u00f6rig \u00e5tkomst och f\u00f6rlust etc, med h\u00e4nsyn till typen av personuppgifter, graden av k\u00e4nslighet och graden av p\u00e5verkan p\u00e5 kunderna, inklusive ekonomiskt inflytande och mental skada om personuppgifterna olagligen kr\u00e4nks, har f\u00f6retaget omfattande utv\u00e4rderat och bed\u00f6mt riskerna f\u00f6r intr\u00e5ng i personuppgifter och har genomf\u00f6rt n\u00f6dv\u00e4ndiga och l\u00e4mpliga personliga, organisatoriska och tekniska s\u00e4kerhets\u00e5tg\u00e4rder i enlighet med s\u00e5dan risk f\u00f6r intr\u00e5ng i personuppgifter, och kommer vidare att granska s\u00e5dana s\u00e4kerhets\u00e5tg\u00e4rder vid behov, inr\u00e4tta processen f\u00f6r att vidta korrigerande \u00e5tg\u00e4rder och st\u00e4ndigt anstr\u00e4nga sig f\u00f6r att f\u00f6rb\u00e4ttra sin s\u00e4kerhet.<\/p>\n\n<p>Bolaget kommer att anstr\u00e4nga sig f\u00f6r att hantera personuppgifter p\u00e5 l\u00e4mpligt s\u00e4tt genom att begr\u00e4nsa utomst\u00e5ende personers tilltr\u00e4de till de kontor d\u00e4r behandlingen av personuppgifter sker, genomf\u00f6ra utbildningsaktiviteter f\u00f6r att \u00f6ka medvetenheten som riktar sig till alla tj\u00e4nstem\u00e4n och anst\u00e4llda som \u00e4r involverade i skyddet av personuppgifter och utse ansvariga chefer f\u00f6r varje division som behandlar personuppgifter. Om bolaget, i sin roll som personuppgiftsansvarig, anlitar ett personuppgiftsbitr\u00e4de ska bolaget v\u00e4lja ett personuppgiftsbitr\u00e4de som kan genomf\u00f6ra l\u00e4mpliga tekniska och organisatoriska \u00e5tg\u00e4rder och hantera ett s\u00e5dant personuppgiftsbitr\u00e4de p\u00e5 ett l\u00e4mpligt s\u00e4tt. I enlighet med GDPR ska bolaget uppr\u00e4tta register \u00f6ver behandlingen av personuppgifter.  <\/p>\n\n<div style=\"height:auto\" aria-hidden=\"true\" class=\"wp-block-spacer\"><\/div>\n\n<h2 class=\"wp-block-heading\">3. BARN<\/h2>\n\n<p>Observera att denna webbplats inte \u00e4r avsedd f\u00f6r barn under 16 \u00e5r. Om ett barn under 13 \u00e5r har l\u00e4mnat personligt identifierbar information till Yanmar via v\u00e5r webbplats, kan en f\u00f6r\u00e4lder eller v\u00e5rdnadshavare kontakta ymi-privacy@yanmar.com f\u00f6r att beg\u00e4ra att informationen raderas fr\u00e5n v\u00e5ra register. Efter mottagande av en s\u00e5dan beg\u00e4ran kommer Yanmar att g\u00f6ra rimliga anstr\u00e4ngningar f\u00f6r att radera barnets information fr\u00e5n v\u00e5ra register.  <\/p>\n\n<div style=\"height:auto\" aria-hidden=\"true\" class=\"wp-block-spacer\"><\/div>\n\n<h2 class=\"wp-block-heading\">4. BOENDE I KALIFORNIEN USA<\/h2>\n\n<p>Kalifornisk lag (CCPA) till\u00e5ter inv\u00e5nare i Kalifornien att kostnadsfritt beg\u00e4ra ut personlig information som innehas av Yanmar. Kalifornien kan g\u00f6ra en s\u00e5dan beg\u00e4ran skriftligen genom att skicka e-post till ymi-privacy@yanmar.com med ditt namn och ange CCPA i \u00e4mnesraden i ditt e-postmeddelande, eller genom att ringa 1-727-803-6565 (eller avgiftsfritt 1-800-545-4574). Inom 30 dagar fr\u00e5n det att vi mottagit din beg\u00e4ran kommer vi att svara med identifiering av den personliga information som Yanmar innehar.  <\/p>\n\n<p>Enligt Kaliforniens &#8220;Shine the Light Law&#8221;, California Civil Code Section 1798.83, kan inv\u00e5nare i Kalifornien en g\u00e5ng om \u00e5ret kostnadsfritt beg\u00e4ra och f\u00e5 information om eventuella personuppgifter (enligt definitionen i Kaliforniens lagstiftning) som vi har l\u00e4mnat ut till vissa tredje parter f\u00f6r direktmarknadsf\u00f6ring under f\u00f6reg\u00e5ende kalender\u00e5r. Inv\u00e5nare i Kalifornien kan g\u00f6ra en s\u00e5dan beg\u00e4ran skriftligen genom att skicka ett e-postmeddelande till ymi-privacy@yanmar.com med ditt namn och din adress, och ange &#8220;California Shine the Light Request&#8221; i \u00e4mnesraden i e-postmeddelandet. Inom 30 dagar efter att vi mottagit din beg\u00e4ran, och d\u00e4r s\u00e5 kr\u00e4vs enligt lag, skickar vi dig en lista \u00f6ver de kategorier av personuppgifter som l\u00e4mnats ut till tredje part f\u00f6r direktmarknadsf\u00f6rings\u00e4ndam\u00e5l under det omedelbart f\u00f6reg\u00e5ende kalender\u00e5ret, tillsammans med namn och adress till dessa tredje parter.  <\/p>\n\n<div style=\"height:auto\" aria-hidden=\"true\" class=\"wp-block-spacer\"><\/div>\n\n<h2 class=\"wp-block-heading\">5. KONTINUERLIG F\u00d6RB\u00c4TTRING<\/h2>\n\n<p>Bolaget ska l\u00f6pande se \u00f6ver och revidera sitt arbete med behandling av personuppgifter f\u00f6r att motsvara f\u00f6r\u00e4ndringar i dataskyddsf\u00f6rordningen, behandlingsmetoder och omv\u00e4rld.<\/p>\n\n<div style=\"height:auto\" aria-hidden=\"true\" class=\"wp-block-spacer\"><\/div>\n\n<h2 class=\"wp-block-heading\">6. \u00c4NDRING AV DENNA SEKRETESSPOLICY<\/h2>\n\n<p>Bolaget kan n\u00e4r som helst \u00e4ndra denna Integritetspolicy. Bolaget ska fastst\u00e4lla ikrafttr\u00e4dandedatumet f\u00f6r \u00e4ndringen och informera kunderna senast 30 dagar f\u00f6re ikrafttr\u00e4dandedatumet genom publicering p\u00e5 v\u00e5r webbplats och kundportal. De Kunder som forts\u00e4tter att anv\u00e4nda Tj\u00e4nsten p\u00e5 ikrafttr\u00e4dandedatumet eller d\u00e4refter ska anses ha samtyckt till den \u00e4ndrade Integritetspolicyn.  <\/p>\n\n<div style=\"height:auto\" aria-hidden=\"true\" class=\"wp-block-spacer\"><\/div>\n\n<h2 class=\"wp-block-heading\">7. KONTAKT<\/h2>\n\n<p>Bolagets kontaktpunkt avseende denna integritetspolicy \u00e4r som visas nedan. Eventuella fr\u00e5gor eller funderingar ang\u00e5ende denna integritetspolicy eller bolagets behandling av personuppgifter, eller eventuella f\u00f6rfr\u00e5gningar om \u00e5tkomst, korrigering, radering, begr\u00e4nsning av behandling eller dataportabilitet av personuppgifterna ska st\u00e4llas till denna kontaktpunkt: <\/p>\n\n<p>Yanmar Marine International B.V.<br\/>Planeringsavdelning<br\/>Brugplein 11, Almere<br\/>+31-36-5493200<br\/><a href=\"mailto:ymi-privacy@yanmar.com\">ymi-privacy@yanmar.com<\/a><\/p>\n\n<div style=\"height:auto\" aria-hidden=\"true\" class=\"wp-block-spacer is-style-medium\"><\/div>\n","protected":false},"excerpt":{"rendered":"<p>KONTAKTA OSS Integritetspolicy Yanmar Marine International B.V. ( &#8220;Bolaget&#8221;), i samband med tillhandah\u00e5llande av marknadsf\u00f6ring, f\u00f6rs\u00e4ljning, eftermarknad, garanti och teknisk [&hellip;]<\/p>\n","protected":false},"author":14,"featured_media":0,"parent":36702,"menu_order":4,"comment_status":"closed","ping_status":"closed","template":"","meta":{"_acf_changed":false,"footnotes":""},"tags":[],"class_list":["post-36656","page","type-page","status-publish","hentry"],"acf":[],"yoast_head":"<!-- This site is optimized with the Yoast SEO Premium plugin v27.2 (Yoast SEO v27.2) - https:\/\/yoast.com\/product\/yoast-seo-premium-wordpress\/ -->\n<title>Integritetspolicy - YANMAR Marine International<\/title>\n<meta name=\"description\" content=\"Yanmar Marine International B.V. (&quot;Bolaget&quot;), i samband med tillhandah\u00e5llande av marknadsf\u00f6ring, f\u00f6rs\u00e4ljning, eftermarknad, garanti och teknisk support (&quot;Tj\u00e4nsten&quot;) till Kunder (&quot;Kunderna&quot;), i syfte att f\u00f6lja EU:s allm\u00e4nna dataskyddsf\u00f6rordning (&quot;GDPR&quot;) och f\u00f6r att p\u00e5 l\u00e4mpligt s\u00e4tt behandla Kundernas personuppgifter, uppr\u00e4ttar h\u00e4rmed denna &quot;Integritetspolicy&quot; (&quot;Integritetspolicyn&quot;).\" \/>\n<meta name=\"robots\" content=\"index, follow, max-snippet:-1, max-image-preview:large, max-video-preview:-1\" \/>\n<link rel=\"canonical\" href=\"https:\/\/www.yanmar.com\/marine\/kontakta-oss\/sekretesspolicy\/\" \/>\n<meta property=\"og:locale\" content=\"en_US\" \/>\n<meta property=\"og:type\" content=\"article\" \/>\n<meta property=\"og:title\" content=\"Integritetspolicy\" \/>\n<meta property=\"og:description\" content=\"Yanmar Marine International B.V. (&quot;Bolaget&quot;), i samband med tillhandah\u00e5llande av marknadsf\u00f6ring, f\u00f6rs\u00e4ljning, eftermarknad, garanti och teknisk support (&quot;Tj\u00e4nsten&quot;) till Kunder (&quot;Kunderna&quot;), i syfte att f\u00f6lja EU:s allm\u00e4nna dataskyddsf\u00f6rordning (&quot;GDPR&quot;) och f\u00f6r att p\u00e5 l\u00e4mpligt s\u00e4tt behandla Kundernas personuppgifter, uppr\u00e4ttar h\u00e4rmed denna &quot;Integritetspolicy&quot; (&quot;Integritetspolicyn&quot;).\" \/>\n<meta property=\"og:url\" content=\"https:\/\/www.yanmar.com\/marine\/sv\/kontakta-oss\/sekretesspolicy\/\" \/>\n<meta property=\"og:site_name\" content=\"YANMAR Marine International\" \/>\n<meta property=\"article:modified_time\" content=\"2025-01-14T12:55:12+00:00\" \/>\n<meta name=\"twitter:card\" content=\"summary_large_image\" \/>\n<meta name=\"twitter:label1\" content=\"Est. reading time\" \/>\n\t<meta name=\"twitter:data1\" content=\"9 minutes\" \/>\n<script type=\"application\/ld+json\" class=\"yoast-schema-graph\">{\"@context\":\"https:\/\/schema.org\",\"@graph\":[{\"@type\":\"WebPage\",\"@id\":\"https:\/\/www.yanmar.com\/marine\/sv\/kontakta-oss\/sekretesspolicy\/\",\"url\":\"https:\/\/www.yanmar.com\/marine\/sv\/kontakta-oss\/sekretesspolicy\/\",\"name\":\"Integritetspolicy - YANMAR Marine International\",\"isPartOf\":{\"@id\":\"https:\/\/origin-ymi.yanmar.com\/marine\/#website\"},\"datePublished\":\"2019-11-19T13:29:23+00:00\",\"dateModified\":\"2025-01-14T12:55:12+00:00\",\"description\":\"Yanmar Marine International B.V. (\\\"Bolaget\\\"), i samband med tillhandah\u00e5llande av marknadsf\u00f6ring, f\u00f6rs\u00e4ljning, eftermarknad, garanti och teknisk support (\\\"Tj\u00e4nsten\\\") till Kunder (\\\"Kunderna\\\"), i syfte att f\u00f6lja EU:s allm\u00e4nna dataskyddsf\u00f6rordning (\\\"GDPR\\\") och f\u00f6r att p\u00e5 l\u00e4mpligt s\u00e4tt behandla Kundernas personuppgifter, uppr\u00e4ttar h\u00e4rmed denna \\\"Integritetspolicy\\\" (\\\"Integritetspolicyn\\\").\",\"breadcrumb\":{\"@id\":\"https:\/\/www.yanmar.com\/marine\/sv\/kontakta-oss\/sekretesspolicy\/#breadcrumb\"},\"inLanguage\":\"en-US\",\"potentialAction\":[{\"@type\":\"ReadAction\",\"target\":[\"https:\/\/www.yanmar.com\/marine\/sv\/kontakta-oss\/sekretesspolicy\/\"]}]},{\"@type\":\"BreadcrumbList\",\"@id\":\"https:\/\/www.yanmar.com\/marine\/sv\/kontakta-oss\/sekretesspolicy\/#breadcrumb\",\"itemListElement\":[{\"@type\":\"ListItem\",\"position\":1,\"name\":\"Yanmar Marine\",\"item\":\"https:\/\/origin-ymi.yanmar.com\/marine\/\"},{\"@type\":\"ListItem\",\"position\":2,\"name\":\"Kontakta oss\",\"item\":\"https:\/\/origin-ymi.yanmar.com\/marine\/kontakta-oss\/\"},{\"@type\":\"ListItem\",\"position\":3,\"name\":\"Integritetspolicy\"}]},{\"@type\":\"WebSite\",\"@id\":\"https:\/\/origin-ymi.yanmar.com\/marine\/#website\",\"url\":\"https:\/\/origin-ymi.yanmar.com\/marine\/\",\"name\":\"YANMAR Marine International\",\"description\":\"Proven Marine Technology\",\"publisher\":{\"@id\":\"https:\/\/origin-ymi.yanmar.com\/marine\/#organization\"},\"potentialAction\":[{\"@type\":\"SearchAction\",\"target\":{\"@type\":\"EntryPoint\",\"urlTemplate\":\"https:\/\/origin-ymi.yanmar.com\/marine\/?s={search_term_string}\"},\"query-input\":{\"@type\":\"PropertyValueSpecification\",\"valueRequired\":true,\"valueName\":\"search_term_string\"}}],\"inLanguage\":\"en-US\"},{\"@type\":\"Organization\",\"@id\":\"https:\/\/origin-ymi.yanmar.com\/marine\/#organization\",\"name\":\"YANMAR Marine International\",\"url\":\"https:\/\/origin-ymi.yanmar.com\/marine\/\",\"logo\":{\"@type\":\"ImageObject\",\"inLanguage\":\"en-US\",\"@id\":\"https:\/\/origin-ymi.yanmar.com\/marine\/#\/schema\/logo\/image\/\",\"url\":\"https:\/\/origin-ymi.yanmar.com\/marine\/wp-content\/uploads\/2020\/03\/YANMAR-Brand-Logotype2.png\",\"contentUrl\":\"https:\/\/origin-ymi.yanmar.com\/marine\/wp-content\/uploads\/2020\/03\/YANMAR-Brand-Logotype2.png\",\"width\":842,\"height\":168,\"caption\":\"YANMAR Marine International\"},\"image\":{\"@id\":\"https:\/\/origin-ymi.yanmar.com\/marine\/#\/schema\/logo\/image\/\"}}]}<\/script>\n<!-- \/ Yoast SEO Premium plugin. -->","yoast_head_json":{"title":"Integritetspolicy - YANMAR Marine International","description":"Yanmar Marine International B.V. (\"Bolaget\"), i samband med tillhandah\u00e5llande av marknadsf\u00f6ring, f\u00f6rs\u00e4ljning, eftermarknad, garanti och teknisk support (\"Tj\u00e4nsten\") till Kunder (\"Kunderna\"), i syfte att f\u00f6lja EU:s allm\u00e4nna dataskyddsf\u00f6rordning (\"GDPR\") och f\u00f6r att p\u00e5 l\u00e4mpligt s\u00e4tt behandla Kundernas personuppgifter, uppr\u00e4ttar h\u00e4rmed denna \"Integritetspolicy\" (\"Integritetspolicyn\").","robots":{"index":"index","follow":"follow","max-snippet":"max-snippet:-1","max-image-preview":"max-image-preview:large","max-video-preview":"max-video-preview:-1"},"canonical":"https:\/\/www.yanmar.com\/marine\/kontakta-oss\/sekretesspolicy\/","og_locale":"en_US","og_type":"article","og_title":"Integritetspolicy","og_description":"Yanmar Marine International B.V. (\"Bolaget\"), i samband med tillhandah\u00e5llande av marknadsf\u00f6ring, f\u00f6rs\u00e4ljning, eftermarknad, garanti och teknisk support (\"Tj\u00e4nsten\") till Kunder (\"Kunderna\"), i syfte att f\u00f6lja EU:s allm\u00e4nna dataskyddsf\u00f6rordning (\"GDPR\") och f\u00f6r att p\u00e5 l\u00e4mpligt s\u00e4tt behandla Kundernas personuppgifter, uppr\u00e4ttar h\u00e4rmed denna \"Integritetspolicy\" (\"Integritetspolicyn\").","og_url":"https:\/\/www.yanmar.com\/marine\/sv\/kontakta-oss\/sekretesspolicy\/","og_site_name":"YANMAR Marine International","article_modified_time":"2025-01-14T12:55:12+00:00","twitter_card":"summary_large_image","twitter_misc":{"Est. reading time":"9 minutes"},"schema":{"@context":"https:\/\/schema.org","@graph":[{"@type":"WebPage","@id":"https:\/\/www.yanmar.com\/marine\/sv\/kontakta-oss\/sekretesspolicy\/","url":"https:\/\/www.yanmar.com\/marine\/sv\/kontakta-oss\/sekretesspolicy\/","name":"Integritetspolicy - YANMAR Marine International","isPartOf":{"@id":"https:\/\/origin-ymi.yanmar.com\/marine\/#website"},"datePublished":"2019-11-19T13:29:23+00:00","dateModified":"2025-01-14T12:55:12+00:00","description":"Yanmar Marine International B.V. (\"Bolaget\"), i samband med tillhandah\u00e5llande av marknadsf\u00f6ring, f\u00f6rs\u00e4ljning, eftermarknad, garanti och teknisk support (\"Tj\u00e4nsten\") till Kunder (\"Kunderna\"), i syfte att f\u00f6lja EU:s allm\u00e4nna dataskyddsf\u00f6rordning (\"GDPR\") och f\u00f6r att p\u00e5 l\u00e4mpligt s\u00e4tt behandla Kundernas personuppgifter, uppr\u00e4ttar h\u00e4rmed denna \"Integritetspolicy\" (\"Integritetspolicyn\").","breadcrumb":{"@id":"https:\/\/www.yanmar.com\/marine\/sv\/kontakta-oss\/sekretesspolicy\/#breadcrumb"},"inLanguage":"en-US","potentialAction":[{"@type":"ReadAction","target":["https:\/\/www.yanmar.com\/marine\/sv\/kontakta-oss\/sekretesspolicy\/"]}]},{"@type":"BreadcrumbList","@id":"https:\/\/www.yanmar.com\/marine\/sv\/kontakta-oss\/sekretesspolicy\/#breadcrumb","itemListElement":[{"@type":"ListItem","position":1,"name":"Yanmar Marine","item":"https:\/\/origin-ymi.yanmar.com\/marine\/"},{"@type":"ListItem","position":2,"name":"Kontakta oss","item":"https:\/\/origin-ymi.yanmar.com\/marine\/kontakta-oss\/"},{"@type":"ListItem","position":3,"name":"Integritetspolicy"}]},{"@type":"WebSite","@id":"https:\/\/origin-ymi.yanmar.com\/marine\/#website","url":"https:\/\/origin-ymi.yanmar.com\/marine\/","name":"YANMAR Marine International","description":"Proven Marine Technology","publisher":{"@id":"https:\/\/origin-ymi.yanmar.com\/marine\/#organization"},"potentialAction":[{"@type":"SearchAction","target":{"@type":"EntryPoint","urlTemplate":"https:\/\/origin-ymi.yanmar.com\/marine\/?s={search_term_string}"},"query-input":{"@type":"PropertyValueSpecification","valueRequired":true,"valueName":"search_term_string"}}],"inLanguage":"en-US"},{"@type":"Organization","@id":"https:\/\/origin-ymi.yanmar.com\/marine\/#organization","name":"YANMAR Marine International","url":"https:\/\/origin-ymi.yanmar.com\/marine\/","logo":{"@type":"ImageObject","inLanguage":"en-US","@id":"https:\/\/origin-ymi.yanmar.com\/marine\/#\/schema\/logo\/image\/","url":"https:\/\/origin-ymi.yanmar.com\/marine\/wp-content\/uploads\/2020\/03\/YANMAR-Brand-Logotype2.png","contentUrl":"https:\/\/origin-ymi.yanmar.com\/marine\/wp-content\/uploads\/2020\/03\/YANMAR-Brand-Logotype2.png","width":842,"height":168,"caption":"YANMAR Marine International"},"image":{"@id":"https:\/\/origin-ymi.yanmar.com\/marine\/#\/schema\/logo\/image\/"}}]}},"_links":{"self":[{"href":"https:\/\/www.yanmar.com\/marine\/wp-json\/wp\/v2\/pages\/36656","targetHints":{"allow":["GET"]}}],"collection":[{"href":"https:\/\/www.yanmar.com\/marine\/wp-json\/wp\/v2\/pages"}],"about":[{"href":"https:\/\/www.yanmar.com\/marine\/wp-json\/wp\/v2\/types\/page"}],"author":[{"embeddable":true,"href":"https:\/\/www.yanmar.com\/marine\/wp-json\/wp\/v2\/users\/14"}],"replies":[{"embeddable":true,"href":"https:\/\/www.yanmar.com\/marine\/wp-json\/wp\/v2\/comments?post=36656"}],"version-history":[{"count":3,"href":"https:\/\/www.yanmar.com\/marine\/wp-json\/wp\/v2\/pages\/36656\/revisions"}],"predecessor-version":[{"id":45678,"href":"https:\/\/www.yanmar.com\/marine\/wp-json\/wp\/v2\/pages\/36656\/revisions\/45678"}],"up":[{"embeddable":true,"href":"https:\/\/www.yanmar.com\/marine\/wp-json\/wp\/v2\/pages\/36702"}],"wp:attachment":[{"href":"https:\/\/www.yanmar.com\/marine\/wp-json\/wp\/v2\/media?parent=36656"}],"wp:term":[{"taxonomy":"post_tag","embeddable":true,"href":"https:\/\/www.yanmar.com\/marine\/wp-json\/wp\/v2\/tags?post=36656"}],"curies":[{"name":"wp","href":"https:\/\/api.w.org\/{rel}","templated":true}]}}