{"id":36662,"date":"2019-12-06T15:52:57","date_gmt":"2019-12-06T15:52:57","guid":{"rendered":"https:\/\/www.yanmar.com\/marine\/cookiepolicy\/"},"modified":"2025-01-14T12:55:14","modified_gmt":"2025-01-14T12:55:14","slug":"cookiepolicy","status":"publish","type":"page","link":"https:\/\/www.yanmar.com\/marine\/sv\/kontakta-oss\/cookiepolicy\/","title":{"rendered":"Policy f\u00f6r cookies"},"content":{"rendered":"\n<div style=\"height:auto\" aria-hidden=\"true\" class=\"wp-block-spacer is-style-small\"><\/div>\n\n<h6 class=\"wp-block-heading has-text-align-center has-primary-color has-text-color has-link-color wp-elements-f600cc50533315d8af63fdb74c745020\">KONTAKTA OSS<\/h6>\n\n<h2 class=\"wp-block-heading has-text-align-center\">Policy f\u00f6r cookies<\/h2>\n\n<div style=\"height:auto\" aria-hidden=\"true\" class=\"wp-block-spacer is-style-small\"><\/div>\n\n<p>Denna webbplats, liksom m\u00e5nga andra, anv\u00e4nder sm\u00e5 filer som kallas cookies f\u00f6r att hj\u00e4lpa till att anpassa din upplevelse.<\/p>\n\n<div style=\"height:auto\" aria-hidden=\"true\" class=\"wp-block-spacer is-style-default\"><\/div>\n\n<h2 class=\"wp-block-heading\">Vad \u00e4r cookies?<\/h2>\n\n<p>Cookies \u00e4r sm\u00e5 textfiler som en webbplats av olika sk\u00e4l ber din webbl\u00e4sare att lagra p\u00e5 din dator, surfplatta eller mobiltelefon n\u00e4r du bes\u00f6ker en webbplats. Cookies kan anv\u00e4ndas f\u00f6r att f\u00f6rst\u00e5 hur webbplatsen eller tj\u00e4nsten anv\u00e4nds, hj\u00e4lpa dig att navigera mellan sidor p\u00e5 ett effektivt s\u00e4tt, komma ih\u00e5g dina preferenser och allm\u00e4nt f\u00f6rb\u00e4ttra din surfupplevelse. Cookies kan ocks\u00e5 bidra till att s\u00e4kerst\u00e4lla att det du ser p\u00e5 n\u00e4tet \u00e4r mer relevant f\u00f6r dig och dina intressen.  <\/p>\n\n<div style=\"height:auto\" aria-hidden=\"true\" class=\"wp-block-spacer is-style-default\"><\/div>\n\n<h2 class=\"wp-block-heading\">Information om v\u00e5r anv\u00e4ndning av cookies<\/h2>\n\n<p>F\u00f6ljande typer av cookies anv\u00e4nds p\u00e5 den h\u00e4r webbplatsen.<\/p>\n\n<p><strong>&gt;  FUNKTIONS- OCH PRESTANDACOOKIES<\/strong><\/p>\n\n<p>V\u00e5ra funktionella cookies \u00e4r absolut n\u00f6dv\u00e4ndiga f\u00f6r att webbplatsen ska fungera korrekt. Dessa cookies hj\u00e4lper oss att tillhandah\u00e5lla vissa funktioner som du har beg\u00e4rt, de g\u00f6r det m\u00f6jligt f\u00f6r oss att komma ih\u00e5g dina preferenser, se till att r\u00e4tt information visas snabbt och korrekt varje g\u00e5ng du bes\u00f6ker v\u00e5r webbplats. Vi s\u00e4tter prestandacookies f\u00f6r att f\u00f6rb\u00e4ttra din upplevelse p\u00e5 v\u00e5r webbplats och hj\u00e4lpa dig att anv\u00e4nda v\u00e5r webbplats p\u00e5 ett effektivt s\u00e4tt.  <\/p>\n\n<p><strong>&gt;  ICKE-FUNKTIONELLA COOKIES<\/strong><\/p>\n\n<p>Dessa cookies \u00e4r inte absolut n\u00f6dv\u00e4ndiga, men kr\u00e4vs f\u00f6r att ge dig den b\u00e4sta anv\u00e4ndarupplevelsen och f\u00f6r att ber\u00e4tta f\u00f6r oss vilka sidor du tycker \u00e4r mest intressanta (anonymt).<\/p>\n\n<p>Vi anv\u00e4nder sp\u00e5rningscookies (Google Analytics och Yandex) f\u00f6r att samla in data om hur bes\u00f6kare anv\u00e4nder v\u00e5r webbplats, t.ex. antal bes\u00f6kare och bes\u00f6kta sidor. Vi anv\u00e4nder denna information f\u00f6r analys- och \u00f6vervaknings\u00e4ndam\u00e5l, s\u00e5 att vi kan f\u00f6rb\u00e4ttra v\u00e5r webbplats och de produkter eller tj\u00e4nster som erbjuds. YANMAR kommer inte att lagra eller dela n\u00e5gon personlig information med tredje part. Det finns dock tj\u00e4nster fr\u00e5n tredje part som \u00e4r inb\u00e4ddade i v\u00e5r webbplats och som kan anv\u00e4nda sina egna cookies. Dessa tj\u00e4nster g\u00f6r det m\u00f6jligt f\u00f6r dig att:    <\/p>\n\n<ul class=\"wp-block-list\">\n<li>dela sidor med sociala n\u00e4tverk<\/li>\n\n\n\n<li>dela sidor via Add This (om tillg\u00e4ngligt)<\/li>\n\n\n\n<li>se en inb\u00e4ddad karta fr\u00e5n Google Maps<\/li>\n\n\n\n<li>titta p\u00e5 en inb\u00e4ddad video<\/li>\n<\/ul>\n\n<p><strong>Mer information om dessa specifika tj\u00e4nster och deras anv\u00e4ndning av cookies:<\/strong><\/p>\n\n<ul class=\"wp-block-list\">\n<li>Facebooks policy f\u00f6r dataanv\u00e4ndning: <a href=\"http:\/\/www.facebook.com\/about\/privacy\/your-info-on-other\" target=\"_blank\" rel=\"noopener\">http:\/\/www.facebook.com\/about\/privacy\/your-info-on-other<\/a><\/li>\n\n\n\n<li>AddThis integritetspolicy: <a href=\"http:\/\/www.addthis.com\/privacy#.T6j--usS0bw\" target=\"_blank\" rel=\"noopener\">http:\/\/www.addthis.com\/privacy#.T6j&#8211;usS0bw<\/a><\/li>\n\n\n\n<li>Twitters integritetspolicy: <a href=\"https:\/\/twitter.com\/privacy\" target=\"_blank\" rel=\"noopener\">https:\/\/twitter.com\/privacy<\/a><\/li>\n\n\n\n<li>Cookiepolicy f\u00f6r YouTube och Google Maps: <a href=\"http:\/\/www.google.com\/intl\/en\/policies\/faq\/\" target=\"_blank\" rel=\"noopener\">http:\/\/www.google.com\/intl\/en\/policies\/faq\/<\/a><\/li>\n<\/ul>\n\n<div style=\"height:auto\" aria-hidden=\"true\" class=\"wp-block-spacer is-style-default\"><\/div>\n\n<h2 class=\"wp-block-heading\">S\u00e5 h\u00e4r tar du bort cookies och hanterar dina webbl\u00e4sarinst\u00e4llningar<\/h2>\n\n<p>Om du vid n\u00e5got tillf\u00e4lle vill radera dina cookies eller \u00e4ndra hur din webbl\u00e4sare hanterar cookies kan du g\u00f6ra det i inst\u00e4llningarna f\u00f6r din webbl\u00e4sare. Dessa inst\u00e4llningar finns i menyn &#8220;Inst\u00e4llningar&#8221;, &#8220;Alternativ&#8221; eller &#8220;Preferenser&#8221; i din webbl\u00e4sare. Observera att om du \u00e4ndrar dina cookie-inst\u00e4llningar och begr\u00e4nsar webbplatsers anv\u00e4ndning av cookies kan du vara begr\u00e4nsad till en webbplats funktionalitet, inklusive v\u00e5r.  <\/p>\n\n<p>F\u00f6r mer information, se <a href=\"https:\/\/www.aboutcookies.org\/\" target=\"_blank\" rel=\"noopener\">aboutcookies.org<\/a><\/p>\n\n<p>Om du beh\u00f6ver mer information f\u00f6resl\u00e5r vi att du l\u00e4ser p\u00e5 n\u00e4tet om hur du hanterar cookies f\u00f6r din specifika webbl\u00e4sare.<\/p>\n\n<div style=\"height:auto\" aria-hidden=\"true\" class=\"wp-block-spacer is-style-medium\"><\/div>\n","protected":false},"excerpt":{"rendered":"<p>KONTAKTA OSS Policy f\u00f6r cookies Denna webbplats, liksom m\u00e5nga andra, anv\u00e4nder sm\u00e5 filer som kallas cookies f\u00f6r att hj\u00e4lpa till [&hellip;]<\/p>\n","protected":false},"author":14,"featured_media":0,"parent":36702,"menu_order":5,"comment_status":"closed","ping_status":"closed","template":"","meta":{"_acf_changed":false,"footnotes":""},"tags":[],"class_list":["post-36662","page","type-page","status-publish","hentry"],"acf":[],"yoast_head":"<!-- This site is optimized with the Yoast SEO Premium plugin v27.2 (Yoast SEO v27.2) - https:\/\/yoast.com\/product\/yoast-seo-premium-wordpress\/ -->\n<title>Policy f\u00f6r cookies - YANMAR Marine International<\/title>\n<meta name=\"description\" content=\"Denna webbplats, liksom m\u00e5nga andra, anv\u00e4nder sm\u00e5 filer som kallas cookies f\u00f6r att hj\u00e4lpa till att anpassa din upplevelse.\" \/>\n<meta name=\"robots\" content=\"index, follow, max-snippet:-1, max-image-preview:large, max-video-preview:-1\" \/>\n<link rel=\"canonical\" href=\"https:\/\/www.yanmar.com\/marine\/kontakta-oss\/cookiepolicy\/\" \/>\n<meta property=\"og:locale\" content=\"en_US\" \/>\n<meta property=\"og:type\" content=\"article\" \/>\n<meta property=\"og:title\" content=\"Policy f\u00f6r cookies\" \/>\n<meta property=\"og:description\" content=\"Denna webbplats, liksom m\u00e5nga andra, anv\u00e4nder sm\u00e5 filer som kallas cookies f\u00f6r att hj\u00e4lpa till att anpassa din upplevelse.\" \/>\n<meta property=\"og:url\" content=\"https:\/\/www.yanmar.com\/marine\/sv\/kontakta-oss\/cookiepolicy\/\" \/>\n<meta property=\"og:site_name\" content=\"YANMAR Marine International\" \/>\n<meta property=\"article:modified_time\" content=\"2025-01-14T12:55:14+00:00\" \/>\n<meta name=\"twitter:card\" content=\"summary_large_image\" \/>\n<meta name=\"twitter:label1\" content=\"Est. reading time\" \/>\n\t<meta name=\"twitter:data1\" content=\"3 minutes\" \/>\n<script type=\"application\/ld+json\" class=\"yoast-schema-graph\">{\"@context\":\"https:\/\/schema.org\",\"@graph\":[{\"@type\":\"WebPage\",\"@id\":\"https:\/\/www.yanmar.com\/marine\/sv\/kontakta-oss\/cookiepolicy\/\",\"url\":\"https:\/\/www.yanmar.com\/marine\/sv\/kontakta-oss\/cookiepolicy\/\",\"name\":\"Policy f\u00f6r cookies - YANMAR Marine International\",\"isPartOf\":{\"@id\":\"https:\/\/origin-ymi.yanmar.com\/marine\/#website\"},\"datePublished\":\"2019-12-06T15:52:57+00:00\",\"dateModified\":\"2025-01-14T12:55:14+00:00\",\"description\":\"Denna webbplats, liksom m\u00e5nga andra, anv\u00e4nder sm\u00e5 filer som kallas cookies f\u00f6r att hj\u00e4lpa till att anpassa din upplevelse.\",\"breadcrumb\":{\"@id\":\"https:\/\/www.yanmar.com\/marine\/sv\/kontakta-oss\/cookiepolicy\/#breadcrumb\"},\"inLanguage\":\"en-US\",\"potentialAction\":[{\"@type\":\"ReadAction\",\"target\":[\"https:\/\/www.yanmar.com\/marine\/sv\/kontakta-oss\/cookiepolicy\/\"]}]},{\"@type\":\"BreadcrumbList\",\"@id\":\"https:\/\/www.yanmar.com\/marine\/sv\/kontakta-oss\/cookiepolicy\/#breadcrumb\",\"itemListElement\":[{\"@type\":\"ListItem\",\"position\":1,\"name\":\"Yanmar Marine\",\"item\":\"https:\/\/origin-ymi.yanmar.com\/marine\/\"},{\"@type\":\"ListItem\",\"position\":2,\"name\":\"Kontakta oss\",\"item\":\"https:\/\/origin-ymi.yanmar.com\/marine\/kontakta-oss\/\"},{\"@type\":\"ListItem\",\"position\":3,\"name\":\"Policy f\u00f6r cookies\"}]},{\"@type\":\"WebSite\",\"@id\":\"https:\/\/origin-ymi.yanmar.com\/marine\/#website\",\"url\":\"https:\/\/origin-ymi.yanmar.com\/marine\/\",\"name\":\"YANMAR Marine International\",\"description\":\"Proven Marine Technology\",\"publisher\":{\"@id\":\"https:\/\/origin-ymi.yanmar.com\/marine\/#organization\"},\"potentialAction\":[{\"@type\":\"SearchAction\",\"target\":{\"@type\":\"EntryPoint\",\"urlTemplate\":\"https:\/\/origin-ymi.yanmar.com\/marine\/?s={search_term_string}\"},\"query-input\":{\"@type\":\"PropertyValueSpecification\",\"valueRequired\":true,\"valueName\":\"search_term_string\"}}],\"inLanguage\":\"en-US\"},{\"@type\":\"Organization\",\"@id\":\"https:\/\/origin-ymi.yanmar.com\/marine\/#organization\",\"name\":\"YANMAR Marine International\",\"url\":\"https:\/\/origin-ymi.yanmar.com\/marine\/\",\"logo\":{\"@type\":\"ImageObject\",\"inLanguage\":\"en-US\",\"@id\":\"https:\/\/origin-ymi.yanmar.com\/marine\/#\/schema\/logo\/image\/\",\"url\":\"https:\/\/origin-ymi.yanmar.com\/marine\/wp-content\/uploads\/2020\/03\/YANMAR-Brand-Logotype2.png\",\"contentUrl\":\"https:\/\/origin-ymi.yanmar.com\/marine\/wp-content\/uploads\/2020\/03\/YANMAR-Brand-Logotype2.png\",\"width\":842,\"height\":168,\"caption\":\"YANMAR Marine International\"},\"image\":{\"@id\":\"https:\/\/origin-ymi.yanmar.com\/marine\/#\/schema\/logo\/image\/\"}}]}<\/script>\n<!-- \/ Yoast SEO Premium plugin. -->","yoast_head_json":{"title":"Policy f\u00f6r cookies - YANMAR Marine International","description":"Denna webbplats, liksom m\u00e5nga andra, anv\u00e4nder sm\u00e5 filer som kallas cookies f\u00f6r att hj\u00e4lpa till att anpassa din upplevelse.","robots":{"index":"index","follow":"follow","max-snippet":"max-snippet:-1","max-image-preview":"max-image-preview:large","max-video-preview":"max-video-preview:-1"},"canonical":"https:\/\/www.yanmar.com\/marine\/kontakta-oss\/cookiepolicy\/","og_locale":"en_US","og_type":"article","og_title":"Policy f\u00f6r cookies","og_description":"Denna webbplats, liksom m\u00e5nga andra, anv\u00e4nder sm\u00e5 filer som kallas cookies f\u00f6r att hj\u00e4lpa till att anpassa din upplevelse.","og_url":"https:\/\/www.yanmar.com\/marine\/sv\/kontakta-oss\/cookiepolicy\/","og_site_name":"YANMAR Marine International","article_modified_time":"2025-01-14T12:55:14+00:00","twitter_card":"summary_large_image","twitter_misc":{"Est. reading time":"3 minutes"},"schema":{"@context":"https:\/\/schema.org","@graph":[{"@type":"WebPage","@id":"https:\/\/www.yanmar.com\/marine\/sv\/kontakta-oss\/cookiepolicy\/","url":"https:\/\/www.yanmar.com\/marine\/sv\/kontakta-oss\/cookiepolicy\/","name":"Policy f\u00f6r cookies - YANMAR Marine International","isPartOf":{"@id":"https:\/\/origin-ymi.yanmar.com\/marine\/#website"},"datePublished":"2019-12-06T15:52:57+00:00","dateModified":"2025-01-14T12:55:14+00:00","description":"Denna webbplats, liksom m\u00e5nga andra, anv\u00e4nder sm\u00e5 filer som kallas cookies f\u00f6r att hj\u00e4lpa till att anpassa din upplevelse.","breadcrumb":{"@id":"https:\/\/www.yanmar.com\/marine\/sv\/kontakta-oss\/cookiepolicy\/#breadcrumb"},"inLanguage":"en-US","potentialAction":[{"@type":"ReadAction","target":["https:\/\/www.yanmar.com\/marine\/sv\/kontakta-oss\/cookiepolicy\/"]}]},{"@type":"BreadcrumbList","@id":"https:\/\/www.yanmar.com\/marine\/sv\/kontakta-oss\/cookiepolicy\/#breadcrumb","itemListElement":[{"@type":"ListItem","position":1,"name":"Yanmar Marine","item":"https:\/\/origin-ymi.yanmar.com\/marine\/"},{"@type":"ListItem","position":2,"name":"Kontakta oss","item":"https:\/\/origin-ymi.yanmar.com\/marine\/kontakta-oss\/"},{"@type":"ListItem","position":3,"name":"Policy f\u00f6r cookies"}]},{"@type":"WebSite","@id":"https:\/\/origin-ymi.yanmar.com\/marine\/#website","url":"https:\/\/origin-ymi.yanmar.com\/marine\/","name":"YANMAR Marine International","description":"Proven Marine Technology","publisher":{"@id":"https:\/\/origin-ymi.yanmar.com\/marine\/#organization"},"potentialAction":[{"@type":"SearchAction","target":{"@type":"EntryPoint","urlTemplate":"https:\/\/origin-ymi.yanmar.com\/marine\/?s={search_term_string}"},"query-input":{"@type":"PropertyValueSpecification","valueRequired":true,"valueName":"search_term_string"}}],"inLanguage":"en-US"},{"@type":"Organization","@id":"https:\/\/origin-ymi.yanmar.com\/marine\/#organization","name":"YANMAR Marine International","url":"https:\/\/origin-ymi.yanmar.com\/marine\/","logo":{"@type":"ImageObject","inLanguage":"en-US","@id":"https:\/\/origin-ymi.yanmar.com\/marine\/#\/schema\/logo\/image\/","url":"https:\/\/origin-ymi.yanmar.com\/marine\/wp-content\/uploads\/2020\/03\/YANMAR-Brand-Logotype2.png","contentUrl":"https:\/\/origin-ymi.yanmar.com\/marine\/wp-content\/uploads\/2020\/03\/YANMAR-Brand-Logotype2.png","width":842,"height":168,"caption":"YANMAR Marine International"},"image":{"@id":"https:\/\/origin-ymi.yanmar.com\/marine\/#\/schema\/logo\/image\/"}}]}},"_links":{"self":[{"href":"https:\/\/www.yanmar.com\/marine\/wp-json\/wp\/v2\/pages\/36662","targetHints":{"allow":["GET"]}}],"collection":[{"href":"https:\/\/www.yanmar.com\/marine\/wp-json\/wp\/v2\/pages"}],"about":[{"href":"https:\/\/www.yanmar.com\/marine\/wp-json\/wp\/v2\/types\/page"}],"author":[{"embeddable":true,"href":"https:\/\/www.yanmar.com\/marine\/wp-json\/wp\/v2\/users\/14"}],"replies":[{"embeddable":true,"href":"https:\/\/www.yanmar.com\/marine\/wp-json\/wp\/v2\/comments?post=36662"}],"version-history":[{"count":3,"href":"https:\/\/www.yanmar.com\/marine\/wp-json\/wp\/v2\/pages\/36662\/revisions"}],"predecessor-version":[{"id":45687,"href":"https:\/\/www.yanmar.com\/marine\/wp-json\/wp\/v2\/pages\/36662\/revisions\/45687"}],"up":[{"embeddable":true,"href":"https:\/\/www.yanmar.com\/marine\/wp-json\/wp\/v2\/pages\/36702"}],"wp:attachment":[{"href":"https:\/\/www.yanmar.com\/marine\/wp-json\/wp\/v2\/media?parent=36662"}],"wp:term":[{"taxonomy":"post_tag","embeddable":true,"href":"https:\/\/www.yanmar.com\/marine\/wp-json\/wp\/v2\/tags?post=36662"}],"curies":[{"name":"wp","href":"https:\/\/api.w.org\/{rel}","templated":true}]}}