{"id":36670,"date":"2020-02-25T14:47:28","date_gmt":"2020-02-25T14:47:28","guid":{"rendered":"https:\/\/www.yanmar.com\/marine\/ntverk\/"},"modified":"2025-06-03T06:52:05","modified_gmt":"2025-06-03T06:52:05","slug":"aterforsaljare","status":"publish","type":"page","link":"https:\/\/www.yanmar.com\/marine\/sv\/aterforsaljare\/","title":{"rendered":"S\u00f6k efter \u00e5terf\u00f6rs\u00e4ljare"},"content":{"rendered":"\n<div style=\"height:auto\" aria-hidden=\"true\" class=\"wp-block-spacer is-style-small\"><\/div>\n\n<h6 class=\"wp-block-heading has-text-align-center has-primary-color has-text-color has-link-color wp-elements-19eb34379f107aff3f65869acdae7ca6\" id=\"h-dealer-locator\">LOKALISERING AV \u00c5TERF\u00d6RS\u00c4LJARE<\/h6>\n\n<h1 class=\"wp-block-heading has-text-align-center\" id=\"h-yanmar-marine-international-network\">YANMAR Marine Internationellt n\u00e4tverk<\/h1>\n\n<div style=\"height:auto\" aria-hidden=\"true\" class=\"wp-block-spacer is-style-small\"><\/div>\n\n<div style=\"height:auto\" aria-hidden=\"true\" class=\"wp-block-spacer\"><\/div>\n\n<h3 class=\"wp-block-heading has-text-align-center\" id=\"h-find-your-dealer\">Hitta din \u00e5terf\u00f6rs\u00e4ljare<\/h3>\n\n<div class=\"wp-block-buttons is-content-justification-center is-layout-flex wp-container-core-buttons-is-layout-16018d1d wp-block-buttons-is-layout-flex\">\n<div class=\"wp-block-button\"><a class=\"wp-block-button__link wp-element-button\" href=\"http:\/\/yanmar.com\/global\/dealerlocator\/marinepleasure\/\">S\u00f6k efter \u00e5terf\u00f6rs\u00e4ljare<\/a><\/div>\n<\/div>\n\n<p class=\"has-text-align-center\"><strong>eller<\/strong><\/p>\n\n<h3 class=\"wp-block-heading has-text-align-center\" id=\"h-explore-distributors-directly\">Utforska distribut\u00f6rer direkt<\/h3>\n\n<p class=\"has-text-align-center\">YANMAR Marine International s\u00e4ljer genom ett v\u00e4rldsomsp\u00e4nnande distributionsn\u00e4tverk med mer \u00e4n 2000 \u00e5terf\u00f6rs\u00e4ljare. V\u00e5ra distribut\u00f6rer \u00e4r en integrerad del av v\u00e5r verksamhet och bidrar till att underl\u00e4tta professionell service och snabb respons till v\u00e5ra b\u00e5t\u00e4gare. S\u00f6k i v\u00e5r \u00e5terf\u00f6rs\u00e4ljarlokalisator f\u00f6r att hitta den \u00e5terf\u00f6rs\u00e4ljare som finns n\u00e4rmast dig eller kontakta din regionala distribut\u00f6r som finns p\u00e5 kartan f\u00f6r att hitta den b\u00e4sta \u00e5terf\u00f6rs\u00e4ljaren f\u00f6r dina behov.  <\/p>\n\n<div style=\"height:auto\" aria-hidden=\"true\" class=\"wp-block-spacer is-style-small\"><\/div>\n<div id=\"mapsvg-22057\" data-id=\"22057\" class=\"mapsvg\" data-autoload=\"true\" data-load-db=\"true\" data-loading-text=\"Loading map...\" style=\"width: 100%; height: 0; padding-bottom: 64.57%\"><\/div>\n\n<div style=\"height:auto\" aria-hidden=\"true\" class=\"wp-block-spacer is-style-medium\"><\/div>\n\n<div class=\"wp-block-columns is-layout-flex wp-container-core-columns-is-layout-9d6595d7 wp-block-columns-is-layout-flex\">\n<div class=\"wp-block-column is-layout-flow wp-block-column-is-layout-flow\" style=\"flex-basis:33.34%\">\n<h4 class=\"wp-block-heading\" id=\"h-hq-amp-regional-offices\">Huvudkontor &amp; regionkontor<\/h4>\n\n\n\n<p><a href=\"https:\/\/www.yanmar.com\/marine\/sv\/kontakta-oss\/\" target=\"_blank\" rel=\"noopener\">YANMAR Marine International B.V.<\/a><\/p>\n\n\n\n<p><a href=\"https:\/\/www.yanmar.com\/marine\/sv\/kontakta-oss\/\" target=\"_blank\" rel=\"noopener\">YMI Americas<\/a><\/p>\n<\/div>\n\n\n\n<div class=\"wp-block-column is-layout-flow wp-block-column-is-layout-flow\" style=\"flex-basis:33.34%\">\n<h4 class=\"wp-block-heading\" id=\"h-north-america\">Nordamerika<\/h4>\n\n\n\n<p><a href=\"https:\/\/www.yanmar.com\/global\/dealerlocator\/marinepleasure\/us\/200454\/\" target=\"_blank\" rel=\"noopener\">B\u00e5tsmannens f\u00f6rvaringssk\u00e5p<\/a><\/p>\n\n\n\n<p><a style=\"font-size: 1.6rem;\" href=\"https:\/\/www.yanmar.com\/global\/dealerlocator\/marinepleasure\/ca\/100401\/\" target=\"_blank\" rel=\"noopener\">Diesel-Bec<\/a><\/p>\n\n\n\n<p><a href=\"https:\/\/www.yanmar.com\/global\/dealerlocator\/marinepleasure\/us\/202200\/\" target=\"_blank\" rel=\"noopener\">Mack Boring &amp; Parts Co.<\/a><\/p>\n\n\n\n<p><a href=\"https:\/\/www.yanmar.com\/global\/dealerlocator\/marinepleasure\/us\/103270\/\" target=\"_blank\" rel=\"noopener\">Mastry motorcenter<\/a><\/p>\n\n\n\n<p><a href=\"https:\/\/www.yanmar.com\/global\/dealerlocator\/marinepleasure\/ca\/100461\/\" target=\"_blank\" rel=\"noopener\">New Way Diesel<\/a><\/p>\n<\/div>\n\n\n\n<div class=\"wp-block-column is-layout-flow wp-block-column-is-layout-flow\" style=\"flex-basis:33.33%\">\n<h4 class=\"wp-block-heading\" id=\"h-asia-amp-oceania\">Asien &amp; Oceanien<\/h4>\n\n\n\n<p><a href=\"https:\/\/www.yanmar.com\/global\/dealerlocator\/marinepleasure\/kr\/212158\/\" target=\"_blank\" rel=\"noopener\">Plus Engineering &#8211; kontor i Seoul<\/a><\/p>\n\n\n\n<p><a href=\"https:\/\/www.yanmar.com\/global\/dealerlocator\/marinepleasure\/tw\/102379\/\" target=\"_blank\" rel=\"noopener\">Wah Lee Industrial Corp.<\/a><\/p>\n\n\n\n<p><a href=\"https:\/\/www.yanmar.com\/global\/dealerlocator\/marinepleasure\/au\/100325\/\" target=\"_blank\" rel=\"noopener\">Power Equipment Pty Ltd<\/a><\/p>\n<\/div>\n<\/div>\n\n<div style=\"height:auto\" aria-hidden=\"true\" class=\"wp-block-spacer is-style-medium\"><\/div>\n\n<div class=\"wp-block-columns is-layout-flex wp-container-core-columns-is-layout-9d6595d7 wp-block-columns-is-layout-flex\">\n<div class=\"wp-block-column is-layout-flow wp-block-column-is-layout-flow\" style=\"flex-basis:33.34%\">\n<h4 class=\"wp-block-heading\" id=\"h-europe\">Europa<\/h4>\n\n\n\n<p><a href=\"https:\/\/www.yanmar.com\/global\/dealerlocator\/marinepleasure\/it\/101685\/\" target=\"_blank\" rel=\"noopener\">Cartello<\/a><\/p>\n\n\n\n<p><a href=\"https:\/\/www.yanmar.com\/global\/dealerlocator\/marinepleasure\/cy\/221114\/\" target=\"_blank\" rel=\"noopener\">Char. Pilakoutas (Industriell) Ltd <\/a><\/p>\n\n\n\n<p><a href=\"https:\/\/www.yanmar.com\/global\/dealerlocator\/marinepleasure\/tr\/102342\/\" target=\"_blank\" rel=\"noopener\">Denpar Makina San ve Tic AS<\/a><\/p>\n\n\n\n<p><a href=\"https:\/\/www.yanmar.com\/global\/dealerlocator\/marinepleasure\/ro\/210719\/\" target=\"_blank\" rel=\"noopener\">Dieselhus<\/a><\/p>\n\n\n\n<p><a href=\"https:\/\/www.yanmar.com\/global\/dealerlocator\/marinepleasure\/gb\/101308\/\" target=\"_blank\" rel=\"noopener\">E.P. Barrus Ltd.<\/a><\/p>\n\n\n\n<p><a href=\"https:\/\/www.yanmar.com\/global\/dealerlocator\/marinepleasure\/de\/100690\/\" target=\"_blank\" rel=\"noopener\">Friedrich Marx GmbH &amp; Co. KG<\/a><\/p>\n\n\n\n<p><a href=\"https:\/\/www.yanmar.com\/global\/dealerlocator\/marinepleasure\/mt\/221077\/\" target=\"_blank\" rel=\"noopener\">Jetglass Limited<\/a><\/p>\n\n\n\n<p><a href=\"https:\/\/www.yanmar.com\/global\/dealerlocator\/marinepleasure\/dk\/100852\/\" target=\"_blank\" rel=\"noopener\">Johs Thornam A\/S<\/a><\/p>\n\n\n\n<p><a href=\"https:\/\/www.yanmar.com\/global\/dealerlocator\/marinepleasure\/gr\/101499\/\" target=\"_blank\" rel=\"noopener\">Kapelos Diesels S.A.<\/a><\/p>\n\n\n\n<p><a href=\"https:\/\/www.yanmar.com\/global\/dealerlocator\/marinepleasure\/is\/210945\/\" target=\"_blank\" rel=\"noopener\">Maras ehf<\/a><\/p>\n\n\n\n<p><a href=\"https:\/\/www.yanmar.com\/global\/dealerlocator\/marinepleasure\/hr\/211752\/\" target=\"_blank\" rel=\"noopener\">Navela d.o.o.<\/a><\/p>\n\n\n\n<p><a href=\"https:\/\/www.yanmar.com\/global\/dealerlocator\/marinepleasure\/ch\/100583\/\" target=\"_blank\" rel=\"noopener\">ProMot AG<\/a><\/p>\n\n\n\n<p><a href=\"https:\/\/www.yanmar.com\/global\/dealerlocator\/marinepleasure\/pl\/102088\/\" target=\"_blank\" rel=\"noopener\">Taurus Sea Power Sp. Z.o.o. <\/a><\/p>\n\n\n\n<p><a href=\"https:\/\/www.yanmar.com\/global\/dealerlocator\/marinepleasure\/es\/222622\/\" target=\"_blank\" rel=\"noopener\">YANMAR Equipment Iberica SL<\/a><\/p>\n\n\n\n<p><a href=\"https:\/\/www.yanmar.com\/marine\/sv\/kontakta-oss\/\" target=\"_blank\" rel=\"noopener\">YANMAR Marine International B.V.<\/a><\/p>\n\n\n\n<p><a href=\"https:\/\/www.yanmar.com\/global\/dealerlocator\/marinepleasure\/no\/102046\/\" target=\"_blank\" rel=\"noopener\">YANMAR Norge AB<\/a><\/p>\n\n\n\n<p><a href=\"https:\/\/www.yanmar.com\/global\/dealerlocator\/marinepleasure\/fi\/212868\/\" target=\"_blank\" rel=\"noopener\">YANMAR Finland<\/a><\/p>\n\n\n\n<p><a href=\"https:\/\/www.yanmar.com\/global\/dealerlocator\/marinepleasure\/fr\/212867\/\">YANMAR Frankrike<\/a><\/p>\n\n\n\n<p><a href=\"https:\/\/www.yanmar.com\/global\/dealerlocator\/marinepleasure\/se\/102301\/\" target=\"_blank\" rel=\"noopener\">YANMAR Sverige AB<\/a><\/p>\n<\/div>\n\n\n\n<div class=\"wp-block-column is-layout-flow wp-block-column-is-layout-flow\" style=\"flex-basis:33.34%\">\n<h4 class=\"wp-block-heading\" id=\"h-latin-america\">Latinamerika<\/h4>\n\n\n\n<p><a href=\"https:\/\/www.yanmar.com\/global\/dealerlocator\/marinepleasure\/ar\/220120\/\" target=\"_blank\" rel=\"noopener\">Astillero Regnicoli<\/a><\/p>\n\n\n\n<p><a href=\"https:\/\/www.yanmar.com\/global\/dealerlocator\/marinepleasure\/pe\/212788\/\" target=\"_blank\" rel=\"noopener\">Astilleros Ballotta<\/a><\/p>\n\n\n\n<p><a href=\"https:\/\/www.yanmar.com\/global\/dealerlocator\/marinepleasure\/gy\/212789\/\" target=\"_blank\" rel=\"noopener\">Allm\u00e4n utrustning Guyana<\/a><\/p>\n\n\n\n<p><a href=\"https:\/\/www.yanmar.com\/global\/dealerlocator\/marinepleasure\/mx\/211319\/\" target=\"_blank\" rel=\"noopener\">Marina f\u00f6rn\u00f6denheter<\/a><\/p>\n\n\n\n<p><a href=\"https:\/\/www.yanmar.com\/global\/dealerlocator\/marinepleasure\/mx\/212985\/\" target=\"_blank\" rel=\"noopener\">Merex Diesel Power<\/a><\/p>\n\n\n\n<p><a href=\"https:\/\/www.yanmar.com\/global\/dealerlocator\/marinepleasure\/cl\/100621\/\" target=\"_blank\" rel=\"noopener\">Motonautica Chile<\/a><\/p>\n\n\n\n<p><a href=\"https:\/\/www.yanmar.com\/global\/dealerlocator\/marinepleasure\/ec\/221535\/\" target=\"_blank\" rel=\"noopener\">Motorer i Stilla havet<\/a><\/p>\n\n\n\n<p><a href=\"https:\/\/www.yanmar.com\/global\/dealerlocator\/marinepleasure\/cl\/212790\/\" target=\"_blank\" rel=\"noopener\">Puerto Nautico<\/a><\/p>\n\n\n\n<p><a href=\"https:\/\/www.yanmar.com\/global\/dealerlocator\/marinepleasure\/pr\/221945\/\" target=\"_blank\" rel=\"noopener\">R&amp;B Power<\/a><\/p>\n\n\n\n<p><a href=\"https:\/\/www.yanmar.com\/global\/dealerlocator\/marinepleasure\/tt\/102374\/\" target=\"_blank\" rel=\"noopener\">Trintrac<\/a><\/p>\n\n\n\n<p><a href=\"https:\/\/www.yanmar.com\/global\/dealerlocator\/marinepleasure\/br\/210818\/\" target=\"_blank\" rel=\"noopener\">YANMAR Sydamerika<\/a><\/p>\n<\/div>\n\n\n\n<div class=\"wp-block-column is-layout-flow wp-block-column-is-layout-flow\" style=\"flex-basis:33.33%\">\n<h4 class=\"wp-block-heading\" id=\"h-middle-east-amp-africa\">Mellan\u00f6stern &amp; Afrika<\/h4>\n\n\n\n<p><a href=\"https:\/\/www.yanmar.com\/global\/dealerlocator\/marinepleasure\/il\/101655\/\" target=\"_blank\" rel=\"noopener\">Diesel Engineering Technology Ltd.<\/a><\/p>\n\n\n\n<p><a href=\"https:\/\/www.yanmar.com\/global\/dealerlocator\/marinepleasure\/mu\/101923\/\" target=\"_blank\" rel=\"noopener\">Emcar Ltd.<\/a><\/p>\n\n\n\n<p><a href=\"https:\/\/www.yanmar.com\/global\/dealerlocator\/marinepleasure\/eg\/212224\/\" target=\"_blank\" rel=\"noopener\">Mapso Marine Propulsion and Supply S.A.E<\/a><\/p>\n\n\n\n<p><a href=\"https:\/\/www.yanmar.com\/global\/dealerlocator\/marinepleasure\/sc\/211934\/\" target=\"_blank\" rel=\"noopener\">Power Marine &amp; tillbeh\u00f6r<\/a><\/p>\n\n\n\n<p><a href=\"https:\/\/www.yanmar.com\/global\/dealerlocator\/marinepleasure\/za\/103291\/\" target=\"_blank\" rel=\"noopener\">Seascape Marine Services (PTY) LTD<\/a><\/p>\n<\/div>\n<\/div>\n\n<div style=\"height:auto\" aria-hidden=\"true\" class=\"wp-block-spacer is-style-medium\"><\/div>\n","protected":false},"excerpt":{"rendered":"<p>LOKALISERING AV \u00c5TERF\u00d6RS\u00c4LJARE YANMAR Marine Internationellt n\u00e4tverk Hitta din \u00e5terf\u00f6rs\u00e4ljare eller Utforska distribut\u00f6rer direkt YANMAR Marine International s\u00e4ljer genom ett [&hellip;]<\/p>\n","protected":false},"author":14,"featured_media":0,"parent":0,"menu_order":4,"comment_status":"closed","ping_status":"closed","template":"","meta":{"_acf_changed":false,"footnotes":""},"tags":[],"class_list":["post-36670","page","type-page","status-publish","hentry"],"acf":[],"yoast_head":"<!-- This site is optimized with the Yoast SEO Premium plugin v27.2 (Yoast SEO v27.2) - https:\/\/yoast.com\/product\/yoast-seo-premium-wordpress\/ -->\n<title>S\u00f6k efter \u00e5terf\u00f6rs\u00e4ljare - YANMAR Marine International<\/title>\n<meta name=\"description\" content=\"YANMAR Marine International s\u00e4ljer genom ett v\u00e4rldsomsp\u00e4nnande distributionsn\u00e4tverk med mer \u00e4n 2000 \u00e5terf\u00f6rs\u00e4ljare.\" \/>\n<meta name=\"robots\" content=\"index, follow, max-snippet:-1, max-image-preview:large, max-video-preview:-1\" \/>\n<link rel=\"canonical\" href=\"https:\/\/www.yanmar.com\/marine\/aterforsaljare\/\" \/>\n<meta property=\"og:locale\" content=\"en_US\" \/>\n<meta property=\"og:type\" content=\"article\" \/>\n<meta property=\"og:title\" content=\"S\u00f6k efter \u00e5terf\u00f6rs\u00e4ljare\" \/>\n<meta property=\"og:description\" content=\"YANMAR Marine International s\u00e4ljer genom ett v\u00e4rldsomsp\u00e4nnande distributionsn\u00e4tverk med mer \u00e4n 2000 \u00e5terf\u00f6rs\u00e4ljare.\" \/>\n<meta property=\"og:url\" content=\"https:\/\/www.yanmar.com\/marine\/sv\/aterforsaljare\/\" \/>\n<meta property=\"og:site_name\" content=\"YANMAR Marine International\" \/>\n<meta property=\"article:modified_time\" content=\"2025-06-03T06:52:05+00:00\" \/>\n<meta name=\"twitter:card\" content=\"summary_large_image\" \/>\n<meta name=\"twitter:label1\" content=\"Est. reading time\" \/>\n\t<meta name=\"twitter:data1\" content=\"2 minutes\" \/>\n<script type=\"application\/ld+json\" class=\"yoast-schema-graph\">{\"@context\":\"https:\/\/schema.org\",\"@graph\":[{\"@type\":\"WebPage\",\"@id\":\"https:\/\/www.yanmar.com\/marine\/sv\/aterforsaljare\/\",\"url\":\"https:\/\/www.yanmar.com\/marine\/sv\/aterforsaljare\/\",\"name\":\"S\u00f6k efter \u00e5terf\u00f6rs\u00e4ljare - YANMAR Marine International\",\"isPartOf\":{\"@id\":\"https:\/\/origin-ymi.yanmar.com\/marine\/#website\"},\"datePublished\":\"2020-02-25T14:47:28+00:00\",\"dateModified\":\"2025-06-03T06:52:05+00:00\",\"description\":\"YANMAR Marine International s\u00e4ljer genom ett v\u00e4rldsomsp\u00e4nnande distributionsn\u00e4tverk med mer \u00e4n 2000 \u00e5terf\u00f6rs\u00e4ljare.\",\"breadcrumb\":{\"@id\":\"https:\/\/www.yanmar.com\/marine\/sv\/aterforsaljare\/#breadcrumb\"},\"inLanguage\":\"en-US\",\"potentialAction\":[{\"@type\":\"ReadAction\",\"target\":[\"https:\/\/www.yanmar.com\/marine\/sv\/aterforsaljare\/\"]}]},{\"@type\":\"BreadcrumbList\",\"@id\":\"https:\/\/www.yanmar.com\/marine\/sv\/aterforsaljare\/#breadcrumb\",\"itemListElement\":[{\"@type\":\"ListItem\",\"position\":1,\"name\":\"Yanmar Marine\",\"item\":\"https:\/\/origin-ymi.yanmar.com\/marine\/\"},{\"@type\":\"ListItem\",\"position\":2,\"name\":\"S\u00f6k efter \u00e5terf\u00f6rs\u00e4ljare\"}]},{\"@type\":\"WebSite\",\"@id\":\"https:\/\/origin-ymi.yanmar.com\/marine\/#website\",\"url\":\"https:\/\/origin-ymi.yanmar.com\/marine\/\",\"name\":\"YANMAR Marine International\",\"description\":\"Proven Marine Technology\",\"publisher\":{\"@id\":\"https:\/\/origin-ymi.yanmar.com\/marine\/#organization\"},\"potentialAction\":[{\"@type\":\"SearchAction\",\"target\":{\"@type\":\"EntryPoint\",\"urlTemplate\":\"https:\/\/origin-ymi.yanmar.com\/marine\/?s={search_term_string}\"},\"query-input\":{\"@type\":\"PropertyValueSpecification\",\"valueRequired\":true,\"valueName\":\"search_term_string\"}}],\"inLanguage\":\"en-US\"},{\"@type\":\"Organization\",\"@id\":\"https:\/\/origin-ymi.yanmar.com\/marine\/#organization\",\"name\":\"YANMAR Marine International\",\"url\":\"https:\/\/origin-ymi.yanmar.com\/marine\/\",\"logo\":{\"@type\":\"ImageObject\",\"inLanguage\":\"en-US\",\"@id\":\"https:\/\/origin-ymi.yanmar.com\/marine\/#\/schema\/logo\/image\/\",\"url\":\"https:\/\/origin-ymi.yanmar.com\/marine\/wp-content\/uploads\/2020\/03\/YANMAR-Brand-Logotype2.png\",\"contentUrl\":\"https:\/\/origin-ymi.yanmar.com\/marine\/wp-content\/uploads\/2020\/03\/YANMAR-Brand-Logotype2.png\",\"width\":842,\"height\":168,\"caption\":\"YANMAR Marine International\"},\"image\":{\"@id\":\"https:\/\/origin-ymi.yanmar.com\/marine\/#\/schema\/logo\/image\/\"}}]}<\/script>\n<!-- \/ Yoast SEO Premium plugin. -->","yoast_head_json":{"title":"S\u00f6k efter \u00e5terf\u00f6rs\u00e4ljare - YANMAR Marine International","description":"YANMAR Marine International s\u00e4ljer genom ett v\u00e4rldsomsp\u00e4nnande distributionsn\u00e4tverk med mer \u00e4n 2000 \u00e5terf\u00f6rs\u00e4ljare.","robots":{"index":"index","follow":"follow","max-snippet":"max-snippet:-1","max-image-preview":"max-image-preview:large","max-video-preview":"max-video-preview:-1"},"canonical":"https:\/\/www.yanmar.com\/marine\/aterforsaljare\/","og_locale":"en_US","og_type":"article","og_title":"S\u00f6k efter \u00e5terf\u00f6rs\u00e4ljare","og_description":"YANMAR Marine International s\u00e4ljer genom ett v\u00e4rldsomsp\u00e4nnande distributionsn\u00e4tverk med mer \u00e4n 2000 \u00e5terf\u00f6rs\u00e4ljare.","og_url":"https:\/\/www.yanmar.com\/marine\/sv\/aterforsaljare\/","og_site_name":"YANMAR Marine International","article_modified_time":"2025-06-03T06:52:05+00:00","twitter_card":"summary_large_image","twitter_misc":{"Est. reading time":"2 minutes"},"schema":{"@context":"https:\/\/schema.org","@graph":[{"@type":"WebPage","@id":"https:\/\/www.yanmar.com\/marine\/sv\/aterforsaljare\/","url":"https:\/\/www.yanmar.com\/marine\/sv\/aterforsaljare\/","name":"S\u00f6k efter \u00e5terf\u00f6rs\u00e4ljare - YANMAR Marine International","isPartOf":{"@id":"https:\/\/origin-ymi.yanmar.com\/marine\/#website"},"datePublished":"2020-02-25T14:47:28+00:00","dateModified":"2025-06-03T06:52:05+00:00","description":"YANMAR Marine International s\u00e4ljer genom ett v\u00e4rldsomsp\u00e4nnande distributionsn\u00e4tverk med mer \u00e4n 2000 \u00e5terf\u00f6rs\u00e4ljare.","breadcrumb":{"@id":"https:\/\/www.yanmar.com\/marine\/sv\/aterforsaljare\/#breadcrumb"},"inLanguage":"en-US","potentialAction":[{"@type":"ReadAction","target":["https:\/\/www.yanmar.com\/marine\/sv\/aterforsaljare\/"]}]},{"@type":"BreadcrumbList","@id":"https:\/\/www.yanmar.com\/marine\/sv\/aterforsaljare\/#breadcrumb","itemListElement":[{"@type":"ListItem","position":1,"name":"Yanmar Marine","item":"https:\/\/origin-ymi.yanmar.com\/marine\/"},{"@type":"ListItem","position":2,"name":"S\u00f6k efter \u00e5terf\u00f6rs\u00e4ljare"}]},{"@type":"WebSite","@id":"https:\/\/origin-ymi.yanmar.com\/marine\/#website","url":"https:\/\/origin-ymi.yanmar.com\/marine\/","name":"YANMAR Marine International","description":"Proven Marine Technology","publisher":{"@id":"https:\/\/origin-ymi.yanmar.com\/marine\/#organization"},"potentialAction":[{"@type":"SearchAction","target":{"@type":"EntryPoint","urlTemplate":"https:\/\/origin-ymi.yanmar.com\/marine\/?s={search_term_string}"},"query-input":{"@type":"PropertyValueSpecification","valueRequired":true,"valueName":"search_term_string"}}],"inLanguage":"en-US"},{"@type":"Organization","@id":"https:\/\/origin-ymi.yanmar.com\/marine\/#organization","name":"YANMAR Marine International","url":"https:\/\/origin-ymi.yanmar.com\/marine\/","logo":{"@type":"ImageObject","inLanguage":"en-US","@id":"https:\/\/origin-ymi.yanmar.com\/marine\/#\/schema\/logo\/image\/","url":"https:\/\/origin-ymi.yanmar.com\/marine\/wp-content\/uploads\/2020\/03\/YANMAR-Brand-Logotype2.png","contentUrl":"https:\/\/origin-ymi.yanmar.com\/marine\/wp-content\/uploads\/2020\/03\/YANMAR-Brand-Logotype2.png","width":842,"height":168,"caption":"YANMAR Marine International"},"image":{"@id":"https:\/\/origin-ymi.yanmar.com\/marine\/#\/schema\/logo\/image\/"}}]}},"_links":{"self":[{"href":"https:\/\/www.yanmar.com\/marine\/wp-json\/wp\/v2\/pages\/36670","targetHints":{"allow":["GET"]}}],"collection":[{"href":"https:\/\/www.yanmar.com\/marine\/wp-json\/wp\/v2\/pages"}],"about":[{"href":"https:\/\/www.yanmar.com\/marine\/wp-json\/wp\/v2\/types\/page"}],"author":[{"embeddable":true,"href":"https:\/\/www.yanmar.com\/marine\/wp-json\/wp\/v2\/users\/14"}],"replies":[{"embeddable":true,"href":"https:\/\/www.yanmar.com\/marine\/wp-json\/wp\/v2\/comments?post=36670"}],"version-history":[{"count":15,"href":"https:\/\/www.yanmar.com\/marine\/wp-json\/wp\/v2\/pages\/36670\/revisions"}],"predecessor-version":[{"id":47871,"href":"https:\/\/www.yanmar.com\/marine\/wp-json\/wp\/v2\/pages\/36670\/revisions\/47871"}],"wp:attachment":[{"href":"https:\/\/www.yanmar.com\/marine\/wp-json\/wp\/v2\/media?parent=36670"}],"wp:term":[{"taxonomy":"post_tag","embeddable":true,"href":"https:\/\/www.yanmar.com\/marine\/wp-json\/wp\/v2\/tags?post=36670"}],"curies":[{"name":"wp","href":"https:\/\/api.w.org\/{rel}","templated":true}]}}