{"id":36699,"date":"2020-02-25T15:05:35","date_gmt":"2020-02-25T15:05:35","guid":{"rendered":"https:\/\/www.yanmar.com\/marine\/yanmar-marine-international\/partners-och-dotterbolag\/"},"modified":"2025-01-14T12:11:27","modified_gmt":"2025-01-14T12:11:27","slug":"partners-och-dotterbolag","status":"publish","type":"page","link":"https:\/\/www.yanmar.com\/marine\/sv\/om-oss\/yanmar-marine-international\/partners-och-dotterbolag\/","title":{"rendered":"Partners och dotterbolag"},"content":{"rendered":"\n<div style=\"height:auto\" aria-hidden=\"true\" class=\"wp-block-spacer is-style-small\"><\/div>\n\n<div class=\"wp-block-media-text is-stacked-on-mobile is-vertically-aligned-top\" style=\"grid-template-columns:35% auto\"><figure class=\"wp-block-media-text__media\"><img decoding=\"async\" data-src=\"https:\/\/www.yanmar.com\/marine\/wp-content\/uploads\/2020\/06\/vetus.png\" alt=\"Vetus\" class=\"wp-image-20673 size-full lazyload\" src=\"data:image\/svg+xml;base64,PHN2ZyB3aWR0aD0iMSIgaGVpZ2h0PSIxIiB4bWxucz0iaHR0cDovL3d3dy53My5vcmcvMjAwMC9zdmciPjwvc3ZnPg==\" \/><\/figure><div class=\"wp-block-media-text__content\">\n<p><em>United levererar till kunder \u00f6ver hela v\u00e4rlden<\/em><\/p>\n\n\n\n<p>Samarbetet mellan YANMAR och VETUS skapar en tillf\u00f6rlitlig och omfattande k\u00e4lla till marin utrustning och matchar tv\u00e5 perfekt kompatibla varum\u00e4rken till f\u00f6rm\u00e5n f\u00f6r kunder \u00f6ver hela v\u00e4rlden. Totalsystemspecialisten VETUS ansluter sig till YANMAR-koncernen i ett samarbete som sammanf\u00f6r mer \u00e4n 100 \u00e5rs YANMAR-motorexpertis och erfarenhet med en omfattande och m\u00e5ngsidig VETUS-portf\u00f6lj av motorrelaterade tillbeh\u00f6r och b\u00e5tsystemkomponenter som utvecklats under 50 \u00e5r. Genom att dra nytta av en rad aff\u00e4rssynergier och f\u00f6rena varje f\u00f6retags etablerade globala fotavtryck och n\u00e4tverk, etableras en betrodd one-stop shop f\u00f6r komplett systemintegration som \u00e4r unikt utrustad och relevant f\u00f6r att blomstra under de kommande \u00e5ren. YANMAR och VETUS forts\u00e4tter p\u00e5 sina parallella utvecklingsv\u00e4gar och arbetar sida vid sida \u00f6ver hela v\u00e4rlden f\u00f6r att tillhandah\u00e5lla avancerade l\u00f6sningar f\u00f6r b\u00e5t\u00e4gare, s\u00e5 att kunderna kan optimera sin tid ombord och njuta av en bekymmersfri upplevelse p\u00e5 vattnet med ett motorsystempaket som de kan lita p\u00e5 h\u00e5ller och fungerar hela tiden.   <\/p>\n\n\n\n<p>VETUS<br\/>VETUS erbjuder kompletta b\u00e5tsystem runt en YANMAR-motor. F\u00f6retagets innovativa kraftl\u00f6sningar och tekniska utrustning f\u00f6r fritidsb\u00e5tar och mindre kommersiella fartyg omfattar en rad olika motortillbeh\u00f6r som avgassystem och oljefilter, liksom bogpropellrar, kontrollpaneler, generatorer med mera. F\u00f6retagets omfattande portf\u00f6lj av produkter, anslutningar och komponenter t\u00e4cker \u00f6ver 14 system, fr\u00e5n maskinrummet till flybridge, och \u00e4r alla utformade f\u00f6r enkel och smidig installation, anv\u00e4ndning och service. <\/p>\n\n\n\n<div class=\"wp-block-buttons is-layout-flex wp-block-buttons-is-layout-flex\">\n<div class=\"wp-block-button\"><a class=\"wp-block-button__link wp-element-button\" href=\"https:\/\/www.vetus.com\/\" target=\"_blank\" rel=\"noreferrer noopener nofollow\">Bes\u00f6k webbplats<\/a><\/div>\n<\/div>\n<\/div><\/div>\n\n<div style=\"height:auto\" aria-hidden=\"true\" class=\"wp-block-spacer is-style-small\"><\/div>\n\n<div class=\"wp-block-media-text is-stacked-on-mobile is-vertically-aligned-top\" style=\"grid-template-columns:35% auto\"><figure class=\"wp-block-media-text__media\"><img decoding=\"async\" data-src=\"https:\/\/www.yanmar.com\/marine\/wp-content\/uploads\/2020\/06\/flexofold.png\" alt=\"Flexofold Prop och logotyp\" class=\"wp-image-20584 size-full lazyload\" src=\"data:image\/svg+xml;base64,PHN2ZyB3aWR0aD0iMSIgaGVpZ2h0PSIxIiB4bWxucz0iaHR0cDovL3d3dy53My5vcmcvMjAwMC9zdmciPjwvc3ZnPg==\" \/><\/figure><div class=\"wp-block-media-text__content\">\n<p><em>F\u00f6rv\u00e4rv m\u00f6jligg\u00f6r integrerade l\u00f6sningar<\/em><\/p>\n\n\n\n<p>Partnerskapet mellan den specialiserade propellerexperten Flexofold och YANMAR \u00e4r utformat f\u00f6r att leverera integrerade l\u00f6sningar f\u00f6r segelb\u00e5ts- och flerskrovssektorn med st\u00f6rsta effektivitet och f\u00f6renar tv\u00e5 f\u00f6retag som ligger helt i linje med varandra. Genom att l\u00e4gga till den marknadsledande, \u00f6verl\u00e4gsna vikbara propellern med l\u00e5gt drag till YANMARs utbud av kompletta framdrivningsl\u00f6sningar bekr\u00e4ftar YANMAR sitt engagemang f\u00f6r h\u00f6gsta kvalitet. De tv\u00e5 f\u00f6retagen arbetar tillsammans med ett kostnadseffektivt tillv\u00e4gag\u00e5ngss\u00e4tt som f\u00f6renar en delad passion f\u00f6r segling och innovation, vilket ger ett exceptionellt motor-, transmissions- och propellersystem f\u00f6r segelb\u00e5tsbyggare, distribut\u00f6rer och \u00e4gare \u00f6ver hela v\u00e4rlden. Flexofold forts\u00e4tter att verka sj\u00e4lvst\u00e4ndigt och beh\u00e5ller sin distinkta varum\u00e4rkesidentitet med fokus p\u00e5 att utveckla n\u00e4sta generations l\u00f6sningar f\u00f6r design av propellrar p\u00e5 den globala marknaden f\u00f6r premiumsegelb\u00e5tar.   <\/p>\n\n\n\n<p>FLEXOFOLD<br\/>Flexofold grundades 1992 av entrepren\u00f6ren och hydrodynamikexperten Jack Skrydstrup och \u00e4r en v\u00e4rldsledande akt\u00f6r inom utveckling, tillverkning och distribution av h\u00f6geffektiva vikpropellrar. Segelb\u00e5tspropellrarna, som s\u00e4ljs direkt till b\u00e5tbyggare och privata b\u00e5t\u00e4gare \u00f6ver hela v\u00e4rlden, byggs i f\u00f6retagets fabrik i Danmark, som \u00e4r utrustad med modern CNC-utrustning och robotteknik. Den avancerade propellerproduktlinjen \u00e4r k\u00e4nd f\u00f6r sin h\u00f6ga prestanda och l\u00e5ga luftmotst\u00e5nd och forts\u00e4tter att expandera med nya modeller.  <\/p>\n\n\n\n<div class=\"wp-block-buttons is-layout-flex wp-block-buttons-is-layout-flex\">\n<div class=\"wp-block-button\"><a class=\"wp-block-button__link wp-element-button\" href=\"https:\/\/flexofold.com\/\" target=\"_blank\" rel=\"noreferrer noopener nofollow\">Bes\u00f6k webbplats<\/a><\/div>\n<\/div>\n<\/div><\/div>\n\n<div style=\"height:auto\" aria-hidden=\"true\" class=\"wp-block-spacer is-style-small\"><\/div>\n\n<div class=\"wp-block-media-text is-stacked-on-mobile is-vertically-aligned-top\" style=\"grid-template-columns:35% auto\"><figure class=\"wp-block-media-text__media\"><img decoding=\"async\" data-src=\"https:\/\/www.yanmar.com\/marine\/wp-content\/uploads\/2020\/06\/getmyboat.png\" alt=\"\" class=\"wp-image-20566 size-full lazyload\" src=\"data:image\/svg+xml;base64,PHN2ZyB3aWR0aD0iMSIgaGVpZ2h0PSIxIiB4bWxucz0iaHR0cDovL3d3dy53My5vcmcvMjAwMC9zdmciPjwvc3ZnPg==\" \/><\/figure><div class=\"wp-block-media-text__content\">\n<p><em>Investeringar i hj\u00e4rtat av den marina industrin<span style=\"font-family: \" helvetica=\"\" neue=\"\" arial=\"\" sans-serif=\"\" font-size:=\"\" white-space-collapse:=\"\" collapse=\"\"><\/span><\/em><\/p><p><em style=\"box-sizing: border-box; font-family: \" helvetica=\"\" neue=\"\" arial=\"\" sans-serif=\"\" font-size:=\"\" white-space-collapse:=\"\" collapse=\"\"><\/em><\/p>\n\n\n\n<p>YANMARs partnerskap med GetMyBoat, en marknadsplats f\u00f6r b\u00e5tuthyrning och vattenupplevelser, skapar en dynamisk, global allians med ett gemensamt \u00e5tagande att \u00f6ka intresset f\u00f6r b\u00e5tliv och att uppr\u00e4tth\u00e5lla h\u00e4lsan inom hela den marina fritidsindustrin. Med YANMARs strategiska investering och st\u00f6d \u00e4r b\u00e5da f\u00f6retagen v\u00e4l positionerade f\u00f6r att f\u00f6rverkliga en gemensam vision om att uppmuntra fler m\u00e4nniskor \u00f6ver hela v\u00e4rlden att p\u00e5 ett s\u00e4kert s\u00e4tt uppleva sp\u00e4nningen och n\u00f6jet med aktiviteter p\u00e5 vattnet. Som marina ambassad\u00f6rer, med global n\u00e4rvaro, enast\u00e5ende arv och en tradition av innovation, \u00e4r YANMAR dedikerade till att dela med sig av sin tekniska expertis och stimulera intresset f\u00f6r b\u00e5tliv genom att arbeta med en v\u00e4xande lista av partners och f\u00f6reningar inom t\u00e4vlings- och fritidssektorn. Ett l\u00f6fte om att l\u00e4ra sig av GetMyBoats innovationer och framg\u00e5ngar och stimulera f\u00f6retagets expansion \u00e4r k\u00e4rnan i YANMARs medf\u00f6dda ansvar f\u00f6r branschen och dess intresse f\u00f6r charter- och b\u00e5tuthyrningsmarknaderna, samtidigt som man f\u00f6rs\u00f6ker f\u00f6rb\u00e4ttra s\u00e4tten att v\u00e4lkomna nya akt\u00f6rer i den marina milj\u00f6n.   <\/p>\n\n\n\n<p>GETMYBOAT<br\/>GetMyBoat grundades 2013 i San Francisco och har vuxit till att bli v\u00e4rldens st\u00f6rsta marknadsplats f\u00f6r b\u00e5tuthyrning och vattenupplevelser online, med imponerande 130 000+ annonser i 184 l\u00e4nder och \u00f6ver 9 300 destinationer globalt. Denna innovativa peer-to-peer-b\u00e5tuthyrningsmetod g\u00f6r b\u00e5tv\u00e4rlden tillg\u00e4nglig f\u00f6r alla, oavsett om de \u00e4r en skicklig kapten eller helt nya inom b\u00e5tlivet. GetMyBoat g\u00f6r det m\u00f6jligt f\u00f6r \u00e4gare av alla typer av b\u00e5tar, fr\u00e5n kajaker till segelb\u00e5tar och motorb\u00e5tar, att n\u00e5 tusentals potentiella kunder.  <\/p>\n\n\n\n<div class=\"wp-block-buttons is-layout-flex wp-block-buttons-is-layout-flex\">\n<div class=\"wp-block-button\"><a class=\"wp-block-button__link wp-element-button\" href=\"https:\/\/www.getmyboat.com\/\" target=\"_blank\" rel=\"noreferrer noopener nofollow\">Bes\u00f6k webbplats<\/a><\/div>\n<\/div>\n<\/div><\/div>\n\n<div style=\"height:auto\" aria-hidden=\"true\" class=\"wp-block-spacer is-style-small\"><\/div>\n\n<div class=\"wp-block-media-text is-stacked-on-mobile is-vertically-aligned-top\" style=\"grid-template-columns:35% auto\"><figure class=\"wp-block-media-text__media\"><img decoding=\"async\" width=\"600\" height=\"600\" data-src=\"https:\/\/www.yanmar.com\/marine\/wp-content\/smush-webp\/2020\/10\/smartgyro.jpg.webp\" alt=\"Smart Gyro\" class=\"wp-image-25716 size-full lazyload\" data-srcset=\"https:\/\/www.yanmar.com\/marine\/wp-content\/smush-webp\/2020\/10\/smartgyro.jpg.webp 600w, https:\/\/www.yanmar.com\/marine\/wp-content\/smush-webp\/2020\/10\/smartgyro-300x300.jpg.webp 300w, https:\/\/www.yanmar.com\/marine\/wp-content\/smush-webp\/2020\/10\/smartgyro-150x150.jpg.webp 150w, https:\/\/www.yanmar.com\/marine\/wp-content\/smush-webp\/2020\/10\/smartgyro-480x480.jpg.webp 480w\" data-sizes=\"(max-width: 600px) 100vw, 600px\" src=\"data:image\/svg+xml;base64,PHN2ZyB3aWR0aD0iMSIgaGVpZ2h0PSIxIiB4bWxucz0iaHR0cDovL3d3dy53My5vcmcvMjAwMC9zdmciPjwvc3ZnPg==\" style=\"--smush-placeholder-width: 600px; --smush-placeholder-aspect-ratio: 600\/600;\" data-smush-webp-fallback=\"{&quot;data-src&quot;:&quot;https:\\\/\\\/www.yanmar.com\\\/marine\\\/wp-content\\\/uploads\\\/2020\\\/10\\\/smartgyro.jpg&quot;,&quot;data-srcset&quot;:&quot;https:\\\/\\\/www.yanmar.com\\\/marine\\\/wp-content\\\/uploads\\\/2020\\\/10\\\/smartgyro.jpg 600w, https:\\\/\\\/www.yanmar.com\\\/marine\\\/wp-content\\\/uploads\\\/2020\\\/10\\\/smartgyro-300x300.jpg 300w, https:\\\/\\\/www.yanmar.com\\\/marine\\\/wp-content\\\/uploads\\\/2020\\\/10\\\/smartgyro-150x150.jpg 150w, https:\\\/\\\/www.yanmar.com\\\/marine\\\/wp-content\\\/uploads\\\/2020\\\/10\\\/smartgyro-480x480.jpg 480w&quot;}\" \/><\/figure><div class=\"wp-block-media-text__content\">\n<p><em>Ny komfort f\u00f6r kunderna<\/em><\/p><p><em style=\"box-sizing: border-box; font-family: \" helvetica=\"\" neue=\"\" arial=\"\" sans-serif=\"\" font-size:=\"\" white-space-collapse:=\"\" collapse=\"\"><\/em><\/p>\n\n\n\n<p>Genom ett strategiskt partnerskap som ger tilltr\u00e4de till den v\u00e4xande marknaden f\u00f6r gyrostabilisatorer kan YANMAR erbjuda en ny niv\u00e5 av komfort och f\u00f6rb\u00e4ttrad upplevelse f\u00f6r \u00e4gare av motorb\u00e5tar. SmartGyros djupa f\u00f6rst\u00e5else f\u00f6r stabilisering av b\u00e5tar, specialiserade ingenj\u00f6rsexpertis och \u00f6vertygande gyroskopiska stabiliseringsprodukter kompletterar YANMARs marina system, utrustning och kunskap p\u00e5 ett unikt s\u00e4tt. Resultatet \u00e4r ett komplett sortiment av mycket avancerade gyrostabilisatorer som praktiskt taget eliminerar b\u00e5trullning, designade och utvecklade med YANMARs st\u00f6d och erbjudna genom dess globala n\u00e4tverk f\u00f6r fritids- och kommersiella marina applikationer. I enlighet med YANMARs vision att f\u00f6rb\u00e4ttra b\u00e5t\u00e4garnas njutning, komfort och s\u00e4kerhet med tekniskt avancerade marina system, g\u00f6r det n\u00e4ra samarbetet det m\u00f6jligt f\u00f6r SmartGyro att verka i Italien som en frist\u00e5ende enhet. Denna nya dimension i YANMARs sortiment ligger i linje med f\u00f6retagets bredare strategi att forts\u00e4tta ut\u00f6ka sitt erbjudande med utvalda partners och investeringar.    <\/p>\n\n\n\n<p>SMARTGYRO<br\/>Smartgyro grundades 2014 och \u00e4r ett f\u00f6retag inom gyrostabiliseringsteknik baserat i La Spezia, Italien, som drivs av ett uppdrag att erbjuda b\u00e5tstabilisering f\u00f6r fartyg fr\u00e5n 30 till 80 fot. F\u00f6retaget har designat och utvecklat ett komplett sortiment av toppmoderna gyrostabilisatorer f\u00f6r fritidsb\u00e5tar och kommersiella fartyg, l\u00e4mpliga f\u00f6r nya b\u00e5tar och ombyggnadsinstallationer. <\/p>\n\n\n\n<div class=\"wp-block-buttons is-layout-flex wp-block-buttons-is-layout-flex\">\n<div class=\"wp-block-button\"><a class=\"wp-block-button__link wp-element-button\" href=\"https:\/\/www.smartgyro.com\/\" target=\"_blank\" rel=\"noreferrer noopener nofollow\">Bes\u00f6k webbplats<\/a><\/div>\n<\/div>\n<\/div><\/div>\n\n<div style=\"height:auto\" aria-hidden=\"true\" class=\"wp-block-spacer is-style-small\"><\/div>\n","protected":false},"excerpt":{"rendered":"","protected":false},"author":14,"featured_media":0,"parent":36697,"menu_order":1,"comment_status":"closed","ping_status":"closed","template":"","meta":{"_acf_changed":false,"footnotes":""},"tags":[],"class_list":["post-36699","page","type-page","status-publish","hentry"],"acf":[],"yoast_head":"<!-- This site is optimized with the Yoast SEO Premium plugin v27.2 (Yoast SEO v27.2) - https:\/\/yoast.com\/product\/yoast-seo-premium-wordpress\/ -->\n<title>Partners och dotterbolag - YANMAR Marine International<\/title>\n<meta name=\"robots\" content=\"index, follow, max-snippet:-1, max-image-preview:large, max-video-preview:-1\" \/>\n<link rel=\"canonical\" href=\"https:\/\/www.yanmar.com\/marine\/om-oss\/yanmar-marine-international\/partners-och-dotterbolag\/\" \/>\n<meta property=\"og:locale\" content=\"en_US\" \/>\n<meta property=\"og:type\" content=\"article\" \/>\n<meta property=\"og:title\" content=\"Partners och dotterbolag\" \/>\n<meta property=\"og:url\" content=\"https:\/\/www.yanmar.com\/marine\/sv\/om-oss\/yanmar-marine-international\/partners-och-dotterbolag\/\" \/>\n<meta property=\"og:site_name\" content=\"YANMAR Marine International\" \/>\n<meta property=\"article:modified_time\" content=\"2025-01-14T12:11:27+00:00\" \/>\n<meta property=\"og:image\" content=\"https:\/\/origin-ymi.yanmar.com\/marine\/wp-content\/uploads\/2020\/06\/vetus.png\" \/>\n<meta name=\"twitter:card\" content=\"summary_large_image\" \/>\n<meta name=\"twitter:label1\" content=\"Est. reading time\" \/>\n\t<meta name=\"twitter:data1\" content=\"6 minutes\" \/>\n<script type=\"application\/ld+json\" class=\"yoast-schema-graph\">{\"@context\":\"https:\/\/schema.org\",\"@graph\":[{\"@type\":\"WebPage\",\"@id\":\"https:\/\/www.yanmar.com\/marine\/sv\/om-oss\/yanmar-marine-international\/partners-och-dotterbolag\/\",\"url\":\"https:\/\/www.yanmar.com\/marine\/sv\/om-oss\/yanmar-marine-international\/partners-och-dotterbolag\/\",\"name\":\"Partners och dotterbolag - YANMAR Marine International\",\"isPartOf\":{\"@id\":\"https:\/\/origin-ymi.yanmar.com\/marine\/#website\"},\"primaryImageOfPage\":{\"@id\":\"https:\/\/www.yanmar.com\/marine\/sv\/om-oss\/yanmar-marine-international\/partners-och-dotterbolag\/#primaryimage\"},\"image\":{\"@id\":\"https:\/\/www.yanmar.com\/marine\/sv\/om-oss\/yanmar-marine-international\/partners-och-dotterbolag\/#primaryimage\"},\"thumbnailUrl\":\"https:\/\/origin-ymi.yanmar.com\/marine\/wp-content\/uploads\/2020\/06\/vetus.png\",\"datePublished\":\"2020-02-25T15:05:35+00:00\",\"dateModified\":\"2025-01-14T12:11:27+00:00\",\"breadcrumb\":{\"@id\":\"https:\/\/www.yanmar.com\/marine\/sv\/om-oss\/yanmar-marine-international\/partners-och-dotterbolag\/#breadcrumb\"},\"inLanguage\":\"en-US\",\"potentialAction\":[{\"@type\":\"ReadAction\",\"target\":[\"https:\/\/www.yanmar.com\/marine\/sv\/om-oss\/yanmar-marine-international\/partners-och-dotterbolag\/\"]}]},{\"@type\":\"ImageObject\",\"inLanguage\":\"en-US\",\"@id\":\"https:\/\/www.yanmar.com\/marine\/sv\/om-oss\/yanmar-marine-international\/partners-och-dotterbolag\/#primaryimage\",\"url\":\"https:\/\/origin-ymi.yanmar.com\/marine\/wp-content\/uploads\/2020\/06\/vetus.png\",\"contentUrl\":\"https:\/\/origin-ymi.yanmar.com\/marine\/wp-content\/uploads\/2020\/06\/vetus.png\"},{\"@type\":\"BreadcrumbList\",\"@id\":\"https:\/\/www.yanmar.com\/marine\/sv\/om-oss\/yanmar-marine-international\/partners-och-dotterbolag\/#breadcrumb\",\"itemListElement\":[{\"@type\":\"ListItem\",\"position\":1,\"name\":\"Yanmar Marine\",\"item\":\"https:\/\/origin-ymi.yanmar.com\/marine\/\"},{\"@type\":\"ListItem\",\"position\":2,\"name\":\"Om oss\",\"item\":\"https:\/\/www.yanmar.com\/marine\/om-oss\/\"},{\"@type\":\"ListItem\",\"position\":3,\"name\":\"Om YMI\",\"item\":\"https:\/\/origin-ymi.yanmar.com\/marine\/om-oss\/yanmar-marine-international\/\"},{\"@type\":\"ListItem\",\"position\":4,\"name\":\"Partners och dotterbolag\"}]},{\"@type\":\"WebSite\",\"@id\":\"https:\/\/origin-ymi.yanmar.com\/marine\/#website\",\"url\":\"https:\/\/origin-ymi.yanmar.com\/marine\/\",\"name\":\"YANMAR Marine International\",\"description\":\"Proven Marine Technology\",\"publisher\":{\"@id\":\"https:\/\/origin-ymi.yanmar.com\/marine\/#organization\"},\"potentialAction\":[{\"@type\":\"SearchAction\",\"target\":{\"@type\":\"EntryPoint\",\"urlTemplate\":\"https:\/\/origin-ymi.yanmar.com\/marine\/?s={search_term_string}\"},\"query-input\":{\"@type\":\"PropertyValueSpecification\",\"valueRequired\":true,\"valueName\":\"search_term_string\"}}],\"inLanguage\":\"en-US\"},{\"@type\":\"Organization\",\"@id\":\"https:\/\/origin-ymi.yanmar.com\/marine\/#organization\",\"name\":\"YANMAR Marine International\",\"url\":\"https:\/\/origin-ymi.yanmar.com\/marine\/\",\"logo\":{\"@type\":\"ImageObject\",\"inLanguage\":\"en-US\",\"@id\":\"https:\/\/origin-ymi.yanmar.com\/marine\/#\/schema\/logo\/image\/\",\"url\":\"https:\/\/origin-ymi.yanmar.com\/marine\/wp-content\/uploads\/2020\/03\/YANMAR-Brand-Logotype2.png\",\"contentUrl\":\"https:\/\/origin-ymi.yanmar.com\/marine\/wp-content\/uploads\/2020\/03\/YANMAR-Brand-Logotype2.png\",\"width\":842,\"height\":168,\"caption\":\"YANMAR Marine International\"},\"image\":{\"@id\":\"https:\/\/origin-ymi.yanmar.com\/marine\/#\/schema\/logo\/image\/\"}}]}<\/script>\n<!-- \/ Yoast SEO Premium plugin. -->","yoast_head_json":{"title":"Partners och dotterbolag - YANMAR Marine International","robots":{"index":"index","follow":"follow","max-snippet":"max-snippet:-1","max-image-preview":"max-image-preview:large","max-video-preview":"max-video-preview:-1"},"canonical":"https:\/\/www.yanmar.com\/marine\/om-oss\/yanmar-marine-international\/partners-och-dotterbolag\/","og_locale":"en_US","og_type":"article","og_title":"Partners och dotterbolag","og_url":"https:\/\/www.yanmar.com\/marine\/sv\/om-oss\/yanmar-marine-international\/partners-och-dotterbolag\/","og_site_name":"YANMAR Marine International","article_modified_time":"2025-01-14T12:11:27+00:00","og_image":[{"url":"https:\/\/origin-ymi.yanmar.com\/marine\/wp-content\/uploads\/2020\/06\/vetus.png","type":"","width":"","height":""}],"twitter_card":"summary_large_image","twitter_misc":{"Est. reading time":"6 minutes"},"schema":{"@context":"https:\/\/schema.org","@graph":[{"@type":"WebPage","@id":"https:\/\/www.yanmar.com\/marine\/sv\/om-oss\/yanmar-marine-international\/partners-och-dotterbolag\/","url":"https:\/\/www.yanmar.com\/marine\/sv\/om-oss\/yanmar-marine-international\/partners-och-dotterbolag\/","name":"Partners och dotterbolag - YANMAR Marine International","isPartOf":{"@id":"https:\/\/origin-ymi.yanmar.com\/marine\/#website"},"primaryImageOfPage":{"@id":"https:\/\/www.yanmar.com\/marine\/sv\/om-oss\/yanmar-marine-international\/partners-och-dotterbolag\/#primaryimage"},"image":{"@id":"https:\/\/www.yanmar.com\/marine\/sv\/om-oss\/yanmar-marine-international\/partners-och-dotterbolag\/#primaryimage"},"thumbnailUrl":"https:\/\/origin-ymi.yanmar.com\/marine\/wp-content\/uploads\/2020\/06\/vetus.png","datePublished":"2020-02-25T15:05:35+00:00","dateModified":"2025-01-14T12:11:27+00:00","breadcrumb":{"@id":"https:\/\/www.yanmar.com\/marine\/sv\/om-oss\/yanmar-marine-international\/partners-och-dotterbolag\/#breadcrumb"},"inLanguage":"en-US","potentialAction":[{"@type":"ReadAction","target":["https:\/\/www.yanmar.com\/marine\/sv\/om-oss\/yanmar-marine-international\/partners-och-dotterbolag\/"]}]},{"@type":"ImageObject","inLanguage":"en-US","@id":"https:\/\/www.yanmar.com\/marine\/sv\/om-oss\/yanmar-marine-international\/partners-och-dotterbolag\/#primaryimage","url":"https:\/\/origin-ymi.yanmar.com\/marine\/wp-content\/uploads\/2020\/06\/vetus.png","contentUrl":"https:\/\/origin-ymi.yanmar.com\/marine\/wp-content\/uploads\/2020\/06\/vetus.png"},{"@type":"BreadcrumbList","@id":"https:\/\/www.yanmar.com\/marine\/sv\/om-oss\/yanmar-marine-international\/partners-och-dotterbolag\/#breadcrumb","itemListElement":[{"@type":"ListItem","position":1,"name":"Yanmar Marine","item":"https:\/\/origin-ymi.yanmar.com\/marine\/"},{"@type":"ListItem","position":2,"name":"Om oss","item":"https:\/\/www.yanmar.com\/marine\/om-oss\/"},{"@type":"ListItem","position":3,"name":"Om YMI","item":"https:\/\/origin-ymi.yanmar.com\/marine\/om-oss\/yanmar-marine-international\/"},{"@type":"ListItem","position":4,"name":"Partners och dotterbolag"}]},{"@type":"WebSite","@id":"https:\/\/origin-ymi.yanmar.com\/marine\/#website","url":"https:\/\/origin-ymi.yanmar.com\/marine\/","name":"YANMAR Marine International","description":"Proven Marine Technology","publisher":{"@id":"https:\/\/origin-ymi.yanmar.com\/marine\/#organization"},"potentialAction":[{"@type":"SearchAction","target":{"@type":"EntryPoint","urlTemplate":"https:\/\/origin-ymi.yanmar.com\/marine\/?s={search_term_string}"},"query-input":{"@type":"PropertyValueSpecification","valueRequired":true,"valueName":"search_term_string"}}],"inLanguage":"en-US"},{"@type":"Organization","@id":"https:\/\/origin-ymi.yanmar.com\/marine\/#organization","name":"YANMAR Marine International","url":"https:\/\/origin-ymi.yanmar.com\/marine\/","logo":{"@type":"ImageObject","inLanguage":"en-US","@id":"https:\/\/origin-ymi.yanmar.com\/marine\/#\/schema\/logo\/image\/","url":"https:\/\/origin-ymi.yanmar.com\/marine\/wp-content\/uploads\/2020\/03\/YANMAR-Brand-Logotype2.png","contentUrl":"https:\/\/origin-ymi.yanmar.com\/marine\/wp-content\/uploads\/2020\/03\/YANMAR-Brand-Logotype2.png","width":842,"height":168,"caption":"YANMAR Marine International"},"image":{"@id":"https:\/\/origin-ymi.yanmar.com\/marine\/#\/schema\/logo\/image\/"}}]}},"_links":{"self":[{"href":"https:\/\/www.yanmar.com\/marine\/wp-json\/wp\/v2\/pages\/36699","targetHints":{"allow":["GET"]}}],"collection":[{"href":"https:\/\/www.yanmar.com\/marine\/wp-json\/wp\/v2\/pages"}],"about":[{"href":"https:\/\/www.yanmar.com\/marine\/wp-json\/wp\/v2\/types\/page"}],"author":[{"embeddable":true,"href":"https:\/\/www.yanmar.com\/marine\/wp-json\/wp\/v2\/users\/14"}],"replies":[{"embeddable":true,"href":"https:\/\/www.yanmar.com\/marine\/wp-json\/wp\/v2\/comments?post=36699"}],"version-history":[{"count":5,"href":"https:\/\/www.yanmar.com\/marine\/wp-json\/wp\/v2\/pages\/36699\/revisions"}],"predecessor-version":[{"id":45590,"href":"https:\/\/www.yanmar.com\/marine\/wp-json\/wp\/v2\/pages\/36699\/revisions\/45590"}],"up":[{"embeddable":true,"href":"https:\/\/www.yanmar.com\/marine\/wp-json\/wp\/v2\/pages\/36697"}],"wp:attachment":[{"href":"https:\/\/www.yanmar.com\/marine\/wp-json\/wp\/v2\/media?parent=36699"}],"wp:term":[{"taxonomy":"post_tag","embeddable":true,"href":"https:\/\/www.yanmar.com\/marine\/wp-json\/wp\/v2\/tags?post=36699"}],"curies":[{"name":"wp","href":"https:\/\/api.w.org\/{rel}","templated":true}]}}