{"id":36759,"date":"2020-02-25T15:05:35","date_gmt":"2020-02-25T15:05:35","guid":{"rendered":"https:\/\/www.yanmar.com\/marine\/yanmar-marine-international\/partnere-og-tilknyttede-selskaper\/"},"modified":"2025-01-14T12:11:21","modified_gmt":"2025-01-14T12:11:21","slug":"partnere-og-tilknyttede-selskaper","status":"publish","type":"page","link":"https:\/\/www.yanmar.com\/marine\/no\/om-oss\/yanmar-marine-international\/partnere-og-tilknyttede-selskaper\/","title":{"rendered":"Partnere og tilknyttede selskaper"},"content":{"rendered":"\n<div style=\"height:auto\" aria-hidden=\"true\" class=\"wp-block-spacer is-style-small\"><\/div>\n\n<div class=\"wp-block-media-text is-stacked-on-mobile is-vertically-aligned-top\" style=\"grid-template-columns:35% auto\"><figure class=\"wp-block-media-text__media\"><img decoding=\"async\" data-src=\"https:\/\/www.yanmar.com\/marine\/wp-content\/uploads\/2020\/06\/vetus.png\" alt=\"Vetus\" class=\"wp-image-20673 size-full lazyload\" src=\"data:image\/svg+xml;base64,PHN2ZyB3aWR0aD0iMSIgaGVpZ2h0PSIxIiB4bWxucz0iaHR0cDovL3d3dy53My5vcmcvMjAwMC9zdmciPjwvc3ZnPg==\" \/><\/figure><div class=\"wp-block-media-text__content\">\n<p><em>United leverer til kunder over hele verden<\/em><\/p>\n\n\n\n<p>YANMAR-VETUS-partnerskapet kombinerer to perfekt kompatible merkevarer for \u00e5 skape \u00e9n p\u00e5litelig og omfattende kilde til marint utstyr, til fordel for kunder over hele verden. VETUS, som er spesialist p\u00e5 totalsystemer, slutter seg til YANMAR-konsernet i et samarbeid som forener mer enn 100 \u00e5rs ekspertise og erfaring fra YANMAR-motorer med VETUS&#8217; omfattende og allsidige portef\u00f8lje av motorrelatert tilbeh\u00f8r og b\u00e5tsystemkomponenter som er utviklet gjennom 50 \u00e5r. Ved \u00e5 utnytte en rekke forretningssynergier og forene selskapenes etablerte globale fotavtrykk og nettverk, etableres en p\u00e5litelig one-stop shop for komplett systemintegrasjon som er unikt utstyrt og relevant for \u00e5 blomstre i \u00e5rene som kommer. YANMAR og VETUS fortsetter med parallell utvikling og jobber sammen over hele verden for \u00e5 tilby avanserte l\u00f8sninger for b\u00e5teiere, slik at kundene kan optimalisere tiden om bord og nyte en bekymringsfri opplevelse p\u00e5 vannet med en motorsystempakke de kan stole p\u00e5 at varer og yter til enhver tid.   <\/p>\n\n\n\n<p>VETUS<br\/>VETUS tilbyr komplette b\u00e5tsystemer rundt en YANMAR-motor, og VETUS&#8217; innovative kraftl\u00f8sninger og tekniske utstyr for fritidsb\u00e5ter og mindre yrkesfart\u00f8yer omfatter en rekke motortilbeh\u00f8r som eksosanlegg og oljefiltre, samt baugpropeller, kontrollpaneler, generatorer og mer. Selskapets omfattende portef\u00f8lje av produkter, tilkoblinger og komponenter dekker over 14 systemer, fra maskinrommet til flybridge, og alle er utformet for enkel og smidig installasjon, bruk og service. <\/p>\n\n\n\n<div class=\"wp-block-buttons is-layout-flex wp-block-buttons-is-layout-flex\">\n<div class=\"wp-block-button\"><a class=\"wp-block-button__link wp-element-button\" href=\"https:\/\/www.vetus.com\/\" target=\"_blank\" rel=\"noreferrer noopener nofollow\">Bes\u00f8k nettstedet<\/a><\/div>\n<\/div>\n<\/div><\/div>\n\n<div style=\"height:auto\" aria-hidden=\"true\" class=\"wp-block-spacer is-style-small\"><\/div>\n\n<div class=\"wp-block-media-text is-stacked-on-mobile is-vertically-aligned-top\" style=\"grid-template-columns:35% auto\"><figure class=\"wp-block-media-text__media\"><img decoding=\"async\" data-src=\"https:\/\/www.yanmar.com\/marine\/wp-content\/uploads\/2020\/06\/flexofold.png\" alt=\"Flexofold Prop og logo\" class=\"wp-image-20584 size-full lazyload\" src=\"data:image\/svg+xml;base64,PHN2ZyB3aWR0aD0iMSIgaGVpZ2h0PSIxIiB4bWxucz0iaHR0cDovL3d3dy53My5vcmcvMjAwMC9zdmciPjwvc3ZnPg==\" \/><\/figure><div class=\"wp-block-media-text__content\">\n<p><em>Oppkj\u00f8p muliggj\u00f8r integrerte l\u00f8sninger<\/em><\/p>\n\n\n\n<p>Partnerskapet mellom propelleksperten Flexofold og YANMAR er utviklet for \u00e5 levere integrerte l\u00f8sninger for seilb\u00e5ter og flerskrogsb\u00e5ter med maksimal effektivitet, og forener to sv\u00e6rt samkj\u00f8rte selskaper. Ved \u00e5 legge den markedsledende, overlegne foldepropellen med lavt drag til YANMARs utvalg av komplette fremdriftsl\u00f8sninger, bekrefter YANMAR sitt engasjement for h\u00f8yeste kvalitet. De to virksomhetene samarbeider med en kostnadseffektiv tiln\u00e6rming som forener en felles lidenskap for seiling og innovasjon, og tilbyr et eksepsjonelt motortransmisjons- og propellsystem for seilb\u00e5tbyggere, distribut\u00f8rer og eiere over hele verden. Flexofold fortsetter \u00e5 operere uavhengig, og opprettholder sin distinkte merkevareidentitet med fokus p\u00e5 \u00e5 utvikle neste generasjons l\u00f8sninger for design av propeller i det globale markedet for premium seilb\u00e5ter.   <\/p>\n\n\n\n<p>FLEXOFOLD<br\/>Flexofold ble grunnlagt i 1992 av gr\u00fcnder og hydrodynamikkekspert Jack Skrydstrup, og er verdensledende innen utvikling, produksjon og distribusjon av sv\u00e6rt effektive foldepropeller. Seilb\u00e5tpropellene, som selges direkte til b\u00e5tbyggere og private b\u00e5teiere over hele verden, bygges i selskapets fabrikk i Danmark, som er utstyrt med moderne CNC-utstyr og robotteknologi. Den avanserte propellserien er kjent for \u00e5 ha h\u00f8y ytelse og lav luftmotstand, og den utvides stadig med nye modeller.  <\/p>\n\n\n\n<div class=\"wp-block-buttons is-layout-flex wp-block-buttons-is-layout-flex\">\n<div class=\"wp-block-button\"><a class=\"wp-block-button__link wp-element-button\" href=\"https:\/\/flexofold.com\/\" target=\"_blank\" rel=\"noreferrer noopener nofollow\">Bes\u00f8k nettstedet<\/a><\/div>\n<\/div>\n<\/div><\/div>\n\n<div style=\"height:auto\" aria-hidden=\"true\" class=\"wp-block-spacer is-style-small\"><\/div>\n\n<div class=\"wp-block-media-text is-stacked-on-mobile is-vertically-aligned-top\" style=\"grid-template-columns:35% auto\"><figure class=\"wp-block-media-text__media\"><img decoding=\"async\" data-src=\"https:\/\/www.yanmar.com\/marine\/wp-content\/uploads\/2020\/06\/getmyboat.png\" alt=\"\" class=\"wp-image-20566 size-full lazyload\" src=\"data:image\/svg+xml;base64,PHN2ZyB3aWR0aD0iMSIgaGVpZ2h0PSIxIiB4bWxucz0iaHR0cDovL3d3dy53My5vcmcvMjAwMC9zdmciPjwvc3ZnPg==\" \/><\/figure><div class=\"wp-block-media-text__content\">\n<p><em>Investering i hjertet av den marine industrien<span style=\"font-family: \" helvetica=\"\" neue=\"\" arial=\"\" sans-serif=\"\" font-size:=\"\" white-space-collapse:=\"\" collapse=\"\"><\/span><\/em><\/p><p><em style=\"box-sizing: border-box; font-family: \" helvetica=\"\" neue=\"\" arial=\"\" sans-serif=\"\" font-size:=\"\" white-space-collapse:=\"\" collapse=\"\"><\/em><\/p>\n\n\n\n<p>YANMARs partnerskap med GetMyBoat, en markedsplass for b\u00e5tutleie og vannopplevelser, skaper en dynamisk, global allianse med en felles forpliktelse til \u00e5 \u00f8ke deltakelsen i b\u00e5tlivet og bidra til \u00e5 opprettholde helsen til hele den maritime fritidsindustrien. Med YANMARs strategiske investering og st\u00f8tte er begge selskapene godt posisjonert til \u00e5 realisere en felles visjon om \u00e5 oppmuntre flere mennesker over hele verden til \u00e5 oppleve spenningen og gleden ved aktiviteter p\u00e5 vannet p\u00e5 en trygg m\u00e5te. Som marine ambassad\u00f8rer, med global tilstedev\u00e6relse, en enest\u00e5ende arv og en tradisjon for innovasjon, er YANMAR dedikert til \u00e5 dele sin tekniske ekspertise og stimulere interessen for b\u00e5tliv ved \u00e5 samarbeide med en stadig voksende liste over partnere og foreninger innen konkurranse- og fritidssektoren. Et l\u00f8fte om \u00e5 l\u00e6re av innovasjonene og suksessen til GetMyBoat og stimulere virksomhetens ekspansjon er kjernen i YANMARs medf\u00f8dte ansvar for bransjen og interessen for charter- og b\u00e5tutleiemarkedene, samtidig som selskapet s\u00f8ker \u00e5 forbedre m\u00e5tene \u00e5 \u00f8nske nye akt\u00f8rer velkommen i det maritime milj\u00f8et.   <\/p>\n\n\n\n<p>GETMYBOAT<br\/>GetMyBoat ble etablert i 2013 i San Francisco og har vokst til \u00e5 bli verdens st\u00f8rste markedsplass for b\u00e5tutleie og vannopplevelser p\u00e5 nett, med imponerende 130 000+ annonser i 184 land og over 9300 destinasjoner globalt. Denne innovative tiln\u00e6rmingen til b\u00e5tutleie mellom likemenn gj\u00f8r b\u00e5tlivet tilgjengelig for alle, enten man er en erfaren kaptein eller helt fersk i b\u00e5tlivet. GetMyBoat gir eiere av alle typer b\u00e5ter, fra kajakker til seilb\u00e5ter og motorb\u00e5ter, muligheten til \u00e5 n\u00e5 ut til tusenvis av potensielle kunder.  <\/p>\n\n\n\n<div class=\"wp-block-buttons is-layout-flex wp-block-buttons-is-layout-flex\">\n<div class=\"wp-block-button\"><a class=\"wp-block-button__link wp-element-button\" href=\"https:\/\/www.getmyboat.com\/\" target=\"_blank\" rel=\"noreferrer noopener nofollow\">Bes\u00f8k nettstedet<\/a><\/div>\n<\/div>\n<\/div><\/div>\n\n<div style=\"height:auto\" aria-hidden=\"true\" class=\"wp-block-spacer is-style-small\"><\/div>\n\n<div class=\"wp-block-media-text is-stacked-on-mobile is-vertically-aligned-top\" style=\"grid-template-columns:35% auto\"><figure class=\"wp-block-media-text__media\"><img decoding=\"async\" width=\"600\" height=\"600\" data-src=\"https:\/\/www.yanmar.com\/marine\/wp-content\/smush-webp\/2020\/10\/smartgyro.jpg.webp\" alt=\"Smart Gyro\" class=\"wp-image-25716 size-full lazyload\" data-srcset=\"https:\/\/www.yanmar.com\/marine\/wp-content\/smush-webp\/2020\/10\/smartgyro.jpg.webp 600w, https:\/\/www.yanmar.com\/marine\/wp-content\/smush-webp\/2020\/10\/smartgyro-300x300.jpg.webp 300w, https:\/\/www.yanmar.com\/marine\/wp-content\/smush-webp\/2020\/10\/smartgyro-150x150.jpg.webp 150w, https:\/\/www.yanmar.com\/marine\/wp-content\/smush-webp\/2020\/10\/smartgyro-480x480.jpg.webp 480w\" data-sizes=\"(max-width: 600px) 100vw, 600px\" src=\"data:image\/svg+xml;base64,PHN2ZyB3aWR0aD0iMSIgaGVpZ2h0PSIxIiB4bWxucz0iaHR0cDovL3d3dy53My5vcmcvMjAwMC9zdmciPjwvc3ZnPg==\" style=\"--smush-placeholder-width: 600px; --smush-placeholder-aspect-ratio: 600\/600;\" data-smush-webp-fallback=\"{&quot;data-src&quot;:&quot;https:\\\/\\\/www.yanmar.com\\\/marine\\\/wp-content\\\/uploads\\\/2020\\\/10\\\/smartgyro.jpg&quot;,&quot;data-srcset&quot;:&quot;https:\\\/\\\/www.yanmar.com\\\/marine\\\/wp-content\\\/uploads\\\/2020\\\/10\\\/smartgyro.jpg 600w, https:\\\/\\\/www.yanmar.com\\\/marine\\\/wp-content\\\/uploads\\\/2020\\\/10\\\/smartgyro-300x300.jpg 300w, https:\\\/\\\/www.yanmar.com\\\/marine\\\/wp-content\\\/uploads\\\/2020\\\/10\\\/smartgyro-150x150.jpg 150w, https:\\\/\\\/www.yanmar.com\\\/marine\\\/wp-content\\\/uploads\\\/2020\\\/10\\\/smartgyro-480x480.jpg 480w&quot;}\" \/><\/figure><div class=\"wp-block-media-text__content\">\n<p><em>Ny komfort for kundene<\/em><\/p><p><em style=\"box-sizing: border-box; font-family: \" helvetica=\"\" neue=\"\" arial=\"\" sans-serif=\"\" font-size:=\"\" white-space-collapse:=\"\" collapse=\"\"><\/em><\/p>\n\n\n\n<p>Gjennom et strategisk partnerskap som gir adgang til det voksende markedet for gyrostabilisatorer, er YANMAR i stand til \u00e5 tilby et nytt niv\u00e5 av komfort og en forbedret opplevelse for eiere av motorb\u00e5ter. SmartGyros dype forst\u00e5else av b\u00e5tstabilisering, spesialiserte tekniske ekspertise og overbevisende gyroskopiske stabiliseringsprodukter er et unikt supplement til YANMARs marine systemer, utstyr og kunnskap. Resultatet er et komplett utvalg av sv\u00e6rt avanserte gyrostabilisatorer som praktisk talt eliminerer rulling av b\u00e5ten, designet og utviklet med st\u00f8tte fra YANMAR og tilbudt gjennom YANMARs globale nettverk for fritidsb\u00e5ter og kommersielle b\u00e5ter. I tr\u00e5d med YANMARs visjon om \u00e5 \u00f8ke b\u00e5tbrukernes glede, komfort og sikkerhet med teknologisk avanserte marine systemer, gj\u00f8r det tette samarbeidet det mulig for SmartGyro \u00e5 operere i Italia som en frittst\u00e5ende enhet. Denne nye dimensjonen i YANMARs sortiment er i tr\u00e5d med selskapets bredere strategi om \u00e5 fortsette \u00e5 utvide tilbudet sitt med utvalgte partnere og investeringer.    <\/p>\n\n\n\n<p>SMARTGYRO<br\/>Smartgyro ble grunnlagt i 2014 og er et selskap innen gyrostabiliseringsteknologi med base i La Spezia i Italia, drevet av et m\u00e5l om \u00e5 stabilisere b\u00e5ter fra 30 til 80 fot. Selskapet har designet og utviklet et komplett utvalg av toppmoderne gyrostabilisatorer for fritidsb\u00e5ter og kommersielle marinefart\u00f8yer, egnet for nye b\u00e5ter og ombyggingsinstallasjoner. <\/p>\n\n\n\n<div class=\"wp-block-buttons is-layout-flex wp-block-buttons-is-layout-flex\">\n<div class=\"wp-block-button\"><a class=\"wp-block-button__link wp-element-button\" href=\"https:\/\/www.smartgyro.com\/\" target=\"_blank\" rel=\"noreferrer noopener nofollow\">Bes\u00f8k nettstedet<\/a><\/div>\n<\/div>\n<\/div><\/div>\n\n<div style=\"height:auto\" aria-hidden=\"true\" class=\"wp-block-spacer is-style-small\"><\/div>\n","protected":false},"excerpt":{"rendered":"","protected":false},"author":14,"featured_media":0,"parent":36757,"menu_order":1,"comment_status":"closed","ping_status":"closed","template":"","meta":{"_acf_changed":false,"footnotes":""},"tags":[],"class_list":["post-36759","page","type-page","status-publish","hentry"],"acf":[],"yoast_head":"<!-- This site is optimized with the Yoast SEO Premium plugin v27.2 (Yoast SEO v27.2) - https:\/\/yoast.com\/product\/yoast-seo-premium-wordpress\/ -->\n<title>Partnere og tilknyttede selskaper - YANMAR Marine International<\/title>\n<meta name=\"robots\" content=\"index, follow, max-snippet:-1, max-image-preview:large, max-video-preview:-1\" \/>\n<link rel=\"canonical\" href=\"https:\/\/www.yanmar.com\/marine\/om-oss\/yanmar-marine-international\/partnere-og-tilknyttede-selskaper\/\" \/>\n<meta property=\"og:locale\" content=\"en_US\" \/>\n<meta property=\"og:type\" content=\"article\" \/>\n<meta property=\"og:title\" content=\"Partnere og tilknyttede selskaper\" \/>\n<meta property=\"og:url\" content=\"https:\/\/www.yanmar.com\/marine\/no\/om-oss\/yanmar-marine-international\/partnere-og-tilknyttede-selskaper\/\" \/>\n<meta property=\"og:site_name\" content=\"YANMAR Marine International\" \/>\n<meta property=\"article:modified_time\" content=\"2025-01-14T12:11:21+00:00\" \/>\n<meta property=\"og:image\" content=\"https:\/\/origin-ymi.yanmar.com\/marine\/wp-content\/uploads\/2020\/06\/vetus.png\" \/>\n<meta name=\"twitter:card\" content=\"summary_large_image\" \/>\n<meta name=\"twitter:label1\" content=\"Est. reading time\" \/>\n\t<meta name=\"twitter:data1\" content=\"5 minutes\" \/>\n<script type=\"application\/ld+json\" class=\"yoast-schema-graph\">{\"@context\":\"https:\/\/schema.org\",\"@graph\":[{\"@type\":\"WebPage\",\"@id\":\"https:\/\/www.yanmar.com\/marine\/no\/om-oss\/yanmar-marine-international\/partnere-og-tilknyttede-selskaper\/\",\"url\":\"https:\/\/www.yanmar.com\/marine\/no\/om-oss\/yanmar-marine-international\/partnere-og-tilknyttede-selskaper\/\",\"name\":\"Partnere og tilknyttede selskaper - YANMAR Marine International\",\"isPartOf\":{\"@id\":\"https:\/\/origin-ymi.yanmar.com\/marine\/#website\"},\"primaryImageOfPage\":{\"@id\":\"https:\/\/www.yanmar.com\/marine\/no\/om-oss\/yanmar-marine-international\/partnere-og-tilknyttede-selskaper\/#primaryimage\"},\"image\":{\"@id\":\"https:\/\/www.yanmar.com\/marine\/no\/om-oss\/yanmar-marine-international\/partnere-og-tilknyttede-selskaper\/#primaryimage\"},\"thumbnailUrl\":\"https:\/\/origin-ymi.yanmar.com\/marine\/wp-content\/uploads\/2020\/06\/vetus.png\",\"datePublished\":\"2020-02-25T15:05:35+00:00\",\"dateModified\":\"2025-01-14T12:11:21+00:00\",\"breadcrumb\":{\"@id\":\"https:\/\/www.yanmar.com\/marine\/no\/om-oss\/yanmar-marine-international\/partnere-og-tilknyttede-selskaper\/#breadcrumb\"},\"inLanguage\":\"en-US\",\"potentialAction\":[{\"@type\":\"ReadAction\",\"target\":[\"https:\/\/www.yanmar.com\/marine\/no\/om-oss\/yanmar-marine-international\/partnere-og-tilknyttede-selskaper\/\"]}]},{\"@type\":\"ImageObject\",\"inLanguage\":\"en-US\",\"@id\":\"https:\/\/www.yanmar.com\/marine\/no\/om-oss\/yanmar-marine-international\/partnere-og-tilknyttede-selskaper\/#primaryimage\",\"url\":\"https:\/\/origin-ymi.yanmar.com\/marine\/wp-content\/uploads\/2020\/06\/vetus.png\",\"contentUrl\":\"https:\/\/origin-ymi.yanmar.com\/marine\/wp-content\/uploads\/2020\/06\/vetus.png\"},{\"@type\":\"BreadcrumbList\",\"@id\":\"https:\/\/www.yanmar.com\/marine\/no\/om-oss\/yanmar-marine-international\/partnere-og-tilknyttede-selskaper\/#breadcrumb\",\"itemListElement\":[{\"@type\":\"ListItem\",\"position\":1,\"name\":\"Yanmar Marine\",\"item\":\"https:\/\/origin-ymi.yanmar.com\/marine\/\"},{\"@type\":\"ListItem\",\"position\":2,\"name\":\"Om oss\",\"item\":\"https:\/\/origin-ymi.yanmar.com\/marine\/om-oss\/\"},{\"@type\":\"ListItem\",\"position\":3,\"name\":\"Om YMI\",\"item\":\"https:\/\/origin-ymi.yanmar.com\/marine\/om-oss\/yanmar-marine-international\/\"},{\"@type\":\"ListItem\",\"position\":4,\"name\":\"Partnere og tilknyttede selskaper\"}]},{\"@type\":\"WebSite\",\"@id\":\"https:\/\/origin-ymi.yanmar.com\/marine\/#website\",\"url\":\"https:\/\/origin-ymi.yanmar.com\/marine\/\",\"name\":\"YANMAR Marine International\",\"description\":\"Proven Marine Technology\",\"publisher\":{\"@id\":\"https:\/\/origin-ymi.yanmar.com\/marine\/#organization\"},\"potentialAction\":[{\"@type\":\"SearchAction\",\"target\":{\"@type\":\"EntryPoint\",\"urlTemplate\":\"https:\/\/origin-ymi.yanmar.com\/marine\/?s={search_term_string}\"},\"query-input\":{\"@type\":\"PropertyValueSpecification\",\"valueRequired\":true,\"valueName\":\"search_term_string\"}}],\"inLanguage\":\"en-US\"},{\"@type\":\"Organization\",\"@id\":\"https:\/\/origin-ymi.yanmar.com\/marine\/#organization\",\"name\":\"YANMAR Marine International\",\"url\":\"https:\/\/origin-ymi.yanmar.com\/marine\/\",\"logo\":{\"@type\":\"ImageObject\",\"inLanguage\":\"en-US\",\"@id\":\"https:\/\/origin-ymi.yanmar.com\/marine\/#\/schema\/logo\/image\/\",\"url\":\"https:\/\/origin-ymi.yanmar.com\/marine\/wp-content\/uploads\/2020\/03\/YANMAR-Brand-Logotype2.png\",\"contentUrl\":\"https:\/\/origin-ymi.yanmar.com\/marine\/wp-content\/uploads\/2020\/03\/YANMAR-Brand-Logotype2.png\",\"width\":842,\"height\":168,\"caption\":\"YANMAR Marine International\"},\"image\":{\"@id\":\"https:\/\/origin-ymi.yanmar.com\/marine\/#\/schema\/logo\/image\/\"}}]}<\/script>\n<!-- \/ Yoast SEO Premium plugin. -->","yoast_head_json":{"title":"Partnere og tilknyttede selskaper - YANMAR Marine International","robots":{"index":"index","follow":"follow","max-snippet":"max-snippet:-1","max-image-preview":"max-image-preview:large","max-video-preview":"max-video-preview:-1"},"canonical":"https:\/\/www.yanmar.com\/marine\/om-oss\/yanmar-marine-international\/partnere-og-tilknyttede-selskaper\/","og_locale":"en_US","og_type":"article","og_title":"Partnere og tilknyttede selskaper","og_url":"https:\/\/www.yanmar.com\/marine\/no\/om-oss\/yanmar-marine-international\/partnere-og-tilknyttede-selskaper\/","og_site_name":"YANMAR Marine International","article_modified_time":"2025-01-14T12:11:21+00:00","og_image":[{"url":"https:\/\/origin-ymi.yanmar.com\/marine\/wp-content\/uploads\/2020\/06\/vetus.png","type":"","width":"","height":""}],"twitter_card":"summary_large_image","twitter_misc":{"Est. reading time":"5 minutes"},"schema":{"@context":"https:\/\/schema.org","@graph":[{"@type":"WebPage","@id":"https:\/\/www.yanmar.com\/marine\/no\/om-oss\/yanmar-marine-international\/partnere-og-tilknyttede-selskaper\/","url":"https:\/\/www.yanmar.com\/marine\/no\/om-oss\/yanmar-marine-international\/partnere-og-tilknyttede-selskaper\/","name":"Partnere og tilknyttede selskaper - YANMAR Marine International","isPartOf":{"@id":"https:\/\/origin-ymi.yanmar.com\/marine\/#website"},"primaryImageOfPage":{"@id":"https:\/\/www.yanmar.com\/marine\/no\/om-oss\/yanmar-marine-international\/partnere-og-tilknyttede-selskaper\/#primaryimage"},"image":{"@id":"https:\/\/www.yanmar.com\/marine\/no\/om-oss\/yanmar-marine-international\/partnere-og-tilknyttede-selskaper\/#primaryimage"},"thumbnailUrl":"https:\/\/origin-ymi.yanmar.com\/marine\/wp-content\/uploads\/2020\/06\/vetus.png","datePublished":"2020-02-25T15:05:35+00:00","dateModified":"2025-01-14T12:11:21+00:00","breadcrumb":{"@id":"https:\/\/www.yanmar.com\/marine\/no\/om-oss\/yanmar-marine-international\/partnere-og-tilknyttede-selskaper\/#breadcrumb"},"inLanguage":"en-US","potentialAction":[{"@type":"ReadAction","target":["https:\/\/www.yanmar.com\/marine\/no\/om-oss\/yanmar-marine-international\/partnere-og-tilknyttede-selskaper\/"]}]},{"@type":"ImageObject","inLanguage":"en-US","@id":"https:\/\/www.yanmar.com\/marine\/no\/om-oss\/yanmar-marine-international\/partnere-og-tilknyttede-selskaper\/#primaryimage","url":"https:\/\/origin-ymi.yanmar.com\/marine\/wp-content\/uploads\/2020\/06\/vetus.png","contentUrl":"https:\/\/origin-ymi.yanmar.com\/marine\/wp-content\/uploads\/2020\/06\/vetus.png"},{"@type":"BreadcrumbList","@id":"https:\/\/www.yanmar.com\/marine\/no\/om-oss\/yanmar-marine-international\/partnere-og-tilknyttede-selskaper\/#breadcrumb","itemListElement":[{"@type":"ListItem","position":1,"name":"Yanmar Marine","item":"https:\/\/origin-ymi.yanmar.com\/marine\/"},{"@type":"ListItem","position":2,"name":"Om oss","item":"https:\/\/origin-ymi.yanmar.com\/marine\/om-oss\/"},{"@type":"ListItem","position":3,"name":"Om YMI","item":"https:\/\/origin-ymi.yanmar.com\/marine\/om-oss\/yanmar-marine-international\/"},{"@type":"ListItem","position":4,"name":"Partnere og tilknyttede selskaper"}]},{"@type":"WebSite","@id":"https:\/\/origin-ymi.yanmar.com\/marine\/#website","url":"https:\/\/origin-ymi.yanmar.com\/marine\/","name":"YANMAR Marine International","description":"Proven Marine Technology","publisher":{"@id":"https:\/\/origin-ymi.yanmar.com\/marine\/#organization"},"potentialAction":[{"@type":"SearchAction","target":{"@type":"EntryPoint","urlTemplate":"https:\/\/origin-ymi.yanmar.com\/marine\/?s={search_term_string}"},"query-input":{"@type":"PropertyValueSpecification","valueRequired":true,"valueName":"search_term_string"}}],"inLanguage":"en-US"},{"@type":"Organization","@id":"https:\/\/origin-ymi.yanmar.com\/marine\/#organization","name":"YANMAR Marine International","url":"https:\/\/origin-ymi.yanmar.com\/marine\/","logo":{"@type":"ImageObject","inLanguage":"en-US","@id":"https:\/\/origin-ymi.yanmar.com\/marine\/#\/schema\/logo\/image\/","url":"https:\/\/origin-ymi.yanmar.com\/marine\/wp-content\/uploads\/2020\/03\/YANMAR-Brand-Logotype2.png","contentUrl":"https:\/\/origin-ymi.yanmar.com\/marine\/wp-content\/uploads\/2020\/03\/YANMAR-Brand-Logotype2.png","width":842,"height":168,"caption":"YANMAR Marine International"},"image":{"@id":"https:\/\/origin-ymi.yanmar.com\/marine\/#\/schema\/logo\/image\/"}}]}},"_links":{"self":[{"href":"https:\/\/www.yanmar.com\/marine\/wp-json\/wp\/v2\/pages\/36759","targetHints":{"allow":["GET"]}}],"collection":[{"href":"https:\/\/www.yanmar.com\/marine\/wp-json\/wp\/v2\/pages"}],"about":[{"href":"https:\/\/www.yanmar.com\/marine\/wp-json\/wp\/v2\/types\/page"}],"author":[{"embeddable":true,"href":"https:\/\/www.yanmar.com\/marine\/wp-json\/wp\/v2\/users\/14"}],"replies":[{"embeddable":true,"href":"https:\/\/www.yanmar.com\/marine\/wp-json\/wp\/v2\/comments?post=36759"}],"version-history":[{"count":3,"href":"https:\/\/www.yanmar.com\/marine\/wp-json\/wp\/v2\/pages\/36759\/revisions"}],"predecessor-version":[{"id":45577,"href":"https:\/\/www.yanmar.com\/marine\/wp-json\/wp\/v2\/pages\/36759\/revisions\/45577"}],"up":[{"embeddable":true,"href":"https:\/\/www.yanmar.com\/marine\/wp-json\/wp\/v2\/pages\/36757"}],"wp:attachment":[{"href":"https:\/\/www.yanmar.com\/marine\/wp-json\/wp\/v2\/media?parent=36759"}],"wp:term":[{"taxonomy":"post_tag","embeddable":true,"href":"https:\/\/www.yanmar.com\/marine\/wp-json\/wp\/v2\/tags?post=36759"}],"curies":[{"name":"wp","href":"https:\/\/api.w.org\/{rel}","templated":true}]}}