{"id":36778,"date":"2020-02-25T15:12:20","date_gmt":"2020-02-25T15:12:20","guid":{"rendered":"https:\/\/www.yanmar.com\/marine\/ettermontering\/veiledning-for-installering-av-ny-motor\/"},"modified":"2025-01-14T12:11:06","modified_gmt":"2025-01-14T12:11:06","slug":"veiledning-for-installering-av-ny-motor","status":"publish","type":"page","link":"https:\/\/www.yanmar.com\/marine\/no\/service\/repower\/veiledning-for-installering-av-ny-motor\/","title":{"rendered":"Repower Guide"},"content":{"rendered":"\n<div style=\"height:auto\" aria-hidden=\"true\" class=\"wp-block-spacer is-style-small\"><\/div>\n\n<h6 class=\"wp-block-heading has-text-align-center has-primary-color has-text-color has-link-color wp-elements-7dcb676a6d2299feee25ba75518f3680\">REPOWER<\/h6>\n\n<h1 class=\"wp-block-heading has-text-align-center\">Repower Guide<\/h1>\n\n<div style=\"height:auto\" aria-hidden=\"true\" class=\"wp-block-spacer is-style-small\"><\/div>\n\n<div class=\"wp-block-group\"><div class=\"wp-block-group__inner-container is-layout-constrained wp-block-group-is-layout-constrained\">\n<div class=\"wp-block-columns is-layout-flex wp-container-core-columns-is-layout-9d6595d7 wp-block-columns-is-layout-flex\">\n<div class=\"wp-block-column is-layout-flow wp-block-column-is-layout-flow\" style=\"flex-basis:33.33%\">\n<figure class=\"wp-block-image size-large\"><img decoding=\"async\" width=\"806\" height=\"1024\" src=\"https:\/\/www.yanmar.com\/marine\/wp-content\/uploads\/2020\/03\/repower_guide_front_page-806x1024.png\" alt=\"\" class=\"wp-image-5059\" srcset=\"https:\/\/www.yanmar.com\/marine\/wp-content\/uploads\/2020\/03\/repower_guide_front_page-806x1024.png 806w, https:\/\/www.yanmar.com\/marine\/wp-content\/uploads\/2020\/03\/repower_guide_front_page-236x300.png 236w, https:\/\/www.yanmar.com\/marine\/wp-content\/uploads\/2020\/03\/repower_guide_front_page-768x975.png 768w, https:\/\/www.yanmar.com\/marine\/wp-content\/uploads\/2020\/03\/repower_guide_front_page.png 945w\" sizes=\"(max-width: 806px) 100vw, 806px\" \/><\/figure>\n<\/div>\n\n\n\n<div class=\"wp-block-column is-layout-flow wp-block-column-is-layout-flow\" style=\"flex-basis:66.66%\">\n<h2 class=\"wp-block-heading\">Last ned v\u00e5r veiledning for installering av ny motor GRATIS!<\/h2>\n\n\n\n<p>\u00c5 installere en ny motor i b\u00e5ten, er en viktig avgj\u00f8relse, og det er mange ting man m\u00e5 v\u00e6re klar over. Vi har samlet viktig informasjon for \u00e5 lede deg gjennom beslutningsprosessen. Ta kontakt med en sertifisert YANMAR-forhandler eller distribut\u00f8r n\u00e5r du er klar til \u00e5 ta neste skritt i motorinstalleringsprosjektet ditt.<\/p>\n\n\n\n<div class=\"wp-block-buttons is-layout-flex wp-block-buttons-is-layout-flex\">\n<div class=\"wp-block-button\"><a class=\"wp-block-button__link wp-element-button\" href=\"https:\/\/www.yanmar.com\/marine\/wp-content\/uploads\/2020\/03\/2019_1101_Repower-Guide_05242022.pdf\">Last ned veiledningen.<\/a><\/div>\n<\/div>\n<\/div>\n<\/div>\n<\/div><\/div>\n\n<div style=\"height:auto\" aria-hidden=\"true\" class=\"wp-block-spacer is-style-medium\"><\/div>\n","protected":false},"excerpt":{"rendered":"<p>REPOWER Repower Guide Last ned v\u00e5r veiledning for installering av ny motor GRATIS! \u00c5 installere en ny motor i b\u00e5ten, [&hellip;]<\/p>\n","protected":false},"author":14,"featured_media":0,"parent":45233,"menu_order":1,"comment_status":"closed","ping_status":"closed","template":"","meta":{"_acf_changed":false,"footnotes":""},"tags":[],"class_list":["post-36778","page","type-page","status-publish","hentry"],"acf":[],"yoast_head":"<!-- This site is optimized with the Yoast SEO Premium plugin v27.2 (Yoast SEO v27.2) - https:\/\/yoast.com\/product\/yoast-seo-premium-wordpress\/ -->\n<title>Repower Guide - YANMAR Marine International<\/title>\n<meta name=\"description\" content=\"Installering av en ny, teknologisk avansert YANMAR-motor vil umiddelbart bl\u00e5se nytt liv i b\u00e5ten din.\" \/>\n<meta name=\"robots\" content=\"index, follow, max-snippet:-1, max-image-preview:large, max-video-preview:-1\" \/>\n<link rel=\"canonical\" href=\"https:\/\/www.yanmar.com\/marine\/service\/repower\/veiledning-for-installering-av-ny-motor\/\" \/>\n<meta property=\"og:locale\" content=\"en_US\" \/>\n<meta property=\"og:type\" content=\"article\" \/>\n<meta property=\"og:title\" content=\"Repower Guide\" \/>\n<meta property=\"og:description\" content=\"Installering av en ny, teknologisk avansert YANMAR-motor vil umiddelbart bl\u00e5se nytt liv i b\u00e5ten din.\" \/>\n<meta property=\"og:url\" content=\"https:\/\/www.yanmar.com\/marine\/no\/service\/repower\/veiledning-for-installering-av-ny-motor\/\" \/>\n<meta property=\"og:site_name\" content=\"YANMAR Marine International\" \/>\n<meta property=\"article:modified_time\" content=\"2025-01-14T12:11:06+00:00\" \/>\n<meta property=\"og:image\" content=\"https:\/\/origin-ymi.yanmar.com\/marine\/wp-content\/uploads\/2020\/03\/repower_guide_front_page-806x1024.png\" \/>\n<meta name=\"twitter:card\" content=\"summary_large_image\" \/>\n<script type=\"application\/ld+json\" class=\"yoast-schema-graph\">{\"@context\":\"https:\/\/schema.org\",\"@graph\":[{\"@type\":\"WebPage\",\"@id\":\"https:\/\/www.yanmar.com\/marine\/no\/service\/repower\/veiledning-for-installering-av-ny-motor\/\",\"url\":\"https:\/\/www.yanmar.com\/marine\/no\/service\/repower\/veiledning-for-installering-av-ny-motor\/\",\"name\":\"Repower Guide - YANMAR Marine International\",\"isPartOf\":{\"@id\":\"https:\/\/origin-ymi.yanmar.com\/marine\/#website\"},\"primaryImageOfPage\":{\"@id\":\"https:\/\/www.yanmar.com\/marine\/no\/service\/repower\/veiledning-for-installering-av-ny-motor\/#primaryimage\"},\"image\":{\"@id\":\"https:\/\/www.yanmar.com\/marine\/no\/service\/repower\/veiledning-for-installering-av-ny-motor\/#primaryimage\"},\"thumbnailUrl\":\"https:\/\/origin-ymi.yanmar.com\/marine\/wp-content\/uploads\/2020\/03\/repower_guide_front_page-806x1024.png\",\"datePublished\":\"2020-02-25T15:12:20+00:00\",\"dateModified\":\"2025-01-14T12:11:06+00:00\",\"description\":\"Installering av en ny, teknologisk avansert YANMAR-motor vil umiddelbart bl\u00e5se nytt liv i b\u00e5ten din.\",\"breadcrumb\":{\"@id\":\"https:\/\/www.yanmar.com\/marine\/no\/service\/repower\/veiledning-for-installering-av-ny-motor\/#breadcrumb\"},\"inLanguage\":\"en-US\",\"potentialAction\":[{\"@type\":\"ReadAction\",\"target\":[\"https:\/\/www.yanmar.com\/marine\/no\/service\/repower\/veiledning-for-installering-av-ny-motor\/\"]}]},{\"@type\":\"ImageObject\",\"inLanguage\":\"en-US\",\"@id\":\"https:\/\/www.yanmar.com\/marine\/no\/service\/repower\/veiledning-for-installering-av-ny-motor\/#primaryimage\",\"url\":\"https:\/\/origin-ymi.yanmar.com\/marine\/wp-content\/uploads\/2020\/03\/repower_guide_front_page-806x1024.png\",\"contentUrl\":\"https:\/\/origin-ymi.yanmar.com\/marine\/wp-content\/uploads\/2020\/03\/repower_guide_front_page-806x1024.png\"},{\"@type\":\"BreadcrumbList\",\"@id\":\"https:\/\/www.yanmar.com\/marine\/no\/service\/repower\/veiledning-for-installering-av-ny-motor\/#breadcrumb\",\"itemListElement\":[{\"@type\":\"ListItem\",\"position\":1,\"name\":\"Yanmar Marine\",\"item\":\"https:\/\/origin-ymi.yanmar.com\/marine\/\"},{\"@type\":\"ListItem\",\"position\":2,\"name\":\"Service\",\"item\":\"https:\/\/origin-ymi.yanmar.com\/marine\/service\/\"},{\"@type\":\"ListItem\",\"position\":3,\"name\":\"Repower\",\"item\":\"https:\/\/origin-ymi.yanmar.com\/marine\/service\/repower\/\"},{\"@type\":\"ListItem\",\"position\":4,\"name\":\"Repower Guide\"}]},{\"@type\":\"WebSite\",\"@id\":\"https:\/\/origin-ymi.yanmar.com\/marine\/#website\",\"url\":\"https:\/\/origin-ymi.yanmar.com\/marine\/\",\"name\":\"YANMAR Marine International\",\"description\":\"Proven Marine Technology\",\"publisher\":{\"@id\":\"https:\/\/origin-ymi.yanmar.com\/marine\/#organization\"},\"potentialAction\":[{\"@type\":\"SearchAction\",\"target\":{\"@type\":\"EntryPoint\",\"urlTemplate\":\"https:\/\/origin-ymi.yanmar.com\/marine\/?s={search_term_string}\"},\"query-input\":{\"@type\":\"PropertyValueSpecification\",\"valueRequired\":true,\"valueName\":\"search_term_string\"}}],\"inLanguage\":\"en-US\"},{\"@type\":\"Organization\",\"@id\":\"https:\/\/origin-ymi.yanmar.com\/marine\/#organization\",\"name\":\"YANMAR Marine International\",\"url\":\"https:\/\/origin-ymi.yanmar.com\/marine\/\",\"logo\":{\"@type\":\"ImageObject\",\"inLanguage\":\"en-US\",\"@id\":\"https:\/\/origin-ymi.yanmar.com\/marine\/#\/schema\/logo\/image\/\",\"url\":\"https:\/\/origin-ymi.yanmar.com\/marine\/wp-content\/uploads\/2020\/03\/YANMAR-Brand-Logotype2.png\",\"contentUrl\":\"https:\/\/origin-ymi.yanmar.com\/marine\/wp-content\/uploads\/2020\/03\/YANMAR-Brand-Logotype2.png\",\"width\":842,\"height\":168,\"caption\":\"YANMAR Marine International\"},\"image\":{\"@id\":\"https:\/\/origin-ymi.yanmar.com\/marine\/#\/schema\/logo\/image\/\"}}]}<\/script>\n<!-- \/ Yoast SEO Premium plugin. -->","yoast_head_json":{"title":"Repower Guide - YANMAR Marine International","description":"Installering av en ny, teknologisk avansert YANMAR-motor vil umiddelbart bl\u00e5se nytt liv i b\u00e5ten din.","robots":{"index":"index","follow":"follow","max-snippet":"max-snippet:-1","max-image-preview":"max-image-preview:large","max-video-preview":"max-video-preview:-1"},"canonical":"https:\/\/www.yanmar.com\/marine\/service\/repower\/veiledning-for-installering-av-ny-motor\/","og_locale":"en_US","og_type":"article","og_title":"Repower Guide","og_description":"Installering av en ny, teknologisk avansert YANMAR-motor vil umiddelbart bl\u00e5se nytt liv i b\u00e5ten din.","og_url":"https:\/\/www.yanmar.com\/marine\/no\/service\/repower\/veiledning-for-installering-av-ny-motor\/","og_site_name":"YANMAR Marine International","article_modified_time":"2025-01-14T12:11:06+00:00","og_image":[{"url":"https:\/\/origin-ymi.yanmar.com\/marine\/wp-content\/uploads\/2020\/03\/repower_guide_front_page-806x1024.png","type":"","width":"","height":""}],"twitter_card":"summary_large_image","schema":{"@context":"https:\/\/schema.org","@graph":[{"@type":"WebPage","@id":"https:\/\/www.yanmar.com\/marine\/no\/service\/repower\/veiledning-for-installering-av-ny-motor\/","url":"https:\/\/www.yanmar.com\/marine\/no\/service\/repower\/veiledning-for-installering-av-ny-motor\/","name":"Repower Guide - YANMAR Marine International","isPartOf":{"@id":"https:\/\/origin-ymi.yanmar.com\/marine\/#website"},"primaryImageOfPage":{"@id":"https:\/\/www.yanmar.com\/marine\/no\/service\/repower\/veiledning-for-installering-av-ny-motor\/#primaryimage"},"image":{"@id":"https:\/\/www.yanmar.com\/marine\/no\/service\/repower\/veiledning-for-installering-av-ny-motor\/#primaryimage"},"thumbnailUrl":"https:\/\/origin-ymi.yanmar.com\/marine\/wp-content\/uploads\/2020\/03\/repower_guide_front_page-806x1024.png","datePublished":"2020-02-25T15:12:20+00:00","dateModified":"2025-01-14T12:11:06+00:00","description":"Installering av en ny, teknologisk avansert YANMAR-motor vil umiddelbart bl\u00e5se nytt liv i b\u00e5ten din.","breadcrumb":{"@id":"https:\/\/www.yanmar.com\/marine\/no\/service\/repower\/veiledning-for-installering-av-ny-motor\/#breadcrumb"},"inLanguage":"en-US","potentialAction":[{"@type":"ReadAction","target":["https:\/\/www.yanmar.com\/marine\/no\/service\/repower\/veiledning-for-installering-av-ny-motor\/"]}]},{"@type":"ImageObject","inLanguage":"en-US","@id":"https:\/\/www.yanmar.com\/marine\/no\/service\/repower\/veiledning-for-installering-av-ny-motor\/#primaryimage","url":"https:\/\/origin-ymi.yanmar.com\/marine\/wp-content\/uploads\/2020\/03\/repower_guide_front_page-806x1024.png","contentUrl":"https:\/\/origin-ymi.yanmar.com\/marine\/wp-content\/uploads\/2020\/03\/repower_guide_front_page-806x1024.png"},{"@type":"BreadcrumbList","@id":"https:\/\/www.yanmar.com\/marine\/no\/service\/repower\/veiledning-for-installering-av-ny-motor\/#breadcrumb","itemListElement":[{"@type":"ListItem","position":1,"name":"Yanmar Marine","item":"https:\/\/origin-ymi.yanmar.com\/marine\/"},{"@type":"ListItem","position":2,"name":"Service","item":"https:\/\/origin-ymi.yanmar.com\/marine\/service\/"},{"@type":"ListItem","position":3,"name":"Repower","item":"https:\/\/origin-ymi.yanmar.com\/marine\/service\/repower\/"},{"@type":"ListItem","position":4,"name":"Repower Guide"}]},{"@type":"WebSite","@id":"https:\/\/origin-ymi.yanmar.com\/marine\/#website","url":"https:\/\/origin-ymi.yanmar.com\/marine\/","name":"YANMAR Marine International","description":"Proven Marine Technology","publisher":{"@id":"https:\/\/origin-ymi.yanmar.com\/marine\/#organization"},"potentialAction":[{"@type":"SearchAction","target":{"@type":"EntryPoint","urlTemplate":"https:\/\/origin-ymi.yanmar.com\/marine\/?s={search_term_string}"},"query-input":{"@type":"PropertyValueSpecification","valueRequired":true,"valueName":"search_term_string"}}],"inLanguage":"en-US"},{"@type":"Organization","@id":"https:\/\/origin-ymi.yanmar.com\/marine\/#organization","name":"YANMAR Marine International","url":"https:\/\/origin-ymi.yanmar.com\/marine\/","logo":{"@type":"ImageObject","inLanguage":"en-US","@id":"https:\/\/origin-ymi.yanmar.com\/marine\/#\/schema\/logo\/image\/","url":"https:\/\/origin-ymi.yanmar.com\/marine\/wp-content\/uploads\/2020\/03\/YANMAR-Brand-Logotype2.png","contentUrl":"https:\/\/origin-ymi.yanmar.com\/marine\/wp-content\/uploads\/2020\/03\/YANMAR-Brand-Logotype2.png","width":842,"height":168,"caption":"YANMAR Marine International"},"image":{"@id":"https:\/\/origin-ymi.yanmar.com\/marine\/#\/schema\/logo\/image\/"}}]}},"_links":{"self":[{"href":"https:\/\/www.yanmar.com\/marine\/wp-json\/wp\/v2\/pages\/36778","targetHints":{"allow":["GET"]}}],"collection":[{"href":"https:\/\/www.yanmar.com\/marine\/wp-json\/wp\/v2\/pages"}],"about":[{"href":"https:\/\/www.yanmar.com\/marine\/wp-json\/wp\/v2\/types\/page"}],"author":[{"embeddable":true,"href":"https:\/\/www.yanmar.com\/marine\/wp-json\/wp\/v2\/users\/14"}],"replies":[{"embeddable":true,"href":"https:\/\/www.yanmar.com\/marine\/wp-json\/wp\/v2\/comments?post=36778"}],"version-history":[{"count":7,"href":"https:\/\/www.yanmar.com\/marine\/wp-json\/wp\/v2\/pages\/36778\/revisions"}],"predecessor-version":[{"id":45566,"href":"https:\/\/www.yanmar.com\/marine\/wp-json\/wp\/v2\/pages\/36778\/revisions\/45566"}],"up":[{"embeddable":true,"href":"https:\/\/www.yanmar.com\/marine\/wp-json\/wp\/v2\/pages\/45233"}],"wp:attachment":[{"href":"https:\/\/www.yanmar.com\/marine\/wp-json\/wp\/v2\/media?parent=36778"}],"wp:term":[{"taxonomy":"post_tag","embeddable":true,"href":"https:\/\/www.yanmar.com\/marine\/wp-json\/wp\/v2\/tags?post=36778"}],"curies":[{"name":"wp","href":"https:\/\/api.w.org\/{rel}","templated":true}]}}