{"id":43009,"date":"2024-07-26T19:52:10","date_gmt":"2024-07-26T19:52:10","guid":{"rendered":"https:\/\/www.yanmar.com\/marine\/kvalitetserklaering\/"},"modified":"2025-01-14T12:13:42","modified_gmt":"2025-01-14T12:13:42","slug":"kvalitetserklaering","status":"publish","type":"page","link":"https:\/\/www.yanmar.com\/marine\/no\/om-oss\/kvalitetserklaering\/","title":{"rendered":"Kvalitetserkl\u00e6ring"},"content":{"rendered":"\n<div style=\"height:auto\" aria-hidden=\"true\" class=\"wp-block-spacer is-style-small\"><\/div>\n\n<div class=\"wp-block-group\"><div class=\"wp-block-group__inner-container is-layout-constrained wp-block-group-is-layout-constrained\">\n<h6 class=\"wp-block-heading has-text-align-center has-primary-color has-text-color has-link-color wp-elements-4fd10a9926e78546dbab73743ae7ce77\">YANMAR KVALITET<\/h6>\n\n\n\n<h1 class=\"wp-block-heading has-text-align-center\">YANMARs kvalitetserkl\u00e6ring<\/h1>\n\n\n\n<div class=\"wp-block-columns is-layout-flex wp-container-core-columns-is-layout-9d6595d7 wp-block-columns-is-layout-flex\">\n<div class=\"wp-block-column is-layout-flow wp-block-column-is-layout-flow\"><\/div>\n\n\n\n<div class=\"wp-block-column is-layout-flow wp-block-column-is-layout-flow\" style=\"flex-basis:940px\">\n<p class=\"has-text-align-left\">Hos Yanmar er kvalitet grunnleggende for organisasjonens l\u00f8pende suksess. Det omfatter n\u00f8kkelomr\u00e5dene kontinuerlig forbedring, prestasjonsorientering og kundefokuserte l\u00f8sninger, bygget p\u00e5 langsiktige relasjoner. For \u00e5 n\u00e5 disse m\u00e5lene arbeider vi etter den internasjonale standarden for kvalitet, kalt ISO 9001.  <\/p>\n\n\n\n<div style=\"height:auto\" aria-hidden=\"true\" class=\"wp-block-spacer\"><\/div>\n\n\n\n<p>Yanmar Europe B.V.\/ Yanmar Marine International B.V.\/ Yanmar Benelux B.V. sin virksomhet i Almere er ISO 9001-sertifisert. Vi bruker et kvalitetsstyringssystem som dekker alle aktiviteter og prosesser som kreves for \u00e5 oppfylle kundenes forventninger til produkter og service i verdensklasse. Dette systemet dekker produksjon og den overordnede organisasjonen, inkludert \u00f8konomi og regnskap, applikasjonsteknikk, salg, ettersalg og andre aktiviteter som p\u00e5virker den endelige leveransen og den langsiktige servicest\u00f8tten fra Yanmar.  <\/p>\n\n\n\n<p>Ovennevnte kvalitetserkl\u00e6ring gjelder for Yanmar Europe B.V. \/ Yanmar Marine International B.V. \/ Yanmar Benelux B.V. sine aktiviteter i Almere.  <\/p>\n\n\n\n<p>Yanmar Europe B.V.\/ Yanmar Marine International B.V.\/ Yanmar Benelux B.V. sin virksomhet i Almere har blitt ISO 9001-sertifisert av Lloyd&#8217;s Register Quality Assurance, Rotterdam, Nederland.<\/p>\n\n\n<div class=\"wp-block-image\">\n<figure class=\"alignleft size-medium\"><img decoding=\"async\" width=\"279\" height=\"300\" data-src=\"https:\/\/www.yanmar.com\/marine\/wp-content\/smush-webp\/2022\/12\/ISO-9001-2015-RGB-768x825-1-279x300.jpg.webp\" alt=\"\" class=\"wp-image-34445 lazyload\" data-srcset=\"https:\/\/www.yanmar.com\/marine\/wp-content\/smush-webp\/2022\/12\/ISO-9001-2015-RGB-768x825-1-279x300.jpg.webp 279w, https:\/\/www.yanmar.com\/marine\/wp-content\/uploads\/2022\/12\/ISO-9001-2015-RGB-768x825-1.jpg 768w\" data-sizes=\"(max-width: 279px) 100vw, 279px\" src=\"data:image\/svg+xml;base64,PHN2ZyB3aWR0aD0iMSIgaGVpZ2h0PSIxIiB4bWxucz0iaHR0cDovL3d3dy53My5vcmcvMjAwMC9zdmciPjwvc3ZnPg==\" style=\"--smush-placeholder-width: 279px; --smush-placeholder-aspect-ratio: 279\/300;\" data-smush-webp-fallback=\"{&quot;data-src&quot;:&quot;https:\\\/\\\/www.yanmar.com\\\/marine\\\/wp-content\\\/uploads\\\/2022\\\/12\\\/ISO-9001-2015-RGB-768x825-1-279x300.jpg&quot;,&quot;data-srcset&quot;:&quot;https:\\\/\\\/www.yanmar.com\\\/marine\\\/wp-content\\\/uploads\\\/2022\\\/12\\\/ISO-9001-2015-RGB-768x825-1-279x300.jpg 279w, https:\\\/\\\/www.yanmar.com\\\/marine\\\/wp-content\\\/uploads\\\/2022\\\/12\\\/ISO-9001-2015-RGB-768x825-1.jpg 768w&quot;}\" \/><\/figure>\n<\/div><\/div>\n\n\n\n<div class=\"wp-block-column is-layout-flow wp-block-column-is-layout-flow\"><\/div>\n<\/div>\n<\/div><\/div>\n\n<div style=\"height:auto\" aria-hidden=\"true\" class=\"wp-block-spacer is-style-medium\"><\/div>\n","protected":false},"excerpt":{"rendered":"<p>YANMAR KVALITET YANMARs kvalitetserkl\u00e6ring Hos Yanmar er kvalitet grunnleggende for organisasjonens l\u00f8pende suksess. Det omfatter n\u00f8kkelomr\u00e5dene kontinuerlig forbedring, prestasjonsorientering og [&hellip;]<\/p>\n","protected":false},"author":24,"featured_media":0,"parent":45615,"menu_order":0,"comment_status":"closed","ping_status":"closed","template":"","meta":{"_acf_changed":false,"footnotes":""},"tags":[526,527,528,525],"class_list":["post-43009","page","type-page","status-publish","hentry","tag-iso-no","tag-iso9001-no","tag-kvalitetserklaering","tag-yanmar-kvalitet"],"acf":[],"yoast_head":"<!-- This site is optimized with the Yoast SEO Premium plugin v27.2 (Yoast SEO v27.2) - https:\/\/yoast.com\/product\/yoast-seo-premium-wordpress\/ -->\n<title>YANMAR Kvalitetserkl\u00e6ring - YANMAR Marine International<\/title>\n<meta name=\"description\" content=\"Stol p\u00e5 bransjelederen YANMAR og v\u00e5rt globale servicenettverk, st\u00f8ttet av en robust YANMAR Marine-garanti og det st\u00f8rste servicenettverket i bransjen\" \/>\n<meta name=\"robots\" content=\"index, follow, max-snippet:-1, max-image-preview:large, max-video-preview:-1\" \/>\n<link rel=\"canonical\" href=\"https:\/\/www.yanmar.com\/marine\/om-oss\/kvalitetserklaering\/\" \/>\n<meta property=\"og:locale\" content=\"en_US\" \/>\n<meta property=\"og:type\" content=\"article\" \/>\n<meta property=\"og:title\" content=\"Kvalitetserkl\u00e6ring\" \/>\n<meta property=\"og:description\" content=\"Stol p\u00e5 bransjelederen YANMAR og v\u00e5rt globale servicenettverk, st\u00f8ttet av en robust YANMAR Marine-garanti og det st\u00f8rste servicenettverket i bransjen\" \/>\n<meta property=\"og:url\" content=\"https:\/\/www.yanmar.com\/marine\/no\/om-oss\/kvalitetserklaering\/\" \/>\n<meta property=\"og:site_name\" content=\"YANMAR Marine International\" \/>\n<meta property=\"article:modified_time\" content=\"2025-01-14T12:13:42+00:00\" \/>\n<meta property=\"og:image\" content=\"https:\/\/origin-ymi.yanmar.com\/marine\/wp-content\/uploads\/2022\/12\/ISO-9001-2015-RGB-768x825-1-279x300.jpg\" \/>\n<meta name=\"twitter:card\" content=\"summary_large_image\" \/>\n<meta name=\"twitter:label1\" content=\"Est. reading time\" \/>\n\t<meta name=\"twitter:data1\" content=\"1 minute\" \/>\n<script type=\"application\/ld+json\" class=\"yoast-schema-graph\">{\"@context\":\"https:\/\/schema.org\",\"@graph\":[{\"@type\":\"WebPage\",\"@id\":\"https:\/\/www.yanmar.com\/marine\/no\/om-oss\/kvalitetserklaering\/\",\"url\":\"https:\/\/www.yanmar.com\/marine\/no\/om-oss\/kvalitetserklaering\/\",\"name\":\"YANMAR Kvalitetserkl\u00e6ring - YANMAR Marine International\",\"isPartOf\":{\"@id\":\"https:\/\/origin-ymi.yanmar.com\/marine\/#website\"},\"primaryImageOfPage\":{\"@id\":\"https:\/\/www.yanmar.com\/marine\/no\/om-oss\/kvalitetserklaering\/#primaryimage\"},\"image\":{\"@id\":\"https:\/\/www.yanmar.com\/marine\/no\/om-oss\/kvalitetserklaering\/#primaryimage\"},\"thumbnailUrl\":\"https:\/\/origin-ymi.yanmar.com\/marine\/wp-content\/uploads\/2022\/12\/ISO-9001-2015-RGB-768x825-1-279x300.jpg\",\"datePublished\":\"2024-07-26T19:52:10+00:00\",\"dateModified\":\"2025-01-14T12:13:42+00:00\",\"description\":\"Stol p\u00e5 bransjelederen YANMAR og v\u00e5rt globale servicenettverk, st\u00f8ttet av en robust YANMAR Marine-garanti og det st\u00f8rste servicenettverket i bransjen\",\"breadcrumb\":{\"@id\":\"https:\/\/www.yanmar.com\/marine\/no\/om-oss\/kvalitetserklaering\/#breadcrumb\"},\"inLanguage\":\"en-US\",\"potentialAction\":[{\"@type\":\"ReadAction\",\"target\":[\"https:\/\/www.yanmar.com\/marine\/no\/om-oss\/kvalitetserklaering\/\"]}]},{\"@type\":\"ImageObject\",\"inLanguage\":\"en-US\",\"@id\":\"https:\/\/www.yanmar.com\/marine\/no\/om-oss\/kvalitetserklaering\/#primaryimage\",\"url\":\"https:\/\/origin-ymi.yanmar.com\/marine\/wp-content\/uploads\/2022\/12\/ISO-9001-2015-RGB-768x825-1-279x300.jpg\",\"contentUrl\":\"https:\/\/origin-ymi.yanmar.com\/marine\/wp-content\/uploads\/2022\/12\/ISO-9001-2015-RGB-768x825-1-279x300.jpg\"},{\"@type\":\"BreadcrumbList\",\"@id\":\"https:\/\/www.yanmar.com\/marine\/no\/om-oss\/kvalitetserklaering\/#breadcrumb\",\"itemListElement\":[{\"@type\":\"ListItem\",\"position\":1,\"name\":\"Yanmar Marine\",\"item\":\"https:\/\/origin-ymi.yanmar.com\/marine\/\"},{\"@type\":\"ListItem\",\"position\":2,\"name\":\"Om oss\",\"item\":\"https:\/\/origin-ymi.yanmar.com\/marine\/om-oss\/\"},{\"@type\":\"ListItem\",\"position\":3,\"name\":\"Kvalitetserkl\u00e6ring\"}]},{\"@type\":\"WebSite\",\"@id\":\"https:\/\/origin-ymi.yanmar.com\/marine\/#website\",\"url\":\"https:\/\/origin-ymi.yanmar.com\/marine\/\",\"name\":\"YANMAR Marine International\",\"description\":\"Proven Marine Technology\",\"publisher\":{\"@id\":\"https:\/\/origin-ymi.yanmar.com\/marine\/#organization\"},\"potentialAction\":[{\"@type\":\"SearchAction\",\"target\":{\"@type\":\"EntryPoint\",\"urlTemplate\":\"https:\/\/origin-ymi.yanmar.com\/marine\/?s={search_term_string}\"},\"query-input\":{\"@type\":\"PropertyValueSpecification\",\"valueRequired\":true,\"valueName\":\"search_term_string\"}}],\"inLanguage\":\"en-US\"},{\"@type\":\"Organization\",\"@id\":\"https:\/\/origin-ymi.yanmar.com\/marine\/#organization\",\"name\":\"YANMAR Marine International\",\"url\":\"https:\/\/origin-ymi.yanmar.com\/marine\/\",\"logo\":{\"@type\":\"ImageObject\",\"inLanguage\":\"en-US\",\"@id\":\"https:\/\/origin-ymi.yanmar.com\/marine\/#\/schema\/logo\/image\/\",\"url\":\"https:\/\/origin-ymi.yanmar.com\/marine\/wp-content\/uploads\/2020\/03\/YANMAR-Brand-Logotype2.png\",\"contentUrl\":\"https:\/\/origin-ymi.yanmar.com\/marine\/wp-content\/uploads\/2020\/03\/YANMAR-Brand-Logotype2.png\",\"width\":842,\"height\":168,\"caption\":\"YANMAR Marine International\"},\"image\":{\"@id\":\"https:\/\/origin-ymi.yanmar.com\/marine\/#\/schema\/logo\/image\/\"}}]}<\/script>\n<!-- \/ Yoast SEO Premium plugin. -->","yoast_head_json":{"title":"YANMAR Kvalitetserkl\u00e6ring - YANMAR Marine International","description":"Stol p\u00e5 bransjelederen YANMAR og v\u00e5rt globale servicenettverk, st\u00f8ttet av en robust YANMAR Marine-garanti og det st\u00f8rste servicenettverket i bransjen","robots":{"index":"index","follow":"follow","max-snippet":"max-snippet:-1","max-image-preview":"max-image-preview:large","max-video-preview":"max-video-preview:-1"},"canonical":"https:\/\/www.yanmar.com\/marine\/om-oss\/kvalitetserklaering\/","og_locale":"en_US","og_type":"article","og_title":"Kvalitetserkl\u00e6ring","og_description":"Stol p\u00e5 bransjelederen YANMAR og v\u00e5rt globale servicenettverk, st\u00f8ttet av en robust YANMAR Marine-garanti og det st\u00f8rste servicenettverket i bransjen","og_url":"https:\/\/www.yanmar.com\/marine\/no\/om-oss\/kvalitetserklaering\/","og_site_name":"YANMAR Marine International","article_modified_time":"2025-01-14T12:13:42+00:00","og_image":[{"url":"https:\/\/origin-ymi.yanmar.com\/marine\/wp-content\/uploads\/2022\/12\/ISO-9001-2015-RGB-768x825-1-279x300.jpg","type":"","width":"","height":""}],"twitter_card":"summary_large_image","twitter_misc":{"Est. reading time":"1 minute"},"schema":{"@context":"https:\/\/schema.org","@graph":[{"@type":"WebPage","@id":"https:\/\/www.yanmar.com\/marine\/no\/om-oss\/kvalitetserklaering\/","url":"https:\/\/www.yanmar.com\/marine\/no\/om-oss\/kvalitetserklaering\/","name":"YANMAR Kvalitetserkl\u00e6ring - YANMAR Marine International","isPartOf":{"@id":"https:\/\/origin-ymi.yanmar.com\/marine\/#website"},"primaryImageOfPage":{"@id":"https:\/\/www.yanmar.com\/marine\/no\/om-oss\/kvalitetserklaering\/#primaryimage"},"image":{"@id":"https:\/\/www.yanmar.com\/marine\/no\/om-oss\/kvalitetserklaering\/#primaryimage"},"thumbnailUrl":"https:\/\/origin-ymi.yanmar.com\/marine\/wp-content\/uploads\/2022\/12\/ISO-9001-2015-RGB-768x825-1-279x300.jpg","datePublished":"2024-07-26T19:52:10+00:00","dateModified":"2025-01-14T12:13:42+00:00","description":"Stol p\u00e5 bransjelederen YANMAR og v\u00e5rt globale servicenettverk, st\u00f8ttet av en robust YANMAR Marine-garanti og det st\u00f8rste servicenettverket i bransjen","breadcrumb":{"@id":"https:\/\/www.yanmar.com\/marine\/no\/om-oss\/kvalitetserklaering\/#breadcrumb"},"inLanguage":"en-US","potentialAction":[{"@type":"ReadAction","target":["https:\/\/www.yanmar.com\/marine\/no\/om-oss\/kvalitetserklaering\/"]}]},{"@type":"ImageObject","inLanguage":"en-US","@id":"https:\/\/www.yanmar.com\/marine\/no\/om-oss\/kvalitetserklaering\/#primaryimage","url":"https:\/\/origin-ymi.yanmar.com\/marine\/wp-content\/uploads\/2022\/12\/ISO-9001-2015-RGB-768x825-1-279x300.jpg","contentUrl":"https:\/\/origin-ymi.yanmar.com\/marine\/wp-content\/uploads\/2022\/12\/ISO-9001-2015-RGB-768x825-1-279x300.jpg"},{"@type":"BreadcrumbList","@id":"https:\/\/www.yanmar.com\/marine\/no\/om-oss\/kvalitetserklaering\/#breadcrumb","itemListElement":[{"@type":"ListItem","position":1,"name":"Yanmar Marine","item":"https:\/\/origin-ymi.yanmar.com\/marine\/"},{"@type":"ListItem","position":2,"name":"Om oss","item":"https:\/\/origin-ymi.yanmar.com\/marine\/om-oss\/"},{"@type":"ListItem","position":3,"name":"Kvalitetserkl\u00e6ring"}]},{"@type":"WebSite","@id":"https:\/\/origin-ymi.yanmar.com\/marine\/#website","url":"https:\/\/origin-ymi.yanmar.com\/marine\/","name":"YANMAR Marine International","description":"Proven Marine Technology","publisher":{"@id":"https:\/\/origin-ymi.yanmar.com\/marine\/#organization"},"potentialAction":[{"@type":"SearchAction","target":{"@type":"EntryPoint","urlTemplate":"https:\/\/origin-ymi.yanmar.com\/marine\/?s={search_term_string}"},"query-input":{"@type":"PropertyValueSpecification","valueRequired":true,"valueName":"search_term_string"}}],"inLanguage":"en-US"},{"@type":"Organization","@id":"https:\/\/origin-ymi.yanmar.com\/marine\/#organization","name":"YANMAR Marine International","url":"https:\/\/origin-ymi.yanmar.com\/marine\/","logo":{"@type":"ImageObject","inLanguage":"en-US","@id":"https:\/\/origin-ymi.yanmar.com\/marine\/#\/schema\/logo\/image\/","url":"https:\/\/origin-ymi.yanmar.com\/marine\/wp-content\/uploads\/2020\/03\/YANMAR-Brand-Logotype2.png","contentUrl":"https:\/\/origin-ymi.yanmar.com\/marine\/wp-content\/uploads\/2020\/03\/YANMAR-Brand-Logotype2.png","width":842,"height":168,"caption":"YANMAR Marine International"},"image":{"@id":"https:\/\/origin-ymi.yanmar.com\/marine\/#\/schema\/logo\/image\/"}}]}},"_links":{"self":[{"href":"https:\/\/www.yanmar.com\/marine\/wp-json\/wp\/v2\/pages\/43009","targetHints":{"allow":["GET"]}}],"collection":[{"href":"https:\/\/www.yanmar.com\/marine\/wp-json\/wp\/v2\/pages"}],"about":[{"href":"https:\/\/www.yanmar.com\/marine\/wp-json\/wp\/v2\/types\/page"}],"author":[{"embeddable":true,"href":"https:\/\/www.yanmar.com\/marine\/wp-json\/wp\/v2\/users\/24"}],"replies":[{"embeddable":true,"href":"https:\/\/www.yanmar.com\/marine\/wp-json\/wp\/v2\/comments?post=43009"}],"version-history":[{"count":2,"href":"https:\/\/www.yanmar.com\/marine\/wp-json\/wp\/v2\/pages\/43009\/revisions"}],"predecessor-version":[{"id":44456,"href":"https:\/\/www.yanmar.com\/marine\/wp-json\/wp\/v2\/pages\/43009\/revisions\/44456"}],"up":[{"embeddable":true,"href":"https:\/\/www.yanmar.com\/marine\/wp-json\/wp\/v2\/pages\/45615"}],"wp:attachment":[{"href":"https:\/\/www.yanmar.com\/marine\/wp-json\/wp\/v2\/media?parent=43009"}],"wp:term":[{"taxonomy":"post_tag","embeddable":true,"href":"https:\/\/www.yanmar.com\/marine\/wp-json\/wp\/v2\/tags?post=43009"}],"curies":[{"name":"wp","href":"https:\/\/api.w.org\/{rel}","templated":true}]}}