{"id":43011,"date":"2024-07-26T19:52:10","date_gmt":"2024-07-26T19:52:10","guid":{"rendered":"https:\/\/www.yanmar.com\/marine\/laatuselvitys\/"},"modified":"2025-02-10T09:47:09","modified_gmt":"2025-02-10T09:47:09","slug":"laatuselvitys","status":"publish","type":"page","link":"https:\/\/www.yanmar.com\/marine\/fi\/tietoa-meista\/laatuselvitys\/","title":{"rendered":"Laatuselvitys"},"content":{"rendered":"\n<div style=\"height:auto\" aria-hidden=\"true\" class=\"wp-block-spacer is-style-small\"><\/div>\n\n<div class=\"wp-block-group\"><div class=\"wp-block-group__inner-container is-layout-constrained wp-block-group-is-layout-constrained\">\n<h6 class=\"wp-block-heading has-text-align-center has-primary-color has-text-color has-link-color wp-elements-b078c8ab7bd053eb9ea25ca378703c93\">YANMAR LAATU<\/h6>\n\n\n\n<h1 class=\"wp-block-heading has-text-align-center\">YANMAR-laatuselvitys<\/h1>\n\n\n\n<div class=\"wp-block-columns is-layout-flex wp-container-core-columns-is-layout-9d6595d7 wp-block-columns-is-layout-flex\">\n<div class=\"wp-block-column is-layout-flow wp-block-column-is-layout-flow\"><\/div>\n\n\n\n<div class=\"wp-block-column is-layout-flow wp-block-column-is-layout-flow\" style=\"flex-basis:940px\">\n<p class=\"has-text-align-left\">Yanmarilla laatu on organisaation jatkuvan menestyksen perusedellytys. Se kattaa jatkuvan parantamisen, suorituskykysuuntautuneisuuden ja asiakasl\u00e4ht\u00f6iset ratkaisut, jotka perustuvat pitk\u00e4aikaisiin suhteisiin. Saavuttaaksemme n\u00e4m\u00e4 tavoitteet ty\u00f6skentelemme kansainv\u00e4lisen laatustandardin kautta nimelt\u00e4\u00e4n: ISO 9001.  <\/p>\n\n\n\n<div style=\"height:auto\" aria-hidden=\"true\" class=\"wp-block-spacer\"><\/div>\n\n\n\n<p>Yanmar Europe B.V.\/ Yanmar Marine International B.V.\/ Yanmar Benelux B.V.:n toiminnot Almereen on sertifioitu ISO 9001 -standardin mukaisesti. K\u00e4yt\u00f6ss\u00e4mme on laadunhallintaj\u00e4rjestelm\u00e4, joka kattaa kaikki toiminnot ja prosessit, joita tarvitaan, jotta voimme t\u00e4ytt\u00e4\u00e4 asiakkaiden odotukset maailmanluokan tuotteista ja palvelusta. J\u00e4rjestelm\u00e4 kattaa tuotannon ja koko organisaation, mukaan lukien talous- ja kirjanpito, sovellustekniikka, myynti, myynnin j\u00e4lkeinen toiminta ja muut toiminnot, jotka vaikuttavat Yanmarin lopulliseen toimitukseen ja pitk\u00e4aikaiseen huoltotukeen.  <\/p>\n\n\n\n<p>Edell\u00e4 mainittu laatulausunto koskee Yanmar Europe B.V.:t\u00e4. \/ Yanmar Marine International B.V. \/ Yanmar Benelux B.V.:n toimintaa Almereen.  <\/p>\n\n\n\n<p>Lloyd&#8217;s Register Quality Assurance, Rotterdam, Alankomaat, on sertifioinut Yanmar Europe B.V.\/ Yanmar Marine International B.V.\/ Yanmar Benelux B.V.:n toiminnan Almereen ISO 9001 -sertifikaatin.<\/p>\n\n\n<div class=\"wp-block-image\">\n<figure class=\"alignleft size-medium\"><img decoding=\"async\" width=\"279\" height=\"300\" data-src=\"https:\/\/www.yanmar.com\/marine\/wp-content\/smush-webp\/2022\/12\/ISO-9001-2015-RGB-768x825-1-279x300.jpg.webp\" alt=\"\" class=\"wp-image-34445 lazyload\" data-srcset=\"https:\/\/www.yanmar.com\/marine\/wp-content\/smush-webp\/2022\/12\/ISO-9001-2015-RGB-768x825-1-279x300.jpg.webp 279w, https:\/\/www.yanmar.com\/marine\/wp-content\/uploads\/2022\/12\/ISO-9001-2015-RGB-768x825-1.jpg 768w\" data-sizes=\"(max-width: 279px) 100vw, 279px\" src=\"data:image\/svg+xml;base64,PHN2ZyB3aWR0aD0iMSIgaGVpZ2h0PSIxIiB4bWxucz0iaHR0cDovL3d3dy53My5vcmcvMjAwMC9zdmciPjwvc3ZnPg==\" style=\"--smush-placeholder-width: 279px; --smush-placeholder-aspect-ratio: 279\/300;\" data-smush-webp-fallback=\"{&quot;data-src&quot;:&quot;https:\\\/\\\/www.yanmar.com\\\/marine\\\/wp-content\\\/uploads\\\/2022\\\/12\\\/ISO-9001-2015-RGB-768x825-1-279x300.jpg&quot;,&quot;data-srcset&quot;:&quot;https:\\\/\\\/www.yanmar.com\\\/marine\\\/wp-content\\\/uploads\\\/2022\\\/12\\\/ISO-9001-2015-RGB-768x825-1-279x300.jpg 279w, https:\\\/\\\/www.yanmar.com\\\/marine\\\/wp-content\\\/uploads\\\/2022\\\/12\\\/ISO-9001-2015-RGB-768x825-1.jpg 768w&quot;}\" \/><\/figure>\n<\/div><\/div>\n\n\n\n<div class=\"wp-block-column is-layout-flow wp-block-column-is-layout-flow\"><\/div>\n<\/div>\n<\/div><\/div>\n\n<div style=\"height:auto\" aria-hidden=\"true\" class=\"wp-block-spacer is-style-medium\"><\/div>\n","protected":false},"excerpt":{"rendered":"<p>YANMAR LAATU YANMAR-laatuselvitys Yanmarilla laatu on organisaation jatkuvan menestyksen perusedellytys. Se kattaa jatkuvan parantamisen, suorituskykysuuntautuneisuuden ja asiakasl\u00e4ht\u00f6iset ratkaisut, jotka perustuvat [&hellip;]<\/p>\n","protected":false},"author":24,"featured_media":0,"parent":46777,"menu_order":0,"comment_status":"closed","ping_status":"closed","template":"","meta":{"_acf_changed":false,"footnotes":""},"tags":[530,531,532,529],"class_list":["post-43011","page","type-page","status-publish","hentry","tag-iso-fi","tag-iso9001-fi","tag-laatuseloste","tag-yanmar-laatu"],"acf":[],"yoast_head":"<!-- This site is optimized with the Yoast SEO Premium plugin v27.2 (Yoast SEO v27.2) - https:\/\/yoast.com\/product\/yoast-seo-premium-wordpress\/ -->\n<title>YANMAR Laatuselvitys - YANMAR Marine International<\/title>\n<meta name=\"description\" content=\"Luota alan johtavaan YANMARiin ja maailmanlaajuiseen huoltoverkostoomme, jonka tukena on YANMAR Marinen vankka takuu ja alan laajin huoltoverkosto.\" \/>\n<meta name=\"robots\" content=\"index, follow, max-snippet:-1, max-image-preview:large, max-video-preview:-1\" \/>\n<link rel=\"canonical\" href=\"https:\/\/www.yanmar.com\/marine\/tietoa-meista\/laatuselvitys\/\" \/>\n<meta property=\"og:locale\" content=\"en_US\" \/>\n<meta property=\"og:type\" content=\"article\" \/>\n<meta property=\"og:title\" content=\"Laatuselvitys\" \/>\n<meta property=\"og:description\" content=\"Luota alan johtavaan YANMARiin ja maailmanlaajuiseen huoltoverkostoomme, jonka tukena on YANMAR Marinen vankka takuu ja alan laajin huoltoverkosto.\" \/>\n<meta property=\"og:url\" content=\"https:\/\/www.yanmar.com\/marine\/fi\/tietoa-meista\/laatuselvitys\/\" \/>\n<meta property=\"og:site_name\" content=\"YANMAR Marine International\" \/>\n<meta property=\"article:modified_time\" content=\"2025-02-10T09:47:09+00:00\" \/>\n<meta property=\"og:image\" content=\"https:\/\/www.yanmar.com\/marine\/wp-content\/uploads\/2022\/12\/ISO-9001-2015-RGB-768x825-1.jpg\" \/>\n\t<meta property=\"og:image:width\" content=\"768\" \/>\n\t<meta property=\"og:image:height\" content=\"825\" \/>\n\t<meta property=\"og:image:type\" content=\"image\/jpeg\" \/>\n<meta name=\"twitter:card\" content=\"summary_large_image\" \/>\n<meta name=\"twitter:label1\" content=\"Est. reading time\" \/>\n\t<meta name=\"twitter:data1\" content=\"1 minute\" \/>\n<script type=\"application\/ld+json\" class=\"yoast-schema-graph\">{\"@context\":\"https:\/\/schema.org\",\"@graph\":[{\"@type\":\"WebPage\",\"@id\":\"https:\/\/www.yanmar.com\/marine\/fi\/tietoa-meista\/laatuselvitys\/\",\"url\":\"https:\/\/www.yanmar.com\/marine\/fi\/tietoa-meista\/laatuselvitys\/\",\"name\":\"YANMAR Laatuselvitys - YANMAR Marine International\",\"isPartOf\":{\"@id\":\"https:\/\/origin-ymi.yanmar.com\/marine\/#website\"},\"primaryImageOfPage\":{\"@id\":\"https:\/\/www.yanmar.com\/marine\/fi\/tietoa-meista\/laatuselvitys\/#primaryimage\"},\"image\":{\"@id\":\"https:\/\/www.yanmar.com\/marine\/fi\/tietoa-meista\/laatuselvitys\/#primaryimage\"},\"thumbnailUrl\":\"https:\/\/origin-ymi.yanmar.com\/marine\/wp-content\/uploads\/2022\/12\/ISO-9001-2015-RGB-768x825-1-279x300.jpg\",\"datePublished\":\"2024-07-26T19:52:10+00:00\",\"dateModified\":\"2025-02-10T09:47:09+00:00\",\"description\":\"Luota alan johtavaan YANMARiin ja maailmanlaajuiseen huoltoverkostoomme, jonka tukena on YANMAR Marinen vankka takuu ja alan laajin huoltoverkosto.\",\"breadcrumb\":{\"@id\":\"https:\/\/www.yanmar.com\/marine\/fi\/tietoa-meista\/laatuselvitys\/#breadcrumb\"},\"inLanguage\":\"en-US\",\"potentialAction\":[{\"@type\":\"ReadAction\",\"target\":[\"https:\/\/www.yanmar.com\/marine\/fi\/tietoa-meista\/laatuselvitys\/\"]}]},{\"@type\":\"ImageObject\",\"inLanguage\":\"en-US\",\"@id\":\"https:\/\/www.yanmar.com\/marine\/fi\/tietoa-meista\/laatuselvitys\/#primaryimage\",\"url\":\"https:\/\/origin-ymi.yanmar.com\/marine\/wp-content\/uploads\/2022\/12\/ISO-9001-2015-RGB-768x825-1-279x300.jpg\",\"contentUrl\":\"https:\/\/origin-ymi.yanmar.com\/marine\/wp-content\/uploads\/2022\/12\/ISO-9001-2015-RGB-768x825-1-279x300.jpg\"},{\"@type\":\"BreadcrumbList\",\"@id\":\"https:\/\/www.yanmar.com\/marine\/fi\/tietoa-meista\/laatuselvitys\/#breadcrumb\",\"itemListElement\":[{\"@type\":\"ListItem\",\"position\":1,\"name\":\"Yanmar Marine\",\"item\":\"https:\/\/origin-ymi.yanmar.com\/marine\/\"},{\"@type\":\"ListItem\",\"position\":2,\"name\":\"Tietoa meist\u00e4\",\"item\":\"https:\/\/origin-ymi.yanmar.com\/marine\/tietoa-meista\/\"},{\"@type\":\"ListItem\",\"position\":3,\"name\":\"Laatuselvitys\"}]},{\"@type\":\"WebSite\",\"@id\":\"https:\/\/origin-ymi.yanmar.com\/marine\/#website\",\"url\":\"https:\/\/origin-ymi.yanmar.com\/marine\/\",\"name\":\"YANMAR Marine International\",\"description\":\"Proven Marine Technology\",\"publisher\":{\"@id\":\"https:\/\/origin-ymi.yanmar.com\/marine\/#organization\"},\"potentialAction\":[{\"@type\":\"SearchAction\",\"target\":{\"@type\":\"EntryPoint\",\"urlTemplate\":\"https:\/\/origin-ymi.yanmar.com\/marine\/?s={search_term_string}\"},\"query-input\":{\"@type\":\"PropertyValueSpecification\",\"valueRequired\":true,\"valueName\":\"search_term_string\"}}],\"inLanguage\":\"en-US\"},{\"@type\":\"Organization\",\"@id\":\"https:\/\/origin-ymi.yanmar.com\/marine\/#organization\",\"name\":\"YANMAR Marine International\",\"url\":\"https:\/\/origin-ymi.yanmar.com\/marine\/\",\"logo\":{\"@type\":\"ImageObject\",\"inLanguage\":\"en-US\",\"@id\":\"https:\/\/origin-ymi.yanmar.com\/marine\/#\/schema\/logo\/image\/\",\"url\":\"https:\/\/origin-ymi.yanmar.com\/marine\/wp-content\/uploads\/2020\/03\/YANMAR-Brand-Logotype2.png\",\"contentUrl\":\"https:\/\/origin-ymi.yanmar.com\/marine\/wp-content\/uploads\/2020\/03\/YANMAR-Brand-Logotype2.png\",\"width\":842,\"height\":168,\"caption\":\"YANMAR Marine International\"},\"image\":{\"@id\":\"https:\/\/origin-ymi.yanmar.com\/marine\/#\/schema\/logo\/image\/\"}}]}<\/script>\n<!-- \/ Yoast SEO Premium plugin. -->","yoast_head_json":{"title":"YANMAR Laatuselvitys - YANMAR Marine International","description":"Luota alan johtavaan YANMARiin ja maailmanlaajuiseen huoltoverkostoomme, jonka tukena on YANMAR Marinen vankka takuu ja alan laajin huoltoverkosto.","robots":{"index":"index","follow":"follow","max-snippet":"max-snippet:-1","max-image-preview":"max-image-preview:large","max-video-preview":"max-video-preview:-1"},"canonical":"https:\/\/www.yanmar.com\/marine\/tietoa-meista\/laatuselvitys\/","og_locale":"en_US","og_type":"article","og_title":"Laatuselvitys","og_description":"Luota alan johtavaan YANMARiin ja maailmanlaajuiseen huoltoverkostoomme, jonka tukena on YANMAR Marinen vankka takuu ja alan laajin huoltoverkosto.","og_url":"https:\/\/www.yanmar.com\/marine\/fi\/tietoa-meista\/laatuselvitys\/","og_site_name":"YANMAR Marine International","article_modified_time":"2025-02-10T09:47:09+00:00","og_image":[{"width":768,"height":825,"url":"https:\/\/www.yanmar.com\/marine\/wp-content\/uploads\/2022\/12\/ISO-9001-2015-RGB-768x825-1.jpg","type":"image\/jpeg"}],"twitter_card":"summary_large_image","twitter_misc":{"Est. reading time":"1 minute"},"schema":{"@context":"https:\/\/schema.org","@graph":[{"@type":"WebPage","@id":"https:\/\/www.yanmar.com\/marine\/fi\/tietoa-meista\/laatuselvitys\/","url":"https:\/\/www.yanmar.com\/marine\/fi\/tietoa-meista\/laatuselvitys\/","name":"YANMAR Laatuselvitys - YANMAR Marine International","isPartOf":{"@id":"https:\/\/origin-ymi.yanmar.com\/marine\/#website"},"primaryImageOfPage":{"@id":"https:\/\/www.yanmar.com\/marine\/fi\/tietoa-meista\/laatuselvitys\/#primaryimage"},"image":{"@id":"https:\/\/www.yanmar.com\/marine\/fi\/tietoa-meista\/laatuselvitys\/#primaryimage"},"thumbnailUrl":"https:\/\/origin-ymi.yanmar.com\/marine\/wp-content\/uploads\/2022\/12\/ISO-9001-2015-RGB-768x825-1-279x300.jpg","datePublished":"2024-07-26T19:52:10+00:00","dateModified":"2025-02-10T09:47:09+00:00","description":"Luota alan johtavaan YANMARiin ja maailmanlaajuiseen huoltoverkostoomme, jonka tukena on YANMAR Marinen vankka takuu ja alan laajin huoltoverkosto.","breadcrumb":{"@id":"https:\/\/www.yanmar.com\/marine\/fi\/tietoa-meista\/laatuselvitys\/#breadcrumb"},"inLanguage":"en-US","potentialAction":[{"@type":"ReadAction","target":["https:\/\/www.yanmar.com\/marine\/fi\/tietoa-meista\/laatuselvitys\/"]}]},{"@type":"ImageObject","inLanguage":"en-US","@id":"https:\/\/www.yanmar.com\/marine\/fi\/tietoa-meista\/laatuselvitys\/#primaryimage","url":"https:\/\/origin-ymi.yanmar.com\/marine\/wp-content\/uploads\/2022\/12\/ISO-9001-2015-RGB-768x825-1-279x300.jpg","contentUrl":"https:\/\/origin-ymi.yanmar.com\/marine\/wp-content\/uploads\/2022\/12\/ISO-9001-2015-RGB-768x825-1-279x300.jpg"},{"@type":"BreadcrumbList","@id":"https:\/\/www.yanmar.com\/marine\/fi\/tietoa-meista\/laatuselvitys\/#breadcrumb","itemListElement":[{"@type":"ListItem","position":1,"name":"Yanmar Marine","item":"https:\/\/origin-ymi.yanmar.com\/marine\/"},{"@type":"ListItem","position":2,"name":"Tietoa meist\u00e4","item":"https:\/\/origin-ymi.yanmar.com\/marine\/tietoa-meista\/"},{"@type":"ListItem","position":3,"name":"Laatuselvitys"}]},{"@type":"WebSite","@id":"https:\/\/origin-ymi.yanmar.com\/marine\/#website","url":"https:\/\/origin-ymi.yanmar.com\/marine\/","name":"YANMAR Marine International","description":"Proven Marine Technology","publisher":{"@id":"https:\/\/origin-ymi.yanmar.com\/marine\/#organization"},"potentialAction":[{"@type":"SearchAction","target":{"@type":"EntryPoint","urlTemplate":"https:\/\/origin-ymi.yanmar.com\/marine\/?s={search_term_string}"},"query-input":{"@type":"PropertyValueSpecification","valueRequired":true,"valueName":"search_term_string"}}],"inLanguage":"en-US"},{"@type":"Organization","@id":"https:\/\/origin-ymi.yanmar.com\/marine\/#organization","name":"YANMAR Marine International","url":"https:\/\/origin-ymi.yanmar.com\/marine\/","logo":{"@type":"ImageObject","inLanguage":"en-US","@id":"https:\/\/origin-ymi.yanmar.com\/marine\/#\/schema\/logo\/image\/","url":"https:\/\/origin-ymi.yanmar.com\/marine\/wp-content\/uploads\/2020\/03\/YANMAR-Brand-Logotype2.png","contentUrl":"https:\/\/origin-ymi.yanmar.com\/marine\/wp-content\/uploads\/2020\/03\/YANMAR-Brand-Logotype2.png","width":842,"height":168,"caption":"YANMAR Marine International"},"image":{"@id":"https:\/\/origin-ymi.yanmar.com\/marine\/#\/schema\/logo\/image\/"}}]}},"_links":{"self":[{"href":"https:\/\/www.yanmar.com\/marine\/wp-json\/wp\/v2\/pages\/43011","targetHints":{"allow":["GET"]}}],"collection":[{"href":"https:\/\/www.yanmar.com\/marine\/wp-json\/wp\/v2\/pages"}],"about":[{"href":"https:\/\/www.yanmar.com\/marine\/wp-json\/wp\/v2\/types\/page"}],"author":[{"embeddable":true,"href":"https:\/\/www.yanmar.com\/marine\/wp-json\/wp\/v2\/users\/24"}],"replies":[{"embeddable":true,"href":"https:\/\/www.yanmar.com\/marine\/wp-json\/wp\/v2\/comments?post=43011"}],"version-history":[{"count":8,"href":"https:\/\/www.yanmar.com\/marine\/wp-json\/wp\/v2\/pages\/43011\/revisions"}],"predecessor-version":[{"id":44240,"href":"https:\/\/www.yanmar.com\/marine\/wp-json\/wp\/v2\/pages\/43011\/revisions\/44240"}],"up":[{"embeddable":true,"href":"https:\/\/www.yanmar.com\/marine\/wp-json\/wp\/v2\/pages\/46777"}],"wp:attachment":[{"href":"https:\/\/www.yanmar.com\/marine\/wp-json\/wp\/v2\/media?parent=43011"}],"wp:term":[{"taxonomy":"post_tag","embeddable":true,"href":"https:\/\/www.yanmar.com\/marine\/wp-json\/wp\/v2\/tags?post=43011"}],"curies":[{"name":"wp","href":"https:\/\/api.w.org\/{rel}","templated":true}]}}