{"id":43013,"date":"2024-07-26T19:52:10","date_gmt":"2024-07-26T19:52:10","guid":{"rendered":"https:\/\/www.yanmar.com\/marine\/kvalitetsdeklaration\/"},"modified":"2025-01-14T12:13:38","modified_gmt":"2025-01-14T12:13:38","slug":"kvalitetsdeklaration","status":"publish","type":"page","link":"https:\/\/www.yanmar.com\/marine\/sv\/om-oss\/kvalitetsdeklaration\/","title":{"rendered":"Kvalitetsdeklaration"},"content":{"rendered":"\n<div style=\"height:auto\" aria-hidden=\"true\" class=\"wp-block-spacer is-style-small\"><\/div>\n\n<div class=\"wp-block-group\"><div class=\"wp-block-group__inner-container is-layout-constrained wp-block-group-is-layout-constrained\">\n<h6 class=\"wp-block-heading has-text-align-center has-primary-color has-text-color has-link-color wp-elements-4fd10a9926e78546dbab73743ae7ce77\">YANMAR KVALITET<\/h6>\n\n\n\n<h1 class=\"wp-block-heading has-text-align-center\">YANMAR Kvalitetsdeklaration<\/h1>\n\n\n\n<div class=\"wp-block-columns is-layout-flex wp-container-core-columns-is-layout-9d6595d7 wp-block-columns-is-layout-flex\">\n<div class=\"wp-block-column is-layout-flow wp-block-column-is-layout-flow\"><\/div>\n\n\n\n<div class=\"wp-block-column is-layout-flow wp-block-column-is-layout-flow\" style=\"flex-basis:940px\">\n<p class=\"has-text-align-left\">P\u00e5 Yanmar \u00e4r kvalitet grundl\u00e4ggande f\u00f6r organisationens fortsatta framg\u00e5ng. Det omfattar nyckelomr\u00e5dena kontinuerlig f\u00f6rb\u00e4ttring, prestationsorientering och kundfokuserade l\u00f6sningar, byggda p\u00e5 l\u00e5ngsiktiga relationer. F\u00f6r att n\u00e5 dessa m\u00e5l arbetar vi enligt den internationella standarden f\u00f6r kvalitet som heter: ISO 9001.  <\/p>\n\n\n\n<div style=\"height:auto\" aria-hidden=\"true\" class=\"wp-block-spacer\"><\/div>\n\n\n\n<p>Yanmar Europe B.V.\/ Yanmar Marine International B.V.\/ Yanmar Benelux B.V.-verksamheten i Almere har certifierats enligt ISO 9001. Vi anv\u00e4nder ett kvalitetsledningssystem som omfattar de totala aktiviteter och processer som kr\u00e4vs f\u00f6r att uppfylla kundernas f\u00f6rv\u00e4ntningar p\u00e5 produkter och service i v\u00e4rldsklass. Detta system omfattar produktion och den \u00f6vergripande organisationen inklusive ekonomi och redovisning, applikationsteknik, f\u00f6rs\u00e4ljning, eftermarknad och andra aktiviteter som p\u00e5verkar den slutliga leveransen och det l\u00e5ngsiktiga servicest\u00f6det fr\u00e5n Yanmar.  <\/p>\n\n\n\n<p>Ovanst\u00e5ende kvalitetsuttalande g\u00e4ller f\u00f6r Yanmar Europe B.V. \/ Yanmar Marine International B.V. \/ Yanmar Benelux B.V. verksamhet i Almere.  <\/p>\n\n\n\n<p>Yanmar Europe B.V.\/ Yanmar Marine International B.V.\/ Yanmar Benelux B.V.s verksamhet i Almere har certifierats enligt ISO 9001 av Lloyd&#8217;s Register Quality Assurance, Rotterdam, Nederl\u00e4nderna.<\/p>\n\n\n<div class=\"wp-block-image\">\n<figure class=\"alignleft size-medium\"><img decoding=\"async\" width=\"279\" height=\"300\" src=\"https:\/\/www.yanmar.com\/marine\/wp-content\/uploads\/2022\/12\/ISO-9001-2015-RGB-768x825-1-279x300.jpg\" alt=\"\" class=\"wp-image-34445\" srcset=\"https:\/\/www.yanmar.com\/marine\/wp-content\/uploads\/2022\/12\/ISO-9001-2015-RGB-768x825-1-279x300.jpg 279w, https:\/\/www.yanmar.com\/marine\/wp-content\/uploads\/2022\/12\/ISO-9001-2015-RGB-768x825-1.jpg 768w\" sizes=\"(max-width: 279px) 100vw, 279px\" \/><\/figure>\n<\/div><\/div>\n\n\n\n<div class=\"wp-block-column is-layout-flow wp-block-column-is-layout-flow\"><\/div>\n<\/div>\n<\/div><\/div>\n\n<div style=\"height:auto\" aria-hidden=\"true\" class=\"wp-block-spacer is-style-medium\"><\/div>\n","protected":false},"excerpt":{"rendered":"<p>YANMAR KVALITET YANMAR Kvalitetsdeklaration P\u00e5 Yanmar \u00e4r kvalitet grundl\u00e4ggande f\u00f6r organisationens fortsatta framg\u00e5ng. Det omfattar nyckelomr\u00e5dena kontinuerlig f\u00f6rb\u00e4ttring, prestationsorientering och [&hellip;]<\/p>\n","protected":false},"author":24,"featured_media":0,"parent":45611,"menu_order":0,"comment_status":"closed","ping_status":"closed","template":"","meta":{"_acf_changed":false,"footnotes":""},"tags":[534,535,536,533],"class_list":["post-43013","page","type-page","status-publish","hentry","tag-iso-sv","tag-iso9001-sv","tag-kvalitetsdeklaration","tag-yanmar-kvalitet-sv"],"acf":[],"yoast_head":"<!-- This site is optimized with the Yoast SEO Premium plugin v27.2 (Yoast SEO v27.2) - https:\/\/yoast.com\/product\/yoast-seo-premium-wordpress\/ -->\n<title>YANMAR Kvalitetsdeklaration - YANMAR Marine International<\/title>\n<meta name=\"description\" content=\"Lita p\u00e5 branschledaren YANMAR och v\u00e5rt globala servicen\u00e4tverk, som backas upp av en robust garanti fr\u00e5n YANMAR Marine och branschens st\u00f6rsta servicen\u00e4tverk\" \/>\n<meta name=\"robots\" content=\"index, follow, max-snippet:-1, max-image-preview:large, max-video-preview:-1\" \/>\n<link rel=\"canonical\" href=\"https:\/\/www.yanmar.com\/marine\/om-oss\/kvalitetsdeklaration\/\" \/>\n<meta property=\"og:locale\" content=\"en_US\" \/>\n<meta property=\"og:type\" content=\"article\" \/>\n<meta property=\"og:title\" content=\"Kvalitetsdeklaration\" \/>\n<meta property=\"og:description\" content=\"Lita p\u00e5 branschledaren YANMAR och v\u00e5rt globala servicen\u00e4tverk, som backas upp av en robust garanti fr\u00e5n YANMAR Marine och branschens st\u00f6rsta servicen\u00e4tverk\" \/>\n<meta property=\"og:url\" content=\"https:\/\/www.yanmar.com\/marine\/sv\/om-oss\/kvalitetsdeklaration\/\" \/>\n<meta property=\"og:site_name\" content=\"YANMAR Marine International\" \/>\n<meta property=\"article:modified_time\" content=\"2025-01-14T12:13:38+00:00\" \/>\n<meta property=\"og:image\" content=\"https:\/\/origin-ymi.yanmar.com\/marine\/wp-content\/uploads\/2022\/12\/ISO-9001-2015-RGB-768x825-1-279x300.jpg\" \/>\n<meta name=\"twitter:card\" content=\"summary_large_image\" \/>\n<meta name=\"twitter:label1\" content=\"Est. reading time\" \/>\n\t<meta name=\"twitter:data1\" content=\"1 minute\" \/>\n<script type=\"application\/ld+json\" class=\"yoast-schema-graph\">{\"@context\":\"https:\/\/schema.org\",\"@graph\":[{\"@type\":\"WebPage\",\"@id\":\"https:\/\/www.yanmar.com\/marine\/sv\/om-oss\/kvalitetsdeklaration\/\",\"url\":\"https:\/\/www.yanmar.com\/marine\/sv\/om-oss\/kvalitetsdeklaration\/\",\"name\":\"YANMAR Kvalitetsdeklaration - YANMAR Marine International\",\"isPartOf\":{\"@id\":\"https:\/\/origin-ymi.yanmar.com\/marine\/#website\"},\"primaryImageOfPage\":{\"@id\":\"https:\/\/www.yanmar.com\/marine\/sv\/om-oss\/kvalitetsdeklaration\/#primaryimage\"},\"image\":{\"@id\":\"https:\/\/www.yanmar.com\/marine\/sv\/om-oss\/kvalitetsdeklaration\/#primaryimage\"},\"thumbnailUrl\":\"https:\/\/origin-ymi.yanmar.com\/marine\/wp-content\/uploads\/2022\/12\/ISO-9001-2015-RGB-768x825-1-279x300.jpg\",\"datePublished\":\"2024-07-26T19:52:10+00:00\",\"dateModified\":\"2025-01-14T12:13:38+00:00\",\"description\":\"Lita p\u00e5 branschledaren YANMAR och v\u00e5rt globala servicen\u00e4tverk, som backas upp av en robust garanti fr\u00e5n YANMAR Marine och branschens st\u00f6rsta servicen\u00e4tverk\",\"breadcrumb\":{\"@id\":\"https:\/\/www.yanmar.com\/marine\/sv\/om-oss\/kvalitetsdeklaration\/#breadcrumb\"},\"inLanguage\":\"en-US\",\"potentialAction\":[{\"@type\":\"ReadAction\",\"target\":[\"https:\/\/www.yanmar.com\/marine\/sv\/om-oss\/kvalitetsdeklaration\/\"]}]},{\"@type\":\"ImageObject\",\"inLanguage\":\"en-US\",\"@id\":\"https:\/\/www.yanmar.com\/marine\/sv\/om-oss\/kvalitetsdeklaration\/#primaryimage\",\"url\":\"https:\/\/origin-ymi.yanmar.com\/marine\/wp-content\/uploads\/2022\/12\/ISO-9001-2015-RGB-768x825-1-279x300.jpg\",\"contentUrl\":\"https:\/\/origin-ymi.yanmar.com\/marine\/wp-content\/uploads\/2022\/12\/ISO-9001-2015-RGB-768x825-1-279x300.jpg\"},{\"@type\":\"BreadcrumbList\",\"@id\":\"https:\/\/www.yanmar.com\/marine\/sv\/om-oss\/kvalitetsdeklaration\/#breadcrumb\",\"itemListElement\":[{\"@type\":\"ListItem\",\"position\":1,\"name\":\"Yanmar Marine\",\"item\":\"https:\/\/origin-ymi.yanmar.com\/marine\/\"},{\"@type\":\"ListItem\",\"position\":2,\"name\":\"Om oss\",\"item\":\"https:\/\/www.yanmar.com\/marine\/om-oss\/\"},{\"@type\":\"ListItem\",\"position\":3,\"name\":\"Kvalitetsdeklaration\"}]},{\"@type\":\"WebSite\",\"@id\":\"https:\/\/origin-ymi.yanmar.com\/marine\/#website\",\"url\":\"https:\/\/origin-ymi.yanmar.com\/marine\/\",\"name\":\"YANMAR Marine International\",\"description\":\"Proven Marine Technology\",\"publisher\":{\"@id\":\"https:\/\/origin-ymi.yanmar.com\/marine\/#organization\"},\"potentialAction\":[{\"@type\":\"SearchAction\",\"target\":{\"@type\":\"EntryPoint\",\"urlTemplate\":\"https:\/\/origin-ymi.yanmar.com\/marine\/?s={search_term_string}\"},\"query-input\":{\"@type\":\"PropertyValueSpecification\",\"valueRequired\":true,\"valueName\":\"search_term_string\"}}],\"inLanguage\":\"en-US\"},{\"@type\":\"Organization\",\"@id\":\"https:\/\/origin-ymi.yanmar.com\/marine\/#organization\",\"name\":\"YANMAR Marine International\",\"url\":\"https:\/\/origin-ymi.yanmar.com\/marine\/\",\"logo\":{\"@type\":\"ImageObject\",\"inLanguage\":\"en-US\",\"@id\":\"https:\/\/origin-ymi.yanmar.com\/marine\/#\/schema\/logo\/image\/\",\"url\":\"https:\/\/origin-ymi.yanmar.com\/marine\/wp-content\/uploads\/2020\/03\/YANMAR-Brand-Logotype2.png\",\"contentUrl\":\"https:\/\/origin-ymi.yanmar.com\/marine\/wp-content\/uploads\/2020\/03\/YANMAR-Brand-Logotype2.png\",\"width\":842,\"height\":168,\"caption\":\"YANMAR Marine International\"},\"image\":{\"@id\":\"https:\/\/origin-ymi.yanmar.com\/marine\/#\/schema\/logo\/image\/\"}}]}<\/script>\n<!-- \/ Yoast SEO Premium plugin. -->","yoast_head_json":{"title":"YANMAR Kvalitetsdeklaration - YANMAR Marine International","description":"Lita p\u00e5 branschledaren YANMAR och v\u00e5rt globala servicen\u00e4tverk, som backas upp av en robust garanti fr\u00e5n YANMAR Marine och branschens st\u00f6rsta servicen\u00e4tverk","robots":{"index":"index","follow":"follow","max-snippet":"max-snippet:-1","max-image-preview":"max-image-preview:large","max-video-preview":"max-video-preview:-1"},"canonical":"https:\/\/www.yanmar.com\/marine\/om-oss\/kvalitetsdeklaration\/","og_locale":"en_US","og_type":"article","og_title":"Kvalitetsdeklaration","og_description":"Lita p\u00e5 branschledaren YANMAR och v\u00e5rt globala servicen\u00e4tverk, som backas upp av en robust garanti fr\u00e5n YANMAR Marine och branschens st\u00f6rsta servicen\u00e4tverk","og_url":"https:\/\/www.yanmar.com\/marine\/sv\/om-oss\/kvalitetsdeklaration\/","og_site_name":"YANMAR Marine International","article_modified_time":"2025-01-14T12:13:38+00:00","og_image":[{"url":"https:\/\/origin-ymi.yanmar.com\/marine\/wp-content\/uploads\/2022\/12\/ISO-9001-2015-RGB-768x825-1-279x300.jpg","type":"","width":"","height":""}],"twitter_card":"summary_large_image","twitter_misc":{"Est. reading time":"1 minute"},"schema":{"@context":"https:\/\/schema.org","@graph":[{"@type":"WebPage","@id":"https:\/\/www.yanmar.com\/marine\/sv\/om-oss\/kvalitetsdeklaration\/","url":"https:\/\/www.yanmar.com\/marine\/sv\/om-oss\/kvalitetsdeklaration\/","name":"YANMAR Kvalitetsdeklaration - YANMAR Marine International","isPartOf":{"@id":"https:\/\/origin-ymi.yanmar.com\/marine\/#website"},"primaryImageOfPage":{"@id":"https:\/\/www.yanmar.com\/marine\/sv\/om-oss\/kvalitetsdeklaration\/#primaryimage"},"image":{"@id":"https:\/\/www.yanmar.com\/marine\/sv\/om-oss\/kvalitetsdeklaration\/#primaryimage"},"thumbnailUrl":"https:\/\/origin-ymi.yanmar.com\/marine\/wp-content\/uploads\/2022\/12\/ISO-9001-2015-RGB-768x825-1-279x300.jpg","datePublished":"2024-07-26T19:52:10+00:00","dateModified":"2025-01-14T12:13:38+00:00","description":"Lita p\u00e5 branschledaren YANMAR och v\u00e5rt globala servicen\u00e4tverk, som backas upp av en robust garanti fr\u00e5n YANMAR Marine och branschens st\u00f6rsta servicen\u00e4tverk","breadcrumb":{"@id":"https:\/\/www.yanmar.com\/marine\/sv\/om-oss\/kvalitetsdeklaration\/#breadcrumb"},"inLanguage":"en-US","potentialAction":[{"@type":"ReadAction","target":["https:\/\/www.yanmar.com\/marine\/sv\/om-oss\/kvalitetsdeklaration\/"]}]},{"@type":"ImageObject","inLanguage":"en-US","@id":"https:\/\/www.yanmar.com\/marine\/sv\/om-oss\/kvalitetsdeklaration\/#primaryimage","url":"https:\/\/origin-ymi.yanmar.com\/marine\/wp-content\/uploads\/2022\/12\/ISO-9001-2015-RGB-768x825-1-279x300.jpg","contentUrl":"https:\/\/origin-ymi.yanmar.com\/marine\/wp-content\/uploads\/2022\/12\/ISO-9001-2015-RGB-768x825-1-279x300.jpg"},{"@type":"BreadcrumbList","@id":"https:\/\/www.yanmar.com\/marine\/sv\/om-oss\/kvalitetsdeklaration\/#breadcrumb","itemListElement":[{"@type":"ListItem","position":1,"name":"Yanmar Marine","item":"https:\/\/origin-ymi.yanmar.com\/marine\/"},{"@type":"ListItem","position":2,"name":"Om oss","item":"https:\/\/www.yanmar.com\/marine\/om-oss\/"},{"@type":"ListItem","position":3,"name":"Kvalitetsdeklaration"}]},{"@type":"WebSite","@id":"https:\/\/origin-ymi.yanmar.com\/marine\/#website","url":"https:\/\/origin-ymi.yanmar.com\/marine\/","name":"YANMAR Marine International","description":"Proven Marine Technology","publisher":{"@id":"https:\/\/origin-ymi.yanmar.com\/marine\/#organization"},"potentialAction":[{"@type":"SearchAction","target":{"@type":"EntryPoint","urlTemplate":"https:\/\/origin-ymi.yanmar.com\/marine\/?s={search_term_string}"},"query-input":{"@type":"PropertyValueSpecification","valueRequired":true,"valueName":"search_term_string"}}],"inLanguage":"en-US"},{"@type":"Organization","@id":"https:\/\/origin-ymi.yanmar.com\/marine\/#organization","name":"YANMAR Marine International","url":"https:\/\/origin-ymi.yanmar.com\/marine\/","logo":{"@type":"ImageObject","inLanguage":"en-US","@id":"https:\/\/origin-ymi.yanmar.com\/marine\/#\/schema\/logo\/image\/","url":"https:\/\/origin-ymi.yanmar.com\/marine\/wp-content\/uploads\/2020\/03\/YANMAR-Brand-Logotype2.png","contentUrl":"https:\/\/origin-ymi.yanmar.com\/marine\/wp-content\/uploads\/2020\/03\/YANMAR-Brand-Logotype2.png","width":842,"height":168,"caption":"YANMAR Marine International"},"image":{"@id":"https:\/\/origin-ymi.yanmar.com\/marine\/#\/schema\/logo\/image\/"}}]}},"_links":{"self":[{"href":"https:\/\/www.yanmar.com\/marine\/wp-json\/wp\/v2\/pages\/43013","targetHints":{"allow":["GET"]}}],"collection":[{"href":"https:\/\/www.yanmar.com\/marine\/wp-json\/wp\/v2\/pages"}],"about":[{"href":"https:\/\/www.yanmar.com\/marine\/wp-json\/wp\/v2\/types\/page"}],"author":[{"embeddable":true,"href":"https:\/\/www.yanmar.com\/marine\/wp-json\/wp\/v2\/users\/24"}],"replies":[{"embeddable":true,"href":"https:\/\/www.yanmar.com\/marine\/wp-json\/wp\/v2\/comments?post=43013"}],"version-history":[{"count":2,"href":"https:\/\/www.yanmar.com\/marine\/wp-json\/wp\/v2\/pages\/43013\/revisions"}],"predecessor-version":[{"id":44454,"href":"https:\/\/www.yanmar.com\/marine\/wp-json\/wp\/v2\/pages\/43013\/revisions\/44454"}],"up":[{"embeddable":true,"href":"https:\/\/www.yanmar.com\/marine\/wp-json\/wp\/v2\/pages\/45611"}],"wp:attachment":[{"href":"https:\/\/www.yanmar.com\/marine\/wp-json\/wp\/v2\/media?parent=43013"}],"wp:term":[{"taxonomy":"post_tag","embeddable":true,"href":"https:\/\/www.yanmar.com\/marine\/wp-json\/wp\/v2\/tags?post=43013"}],"curies":[{"name":"wp","href":"https:\/\/api.w.org\/{rel}","templated":true}]}}