{"id":43017,"date":"2024-07-26T19:52:10","date_gmt":"2024-07-26T19:52:10","guid":{"rendered":"https:\/\/www.yanmar.com\/marine\/a-propos-de-nous\/declaration-de-qualite\/"},"modified":"2024-12-16T16:06:28","modified_gmt":"2024-12-16T16:06:28","slug":"declaration-de-qualite","status":"publish","type":"page","link":"https:\/\/www.yanmar.com\/marine\/fr\/a-propos-de-nous\/declaration-de-qualite\/","title":{"rendered":"D\u00e9claration de qualit\u00e9"},"content":{"rendered":"\n<div style=\"height:auto\" aria-hidden=\"true\" class=\"wp-block-spacer is-style-small\"><\/div>\n\n<div class=\"wp-block-group\"><div class=\"wp-block-group__inner-container is-layout-constrained wp-block-group-is-layout-constrained\">\n<h6 class=\"wp-block-heading has-text-align-center has-primary-color has-text-color has-link-color wp-elements-aef8429b82856f7fca0dc9e67b6ebd38\">QUALIT\u00c9 YANMAR<\/h6>\n\n\n\n<h1 class=\"wp-block-heading has-text-align-center\">D\u00e9claration de qualit\u00e9 YANMAR<\/h1>\n\n\n\n<div class=\"wp-block-columns is-layout-flex wp-container-core-columns-is-layout-9d6595d7 wp-block-columns-is-layout-flex\">\n<div class=\"wp-block-column is-layout-flow wp-block-column-is-layout-flow\"><\/div>\n\n\n\n<div class=\"wp-block-column is-layout-flow wp-block-column-is-layout-flow\" style=\"flex-basis:940px\">\n<p class=\"has-text-align-left\">Chez Yanmar, la qualit\u00e9 est essentielle au succ\u00e8s de l&#8217;organisation. Elle englobe les domaines cl\u00e9s de l&#8217;am\u00e9lioration continue, de l&#8217;orientation vers la performance et des solutions ax\u00e9es sur le client, fond\u00e9es sur des relations \u00e0 long terme. Pour atteindre ces objectifs, nous travaillons selon la norme internationale de qualit\u00e9 appel\u00e9e : ISO 9001.  <\/p>\n\n\n\n<div style=\"height:auto\" aria-hidden=\"true\" class=\"wp-block-spacer\"><\/div>\n\n\n\n<p>Les activit\u00e9s de Yanmar Europe B.V.\/ Yanmar Marine International B.V.\/ Yanmar Benelux B.V. \u00e0 Almere ont \u00e9t\u00e9 certifi\u00e9es ISO 9001. Nous utilisons un syst\u00e8me de gestion de la qualit\u00e9 qui couvre l&#8217;ensemble des activit\u00e9s et des processus n\u00e9cessaires pour r\u00e9pondre aux attentes des clients en mati\u00e8re de produits et de services de classe mondiale. Ce syst\u00e8me couvre la production et l&#8217;organisation g\u00e9n\u00e9rale, y compris les finances et la comptabilit\u00e9, l&#8217;ing\u00e9nierie d&#8217;application, les ventes, le service apr\u00e8s-vente et d&#8217;autres activit\u00e9s qui affectent la livraison finale et le service de soutien \u00e0 long terme de Yanmar.  <\/p>\n\n\n\n<p>La d\u00e9claration de qualit\u00e9 susmentionn\u00e9e est valable pour Yanmar Europe B.V. \/ Yanmar Marine International B.V. \/ Yanmar Marine International B.V. \/ Yanmar Benelux B.V. \u00e0 Almere.  <\/p>\n\n\n\n<p>Les activit\u00e9s de Yanmar Europe B.V.\/ Yanmar Marine International B.V.\/ Yanmar Benelux B.V. \u00e0 Almere ont \u00e9t\u00e9 certifi\u00e9es ISO 9001 par Lloyd&#8217;s Register Quality Assurance, Rotterdam, Pays-Bas.<\/p>\n\n\n<div class=\"wp-block-image\">\n<figure class=\"alignleft size-medium\"><img decoding=\"async\" width=\"279\" height=\"300\" src=\"https:\/\/www.yanmar.com\/marine\/wp-content\/uploads\/2022\/12\/ISO-9001-2015-RGB-768x825-1-279x300.jpg\" alt=\"\" class=\"wp-image-34445\" srcset=\"https:\/\/www.yanmar.com\/marine\/wp-content\/uploads\/2022\/12\/ISO-9001-2015-RGB-768x825-1-279x300.jpg 279w, https:\/\/www.yanmar.com\/marine\/wp-content\/uploads\/2022\/12\/ISO-9001-2015-RGB-768x825-1.jpg 768w\" sizes=\"(max-width: 279px) 100vw, 279px\" \/><\/figure>\n<\/div><\/div>\n\n\n\n<div class=\"wp-block-column is-layout-flow wp-block-column-is-layout-flow\"><\/div>\n<\/div>\n<\/div><\/div>\n\n<div style=\"height:auto\" aria-hidden=\"true\" class=\"wp-block-spacer is-style-medium\"><\/div>\n","protected":false},"excerpt":{"rendered":"<p>QUALIT\u00c9 YANMAR D\u00e9claration de qualit\u00e9 YANMAR Chez Yanmar, la qualit\u00e9 est essentielle au succ\u00e8s de l&#8217;organisation. Elle englobe les domaines [&hellip;]<\/p>\n","protected":false},"author":24,"featured_media":0,"parent":32734,"menu_order":0,"comment_status":"closed","ping_status":"closed","template":"","meta":{"_acf_changed":false,"footnotes":""},"tags":[544,542,543,541],"class_list":["post-43017","page","type-page","status-publish","hentry","tag-declaration-de-qualite","tag-iso-fr","tag-iso9001-fr","tag-qualite-yanmar"],"acf":[],"yoast_head":"<!-- This site is optimized with the Yoast SEO Premium plugin v27.2 (Yoast SEO v27.2) - https:\/\/yoast.com\/product\/yoast-seo-premium-wordpress\/ -->\n<title>YANMAR D\u00e9claration de qualit\u00e9 - YANMAR Marine International<\/title>\n<meta name=\"description\" content=\"Faites confiance au leader de l&#039;industrie, YANMAR, et \u00e0 notre r\u00e9seau de service mondial, soutenu par une garantie robuste de YANMAR Marine et par le plus grand r\u00e9seau de service de l&#039;industrie.\" \/>\n<meta name=\"robots\" content=\"index, follow, max-snippet:-1, max-image-preview:large, max-video-preview:-1\" \/>\n<link rel=\"canonical\" href=\"https:\/\/www.yanmar.com\/marine\/a-propos-de-nous\/declaration-de-qualite\/\" \/>\n<meta property=\"og:locale\" content=\"en_US\" \/>\n<meta property=\"og:type\" content=\"article\" \/>\n<meta property=\"og:title\" content=\"D\u00e9claration de qualit\u00e9\" \/>\n<meta property=\"og:description\" content=\"Faites confiance au leader de l&#039;industrie, YANMAR, et \u00e0 notre r\u00e9seau de service mondial, soutenu par une garantie robuste de YANMAR Marine et par le plus grand r\u00e9seau de service de l&#039;industrie.\" \/>\n<meta property=\"og:url\" content=\"https:\/\/www.yanmar.com\/marine\/fr\/a-propos-de-nous\/declaration-de-qualite\/\" \/>\n<meta property=\"og:site_name\" content=\"YANMAR Marine International\" \/>\n<meta property=\"article:modified_time\" content=\"2024-12-16T16:06:28+00:00\" \/>\n<meta property=\"og:image\" content=\"https:\/\/origin-ymi.yanmar.com\/marine\/wp-content\/uploads\/2022\/12\/ISO-9001-2015-RGB-768x825-1-279x300.jpg\" \/>\n<meta name=\"twitter:card\" content=\"summary_large_image\" \/>\n<meta name=\"twitter:label1\" content=\"Est. reading time\" \/>\n\t<meta name=\"twitter:data1\" content=\"1 minute\" \/>\n<script type=\"application\/ld+json\" class=\"yoast-schema-graph\">{\"@context\":\"https:\/\/schema.org\",\"@graph\":[{\"@type\":\"WebPage\",\"@id\":\"https:\/\/www.yanmar.com\/marine\/fr\/a-propos-de-nous\/declaration-de-qualite\/\",\"url\":\"https:\/\/www.yanmar.com\/marine\/fr\/a-propos-de-nous\/declaration-de-qualite\/\",\"name\":\"YANMAR D\u00e9claration de qualit\u00e9 - YANMAR Marine International\",\"isPartOf\":{\"@id\":\"https:\/\/origin-ymi.yanmar.com\/marine\/#website\"},\"primaryImageOfPage\":{\"@id\":\"https:\/\/www.yanmar.com\/marine\/fr\/a-propos-de-nous\/declaration-de-qualite\/#primaryimage\"},\"image\":{\"@id\":\"https:\/\/www.yanmar.com\/marine\/fr\/a-propos-de-nous\/declaration-de-qualite\/#primaryimage\"},\"thumbnailUrl\":\"https:\/\/origin-ymi.yanmar.com\/marine\/wp-content\/uploads\/2022\/12\/ISO-9001-2015-RGB-768x825-1-279x300.jpg\",\"datePublished\":\"2024-07-26T19:52:10+00:00\",\"dateModified\":\"2024-12-16T16:06:28+00:00\",\"description\":\"Faites confiance au leader de l'industrie, YANMAR, et \u00e0 notre r\u00e9seau de service mondial, soutenu par une garantie robuste de YANMAR Marine et par le plus grand r\u00e9seau de service de l'industrie.\",\"breadcrumb\":{\"@id\":\"https:\/\/www.yanmar.com\/marine\/fr\/a-propos-de-nous\/declaration-de-qualite\/#breadcrumb\"},\"inLanguage\":\"en-US\",\"potentialAction\":[{\"@type\":\"ReadAction\",\"target\":[\"https:\/\/www.yanmar.com\/marine\/fr\/a-propos-de-nous\/declaration-de-qualite\/\"]}]},{\"@type\":\"ImageObject\",\"inLanguage\":\"en-US\",\"@id\":\"https:\/\/www.yanmar.com\/marine\/fr\/a-propos-de-nous\/declaration-de-qualite\/#primaryimage\",\"url\":\"https:\/\/origin-ymi.yanmar.com\/marine\/wp-content\/uploads\/2022\/12\/ISO-9001-2015-RGB-768x825-1-279x300.jpg\",\"contentUrl\":\"https:\/\/origin-ymi.yanmar.com\/marine\/wp-content\/uploads\/2022\/12\/ISO-9001-2015-RGB-768x825-1-279x300.jpg\"},{\"@type\":\"BreadcrumbList\",\"@id\":\"https:\/\/www.yanmar.com\/marine\/fr\/a-propos-de-nous\/declaration-de-qualite\/#breadcrumb\",\"itemListElement\":[{\"@type\":\"ListItem\",\"position\":1,\"name\":\"Yanmar Marine\",\"item\":\"https:\/\/origin-ymi.yanmar.com\/marine\/\"},{\"@type\":\"ListItem\",\"position\":2,\"name\":\"A propos de nous\",\"item\":\"https:\/\/origin-ymi.yanmar.com\/marine\/a-propos-de-nous\/\"},{\"@type\":\"ListItem\",\"position\":3,\"name\":\"D\u00e9claration de qualit\u00e9\"}]},{\"@type\":\"WebSite\",\"@id\":\"https:\/\/origin-ymi.yanmar.com\/marine\/#website\",\"url\":\"https:\/\/origin-ymi.yanmar.com\/marine\/\",\"name\":\"YANMAR Marine International\",\"description\":\"Proven Marine Technology\",\"publisher\":{\"@id\":\"https:\/\/origin-ymi.yanmar.com\/marine\/#organization\"},\"potentialAction\":[{\"@type\":\"SearchAction\",\"target\":{\"@type\":\"EntryPoint\",\"urlTemplate\":\"https:\/\/origin-ymi.yanmar.com\/marine\/?s={search_term_string}\"},\"query-input\":{\"@type\":\"PropertyValueSpecification\",\"valueRequired\":true,\"valueName\":\"search_term_string\"}}],\"inLanguage\":\"en-US\"},{\"@type\":\"Organization\",\"@id\":\"https:\/\/origin-ymi.yanmar.com\/marine\/#organization\",\"name\":\"YANMAR Marine International\",\"url\":\"https:\/\/origin-ymi.yanmar.com\/marine\/\",\"logo\":{\"@type\":\"ImageObject\",\"inLanguage\":\"en-US\",\"@id\":\"https:\/\/origin-ymi.yanmar.com\/marine\/#\/schema\/logo\/image\/\",\"url\":\"https:\/\/origin-ymi.yanmar.com\/marine\/wp-content\/uploads\/2020\/03\/YANMAR-Brand-Logotype2.png\",\"contentUrl\":\"https:\/\/origin-ymi.yanmar.com\/marine\/wp-content\/uploads\/2020\/03\/YANMAR-Brand-Logotype2.png\",\"width\":842,\"height\":168,\"caption\":\"YANMAR Marine International\"},\"image\":{\"@id\":\"https:\/\/origin-ymi.yanmar.com\/marine\/#\/schema\/logo\/image\/\"}}]}<\/script>\n<!-- \/ Yoast SEO Premium plugin. -->","yoast_head_json":{"title":"YANMAR D\u00e9claration de qualit\u00e9 - YANMAR Marine International","description":"Faites confiance au leader de l'industrie, YANMAR, et \u00e0 notre r\u00e9seau de service mondial, soutenu par une garantie robuste de YANMAR Marine et par le plus grand r\u00e9seau de service de l'industrie.","robots":{"index":"index","follow":"follow","max-snippet":"max-snippet:-1","max-image-preview":"max-image-preview:large","max-video-preview":"max-video-preview:-1"},"canonical":"https:\/\/www.yanmar.com\/marine\/a-propos-de-nous\/declaration-de-qualite\/","og_locale":"en_US","og_type":"article","og_title":"D\u00e9claration de qualit\u00e9","og_description":"Faites confiance au leader de l'industrie, YANMAR, et \u00e0 notre r\u00e9seau de service mondial, soutenu par une garantie robuste de YANMAR Marine et par le plus grand r\u00e9seau de service de l'industrie.","og_url":"https:\/\/www.yanmar.com\/marine\/fr\/a-propos-de-nous\/declaration-de-qualite\/","og_site_name":"YANMAR Marine International","article_modified_time":"2024-12-16T16:06:28+00:00","og_image":[{"url":"https:\/\/origin-ymi.yanmar.com\/marine\/wp-content\/uploads\/2022\/12\/ISO-9001-2015-RGB-768x825-1-279x300.jpg","type":"","width":"","height":""}],"twitter_card":"summary_large_image","twitter_misc":{"Est. reading time":"1 minute"},"schema":{"@context":"https:\/\/schema.org","@graph":[{"@type":"WebPage","@id":"https:\/\/www.yanmar.com\/marine\/fr\/a-propos-de-nous\/declaration-de-qualite\/","url":"https:\/\/www.yanmar.com\/marine\/fr\/a-propos-de-nous\/declaration-de-qualite\/","name":"YANMAR D\u00e9claration de qualit\u00e9 - YANMAR Marine International","isPartOf":{"@id":"https:\/\/origin-ymi.yanmar.com\/marine\/#website"},"primaryImageOfPage":{"@id":"https:\/\/www.yanmar.com\/marine\/fr\/a-propos-de-nous\/declaration-de-qualite\/#primaryimage"},"image":{"@id":"https:\/\/www.yanmar.com\/marine\/fr\/a-propos-de-nous\/declaration-de-qualite\/#primaryimage"},"thumbnailUrl":"https:\/\/origin-ymi.yanmar.com\/marine\/wp-content\/uploads\/2022\/12\/ISO-9001-2015-RGB-768x825-1-279x300.jpg","datePublished":"2024-07-26T19:52:10+00:00","dateModified":"2024-12-16T16:06:28+00:00","description":"Faites confiance au leader de l'industrie, YANMAR, et \u00e0 notre r\u00e9seau de service mondial, soutenu par une garantie robuste de YANMAR Marine et par le plus grand r\u00e9seau de service de l'industrie.","breadcrumb":{"@id":"https:\/\/www.yanmar.com\/marine\/fr\/a-propos-de-nous\/declaration-de-qualite\/#breadcrumb"},"inLanguage":"en-US","potentialAction":[{"@type":"ReadAction","target":["https:\/\/www.yanmar.com\/marine\/fr\/a-propos-de-nous\/declaration-de-qualite\/"]}]},{"@type":"ImageObject","inLanguage":"en-US","@id":"https:\/\/www.yanmar.com\/marine\/fr\/a-propos-de-nous\/declaration-de-qualite\/#primaryimage","url":"https:\/\/origin-ymi.yanmar.com\/marine\/wp-content\/uploads\/2022\/12\/ISO-9001-2015-RGB-768x825-1-279x300.jpg","contentUrl":"https:\/\/origin-ymi.yanmar.com\/marine\/wp-content\/uploads\/2022\/12\/ISO-9001-2015-RGB-768x825-1-279x300.jpg"},{"@type":"BreadcrumbList","@id":"https:\/\/www.yanmar.com\/marine\/fr\/a-propos-de-nous\/declaration-de-qualite\/#breadcrumb","itemListElement":[{"@type":"ListItem","position":1,"name":"Yanmar Marine","item":"https:\/\/origin-ymi.yanmar.com\/marine\/"},{"@type":"ListItem","position":2,"name":"A propos de nous","item":"https:\/\/origin-ymi.yanmar.com\/marine\/a-propos-de-nous\/"},{"@type":"ListItem","position":3,"name":"D\u00e9claration de qualit\u00e9"}]},{"@type":"WebSite","@id":"https:\/\/origin-ymi.yanmar.com\/marine\/#website","url":"https:\/\/origin-ymi.yanmar.com\/marine\/","name":"YANMAR Marine International","description":"Proven Marine Technology","publisher":{"@id":"https:\/\/origin-ymi.yanmar.com\/marine\/#organization"},"potentialAction":[{"@type":"SearchAction","target":{"@type":"EntryPoint","urlTemplate":"https:\/\/origin-ymi.yanmar.com\/marine\/?s={search_term_string}"},"query-input":{"@type":"PropertyValueSpecification","valueRequired":true,"valueName":"search_term_string"}}],"inLanguage":"en-US"},{"@type":"Organization","@id":"https:\/\/origin-ymi.yanmar.com\/marine\/#organization","name":"YANMAR Marine International","url":"https:\/\/origin-ymi.yanmar.com\/marine\/","logo":{"@type":"ImageObject","inLanguage":"en-US","@id":"https:\/\/origin-ymi.yanmar.com\/marine\/#\/schema\/logo\/image\/","url":"https:\/\/origin-ymi.yanmar.com\/marine\/wp-content\/uploads\/2020\/03\/YANMAR-Brand-Logotype2.png","contentUrl":"https:\/\/origin-ymi.yanmar.com\/marine\/wp-content\/uploads\/2020\/03\/YANMAR-Brand-Logotype2.png","width":842,"height":168,"caption":"YANMAR Marine International"},"image":{"@id":"https:\/\/origin-ymi.yanmar.com\/marine\/#\/schema\/logo\/image\/"}}]}},"_links":{"self":[{"href":"https:\/\/www.yanmar.com\/marine\/wp-json\/wp\/v2\/pages\/43017","targetHints":{"allow":["GET"]}}],"collection":[{"href":"https:\/\/www.yanmar.com\/marine\/wp-json\/wp\/v2\/pages"}],"about":[{"href":"https:\/\/www.yanmar.com\/marine\/wp-json\/wp\/v2\/types\/page"}],"author":[{"embeddable":true,"href":"https:\/\/www.yanmar.com\/marine\/wp-json\/wp\/v2\/users\/24"}],"replies":[{"embeddable":true,"href":"https:\/\/www.yanmar.com\/marine\/wp-json\/wp\/v2\/comments?post=43017"}],"version-history":[{"count":2,"href":"https:\/\/www.yanmar.com\/marine\/wp-json\/wp\/v2\/pages\/43017\/revisions"}],"predecessor-version":[{"id":44457,"href":"https:\/\/www.yanmar.com\/marine\/wp-json\/wp\/v2\/pages\/43017\/revisions\/44457"}],"up":[{"embeddable":true,"href":"https:\/\/www.yanmar.com\/marine\/wp-json\/wp\/v2\/pages\/32734"}],"wp:attachment":[{"href":"https:\/\/www.yanmar.com\/marine\/wp-json\/wp\/v2\/media?parent=43017"}],"wp:term":[{"taxonomy":"post_tag","embeddable":true,"href":"https:\/\/www.yanmar.com\/marine\/wp-json\/wp\/v2\/tags?post=43017"}],"curies":[{"name":"wp","href":"https:\/\/api.w.org\/{rel}","templated":true}]}}