{"id":44474,"date":"2024-07-04T09:42:25","date_gmt":"2024-07-04T09:42:25","guid":{"rendered":"https:\/\/www.yanmar.com\/marine\/kontakt\/"},"modified":"2025-01-13T11:17:46","modified_gmt":"2025-01-13T11:17:46","slug":"kontakt","status":"publish","type":"page","link":"https:\/\/www.yanmar.com\/marine\/no\/kontakt\/","title":{"rendered":"Kontakt"},"content":{"rendered":"\n<div style=\"height:auto\" aria-hidden=\"true\" class=\"wp-block-spacer is-style-small\"><\/div>\n\n<h6 class=\"wp-block-heading has-text-align-center has-primary-color has-text-color has-link-color wp-elements-3faf923d581f0a77f19163ba394f098b\">KONTAKT<\/h6>\n\n<h2 class=\"wp-block-heading has-text-align-center\">Ta kontakt med Yanmar<\/h2>\n\n  <div class=\"b-faq\" data-block_30eb6b64dc0fc622bccf575cff21c964 >\n    <div class=\"o-wrapper\">\n              <h3 class=\"b-faq__heading\">Generelt<\/h3>\n      \n      <div id=\"faq-block_30eb6b64dc0fc622bccf575cff21c964\" class=\"b-faq__items js-faq-items\">\n                                                <div class=\"b-faq__item js-faq-item\">\n            <button id=\"faq-hva-er-hvo-drivstoff\" class=\"b-faq__item-button js-faq-item-button\" type=\"button\" data-target=\"#faq-hva-er-hvo-drivstoff-answer\" aria-expanded=\"false\" aria-controls=\"faq-hva-er-hvo-drivstoff-answer\">Hva er HVO drivstoff?<\/button>\n\n            <div id=\"faq-hva-er-hvo-drivstoff-answer\" class=\"b-faq__item-content js-faq-item-content\" aria-labelledby=\"faq-hva-er-hvo-drivstoff\">\n              <div class=\"b-faq__item-content-inner\">\n                \n              <\/div>\n            <\/div>\n          <\/div>\n                                                <div class=\"b-faq__item js-faq-item\">\n            <button id=\"faq-hvordan-er-det-laget\" class=\"b-faq__item-button js-faq-item-button\" type=\"button\" data-target=\"#faq-hvordan-er-det-laget-answer\" aria-expanded=\"false\" aria-controls=\"faq-hvordan-er-det-laget-answer\">Hvordan er det laget?<\/button>\n\n            <div id=\"faq-hvordan-er-det-laget-answer\" class=\"b-faq__item-content js-faq-item-content\" aria-labelledby=\"faq-hvordan-er-det-laget\">\n              <div class=\"b-faq__item-content-inner\">\n                \n              <\/div>\n            <\/div>\n          <\/div>\n                                                <div class=\"b-faq__item js-faq-item\">\n            <button id=\"faq-hva-kjennetegner-parafinholdig-drivstoff-og-hvo\" class=\"b-faq__item-button js-faq-item-button\" type=\"button\" data-target=\"#faq-hva-kjennetegner-parafinholdig-drivstoff-og-hvo-answer\" aria-expanded=\"false\" aria-controls=\"faq-hva-kjennetegner-parafinholdig-drivstoff-og-hvo-answer\">Hva kjennetegner parafinholdig drivstoff og HVO?<\/button>\n\n            <div id=\"faq-hva-kjennetegner-parafinholdig-drivstoff-og-hvo-answer\" class=\"b-faq__item-content js-faq-item-content\" aria-labelledby=\"faq-hva-kjennetegner-parafinholdig-drivstoff-og-hvo\">\n              <div class=\"b-faq__item-content-inner\">\n                \n              <\/div>\n            <\/div>\n          <\/div>\n                                                <div class=\"b-faq__item js-faq-item\">\n            <button id=\"faq-hva-er-fordelene-med-hvo\" class=\"b-faq__item-button js-faq-item-button\" type=\"button\" data-target=\"#faq-hva-er-fordelene-med-hvo-answer\" aria-expanded=\"false\" aria-controls=\"faq-hva-er-fordelene-med-hvo-answer\">Hva er fordelene med HVO?<\/button>\n\n            <div id=\"faq-hva-er-fordelene-med-hvo-answer\" class=\"b-faq__item-content js-faq-item-content\" aria-labelledby=\"faq-hva-er-fordelene-med-hvo\">\n              <div class=\"b-faq__item-content-inner\">\n                \n              <\/div>\n            <\/div>\n          <\/div>\n                                                <div class=\"b-faq__item js-faq-item\">\n            <button id=\"faq-hva-er-forskjellen-mellom-hvo-og-diesel\" class=\"b-faq__item-button js-faq-item-button\" type=\"button\" data-target=\"#faq-hva-er-forskjellen-mellom-hvo-og-diesel-answer\" aria-expanded=\"false\" aria-controls=\"faq-hva-er-forskjellen-mellom-hvo-og-diesel-answer\">Hva er forskjellen mellom HVO og diesel?<\/button>\n\n            <div id=\"faq-hva-er-forskjellen-mellom-hvo-og-diesel-answer\" class=\"b-faq__item-content js-faq-item-content\" aria-labelledby=\"faq-hva-er-forskjellen-mellom-hvo-og-diesel\">\n              <div class=\"b-faq__item-content-inner\">\n                \n              <\/div>\n            <\/div>\n          <\/div>\n              <\/div>\n    <\/div>\n  <\/div>\n\n<div style=\"height:auto\" aria-hidden=\"true\" class=\"wp-block-spacer is-style-medium\"><\/div>\n\n<div class=\"wp-block-media-text is-stacked-on-mobile c-pattern c-pattern--cta has-background\" style=\"background-color:#f2f2f2\"><figure class=\"wp-block-media-text__media\"><img decoding=\"async\" width=\"542\" height=\"374\" src=\"https:\/\/www.yanmar.com\/marine\/wp-content\/uploads\/2024\/07\/image-95-1.png\" alt=\"\" class=\"wp-image-40317 size-full\" srcset=\"https:\/\/www.yanmar.com\/marine\/wp-content\/uploads\/2024\/07\/image-95-1.png 542w, https:\/\/www.yanmar.com\/marine\/wp-content\/uploads\/2024\/07\/image-95-1-300x207.png 300w\" sizes=\"(max-width: 542px) 100vw, 542px\" \/><\/figure><div class=\"wp-block-media-text__content\">\n<div style=\"height:auto\" aria-hidden=\"true\" class=\"wp-block-spacer\"><\/div>\n\n\n\n<h3 class=\"wp-block-heading has-text-align-center\"><strong>Sp\u00f8rsm\u00e5l og support<\/strong><\/h3>\n\n\n\n<p class=\"has-text-align-center\">Finn ut mer ved \u00e5 s\u00f8ke i v\u00e5re ofte stilte sp\u00f8rsm\u00e5l, eller finn din <a href=\"https:\/\/www.yanmar.com\/marine\/no\/nettverk\/\">lokale forhandler eller distribut\u00f8r<\/a> fra v\u00e5rt globale nettverk. Ta gjerne kontakt med YANMAR Marine hvis du har ikke-tekniske sp\u00f8rsm\u00e5l, ved \u00e5 g\u00e5 til kontaktsiden nedenfor. <\/p>\n\n\n\n<div class=\"wp-block-buttons is-content-justification-center is-layout-flex wp-container-core-buttons-is-layout-16018d1d wp-block-buttons-is-layout-flex\">\n<div class=\"wp-block-button\"><a class=\"wp-block-button__link has-text-align-center wp-element-button\" href=\"https:\/\/www.yanmar.com\/marine\/no\/kontakt-oss\/\">Kontakt oss<\/a><\/div>\n<\/div>\n\n\n\n<div style=\"height:auto\" aria-hidden=\"true\" class=\"wp-block-spacer\"><\/div>\n<\/div><\/div>\n\n<div style=\"height:auto\" aria-hidden=\"true\" class=\"wp-block-spacer is-style-medium\"><\/div>\n","protected":false},"excerpt":{"rendered":"<p>KONTAKT Ta kontakt med Yanmar<\/p>\n","protected":false},"author":16,"featured_media":0,"parent":0,"menu_order":0,"comment_status":"closed","ping_status":"closed","template":"","meta":{"_acf_changed":false,"footnotes":""},"tags":[],"class_list":["post-44474","page","type-page","status-publish","hentry"],"acf":[],"yoast_head":"<!-- This site is optimized with the Yoast SEO Premium plugin v27.2 (Yoast SEO v27.2) - https:\/\/yoast.com\/product\/yoast-seo-premium-wordpress\/ -->\n<title>Kontakt - YANMAR Marine International<\/title>\n<meta name=\"robots\" content=\"index, follow, max-snippet:-1, max-image-preview:large, max-video-preview:-1\" \/>\n<link rel=\"canonical\" href=\"https:\/\/www.yanmar.com\/marine\/kontakt\/\" \/>\n<meta property=\"og:locale\" content=\"en_US\" \/>\n<meta property=\"og:type\" content=\"article\" \/>\n<meta property=\"og:title\" content=\"Kontakt\" \/>\n<meta property=\"og:description\" content=\"KONTAKT Ta kontakt med Yanmar\" \/>\n<meta property=\"og:url\" content=\"https:\/\/www.yanmar.com\/marine\/no\/kontakt\/\" \/>\n<meta property=\"og:site_name\" content=\"YANMAR Marine International\" \/>\n<meta property=\"article:modified_time\" content=\"2025-01-13T11:17:46+00:00\" \/>\n<meta property=\"og:image\" content=\"https:\/\/origin-ymi.yanmar.com\/marine\/wp-content\/uploads\/2024\/07\/image-95-1.png\" \/>\n<meta name=\"twitter:card\" content=\"summary_large_image\" \/>\n<script type=\"application\/ld+json\" class=\"yoast-schema-graph\">{\"@context\":\"https:\/\/schema.org\",\"@graph\":[{\"@type\":\"WebPage\",\"@id\":\"https:\/\/www.yanmar.com\/marine\/no\/kontakt\/\",\"url\":\"https:\/\/www.yanmar.com\/marine\/no\/kontakt\/\",\"name\":\"Kontakt - YANMAR Marine International\",\"isPartOf\":{\"@id\":\"https:\/\/origin-ymi.yanmar.com\/marine\/#website\"},\"primaryImageOfPage\":{\"@id\":\"https:\/\/www.yanmar.com\/marine\/no\/kontakt\/#primaryimage\"},\"image\":{\"@id\":\"https:\/\/www.yanmar.com\/marine\/no\/kontakt\/#primaryimage\"},\"thumbnailUrl\":\"https:\/\/origin-ymi.yanmar.com\/marine\/wp-content\/uploads\/2024\/07\/image-95-1.png\",\"datePublished\":\"2024-07-04T09:42:25+00:00\",\"dateModified\":\"2025-01-13T11:17:46+00:00\",\"breadcrumb\":{\"@id\":\"https:\/\/www.yanmar.com\/marine\/no\/kontakt\/#breadcrumb\"},\"inLanguage\":\"en-US\",\"potentialAction\":[{\"@type\":\"ReadAction\",\"target\":[\"https:\/\/www.yanmar.com\/marine\/no\/kontakt\/\"]}]},{\"@type\":\"ImageObject\",\"inLanguage\":\"en-US\",\"@id\":\"https:\/\/www.yanmar.com\/marine\/no\/kontakt\/#primaryimage\",\"url\":\"https:\/\/origin-ymi.yanmar.com\/marine\/wp-content\/uploads\/2024\/07\/image-95-1.png\",\"contentUrl\":\"https:\/\/origin-ymi.yanmar.com\/marine\/wp-content\/uploads\/2024\/07\/image-95-1.png\"},{\"@type\":\"BreadcrumbList\",\"@id\":\"https:\/\/www.yanmar.com\/marine\/no\/kontakt\/#breadcrumb\",\"itemListElement\":[{\"@type\":\"ListItem\",\"position\":1,\"name\":\"Yanmar Marine\",\"item\":\"https:\/\/origin-ymi.yanmar.com\/marine\/\"},{\"@type\":\"ListItem\",\"position\":2,\"name\":\"Kontakt\"}]},{\"@type\":\"WebSite\",\"@id\":\"https:\/\/origin-ymi.yanmar.com\/marine\/#website\",\"url\":\"https:\/\/origin-ymi.yanmar.com\/marine\/\",\"name\":\"YANMAR Marine International\",\"description\":\"Proven Marine Technology\",\"publisher\":{\"@id\":\"https:\/\/origin-ymi.yanmar.com\/marine\/#organization\"},\"potentialAction\":[{\"@type\":\"SearchAction\",\"target\":{\"@type\":\"EntryPoint\",\"urlTemplate\":\"https:\/\/origin-ymi.yanmar.com\/marine\/?s={search_term_string}\"},\"query-input\":{\"@type\":\"PropertyValueSpecification\",\"valueRequired\":true,\"valueName\":\"search_term_string\"}}],\"inLanguage\":\"en-US\"},{\"@type\":\"Organization\",\"@id\":\"https:\/\/origin-ymi.yanmar.com\/marine\/#organization\",\"name\":\"YANMAR Marine International\",\"url\":\"https:\/\/origin-ymi.yanmar.com\/marine\/\",\"logo\":{\"@type\":\"ImageObject\",\"inLanguage\":\"en-US\",\"@id\":\"https:\/\/origin-ymi.yanmar.com\/marine\/#\/schema\/logo\/image\/\",\"url\":\"https:\/\/origin-ymi.yanmar.com\/marine\/wp-content\/uploads\/2020\/03\/YANMAR-Brand-Logotype2.png\",\"contentUrl\":\"https:\/\/origin-ymi.yanmar.com\/marine\/wp-content\/uploads\/2020\/03\/YANMAR-Brand-Logotype2.png\",\"width\":842,\"height\":168,\"caption\":\"YANMAR Marine International\"},\"image\":{\"@id\":\"https:\/\/origin-ymi.yanmar.com\/marine\/#\/schema\/logo\/image\/\"}}]}<\/script>\n<!-- \/ Yoast SEO Premium plugin. -->","yoast_head_json":{"title":"Kontakt - YANMAR Marine International","robots":{"index":"index","follow":"follow","max-snippet":"max-snippet:-1","max-image-preview":"max-image-preview:large","max-video-preview":"max-video-preview:-1"},"canonical":"https:\/\/www.yanmar.com\/marine\/kontakt\/","og_locale":"en_US","og_type":"article","og_title":"Kontakt","og_description":"KONTAKT Ta kontakt med Yanmar","og_url":"https:\/\/www.yanmar.com\/marine\/no\/kontakt\/","og_site_name":"YANMAR Marine International","article_modified_time":"2025-01-13T11:17:46+00:00","og_image":[{"url":"https:\/\/origin-ymi.yanmar.com\/marine\/wp-content\/uploads\/2024\/07\/image-95-1.png","type":"","width":"","height":""}],"twitter_card":"summary_large_image","schema":{"@context":"https:\/\/schema.org","@graph":[{"@type":"WebPage","@id":"https:\/\/www.yanmar.com\/marine\/no\/kontakt\/","url":"https:\/\/www.yanmar.com\/marine\/no\/kontakt\/","name":"Kontakt - YANMAR Marine International","isPartOf":{"@id":"https:\/\/origin-ymi.yanmar.com\/marine\/#website"},"primaryImageOfPage":{"@id":"https:\/\/www.yanmar.com\/marine\/no\/kontakt\/#primaryimage"},"image":{"@id":"https:\/\/www.yanmar.com\/marine\/no\/kontakt\/#primaryimage"},"thumbnailUrl":"https:\/\/origin-ymi.yanmar.com\/marine\/wp-content\/uploads\/2024\/07\/image-95-1.png","datePublished":"2024-07-04T09:42:25+00:00","dateModified":"2025-01-13T11:17:46+00:00","breadcrumb":{"@id":"https:\/\/www.yanmar.com\/marine\/no\/kontakt\/#breadcrumb"},"inLanguage":"en-US","potentialAction":[{"@type":"ReadAction","target":["https:\/\/www.yanmar.com\/marine\/no\/kontakt\/"]}]},{"@type":"ImageObject","inLanguage":"en-US","@id":"https:\/\/www.yanmar.com\/marine\/no\/kontakt\/#primaryimage","url":"https:\/\/origin-ymi.yanmar.com\/marine\/wp-content\/uploads\/2024\/07\/image-95-1.png","contentUrl":"https:\/\/origin-ymi.yanmar.com\/marine\/wp-content\/uploads\/2024\/07\/image-95-1.png"},{"@type":"BreadcrumbList","@id":"https:\/\/www.yanmar.com\/marine\/no\/kontakt\/#breadcrumb","itemListElement":[{"@type":"ListItem","position":1,"name":"Yanmar Marine","item":"https:\/\/origin-ymi.yanmar.com\/marine\/"},{"@type":"ListItem","position":2,"name":"Kontakt"}]},{"@type":"WebSite","@id":"https:\/\/origin-ymi.yanmar.com\/marine\/#website","url":"https:\/\/origin-ymi.yanmar.com\/marine\/","name":"YANMAR Marine International","description":"Proven Marine Technology","publisher":{"@id":"https:\/\/origin-ymi.yanmar.com\/marine\/#organization"},"potentialAction":[{"@type":"SearchAction","target":{"@type":"EntryPoint","urlTemplate":"https:\/\/origin-ymi.yanmar.com\/marine\/?s={search_term_string}"},"query-input":{"@type":"PropertyValueSpecification","valueRequired":true,"valueName":"search_term_string"}}],"inLanguage":"en-US"},{"@type":"Organization","@id":"https:\/\/origin-ymi.yanmar.com\/marine\/#organization","name":"YANMAR Marine International","url":"https:\/\/origin-ymi.yanmar.com\/marine\/","logo":{"@type":"ImageObject","inLanguage":"en-US","@id":"https:\/\/origin-ymi.yanmar.com\/marine\/#\/schema\/logo\/image\/","url":"https:\/\/origin-ymi.yanmar.com\/marine\/wp-content\/uploads\/2020\/03\/YANMAR-Brand-Logotype2.png","contentUrl":"https:\/\/origin-ymi.yanmar.com\/marine\/wp-content\/uploads\/2020\/03\/YANMAR-Brand-Logotype2.png","width":842,"height":168,"caption":"YANMAR Marine International"},"image":{"@id":"https:\/\/origin-ymi.yanmar.com\/marine\/#\/schema\/logo\/image\/"}}]}},"_links":{"self":[{"href":"https:\/\/www.yanmar.com\/marine\/wp-json\/wp\/v2\/pages\/44474","targetHints":{"allow":["GET"]}}],"collection":[{"href":"https:\/\/www.yanmar.com\/marine\/wp-json\/wp\/v2\/pages"}],"about":[{"href":"https:\/\/www.yanmar.com\/marine\/wp-json\/wp\/v2\/types\/page"}],"author":[{"embeddable":true,"href":"https:\/\/www.yanmar.com\/marine\/wp-json\/wp\/v2\/users\/16"}],"replies":[{"embeddable":true,"href":"https:\/\/www.yanmar.com\/marine\/wp-json\/wp\/v2\/comments?post=44474"}],"version-history":[{"count":2,"href":"https:\/\/www.yanmar.com\/marine\/wp-json\/wp\/v2\/pages\/44474\/revisions"}],"predecessor-version":[{"id":45206,"href":"https:\/\/www.yanmar.com\/marine\/wp-json\/wp\/v2\/pages\/44474\/revisions\/45206"}],"wp:attachment":[{"href":"https:\/\/www.yanmar.com\/marine\/wp-json\/wp\/v2\/media?parent=44474"}],"wp:term":[{"taxonomy":"post_tag","embeddable":true,"href":"https:\/\/www.yanmar.com\/marine\/wp-json\/wp\/v2\/tags?post=44474"}],"curies":[{"name":"wp","href":"https:\/\/api.w.org\/{rel}","templated":true}]}}