{"id":44488,"date":"2024-07-24T15:11:10","date_gmt":"2024-07-24T15:11:10","guid":{"rendered":"https:\/\/www.yanmar.com\/marine\/registrera-din-motor\/"},"modified":"2025-01-14T12:13:26","modified_gmt":"2025-01-14T12:13:26","slug":"registrera-din-motor","status":"publish","type":"page","link":"https:\/\/www.yanmar.com\/marine\/sv\/service\/registrera-din-motor\/","title":{"rendered":"Registrera din motor"},"content":{"rendered":"\n<div style=\"height:auto\" aria-hidden=\"true\" class=\"wp-block-spacer is-style-small\"><\/div>\n\n<div class=\"wp-block-group\"><div class=\"wp-block-group__inner-container is-layout-constrained wp-block-group-is-layout-constrained\">\n<h6 class=\"wp-block-heading has-text-align-center has-primary-color has-text-color has-link-color wp-elements-8fd8a9823ab8a6d00a6037bf76ce6841\">REGISTRERA DIN MOTOR<\/h6>\n\n\n\n<h1 class=\"wp-block-heading has-text-align-center\">YANMARs marina supportportal<\/h1>\n\n\n\n<div style=\"height:auto\" aria-hidden=\"true\" class=\"wp-block-spacer\"><\/div>\n<\/div><\/div>\n\n<p>Registrera din motor f\u00f6r att dra nytta av YANMAR Marine Internationals st\u00f6rsta supportn\u00e4tverk i branschen. Vi str\u00e4var efter att ge dig den b\u00e4sta upplevelsen under hela din tid som motor\u00e4gare.  Vi \u00e4r glada att kunna erbjuda en onlineportal f\u00f6r information om din motor, kommunikation och underh\u00e5llssp\u00e5rning.<\/p>\n\n\n\n\n  \n\n<section class=\"b-two-column-media-text   has-image-full\" data-block_202490138c50b40fa7bfe66d720ff993>\n  <div class=\"b-two-column-media-text__inner b-two-column-media-text__inner--left b-two-column-media-text__width--default\" >\n    <div class=\"b-two-column-media-text__column b-two-column-media-text__column--media\">\n      <div class=\"b-two-column-media-text__column--media-images\">\n                  <img decoding=\"async\" width=\"800\" height=\"466\" src=\"https:\/\/www.yanmar.com\/marine\/wp-content\/uploads\/2024\/07\/support_portal-1.png\" class=\"wp-image b-two-column-media-text__image b-two-column-media-text__image--default\" alt=\"\" srcset=\"https:\/\/www.yanmar.com\/marine\/wp-content\/uploads\/2024\/07\/support_portal-1.png 800w, https:\/\/www.yanmar.com\/marine\/wp-content\/uploads\/2024\/07\/support_portal-1-300x175.png 300w, https:\/\/www.yanmar.com\/marine\/wp-content\/uploads\/2024\/07\/support_portal-1-768x447.png 768w\" sizes=\"(max-width: 800px) 100vw, 800px\" \/>\n        \n              <\/div>\n    <\/div>\n    <div class=\"b-two-column-media-text__column b-two-column-media-text__column--text\">\n      <div class=\"b-two-column-media-text__content\">\n                          <h2 class=\"b-two-column-media-text__title\" style=\"text-align: left;\">Om supportportalen<\/h2>\n        \n                  <div class=\"b-two-column-media-text__description\" style=\"text-align: left;\"><p>YANMAR Marine Support Portal g\u00f6r det enkelt att hantera information om ditt YANMAR framdrivningssystem:<\/p>\n<ul>\n<li>Registrera din motor<\/li>\n<li>Skicka in tekniska f\u00f6rfr\u00e5gningar<\/li>\n<li>Visa servicekampanjer<\/li>\n<li>Hantera din \u00e4gares profil och preferenser<\/li>\n<li>Registrera service- och underh\u00e5llshistorik<\/li>\n<li>och mycket mer &#8230;<\/li>\n<\/ul>\n<\/div>\n        \n        <div class=\"b-two-column-media-text__button-container u-justify-left\">\n                      <a class=\"c-btn--primary\" href=\"https:\/\/yanmar.microsoftcrmportals.com\/\">\n              YANMAR Marine Support Portal Logga in\n            <\/a>\n          \n                  <\/div>\n      <\/div>\n    <\/div>\n  <\/div>\n<\/section>\n\n\n\n<div style=\"height:auto\" aria-hidden=\"true\" class=\"wp-block-spacer is-style-medium\"><\/div>\n<div class=\"wp-block-image\">\n<figure class=\"aligncenter size-large\"><img decoding=\"async\" width=\"1024\" height=\"610\" src=\"https:\/\/www.yanmar.com\/marine\/wp-content\/uploads\/2020\/05\/email-supporting-graphics_sm2-1024x610.jpg\" alt=\"\" class=\"wp-image-13884\" style=\"object-fit:cover\" srcset=\"https:\/\/www.yanmar.com\/marine\/wp-content\/uploads\/2020\/05\/email-supporting-graphics_sm2-1024x610.jpg 1024w, https:\/\/www.yanmar.com\/marine\/wp-content\/uploads\/2020\/05\/email-supporting-graphics_sm2-300x179.jpg 300w, https:\/\/www.yanmar.com\/marine\/wp-content\/uploads\/2020\/05\/email-supporting-graphics_sm2-768x458.jpg 768w, https:\/\/www.yanmar.com\/marine\/wp-content\/uploads\/2020\/05\/email-supporting-graphics_sm2-1536x915.jpg 1536w, https:\/\/www.yanmar.com\/marine\/wp-content\/uploads\/2020\/05\/email-supporting-graphics_sm2-2048x1220.jpg 2048w, https:\/\/www.yanmar.com\/marine\/wp-content\/uploads\/2020\/05\/email-supporting-graphics_sm2-scaled.jpg 1920w\" sizes=\"(max-width: 1024px) 100vw, 1024px\" \/><\/figure>\n<\/div>\n<div style=\"height:auto\" aria-hidden=\"true\" class=\"wp-block-spacer is-style-medium\"><\/div>\n\n<div class=\"wp-block-media-text is-stacked-on-mobile c-pattern c-pattern--cta has-background\" style=\"background-color:#f2f2f2\"><figure class=\"wp-block-media-text__media\"><img decoding=\"async\" width=\"542\" height=\"374\" src=\"https:\/\/www.yanmar.com\/marine\/wp-content\/uploads\/2024\/07\/image-95-1.png\" alt=\"\" class=\"wp-image-40317 size-full\" srcset=\"https:\/\/www.yanmar.com\/marine\/wp-content\/uploads\/2024\/07\/image-95-1.png 542w, https:\/\/www.yanmar.com\/marine\/wp-content\/uploads\/2024\/07\/image-95-1-300x207.png 300w\" sizes=\"(max-width: 542px) 100vw, 542px\" \/><\/figure><div class=\"wp-block-media-text__content\">\n<div style=\"height:auto\" aria-hidden=\"true\" class=\"wp-block-spacer\"><\/div>\n\n\n\n<h3 class=\"wp-block-heading has-text-align-center\"><strong>Fr\u00e5gor och support<\/strong><\/h3>\n\n\n\n<p class=\"has-text-align-center\">L\u00e4s mer genom att <a href=\"https:\/\/www.yanmar.com\/marine\/sv\/vanliga-fragor-och-svar\/\">s\u00f6ka i v\u00e5ra vanliga fr\u00e5gor<\/a> eller hitta din <a href=\"https:\/\/www.yanmar.com\/marine\/sv\/aterforsaljare\/\">lokala \u00e5terf\u00f6rs\u00e4ljare eller distribut\u00f6r<\/a> fr\u00e5n v\u00e5rt globala n\u00e4tverk. Du \u00e4r v\u00e4lkommen att kontakta YANMAR Marine med icke-tekniska fr\u00e5gor genom att bes\u00f6ka v\u00e5r kontaktsida nedan. <\/p>\n\n\n\n<div class=\"wp-block-buttons is-content-justification-center is-layout-flex wp-container-core-buttons-is-layout-16018d1d wp-block-buttons-is-layout-flex\">\n<div class=\"wp-block-button\"><a class=\"wp-block-button__link has-text-align-center wp-element-button\" href=\"https:\/\/www.yanmar.com\/marine\/sv\/kontakta-oss\/\">Kontakta oss<\/a><\/div>\n<\/div>\n\n\n\n<div style=\"height:auto\" aria-hidden=\"true\" class=\"wp-block-spacer\"><\/div>\n<\/div><\/div>\n\n<div style=\"height:auto\" aria-hidden=\"true\" class=\"wp-block-spacer is-style-medium\"><\/div>\n","protected":false},"excerpt":{"rendered":"<p>REGISTRERA DIN MOTOR YANMARs marina supportportal Registrera din motor f\u00f6r att dra nytta av YANMAR Marine Internationals st\u00f6rsta supportn\u00e4tverk i [&hellip;]<\/p>\n","protected":false},"author":24,"featured_media":0,"parent":45604,"menu_order":0,"comment_status":"closed","ping_status":"closed","template":"","meta":{"_acf_changed":false,"footnotes":""},"tags":[566,564,565,567,570,568,569],"class_list":["post-44488","page","type-page","status-publish","hentry","tag-lagra-motorinformation","tag-registrera-din-motor","tag-underhall-av-sparbunden-motor","tag-yanmar-inloggning","tag-yanmar-portal-sv","tag-yanmar-stod","tag-yanmar-supportportal"],"acf":[],"yoast_head":"<!-- This site is optimized with the Yoast SEO Premium plugin v27.2 (Yoast SEO v27.2) - https:\/\/yoast.com\/product\/yoast-seo-premium-wordpress\/ -->\n<title>Registrera din YANMAR-motor - H\u00e5ll koll p\u00e5 ditt underh\u00e5ll och mycket mer!<\/title>\n<meta name=\"description\" content=\"Enkel onlineportal f\u00f6r din motorinformation, kommunikation och underh\u00e5llssp\u00e5rning - Lita p\u00e5 branschledaren YANMAR och v\u00e5rt globala servicen\u00e4tverk.\" \/>\n<meta name=\"robots\" content=\"index, follow, max-snippet:-1, max-image-preview:large, max-video-preview:-1\" \/>\n<link rel=\"canonical\" href=\"https:\/\/www.yanmar.com\/marine\/service\/registrera-din-motor\/\" \/>\n<meta property=\"og:locale\" content=\"en_US\" \/>\n<meta property=\"og:type\" content=\"article\" \/>\n<meta property=\"og:title\" content=\"Registrera din motor\" \/>\n<meta property=\"og:description\" content=\"Enkel onlineportal f\u00f6r din motorinformation, kommunikation och underh\u00e5llssp\u00e5rning - Lita p\u00e5 branschledaren YANMAR och v\u00e5rt globala servicen\u00e4tverk.\" \/>\n<meta property=\"og:url\" content=\"https:\/\/www.yanmar.com\/marine\/sv\/service\/registrera-din-motor\/\" \/>\n<meta property=\"og:site_name\" content=\"YANMAR Marine International\" \/>\n<meta property=\"article:modified_time\" content=\"2025-01-14T12:13:26+00:00\" \/>\n<meta property=\"og:image\" content=\"https:\/\/origin-ymi.yanmar.com\/marine\/wp-content\/uploads\/2020\/05\/email-supporting-graphics_sm2-1024x610.jpg\" \/>\n<meta name=\"twitter:card\" content=\"summary_large_image\" \/>\n<meta name=\"twitter:label1\" content=\"Est. reading time\" \/>\n\t<meta name=\"twitter:data1\" content=\"1 minute\" \/>\n<script type=\"application\/ld+json\" class=\"yoast-schema-graph\">{\"@context\":\"https:\/\/schema.org\",\"@graph\":[{\"@type\":\"WebPage\",\"@id\":\"https:\/\/www.yanmar.com\/marine\/sv\/service\/registrera-din-motor\/\",\"url\":\"https:\/\/www.yanmar.com\/marine\/sv\/service\/registrera-din-motor\/\",\"name\":\"Registrera din YANMAR-motor - H\u00e5ll koll p\u00e5 ditt underh\u00e5ll och mycket mer!\",\"isPartOf\":{\"@id\":\"https:\/\/origin-ymi.yanmar.com\/marine\/#website\"},\"primaryImageOfPage\":{\"@id\":\"https:\/\/www.yanmar.com\/marine\/sv\/service\/registrera-din-motor\/#primaryimage\"},\"image\":{\"@id\":\"https:\/\/www.yanmar.com\/marine\/sv\/service\/registrera-din-motor\/#primaryimage\"},\"thumbnailUrl\":\"https:\/\/origin-ymi.yanmar.com\/marine\/wp-content\/uploads\/2020\/05\/email-supporting-graphics_sm2-1024x610.jpg\",\"datePublished\":\"2024-07-24T15:11:10+00:00\",\"dateModified\":\"2025-01-14T12:13:26+00:00\",\"description\":\"Enkel onlineportal f\u00f6r din motorinformation, kommunikation och underh\u00e5llssp\u00e5rning - Lita p\u00e5 branschledaren YANMAR och v\u00e5rt globala servicen\u00e4tverk.\",\"breadcrumb\":{\"@id\":\"https:\/\/www.yanmar.com\/marine\/sv\/service\/registrera-din-motor\/#breadcrumb\"},\"inLanguage\":\"en-US\",\"potentialAction\":[{\"@type\":\"ReadAction\",\"target\":[\"https:\/\/www.yanmar.com\/marine\/sv\/service\/registrera-din-motor\/\"]}]},{\"@type\":\"ImageObject\",\"inLanguage\":\"en-US\",\"@id\":\"https:\/\/www.yanmar.com\/marine\/sv\/service\/registrera-din-motor\/#primaryimage\",\"url\":\"https:\/\/origin-ymi.yanmar.com\/marine\/wp-content\/uploads\/2020\/05\/email-supporting-graphics_sm2-1024x610.jpg\",\"contentUrl\":\"https:\/\/origin-ymi.yanmar.com\/marine\/wp-content\/uploads\/2020\/05\/email-supporting-graphics_sm2-1024x610.jpg\"},{\"@type\":\"BreadcrumbList\",\"@id\":\"https:\/\/www.yanmar.com\/marine\/sv\/service\/registrera-din-motor\/#breadcrumb\",\"itemListElement\":[{\"@type\":\"ListItem\",\"position\":1,\"name\":\"Yanmar Marine\",\"item\":\"https:\/\/origin-ymi.yanmar.com\/marine\/\"},{\"@type\":\"ListItem\",\"position\":2,\"name\":\"Service\",\"item\":\"https:\/\/origin-ymi.yanmar.com\/marine\/service\/\"},{\"@type\":\"ListItem\",\"position\":3,\"name\":\"Registrera din motor\"}]},{\"@type\":\"WebSite\",\"@id\":\"https:\/\/origin-ymi.yanmar.com\/marine\/#website\",\"url\":\"https:\/\/origin-ymi.yanmar.com\/marine\/\",\"name\":\"YANMAR Marine International\",\"description\":\"Proven Marine Technology\",\"publisher\":{\"@id\":\"https:\/\/origin-ymi.yanmar.com\/marine\/#organization\"},\"potentialAction\":[{\"@type\":\"SearchAction\",\"target\":{\"@type\":\"EntryPoint\",\"urlTemplate\":\"https:\/\/origin-ymi.yanmar.com\/marine\/?s={search_term_string}\"},\"query-input\":{\"@type\":\"PropertyValueSpecification\",\"valueRequired\":true,\"valueName\":\"search_term_string\"}}],\"inLanguage\":\"en-US\"},{\"@type\":\"Organization\",\"@id\":\"https:\/\/origin-ymi.yanmar.com\/marine\/#organization\",\"name\":\"YANMAR Marine International\",\"url\":\"https:\/\/origin-ymi.yanmar.com\/marine\/\",\"logo\":{\"@type\":\"ImageObject\",\"inLanguage\":\"en-US\",\"@id\":\"https:\/\/origin-ymi.yanmar.com\/marine\/#\/schema\/logo\/image\/\",\"url\":\"https:\/\/origin-ymi.yanmar.com\/marine\/wp-content\/uploads\/2020\/03\/YANMAR-Brand-Logotype2.png\",\"contentUrl\":\"https:\/\/origin-ymi.yanmar.com\/marine\/wp-content\/uploads\/2020\/03\/YANMAR-Brand-Logotype2.png\",\"width\":842,\"height\":168,\"caption\":\"YANMAR Marine International\"},\"image\":{\"@id\":\"https:\/\/origin-ymi.yanmar.com\/marine\/#\/schema\/logo\/image\/\"}}]}<\/script>\n<!-- \/ Yoast SEO Premium plugin. -->","yoast_head_json":{"title":"Registrera din YANMAR-motor - H\u00e5ll koll p\u00e5 ditt underh\u00e5ll och mycket mer!","description":"Enkel onlineportal f\u00f6r din motorinformation, kommunikation och underh\u00e5llssp\u00e5rning - Lita p\u00e5 branschledaren YANMAR och v\u00e5rt globala servicen\u00e4tverk.","robots":{"index":"index","follow":"follow","max-snippet":"max-snippet:-1","max-image-preview":"max-image-preview:large","max-video-preview":"max-video-preview:-1"},"canonical":"https:\/\/www.yanmar.com\/marine\/service\/registrera-din-motor\/","og_locale":"en_US","og_type":"article","og_title":"Registrera din motor","og_description":"Enkel onlineportal f\u00f6r din motorinformation, kommunikation och underh\u00e5llssp\u00e5rning - Lita p\u00e5 branschledaren YANMAR och v\u00e5rt globala servicen\u00e4tverk.","og_url":"https:\/\/www.yanmar.com\/marine\/sv\/service\/registrera-din-motor\/","og_site_name":"YANMAR Marine International","article_modified_time":"2025-01-14T12:13:26+00:00","og_image":[{"url":"https:\/\/origin-ymi.yanmar.com\/marine\/wp-content\/uploads\/2020\/05\/email-supporting-graphics_sm2-1024x610.jpg","type":"","width":"","height":""}],"twitter_card":"summary_large_image","twitter_misc":{"Est. reading time":"1 minute"},"schema":{"@context":"https:\/\/schema.org","@graph":[{"@type":"WebPage","@id":"https:\/\/www.yanmar.com\/marine\/sv\/service\/registrera-din-motor\/","url":"https:\/\/www.yanmar.com\/marine\/sv\/service\/registrera-din-motor\/","name":"Registrera din YANMAR-motor - H\u00e5ll koll p\u00e5 ditt underh\u00e5ll och mycket mer!","isPartOf":{"@id":"https:\/\/origin-ymi.yanmar.com\/marine\/#website"},"primaryImageOfPage":{"@id":"https:\/\/www.yanmar.com\/marine\/sv\/service\/registrera-din-motor\/#primaryimage"},"image":{"@id":"https:\/\/www.yanmar.com\/marine\/sv\/service\/registrera-din-motor\/#primaryimage"},"thumbnailUrl":"https:\/\/origin-ymi.yanmar.com\/marine\/wp-content\/uploads\/2020\/05\/email-supporting-graphics_sm2-1024x610.jpg","datePublished":"2024-07-24T15:11:10+00:00","dateModified":"2025-01-14T12:13:26+00:00","description":"Enkel onlineportal f\u00f6r din motorinformation, kommunikation och underh\u00e5llssp\u00e5rning - Lita p\u00e5 branschledaren YANMAR och v\u00e5rt globala servicen\u00e4tverk.","breadcrumb":{"@id":"https:\/\/www.yanmar.com\/marine\/sv\/service\/registrera-din-motor\/#breadcrumb"},"inLanguage":"en-US","potentialAction":[{"@type":"ReadAction","target":["https:\/\/www.yanmar.com\/marine\/sv\/service\/registrera-din-motor\/"]}]},{"@type":"ImageObject","inLanguage":"en-US","@id":"https:\/\/www.yanmar.com\/marine\/sv\/service\/registrera-din-motor\/#primaryimage","url":"https:\/\/origin-ymi.yanmar.com\/marine\/wp-content\/uploads\/2020\/05\/email-supporting-graphics_sm2-1024x610.jpg","contentUrl":"https:\/\/origin-ymi.yanmar.com\/marine\/wp-content\/uploads\/2020\/05\/email-supporting-graphics_sm2-1024x610.jpg"},{"@type":"BreadcrumbList","@id":"https:\/\/www.yanmar.com\/marine\/sv\/service\/registrera-din-motor\/#breadcrumb","itemListElement":[{"@type":"ListItem","position":1,"name":"Yanmar Marine","item":"https:\/\/origin-ymi.yanmar.com\/marine\/"},{"@type":"ListItem","position":2,"name":"Service","item":"https:\/\/origin-ymi.yanmar.com\/marine\/service\/"},{"@type":"ListItem","position":3,"name":"Registrera din motor"}]},{"@type":"WebSite","@id":"https:\/\/origin-ymi.yanmar.com\/marine\/#website","url":"https:\/\/origin-ymi.yanmar.com\/marine\/","name":"YANMAR Marine International","description":"Proven Marine Technology","publisher":{"@id":"https:\/\/origin-ymi.yanmar.com\/marine\/#organization"},"potentialAction":[{"@type":"SearchAction","target":{"@type":"EntryPoint","urlTemplate":"https:\/\/origin-ymi.yanmar.com\/marine\/?s={search_term_string}"},"query-input":{"@type":"PropertyValueSpecification","valueRequired":true,"valueName":"search_term_string"}}],"inLanguage":"en-US"},{"@type":"Organization","@id":"https:\/\/origin-ymi.yanmar.com\/marine\/#organization","name":"YANMAR Marine International","url":"https:\/\/origin-ymi.yanmar.com\/marine\/","logo":{"@type":"ImageObject","inLanguage":"en-US","@id":"https:\/\/origin-ymi.yanmar.com\/marine\/#\/schema\/logo\/image\/","url":"https:\/\/origin-ymi.yanmar.com\/marine\/wp-content\/uploads\/2020\/03\/YANMAR-Brand-Logotype2.png","contentUrl":"https:\/\/origin-ymi.yanmar.com\/marine\/wp-content\/uploads\/2020\/03\/YANMAR-Brand-Logotype2.png","width":842,"height":168,"caption":"YANMAR Marine International"},"image":{"@id":"https:\/\/origin-ymi.yanmar.com\/marine\/#\/schema\/logo\/image\/"}}]}},"_links":{"self":[{"href":"https:\/\/www.yanmar.com\/marine\/wp-json\/wp\/v2\/pages\/44488","targetHints":{"allow":["GET"]}}],"collection":[{"href":"https:\/\/www.yanmar.com\/marine\/wp-json\/wp\/v2\/pages"}],"about":[{"href":"https:\/\/www.yanmar.com\/marine\/wp-json\/wp\/v2\/types\/page"}],"author":[{"embeddable":true,"href":"https:\/\/www.yanmar.com\/marine\/wp-json\/wp\/v2\/users\/24"}],"replies":[{"embeddable":true,"href":"https:\/\/www.yanmar.com\/marine\/wp-json\/wp\/v2\/comments?post=44488"}],"version-history":[{"count":2,"href":"https:\/\/www.yanmar.com\/marine\/wp-json\/wp\/v2\/pages\/44488\/revisions"}],"predecessor-version":[{"id":45391,"href":"https:\/\/www.yanmar.com\/marine\/wp-json\/wp\/v2\/pages\/44488\/revisions\/45391"}],"up":[{"embeddable":true,"href":"https:\/\/www.yanmar.com\/marine\/wp-json\/wp\/v2\/pages\/45604"}],"wp:attachment":[{"href":"https:\/\/www.yanmar.com\/marine\/wp-json\/wp\/v2\/media?parent=44488"}],"wp:term":[{"taxonomy":"post_tag","embeddable":true,"href":"https:\/\/www.yanmar.com\/marine\/wp-json\/wp\/v2\/tags?post=44488"}],"curies":[{"name":"wp","href":"https:\/\/api.w.org\/{rel}","templated":true}]}}