{"id":44494,"date":"2024-07-24T15:11:10","date_gmt":"2024-07-24T15:11:10","guid":{"rendered":"https:\/\/www.yanmar.com\/marine\/service\/enregistrez-votre-moteur\/"},"modified":"2025-01-14T10:52:13","modified_gmt":"2025-01-14T10:52:13","slug":"enregistrez-votre-moteur","status":"publish","type":"page","link":"https:\/\/www.yanmar.com\/marine\/fr\/service\/enregistrez-votre-moteur\/","title":{"rendered":"Enregistrez votre moteur"},"content":{"rendered":"\n<div style=\"height:auto\" aria-hidden=\"true\" class=\"wp-block-spacer is-style-small\"><\/div>\n\n<div class=\"wp-block-group\"><div class=\"wp-block-group__inner-container is-layout-constrained wp-block-group-is-layout-constrained\">\n<h6 class=\"wp-block-heading has-text-align-center has-primary-color has-text-color has-link-color wp-elements-65a144a6e4ebfcc7f992b367fbd04fde\">ENREGISTRER VOTRE MOTEUR<\/h6>\n\n\n\n<h1 class=\"wp-block-heading has-text-align-center\">Portail de soutien \u00e0 la marine YANMAR<\/h1>\n\n\n\n<div style=\"height:auto\" aria-hidden=\"true\" class=\"wp-block-spacer\"><\/div>\n<\/div><\/div>\n\n<p>Enregistrez votre moteur pour profiter du plus grand r\u00e9seau de soutien de YANMAR Marine International dans l&#8217;industrie. Nous nous effor\u00e7ons de vous offrir la meilleure exp\u00e9rience possible tout au long de la vie de votre moteur. Nous sommes heureux de vous proposer un portail en ligne pour l&#8217;information, la communication et le suivi de l&#8217;entretien de votre moteur.  <\/p>\n\n\n\n\n  \n\n<section class=\"b-two-column-media-text   has-image-full\" data-block_43dfc052e7581868ceee448ada1e908b>\n  <div class=\"b-two-column-media-text__inner b-two-column-media-text__inner--left b-two-column-media-text__width--default\" >\n    <div class=\"b-two-column-media-text__column b-two-column-media-text__column--media\">\n      <div class=\"b-two-column-media-text__column--media-images\">\n                  <img decoding=\"async\" width=\"800\" height=\"466\" src=\"https:\/\/www.yanmar.com\/marine\/wp-content\/uploads\/2024\/07\/support_portal-1.png\" class=\"wp-image b-two-column-media-text__image b-two-column-media-text__image--default\" alt=\"\" srcset=\"https:\/\/www.yanmar.com\/marine\/wp-content\/uploads\/2024\/07\/support_portal-1.png 800w, https:\/\/www.yanmar.com\/marine\/wp-content\/uploads\/2024\/07\/support_portal-1-300x175.png 300w, https:\/\/www.yanmar.com\/marine\/wp-content\/uploads\/2024\/07\/support_portal-1-768x447.png 768w\" sizes=\"(max-width: 800px) 100vw, 800px\" \/>\n        \n              <\/div>\n    <\/div>\n    <div class=\"b-two-column-media-text__column b-two-column-media-text__column--text\">\n      <div class=\"b-two-column-media-text__content\">\n                          <h2 class=\"b-two-column-media-text__title\" style=\"text-align: left;\">\u00c0 propos du portail d&#8217;assistance<\/h2>\n        \n                  <div class=\"b-two-column-media-text__description\" style=\"text-align: left;\"><p>Le portail d&#8217;assistance maritime YANMAR facilite la gestion des informations relatives \u00e0 votre syst\u00e8me de propulsion YANMAR :<\/p>\n<ul>\n<li>Enregistrez votre moteur<\/li>\n<li>Soumettre des demandes de renseignements techniques<\/li>\n<li>Voir les campagnes de services<\/li>\n<li>G\u00e9rer le profil et les pr\u00e9f\u00e9rences de votre propri\u00e9taire<\/li>\n<li>Enregistrez l&#8217;historique de l&#8217;entretien et de la maintenance<\/li>\n<li>et bien plus encore &#8230;<\/li>\n<\/ul>\n<\/div>\n        \n        <div class=\"b-two-column-media-text__button-container u-justify-left\">\n                      <a class=\"c-btn--primary\" href=\"https:\/\/yanmar.microsoftcrmportals.com\/\">\n              Connexion au portail d&#8217;assistance de YANMAR Marine\n            <\/a>\n          \n                  <\/div>\n      <\/div>\n    <\/div>\n  <\/div>\n<\/section>\n\n\n\n<div style=\"height:auto\" aria-hidden=\"true\" class=\"wp-block-spacer is-style-medium\"><\/div>\n<div class=\"wp-block-image\">\n<figure class=\"aligncenter size-large\"><img decoding=\"async\" width=\"1024\" height=\"610\" src=\"https:\/\/www.yanmar.com\/marine\/wp-content\/uploads\/2020\/05\/email-supporting-graphics_sm2-1024x610.jpg\" alt=\"\" class=\"wp-image-13884\" style=\"object-fit:cover\" srcset=\"https:\/\/www.yanmar.com\/marine\/wp-content\/uploads\/2020\/05\/email-supporting-graphics_sm2-1024x610.jpg 1024w, https:\/\/www.yanmar.com\/marine\/wp-content\/uploads\/2020\/05\/email-supporting-graphics_sm2-300x179.jpg 300w, https:\/\/www.yanmar.com\/marine\/wp-content\/uploads\/2020\/05\/email-supporting-graphics_sm2-768x458.jpg 768w, https:\/\/www.yanmar.com\/marine\/wp-content\/uploads\/2020\/05\/email-supporting-graphics_sm2-1536x915.jpg 1536w, https:\/\/www.yanmar.com\/marine\/wp-content\/uploads\/2020\/05\/email-supporting-graphics_sm2-2048x1220.jpg 2048w, https:\/\/www.yanmar.com\/marine\/wp-content\/uploads\/2020\/05\/email-supporting-graphics_sm2-scaled.jpg 1920w\" sizes=\"(max-width: 1024px) 100vw, 1024px\" \/><\/figure>\n<\/div>\n<div style=\"height:auto\" aria-hidden=\"true\" class=\"wp-block-spacer is-style-medium\"><\/div>\n\n<div class=\"wp-block-media-text is-stacked-on-mobile c-pattern c-pattern--cta has-background\" style=\"background-color:#f2f2f2\"><figure class=\"wp-block-media-text__media\"><img decoding=\"async\" width=\"542\" height=\"374\" src=\"https:\/\/www.yanmar.com\/marine\/wp-content\/uploads\/2024\/07\/image-95-1.png\" alt=\"\" class=\"wp-image-40317 size-full\" srcset=\"https:\/\/www.yanmar.com\/marine\/wp-content\/uploads\/2024\/07\/image-95-1.png 542w, https:\/\/www.yanmar.com\/marine\/wp-content\/uploads\/2024\/07\/image-95-1-300x207.png 300w\" sizes=\"(max-width: 542px) 100vw, 542px\" \/><\/figure><div class=\"wp-block-media-text__content\">\n<div style=\"height:auto\" aria-hidden=\"true\" class=\"wp-block-spacer\"><\/div>\n\n\n\n<h3 class=\"wp-block-heading has-text-align-center\"><strong>Questions et soutien<\/strong><\/h3>\n\n\n\n<p class=\"has-text-align-center\">Pour en savoir plus, <a href=\"https:\/\/www.yanmar.com\/marine\/fr\/service\/questions-frequemment-posees\/\">consultez nos FAQ<\/a> ou trouvez votre <a href=\"https:\/\/www.yanmar.com\/marine\/fr\/network\/\">revendeur ou distributeur local<\/a> dans notre r\u00e9seau mondial. N&#8217;h\u00e9sitez pas \u00e0 contacter YANMAR Marine pour toute question non technique en visitant notre page Contact ci-dessous. <\/p>\n\n\n\n<div class=\"wp-block-buttons is-content-justification-center is-layout-flex wp-container-core-buttons-is-layout-16018d1d wp-block-buttons-is-layout-flex\">\n<div class=\"wp-block-button\"><a class=\"wp-block-button__link has-text-align-center wp-element-button\" href=\"https:\/\/www.yanmar.com\/marine\/fr\/nous-contacter\/\">Contactez nous<\/a><\/div>\n<\/div>\n\n\n\n<div style=\"height:auto\" aria-hidden=\"true\" class=\"wp-block-spacer\"><\/div>\n<\/div><\/div>\n\n<div style=\"height:auto\" aria-hidden=\"true\" class=\"wp-block-spacer is-style-medium\"><\/div>\n","protected":false},"excerpt":{"rendered":"<p>ENREGISTRER VOTRE MOTEUR Portail de soutien \u00e0 la marine YANMAR Enregistrez votre moteur pour profiter du plus grand r\u00e9seau de [&hellip;]<\/p>\n","protected":false},"author":24,"featured_media":0,"parent":32740,"menu_order":0,"comment_status":"closed","ping_status":"closed","template":"","meta":{"_acf_changed":false,"footnotes":""},"tags":[585,586,590,591,587,588,589],"class_list":["post-44494","page","type-page","status-publish","hentry","tag-enregistrer-votre-moteur","tag-entretien-des-engins-de-piste","tag-portail-dassistance-yanmar","tag-portail-yanmar","tag-stocker-des-informations-sur-le-moteur","tag-yanmar-login-fr","tag-yanmar-support-fr"],"acf":[],"yoast_head":"<!-- This site is optimized with the Yoast SEO Premium plugin v27.2 (Yoast SEO v27.2) - https:\/\/yoast.com\/product\/yoast-seo-premium-wordpress\/ -->\n<title>Enregistrez votre moteur YANMAR - Gardez une trace de votre entretien et plus encore !<\/title>\n<meta name=\"description\" content=\"Portail en ligne facile d&#039;acc\u00e8s pour vos informations sur le moteur, la communication et le suivi de l&#039;entretien - Faites confiance au leader de l&#039;industrie YANMAR et \u00e0 notre r\u00e9seau mondial de services.\" \/>\n<meta name=\"robots\" content=\"index, follow, max-snippet:-1, max-image-preview:large, max-video-preview:-1\" \/>\n<link rel=\"canonical\" href=\"https:\/\/www.yanmar.com\/marine\/service\/enregistrez-votre-moteur\/\" \/>\n<meta property=\"og:locale\" content=\"en_US\" \/>\n<meta property=\"og:type\" content=\"article\" \/>\n<meta property=\"og:title\" content=\"Enregistrez votre moteur\" \/>\n<meta property=\"og:description\" content=\"Portail en ligne facile d&#039;acc\u00e8s pour vos informations sur le moteur, la communication et le suivi de l&#039;entretien - Faites confiance au leader de l&#039;industrie YANMAR et \u00e0 notre r\u00e9seau mondial de services.\" \/>\n<meta property=\"og:url\" content=\"https:\/\/www.yanmar.com\/marine\/fr\/service\/enregistrez-votre-moteur\/\" \/>\n<meta property=\"og:site_name\" content=\"YANMAR Marine International\" \/>\n<meta property=\"article:modified_time\" content=\"2025-01-14T10:52:13+00:00\" \/>\n<meta property=\"og:image\" content=\"https:\/\/origin-ymi.yanmar.com\/marine\/wp-content\/uploads\/2020\/05\/email-supporting-graphics_sm2-1024x610.jpg\" \/>\n<meta name=\"twitter:card\" content=\"summary_large_image\" \/>\n<meta name=\"twitter:label1\" content=\"Est. reading time\" \/>\n\t<meta name=\"twitter:data1\" content=\"1 minute\" \/>\n<script type=\"application\/ld+json\" class=\"yoast-schema-graph\">{\"@context\":\"https:\/\/schema.org\",\"@graph\":[{\"@type\":\"WebPage\",\"@id\":\"https:\/\/www.yanmar.com\/marine\/fr\/service\/enregistrez-votre-moteur\/\",\"url\":\"https:\/\/www.yanmar.com\/marine\/fr\/service\/enregistrez-votre-moteur\/\",\"name\":\"Enregistrez votre moteur YANMAR - Gardez une trace de votre entretien et plus encore !\",\"isPartOf\":{\"@id\":\"https:\/\/origin-ymi.yanmar.com\/marine\/#website\"},\"primaryImageOfPage\":{\"@id\":\"https:\/\/www.yanmar.com\/marine\/fr\/service\/enregistrez-votre-moteur\/#primaryimage\"},\"image\":{\"@id\":\"https:\/\/www.yanmar.com\/marine\/fr\/service\/enregistrez-votre-moteur\/#primaryimage\"},\"thumbnailUrl\":\"https:\/\/origin-ymi.yanmar.com\/marine\/wp-content\/uploads\/2020\/05\/email-supporting-graphics_sm2-1024x610.jpg\",\"datePublished\":\"2024-07-24T15:11:10+00:00\",\"dateModified\":\"2025-01-14T10:52:13+00:00\",\"description\":\"Portail en ligne facile d'acc\u00e8s pour vos informations sur le moteur, la communication et le suivi de l'entretien - Faites confiance au leader de l'industrie YANMAR et \u00e0 notre r\u00e9seau mondial de services.\",\"breadcrumb\":{\"@id\":\"https:\/\/www.yanmar.com\/marine\/fr\/service\/enregistrez-votre-moteur\/#breadcrumb\"},\"inLanguage\":\"en-US\",\"potentialAction\":[{\"@type\":\"ReadAction\",\"target\":[\"https:\/\/www.yanmar.com\/marine\/fr\/service\/enregistrez-votre-moteur\/\"]}]},{\"@type\":\"ImageObject\",\"inLanguage\":\"en-US\",\"@id\":\"https:\/\/www.yanmar.com\/marine\/fr\/service\/enregistrez-votre-moteur\/#primaryimage\",\"url\":\"https:\/\/origin-ymi.yanmar.com\/marine\/wp-content\/uploads\/2020\/05\/email-supporting-graphics_sm2-1024x610.jpg\",\"contentUrl\":\"https:\/\/origin-ymi.yanmar.com\/marine\/wp-content\/uploads\/2020\/05\/email-supporting-graphics_sm2-1024x610.jpg\"},{\"@type\":\"BreadcrumbList\",\"@id\":\"https:\/\/www.yanmar.com\/marine\/fr\/service\/enregistrez-votre-moteur\/#breadcrumb\",\"itemListElement\":[{\"@type\":\"ListItem\",\"position\":1,\"name\":\"Yanmar Marine\",\"item\":\"https:\/\/origin-ymi.yanmar.com\/marine\/\"},{\"@type\":\"ListItem\",\"position\":2,\"name\":\"Service\",\"item\":\"https:\/\/www.yanmar.com\/marine\/service\/\"},{\"@type\":\"ListItem\",\"position\":3,\"name\":\"Enregistrez votre moteur\"}]},{\"@type\":\"WebSite\",\"@id\":\"https:\/\/origin-ymi.yanmar.com\/marine\/#website\",\"url\":\"https:\/\/origin-ymi.yanmar.com\/marine\/\",\"name\":\"YANMAR Marine International\",\"description\":\"Proven Marine Technology\",\"publisher\":{\"@id\":\"https:\/\/origin-ymi.yanmar.com\/marine\/#organization\"},\"potentialAction\":[{\"@type\":\"SearchAction\",\"target\":{\"@type\":\"EntryPoint\",\"urlTemplate\":\"https:\/\/origin-ymi.yanmar.com\/marine\/?s={search_term_string}\"},\"query-input\":{\"@type\":\"PropertyValueSpecification\",\"valueRequired\":true,\"valueName\":\"search_term_string\"}}],\"inLanguage\":\"en-US\"},{\"@type\":\"Organization\",\"@id\":\"https:\/\/origin-ymi.yanmar.com\/marine\/#organization\",\"name\":\"YANMAR Marine International\",\"url\":\"https:\/\/origin-ymi.yanmar.com\/marine\/\",\"logo\":{\"@type\":\"ImageObject\",\"inLanguage\":\"en-US\",\"@id\":\"https:\/\/origin-ymi.yanmar.com\/marine\/#\/schema\/logo\/image\/\",\"url\":\"https:\/\/origin-ymi.yanmar.com\/marine\/wp-content\/uploads\/2020\/03\/YANMAR-Brand-Logotype2.png\",\"contentUrl\":\"https:\/\/origin-ymi.yanmar.com\/marine\/wp-content\/uploads\/2020\/03\/YANMAR-Brand-Logotype2.png\",\"width\":842,\"height\":168,\"caption\":\"YANMAR Marine International\"},\"image\":{\"@id\":\"https:\/\/origin-ymi.yanmar.com\/marine\/#\/schema\/logo\/image\/\"}}]}<\/script>\n<!-- \/ Yoast SEO Premium plugin. -->","yoast_head_json":{"title":"Enregistrez votre moteur YANMAR - Gardez une trace de votre entretien et plus encore !","description":"Portail en ligne facile d'acc\u00e8s pour vos informations sur le moteur, la communication et le suivi de l'entretien - Faites confiance au leader de l'industrie YANMAR et \u00e0 notre r\u00e9seau mondial de services.","robots":{"index":"index","follow":"follow","max-snippet":"max-snippet:-1","max-image-preview":"max-image-preview:large","max-video-preview":"max-video-preview:-1"},"canonical":"https:\/\/www.yanmar.com\/marine\/service\/enregistrez-votre-moteur\/","og_locale":"en_US","og_type":"article","og_title":"Enregistrez votre moteur","og_description":"Portail en ligne facile d'acc\u00e8s pour vos informations sur le moteur, la communication et le suivi de l'entretien - Faites confiance au leader de l'industrie YANMAR et \u00e0 notre r\u00e9seau mondial de services.","og_url":"https:\/\/www.yanmar.com\/marine\/fr\/service\/enregistrez-votre-moteur\/","og_site_name":"YANMAR Marine International","article_modified_time":"2025-01-14T10:52:13+00:00","og_image":[{"url":"https:\/\/origin-ymi.yanmar.com\/marine\/wp-content\/uploads\/2020\/05\/email-supporting-graphics_sm2-1024x610.jpg","type":"","width":"","height":""}],"twitter_card":"summary_large_image","twitter_misc":{"Est. reading time":"1 minute"},"schema":{"@context":"https:\/\/schema.org","@graph":[{"@type":"WebPage","@id":"https:\/\/www.yanmar.com\/marine\/fr\/service\/enregistrez-votre-moteur\/","url":"https:\/\/www.yanmar.com\/marine\/fr\/service\/enregistrez-votre-moteur\/","name":"Enregistrez votre moteur YANMAR - Gardez une trace de votre entretien et plus encore !","isPartOf":{"@id":"https:\/\/origin-ymi.yanmar.com\/marine\/#website"},"primaryImageOfPage":{"@id":"https:\/\/www.yanmar.com\/marine\/fr\/service\/enregistrez-votre-moteur\/#primaryimage"},"image":{"@id":"https:\/\/www.yanmar.com\/marine\/fr\/service\/enregistrez-votre-moteur\/#primaryimage"},"thumbnailUrl":"https:\/\/origin-ymi.yanmar.com\/marine\/wp-content\/uploads\/2020\/05\/email-supporting-graphics_sm2-1024x610.jpg","datePublished":"2024-07-24T15:11:10+00:00","dateModified":"2025-01-14T10:52:13+00:00","description":"Portail en ligne facile d'acc\u00e8s pour vos informations sur le moteur, la communication et le suivi de l'entretien - Faites confiance au leader de l'industrie YANMAR et \u00e0 notre r\u00e9seau mondial de services.","breadcrumb":{"@id":"https:\/\/www.yanmar.com\/marine\/fr\/service\/enregistrez-votre-moteur\/#breadcrumb"},"inLanguage":"en-US","potentialAction":[{"@type":"ReadAction","target":["https:\/\/www.yanmar.com\/marine\/fr\/service\/enregistrez-votre-moteur\/"]}]},{"@type":"ImageObject","inLanguage":"en-US","@id":"https:\/\/www.yanmar.com\/marine\/fr\/service\/enregistrez-votre-moteur\/#primaryimage","url":"https:\/\/origin-ymi.yanmar.com\/marine\/wp-content\/uploads\/2020\/05\/email-supporting-graphics_sm2-1024x610.jpg","contentUrl":"https:\/\/origin-ymi.yanmar.com\/marine\/wp-content\/uploads\/2020\/05\/email-supporting-graphics_sm2-1024x610.jpg"},{"@type":"BreadcrumbList","@id":"https:\/\/www.yanmar.com\/marine\/fr\/service\/enregistrez-votre-moteur\/#breadcrumb","itemListElement":[{"@type":"ListItem","position":1,"name":"Yanmar Marine","item":"https:\/\/origin-ymi.yanmar.com\/marine\/"},{"@type":"ListItem","position":2,"name":"Service","item":"https:\/\/www.yanmar.com\/marine\/service\/"},{"@type":"ListItem","position":3,"name":"Enregistrez votre moteur"}]},{"@type":"WebSite","@id":"https:\/\/origin-ymi.yanmar.com\/marine\/#website","url":"https:\/\/origin-ymi.yanmar.com\/marine\/","name":"YANMAR Marine International","description":"Proven Marine Technology","publisher":{"@id":"https:\/\/origin-ymi.yanmar.com\/marine\/#organization"},"potentialAction":[{"@type":"SearchAction","target":{"@type":"EntryPoint","urlTemplate":"https:\/\/origin-ymi.yanmar.com\/marine\/?s={search_term_string}"},"query-input":{"@type":"PropertyValueSpecification","valueRequired":true,"valueName":"search_term_string"}}],"inLanguage":"en-US"},{"@type":"Organization","@id":"https:\/\/origin-ymi.yanmar.com\/marine\/#organization","name":"YANMAR Marine International","url":"https:\/\/origin-ymi.yanmar.com\/marine\/","logo":{"@type":"ImageObject","inLanguage":"en-US","@id":"https:\/\/origin-ymi.yanmar.com\/marine\/#\/schema\/logo\/image\/","url":"https:\/\/origin-ymi.yanmar.com\/marine\/wp-content\/uploads\/2020\/03\/YANMAR-Brand-Logotype2.png","contentUrl":"https:\/\/origin-ymi.yanmar.com\/marine\/wp-content\/uploads\/2020\/03\/YANMAR-Brand-Logotype2.png","width":842,"height":168,"caption":"YANMAR Marine International"},"image":{"@id":"https:\/\/origin-ymi.yanmar.com\/marine\/#\/schema\/logo\/image\/"}}]}},"_links":{"self":[{"href":"https:\/\/www.yanmar.com\/marine\/wp-json\/wp\/v2\/pages\/44494","targetHints":{"allow":["GET"]}}],"collection":[{"href":"https:\/\/www.yanmar.com\/marine\/wp-json\/wp\/v2\/pages"}],"about":[{"href":"https:\/\/www.yanmar.com\/marine\/wp-json\/wp\/v2\/types\/page"}],"author":[{"embeddable":true,"href":"https:\/\/www.yanmar.com\/marine\/wp-json\/wp\/v2\/users\/24"}],"replies":[{"embeddable":true,"href":"https:\/\/www.yanmar.com\/marine\/wp-json\/wp\/v2\/comments?post=44494"}],"version-history":[{"count":2,"href":"https:\/\/www.yanmar.com\/marine\/wp-json\/wp\/v2\/pages\/44494\/revisions"}],"predecessor-version":[{"id":45400,"href":"https:\/\/www.yanmar.com\/marine\/wp-json\/wp\/v2\/pages\/44494\/revisions\/45400"}],"up":[{"embeddable":true,"href":"https:\/\/www.yanmar.com\/marine\/wp-json\/wp\/v2\/pages\/32740"}],"wp:attachment":[{"href":"https:\/\/www.yanmar.com\/marine\/wp-json\/wp\/v2\/media?parent=44494"}],"wp:term":[{"taxonomy":"post_tag","embeddable":true,"href":"https:\/\/www.yanmar.com\/marine\/wp-json\/wp\/v2\/tags?post=44494"}],"curies":[{"name":"wp","href":"https:\/\/api.w.org\/{rel}","templated":true}]}}