{"id":45284,"date":"2024-07-03T12:00:35","date_gmt":"2024-07-03T12:00:35","guid":{"rendered":"https:\/\/www.yanmar.com\/marine\/produkter\/kugghjul\/"},"modified":"2025-01-17T14:19:04","modified_gmt":"2025-01-17T14:19:04","slug":"kugghjul","status":"publish","type":"page","link":"https:\/\/www.yanmar.com\/marine\/sv\/produkter\/kugghjul\/","title":{"rendered":"Kugghjul"},"content":{"rendered":"\n  <div class=\"b-hero-image b-hero-bg bg-hero-bg--overlay b-hero-bg--simple b-hero-bg--normal\" data-block_d90b17d59da77d88a29ab84bcbdbc208 >\n    <img fetchpriority=\"high\" decoding=\"async\" width=\"1440\" height=\"640\" src=\"https:\/\/www.yanmar.com\/marine\/wp-content\/uploads\/2024\/07\/Rectangle-114-12.png\" class=\"wp-image b-hero-bg__img nolazyload\" alt=\"\" loading=\"eager\" srcset=\"https:\/\/www.yanmar.com\/marine\/wp-content\/uploads\/2024\/07\/Rectangle-114-12.png 1440w, https:\/\/www.yanmar.com\/marine\/wp-content\/uploads\/2024\/07\/Rectangle-114-12-300x133.png 300w, https:\/\/www.yanmar.com\/marine\/wp-content\/uploads\/2024\/07\/Rectangle-114-12-768x341.png 768w\" sizes=\"(max-width: 1440px) 100vw, 1440px\" \/>\n\n    <div class=\"b-hero-bg__content\">\n      \n                     <h2 class=\"b-hero-bg__heading \">Specialbyggda kvalitetsv\u00e4xlar<\/h2>\n                    <span class=\"b-hero-bg__subheading\">GEARDER<\/span>\n                    <div class=\"b-hero-bg__text\"><p>YANMAR samarbetar med de b\u00e4sta leverant\u00f6rerna och erbjuder en m\u00e4ngd olika kompatibla alternativ f\u00f6r axelv\u00e4xlar.<\/p>\n<\/div>\n      \n      \n          <\/div>\n  <\/div>\n\n\n\n<div style=\"height:auto\" aria-hidden=\"true\" class=\"wp-block-spacer is-style-medium\"><\/div>\n\n\n\n<div class=\"wp-block-group\"><div class=\"wp-block-group__inner-container is-layout-constrained wp-block-group-is-layout-constrained\">\n\n\n\n  \n\n<section class=\"b-two-column-media-text   has-image-full\" data-block_b2d000d06c05e7367f55192e52b49ffb>\n  <div class=\"b-two-column-media-text__inner b-two-column-media-text__inner--left b-two-column-media-text__width--default\" >\n    <div class=\"b-two-column-media-text__column b-two-column-media-text__column--media\">\n      <div class=\"b-two-column-media-text__column--media-images\">\n                  <img decoding=\"async\" width=\"512\" height=\"512\" src=\"https:\/\/www.yanmar.com\/marine\/wp-content\/uploads\/2024\/07\/image-114.png\" class=\"wp-image b-two-column-media-text__image b-two-column-media-text__image--default\" alt=\"\" srcset=\"https:\/\/www.yanmar.com\/marine\/wp-content\/uploads\/2024\/07\/image-114.png 512w, https:\/\/www.yanmar.com\/marine\/wp-content\/uploads\/2024\/07\/image-114-300x300.png 300w, https:\/\/www.yanmar.com\/marine\/wp-content\/uploads\/2024\/07\/image-114-150x150.png 150w, https:\/\/www.yanmar.com\/marine\/wp-content\/uploads\/2024\/07\/image-114-480x480.png 480w\" sizes=\"(max-width: 512px) 100vw, 512px\" \/>\n        \n              <\/div>\n    <\/div>\n    <div class=\"b-two-column-media-text__column b-two-column-media-text__column--text\">\n      <div class=\"b-two-column-media-text__content\">\n                          <h2 class=\"b-two-column-media-text__title\" style=\"text-align: left;\">Kanzaki kugghjul<\/h2>\n        \n                  <div class=\"b-two-column-media-text__description\" style=\"text-align: left;\"><p>KANZAKI marinv\u00e4xell\u00e5dor \u00e4r specialbyggda och konstruerade f\u00f6r att passa ihop med alla YANMAR marinmotorer, vilket eliminerar behovet av adaptrar eller distanser och ger det mest effektiva, balanserade, l\u00e4tta och kompakta framdrivningspaketet.<\/p>\n<\/div>\n        \n        <div class=\"b-two-column-media-text__button-container u-justify-left\">\n                      <a class=\"c-btn--primary\" href=\"https:\/\/www.yanmar.com\/marine\/product\/gears\/kanzaki-gears\/\">\n              Mer om Kanzaki-v\u00e4xlar\n            <\/a>\n          \n                  <\/div>\n      <\/div>\n    <\/div>\n  <\/div>\n<\/section>\n\n\n<\/div><\/div>\n\n\n\n<div class=\"wp-block-group\"><div class=\"wp-block-group__inner-container is-layout-constrained wp-block-group-is-layout-constrained\">\n\n\n\n  \n\n<section class=\"b-two-column-media-text   has-image-full\" data-block_7de2fed6389b71a580af0afcc055e7d9>\n  <div class=\"b-two-column-media-text__inner b-two-column-media-text__inner--right b-two-column-media-text__width--default\" >\n    <div class=\"b-two-column-media-text__column b-two-column-media-text__column--media\">\n      <div class=\"b-two-column-media-text__column--media-images\">\n                  <img decoding=\"async\" width=\"438\" height=\"438\" src=\"https:\/\/www.yanmar.com\/marine\/wp-content\/uploads\/2024\/07\/image-113.png\" class=\"wp-image b-two-column-media-text__image b-two-column-media-text__image--default\" alt=\"\" srcset=\"https:\/\/www.yanmar.com\/marine\/wp-content\/uploads\/2024\/07\/image-113.png 438w, https:\/\/www.yanmar.com\/marine\/wp-content\/uploads\/2024\/07\/image-113-300x300.png 300w, https:\/\/www.yanmar.com\/marine\/wp-content\/uploads\/2024\/07\/image-113-150x150.png 150w\" sizes=\"(max-width: 438px) 100vw, 438px\" \/>\n        \n              <\/div>\n    <\/div>\n    <div class=\"b-two-column-media-text__column b-two-column-media-text__column--text\">\n      <div class=\"b-two-column-media-text__content\">\n                          <h2 class=\"b-two-column-media-text__title\" style=\"text-align: left;\">ZF v\u00e4xlar<\/h2>\n        \n                  <div class=\"b-two-column-media-text__description\" style=\"text-align: left;\"><p>ZF \u00e4r en av de st\u00f6rsta globala tillverkarna av marina transmissioner med ett stort globalt supportn\u00e4tverk. ZF:s v\u00e4xlar \u00e4r anpassade till YANMARs specifikationer och \u00e4r l\u00e4tta, h\u00e5llbara och l\u00e4mpliga f\u00f6r h\u00f6g prestanda i en m\u00e4ngd olika till\u00e4mpningar. Se detaljer f\u00f6r din kombination av motor och transmission nedan och ladda ner ritningar h\u00e4r och p\u00e5 sidorna f\u00f6r kompatibla motorer.  <\/p>\n<\/div>\n        \n        <div class=\"b-two-column-media-text__button-container u-justify-left\">\n                      <a class=\"c-btn--primary\" href=\"https:\/\/www.yanmar.com\/marine\/product\/gears\/zf-gears\/\">\n              Mer om ZF v\u00e4xlar\n            <\/a>\n          \n                  <\/div>\n      <\/div>\n    <\/div>\n  <\/div>\n<\/section>\n\n\n<\/div><\/div>\n\n\n\n<div style=\"height:auto\" aria-hidden=\"true\" class=\"wp-block-spacer is-style-medium\"><\/div>\n\n\n\n  <div class=\"b-faq\" data-block_3caf68c3753297ea430cc4d9e9e0a5ae >\n    <div class=\"o-wrapper\">\n              <h3 class=\"b-faq__heading\">Vanliga fr\u00e5gor om YANMAR V\u00e4xlar<\/h3>\n      \n      <div id=\"faq-block_3caf68c3753297ea430cc4d9e9e0a5ae\" class=\"b-faq__items js-faq-items\">\n                                                <div class=\"b-faq__item js-faq-item\">\n            <button id=\"faq-hur-vet-jag-vilka-vaxlar-jag-behover\" class=\"b-faq__item-button js-faq-item-button\" type=\"button\" data-target=\"#faq-hur-vet-jag-vilka-vaxlar-jag-behover-answer\" aria-expanded=\"false\" aria-controls=\"faq-hur-vet-jag-vilka-vaxlar-jag-behover-answer\">Hur vet jag vilka v\u00e4xlar jag beh\u00f6ver?<\/button>\n\n            <div id=\"faq-hur-vet-jag-vilka-vaxlar-jag-behover-answer\" class=\"b-faq__item-content js-faq-item-content\" aria-labelledby=\"faq-hur-vet-jag-vilka-vaxlar-jag-behover\">\n              <div class=\"b-faq__item-content-inner\">\n                <p>F\u00f6r att best\u00e4mma r\u00e4tt YANMAR-v\u00e4xelmodell rekommenderar vi att du talar med din lokala YANMAR-distribut\u00f6r eller \u00e5terf\u00f6rs\u00e4ljare. De kan ge dig personliga rekommendationer och hj\u00e4lpa dig att fatta ett v\u00e4lgrundat beslut. <span style=\"\">Bes\u00f6k g\u00e4rna v\u00e5r <\/span><a href=\"\"><span style=\"\">N\u00e4tverkssida<\/span><\/a><span style=\"\"> f\u00f6r att hitta din lokala distribut\u00f6r eller \u00e5terf\u00f6rs\u00e4ljare.<\/span> <\/p>\n\n              <\/div>\n            <\/div>\n          <\/div>\n                                                <div class=\"b-faq__item js-faq-item\">\n            <button id=\"faq-ar-alla-vaxlar-kompatibla-med-alla-yanmar-motorer\" class=\"b-faq__item-button js-faq-item-button\" type=\"button\" data-target=\"#faq-ar-alla-vaxlar-kompatibla-med-alla-yanmar-motorer-answer\" aria-expanded=\"false\" aria-controls=\"faq-ar-alla-vaxlar-kompatibla-med-alla-yanmar-motorer-answer\">\u00c4r alla v\u00e4xlar kompatibla med alla YANMAR-motorer?<\/button>\n\n            <div id=\"faq-ar-alla-vaxlar-kompatibla-med-alla-yanmar-motorer-answer\" class=\"b-faq__item-content js-faq-item-content\" aria-labelledby=\"faq-ar-alla-vaxlar-kompatibla-med-alla-yanmar-motorer\">\n              <div class=\"b-faq__item-content-inner\">\n                <p>YANMAR-v\u00e4xlar, inklusive ZF och Kanzaki-serierna, \u00e4r konstruerade f\u00f6r att vara kompatibla med ett brett utbud av YANMAR-motorer. Vi rekommenderar att du talar med din lokala YANMAR-distribut\u00f6r eller -\u00e5terf\u00f6rs\u00e4ljare. De kan ge dig personliga rekommendationer och hj\u00e4lpa dig att fatta ett v\u00e4lgrundat beslut. <span style=\"\">Bes\u00f6k g\u00e4rna v\u00e5r <\/span><a href=\"\"><span style=\"\">N\u00e4tverkssida<\/span><\/a><span style=\"\"> f\u00f6r att hitta din lokala distribut\u00f6r eller \u00e5terf\u00f6rs\u00e4ljare.<\/span>  <\/p>\n\n              <\/div>\n            <\/div>\n          <\/div>\n                                                <div class=\"b-faq__item js-faq-item\">\n            <button id=\"faq-hur-installerar-jag-yanmar-vaxlar-i-min-bat\" class=\"b-faq__item-button js-faq-item-button\" type=\"button\" data-target=\"#faq-hur-installerar-jag-yanmar-vaxlar-i-min-bat-answer\" aria-expanded=\"false\" aria-controls=\"faq-hur-installerar-jag-yanmar-vaxlar-i-min-bat-answer\">Hur installerar jag YANMAR-v\u00e4xlar i min b\u00e5t?<\/button>\n\n            <div id=\"faq-hur-installerar-jag-yanmar-vaxlar-i-min-bat-answer\" class=\"b-faq__item-content js-faq-item-content\" aria-labelledby=\"faq-hur-installerar-jag-yanmar-vaxlar-i-min-bat\">\n              <div class=\"b-faq__item-content-inner\">\n                <p>Detaljerade installationshandb\u00f6cker finns tillg\u00e4ngliga fr\u00e5n YANMAR f\u00f6r att v\u00e4gleda dig i processen. Vi rekommenderar att installationen utf\u00f6rs av din lokala YANMAR-\u00e5terf\u00f6rs\u00e4ljare. De kan ge dig personlig service. <span style=\"https:\/\/www.yanmar.com\/marine\/network\/\">Bes\u00f6k g\u00e4rna v\u00e5r <\/span><a href=\"font-weight: 400;\"><span style=\"\">N\u00e4tverkssida<\/span><\/a><span style=\"\"> f\u00f6r att hitta din lokala distribut\u00f6r eller \u00e5terf\u00f6rs\u00e4ljare.<\/span><\/p>\n\n              <\/div>\n            <\/div>\n          <\/div>\n                                                <div class=\"b-faq__item js-faq-item\">\n            <button id=\"faq-kan-jag-prata-med-nagon-om-yanmar-vaxlar\" class=\"b-faq__item-button js-faq-item-button\" type=\"button\" data-target=\"#faq-kan-jag-prata-med-nagon-om-yanmar-vaxlar-answer\" aria-expanded=\"false\" aria-controls=\"faq-kan-jag-prata-med-nagon-om-yanmar-vaxlar-answer\">Kan jag prata med n\u00e5gon om YANMAR-v\u00e4xlar?<\/button>\n\n            <div id=\"faq-kan-jag-prata-med-nagon-om-yanmar-vaxlar-answer\" class=\"b-faq__item-content js-faq-item-content\" aria-labelledby=\"faq-kan-jag-prata-med-nagon-om-yanmar-vaxlar\">\n              <div class=\"b-faq__item-content-inner\">\n                <p>Ja, du kan kontakta din lokala YANMAR-\u00e5terf\u00f6rs\u00e4ljare f\u00f6r att f\u00e5 mer information och personlig hj\u00e4lp med YANMAR-v\u00e4xlar. De kan ge detaljerad v\u00e4gledning och support som \u00e4r skr\u00e4ddarsydd f\u00f6r dina specifika behov. <span style=\"font-weight: 400;\">Bes\u00f6k g\u00e4rna v\u00e5r <\/span><a href=\"https:\/\/www.yanmar.com\/marine\/network\/\"><span style=\"font-weight: 400;\">N\u00e4tverkssida<\/span><\/a><span style=\"font-weight: 400;\"> f\u00f6r att hitta din lokala distribut\u00f6r eller \u00e5terf\u00f6rs\u00e4ljare.<\/span> <\/p>\n\n              <\/div>\n            <\/div>\n          <\/div>\n              <\/div>\n    <\/div>\n  <\/div>\n\n\n\n<div style=\"height:auto\" aria-hidden=\"true\" class=\"wp-block-spacer is-style-small\"><\/div>\n\n\n\n<div class=\"wp-block-media-text is-stacked-on-mobile c-pattern c-pattern--cta has-background\" style=\"background-color:#f2f2f2\"><figure class=\"wp-block-media-text__media\"><img decoding=\"async\" width=\"542\" height=\"374\" src=\"https:\/\/www.yanmar.com\/marine\/wp-content\/uploads\/2024\/07\/image-95-1.png\" alt=\"\" class=\"wp-image-40317 size-full\" srcset=\"https:\/\/www.yanmar.com\/marine\/wp-content\/uploads\/2024\/07\/image-95-1.png 542w, https:\/\/www.yanmar.com\/marine\/wp-content\/uploads\/2024\/07\/image-95-1-300x207.png 300w\" sizes=\"(max-width: 542px) 100vw, 542px\" \/><\/figure><div class=\"wp-block-media-text__content\">\n<div style=\"height:auto\" aria-hidden=\"true\" class=\"wp-block-spacer\"><\/div>\n\n\n\n<h3 class=\"wp-block-heading has-text-align-center\"><strong>Fr\u00e5gor och support<\/strong><\/h3>\n\n\n\n<p class=\"has-text-align-center\">L\u00e4s mer genom att s\u00f6ka i v\u00e5ra vanliga fr\u00e5gor eller hitta din <a href=\"https:\/\/www.yanmar.com\/marine\/sv\/aterforsaljare\/\">lokala \u00e5terf\u00f6rs\u00e4ljare eller distribut\u00f6r<\/a> fr\u00e5n v\u00e5rt globala n\u00e4tverk. Du \u00e4r v\u00e4lkommen att kontakta YANMAR Marine med icke-tekniska fr\u00e5gor genom att bes\u00f6ka v\u00e5r kontaktsida nedan. <\/p>\n\n\n\n<div class=\"wp-block-buttons is-content-justification-center is-layout-flex wp-container-core-buttons-is-layout-16018d1d wp-block-buttons-is-layout-flex\">\n<div class=\"wp-block-button\"><a class=\"wp-block-button__link has-text-align-center wp-element-button\" href=\"https:\/\/www.yanmar.com\/marine\/sv\/kontakta-oss\/\">Kontakta oss<\/a><\/div>\n<\/div>\n\n\n\n<div style=\"height:auto\" aria-hidden=\"true\" class=\"wp-block-spacer\"><\/div>\n<\/div><\/div>\n\n\n\n<div style=\"height:auto\" aria-hidden=\"true\" class=\"wp-block-spacer is-style-medium\"><\/div>\n","protected":false},"excerpt":{"rendered":"","protected":false},"author":16,"featured_media":0,"parent":44475,"menu_order":0,"comment_status":"closed","ping_status":"closed","template":"","meta":{"_acf_changed":false,"footnotes":""},"tags":[],"class_list":["post-45284","page","type-page","status-publish","hentry"],"acf":[],"yoast_head":"<!-- This site is optimized with the Yoast SEO Premium plugin v27.2 (Yoast SEO v27.2) - https:\/\/yoast.com\/product\/yoast-seo-premium-wordpress\/ -->\n<title>Kugghjul - YANMAR Marine International<\/title>\n<meta name=\"robots\" content=\"index, follow, max-snippet:-1, max-image-preview:large, max-video-preview:-1\" \/>\n<link rel=\"canonical\" href=\"https:\/\/www.yanmar.com\/marine\/produkter\/kugghjul\/\" \/>\n<meta property=\"og:locale\" content=\"en_US\" \/>\n<meta property=\"og:type\" content=\"article\" \/>\n<meta property=\"og:title\" content=\"Kugghjul\" \/>\n<meta property=\"og:url\" content=\"https:\/\/www.yanmar.com\/marine\/sv\/produkter\/kugghjul\/\" \/>\n<meta property=\"og:site_name\" content=\"YANMAR Marine International\" \/>\n<meta property=\"article:modified_time\" content=\"2025-01-17T14:19:04+00:00\" \/>\n<meta property=\"og:image\" content=\"https:\/\/origin-ymi.yanmar.com\/marine\/wp-content\/uploads\/2024\/07\/image-95-1.png\" \/>\n<meta name=\"twitter:card\" content=\"summary_large_image\" \/>\n<meta name=\"twitter:label1\" content=\"Est. reading time\" \/>\n\t<meta name=\"twitter:data1\" content=\"1 minute\" \/>\n<script type=\"application\/ld+json\" class=\"yoast-schema-graph\">{\"@context\":\"https:\/\/schema.org\",\"@graph\":[{\"@type\":\"WebPage\",\"@id\":\"https:\/\/www.yanmar.com\/marine\/sv\/produkter\/kugghjul\/\",\"url\":\"https:\/\/www.yanmar.com\/marine\/sv\/produkter\/kugghjul\/\",\"name\":\"Kugghjul - YANMAR Marine International\",\"isPartOf\":{\"@id\":\"https:\/\/origin-ymi.yanmar.com\/marine\/#website\"},\"primaryImageOfPage\":{\"@id\":\"https:\/\/www.yanmar.com\/marine\/sv\/produkter\/kugghjul\/#primaryimage\"},\"image\":{\"@id\":\"https:\/\/www.yanmar.com\/marine\/sv\/produkter\/kugghjul\/#primaryimage\"},\"thumbnailUrl\":\"https:\/\/origin-ymi.yanmar.com\/marine\/wp-content\/uploads\/2024\/07\/image-95-1.png\",\"datePublished\":\"2024-07-03T12:00:35+00:00\",\"dateModified\":\"2025-01-17T14:19:04+00:00\",\"breadcrumb\":{\"@id\":\"https:\/\/www.yanmar.com\/marine\/sv\/produkter\/kugghjul\/#breadcrumb\"},\"inLanguage\":\"en-US\",\"potentialAction\":[{\"@type\":\"ReadAction\",\"target\":[\"https:\/\/www.yanmar.com\/marine\/sv\/produkter\/kugghjul\/\"]}]},{\"@type\":\"ImageObject\",\"inLanguage\":\"en-US\",\"@id\":\"https:\/\/www.yanmar.com\/marine\/sv\/produkter\/kugghjul\/#primaryimage\",\"url\":\"https:\/\/origin-ymi.yanmar.com\/marine\/wp-content\/uploads\/2024\/07\/image-95-1.png\",\"contentUrl\":\"https:\/\/origin-ymi.yanmar.com\/marine\/wp-content\/uploads\/2024\/07\/image-95-1.png\"},{\"@type\":\"BreadcrumbList\",\"@id\":\"https:\/\/www.yanmar.com\/marine\/sv\/produkter\/kugghjul\/#breadcrumb\",\"itemListElement\":[{\"@type\":\"ListItem\",\"position\":1,\"name\":\"Yanmar Marine\",\"item\":\"https:\/\/origin-ymi.yanmar.com\/marine\/\"},{\"@type\":\"ListItem\",\"position\":2,\"name\":\"Produkter\",\"item\":\"https:\/\/origin-ymi.yanmar.com\/marine\/produkter\/\"},{\"@type\":\"ListItem\",\"position\":3,\"name\":\"Kugghjul\"}]},{\"@type\":\"WebSite\",\"@id\":\"https:\/\/origin-ymi.yanmar.com\/marine\/#website\",\"url\":\"https:\/\/origin-ymi.yanmar.com\/marine\/\",\"name\":\"YANMAR Marine International\",\"description\":\"Proven Marine Technology\",\"publisher\":{\"@id\":\"https:\/\/origin-ymi.yanmar.com\/marine\/#organization\"},\"potentialAction\":[{\"@type\":\"SearchAction\",\"target\":{\"@type\":\"EntryPoint\",\"urlTemplate\":\"https:\/\/origin-ymi.yanmar.com\/marine\/?s={search_term_string}\"},\"query-input\":{\"@type\":\"PropertyValueSpecification\",\"valueRequired\":true,\"valueName\":\"search_term_string\"}}],\"inLanguage\":\"en-US\"},{\"@type\":\"Organization\",\"@id\":\"https:\/\/origin-ymi.yanmar.com\/marine\/#organization\",\"name\":\"YANMAR Marine International\",\"url\":\"https:\/\/origin-ymi.yanmar.com\/marine\/\",\"logo\":{\"@type\":\"ImageObject\",\"inLanguage\":\"en-US\",\"@id\":\"https:\/\/origin-ymi.yanmar.com\/marine\/#\/schema\/logo\/image\/\",\"url\":\"https:\/\/origin-ymi.yanmar.com\/marine\/wp-content\/uploads\/2020\/03\/YANMAR-Brand-Logotype2.png\",\"contentUrl\":\"https:\/\/origin-ymi.yanmar.com\/marine\/wp-content\/uploads\/2020\/03\/YANMAR-Brand-Logotype2.png\",\"width\":842,\"height\":168,\"caption\":\"YANMAR Marine International\"},\"image\":{\"@id\":\"https:\/\/origin-ymi.yanmar.com\/marine\/#\/schema\/logo\/image\/\"}}]}<\/script>\n<!-- \/ Yoast SEO Premium plugin. -->","yoast_head_json":{"title":"Kugghjul - YANMAR Marine International","robots":{"index":"index","follow":"follow","max-snippet":"max-snippet:-1","max-image-preview":"max-image-preview:large","max-video-preview":"max-video-preview:-1"},"canonical":"https:\/\/www.yanmar.com\/marine\/produkter\/kugghjul\/","og_locale":"en_US","og_type":"article","og_title":"Kugghjul","og_url":"https:\/\/www.yanmar.com\/marine\/sv\/produkter\/kugghjul\/","og_site_name":"YANMAR Marine International","article_modified_time":"2025-01-17T14:19:04+00:00","og_image":[{"url":"https:\/\/origin-ymi.yanmar.com\/marine\/wp-content\/uploads\/2024\/07\/image-95-1.png","type":"","width":"","height":""}],"twitter_card":"summary_large_image","twitter_misc":{"Est. reading time":"1 minute"},"schema":{"@context":"https:\/\/schema.org","@graph":[{"@type":"WebPage","@id":"https:\/\/www.yanmar.com\/marine\/sv\/produkter\/kugghjul\/","url":"https:\/\/www.yanmar.com\/marine\/sv\/produkter\/kugghjul\/","name":"Kugghjul - YANMAR Marine International","isPartOf":{"@id":"https:\/\/origin-ymi.yanmar.com\/marine\/#website"},"primaryImageOfPage":{"@id":"https:\/\/www.yanmar.com\/marine\/sv\/produkter\/kugghjul\/#primaryimage"},"image":{"@id":"https:\/\/www.yanmar.com\/marine\/sv\/produkter\/kugghjul\/#primaryimage"},"thumbnailUrl":"https:\/\/origin-ymi.yanmar.com\/marine\/wp-content\/uploads\/2024\/07\/image-95-1.png","datePublished":"2024-07-03T12:00:35+00:00","dateModified":"2025-01-17T14:19:04+00:00","breadcrumb":{"@id":"https:\/\/www.yanmar.com\/marine\/sv\/produkter\/kugghjul\/#breadcrumb"},"inLanguage":"en-US","potentialAction":[{"@type":"ReadAction","target":["https:\/\/www.yanmar.com\/marine\/sv\/produkter\/kugghjul\/"]}]},{"@type":"ImageObject","inLanguage":"en-US","@id":"https:\/\/www.yanmar.com\/marine\/sv\/produkter\/kugghjul\/#primaryimage","url":"https:\/\/origin-ymi.yanmar.com\/marine\/wp-content\/uploads\/2024\/07\/image-95-1.png","contentUrl":"https:\/\/origin-ymi.yanmar.com\/marine\/wp-content\/uploads\/2024\/07\/image-95-1.png"},{"@type":"BreadcrumbList","@id":"https:\/\/www.yanmar.com\/marine\/sv\/produkter\/kugghjul\/#breadcrumb","itemListElement":[{"@type":"ListItem","position":1,"name":"Yanmar Marine","item":"https:\/\/origin-ymi.yanmar.com\/marine\/"},{"@type":"ListItem","position":2,"name":"Produkter","item":"https:\/\/origin-ymi.yanmar.com\/marine\/produkter\/"},{"@type":"ListItem","position":3,"name":"Kugghjul"}]},{"@type":"WebSite","@id":"https:\/\/origin-ymi.yanmar.com\/marine\/#website","url":"https:\/\/origin-ymi.yanmar.com\/marine\/","name":"YANMAR Marine International","description":"Proven Marine Technology","publisher":{"@id":"https:\/\/origin-ymi.yanmar.com\/marine\/#organization"},"potentialAction":[{"@type":"SearchAction","target":{"@type":"EntryPoint","urlTemplate":"https:\/\/origin-ymi.yanmar.com\/marine\/?s={search_term_string}"},"query-input":{"@type":"PropertyValueSpecification","valueRequired":true,"valueName":"search_term_string"}}],"inLanguage":"en-US"},{"@type":"Organization","@id":"https:\/\/origin-ymi.yanmar.com\/marine\/#organization","name":"YANMAR Marine International","url":"https:\/\/origin-ymi.yanmar.com\/marine\/","logo":{"@type":"ImageObject","inLanguage":"en-US","@id":"https:\/\/origin-ymi.yanmar.com\/marine\/#\/schema\/logo\/image\/","url":"https:\/\/origin-ymi.yanmar.com\/marine\/wp-content\/uploads\/2020\/03\/YANMAR-Brand-Logotype2.png","contentUrl":"https:\/\/origin-ymi.yanmar.com\/marine\/wp-content\/uploads\/2020\/03\/YANMAR-Brand-Logotype2.png","width":842,"height":168,"caption":"YANMAR Marine International"},"image":{"@id":"https:\/\/origin-ymi.yanmar.com\/marine\/#\/schema\/logo\/image\/"}}]}},"_links":{"self":[{"href":"https:\/\/www.yanmar.com\/marine\/wp-json\/wp\/v2\/pages\/45284","targetHints":{"allow":["GET"]}}],"collection":[{"href":"https:\/\/www.yanmar.com\/marine\/wp-json\/wp\/v2\/pages"}],"about":[{"href":"https:\/\/www.yanmar.com\/marine\/wp-json\/wp\/v2\/types\/page"}],"author":[{"embeddable":true,"href":"https:\/\/www.yanmar.com\/marine\/wp-json\/wp\/v2\/users\/16"}],"replies":[{"embeddable":true,"href":"https:\/\/www.yanmar.com\/marine\/wp-json\/wp\/v2\/comments?post=45284"}],"version-history":[{"count":4,"href":"https:\/\/www.yanmar.com\/marine\/wp-json\/wp\/v2\/pages\/45284\/revisions"}],"predecessor-version":[{"id":46236,"href":"https:\/\/www.yanmar.com\/marine\/wp-json\/wp\/v2\/pages\/45284\/revisions\/46236"}],"up":[{"embeddable":true,"href":"https:\/\/www.yanmar.com\/marine\/wp-json\/wp\/v2\/pages\/44475"}],"wp:attachment":[{"href":"https:\/\/www.yanmar.com\/marine\/wp-json\/wp\/v2\/media?parent=45284"}],"wp:term":[{"taxonomy":"post_tag","embeddable":true,"href":"https:\/\/www.yanmar.com\/marine\/wp-json\/wp\/v2\/tags?post=45284"}],"curies":[{"name":"wp","href":"https:\/\/api.w.org\/{rel}","templated":true}]}}