{"id":45294,"date":"2024-07-03T12:00:35","date_gmt":"2024-07-03T12:00:35","guid":{"rendered":"https:\/\/www.yanmar.com\/marine\/produkter\/gir\/"},"modified":"2025-01-17T14:22:47","modified_gmt":"2025-01-17T14:22:47","slug":"gir","status":"publish","type":"page","link":"https:\/\/www.yanmar.com\/marine\/no\/produkter\/gir\/","title":{"rendered":"Gir"},"content":{"rendered":"\n  <div class=\"b-hero-image b-hero-bg bg-hero-bg--overlay b-hero-bg--simple b-hero-bg--normal\" data-block_3629c9fdbcb8ab1eaf23e65dda4e7c8f >\n    <img fetchpriority=\"high\" decoding=\"async\" width=\"1440\" height=\"640\" src=\"https:\/\/www.yanmar.com\/marine\/wp-content\/uploads\/2024\/07\/Rectangle-114-12.png\" class=\"wp-image b-hero-bg__img nolazyload\" alt=\"\" loading=\"eager\" srcset=\"https:\/\/www.yanmar.com\/marine\/wp-content\/uploads\/2024\/07\/Rectangle-114-12.png 1440w, https:\/\/www.yanmar.com\/marine\/wp-content\/uploads\/2024\/07\/Rectangle-114-12-300x133.png 300w, https:\/\/www.yanmar.com\/marine\/wp-content\/uploads\/2024\/07\/Rectangle-114-12-768x341.png 768w\" sizes=\"(max-width: 1440px) 100vw, 1440px\" \/>\n\n    <div class=\"b-hero-bg__content\">\n      \n                     <h2 class=\"b-hero-bg__heading \">Form\u00e5lsbygde kvalitetsgir<\/h2>\n                    <span class=\"b-hero-bg__subheading\">GEAR<\/span>\n                    <div class=\"b-hero-bg__text\"><p>YANMAR samarbeider med de beste leverand\u00f8rene og tilbyr en rekke kompatible akselgiralternativer.<\/p>\n<\/div>\n      \n      \n          <\/div>\n  <\/div>\n\n\n\n<div style=\"height:auto\" aria-hidden=\"true\" class=\"wp-block-spacer is-style-medium\"><\/div>\n\n\n\n<div class=\"wp-block-group\"><div class=\"wp-block-group__inner-container is-layout-constrained wp-block-group-is-layout-constrained\">\n\n\n\n  \n\n<section class=\"b-two-column-media-text   has-image-full\" data-block_f747a789c15d50497b98c5a2393430fa>\n  <div class=\"b-two-column-media-text__inner b-two-column-media-text__inner--left b-two-column-media-text__width--default\" >\n    <div class=\"b-two-column-media-text__column b-two-column-media-text__column--media\">\n      <div class=\"b-two-column-media-text__column--media-images\">\n                  <img decoding=\"async\" width=\"512\" height=\"512\" src=\"https:\/\/www.yanmar.com\/marine\/wp-content\/uploads\/2024\/07\/image-114.png\" class=\"wp-image b-two-column-media-text__image b-two-column-media-text__image--default\" alt=\"\" srcset=\"https:\/\/www.yanmar.com\/marine\/wp-content\/uploads\/2024\/07\/image-114.png 512w, https:\/\/www.yanmar.com\/marine\/wp-content\/uploads\/2024\/07\/image-114-300x300.png 300w, https:\/\/www.yanmar.com\/marine\/wp-content\/uploads\/2024\/07\/image-114-150x150.png 150w, https:\/\/www.yanmar.com\/marine\/wp-content\/uploads\/2024\/07\/image-114-480x480.png 480w\" sizes=\"(max-width: 512px) 100vw, 512px\" \/>\n        \n              <\/div>\n    <\/div>\n    <div class=\"b-two-column-media-text__column b-two-column-media-text__column--text\">\n      <div class=\"b-two-column-media-text__content\">\n                          <h2 class=\"b-two-column-media-text__title\" style=\"text-align: left;\">Kanzaki-gir<\/h2>\n        \n                  <div class=\"b-two-column-media-text__description\" style=\"text-align: left;\"><p>KANZAKI marine girkasser er spesialbygd og konstruert for \u00e5 kunne kobles til alle YANMARs marinemotorer, uten adaptere eller avstandsstykker, for \u00e5 gi den mest effektive, balanserte, lette og kompakte fremdriftspakken.<\/p>\n<\/div>\n        \n        <div class=\"b-two-column-media-text__button-container u-justify-left\">\n                      <a class=\"c-btn--primary\" href=\"https:\/\/www.yanmar.com\/marine\/product\/gears\/kanzaki-gears\/\">\n              Mer om Kanzaki-gir\n            <\/a>\n          \n                  <\/div>\n      <\/div>\n    <\/div>\n  <\/div>\n<\/section>\n\n\n<\/div><\/div>\n\n\n\n<div class=\"wp-block-group\"><div class=\"wp-block-group__inner-container is-layout-constrained wp-block-group-is-layout-constrained\">\n\n\n\n  \n\n<section class=\"b-two-column-media-text   has-image-full\" data-block_3996192ec3bac506e1326db6e2e37f24>\n  <div class=\"b-two-column-media-text__inner b-two-column-media-text__inner--right b-two-column-media-text__width--default\" >\n    <div class=\"b-two-column-media-text__column b-two-column-media-text__column--media\">\n      <div class=\"b-two-column-media-text__column--media-images\">\n                  <img decoding=\"async\" width=\"438\" height=\"438\" src=\"https:\/\/www.yanmar.com\/marine\/wp-content\/uploads\/2024\/07\/image-113.png\" class=\"wp-image b-two-column-media-text__image b-two-column-media-text__image--default\" alt=\"\" srcset=\"https:\/\/www.yanmar.com\/marine\/wp-content\/uploads\/2024\/07\/image-113.png 438w, https:\/\/www.yanmar.com\/marine\/wp-content\/uploads\/2024\/07\/image-113-300x300.png 300w, https:\/\/www.yanmar.com\/marine\/wp-content\/uploads\/2024\/07\/image-113-150x150.png 150w\" sizes=\"(max-width: 438px) 100vw, 438px\" \/>\n        \n              <\/div>\n    <\/div>\n    <div class=\"b-two-column-media-text__column b-two-column-media-text__column--text\">\n      <div class=\"b-two-column-media-text__content\">\n                          <h2 class=\"b-two-column-media-text__title\" style=\"text-align: left;\">ZF-gir<\/h2>\n        \n                  <div class=\"b-two-column-media-text__description\" style=\"text-align: left;\"><p>ZF er en av verdens st\u00f8rste produsenter av marine girkasser med et stort globalt st\u00f8ttenettverk. ZF-girene er tilpasset YANMARs spesifikasjoner og er lette, slitesterke og egnet for h\u00f8y ytelse p\u00e5 en rekke bruksomr\u00e5der. Se detaljer for din motor\/transmisjon-kombinasjon nedenfor, og last ned tegninger her og p\u00e5 sidene for kompatible motorer.  <\/p>\n<\/div>\n        \n        <div class=\"b-two-column-media-text__button-container u-justify-left\">\n                      <a class=\"c-btn--primary\" href=\"https:\/\/www.yanmar.com\/marine\/product\/gears\/zf-gears\/\">\n              Mer om ZF-gir\n            <\/a>\n          \n                  <\/div>\n      <\/div>\n    <\/div>\n  <\/div>\n<\/section>\n\n\n<\/div><\/div>\n\n\n\n<div style=\"height:auto\" aria-hidden=\"true\" class=\"wp-block-spacer is-style-medium\"><\/div>\n\n\n\n  <div class=\"b-faq\" data-block_3b4409ad1a784ec6d31f5bf2ade9e1ea >\n    <div class=\"o-wrapper\">\n              <h3 class=\"b-faq__heading\">Vanlige sp\u00f8rsm\u00e5l om YANMAR Gears<\/h3>\n      \n      <div id=\"faq-block_3b4409ad1a784ec6d31f5bf2ade9e1ea\" class=\"b-faq__items js-faq-items\">\n                                                <div class=\"b-faq__item js-faq-item\">\n            <button id=\"faq-hvordan-vet-jeg-hvilke-tannhjul-jeg-trenger\" class=\"b-faq__item-button js-faq-item-button\" type=\"button\" data-target=\"#faq-hvordan-vet-jeg-hvilke-tannhjul-jeg-trenger-answer\" aria-expanded=\"false\" aria-controls=\"faq-hvordan-vet-jeg-hvilke-tannhjul-jeg-trenger-answer\">Hvordan vet jeg hvilke tannhjul jeg trenger?<\/button>\n\n            <div id=\"faq-hvordan-vet-jeg-hvilke-tannhjul-jeg-trenger-answer\" class=\"b-faq__item-content js-faq-item-content\" aria-labelledby=\"faq-hvordan-vet-jeg-hvilke-tannhjul-jeg-trenger\">\n              <div class=\"b-faq__item-content-inner\">\n                <p>For \u00e5 finne riktig YANMAR-girmodell anbefaler vi at du tar kontakt med din lokale YANMAR-distribut\u00f8r eller -forhandler. De kan gi deg personlige anbefalinger og hjelpe deg med \u00e5 ta en informert beslutning. <span style=\"\">Vennligst bes\u00f8k v\u00e5r <\/span><a href=\"\"><span style=\"\">Nettverksside<\/span><\/a><span style=\"\"> for \u00e5 finne din lokale distribut\u00f8r eller forhandler.<\/span> <\/p>\n\n              <\/div>\n            <\/div>\n          <\/div>\n                                                <div class=\"b-faq__item js-faq-item\">\n            <button id=\"faq-er-alle-girene-kompatible-med-alle-yanmar-motorer\" class=\"b-faq__item-button js-faq-item-button\" type=\"button\" data-target=\"#faq-er-alle-girene-kompatible-med-alle-yanmar-motorer-answer\" aria-expanded=\"false\" aria-controls=\"faq-er-alle-girene-kompatible-med-alle-yanmar-motorer-answer\">Er alle girene kompatible med alle YANMAR-motorer?<\/button>\n\n            <div id=\"faq-er-alle-girene-kompatible-med-alle-yanmar-motorer-answer\" class=\"b-faq__item-content js-faq-item-content\" aria-labelledby=\"faq-er-alle-girene-kompatible-med-alle-yanmar-motorer\">\n              <div class=\"b-faq__item-content-inner\">\n                <p>YANMAR-girene, inkludert ZF- og Kanzaki-seriene, er konstruert for \u00e5 v\u00e6re kompatible med et bredt utvalg av YANMAR-motorer. Vi anbefaler at du snakker med din lokale YANMAR-distribut\u00f8r eller -forhandler. De kan gi deg personlige anbefalinger og hjelpe deg med \u00e5 ta en informert beslutning. <span style=\"\">Vennligst bes\u00f8k v\u00e5r <\/span><a href=\"\"><span style=\"\">Nettverksside<\/span><\/a><span style=\"\"> for \u00e5 finne din lokale distribut\u00f8r eller forhandler.<\/span>  <\/p>\n\n              <\/div>\n            <\/div>\n          <\/div>\n                                                <div class=\"b-faq__item js-faq-item\">\n            <button id=\"faq-hvordan-installerer-jeg-yanmar-gir-i-baten-min\" class=\"b-faq__item-button js-faq-item-button\" type=\"button\" data-target=\"#faq-hvordan-installerer-jeg-yanmar-gir-i-baten-min-answer\" aria-expanded=\"false\" aria-controls=\"faq-hvordan-installerer-jeg-yanmar-gir-i-baten-min-answer\">Hvordan installerer jeg YANMAR-gir i b\u00e5ten min?<\/button>\n\n            <div id=\"faq-hvordan-installerer-jeg-yanmar-gir-i-baten-min-answer\" class=\"b-faq__item-content js-faq-item-content\" aria-labelledby=\"faq-hvordan-installerer-jeg-yanmar-gir-i-baten-min\">\n              <div class=\"b-faq__item-content-inner\">\n                <p>Detaljerte installasjonsh\u00e5ndb\u00f8ker er tilgjengelige fra YANMAR for \u00e5 veilede deg i prosessen. Vi anbefaler at installasjonen utf\u00f8res av din lokale YANMAR-forhandler. De kan gi deg personlig service. <span style=\"https:\/\/www.yanmar.com\/marine\/network\/\">Vennligst bes\u00f8k v\u00e5r <\/span><a href=\"font-weight: 400;\"><span style=\"\">Nettverksside<\/span><\/a><span style=\"\"> for \u00e5 finne din lokale distribut\u00f8r eller forhandler.<\/span><\/p>\n\n              <\/div>\n            <\/div>\n          <\/div>\n                                                <div class=\"b-faq__item js-faq-item\">\n            <button id=\"faq-kan-jeg-fa-snakke-med-noen-om-yanmar-gir\" class=\"b-faq__item-button js-faq-item-button\" type=\"button\" data-target=\"#faq-kan-jeg-fa-snakke-med-noen-om-yanmar-gir-answer\" aria-expanded=\"false\" aria-controls=\"faq-kan-jeg-fa-snakke-med-noen-om-yanmar-gir-answer\">Kan jeg f\u00e5 snakke med noen om YANMAR-gir?<\/button>\n\n            <div id=\"faq-kan-jeg-fa-snakke-med-noen-om-yanmar-gir-answer\" class=\"b-faq__item-content js-faq-item-content\" aria-labelledby=\"faq-kan-jeg-fa-snakke-med-noen-om-yanmar-gir\">\n              <div class=\"b-faq__item-content-inner\">\n                <p>Ja, du kan kontakte din lokale YANMAR-forhandler for mer informasjon og personlig hjelp med YANMAR-gir. De kan gi deg detaljert veiledning og st\u00f8tte som er skreddersydd til dine spesifikke behov. <span style=\"font-weight: 400;\">Vennligst bes\u00f8k v\u00e5r <\/span><a href=\"https:\/\/www.yanmar.com\/marine\/network\/\"><span style=\"font-weight: 400;\">Nettverksside<\/span><\/a><span style=\"font-weight: 400;\"> for \u00e5 finne din lokale distribut\u00f8r eller forhandler.<\/span> <\/p>\n\n              <\/div>\n            <\/div>\n          <\/div>\n              <\/div>\n    <\/div>\n  <\/div>\n\n\n\n<div style=\"height:auto\" aria-hidden=\"true\" class=\"wp-block-spacer is-style-small\"><\/div>\n\n\n\n<div class=\"wp-block-media-text is-stacked-on-mobile c-pattern c-pattern--cta has-background\" style=\"background-color:#f2f2f2\"><figure class=\"wp-block-media-text__media\"><img decoding=\"async\" width=\"542\" height=\"374\" src=\"https:\/\/www.yanmar.com\/marine\/wp-content\/uploads\/2024\/07\/image-95-1.png\" alt=\"\" class=\"wp-image-40317 size-full\" srcset=\"https:\/\/www.yanmar.com\/marine\/wp-content\/uploads\/2024\/07\/image-95-1.png 542w, https:\/\/www.yanmar.com\/marine\/wp-content\/uploads\/2024\/07\/image-95-1-300x207.png 300w\" sizes=\"(max-width: 542px) 100vw, 542px\" \/><\/figure><div class=\"wp-block-media-text__content\">\n<div style=\"height:auto\" aria-hidden=\"true\" class=\"wp-block-spacer\"><\/div>\n\n\n\n<h3 class=\"wp-block-heading has-text-align-center\"><strong>Sp\u00f8rsm\u00e5l og support<\/strong><\/h3>\n\n\n\n<p class=\"has-text-align-center\">Finn ut mer ved \u00e5 <a href=\"https:\/\/www.yanmar.com\/marine\/no\/service\/ofte-stilte-sporsmal\/\">s\u00f8ke i v\u00e5re ofte stilte sp\u00f8rsm\u00e5l<\/a>, eller finn din <a href=\"https:\/\/www.yanmar.com\/marine\/no\/nettverk\/\">lokale forhandler eller distribut\u00f8r<\/a> fra v\u00e5rt globale nettverk. Ta gjerne kontakt med YANMAR Marine hvis du har ikke-tekniske sp\u00f8rsm\u00e5l, ved \u00e5 g\u00e5 til kontaktsiden nedenfor.<\/p>\n\n\n\n<div class=\"wp-block-buttons is-content-justification-center is-layout-flex wp-container-core-buttons-is-layout-16018d1d wp-block-buttons-is-layout-flex\">\n<div class=\"wp-block-button\"><a class=\"wp-block-button__link has-text-align-center wp-element-button\" href=\"https:\/\/www.yanmar.com\/marine\/no\/kontakt-oss\/\">Kontakt oss<\/a><\/div>\n<\/div>\n\n\n\n<div style=\"height:auto\" aria-hidden=\"true\" class=\"wp-block-spacer\"><\/div>\n<\/div><\/div>\n\n\n\n<div style=\"height:auto\" aria-hidden=\"true\" class=\"wp-block-spacer is-style-medium\"><\/div>\n","protected":false},"excerpt":{"rendered":"","protected":false},"author":16,"featured_media":0,"parent":44483,"menu_order":0,"comment_status":"closed","ping_status":"closed","template":"","meta":{"_acf_changed":false,"footnotes":""},"tags":[],"class_list":["post-45294","page","type-page","status-publish","hentry"],"acf":[],"yoast_head":"<!-- This site is optimized with the Yoast SEO Premium plugin v27.2 (Yoast SEO v27.2) - https:\/\/yoast.com\/product\/yoast-seo-premium-wordpress\/ -->\n<title>Gir - YANMAR Marine International<\/title>\n<meta name=\"robots\" content=\"index, follow, max-snippet:-1, max-image-preview:large, max-video-preview:-1\" \/>\n<link rel=\"canonical\" href=\"https:\/\/www.yanmar.com\/marine\/produkter\/gir\/\" \/>\n<meta property=\"og:locale\" content=\"en_US\" \/>\n<meta property=\"og:type\" content=\"article\" \/>\n<meta property=\"og:title\" content=\"Gir\" \/>\n<meta property=\"og:url\" content=\"https:\/\/www.yanmar.com\/marine\/no\/produkter\/gir\/\" \/>\n<meta property=\"og:site_name\" content=\"YANMAR Marine International\" \/>\n<meta property=\"article:modified_time\" content=\"2025-01-17T14:22:47+00:00\" \/>\n<meta property=\"og:image\" content=\"https:\/\/origin-ymi.yanmar.com\/marine\/wp-content\/uploads\/2024\/07\/image-95-1.png\" \/>\n<meta name=\"twitter:card\" content=\"summary_large_image\" \/>\n<meta name=\"twitter:label1\" content=\"Est. reading time\" \/>\n\t<meta name=\"twitter:data1\" content=\"1 minute\" \/>\n<script type=\"application\/ld+json\" class=\"yoast-schema-graph\">{\"@context\":\"https:\/\/schema.org\",\"@graph\":[{\"@type\":\"WebPage\",\"@id\":\"https:\/\/www.yanmar.com\/marine\/no\/produkter\/gir\/\",\"url\":\"https:\/\/www.yanmar.com\/marine\/no\/produkter\/gir\/\",\"name\":\"Gir - YANMAR Marine International\",\"isPartOf\":{\"@id\":\"https:\/\/origin-ymi.yanmar.com\/marine\/#website\"},\"primaryImageOfPage\":{\"@id\":\"https:\/\/www.yanmar.com\/marine\/no\/produkter\/gir\/#primaryimage\"},\"image\":{\"@id\":\"https:\/\/www.yanmar.com\/marine\/no\/produkter\/gir\/#primaryimage\"},\"thumbnailUrl\":\"https:\/\/origin-ymi.yanmar.com\/marine\/wp-content\/uploads\/2024\/07\/image-95-1.png\",\"datePublished\":\"2024-07-03T12:00:35+00:00\",\"dateModified\":\"2025-01-17T14:22:47+00:00\",\"breadcrumb\":{\"@id\":\"https:\/\/www.yanmar.com\/marine\/no\/produkter\/gir\/#breadcrumb\"},\"inLanguage\":\"en-US\",\"potentialAction\":[{\"@type\":\"ReadAction\",\"target\":[\"https:\/\/www.yanmar.com\/marine\/no\/produkter\/gir\/\"]}]},{\"@type\":\"ImageObject\",\"inLanguage\":\"en-US\",\"@id\":\"https:\/\/www.yanmar.com\/marine\/no\/produkter\/gir\/#primaryimage\",\"url\":\"https:\/\/origin-ymi.yanmar.com\/marine\/wp-content\/uploads\/2024\/07\/image-95-1.png\",\"contentUrl\":\"https:\/\/origin-ymi.yanmar.com\/marine\/wp-content\/uploads\/2024\/07\/image-95-1.png\"},{\"@type\":\"BreadcrumbList\",\"@id\":\"https:\/\/www.yanmar.com\/marine\/no\/produkter\/gir\/#breadcrumb\",\"itemListElement\":[{\"@type\":\"ListItem\",\"position\":1,\"name\":\"Yanmar Marine\",\"item\":\"https:\/\/origin-ymi.yanmar.com\/marine\/\"},{\"@type\":\"ListItem\",\"position\":2,\"name\":\"Produkter\",\"item\":\"https:\/\/origin-ymi.yanmar.com\/marine\/produkter\/\"},{\"@type\":\"ListItem\",\"position\":3,\"name\":\"Gir\"}]},{\"@type\":\"WebSite\",\"@id\":\"https:\/\/origin-ymi.yanmar.com\/marine\/#website\",\"url\":\"https:\/\/origin-ymi.yanmar.com\/marine\/\",\"name\":\"YANMAR Marine International\",\"description\":\"Proven Marine Technology\",\"publisher\":{\"@id\":\"https:\/\/origin-ymi.yanmar.com\/marine\/#organization\"},\"potentialAction\":[{\"@type\":\"SearchAction\",\"target\":{\"@type\":\"EntryPoint\",\"urlTemplate\":\"https:\/\/origin-ymi.yanmar.com\/marine\/?s={search_term_string}\"},\"query-input\":{\"@type\":\"PropertyValueSpecification\",\"valueRequired\":true,\"valueName\":\"search_term_string\"}}],\"inLanguage\":\"en-US\"},{\"@type\":\"Organization\",\"@id\":\"https:\/\/origin-ymi.yanmar.com\/marine\/#organization\",\"name\":\"YANMAR Marine International\",\"url\":\"https:\/\/origin-ymi.yanmar.com\/marine\/\",\"logo\":{\"@type\":\"ImageObject\",\"inLanguage\":\"en-US\",\"@id\":\"https:\/\/origin-ymi.yanmar.com\/marine\/#\/schema\/logo\/image\/\",\"url\":\"https:\/\/origin-ymi.yanmar.com\/marine\/wp-content\/uploads\/2020\/03\/YANMAR-Brand-Logotype2.png\",\"contentUrl\":\"https:\/\/origin-ymi.yanmar.com\/marine\/wp-content\/uploads\/2020\/03\/YANMAR-Brand-Logotype2.png\",\"width\":842,\"height\":168,\"caption\":\"YANMAR Marine International\"},\"image\":{\"@id\":\"https:\/\/origin-ymi.yanmar.com\/marine\/#\/schema\/logo\/image\/\"}}]}<\/script>\n<!-- \/ Yoast SEO Premium plugin. -->","yoast_head_json":{"title":"Gir - YANMAR Marine International","robots":{"index":"index","follow":"follow","max-snippet":"max-snippet:-1","max-image-preview":"max-image-preview:large","max-video-preview":"max-video-preview:-1"},"canonical":"https:\/\/www.yanmar.com\/marine\/produkter\/gir\/","og_locale":"en_US","og_type":"article","og_title":"Gir","og_url":"https:\/\/www.yanmar.com\/marine\/no\/produkter\/gir\/","og_site_name":"YANMAR Marine International","article_modified_time":"2025-01-17T14:22:47+00:00","og_image":[{"url":"https:\/\/origin-ymi.yanmar.com\/marine\/wp-content\/uploads\/2024\/07\/image-95-1.png","type":"","width":"","height":""}],"twitter_card":"summary_large_image","twitter_misc":{"Est. reading time":"1 minute"},"schema":{"@context":"https:\/\/schema.org","@graph":[{"@type":"WebPage","@id":"https:\/\/www.yanmar.com\/marine\/no\/produkter\/gir\/","url":"https:\/\/www.yanmar.com\/marine\/no\/produkter\/gir\/","name":"Gir - YANMAR Marine International","isPartOf":{"@id":"https:\/\/origin-ymi.yanmar.com\/marine\/#website"},"primaryImageOfPage":{"@id":"https:\/\/www.yanmar.com\/marine\/no\/produkter\/gir\/#primaryimage"},"image":{"@id":"https:\/\/www.yanmar.com\/marine\/no\/produkter\/gir\/#primaryimage"},"thumbnailUrl":"https:\/\/origin-ymi.yanmar.com\/marine\/wp-content\/uploads\/2024\/07\/image-95-1.png","datePublished":"2024-07-03T12:00:35+00:00","dateModified":"2025-01-17T14:22:47+00:00","breadcrumb":{"@id":"https:\/\/www.yanmar.com\/marine\/no\/produkter\/gir\/#breadcrumb"},"inLanguage":"en-US","potentialAction":[{"@type":"ReadAction","target":["https:\/\/www.yanmar.com\/marine\/no\/produkter\/gir\/"]}]},{"@type":"ImageObject","inLanguage":"en-US","@id":"https:\/\/www.yanmar.com\/marine\/no\/produkter\/gir\/#primaryimage","url":"https:\/\/origin-ymi.yanmar.com\/marine\/wp-content\/uploads\/2024\/07\/image-95-1.png","contentUrl":"https:\/\/origin-ymi.yanmar.com\/marine\/wp-content\/uploads\/2024\/07\/image-95-1.png"},{"@type":"BreadcrumbList","@id":"https:\/\/www.yanmar.com\/marine\/no\/produkter\/gir\/#breadcrumb","itemListElement":[{"@type":"ListItem","position":1,"name":"Yanmar Marine","item":"https:\/\/origin-ymi.yanmar.com\/marine\/"},{"@type":"ListItem","position":2,"name":"Produkter","item":"https:\/\/origin-ymi.yanmar.com\/marine\/produkter\/"},{"@type":"ListItem","position":3,"name":"Gir"}]},{"@type":"WebSite","@id":"https:\/\/origin-ymi.yanmar.com\/marine\/#website","url":"https:\/\/origin-ymi.yanmar.com\/marine\/","name":"YANMAR Marine International","description":"Proven Marine Technology","publisher":{"@id":"https:\/\/origin-ymi.yanmar.com\/marine\/#organization"},"potentialAction":[{"@type":"SearchAction","target":{"@type":"EntryPoint","urlTemplate":"https:\/\/origin-ymi.yanmar.com\/marine\/?s={search_term_string}"},"query-input":{"@type":"PropertyValueSpecification","valueRequired":true,"valueName":"search_term_string"}}],"inLanguage":"en-US"},{"@type":"Organization","@id":"https:\/\/origin-ymi.yanmar.com\/marine\/#organization","name":"YANMAR Marine International","url":"https:\/\/origin-ymi.yanmar.com\/marine\/","logo":{"@type":"ImageObject","inLanguage":"en-US","@id":"https:\/\/origin-ymi.yanmar.com\/marine\/#\/schema\/logo\/image\/","url":"https:\/\/origin-ymi.yanmar.com\/marine\/wp-content\/uploads\/2020\/03\/YANMAR-Brand-Logotype2.png","contentUrl":"https:\/\/origin-ymi.yanmar.com\/marine\/wp-content\/uploads\/2020\/03\/YANMAR-Brand-Logotype2.png","width":842,"height":168,"caption":"YANMAR Marine International"},"image":{"@id":"https:\/\/origin-ymi.yanmar.com\/marine\/#\/schema\/logo\/image\/"}}]}},"_links":{"self":[{"href":"https:\/\/www.yanmar.com\/marine\/wp-json\/wp\/v2\/pages\/45294","targetHints":{"allow":["GET"]}}],"collection":[{"href":"https:\/\/www.yanmar.com\/marine\/wp-json\/wp\/v2\/pages"}],"about":[{"href":"https:\/\/www.yanmar.com\/marine\/wp-json\/wp\/v2\/types\/page"}],"author":[{"embeddable":true,"href":"https:\/\/www.yanmar.com\/marine\/wp-json\/wp\/v2\/users\/16"}],"replies":[{"embeddable":true,"href":"https:\/\/www.yanmar.com\/marine\/wp-json\/wp\/v2\/comments?post=45294"}],"version-history":[{"count":5,"href":"https:\/\/www.yanmar.com\/marine\/wp-json\/wp\/v2\/pages\/45294\/revisions"}],"predecessor-version":[{"id":46246,"href":"https:\/\/www.yanmar.com\/marine\/wp-json\/wp\/v2\/pages\/45294\/revisions\/46246"}],"up":[{"embeddable":true,"href":"https:\/\/www.yanmar.com\/marine\/wp-json\/wp\/v2\/pages\/44483"}],"wp:attachment":[{"href":"https:\/\/www.yanmar.com\/marine\/wp-json\/wp\/v2\/media?parent=45294"}],"wp:term":[{"taxonomy":"post_tag","embeddable":true,"href":"https:\/\/www.yanmar.com\/marine\/wp-json\/wp\/v2\/tags?post=45294"}],"curies":[{"name":"wp","href":"https:\/\/api.w.org\/{rel}","templated":true}]}}