{"id":45296,"date":"2024-07-03T12:00:35","date_gmt":"2024-07-03T12:00:35","guid":{"rendered":"https:\/\/www.yanmar.com\/marine\/produits\/engrenages\/"},"modified":"2025-01-17T14:14:16","modified_gmt":"2025-01-17T14:14:16","slug":"engrenages","status":"publish","type":"page","link":"https:\/\/www.yanmar.com\/marine\/fr\/produits\/engrenages\/","title":{"rendered":"Engrenages"},"content":{"rendered":"\n  <div class=\"b-hero-image b-hero-bg bg-hero-bg--overlay b-hero-bg--simple b-hero-bg--normal\" data-block_95c3117c8dc86de60a298a3584961977 >\n    <img fetchpriority=\"high\" decoding=\"async\" width=\"1440\" height=\"640\" src=\"https:\/\/www.yanmar.com\/marine\/wp-content\/uploads\/2024\/07\/Rectangle-114-12.png\" class=\"wp-image b-hero-bg__img nolazyload\" alt=\"\" loading=\"eager\" srcset=\"https:\/\/www.yanmar.com\/marine\/wp-content\/uploads\/2024\/07\/Rectangle-114-12.png 1440w, https:\/\/www.yanmar.com\/marine\/wp-content\/uploads\/2024\/07\/Rectangle-114-12-300x133.png 300w, https:\/\/www.yanmar.com\/marine\/wp-content\/uploads\/2024\/07\/Rectangle-114-12-768x341.png 768w\" sizes=\"(max-width: 1440px) 100vw, 1440px\" \/>\n\n    <div class=\"b-hero-bg__content\">\n      \n                     <h2 class=\"b-hero-bg__heading \">Engrenages de qualit\u00e9 con\u00e7us \u00e0 cet effet<\/h2>\n                    <span class=\"b-hero-bg__subheading\">V\u00c9HICULES<\/span>\n                    <div class=\"b-hero-bg__text\"><p>En partenariat avec les meilleurs fournisseurs, YANMAR offre une vari\u00e9t\u00e9 d&#8217;options d&#8217;engrenages d&#8217;arbre compatibles.<\/p>\n<\/div>\n      \n      \n          <\/div>\n  <\/div>\n\n\n\n<div style=\"height:auto\" aria-hidden=\"true\" class=\"wp-block-spacer is-style-medium\"><\/div>\n\n\n\n<div class=\"wp-block-group\"><div class=\"wp-block-group__inner-container is-layout-constrained wp-block-group-is-layout-constrained\">\n\n\n\n  \n\n<section class=\"b-two-column-media-text   has-image-full\" data-block_50d02f47a3c5c32d7dee8d72c02a6f53>\n  <div class=\"b-two-column-media-text__inner b-two-column-media-text__inner--left b-two-column-media-text__width--default\" >\n    <div class=\"b-two-column-media-text__column b-two-column-media-text__column--media\">\n      <div class=\"b-two-column-media-text__column--media-images\">\n                  <img decoding=\"async\" width=\"512\" height=\"512\" src=\"https:\/\/www.yanmar.com\/marine\/wp-content\/uploads\/2024\/07\/image-114.png\" class=\"wp-image b-two-column-media-text__image b-two-column-media-text__image--default\" alt=\"\" srcset=\"https:\/\/www.yanmar.com\/marine\/wp-content\/uploads\/2024\/07\/image-114.png 512w, https:\/\/www.yanmar.com\/marine\/wp-content\/uploads\/2024\/07\/image-114-300x300.png 300w, https:\/\/www.yanmar.com\/marine\/wp-content\/uploads\/2024\/07\/image-114-150x150.png 150w, https:\/\/www.yanmar.com\/marine\/wp-content\/uploads\/2024\/07\/image-114-480x480.png 480w\" sizes=\"(max-width: 512px) 100vw, 512px\" \/>\n        \n              <\/div>\n    <\/div>\n    <div class=\"b-two-column-media-text__column b-two-column-media-text__column--text\">\n      <div class=\"b-two-column-media-text__content\">\n                          <h2 class=\"b-two-column-media-text__title\" style=\"text-align: left;\">Engrenages Kanzaki<\/h2>\n        \n                  <div class=\"b-two-column-media-text__description\" style=\"text-align: left;\"><p>Les transmissions marines KANZAKI sont construites sur mesure et con\u00e7ues pour s&#8217;associer \u00e0 tous les moteurs marins YANMAR, \u00e9liminant les adaptateurs ou les entretoises pour fournir l&#8217;ensemble de propulsion le plus efficace, le plus \u00e9quilibr\u00e9, le plus l\u00e9ger et le plus compact.<\/p>\n<\/div>\n        \n        <div class=\"b-two-column-media-text__button-container u-justify-left\">\n                      <a class=\"c-btn--primary\" href=\"https:\/\/www.yanmar.com\/marine\/product\/gears\/kanzaki-gears\/\">\n              Plus d&#8217;informations sur les engrenages Kanzaki\n            <\/a>\n          \n                  <\/div>\n      <\/div>\n    <\/div>\n  <\/div>\n<\/section>\n\n\n<\/div><\/div>\n\n\n\n<div class=\"wp-block-group\"><div class=\"wp-block-group__inner-container is-layout-constrained wp-block-group-is-layout-constrained\">\n\n\n\n  \n\n<section class=\"b-two-column-media-text   has-image-full\" data-block_8af73ed8824e4bac537210be81e8a15c>\n  <div class=\"b-two-column-media-text__inner b-two-column-media-text__inner--right b-two-column-media-text__width--default\" >\n    <div class=\"b-two-column-media-text__column b-two-column-media-text__column--media\">\n      <div class=\"b-two-column-media-text__column--media-images\">\n                  <img decoding=\"async\" width=\"438\" height=\"438\" src=\"https:\/\/www.yanmar.com\/marine\/wp-content\/uploads\/2024\/07\/image-113.png\" class=\"wp-image b-two-column-media-text__image b-two-column-media-text__image--default\" alt=\"\" srcset=\"https:\/\/www.yanmar.com\/marine\/wp-content\/uploads\/2024\/07\/image-113.png 438w, https:\/\/www.yanmar.com\/marine\/wp-content\/uploads\/2024\/07\/image-113-300x300.png 300w, https:\/\/www.yanmar.com\/marine\/wp-content\/uploads\/2024\/07\/image-113-150x150.png 150w\" sizes=\"(max-width: 438px) 100vw, 438px\" \/>\n        \n              <\/div>\n    <\/div>\n    <div class=\"b-two-column-media-text__column b-two-column-media-text__column--text\">\n      <div class=\"b-two-column-media-text__content\">\n                          <h2 class=\"b-two-column-media-text__title\" style=\"text-align: left;\">Engrenages ZF<\/h2>\n        \n                  <div class=\"b-two-column-media-text__description\" style=\"text-align: left;\"><p>ZF est l&#8217;un des plus grands fabricants mondiaux de transmissions marines et dispose d&#8217;un vaste r\u00e9seau de soutien \u00e0 l&#8217;\u00e9chelle mondiale. Adapt\u00e9s aux sp\u00e9cifications de YANMAR, les engrenages ZF sont l\u00e9gers, durables et conviennent \u00e0 un rendement \u00e9lev\u00e9 dans une vari\u00e9t\u00e9 d&#8217;applications. Consultez les d\u00e9tails de votre combinaison moteur\/transmission ci-dessous et t\u00e9l\u00e9chargez les dessins ici et sur les pages des moteurs compatibles.  <\/p>\n<\/div>\n        \n        <div class=\"b-two-column-media-text__button-container u-justify-left\">\n                      <a class=\"c-btn--primary\" href=\"https:\/\/www.yanmar.com\/marine\/product\/gears\/zf-gears\/\">\n              En savoir plus sur les engrenages ZF\n            <\/a>\n          \n                  <\/div>\n      <\/div>\n    <\/div>\n  <\/div>\n<\/section>\n\n\n<\/div><\/div>\n\n\n\n<div style=\"height:auto\" aria-hidden=\"true\" class=\"wp-block-spacer is-style-medium\"><\/div>\n\n\n\n  <div class=\"b-faq\" data-block_b37d8054d414389ca4f5e482c3d418d1 >\n    <div class=\"o-wrapper\">\n              <h3 class=\"b-faq__heading\">FAQ sur les engrenages YANMAR<\/h3>\n      \n      <div id=\"faq-block_b37d8054d414389ca4f5e482c3d418d1\" class=\"b-faq__items js-faq-items\">\n                                                <div class=\"b-faq__item js-faq-item\">\n            <button id=\"faq-comment-savoir-de-quels-engrenages-jai-besoin\" class=\"b-faq__item-button js-faq-item-button\" type=\"button\" data-target=\"#faq-comment-savoir-de-quels-engrenages-jai-besoin-answer\" aria-expanded=\"false\" aria-controls=\"faq-comment-savoir-de-quels-engrenages-jai-besoin-answer\">Comment savoir de quels engrenages j&#8217;ai besoin ?<\/button>\n\n            <div id=\"faq-comment-savoir-de-quels-engrenages-jai-besoin-answer\" class=\"b-faq__item-content js-faq-item-content\" aria-labelledby=\"faq-comment-savoir-de-quels-engrenages-jai-besoin\">\n              <div class=\"b-faq__item-content-inner\">\n                <p>Pour d\u00e9terminer le bon mod\u00e8le d&#8217;engin YANMAR, nous vous recommandons de vous adresser \u00e0 votre distributeur ou revendeur YANMAR local. Ils peuvent vous fournir des recommandations personnalis\u00e9es et vous aider \u00e0 prendre une d\u00e9cision \u00e9clair\u00e9e. <span style=\"\">Veuillez visiter notre <\/span><a href=\"\"><span style=\"\">Page du r\u00e9seau<\/span><\/a><span style=\"\"> pour trouver votre distributeur ou revendeur local.<\/span> <\/p>\n\n              <\/div>\n            <\/div>\n          <\/div>\n                                                <div class=\"b-faq__item js-faq-item\">\n            <button id=\"faq-tous-les-engrenages-sont-ils-compatibles-avec-tous-les-moteurs-yanmar\" class=\"b-faq__item-button js-faq-item-button\" type=\"button\" data-target=\"#faq-tous-les-engrenages-sont-ils-compatibles-avec-tous-les-moteurs-yanmar-answer\" aria-expanded=\"false\" aria-controls=\"faq-tous-les-engrenages-sont-ils-compatibles-avec-tous-les-moteurs-yanmar-answer\">Tous les engrenages sont-ils compatibles avec tous les moteurs YANMAR ?<\/button>\n\n            <div id=\"faq-tous-les-engrenages-sont-ils-compatibles-avec-tous-les-moteurs-yanmar-answer\" class=\"b-faq__item-content js-faq-item-content\" aria-labelledby=\"faq-tous-les-engrenages-sont-ils-compatibles-avec-tous-les-moteurs-yanmar\">\n              <div class=\"b-faq__item-content-inner\">\n                <p>Les engrenages YANMAR, y compris les s\u00e9ries ZF et Kanzaki, sont con\u00e7us pour \u00eatre compatibles avec une vaste gamme de moteurs YANMAR. Nous vous recommandons de consulter le distributeur ou le concessionnaire YANMAR de votre r\u00e9gion. Ils peuvent vous fournir des recommandations personnalis\u00e9es et vous aider \u00e0 prendre une d\u00e9cision \u00e9clair\u00e9e. <span style=\"\">Veuillez visiter notre <\/span><a href=\"\"><span style=\"\">Page du r\u00e9seau<\/span><\/a><span style=\"\"> pour trouver votre distributeur ou revendeur local.<\/span>  <\/p>\n\n              <\/div>\n            <\/div>\n          <\/div>\n                                                <div class=\"b-faq__item js-faq-item\">\n            <button id=\"faq-comment-installer-les-engrenages-yanmar-dans-mon-bateau\" class=\"b-faq__item-button js-faq-item-button\" type=\"button\" data-target=\"#faq-comment-installer-les-engrenages-yanmar-dans-mon-bateau-answer\" aria-expanded=\"false\" aria-controls=\"faq-comment-installer-les-engrenages-yanmar-dans-mon-bateau-answer\">Comment installer les engrenages YANMAR dans mon bateau ?<\/button>\n\n            <div id=\"faq-comment-installer-les-engrenages-yanmar-dans-mon-bateau-answer\" class=\"b-faq__item-content js-faq-item-content\" aria-labelledby=\"faq-comment-installer-les-engrenages-yanmar-dans-mon-bateau\">\n              <div class=\"b-faq__item-content-inner\">\n                <p>Des manuels d&#8217;installation d\u00e9taill\u00e9s sont disponibles aupr\u00e8s de YANMAR pour vous guider dans votre d\u00e9marche. Nous recommandons que l&#8217;installation soit effectu\u00e9e par votre revendeur local YANMAR. Il peut vous fournir un service personnalis\u00e9. <span style=\"https:\/\/www.yanmar.com\/marine\/network\/\">Veuillez visiter notre <\/span><a href=\"font-weight: 400;\"><span style=\"\">Page R\u00e9seau<\/span><\/a><span style=\"\"> pour trouver votre distributeur ou revendeur local.<\/span><\/p>\n\n              <\/div>\n            <\/div>\n          <\/div>\n                                                <div class=\"b-faq__item js-faq-item\">\n            <button id=\"faq-puis-je-parler-a-quelquun-des-engrenages-yanmar\" class=\"b-faq__item-button js-faq-item-button\" type=\"button\" data-target=\"#faq-puis-je-parler-a-quelquun-des-engrenages-yanmar-answer\" aria-expanded=\"false\" aria-controls=\"faq-puis-je-parler-a-quelquun-des-engrenages-yanmar-answer\">Puis-je parler \u00e0 quelqu&#8217;un des engrenages YANMAR ?<\/button>\n\n            <div id=\"faq-puis-je-parler-a-quelquun-des-engrenages-yanmar-answer\" class=\"b-faq__item-content js-faq-item-content\" aria-labelledby=\"faq-puis-je-parler-a-quelquun-des-engrenages-yanmar\">\n              <div class=\"b-faq__item-content-inner\">\n                <p>Oui, vous pouvez contacter votre revendeur YANMAR local pour plus d&#8217;informations et une assistance personnalis\u00e9e avec les engins YANMAR. Ils peuvent vous fournir des conseils d\u00e9taill\u00e9s et une assistance adapt\u00e9e \u00e0 vos besoins sp\u00e9cifiques. <span style=\"\">Veuillez visiter notre <\/span><a href=\"font-weight: 400;\"><span style=\"\">Page du r\u00e9seau<\/span><\/a><span style=\"https:\/\/www.yanmar.com\/marine\/network\/\"> pour trouver votre distributeur ou revendeur local.<\/span> <\/p>\n\n              <\/div>\n            <\/div>\n          <\/div>\n              <\/div>\n    <\/div>\n  <\/div>\n\n\n\n<div style=\"height:auto\" aria-hidden=\"true\" class=\"wp-block-spacer is-style-small\"><\/div>\n\n\n\n<div class=\"wp-block-media-text is-stacked-on-mobile c-pattern c-pattern--cta has-background\" style=\"background-color:#f2f2f2\"><figure class=\"wp-block-media-text__media\"><img decoding=\"async\" width=\"542\" height=\"374\" src=\"https:\/\/www.yanmar.com\/marine\/wp-content\/uploads\/2024\/07\/image-95-1.png\" alt=\"\" class=\"wp-image-40317 size-full\" srcset=\"https:\/\/www.yanmar.com\/marine\/wp-content\/uploads\/2024\/07\/image-95-1.png 542w, https:\/\/www.yanmar.com\/marine\/wp-content\/uploads\/2024\/07\/image-95-1-300x207.png 300w\" sizes=\"(max-width: 542px) 100vw, 542px\" \/><\/figure><div class=\"wp-block-media-text__content\">\n<div style=\"height:auto\" aria-hidden=\"true\" class=\"wp-block-spacer\"><\/div>\n\n\n\n<h3 class=\"wp-block-heading has-text-align-center\"><strong>Questions et soutien<\/strong><\/h3>\n\n\n\n<p class=\"has-text-align-center\">Pour en savoir plus, consultez nos FAQ ou trouvez votre <a href=\"https:\/\/www.yanmar.com\/marine\/fr\/network\/\">revendeur ou distributeur local<\/a> dans notre r\u00e9seau mondial. N&#8217;h\u00e9sitez pas \u00e0 contacter YANMAR Marine pour toute question non technique en visitant notre page Contact ci-dessous. <\/p>\n\n\n\n<div class=\"wp-block-buttons is-content-justification-center is-layout-flex wp-container-core-buttons-is-layout-16018d1d wp-block-buttons-is-layout-flex\">\n<div class=\"wp-block-button\"><a class=\"wp-block-button__link has-text-align-center wp-element-button\" href=\"https:\/\/www.yanmar.com\/marine\/fr\/nous-contacter\/\">Contactez nous<\/a><\/div>\n<\/div>\n\n\n\n<div style=\"height:auto\" aria-hidden=\"true\" class=\"wp-block-spacer\"><\/div>\n<\/div><\/div>\n\n\n\n<div style=\"height:auto\" aria-hidden=\"true\" class=\"wp-block-spacer is-style-medium\"><\/div>\n","protected":false},"excerpt":{"rendered":"","protected":false},"author":16,"featured_media":0,"parent":44486,"menu_order":0,"comment_status":"closed","ping_status":"closed","template":"","meta":{"_acf_changed":false,"footnotes":""},"tags":[],"class_list":["post-45296","page","type-page","status-publish","hentry"],"acf":[],"yoast_head":"<!-- This site is optimized with the Yoast SEO Premium plugin v27.2 (Yoast SEO v27.2) - https:\/\/yoast.com\/product\/yoast-seo-premium-wordpress\/ -->\n<title>Engrenages - YANMAR Marine International<\/title>\n<meta name=\"robots\" content=\"index, follow, max-snippet:-1, max-image-preview:large, max-video-preview:-1\" \/>\n<link rel=\"canonical\" href=\"https:\/\/www.yanmar.com\/marine\/produits\/engrenages\/\" \/>\n<meta property=\"og:locale\" content=\"en_US\" \/>\n<meta property=\"og:type\" content=\"article\" \/>\n<meta property=\"og:title\" content=\"Engrenages\" \/>\n<meta property=\"og:url\" content=\"https:\/\/www.yanmar.com\/marine\/fr\/produits\/engrenages\/\" \/>\n<meta property=\"og:site_name\" content=\"YANMAR Marine International\" \/>\n<meta property=\"article:modified_time\" content=\"2025-01-17T14:14:16+00:00\" \/>\n<meta property=\"og:image\" content=\"https:\/\/origin-ymi.yanmar.com\/marine\/wp-content\/uploads\/2024\/07\/image-95-1.png\" \/>\n<meta name=\"twitter:card\" content=\"summary_large_image\" \/>\n<meta name=\"twitter:label1\" content=\"Est. reading time\" \/>\n\t<meta name=\"twitter:data1\" content=\"1 minute\" \/>\n<script type=\"application\/ld+json\" class=\"yoast-schema-graph\">{\"@context\":\"https:\/\/schema.org\",\"@graph\":[{\"@type\":\"WebPage\",\"@id\":\"https:\/\/www.yanmar.com\/marine\/fr\/produits\/engrenages\/\",\"url\":\"https:\/\/www.yanmar.com\/marine\/fr\/produits\/engrenages\/\",\"name\":\"Engrenages - YANMAR Marine International\",\"isPartOf\":{\"@id\":\"https:\/\/origin-ymi.yanmar.com\/marine\/#website\"},\"primaryImageOfPage\":{\"@id\":\"https:\/\/www.yanmar.com\/marine\/fr\/produits\/engrenages\/#primaryimage\"},\"image\":{\"@id\":\"https:\/\/www.yanmar.com\/marine\/fr\/produits\/engrenages\/#primaryimage\"},\"thumbnailUrl\":\"https:\/\/origin-ymi.yanmar.com\/marine\/wp-content\/uploads\/2024\/07\/image-95-1.png\",\"datePublished\":\"2024-07-03T12:00:35+00:00\",\"dateModified\":\"2025-01-17T14:14:16+00:00\",\"breadcrumb\":{\"@id\":\"https:\/\/www.yanmar.com\/marine\/fr\/produits\/engrenages\/#breadcrumb\"},\"inLanguage\":\"en-US\",\"potentialAction\":[{\"@type\":\"ReadAction\",\"target\":[\"https:\/\/www.yanmar.com\/marine\/fr\/produits\/engrenages\/\"]}]},{\"@type\":\"ImageObject\",\"inLanguage\":\"en-US\",\"@id\":\"https:\/\/www.yanmar.com\/marine\/fr\/produits\/engrenages\/#primaryimage\",\"url\":\"https:\/\/origin-ymi.yanmar.com\/marine\/wp-content\/uploads\/2024\/07\/image-95-1.png\",\"contentUrl\":\"https:\/\/origin-ymi.yanmar.com\/marine\/wp-content\/uploads\/2024\/07\/image-95-1.png\"},{\"@type\":\"BreadcrumbList\",\"@id\":\"https:\/\/www.yanmar.com\/marine\/fr\/produits\/engrenages\/#breadcrumb\",\"itemListElement\":[{\"@type\":\"ListItem\",\"position\":1,\"name\":\"Yanmar Marine\",\"item\":\"https:\/\/origin-ymi.yanmar.com\/marine\/\"},{\"@type\":\"ListItem\",\"position\":2,\"name\":\"Produits\",\"item\":\"https:\/\/origin-ymi.yanmar.com\/marine\/produits\/\"},{\"@type\":\"ListItem\",\"position\":3,\"name\":\"Engrenages\"}]},{\"@type\":\"WebSite\",\"@id\":\"https:\/\/origin-ymi.yanmar.com\/marine\/#website\",\"url\":\"https:\/\/origin-ymi.yanmar.com\/marine\/\",\"name\":\"YANMAR Marine International\",\"description\":\"Proven Marine Technology\",\"publisher\":{\"@id\":\"https:\/\/origin-ymi.yanmar.com\/marine\/#organization\"},\"potentialAction\":[{\"@type\":\"SearchAction\",\"target\":{\"@type\":\"EntryPoint\",\"urlTemplate\":\"https:\/\/origin-ymi.yanmar.com\/marine\/?s={search_term_string}\"},\"query-input\":{\"@type\":\"PropertyValueSpecification\",\"valueRequired\":true,\"valueName\":\"search_term_string\"}}],\"inLanguage\":\"en-US\"},{\"@type\":\"Organization\",\"@id\":\"https:\/\/origin-ymi.yanmar.com\/marine\/#organization\",\"name\":\"YANMAR Marine International\",\"url\":\"https:\/\/origin-ymi.yanmar.com\/marine\/\",\"logo\":{\"@type\":\"ImageObject\",\"inLanguage\":\"en-US\",\"@id\":\"https:\/\/origin-ymi.yanmar.com\/marine\/#\/schema\/logo\/image\/\",\"url\":\"https:\/\/origin-ymi.yanmar.com\/marine\/wp-content\/uploads\/2020\/03\/YANMAR-Brand-Logotype2.png\",\"contentUrl\":\"https:\/\/origin-ymi.yanmar.com\/marine\/wp-content\/uploads\/2020\/03\/YANMAR-Brand-Logotype2.png\",\"width\":842,\"height\":168,\"caption\":\"YANMAR Marine International\"},\"image\":{\"@id\":\"https:\/\/origin-ymi.yanmar.com\/marine\/#\/schema\/logo\/image\/\"}}]}<\/script>\n<!-- \/ Yoast SEO Premium plugin. -->","yoast_head_json":{"title":"Engrenages - YANMAR Marine International","robots":{"index":"index","follow":"follow","max-snippet":"max-snippet:-1","max-image-preview":"max-image-preview:large","max-video-preview":"max-video-preview:-1"},"canonical":"https:\/\/www.yanmar.com\/marine\/produits\/engrenages\/","og_locale":"en_US","og_type":"article","og_title":"Engrenages","og_url":"https:\/\/www.yanmar.com\/marine\/fr\/produits\/engrenages\/","og_site_name":"YANMAR Marine International","article_modified_time":"2025-01-17T14:14:16+00:00","og_image":[{"url":"https:\/\/origin-ymi.yanmar.com\/marine\/wp-content\/uploads\/2024\/07\/image-95-1.png","type":"","width":"","height":""}],"twitter_card":"summary_large_image","twitter_misc":{"Est. reading time":"1 minute"},"schema":{"@context":"https:\/\/schema.org","@graph":[{"@type":"WebPage","@id":"https:\/\/www.yanmar.com\/marine\/fr\/produits\/engrenages\/","url":"https:\/\/www.yanmar.com\/marine\/fr\/produits\/engrenages\/","name":"Engrenages - YANMAR Marine International","isPartOf":{"@id":"https:\/\/origin-ymi.yanmar.com\/marine\/#website"},"primaryImageOfPage":{"@id":"https:\/\/www.yanmar.com\/marine\/fr\/produits\/engrenages\/#primaryimage"},"image":{"@id":"https:\/\/www.yanmar.com\/marine\/fr\/produits\/engrenages\/#primaryimage"},"thumbnailUrl":"https:\/\/origin-ymi.yanmar.com\/marine\/wp-content\/uploads\/2024\/07\/image-95-1.png","datePublished":"2024-07-03T12:00:35+00:00","dateModified":"2025-01-17T14:14:16+00:00","breadcrumb":{"@id":"https:\/\/www.yanmar.com\/marine\/fr\/produits\/engrenages\/#breadcrumb"},"inLanguage":"en-US","potentialAction":[{"@type":"ReadAction","target":["https:\/\/www.yanmar.com\/marine\/fr\/produits\/engrenages\/"]}]},{"@type":"ImageObject","inLanguage":"en-US","@id":"https:\/\/www.yanmar.com\/marine\/fr\/produits\/engrenages\/#primaryimage","url":"https:\/\/origin-ymi.yanmar.com\/marine\/wp-content\/uploads\/2024\/07\/image-95-1.png","contentUrl":"https:\/\/origin-ymi.yanmar.com\/marine\/wp-content\/uploads\/2024\/07\/image-95-1.png"},{"@type":"BreadcrumbList","@id":"https:\/\/www.yanmar.com\/marine\/fr\/produits\/engrenages\/#breadcrumb","itemListElement":[{"@type":"ListItem","position":1,"name":"Yanmar Marine","item":"https:\/\/origin-ymi.yanmar.com\/marine\/"},{"@type":"ListItem","position":2,"name":"Produits","item":"https:\/\/origin-ymi.yanmar.com\/marine\/produits\/"},{"@type":"ListItem","position":3,"name":"Engrenages"}]},{"@type":"WebSite","@id":"https:\/\/origin-ymi.yanmar.com\/marine\/#website","url":"https:\/\/origin-ymi.yanmar.com\/marine\/","name":"YANMAR Marine International","description":"Proven Marine Technology","publisher":{"@id":"https:\/\/origin-ymi.yanmar.com\/marine\/#organization"},"potentialAction":[{"@type":"SearchAction","target":{"@type":"EntryPoint","urlTemplate":"https:\/\/origin-ymi.yanmar.com\/marine\/?s={search_term_string}"},"query-input":{"@type":"PropertyValueSpecification","valueRequired":true,"valueName":"search_term_string"}}],"inLanguage":"en-US"},{"@type":"Organization","@id":"https:\/\/origin-ymi.yanmar.com\/marine\/#organization","name":"YANMAR Marine International","url":"https:\/\/origin-ymi.yanmar.com\/marine\/","logo":{"@type":"ImageObject","inLanguage":"en-US","@id":"https:\/\/origin-ymi.yanmar.com\/marine\/#\/schema\/logo\/image\/","url":"https:\/\/origin-ymi.yanmar.com\/marine\/wp-content\/uploads\/2020\/03\/YANMAR-Brand-Logotype2.png","contentUrl":"https:\/\/origin-ymi.yanmar.com\/marine\/wp-content\/uploads\/2020\/03\/YANMAR-Brand-Logotype2.png","width":842,"height":168,"caption":"YANMAR Marine International"},"image":{"@id":"https:\/\/origin-ymi.yanmar.com\/marine\/#\/schema\/logo\/image\/"}}]}},"_links":{"self":[{"href":"https:\/\/www.yanmar.com\/marine\/wp-json\/wp\/v2\/pages\/45296","targetHints":{"allow":["GET"]}}],"collection":[{"href":"https:\/\/www.yanmar.com\/marine\/wp-json\/wp\/v2\/pages"}],"about":[{"href":"https:\/\/www.yanmar.com\/marine\/wp-json\/wp\/v2\/types\/page"}],"author":[{"embeddable":true,"href":"https:\/\/www.yanmar.com\/marine\/wp-json\/wp\/v2\/users\/16"}],"replies":[{"embeddable":true,"href":"https:\/\/www.yanmar.com\/marine\/wp-json\/wp\/v2\/comments?post=45296"}],"version-history":[{"count":4,"href":"https:\/\/www.yanmar.com\/marine\/wp-json\/wp\/v2\/pages\/45296\/revisions"}],"predecessor-version":[{"id":46231,"href":"https:\/\/www.yanmar.com\/marine\/wp-json\/wp\/v2\/pages\/45296\/revisions\/46231"}],"up":[{"embeddable":true,"href":"https:\/\/www.yanmar.com\/marine\/wp-json\/wp\/v2\/pages\/44486"}],"wp:attachment":[{"href":"https:\/\/www.yanmar.com\/marine\/wp-json\/wp\/v2\/media?parent=45296"}],"wp:term":[{"taxonomy":"post_tag","embeddable":true,"href":"https:\/\/www.yanmar.com\/marine\/wp-json\/wp\/v2\/tags?post=45296"}],"curies":[{"name":"wp","href":"https:\/\/api.w.org\/{rel}","templated":true}]}}