{"id":45462,"date":"2021-11-15T15:14:24","date_gmt":"2021-11-15T15:14:24","guid":{"rendered":"https:\/\/www.yanmar.com\/marine\/teknik-2\/5x-bast-i-klassen\/"},"modified":"2025-02-10T09:39:53","modified_gmt":"2025-02-10T09:39:53","slug":"5x-bast-i-klassen","status":"publish","type":"page","link":"https:\/\/www.yanmar.com\/marine\/sv\/teknik-2\/5x-bast-i-klassen\/","title":{"rendered":"5X b\u00e4st i klassen"},"content":{"rendered":"\n<div style=\"height:auto\" aria-hidden=\"true\" class=\"wp-block-spacer is-style-small\"><\/div>\n\n<div class=\"wp-block-group\"><div class=\"wp-block-group__inner-container is-layout-constrained wp-block-group-is-layout-constrained\">\n<h6 class=\"wp-block-heading has-text-align-center has-primary-color has-text-color has-link-color wp-elements-24869cc94880cd021b561ebf5bce1e0f\">TEKNIK<\/h6>\n\n\n\n<h1 class=\"wp-block-heading has-text-align-center\">5x B\u00e4st i klassen<\/h1>\n\n\n\n<div style=\"height:auto\" aria-hidden=\"true\" class=\"wp-block-spacer is-style-small\"><\/div>\n\n\n\n<p class=\"has-text-align-center\">Vi \u00e4r obevekliga i v\u00e5ra anstr\u00e4ngningar att f\u00f6rnya och uppr\u00e4tth\u00e5lla v\u00e5ra marina common rail-motorer som de b\u00e4sta i klassen \u00f6ver fem viktiga omr\u00e5den: rena, integrerbara, tysta, kraftfulla och br\u00e4nsleeffektiva.\nDetta \u00e4r viktigt f\u00f6r \u00e4gare och operat\u00f6rer av b\u00e5tar som \u00e4r Powered by Yanmar. <\/p>\n\n\n\n<p class=\"has-text-align-center\">YANMARs marinmotorer med common rail s\u00e4tter globala standarder f\u00f6r prestanda, effektivitet och uth\u00e5llighet. V\u00e5ra ingenj\u00f6rer kompromissar inte och levererar banbrytande teknik som standard \u00f6ver hela v\u00e5rt sortiment.\nVi fokuserar p\u00e5 din komfort och s\u00e4kerhet och med en l\u00e5g total \u00e4gandekostnad samtidigt som vi levererar enast\u00e5ende kraft och hastighet. <\/p>\n\n\n\n<div class=\"wp-block-buttons is-content-justification-center is-layout-flex wp-container-core-buttons-is-layout-16018d1d wp-block-buttons-is-layout-flex\">\n<div class=\"wp-block-button is-style-fill\"><a class=\"wp-block-button__link has-text-align-center wp-element-button\" href=\"https:\/\/www.yanmar.com\/marine\/technology-sustainability\/common-rail-technology\/\">Utforska v\u00e5ra common rail-motorer<\/a><\/div>\n<\/div>\n<\/div><\/div>\n\n<div style=\"height:auto\" aria-hidden=\"true\" class=\"wp-block-spacer is-style-small\"><\/div>\n\n<div class=\"wp-block-group\"><div class=\"wp-block-group__inner-container is-layout-constrained wp-block-group-is-layout-constrained\">\n<section class=\"b-hover-cards\" data-block_e3ad28126b39a859be01e70592895a26 >\n  <div class=\"b-hover-cards__container\">\n          <div class=\"b-hover-card\">\n        <img decoding=\"async\" width=\"300\" height=\"200\" src=\"https:\/\/www.yanmar.com\/marine\/wp-content\/uploads\/2024\/07\/9c0a57576df431ea5bda7b3742c0bb95-300x200.png\" class=\"wp-image b-hover-card__image\" alt=\"\" srcset=\"https:\/\/www.yanmar.com\/marine\/wp-content\/uploads\/2024\/07\/9c0a57576df431ea5bda7b3742c0bb95-300x200.png 300w, https:\/\/www.yanmar.com\/marine\/wp-content\/uploads\/2024\/07\/9c0a57576df431ea5bda7b3742c0bb95.png 548w\" sizes=\"(max-width: 300px) 100vw, 300px\" \/>\n        <div class=\"b-hover-card__content\">\n          <h5 class=\"b-hover-card__title\">Ren<\/h5>\n          <p class=\"b-hover-card__description\">\n            Den \u00f6vertr\u00e4ffar strikta globala utsl\u00e4ppsnormer f\u00f6r praktiskt taget lukt- och r\u00f6kfri drift.\n          <\/p>\n          <svg class=\"svg-icon\" width=\"24\" height=\"24\" aria-hidden=\"true\" role=\"img\" focusable=\"false\" width=\"24\" height=\"24\" viewBox=\"0 0 24 24\" fill=\"none\" xmlns=\"http:\/\/www.w3.org\/2000\/svg\"><path fill-rule=\"evenodd\" clip-rule=\"evenodd\" d=\"M12 3C7.02944 3 3 7.02944 3 12C3 16.9706 7.02944 21 12 21C16.9706 21 21 16.9706 21 12C21 7.02944 16.9706 3 12 3ZM1 12C1 5.92487 5.92487 1 12 1C18.0751 1 23 5.92487 23 12C23 18.0751 18.0751 23 12 23C5.92487 23 1 18.0751 1 12Z\" fill=\"white\"\/><path fill-rule=\"evenodd\" clip-rule=\"evenodd\" d=\"M12 7C12.5523 7 13 7.44772 13 8V16C13 16.5523 12.5523 17 12 17C11.4477 17 11 16.5523 11 16V8C11 7.44772 11.4477 7 12 7Z\" fill=\"white\"\/><path fill-rule=\"evenodd\" clip-rule=\"evenodd\" d=\"M7 12C7 11.4477 7.44772 11 8 11H16C16.5523 11 17 11.4477 17 12C17 12.5523 16.5523 13 16 13H8C7.44772 13 7 12.5523 7 12Z\" fill=\"white\"\/><\/svg>\n        <\/div>\n      <\/div>\n          <div class=\"b-hover-card\">\n        <img decoding=\"async\" width=\"300\" height=\"207\" src=\"https:\/\/www.yanmar.com\/marine\/wp-content\/uploads\/2024\/07\/564feec932405d1a2477f97a4d7be22f-300x207.png\" class=\"wp-image b-hover-card__image\" alt=\"\" srcset=\"https:\/\/www.yanmar.com\/marine\/wp-content\/uploads\/2024\/07\/564feec932405d1a2477f97a4d7be22f-300x207.png 300w, https:\/\/www.yanmar.com\/marine\/wp-content\/uploads\/2024\/07\/564feec932405d1a2477f97a4d7be22f-768x530.png 768w, https:\/\/www.yanmar.com\/marine\/wp-content\/uploads\/2024\/07\/564feec932405d1a2477f97a4d7be22f.png 870w\" sizes=\"(max-width: 300px) 100vw, 300px\" \/>\n        <div class=\"b-hover-card__content\">\n          <h5 class=\"b-hover-card__title\">Sammankopplade<\/h5>\n          <p class=\"b-hover-card__description\">\n            Unikt konstruerad f\u00f6r att integreras med de senaste elektroniska komponenterna och multifunktionsdisplayerna f\u00f6r avancerad \u00f6vervakning och styrning av motorn.\n          <\/p>\n          <svg class=\"svg-icon\" width=\"24\" height=\"24\" aria-hidden=\"true\" role=\"img\" focusable=\"false\" width=\"24\" height=\"24\" viewBox=\"0 0 24 24\" fill=\"none\" xmlns=\"http:\/\/www.w3.org\/2000\/svg\"><path fill-rule=\"evenodd\" clip-rule=\"evenodd\" d=\"M12 3C7.02944 3 3 7.02944 3 12C3 16.9706 7.02944 21 12 21C16.9706 21 21 16.9706 21 12C21 7.02944 16.9706 3 12 3ZM1 12C1 5.92487 5.92487 1 12 1C18.0751 1 23 5.92487 23 12C23 18.0751 18.0751 23 12 23C5.92487 23 1 18.0751 1 12Z\" fill=\"white\"\/><path fill-rule=\"evenodd\" clip-rule=\"evenodd\" d=\"M12 7C12.5523 7 13 7.44772 13 8V16C13 16.5523 12.5523 17 12 17C11.4477 17 11 16.5523 11 16V8C11 7.44772 11.4477 7 12 7Z\" fill=\"white\"\/><path fill-rule=\"evenodd\" clip-rule=\"evenodd\" d=\"M7 12C7 11.4477 7.44772 11 8 11H16C16.5523 11 17 11.4477 17 12C17 12.5523 16.5523 13 16 13H8C7.44772 13 7 12.5523 7 12Z\" fill=\"white\"\/><\/svg>\n        <\/div>\n      <\/div>\n          <div class=\"b-hover-card\">\n        <img decoding=\"async\" width=\"300\" height=\"200\" src=\"https:\/\/www.yanmar.com\/marine\/wp-content\/uploads\/2024\/07\/e85bf3884b9ea8ebc09f5a543e940302-300x200.png\" class=\"wp-image b-hover-card__image\" alt=\"\" srcset=\"https:\/\/www.yanmar.com\/marine\/wp-content\/uploads\/2024\/07\/e85bf3884b9ea8ebc09f5a543e940302-300x200.png 300w, https:\/\/www.yanmar.com\/marine\/wp-content\/uploads\/2024\/07\/e85bf3884b9ea8ebc09f5a543e940302-768x512.png 768w, https:\/\/www.yanmar.com\/marine\/wp-content\/uploads\/2024\/07\/e85bf3884b9ea8ebc09f5a543e940302.png 1000w\" sizes=\"(max-width: 300px) 100vw, 300px\" \/>\n        <div class=\"b-hover-card__content\">\n          <h5 class=\"b-hover-card__title\">Tystnad<\/h5>\n          <p class=\"b-hover-card__description\">\n            Utnyttjar den senaste tekniken f\u00f6r att skapa extremt l\u00e5ga vibrations- och ljudniv\u00e5er.\n          <\/p>\n          <svg class=\"svg-icon\" width=\"24\" height=\"24\" aria-hidden=\"true\" role=\"img\" focusable=\"false\" width=\"24\" height=\"24\" viewBox=\"0 0 24 24\" fill=\"none\" xmlns=\"http:\/\/www.w3.org\/2000\/svg\"><path fill-rule=\"evenodd\" clip-rule=\"evenodd\" d=\"M12 3C7.02944 3 3 7.02944 3 12C3 16.9706 7.02944 21 12 21C16.9706 21 21 16.9706 21 12C21 7.02944 16.9706 3 12 3ZM1 12C1 5.92487 5.92487 1 12 1C18.0751 1 23 5.92487 23 12C23 18.0751 18.0751 23 12 23C5.92487 23 1 18.0751 1 12Z\" fill=\"white\"\/><path fill-rule=\"evenodd\" clip-rule=\"evenodd\" d=\"M12 7C12.5523 7 13 7.44772 13 8V16C13 16.5523 12.5523 17 12 17C11.4477 17 11 16.5523 11 16V8C11 7.44772 11.4477 7 12 7Z\" fill=\"white\"\/><path fill-rule=\"evenodd\" clip-rule=\"evenodd\" d=\"M7 12C7 11.4477 7.44772 11 8 11H16C16.5523 11 17 11.4477 17 12C17 12.5523 16.5523 13 16 13H8C7.44772 13 7 12.5523 7 12Z\" fill=\"white\"\/><\/svg>\n        <\/div>\n      <\/div>\n          <div class=\"b-hover-card\">\n        <img decoding=\"async\" width=\"240\" height=\"300\" src=\"https:\/\/www.yanmar.com\/marine\/wp-content\/uploads\/2024\/07\/bcb7187a9d91ee131fbee5069e4a3bbc-240x300.png\" class=\"wp-image b-hover-card__image\" alt=\"\" srcset=\"https:\/\/www.yanmar.com\/marine\/wp-content\/uploads\/2024\/07\/bcb7187a9d91ee131fbee5069e4a3bbc-240x300.png 240w, https:\/\/www.yanmar.com\/marine\/wp-content\/uploads\/2024\/07\/bcb7187a9d91ee131fbee5069e4a3bbc.png 365w\" sizes=\"(max-width: 240px) 100vw, 240px\" \/>\n        <div class=\"b-hover-card__content\">\n          <h5 class=\"b-hover-card__title\">Kraftfull<\/h5>\n          <p class=\"b-hover-card__description\">\n            Exceptionellt responsiv prestanda och kontroll tack vare \u00f6verl\u00e4gsna vridmomentniv\u00e5er.\n          <\/p>\n          <svg class=\"svg-icon\" width=\"24\" height=\"24\" aria-hidden=\"true\" role=\"img\" focusable=\"false\" width=\"24\" height=\"24\" viewBox=\"0 0 24 24\" fill=\"none\" xmlns=\"http:\/\/www.w3.org\/2000\/svg\"><path fill-rule=\"evenodd\" clip-rule=\"evenodd\" d=\"M12 3C7.02944 3 3 7.02944 3 12C3 16.9706 7.02944 21 12 21C16.9706 21 21 16.9706 21 12C21 7.02944 16.9706 3 12 3ZM1 12C1 5.92487 5.92487 1 12 1C18.0751 1 23 5.92487 23 12C23 18.0751 18.0751 23 12 23C5.92487 23 1 18.0751 1 12Z\" fill=\"white\"\/><path fill-rule=\"evenodd\" clip-rule=\"evenodd\" d=\"M12 7C12.5523 7 13 7.44772 13 8V16C13 16.5523 12.5523 17 12 17C11.4477 17 11 16.5523 11 16V8C11 7.44772 11.4477 7 12 7Z\" fill=\"white\"\/><path fill-rule=\"evenodd\" clip-rule=\"evenodd\" d=\"M7 12C7 11.4477 7.44772 11 8 11H16C16.5523 11 17 11.4477 17 12C17 12.5523 16.5523 13 16 13H8C7.44772 13 7 12.5523 7 12Z\" fill=\"white\"\/><\/svg>\n        <\/div>\n      <\/div>\n          <div class=\"b-hover-card\">\n        <img decoding=\"async\" width=\"300\" height=\"300\" src=\"https:\/\/www.yanmar.com\/marine\/wp-content\/uploads\/2024\/07\/90e523f525827ce5e5bb1de4b4d68b59-300x300.png\" class=\"wp-image b-hover-card__image\" alt=\"\" srcset=\"https:\/\/www.yanmar.com\/marine\/wp-content\/uploads\/2024\/07\/90e523f525827ce5e5bb1de4b4d68b59-300x300.png 300w, https:\/\/www.yanmar.com\/marine\/wp-content\/uploads\/2024\/07\/90e523f525827ce5e5bb1de4b4d68b59-1024x1024.png 1024w, https:\/\/www.yanmar.com\/marine\/wp-content\/uploads\/2024\/07\/90e523f525827ce5e5bb1de4b4d68b59-150x150.png 150w, https:\/\/www.yanmar.com\/marine\/wp-content\/uploads\/2024\/07\/90e523f525827ce5e5bb1de4b4d68b59-768x768.png 768w, https:\/\/www.yanmar.com\/marine\/wp-content\/uploads\/2024\/07\/90e523f525827ce5e5bb1de4b4d68b59-480x480.png 480w, https:\/\/www.yanmar.com\/marine\/wp-content\/uploads\/2024\/07\/90e523f525827ce5e5bb1de4b4d68b59.png 1206w\" sizes=\"(max-width: 300px) 100vw, 300px\" \/>\n        <div class=\"b-hover-card__content\">\n          <h5 class=\"b-hover-card__title\">Br\u00e4nsleeffektiv<\/h5>\n          <p class=\"b-hover-card__description\">\n            Minimera f\u00f6rbrukningen och optimera prestandan med exakt, digitalt styrd br\u00e4nsleinsprutning.\n          <\/p>\n          <svg class=\"svg-icon\" width=\"24\" height=\"24\" aria-hidden=\"true\" role=\"img\" focusable=\"false\" width=\"24\" height=\"24\" viewBox=\"0 0 24 24\" fill=\"none\" xmlns=\"http:\/\/www.w3.org\/2000\/svg\"><path fill-rule=\"evenodd\" clip-rule=\"evenodd\" d=\"M12 3C7.02944 3 3 7.02944 3 12C3 16.9706 7.02944 21 12 21C16.9706 21 21 16.9706 21 12C21 7.02944 16.9706 3 12 3ZM1 12C1 5.92487 5.92487 1 12 1C18.0751 1 23 5.92487 23 12C23 18.0751 18.0751 23 12 23C5.92487 23 1 18.0751 1 12Z\" fill=\"white\"\/><path fill-rule=\"evenodd\" clip-rule=\"evenodd\" d=\"M12 7C12.5523 7 13 7.44772 13 8V16C13 16.5523 12.5523 17 12 17C11.4477 17 11 16.5523 11 16V8C11 7.44772 11.4477 7 12 7Z\" fill=\"white\"\/><path fill-rule=\"evenodd\" clip-rule=\"evenodd\" d=\"M7 12C7 11.4477 7.44772 11 8 11H16C16.5523 11 17 11.4477 17 12C17 12.5523 16.5523 13 16 13H8C7.44772 13 7 12.5523 7 12Z\" fill=\"white\"\/><\/svg>\n        <\/div>\n      <\/div>\n      <\/div>\n<\/section>\n\n\n\n\n<div style=\"height:auto\" aria-hidden=\"true\" class=\"wp-block-spacer is-style-medium\"><\/div>\n\n\n\n<div class=\"wp-block-media-text is-stacked-on-mobile c-pattern c-pattern--cta has-background\" style=\"background-color:#f2f2f2\"><figure class=\"wp-block-media-text__media\"><img decoding=\"async\" width=\"542\" height=\"374\" src=\"https:\/\/www.yanmar.com\/marine\/wp-content\/uploads\/2024\/07\/image-95-1.png\" alt=\"\" class=\"wp-image-40317 size-full\" srcset=\"https:\/\/www.yanmar.com\/marine\/wp-content\/uploads\/2024\/07\/image-95-1.png 542w, https:\/\/www.yanmar.com\/marine\/wp-content\/uploads\/2024\/07\/image-95-1-300x207.png 300w\" sizes=\"(max-width: 542px) 100vw, 542px\" \/><\/figure><div class=\"wp-block-media-text__content\">\n<div style=\"height:auto\" aria-hidden=\"true\" class=\"wp-block-spacer\"><\/div>\n\n\n\n<h3 class=\"wp-block-heading has-text-align-center\"><strong>Fr\u00e5gor och support<\/strong><\/h3>\n\n\n\n<p class=\"has-text-align-center\">L\u00e4s mer genom att <a href=\"https:\/\/www.yanmar.com\/marine\/service\/faq\/\">s\u00f6ka i v\u00e5ra vanliga fr\u00e5gor<\/a> eller hitta din <a href=\"https:\/\/www.yanmar.com\/marine\/network\/\">lokala \u00e5terf\u00f6rs\u00e4ljare eller distribut\u00f6r<\/a> i v\u00e5rt globala n\u00e4tverk. Du \u00e4r v\u00e4lkommen att kontakta YANMAR Marine med icke-tekniska fr\u00e5gor genom att bes\u00f6ka v\u00e5r kontaktsida nedan. <\/p>\n\n\n\n<div class=\"wp-block-buttons is-content-justification-center is-layout-flex wp-container-core-buttons-is-layout-16018d1d wp-block-buttons-is-layout-flex\">\n<div class=\"wp-block-button\"><a class=\"wp-block-button__link has-text-align-center wp-element-button\" href=\"https:\/\/www.yanmar.com\/marine\/sv\/kontakta-oss\/\">Kontakta oss<\/a><\/div>\n<\/div>\n\n\n\n<div style=\"height:auto\" aria-hidden=\"true\" class=\"wp-block-spacer\"><\/div>\n<\/div><\/div>\n\n\n\n<div style=\"height:auto\" aria-hidden=\"true\" class=\"wp-block-spacer is-style-medium\"><\/div>\n<\/div><\/div>\n","protected":false},"excerpt":{"rendered":"<p>TEKNIK 5x B\u00e4st i klassen Vi \u00e4r obevekliga i v\u00e5ra anstr\u00e4ngningar att f\u00f6rnya och uppr\u00e4tth\u00e5lla v\u00e5ra marina common rail-motorer som [&hellip;]<\/p>\n","protected":false},"author":14,"featured_media":0,"parent":45209,"menu_order":0,"comment_status":"closed","ping_status":"closed","template":"","meta":{"_acf_changed":false,"footnotes":""},"tags":[],"class_list":["post-45462","page","type-page","status-publish","hentry"],"acf":[],"yoast_head":"<!-- This site is optimized with the Yoast SEO Premium plugin v27.2 (Yoast SEO v27.2) - https:\/\/yoast.com\/product\/yoast-seo-premium-wordpress\/ -->\n<title>5X b\u00e4st i klassen - YANMAR Marine International<\/title>\n<meta name=\"robots\" content=\"index, follow, max-snippet:-1, max-image-preview:large, max-video-preview:-1\" \/>\n<link rel=\"canonical\" href=\"https:\/\/www.yanmar.com\/marine\/teknik-2\/5x-bast-i-klassen\/\" \/>\n<meta property=\"og:locale\" content=\"en_US\" \/>\n<meta property=\"og:type\" content=\"article\" \/>\n<meta property=\"og:title\" content=\"5X b\u00e4st i klassen\" \/>\n<meta property=\"og:description\" content=\"TEKNIK 5x B\u00e4st i klassen Vi \u00e4r obevekliga i v\u00e5ra anstr\u00e4ngningar att f\u00f6rnya och uppr\u00e4tth\u00e5lla v\u00e5ra marina common rail-motorer som [&hellip;]\" \/>\n<meta property=\"og:url\" content=\"https:\/\/www.yanmar.com\/marine\/sv\/teknik-2\/5x-bast-i-klassen\/\" \/>\n<meta property=\"og:site_name\" content=\"YANMAR Marine International\" \/>\n<meta property=\"article:modified_time\" content=\"2025-02-10T09:39:53+00:00\" \/>\n<meta property=\"og:image\" content=\"https:\/\/origin-ymi.yanmar.com\/marine\/wp-content\/uploads\/2024\/07\/image-95-1.png\" \/>\n<meta name=\"twitter:card\" content=\"summary_large_image\" \/>\n<meta name=\"twitter:label1\" content=\"Est. reading time\" \/>\n\t<meta name=\"twitter:data1\" content=\"1 minute\" \/>\n<script type=\"application\/ld+json\" class=\"yoast-schema-graph\">{\"@context\":\"https:\/\/schema.org\",\"@graph\":[{\"@type\":\"WebPage\",\"@id\":\"https:\/\/www.yanmar.com\/marine\/sv\/teknik-2\/5x-bast-i-klassen\/\",\"url\":\"https:\/\/www.yanmar.com\/marine\/sv\/teknik-2\/5x-bast-i-klassen\/\",\"name\":\"5X b\u00e4st i klassen - YANMAR Marine International\",\"isPartOf\":{\"@id\":\"https:\/\/origin-ymi.yanmar.com\/marine\/#website\"},\"primaryImageOfPage\":{\"@id\":\"https:\/\/www.yanmar.com\/marine\/sv\/teknik-2\/5x-bast-i-klassen\/#primaryimage\"},\"image\":{\"@id\":\"https:\/\/www.yanmar.com\/marine\/sv\/teknik-2\/5x-bast-i-klassen\/#primaryimage\"},\"thumbnailUrl\":\"https:\/\/origin-ymi.yanmar.com\/marine\/wp-content\/uploads\/2024\/07\/image-95-1.png\",\"datePublished\":\"2021-11-15T15:14:24+00:00\",\"dateModified\":\"2025-02-10T09:39:53+00:00\",\"breadcrumb\":{\"@id\":\"https:\/\/www.yanmar.com\/marine\/sv\/teknik-2\/5x-bast-i-klassen\/#breadcrumb\"},\"inLanguage\":\"en-US\",\"potentialAction\":[{\"@type\":\"ReadAction\",\"target\":[\"https:\/\/www.yanmar.com\/marine\/sv\/teknik-2\/5x-bast-i-klassen\/\"]}]},{\"@type\":\"ImageObject\",\"inLanguage\":\"en-US\",\"@id\":\"https:\/\/www.yanmar.com\/marine\/sv\/teknik-2\/5x-bast-i-klassen\/#primaryimage\",\"url\":\"https:\/\/origin-ymi.yanmar.com\/marine\/wp-content\/uploads\/2024\/07\/image-95-1.png\",\"contentUrl\":\"https:\/\/origin-ymi.yanmar.com\/marine\/wp-content\/uploads\/2024\/07\/image-95-1.png\"},{\"@type\":\"BreadcrumbList\",\"@id\":\"https:\/\/www.yanmar.com\/marine\/sv\/teknik-2\/5x-bast-i-klassen\/#breadcrumb\",\"itemListElement\":[{\"@type\":\"ListItem\",\"position\":1,\"name\":\"Yanmar Marine\",\"item\":\"https:\/\/origin-ymi.yanmar.com\/marine\/\"},{\"@type\":\"ListItem\",\"position\":2,\"name\":\"Teknik\",\"item\":\"https:\/\/origin-ymi.yanmar.com\/marine\/teknik-2\/\"},{\"@type\":\"ListItem\",\"position\":3,\"name\":\"5X b\u00e4st i klassen\"}]},{\"@type\":\"WebSite\",\"@id\":\"https:\/\/origin-ymi.yanmar.com\/marine\/#website\",\"url\":\"https:\/\/origin-ymi.yanmar.com\/marine\/\",\"name\":\"YANMAR Marine International\",\"description\":\"Proven Marine Technology\",\"publisher\":{\"@id\":\"https:\/\/origin-ymi.yanmar.com\/marine\/#organization\"},\"potentialAction\":[{\"@type\":\"SearchAction\",\"target\":{\"@type\":\"EntryPoint\",\"urlTemplate\":\"https:\/\/origin-ymi.yanmar.com\/marine\/?s={search_term_string}\"},\"query-input\":{\"@type\":\"PropertyValueSpecification\",\"valueRequired\":true,\"valueName\":\"search_term_string\"}}],\"inLanguage\":\"en-US\"},{\"@type\":\"Organization\",\"@id\":\"https:\/\/origin-ymi.yanmar.com\/marine\/#organization\",\"name\":\"YANMAR Marine International\",\"url\":\"https:\/\/origin-ymi.yanmar.com\/marine\/\",\"logo\":{\"@type\":\"ImageObject\",\"inLanguage\":\"en-US\",\"@id\":\"https:\/\/origin-ymi.yanmar.com\/marine\/#\/schema\/logo\/image\/\",\"url\":\"https:\/\/origin-ymi.yanmar.com\/marine\/wp-content\/uploads\/2020\/03\/YANMAR-Brand-Logotype2.png\",\"contentUrl\":\"https:\/\/origin-ymi.yanmar.com\/marine\/wp-content\/uploads\/2020\/03\/YANMAR-Brand-Logotype2.png\",\"width\":842,\"height\":168,\"caption\":\"YANMAR Marine International\"},\"image\":{\"@id\":\"https:\/\/origin-ymi.yanmar.com\/marine\/#\/schema\/logo\/image\/\"}}]}<\/script>\n<!-- \/ Yoast SEO Premium plugin. -->","yoast_head_json":{"title":"5X b\u00e4st i klassen - YANMAR Marine International","robots":{"index":"index","follow":"follow","max-snippet":"max-snippet:-1","max-image-preview":"max-image-preview:large","max-video-preview":"max-video-preview:-1"},"canonical":"https:\/\/www.yanmar.com\/marine\/teknik-2\/5x-bast-i-klassen\/","og_locale":"en_US","og_type":"article","og_title":"5X b\u00e4st i klassen","og_description":"TEKNIK 5x B\u00e4st i klassen Vi \u00e4r obevekliga i v\u00e5ra anstr\u00e4ngningar att f\u00f6rnya och uppr\u00e4tth\u00e5lla v\u00e5ra marina common rail-motorer som [&hellip;]","og_url":"https:\/\/www.yanmar.com\/marine\/sv\/teknik-2\/5x-bast-i-klassen\/","og_site_name":"YANMAR Marine International","article_modified_time":"2025-02-10T09:39:53+00:00","og_image":[{"url":"https:\/\/origin-ymi.yanmar.com\/marine\/wp-content\/uploads\/2024\/07\/image-95-1.png","type":"","width":"","height":""}],"twitter_card":"summary_large_image","twitter_misc":{"Est. reading time":"1 minute"},"schema":{"@context":"https:\/\/schema.org","@graph":[{"@type":"WebPage","@id":"https:\/\/www.yanmar.com\/marine\/sv\/teknik-2\/5x-bast-i-klassen\/","url":"https:\/\/www.yanmar.com\/marine\/sv\/teknik-2\/5x-bast-i-klassen\/","name":"5X b\u00e4st i klassen - YANMAR Marine International","isPartOf":{"@id":"https:\/\/origin-ymi.yanmar.com\/marine\/#website"},"primaryImageOfPage":{"@id":"https:\/\/www.yanmar.com\/marine\/sv\/teknik-2\/5x-bast-i-klassen\/#primaryimage"},"image":{"@id":"https:\/\/www.yanmar.com\/marine\/sv\/teknik-2\/5x-bast-i-klassen\/#primaryimage"},"thumbnailUrl":"https:\/\/origin-ymi.yanmar.com\/marine\/wp-content\/uploads\/2024\/07\/image-95-1.png","datePublished":"2021-11-15T15:14:24+00:00","dateModified":"2025-02-10T09:39:53+00:00","breadcrumb":{"@id":"https:\/\/www.yanmar.com\/marine\/sv\/teknik-2\/5x-bast-i-klassen\/#breadcrumb"},"inLanguage":"en-US","potentialAction":[{"@type":"ReadAction","target":["https:\/\/www.yanmar.com\/marine\/sv\/teknik-2\/5x-bast-i-klassen\/"]}]},{"@type":"ImageObject","inLanguage":"en-US","@id":"https:\/\/www.yanmar.com\/marine\/sv\/teknik-2\/5x-bast-i-klassen\/#primaryimage","url":"https:\/\/origin-ymi.yanmar.com\/marine\/wp-content\/uploads\/2024\/07\/image-95-1.png","contentUrl":"https:\/\/origin-ymi.yanmar.com\/marine\/wp-content\/uploads\/2024\/07\/image-95-1.png"},{"@type":"BreadcrumbList","@id":"https:\/\/www.yanmar.com\/marine\/sv\/teknik-2\/5x-bast-i-klassen\/#breadcrumb","itemListElement":[{"@type":"ListItem","position":1,"name":"Yanmar Marine","item":"https:\/\/origin-ymi.yanmar.com\/marine\/"},{"@type":"ListItem","position":2,"name":"Teknik","item":"https:\/\/origin-ymi.yanmar.com\/marine\/teknik-2\/"},{"@type":"ListItem","position":3,"name":"5X b\u00e4st i klassen"}]},{"@type":"WebSite","@id":"https:\/\/origin-ymi.yanmar.com\/marine\/#website","url":"https:\/\/origin-ymi.yanmar.com\/marine\/","name":"YANMAR Marine International","description":"Proven Marine Technology","publisher":{"@id":"https:\/\/origin-ymi.yanmar.com\/marine\/#organization"},"potentialAction":[{"@type":"SearchAction","target":{"@type":"EntryPoint","urlTemplate":"https:\/\/origin-ymi.yanmar.com\/marine\/?s={search_term_string}"},"query-input":{"@type":"PropertyValueSpecification","valueRequired":true,"valueName":"search_term_string"}}],"inLanguage":"en-US"},{"@type":"Organization","@id":"https:\/\/origin-ymi.yanmar.com\/marine\/#organization","name":"YANMAR Marine International","url":"https:\/\/origin-ymi.yanmar.com\/marine\/","logo":{"@type":"ImageObject","inLanguage":"en-US","@id":"https:\/\/origin-ymi.yanmar.com\/marine\/#\/schema\/logo\/image\/","url":"https:\/\/origin-ymi.yanmar.com\/marine\/wp-content\/uploads\/2020\/03\/YANMAR-Brand-Logotype2.png","contentUrl":"https:\/\/origin-ymi.yanmar.com\/marine\/wp-content\/uploads\/2020\/03\/YANMAR-Brand-Logotype2.png","width":842,"height":168,"caption":"YANMAR Marine International"},"image":{"@id":"https:\/\/origin-ymi.yanmar.com\/marine\/#\/schema\/logo\/image\/"}}]}},"_links":{"self":[{"href":"https:\/\/www.yanmar.com\/marine\/wp-json\/wp\/v2\/pages\/45462","targetHints":{"allow":["GET"]}}],"collection":[{"href":"https:\/\/www.yanmar.com\/marine\/wp-json\/wp\/v2\/pages"}],"about":[{"href":"https:\/\/www.yanmar.com\/marine\/wp-json\/wp\/v2\/types\/page"}],"author":[{"embeddable":true,"href":"https:\/\/www.yanmar.com\/marine\/wp-json\/wp\/v2\/users\/14"}],"replies":[{"embeddable":true,"href":"https:\/\/www.yanmar.com\/marine\/wp-json\/wp\/v2\/comments?post=45462"}],"version-history":[{"count":3,"href":"https:\/\/www.yanmar.com\/marine\/wp-json\/wp\/v2\/pages\/45462\/revisions"}],"predecessor-version":[{"id":46706,"href":"https:\/\/www.yanmar.com\/marine\/wp-json\/wp\/v2\/pages\/45462\/revisions\/46706"}],"up":[{"embeddable":true,"href":"https:\/\/www.yanmar.com\/marine\/wp-json\/wp\/v2\/pages\/45209"}],"wp:attachment":[{"href":"https:\/\/www.yanmar.com\/marine\/wp-json\/wp\/v2\/media?parent=45462"}],"wp:term":[{"taxonomy":"post_tag","embeddable":true,"href":"https:\/\/www.yanmar.com\/marine\/wp-json\/wp\/v2\/tags?post=45462"}],"curies":[{"name":"wp","href":"https:\/\/api.w.org\/{rel}","templated":true}]}}