{"id":45467,"date":"2021-11-15T15:14:24","date_gmt":"2021-11-15T15:14:24","guid":{"rendered":"https:\/\/www.yanmar.com\/marine\/teknologi-2\/5x-best-i-klassen\/"},"modified":"2025-02-10T09:39:53","modified_gmt":"2025-02-10T09:39:53","slug":"5x-best-i-klassen","status":"publish","type":"page","link":"https:\/\/www.yanmar.com\/marine\/no\/teknologi-2\/5x-best-i-klassen\/","title":{"rendered":"5X best i klassen"},"content":{"rendered":"\n<div style=\"height:auto\" aria-hidden=\"true\" class=\"wp-block-spacer is-style-small\"><\/div>\n\n<div class=\"wp-block-group\"><div class=\"wp-block-group__inner-container is-layout-constrained wp-block-group-is-layout-constrained\">\n<h6 class=\"wp-block-heading has-text-align-center has-primary-color has-text-color has-link-color wp-elements-b3e08dff4a8c46373782334025a07bf4\">TEKNOLOGI<\/h6>\n\n\n\n<h1 class=\"wp-block-heading has-text-align-center\">5x Best i klassen<\/h1>\n\n\n\n<div style=\"height:auto\" aria-hidden=\"true\" class=\"wp-block-spacer is-style-small\"><\/div>\n\n\n\n<p class=\"has-text-align-center\">Vi er hvilel\u00f8se i anstrengelsene v\u00e5re p\u00e5 \u00e5 fornye common rail-motorene v\u00e5re og s\u00f8rge for at de alltid er best i klassen p\u00e5 fem viktige omr\u00e5der: renhet, sammenkoblingsmuligheter, lavt st\u00f8yniv\u00e5, kraft og drivstoffeffektivitet.\nDette er viktige ting for eiere og operat\u00f8rer av b\u00e5ter med YANMAR-motorer. <\/p>\n\n\n\n<p class=\"has-text-align-center\">YANMAR common rail marinemotorer setter globale standarder for ytelse, effektivitet og utholdenhet. Kompromissl\u00f8st konstruert. Vi har banebrytende teknologi som standard i hele v\u00e5rt sortiment.\nVi fokuserer p\u00e5 komfort, sikkerhet og lave eierkostnader kombinert med enest\u00e5ende kraft og hastighet. <\/p>\n\n\n\n<div class=\"wp-block-buttons is-content-justification-center is-layout-flex wp-container-core-buttons-is-layout-16018d1d wp-block-buttons-is-layout-flex\">\n<div class=\"wp-block-button is-style-fill\"><a class=\"wp-block-button__link has-text-align-center wp-element-button\" href=\"https:\/\/www.yanmar.com\/marine\/technology-sustainability\/common-rail-technology\/\">Utforsk v\u00e5re common rail-motorer<\/a><\/div>\n<\/div>\n<\/div><\/div>\n\n<div style=\"height:auto\" aria-hidden=\"true\" class=\"wp-block-spacer is-style-small\"><\/div>\n\n<div class=\"wp-block-group\"><div class=\"wp-block-group__inner-container is-layout-constrained wp-block-group-is-layout-constrained\">\n<section class=\"b-hover-cards\" data-block_72b212ba375475343554e06bdb6d3b90 >\n  <div class=\"b-hover-cards__container\">\n          <div class=\"b-hover-card\">\n        <img decoding=\"async\" width=\"300\" height=\"200\" src=\"https:\/\/www.yanmar.com\/marine\/wp-content\/uploads\/2024\/07\/9c0a57576df431ea5bda7b3742c0bb95-300x200.png\" class=\"wp-image b-hover-card__image\" alt=\"\" srcset=\"https:\/\/www.yanmar.com\/marine\/wp-content\/uploads\/2024\/07\/9c0a57576df431ea5bda7b3742c0bb95-300x200.png 300w, https:\/\/www.yanmar.com\/marine\/wp-content\/uploads\/2024\/07\/9c0a57576df431ea5bda7b3742c0bb95.png 548w\" sizes=\"(max-width: 300px) 100vw, 300px\" \/>\n        <div class=\"b-hover-card__content\">\n          <h5 class=\"b-hover-card__title\">Ren<\/h5>\n          <p class=\"b-hover-card__description\">\n            Overg\u00e5r strenge globale utslippsstandarder for praktisk talt lukt- og r\u00f8ykfri drift.\n          <\/p>\n          <svg class=\"svg-icon\" width=\"24\" height=\"24\" aria-hidden=\"true\" role=\"img\" focusable=\"false\" width=\"24\" height=\"24\" viewBox=\"0 0 24 24\" fill=\"none\" xmlns=\"http:\/\/www.w3.org\/2000\/svg\"><path fill-rule=\"evenodd\" clip-rule=\"evenodd\" d=\"M12 3C7.02944 3 3 7.02944 3 12C3 16.9706 7.02944 21 12 21C16.9706 21 21 16.9706 21 12C21 7.02944 16.9706 3 12 3ZM1 12C1 5.92487 5.92487 1 12 1C18.0751 1 23 5.92487 23 12C23 18.0751 18.0751 23 12 23C5.92487 23 1 18.0751 1 12Z\" fill=\"white\"\/><path fill-rule=\"evenodd\" clip-rule=\"evenodd\" d=\"M12 7C12.5523 7 13 7.44772 13 8V16C13 16.5523 12.5523 17 12 17C11.4477 17 11 16.5523 11 16V8C11 7.44772 11.4477 7 12 7Z\" fill=\"white\"\/><path fill-rule=\"evenodd\" clip-rule=\"evenodd\" d=\"M7 12C7 11.4477 7.44772 11 8 11H16C16.5523 11 17 11.4477 17 12C17 12.5523 16.5523 13 16 13H8C7.44772 13 7 12.5523 7 12Z\" fill=\"white\"\/><\/svg>\n        <\/div>\n      <\/div>\n          <div class=\"b-hover-card\">\n        <img decoding=\"async\" width=\"300\" height=\"207\" src=\"https:\/\/www.yanmar.com\/marine\/wp-content\/uploads\/2024\/07\/564feec932405d1a2477f97a4d7be22f-300x207.png\" class=\"wp-image b-hover-card__image\" alt=\"\" srcset=\"https:\/\/www.yanmar.com\/marine\/wp-content\/uploads\/2024\/07\/564feec932405d1a2477f97a4d7be22f-300x207.png 300w, https:\/\/www.yanmar.com\/marine\/wp-content\/uploads\/2024\/07\/564feec932405d1a2477f97a4d7be22f-768x530.png 768w, https:\/\/www.yanmar.com\/marine\/wp-content\/uploads\/2024\/07\/564feec932405d1a2477f97a4d7be22f.png 870w\" sizes=\"(max-width: 300px) 100vw, 300px\" \/>\n        <div class=\"b-hover-card__content\">\n          <h5 class=\"b-hover-card__title\">Sammenhengende<\/h5>\n          <p class=\"b-hover-card__description\">\n            Unikt utviklet for \u00e5 kunne integreres med de nyeste elektroniske komponentene og multifunksjonsdisplayene for avansert motoroverv\u00e5king og -kontroll.\n          <\/p>\n          <svg class=\"svg-icon\" width=\"24\" height=\"24\" aria-hidden=\"true\" role=\"img\" focusable=\"false\" width=\"24\" height=\"24\" viewBox=\"0 0 24 24\" fill=\"none\" xmlns=\"http:\/\/www.w3.org\/2000\/svg\"><path fill-rule=\"evenodd\" clip-rule=\"evenodd\" d=\"M12 3C7.02944 3 3 7.02944 3 12C3 16.9706 7.02944 21 12 21C16.9706 21 21 16.9706 21 12C21 7.02944 16.9706 3 12 3ZM1 12C1 5.92487 5.92487 1 12 1C18.0751 1 23 5.92487 23 12C23 18.0751 18.0751 23 12 23C5.92487 23 1 18.0751 1 12Z\" fill=\"white\"\/><path fill-rule=\"evenodd\" clip-rule=\"evenodd\" d=\"M12 7C12.5523 7 13 7.44772 13 8V16C13 16.5523 12.5523 17 12 17C11.4477 17 11 16.5523 11 16V8C11 7.44772 11.4477 7 12 7Z\" fill=\"white\"\/><path fill-rule=\"evenodd\" clip-rule=\"evenodd\" d=\"M7 12C7 11.4477 7.44772 11 8 11H16C16.5523 11 17 11.4477 17 12C17 12.5523 16.5523 13 16 13H8C7.44772 13 7 12.5523 7 12Z\" fill=\"white\"\/><\/svg>\n        <\/div>\n      <\/div>\n          <div class=\"b-hover-card\">\n        <img decoding=\"async\" width=\"300\" height=\"200\" src=\"https:\/\/www.yanmar.com\/marine\/wp-content\/uploads\/2024\/07\/e85bf3884b9ea8ebc09f5a543e940302-300x200.png\" class=\"wp-image b-hover-card__image\" alt=\"\" srcset=\"https:\/\/www.yanmar.com\/marine\/wp-content\/uploads\/2024\/07\/e85bf3884b9ea8ebc09f5a543e940302-300x200.png 300w, https:\/\/www.yanmar.com\/marine\/wp-content\/uploads\/2024\/07\/e85bf3884b9ea8ebc09f5a543e940302-768x512.png 768w, https:\/\/www.yanmar.com\/marine\/wp-content\/uploads\/2024\/07\/e85bf3884b9ea8ebc09f5a543e940302.png 1000w\" sizes=\"(max-width: 300px) 100vw, 300px\" \/>\n        <div class=\"b-hover-card__content\">\n          <h5 class=\"b-hover-card__title\">Stille<\/h5>\n          <p class=\"b-hover-card__description\">\n            Utnytter banebrytende teknologi for \u00e5 skape ekstremt lave vibrasjons- og st\u00f8yniv\u00e5er.\n          <\/p>\n          <svg class=\"svg-icon\" width=\"24\" height=\"24\" aria-hidden=\"true\" role=\"img\" focusable=\"false\" width=\"24\" height=\"24\" viewBox=\"0 0 24 24\" fill=\"none\" xmlns=\"http:\/\/www.w3.org\/2000\/svg\"><path fill-rule=\"evenodd\" clip-rule=\"evenodd\" d=\"M12 3C7.02944 3 3 7.02944 3 12C3 16.9706 7.02944 21 12 21C16.9706 21 21 16.9706 21 12C21 7.02944 16.9706 3 12 3ZM1 12C1 5.92487 5.92487 1 12 1C18.0751 1 23 5.92487 23 12C23 18.0751 18.0751 23 12 23C5.92487 23 1 18.0751 1 12Z\" fill=\"white\"\/><path fill-rule=\"evenodd\" clip-rule=\"evenodd\" d=\"M12 7C12.5523 7 13 7.44772 13 8V16C13 16.5523 12.5523 17 12 17C11.4477 17 11 16.5523 11 16V8C11 7.44772 11.4477 7 12 7Z\" fill=\"white\"\/><path fill-rule=\"evenodd\" clip-rule=\"evenodd\" d=\"M7 12C7 11.4477 7.44772 11 8 11H16C16.5523 11 17 11.4477 17 12C17 12.5523 16.5523 13 16 13H8C7.44772 13 7 12.5523 7 12Z\" fill=\"white\"\/><\/svg>\n        <\/div>\n      <\/div>\n          <div class=\"b-hover-card\">\n        <img decoding=\"async\" width=\"240\" height=\"300\" src=\"https:\/\/www.yanmar.com\/marine\/wp-content\/uploads\/2024\/07\/bcb7187a9d91ee131fbee5069e4a3bbc-240x300.png\" class=\"wp-image b-hover-card__image\" alt=\"\" srcset=\"https:\/\/www.yanmar.com\/marine\/wp-content\/uploads\/2024\/07\/bcb7187a9d91ee131fbee5069e4a3bbc-240x300.png 240w, https:\/\/www.yanmar.com\/marine\/wp-content\/uploads\/2024\/07\/bcb7187a9d91ee131fbee5069e4a3bbc.png 365w\" sizes=\"(max-width: 240px) 100vw, 240px\" \/>\n        <div class=\"b-hover-card__content\">\n          <h5 class=\"b-hover-card__title\">Kraftig<\/h5>\n          <p class=\"b-hover-card__description\">\n            Eksepsjonelt responsiv ytelse og kontroll takket v\u00e6re overlegne dreiemomentniv\u00e5er.\n          <\/p>\n          <svg class=\"svg-icon\" width=\"24\" height=\"24\" aria-hidden=\"true\" role=\"img\" focusable=\"false\" width=\"24\" height=\"24\" viewBox=\"0 0 24 24\" fill=\"none\" xmlns=\"http:\/\/www.w3.org\/2000\/svg\"><path fill-rule=\"evenodd\" clip-rule=\"evenodd\" d=\"M12 3C7.02944 3 3 7.02944 3 12C3 16.9706 7.02944 21 12 21C16.9706 21 21 16.9706 21 12C21 7.02944 16.9706 3 12 3ZM1 12C1 5.92487 5.92487 1 12 1C18.0751 1 23 5.92487 23 12C23 18.0751 18.0751 23 12 23C5.92487 23 1 18.0751 1 12Z\" fill=\"white\"\/><path fill-rule=\"evenodd\" clip-rule=\"evenodd\" d=\"M12 7C12.5523 7 13 7.44772 13 8V16C13 16.5523 12.5523 17 12 17C11.4477 17 11 16.5523 11 16V8C11 7.44772 11.4477 7 12 7Z\" fill=\"white\"\/><path fill-rule=\"evenodd\" clip-rule=\"evenodd\" d=\"M7 12C7 11.4477 7.44772 11 8 11H16C16.5523 11 17 11.4477 17 12C17 12.5523 16.5523 13 16 13H8C7.44772 13 7 12.5523 7 12Z\" fill=\"white\"\/><\/svg>\n        <\/div>\n      <\/div>\n          <div class=\"b-hover-card\">\n        <img decoding=\"async\" width=\"300\" height=\"300\" src=\"https:\/\/www.yanmar.com\/marine\/wp-content\/uploads\/2024\/07\/90e523f525827ce5e5bb1de4b4d68b59-300x300.png\" class=\"wp-image b-hover-card__image\" alt=\"\" srcset=\"https:\/\/www.yanmar.com\/marine\/wp-content\/uploads\/2024\/07\/90e523f525827ce5e5bb1de4b4d68b59-300x300.png 300w, https:\/\/www.yanmar.com\/marine\/wp-content\/uploads\/2024\/07\/90e523f525827ce5e5bb1de4b4d68b59-1024x1024.png 1024w, https:\/\/www.yanmar.com\/marine\/wp-content\/uploads\/2024\/07\/90e523f525827ce5e5bb1de4b4d68b59-150x150.png 150w, https:\/\/www.yanmar.com\/marine\/wp-content\/uploads\/2024\/07\/90e523f525827ce5e5bb1de4b4d68b59-768x768.png 768w, https:\/\/www.yanmar.com\/marine\/wp-content\/uploads\/2024\/07\/90e523f525827ce5e5bb1de4b4d68b59-480x480.png 480w, https:\/\/www.yanmar.com\/marine\/wp-content\/uploads\/2024\/07\/90e523f525827ce5e5bb1de4b4d68b59.png 1206w\" sizes=\"(max-width: 300px) 100vw, 300px\" \/>\n        <div class=\"b-hover-card__content\">\n          <h5 class=\"b-hover-card__title\">Drivstoffeffektiv<\/h5>\n          <p class=\"b-hover-card__description\">\n            Minimerer forbruket og optimaliserer ytelsen med presis, digitalt styrt drivstoffinnspr\u00f8ytning.\n          <\/p>\n          <svg class=\"svg-icon\" width=\"24\" height=\"24\" aria-hidden=\"true\" role=\"img\" focusable=\"false\" width=\"24\" height=\"24\" viewBox=\"0 0 24 24\" fill=\"none\" xmlns=\"http:\/\/www.w3.org\/2000\/svg\"><path fill-rule=\"evenodd\" clip-rule=\"evenodd\" d=\"M12 3C7.02944 3 3 7.02944 3 12C3 16.9706 7.02944 21 12 21C16.9706 21 21 16.9706 21 12C21 7.02944 16.9706 3 12 3ZM1 12C1 5.92487 5.92487 1 12 1C18.0751 1 23 5.92487 23 12C23 18.0751 18.0751 23 12 23C5.92487 23 1 18.0751 1 12Z\" fill=\"white\"\/><path fill-rule=\"evenodd\" clip-rule=\"evenodd\" d=\"M12 7C12.5523 7 13 7.44772 13 8V16C13 16.5523 12.5523 17 12 17C11.4477 17 11 16.5523 11 16V8C11 7.44772 11.4477 7 12 7Z\" fill=\"white\"\/><path fill-rule=\"evenodd\" clip-rule=\"evenodd\" d=\"M7 12C7 11.4477 7.44772 11 8 11H16C16.5523 11 17 11.4477 17 12C17 12.5523 16.5523 13 16 13H8C7.44772 13 7 12.5523 7 12Z\" fill=\"white\"\/><\/svg>\n        <\/div>\n      <\/div>\n      <\/div>\n<\/section>\n\n\n\n\n<div style=\"height:auto\" aria-hidden=\"true\" class=\"wp-block-spacer is-style-medium\"><\/div>\n\n\n\n<div class=\"wp-block-media-text is-stacked-on-mobile c-pattern c-pattern--cta has-background\" style=\"background-color:#f2f2f2\"><figure class=\"wp-block-media-text__media\"><img decoding=\"async\" width=\"542\" height=\"374\" src=\"https:\/\/www.yanmar.com\/marine\/wp-content\/uploads\/2024\/07\/image-95-1.png\" alt=\"\" class=\"wp-image-40317 size-full\" srcset=\"https:\/\/www.yanmar.com\/marine\/wp-content\/uploads\/2024\/07\/image-95-1.png 542w, https:\/\/www.yanmar.com\/marine\/wp-content\/uploads\/2024\/07\/image-95-1-300x207.png 300w\" sizes=\"(max-width: 542px) 100vw, 542px\" \/><\/figure><div class=\"wp-block-media-text__content\">\n<div style=\"height:auto\" aria-hidden=\"true\" class=\"wp-block-spacer\"><\/div>\n\n\n\n<h3 class=\"wp-block-heading has-text-align-center\"><strong>Sp\u00f8rsm\u00e5l og support<\/strong><\/h3>\n\n\n\n<p class=\"has-text-align-center\">Finn ut mer ved \u00e5 <a href=\"https:\/\/www.yanmar.com\/marine\/service\/faq\/\">s\u00f8ke i v\u00e5re ofte stilte sp\u00f8rsm\u00e5l<\/a>, eller finn din <a href=\"https:\/\/www.yanmar.com\/marine\/network\/\">lokale forhandler eller distribut\u00f8r<\/a> fra v\u00e5rt globale nettverk. Ta gjerne kontakt med YANMAR Marine hvis du har ikke-tekniske sp\u00f8rsm\u00e5l, ved \u00e5 g\u00e5 til kontaktsiden nedenfor. <\/p>\n\n\n\n<div class=\"wp-block-buttons is-content-justification-center is-layout-flex wp-container-core-buttons-is-layout-16018d1d wp-block-buttons-is-layout-flex\">\n<div class=\"wp-block-button\"><a class=\"wp-block-button__link has-text-align-center wp-element-button\" href=\"https:\/\/www.yanmar.com\/marine\/no\/kontakt-oss\/\">Kontakt oss<\/a><\/div>\n<\/div>\n\n\n\n<div style=\"height:auto\" aria-hidden=\"true\" class=\"wp-block-spacer\"><\/div>\n<\/div><\/div>\n\n\n\n<div style=\"height:auto\" aria-hidden=\"true\" class=\"wp-block-spacer is-style-medium\"><\/div>\n<\/div><\/div>\n","protected":false},"excerpt":{"rendered":"<p>TEKNOLOGI 5x Best i klassen Vi er hvilel\u00f8se i anstrengelsene v\u00e5re p\u00e5 \u00e5 fornye common rail-motorene v\u00e5re og s\u00f8rge for [&hellip;]<\/p>\n","protected":false},"author":14,"featured_media":0,"parent":45220,"menu_order":0,"comment_status":"closed","ping_status":"closed","template":"","meta":{"_acf_changed":false,"footnotes":""},"tags":[],"class_list":["post-45467","page","type-page","status-publish","hentry"],"acf":[],"yoast_head":"<!-- This site is optimized with the Yoast SEO Premium plugin v27.2 (Yoast SEO v27.2) - https:\/\/yoast.com\/product\/yoast-seo-premium-wordpress\/ -->\n<title>5X best i klassen - YANMAR Marine International<\/title>\n<meta name=\"robots\" content=\"index, follow, max-snippet:-1, max-image-preview:large, max-video-preview:-1\" \/>\n<link rel=\"canonical\" href=\"https:\/\/www.yanmar.com\/marine\/teknologi-2\/5x-best-i-klassen\/\" \/>\n<meta property=\"og:locale\" content=\"en_US\" \/>\n<meta property=\"og:type\" content=\"article\" \/>\n<meta property=\"og:title\" content=\"5X best i klassen\" \/>\n<meta property=\"og:description\" content=\"TEKNOLOGI 5x Best i klassen Vi er hvilel\u00f8se i anstrengelsene v\u00e5re p\u00e5 \u00e5 fornye common rail-motorene v\u00e5re og s\u00f8rge for [&hellip;]\" \/>\n<meta property=\"og:url\" content=\"https:\/\/www.yanmar.com\/marine\/no\/teknologi-2\/5x-best-i-klassen\/\" \/>\n<meta property=\"og:site_name\" content=\"YANMAR Marine International\" \/>\n<meta property=\"article:modified_time\" content=\"2025-02-10T09:39:53+00:00\" \/>\n<meta property=\"og:image\" content=\"https:\/\/origin-ymi.yanmar.com\/marine\/wp-content\/uploads\/2024\/07\/image-95-1.png\" \/>\n<meta name=\"twitter:card\" content=\"summary_large_image\" \/>\n<meta name=\"twitter:label1\" content=\"Est. reading time\" \/>\n\t<meta name=\"twitter:data1\" content=\"1 minute\" \/>\n<script type=\"application\/ld+json\" class=\"yoast-schema-graph\">{\"@context\":\"https:\/\/schema.org\",\"@graph\":[{\"@type\":\"WebPage\",\"@id\":\"https:\/\/www.yanmar.com\/marine\/no\/teknologi-2\/5x-best-i-klassen\/\",\"url\":\"https:\/\/www.yanmar.com\/marine\/no\/teknologi-2\/5x-best-i-klassen\/\",\"name\":\"5X best i klassen - YANMAR Marine International\",\"isPartOf\":{\"@id\":\"https:\/\/origin-ymi.yanmar.com\/marine\/#website\"},\"primaryImageOfPage\":{\"@id\":\"https:\/\/www.yanmar.com\/marine\/no\/teknologi-2\/5x-best-i-klassen\/#primaryimage\"},\"image\":{\"@id\":\"https:\/\/www.yanmar.com\/marine\/no\/teknologi-2\/5x-best-i-klassen\/#primaryimage\"},\"thumbnailUrl\":\"https:\/\/origin-ymi.yanmar.com\/marine\/wp-content\/uploads\/2024\/07\/image-95-1.png\",\"datePublished\":\"2021-11-15T15:14:24+00:00\",\"dateModified\":\"2025-02-10T09:39:53+00:00\",\"breadcrumb\":{\"@id\":\"https:\/\/www.yanmar.com\/marine\/no\/teknologi-2\/5x-best-i-klassen\/#breadcrumb\"},\"inLanguage\":\"en-US\",\"potentialAction\":[{\"@type\":\"ReadAction\",\"target\":[\"https:\/\/www.yanmar.com\/marine\/no\/teknologi-2\/5x-best-i-klassen\/\"]}]},{\"@type\":\"ImageObject\",\"inLanguage\":\"en-US\",\"@id\":\"https:\/\/www.yanmar.com\/marine\/no\/teknologi-2\/5x-best-i-klassen\/#primaryimage\",\"url\":\"https:\/\/origin-ymi.yanmar.com\/marine\/wp-content\/uploads\/2024\/07\/image-95-1.png\",\"contentUrl\":\"https:\/\/origin-ymi.yanmar.com\/marine\/wp-content\/uploads\/2024\/07\/image-95-1.png\"},{\"@type\":\"BreadcrumbList\",\"@id\":\"https:\/\/www.yanmar.com\/marine\/no\/teknologi-2\/5x-best-i-klassen\/#breadcrumb\",\"itemListElement\":[{\"@type\":\"ListItem\",\"position\":1,\"name\":\"Yanmar Marine\",\"item\":\"https:\/\/origin-ymi.yanmar.com\/marine\/\"},{\"@type\":\"ListItem\",\"position\":2,\"name\":\"Teknologi\",\"item\":\"https:\/\/origin-ymi.yanmar.com\/marine\/teknologi-2\/\"},{\"@type\":\"ListItem\",\"position\":3,\"name\":\"5X best i klassen\"}]},{\"@type\":\"WebSite\",\"@id\":\"https:\/\/origin-ymi.yanmar.com\/marine\/#website\",\"url\":\"https:\/\/origin-ymi.yanmar.com\/marine\/\",\"name\":\"YANMAR Marine International\",\"description\":\"Proven Marine Technology\",\"publisher\":{\"@id\":\"https:\/\/origin-ymi.yanmar.com\/marine\/#organization\"},\"potentialAction\":[{\"@type\":\"SearchAction\",\"target\":{\"@type\":\"EntryPoint\",\"urlTemplate\":\"https:\/\/origin-ymi.yanmar.com\/marine\/?s={search_term_string}\"},\"query-input\":{\"@type\":\"PropertyValueSpecification\",\"valueRequired\":true,\"valueName\":\"search_term_string\"}}],\"inLanguage\":\"en-US\"},{\"@type\":\"Organization\",\"@id\":\"https:\/\/origin-ymi.yanmar.com\/marine\/#organization\",\"name\":\"YANMAR Marine International\",\"url\":\"https:\/\/origin-ymi.yanmar.com\/marine\/\",\"logo\":{\"@type\":\"ImageObject\",\"inLanguage\":\"en-US\",\"@id\":\"https:\/\/origin-ymi.yanmar.com\/marine\/#\/schema\/logo\/image\/\",\"url\":\"https:\/\/origin-ymi.yanmar.com\/marine\/wp-content\/uploads\/2020\/03\/YANMAR-Brand-Logotype2.png\",\"contentUrl\":\"https:\/\/origin-ymi.yanmar.com\/marine\/wp-content\/uploads\/2020\/03\/YANMAR-Brand-Logotype2.png\",\"width\":842,\"height\":168,\"caption\":\"YANMAR Marine International\"},\"image\":{\"@id\":\"https:\/\/origin-ymi.yanmar.com\/marine\/#\/schema\/logo\/image\/\"}}]}<\/script>\n<!-- \/ Yoast SEO Premium plugin. -->","yoast_head_json":{"title":"5X best i klassen - YANMAR Marine International","robots":{"index":"index","follow":"follow","max-snippet":"max-snippet:-1","max-image-preview":"max-image-preview:large","max-video-preview":"max-video-preview:-1"},"canonical":"https:\/\/www.yanmar.com\/marine\/teknologi-2\/5x-best-i-klassen\/","og_locale":"en_US","og_type":"article","og_title":"5X best i klassen","og_description":"TEKNOLOGI 5x Best i klassen Vi er hvilel\u00f8se i anstrengelsene v\u00e5re p\u00e5 \u00e5 fornye common rail-motorene v\u00e5re og s\u00f8rge for [&hellip;]","og_url":"https:\/\/www.yanmar.com\/marine\/no\/teknologi-2\/5x-best-i-klassen\/","og_site_name":"YANMAR Marine International","article_modified_time":"2025-02-10T09:39:53+00:00","og_image":[{"url":"https:\/\/origin-ymi.yanmar.com\/marine\/wp-content\/uploads\/2024\/07\/image-95-1.png","type":"","width":"","height":""}],"twitter_card":"summary_large_image","twitter_misc":{"Est. reading time":"1 minute"},"schema":{"@context":"https:\/\/schema.org","@graph":[{"@type":"WebPage","@id":"https:\/\/www.yanmar.com\/marine\/no\/teknologi-2\/5x-best-i-klassen\/","url":"https:\/\/www.yanmar.com\/marine\/no\/teknologi-2\/5x-best-i-klassen\/","name":"5X best i klassen - YANMAR Marine International","isPartOf":{"@id":"https:\/\/origin-ymi.yanmar.com\/marine\/#website"},"primaryImageOfPage":{"@id":"https:\/\/www.yanmar.com\/marine\/no\/teknologi-2\/5x-best-i-klassen\/#primaryimage"},"image":{"@id":"https:\/\/www.yanmar.com\/marine\/no\/teknologi-2\/5x-best-i-klassen\/#primaryimage"},"thumbnailUrl":"https:\/\/origin-ymi.yanmar.com\/marine\/wp-content\/uploads\/2024\/07\/image-95-1.png","datePublished":"2021-11-15T15:14:24+00:00","dateModified":"2025-02-10T09:39:53+00:00","breadcrumb":{"@id":"https:\/\/www.yanmar.com\/marine\/no\/teknologi-2\/5x-best-i-klassen\/#breadcrumb"},"inLanguage":"en-US","potentialAction":[{"@type":"ReadAction","target":["https:\/\/www.yanmar.com\/marine\/no\/teknologi-2\/5x-best-i-klassen\/"]}]},{"@type":"ImageObject","inLanguage":"en-US","@id":"https:\/\/www.yanmar.com\/marine\/no\/teknologi-2\/5x-best-i-klassen\/#primaryimage","url":"https:\/\/origin-ymi.yanmar.com\/marine\/wp-content\/uploads\/2024\/07\/image-95-1.png","contentUrl":"https:\/\/origin-ymi.yanmar.com\/marine\/wp-content\/uploads\/2024\/07\/image-95-1.png"},{"@type":"BreadcrumbList","@id":"https:\/\/www.yanmar.com\/marine\/no\/teknologi-2\/5x-best-i-klassen\/#breadcrumb","itemListElement":[{"@type":"ListItem","position":1,"name":"Yanmar Marine","item":"https:\/\/origin-ymi.yanmar.com\/marine\/"},{"@type":"ListItem","position":2,"name":"Teknologi","item":"https:\/\/origin-ymi.yanmar.com\/marine\/teknologi-2\/"},{"@type":"ListItem","position":3,"name":"5X best i klassen"}]},{"@type":"WebSite","@id":"https:\/\/origin-ymi.yanmar.com\/marine\/#website","url":"https:\/\/origin-ymi.yanmar.com\/marine\/","name":"YANMAR Marine International","description":"Proven Marine Technology","publisher":{"@id":"https:\/\/origin-ymi.yanmar.com\/marine\/#organization"},"potentialAction":[{"@type":"SearchAction","target":{"@type":"EntryPoint","urlTemplate":"https:\/\/origin-ymi.yanmar.com\/marine\/?s={search_term_string}"},"query-input":{"@type":"PropertyValueSpecification","valueRequired":true,"valueName":"search_term_string"}}],"inLanguage":"en-US"},{"@type":"Organization","@id":"https:\/\/origin-ymi.yanmar.com\/marine\/#organization","name":"YANMAR Marine International","url":"https:\/\/origin-ymi.yanmar.com\/marine\/","logo":{"@type":"ImageObject","inLanguage":"en-US","@id":"https:\/\/origin-ymi.yanmar.com\/marine\/#\/schema\/logo\/image\/","url":"https:\/\/origin-ymi.yanmar.com\/marine\/wp-content\/uploads\/2020\/03\/YANMAR-Brand-Logotype2.png","contentUrl":"https:\/\/origin-ymi.yanmar.com\/marine\/wp-content\/uploads\/2020\/03\/YANMAR-Brand-Logotype2.png","width":842,"height":168,"caption":"YANMAR Marine International"},"image":{"@id":"https:\/\/origin-ymi.yanmar.com\/marine\/#\/schema\/logo\/image\/"}}]}},"_links":{"self":[{"href":"https:\/\/www.yanmar.com\/marine\/wp-json\/wp\/v2\/pages\/45467","targetHints":{"allow":["GET"]}}],"collection":[{"href":"https:\/\/www.yanmar.com\/marine\/wp-json\/wp\/v2\/pages"}],"about":[{"href":"https:\/\/www.yanmar.com\/marine\/wp-json\/wp\/v2\/types\/page"}],"author":[{"embeddable":true,"href":"https:\/\/www.yanmar.com\/marine\/wp-json\/wp\/v2\/users\/14"}],"replies":[{"embeddable":true,"href":"https:\/\/www.yanmar.com\/marine\/wp-json\/wp\/v2\/comments?post=45467"}],"version-history":[{"count":4,"href":"https:\/\/www.yanmar.com\/marine\/wp-json\/wp\/v2\/pages\/45467\/revisions"}],"predecessor-version":[{"id":46708,"href":"https:\/\/www.yanmar.com\/marine\/wp-json\/wp\/v2\/pages\/45467\/revisions\/46708"}],"up":[{"embeddable":true,"href":"https:\/\/www.yanmar.com\/marine\/wp-json\/wp\/v2\/pages\/45220"}],"wp:attachment":[{"href":"https:\/\/www.yanmar.com\/marine\/wp-json\/wp\/v2\/media?parent=45467"}],"wp:term":[{"taxonomy":"post_tag","embeddable":true,"href":"https:\/\/www.yanmar.com\/marine\/wp-json\/wp\/v2\/tags?post=45467"}],"curies":[{"name":"wp","href":"https:\/\/api.w.org\/{rel}","templated":true}]}}