{"id":45720,"date":"2021-11-15T15:14:24","date_gmt":"2021-11-15T15:14:24","guid":{"rendered":"https:\/\/www.yanmar.com\/marine\/technologie-2\/5x-meilleur-de-sa-categorie\/"},"modified":"2025-01-17T13:37:56","modified_gmt":"2025-01-17T13:37:56","slug":"5x-meilleur-de-sa-categorie","status":"publish","type":"page","link":"https:\/\/www.yanmar.com\/marine\/fr\/technologie-2\/5x-meilleur-de-sa-categorie\/","title":{"rendered":"5X meilleur de sa cat\u00e9gorie"},"content":{"rendered":"\n<div style=\"height:auto\" aria-hidden=\"true\" class=\"wp-block-spacer is-style-small\"><\/div>\n\n\n\n<div class=\"wp-block-group\"><div class=\"wp-block-group__inner-container is-layout-constrained wp-block-group-is-layout-constrained\">\n<h6 class=\"wp-block-heading has-text-align-center has-primary-color has-text-color has-link-color wp-elements-efc390068c5fcfd5dab03d3661865939\">TECHNOLOGIE<\/h6>\n\n\n\n<h1 class=\"wp-block-heading has-text-align-center\">5x Meilleur de sa cat\u00e9gorie<\/h1>\n\n\n\n<div style=\"height:auto\" aria-hidden=\"true\" class=\"wp-block-spacer is-style-small\"><\/div>\n\n\n\n<p class=\"has-text-align-center\">Nous ne m\u00e9nageons pas nos efforts pour innover et faire en sorte que nos moteurs marins \u00e0 rampe commune restent les meilleurs de leur cat\u00e9gorie sur cinq aspects cl\u00e9s : propret\u00e9, interconnexion, silence, puissance, \u00e9conomie de carburant. Ces aspects sont essentiels pour les propri\u00e9taires et les op\u00e9rateurs de bateaux propuls\u00e9s par YANMAR. <\/p>\n\n\n\n<p class=\"has-text-align-center\">Les moteurs marins YANMAR \u00e0 rampe commune \u00e9tablissent les normes mondiales en mati\u00e8re de performance, de rendement et d\u2019endurance. Sans compromis sur le plan de l&#8217;ing\u00e9nierie, nous proposons une technologie de pointe en standard sur l&#8217;ensemble de notre gamme.\nNous mettons l&#8217;accent sur votre confort et votre s\u00e9curit\u00e9, ainsi que sur un faible co\u00fbt total de possession, tout en offrant une puissance et une vitesse exceptionnelles. <\/p>\n\n\n\n<div class=\"wp-block-buttons is-content-justification-center is-layout-flex wp-container-core-buttons-is-layout-16018d1d wp-block-buttons-is-layout-flex\">\n<div class=\"wp-block-button is-style-fill\"><a class=\"wp-block-button__link has-text-align-center wp-element-button\" href=\"https:\/\/www.yanmar.com\/marine\/technology-sustainability\/common-rail-technology\/\">D\u00e9couvrez nos moteurs \u00e0 rampe commune<\/a><\/div>\n<\/div>\n<\/div><\/div>\n\n\n\n<div style=\"height:auto\" aria-hidden=\"true\" class=\"wp-block-spacer is-style-small\"><\/div>\n\n\n\n<div class=\"wp-block-group\"><div class=\"wp-block-group__inner-container is-layout-constrained wp-block-group-is-layout-constrained\">\n<section class=\"b-hover-cards\" data-block_a1ecefa11ab458cf6b7e9af844b3b35b >\n  <div class=\"b-hover-cards__container\">\n          <div class=\"b-hover-card\">\n        <img decoding=\"async\" width=\"300\" height=\"200\" src=\"https:\/\/www.yanmar.com\/marine\/wp-content\/uploads\/2024\/07\/9c0a57576df431ea5bda7b3742c0bb95-300x200.png\" class=\"wp-image b-hover-card__image\" alt=\"\" srcset=\"https:\/\/www.yanmar.com\/marine\/wp-content\/uploads\/2024\/07\/9c0a57576df431ea5bda7b3742c0bb95-300x200.png 300w, https:\/\/www.yanmar.com\/marine\/wp-content\/uploads\/2024\/07\/9c0a57576df431ea5bda7b3742c0bb95.png 548w\" sizes=\"(max-width: 300px) 100vw, 300px\" \/>\n        <div class=\"b-hover-card__content\">\n          <h5 class=\"b-hover-card__title\">Nettoyer<\/h5>\n          <p class=\"b-hover-card__description\">\n            Surpassant les normes d&#8217;\u00e9mission mondiales strictes pour un fonctionnement pratiquement sans odeur ni fum\u00e9e.\n          <\/p>\n          <svg class=\"svg-icon\" width=\"24\" height=\"24\" aria-hidden=\"true\" role=\"img\" focusable=\"false\" width=\"24\" height=\"24\" viewBox=\"0 0 24 24\" fill=\"none\" xmlns=\"http:\/\/www.w3.org\/2000\/svg\"><path fill-rule=\"evenodd\" clip-rule=\"evenodd\" d=\"M12 3C7.02944 3 3 7.02944 3 12C3 16.9706 7.02944 21 12 21C16.9706 21 21 16.9706 21 12C21 7.02944 16.9706 3 12 3ZM1 12C1 5.92487 5.92487 1 12 1C18.0751 1 23 5.92487 23 12C23 18.0751 18.0751 23 12 23C5.92487 23 1 18.0751 1 12Z\" fill=\"white\"\/><path fill-rule=\"evenodd\" clip-rule=\"evenodd\" d=\"M12 7C12.5523 7 13 7.44772 13 8V16C13 16.5523 12.5523 17 12 17C11.4477 17 11 16.5523 11 16V8C11 7.44772 11.4477 7 12 7Z\" fill=\"white\"\/><path fill-rule=\"evenodd\" clip-rule=\"evenodd\" d=\"M7 12C7 11.4477 7.44772 11 8 11H16C16.5523 11 17 11.4477 17 12C17 12.5523 16.5523 13 16 13H8C7.44772 13 7 12.5523 7 12Z\" fill=\"white\"\/><\/svg>\n        <\/div>\n      <\/div>\n          <div class=\"b-hover-card\">\n        <img decoding=\"async\" width=\"300\" height=\"207\" src=\"https:\/\/www.yanmar.com\/marine\/wp-content\/uploads\/2024\/07\/564feec932405d1a2477f97a4d7be22f-300x207.png\" class=\"wp-image b-hover-card__image\" alt=\"\" srcset=\"https:\/\/www.yanmar.com\/marine\/wp-content\/uploads\/2024\/07\/564feec932405d1a2477f97a4d7be22f-300x207.png 300w, https:\/\/www.yanmar.com\/marine\/wp-content\/uploads\/2024\/07\/564feec932405d1a2477f97a4d7be22f-768x530.png 768w, https:\/\/www.yanmar.com\/marine\/wp-content\/uploads\/2024\/07\/564feec932405d1a2477f97a4d7be22f.png 870w\" sizes=\"(max-width: 300px) 100vw, 300px\" \/>\n        <div class=\"b-hover-card__content\">\n          <h5 class=\"b-hover-card__title\">Interconnexion<\/h5>\n          <p class=\"b-hover-card__description\">\n            Con\u00e7u de mani\u00e8re unique pour s&#8217;int\u00e9grer aux composants \u00e9lectroniques les plus r\u00e9cents et aux \u00e9crans multifonctions pour une surveillance et un contr\u00f4le avanc\u00e9s du moteur.\n          <\/p>\n          <svg class=\"svg-icon\" width=\"24\" height=\"24\" aria-hidden=\"true\" role=\"img\" focusable=\"false\" width=\"24\" height=\"24\" viewBox=\"0 0 24 24\" fill=\"none\" xmlns=\"http:\/\/www.w3.org\/2000\/svg\"><path fill-rule=\"evenodd\" clip-rule=\"evenodd\" d=\"M12 3C7.02944 3 3 7.02944 3 12C3 16.9706 7.02944 21 12 21C16.9706 21 21 16.9706 21 12C21 7.02944 16.9706 3 12 3ZM1 12C1 5.92487 5.92487 1 12 1C18.0751 1 23 5.92487 23 12C23 18.0751 18.0751 23 12 23C5.92487 23 1 18.0751 1 12Z\" fill=\"white\"\/><path fill-rule=\"evenodd\" clip-rule=\"evenodd\" d=\"M12 7C12.5523 7 13 7.44772 13 8V16C13 16.5523 12.5523 17 12 17C11.4477 17 11 16.5523 11 16V8C11 7.44772 11.4477 7 12 7Z\" fill=\"white\"\/><path fill-rule=\"evenodd\" clip-rule=\"evenodd\" d=\"M7 12C7 11.4477 7.44772 11 8 11H16C16.5523 11 17 11.4477 17 12C17 12.5523 16.5523 13 16 13H8C7.44772 13 7 12.5523 7 12Z\" fill=\"white\"\/><\/svg>\n        <\/div>\n      <\/div>\n          <div class=\"b-hover-card\">\n        <img decoding=\"async\" width=\"300\" height=\"200\" src=\"https:\/\/www.yanmar.com\/marine\/wp-content\/uploads\/2024\/07\/e85bf3884b9ea8ebc09f5a543e940302-300x200.png\" class=\"wp-image b-hover-card__image\" alt=\"\" srcset=\"https:\/\/www.yanmar.com\/marine\/wp-content\/uploads\/2024\/07\/e85bf3884b9ea8ebc09f5a543e940302-300x200.png 300w, https:\/\/www.yanmar.com\/marine\/wp-content\/uploads\/2024\/07\/e85bf3884b9ea8ebc09f5a543e940302-768x512.png 768w, https:\/\/www.yanmar.com\/marine\/wp-content\/uploads\/2024\/07\/e85bf3884b9ea8ebc09f5a543e940302.png 1000w\" sizes=\"(max-width: 300px) 100vw, 300px\" \/>\n        <div class=\"b-hover-card__content\">\n          <h5 class=\"b-hover-card__title\">Calme<\/h5>\n          <p class=\"b-hover-card__description\">\n            L&#8217;utilisation de technologies de pointe permet d&#8217;obtenir des niveaux de vibration et de bruit extr\u00eamement faibles.\n          <\/p>\n          <svg class=\"svg-icon\" width=\"24\" height=\"24\" aria-hidden=\"true\" role=\"img\" focusable=\"false\" width=\"24\" height=\"24\" viewBox=\"0 0 24 24\" fill=\"none\" xmlns=\"http:\/\/www.w3.org\/2000\/svg\"><path fill-rule=\"evenodd\" clip-rule=\"evenodd\" d=\"M12 3C7.02944 3 3 7.02944 3 12C3 16.9706 7.02944 21 12 21C16.9706 21 21 16.9706 21 12C21 7.02944 16.9706 3 12 3ZM1 12C1 5.92487 5.92487 1 12 1C18.0751 1 23 5.92487 23 12C23 18.0751 18.0751 23 12 23C5.92487 23 1 18.0751 1 12Z\" fill=\"white\"\/><path fill-rule=\"evenodd\" clip-rule=\"evenodd\" d=\"M12 7C12.5523 7 13 7.44772 13 8V16C13 16.5523 12.5523 17 12 17C11.4477 17 11 16.5523 11 16V8C11 7.44772 11.4477 7 12 7Z\" fill=\"white\"\/><path fill-rule=\"evenodd\" clip-rule=\"evenodd\" d=\"M7 12C7 11.4477 7.44772 11 8 11H16C16.5523 11 17 11.4477 17 12C17 12.5523 16.5523 13 16 13H8C7.44772 13 7 12.5523 7 12Z\" fill=\"white\"\/><\/svg>\n        <\/div>\n      <\/div>\n          <div class=\"b-hover-card\">\n        <img decoding=\"async\" width=\"240\" height=\"300\" src=\"https:\/\/www.yanmar.com\/marine\/wp-content\/uploads\/2024\/07\/bcb7187a9d91ee131fbee5069e4a3bbc-240x300.png\" class=\"wp-image b-hover-card__image\" alt=\"\" srcset=\"https:\/\/www.yanmar.com\/marine\/wp-content\/uploads\/2024\/07\/bcb7187a9d91ee131fbee5069e4a3bbc-240x300.png 240w, https:\/\/www.yanmar.com\/marine\/wp-content\/uploads\/2024\/07\/bcb7187a9d91ee131fbee5069e4a3bbc.png 365w\" sizes=\"(max-width: 240px) 100vw, 240px\" \/>\n        <div class=\"b-hover-card__content\">\n          <h5 class=\"b-hover-card__title\">Puissant<\/h5>\n          <p class=\"b-hover-card__description\">\n            Offrant des performances et un contr\u00f4le exceptionnellement r\u00e9actifs gr\u00e2ce \u00e0 des niveaux de couple sup\u00e9rieurs.\n          <\/p>\n          <svg class=\"svg-icon\" width=\"24\" height=\"24\" aria-hidden=\"true\" role=\"img\" focusable=\"false\" width=\"24\" height=\"24\" viewBox=\"0 0 24 24\" fill=\"none\" xmlns=\"http:\/\/www.w3.org\/2000\/svg\"><path fill-rule=\"evenodd\" clip-rule=\"evenodd\" d=\"M12 3C7.02944 3 3 7.02944 3 12C3 16.9706 7.02944 21 12 21C16.9706 21 21 16.9706 21 12C21 7.02944 16.9706 3 12 3ZM1 12C1 5.92487 5.92487 1 12 1C18.0751 1 23 5.92487 23 12C23 18.0751 18.0751 23 12 23C5.92487 23 1 18.0751 1 12Z\" fill=\"white\"\/><path fill-rule=\"evenodd\" clip-rule=\"evenodd\" d=\"M12 7C12.5523 7 13 7.44772 13 8V16C13 16.5523 12.5523 17 12 17C11.4477 17 11 16.5523 11 16V8C11 7.44772 11.4477 7 12 7Z\" fill=\"white\"\/><path fill-rule=\"evenodd\" clip-rule=\"evenodd\" d=\"M7 12C7 11.4477 7.44772 11 8 11H16C16.5523 11 17 11.4477 17 12C17 12.5523 16.5523 13 16 13H8C7.44772 13 7 12.5523 7 12Z\" fill=\"white\"\/><\/svg>\n        <\/div>\n      <\/div>\n          <div class=\"b-hover-card\">\n        <img decoding=\"async\" width=\"300\" height=\"300\" src=\"https:\/\/www.yanmar.com\/marine\/wp-content\/uploads\/2024\/07\/90e523f525827ce5e5bb1de4b4d68b59-300x300.png\" class=\"wp-image b-hover-card__image\" alt=\"\" srcset=\"https:\/\/www.yanmar.com\/marine\/wp-content\/uploads\/2024\/07\/90e523f525827ce5e5bb1de4b4d68b59-300x300.png 300w, https:\/\/www.yanmar.com\/marine\/wp-content\/uploads\/2024\/07\/90e523f525827ce5e5bb1de4b4d68b59-1024x1024.png 1024w, https:\/\/www.yanmar.com\/marine\/wp-content\/uploads\/2024\/07\/90e523f525827ce5e5bb1de4b4d68b59-150x150.png 150w, https:\/\/www.yanmar.com\/marine\/wp-content\/uploads\/2024\/07\/90e523f525827ce5e5bb1de4b4d68b59-768x768.png 768w, https:\/\/www.yanmar.com\/marine\/wp-content\/uploads\/2024\/07\/90e523f525827ce5e5bb1de4b4d68b59-480x480.png 480w, https:\/\/www.yanmar.com\/marine\/wp-content\/uploads\/2024\/07\/90e523f525827ce5e5bb1de4b4d68b59.png 1206w\" sizes=\"(max-width: 300px) 100vw, 300px\" \/>\n        <div class=\"b-hover-card__content\">\n          <h5 class=\"b-hover-card__title\">Efficacit\u00e9 \u00e9nerg\u00e9tique<\/h5>\n          <p class=\"b-hover-card__description\">\n            Minimiser la consommation et optimiser les performances gr\u00e2ce \u00e0 une injection de carburant pr\u00e9cise \u00e0 commande num\u00e9rique.\n          <\/p>\n          <svg class=\"svg-icon\" width=\"24\" height=\"24\" aria-hidden=\"true\" role=\"img\" focusable=\"false\" width=\"24\" height=\"24\" viewBox=\"0 0 24 24\" fill=\"none\" xmlns=\"http:\/\/www.w3.org\/2000\/svg\"><path fill-rule=\"evenodd\" clip-rule=\"evenodd\" d=\"M12 3C7.02944 3 3 7.02944 3 12C3 16.9706 7.02944 21 12 21C16.9706 21 21 16.9706 21 12C21 7.02944 16.9706 3 12 3ZM1 12C1 5.92487 5.92487 1 12 1C18.0751 1 23 5.92487 23 12C23 18.0751 18.0751 23 12 23C5.92487 23 1 18.0751 1 12Z\" fill=\"white\"\/><path fill-rule=\"evenodd\" clip-rule=\"evenodd\" d=\"M12 7C12.5523 7 13 7.44772 13 8V16C13 16.5523 12.5523 17 12 17C11.4477 17 11 16.5523 11 16V8C11 7.44772 11.4477 7 12 7Z\" fill=\"white\"\/><path fill-rule=\"evenodd\" clip-rule=\"evenodd\" d=\"M7 12C7 11.4477 7.44772 11 8 11H16C16.5523 11 17 11.4477 17 12C17 12.5523 16.5523 13 16 13H8C7.44772 13 7 12.5523 7 12Z\" fill=\"white\"\/><\/svg>\n        <\/div>\n      <\/div>\n      <\/div>\n<\/section>\n\n\n\n\n<div style=\"height:auto\" aria-hidden=\"true\" class=\"wp-block-spacer is-style-medium\"><\/div>\n\n\n\n<div class=\"wp-block-media-text is-stacked-on-mobile c-pattern c-pattern--cta has-background\" style=\"background-color:#f2f2f2\"><figure class=\"wp-block-media-text__media\"><img decoding=\"async\" width=\"542\" height=\"374\" src=\"https:\/\/www.yanmar.com\/marine\/wp-content\/uploads\/2024\/07\/image-95-1.png\" alt=\"\" class=\"wp-image-40317 size-full\" srcset=\"https:\/\/www.yanmar.com\/marine\/wp-content\/uploads\/2024\/07\/image-95-1.png 542w, https:\/\/www.yanmar.com\/marine\/wp-content\/uploads\/2024\/07\/image-95-1-300x207.png 300w\" sizes=\"(max-width: 542px) 100vw, 542px\" \/><\/figure><div class=\"wp-block-media-text__content\">\n<div style=\"height:auto\" aria-hidden=\"true\" class=\"wp-block-spacer\"><\/div>\n\n\n\n<h3 class=\"wp-block-heading has-text-align-center\"><strong>Questions et soutien<\/strong><\/h3>\n\n\n\n<p class=\"has-text-align-center\">Pour en savoir plus, <a href=\"https:\/\/www.yanmar.com\/marine\/fr\/service\/questions-frequemment-posees\/\">consultez nos FAQ<\/a> ou trouvez votre <a href=\"https:\/\/www.yanmar.com\/marine\/fr\/network\/\">revendeur ou distributeur local<\/a> dans notre r\u00e9seau mondial. N&#8217;h\u00e9sitez pas \u00e0 contacter YANMAR Marine pour toute question non technique en visitant notre page Contact ci-dessous.<\/p>\n\n\n\n<div class=\"wp-block-buttons is-content-justification-center is-layout-flex wp-container-core-buttons-is-layout-16018d1d wp-block-buttons-is-layout-flex\">\n<div class=\"wp-block-button\"><a class=\"wp-block-button__link has-text-align-center wp-element-button\" href=\"https:\/\/www.yanmar.com\/marine\/fr\/nous-contacter\/\">Contactez nous<\/a><\/div>\n<\/div>\n\n\n\n<div style=\"height:auto\" aria-hidden=\"true\" class=\"wp-block-spacer\"><\/div>\n<\/div><\/div>\n\n\n\n<div style=\"height:auto\" aria-hidden=\"true\" class=\"wp-block-spacer is-style-medium\"><\/div>\n<\/div><\/div>\n","protected":false},"excerpt":{"rendered":"<p>TECHNOLOGIE 5x Meilleur de sa cat\u00e9gorie Nous ne m\u00e9nageons pas nos efforts pour innover et faire en sorte que nos [&hellip;]<\/p>\n","protected":false},"author":14,"featured_media":0,"parent":45224,"menu_order":0,"comment_status":"closed","ping_status":"closed","template":"","meta":{"_acf_changed":false,"footnotes":""},"tags":[],"class_list":["post-45720","page","type-page","status-publish","hentry"],"acf":[],"yoast_head":"<!-- This site is optimized with the Yoast SEO Premium plugin v27.2 (Yoast SEO v27.2) - https:\/\/yoast.com\/product\/yoast-seo-premium-wordpress\/ -->\n<title>5X meilleur de sa cat\u00e9gorie - YANMAR Marine International<\/title>\n<meta name=\"robots\" content=\"index, follow, max-snippet:-1, max-image-preview:large, max-video-preview:-1\" \/>\n<link rel=\"canonical\" href=\"https:\/\/www.yanmar.com\/marine\/technologie-2\/5x-meilleur-de-sa-categorie\/\" \/>\n<meta property=\"og:locale\" content=\"en_US\" \/>\n<meta property=\"og:type\" content=\"article\" \/>\n<meta property=\"og:title\" content=\"5X meilleur de sa cat\u00e9gorie\" \/>\n<meta property=\"og:description\" content=\"TECHNOLOGIE 5x Meilleur de sa cat\u00e9gorie Nous ne m\u00e9nageons pas nos efforts pour innover et faire en sorte que nos [&hellip;]\" \/>\n<meta property=\"og:url\" content=\"https:\/\/www.yanmar.com\/marine\/fr\/technologie-2\/5x-meilleur-de-sa-categorie\/\" \/>\n<meta property=\"og:site_name\" content=\"YANMAR Marine International\" \/>\n<meta property=\"article:modified_time\" content=\"2025-01-17T13:37:56+00:00\" \/>\n<meta property=\"og:image\" content=\"https:\/\/origin-ymi.yanmar.com\/marine\/wp-content\/uploads\/2024\/07\/image-95-1.png\" \/>\n<meta name=\"twitter:card\" content=\"summary_large_image\" \/>\n<meta name=\"twitter:label1\" content=\"Est. reading time\" \/>\n\t<meta name=\"twitter:data1\" content=\"1 minute\" \/>\n<script type=\"application\/ld+json\" class=\"yoast-schema-graph\">{\"@context\":\"https:\/\/schema.org\",\"@graph\":[{\"@type\":\"WebPage\",\"@id\":\"https:\/\/www.yanmar.com\/marine\/fr\/technologie-2\/5x-meilleur-de-sa-categorie\/\",\"url\":\"https:\/\/www.yanmar.com\/marine\/fr\/technologie-2\/5x-meilleur-de-sa-categorie\/\",\"name\":\"5X meilleur de sa cat\u00e9gorie - YANMAR Marine International\",\"isPartOf\":{\"@id\":\"https:\/\/origin-ymi.yanmar.com\/marine\/#website\"},\"primaryImageOfPage\":{\"@id\":\"https:\/\/www.yanmar.com\/marine\/fr\/technologie-2\/5x-meilleur-de-sa-categorie\/#primaryimage\"},\"image\":{\"@id\":\"https:\/\/www.yanmar.com\/marine\/fr\/technologie-2\/5x-meilleur-de-sa-categorie\/#primaryimage\"},\"thumbnailUrl\":\"https:\/\/origin-ymi.yanmar.com\/marine\/wp-content\/uploads\/2024\/07\/image-95-1.png\",\"datePublished\":\"2021-11-15T15:14:24+00:00\",\"dateModified\":\"2025-01-17T13:37:56+00:00\",\"breadcrumb\":{\"@id\":\"https:\/\/www.yanmar.com\/marine\/fr\/technologie-2\/5x-meilleur-de-sa-categorie\/#breadcrumb\"},\"inLanguage\":\"en-US\",\"potentialAction\":[{\"@type\":\"ReadAction\",\"target\":[\"https:\/\/www.yanmar.com\/marine\/fr\/technologie-2\/5x-meilleur-de-sa-categorie\/\"]}]},{\"@type\":\"ImageObject\",\"inLanguage\":\"en-US\",\"@id\":\"https:\/\/www.yanmar.com\/marine\/fr\/technologie-2\/5x-meilleur-de-sa-categorie\/#primaryimage\",\"url\":\"https:\/\/origin-ymi.yanmar.com\/marine\/wp-content\/uploads\/2024\/07\/image-95-1.png\",\"contentUrl\":\"https:\/\/origin-ymi.yanmar.com\/marine\/wp-content\/uploads\/2024\/07\/image-95-1.png\"},{\"@type\":\"BreadcrumbList\",\"@id\":\"https:\/\/www.yanmar.com\/marine\/fr\/technologie-2\/5x-meilleur-de-sa-categorie\/#breadcrumb\",\"itemListElement\":[{\"@type\":\"ListItem\",\"position\":1,\"name\":\"Yanmar Marine\",\"item\":\"https:\/\/origin-ymi.yanmar.com\/marine\/\"},{\"@type\":\"ListItem\",\"position\":2,\"name\":\"Technologie\",\"item\":\"https:\/\/origin-ymi.yanmar.com\/marine\/technologie-2\/\"},{\"@type\":\"ListItem\",\"position\":3,\"name\":\"5X meilleur de sa cat\u00e9gorie\"}]},{\"@type\":\"WebSite\",\"@id\":\"https:\/\/origin-ymi.yanmar.com\/marine\/#website\",\"url\":\"https:\/\/origin-ymi.yanmar.com\/marine\/\",\"name\":\"YANMAR Marine International\",\"description\":\"Proven Marine Technology\",\"publisher\":{\"@id\":\"https:\/\/origin-ymi.yanmar.com\/marine\/#organization\"},\"potentialAction\":[{\"@type\":\"SearchAction\",\"target\":{\"@type\":\"EntryPoint\",\"urlTemplate\":\"https:\/\/origin-ymi.yanmar.com\/marine\/?s={search_term_string}\"},\"query-input\":{\"@type\":\"PropertyValueSpecification\",\"valueRequired\":true,\"valueName\":\"search_term_string\"}}],\"inLanguage\":\"en-US\"},{\"@type\":\"Organization\",\"@id\":\"https:\/\/origin-ymi.yanmar.com\/marine\/#organization\",\"name\":\"YANMAR Marine International\",\"url\":\"https:\/\/origin-ymi.yanmar.com\/marine\/\",\"logo\":{\"@type\":\"ImageObject\",\"inLanguage\":\"en-US\",\"@id\":\"https:\/\/origin-ymi.yanmar.com\/marine\/#\/schema\/logo\/image\/\",\"url\":\"https:\/\/origin-ymi.yanmar.com\/marine\/wp-content\/uploads\/2020\/03\/YANMAR-Brand-Logotype2.png\",\"contentUrl\":\"https:\/\/origin-ymi.yanmar.com\/marine\/wp-content\/uploads\/2020\/03\/YANMAR-Brand-Logotype2.png\",\"width\":842,\"height\":168,\"caption\":\"YANMAR Marine International\"},\"image\":{\"@id\":\"https:\/\/origin-ymi.yanmar.com\/marine\/#\/schema\/logo\/image\/\"}}]}<\/script>\n<!-- \/ Yoast SEO Premium plugin. -->","yoast_head_json":{"title":"5X meilleur de sa cat\u00e9gorie - YANMAR Marine International","robots":{"index":"index","follow":"follow","max-snippet":"max-snippet:-1","max-image-preview":"max-image-preview:large","max-video-preview":"max-video-preview:-1"},"canonical":"https:\/\/www.yanmar.com\/marine\/technologie-2\/5x-meilleur-de-sa-categorie\/","og_locale":"en_US","og_type":"article","og_title":"5X meilleur de sa cat\u00e9gorie","og_description":"TECHNOLOGIE 5x Meilleur de sa cat\u00e9gorie Nous ne m\u00e9nageons pas nos efforts pour innover et faire en sorte que nos [&hellip;]","og_url":"https:\/\/www.yanmar.com\/marine\/fr\/technologie-2\/5x-meilleur-de-sa-categorie\/","og_site_name":"YANMAR Marine International","article_modified_time":"2025-01-17T13:37:56+00:00","og_image":[{"url":"https:\/\/origin-ymi.yanmar.com\/marine\/wp-content\/uploads\/2024\/07\/image-95-1.png","type":"","width":"","height":""}],"twitter_card":"summary_large_image","twitter_misc":{"Est. reading time":"1 minute"},"schema":{"@context":"https:\/\/schema.org","@graph":[{"@type":"WebPage","@id":"https:\/\/www.yanmar.com\/marine\/fr\/technologie-2\/5x-meilleur-de-sa-categorie\/","url":"https:\/\/www.yanmar.com\/marine\/fr\/technologie-2\/5x-meilleur-de-sa-categorie\/","name":"5X meilleur de sa cat\u00e9gorie - YANMAR Marine International","isPartOf":{"@id":"https:\/\/origin-ymi.yanmar.com\/marine\/#website"},"primaryImageOfPage":{"@id":"https:\/\/www.yanmar.com\/marine\/fr\/technologie-2\/5x-meilleur-de-sa-categorie\/#primaryimage"},"image":{"@id":"https:\/\/www.yanmar.com\/marine\/fr\/technologie-2\/5x-meilleur-de-sa-categorie\/#primaryimage"},"thumbnailUrl":"https:\/\/origin-ymi.yanmar.com\/marine\/wp-content\/uploads\/2024\/07\/image-95-1.png","datePublished":"2021-11-15T15:14:24+00:00","dateModified":"2025-01-17T13:37:56+00:00","breadcrumb":{"@id":"https:\/\/www.yanmar.com\/marine\/fr\/technologie-2\/5x-meilleur-de-sa-categorie\/#breadcrumb"},"inLanguage":"en-US","potentialAction":[{"@type":"ReadAction","target":["https:\/\/www.yanmar.com\/marine\/fr\/technologie-2\/5x-meilleur-de-sa-categorie\/"]}]},{"@type":"ImageObject","inLanguage":"en-US","@id":"https:\/\/www.yanmar.com\/marine\/fr\/technologie-2\/5x-meilleur-de-sa-categorie\/#primaryimage","url":"https:\/\/origin-ymi.yanmar.com\/marine\/wp-content\/uploads\/2024\/07\/image-95-1.png","contentUrl":"https:\/\/origin-ymi.yanmar.com\/marine\/wp-content\/uploads\/2024\/07\/image-95-1.png"},{"@type":"BreadcrumbList","@id":"https:\/\/www.yanmar.com\/marine\/fr\/technologie-2\/5x-meilleur-de-sa-categorie\/#breadcrumb","itemListElement":[{"@type":"ListItem","position":1,"name":"Yanmar Marine","item":"https:\/\/origin-ymi.yanmar.com\/marine\/"},{"@type":"ListItem","position":2,"name":"Technologie","item":"https:\/\/origin-ymi.yanmar.com\/marine\/technologie-2\/"},{"@type":"ListItem","position":3,"name":"5X meilleur de sa cat\u00e9gorie"}]},{"@type":"WebSite","@id":"https:\/\/origin-ymi.yanmar.com\/marine\/#website","url":"https:\/\/origin-ymi.yanmar.com\/marine\/","name":"YANMAR Marine International","description":"Proven Marine Technology","publisher":{"@id":"https:\/\/origin-ymi.yanmar.com\/marine\/#organization"},"potentialAction":[{"@type":"SearchAction","target":{"@type":"EntryPoint","urlTemplate":"https:\/\/origin-ymi.yanmar.com\/marine\/?s={search_term_string}"},"query-input":{"@type":"PropertyValueSpecification","valueRequired":true,"valueName":"search_term_string"}}],"inLanguage":"en-US"},{"@type":"Organization","@id":"https:\/\/origin-ymi.yanmar.com\/marine\/#organization","name":"YANMAR Marine International","url":"https:\/\/origin-ymi.yanmar.com\/marine\/","logo":{"@type":"ImageObject","inLanguage":"en-US","@id":"https:\/\/origin-ymi.yanmar.com\/marine\/#\/schema\/logo\/image\/","url":"https:\/\/origin-ymi.yanmar.com\/marine\/wp-content\/uploads\/2020\/03\/YANMAR-Brand-Logotype2.png","contentUrl":"https:\/\/origin-ymi.yanmar.com\/marine\/wp-content\/uploads\/2020\/03\/YANMAR-Brand-Logotype2.png","width":842,"height":168,"caption":"YANMAR Marine International"},"image":{"@id":"https:\/\/origin-ymi.yanmar.com\/marine\/#\/schema\/logo\/image\/"}}]}},"_links":{"self":[{"href":"https:\/\/www.yanmar.com\/marine\/wp-json\/wp\/v2\/pages\/45720","targetHints":{"allow":["GET"]}}],"collection":[{"href":"https:\/\/www.yanmar.com\/marine\/wp-json\/wp\/v2\/pages"}],"about":[{"href":"https:\/\/www.yanmar.com\/marine\/wp-json\/wp\/v2\/types\/page"}],"author":[{"embeddable":true,"href":"https:\/\/www.yanmar.com\/marine\/wp-json\/wp\/v2\/users\/14"}],"replies":[{"embeddable":true,"href":"https:\/\/www.yanmar.com\/marine\/wp-json\/wp\/v2\/comments?post=45720"}],"version-history":[{"count":3,"href":"https:\/\/www.yanmar.com\/marine\/wp-json\/wp\/v2\/pages\/45720\/revisions"}],"predecessor-version":[{"id":46223,"href":"https:\/\/www.yanmar.com\/marine\/wp-json\/wp\/v2\/pages\/45720\/revisions\/46223"}],"up":[{"embeddable":true,"href":"https:\/\/www.yanmar.com\/marine\/wp-json\/wp\/v2\/pages\/45224"}],"wp:attachment":[{"href":"https:\/\/www.yanmar.com\/marine\/wp-json\/wp\/v2\/media?parent=45720"}],"wp:term":[{"taxonomy":"post_tag","embeddable":true,"href":"https:\/\/www.yanmar.com\/marine\/wp-json\/wp\/v2\/tags?post=45720"}],"curies":[{"name":"wp","href":"https:\/\/api.w.org\/{rel}","templated":true}]}}