{"id":46609,"date":"2024-07-24T15:11:10","date_gmt":"2024-07-24T15:11:10","guid":{"rendered":"https:\/\/www.yanmar.com\/marine\/rekisteroi-moottorisi\/"},"modified":"2025-02-10T09:47:06","modified_gmt":"2025-02-10T09:47:06","slug":"rekisteroi-moottorisi","status":"publish","type":"page","link":"https:\/\/www.yanmar.com\/marine\/fi\/palvelu\/rekisteroi-moottorisi\/","title":{"rendered":"Rekister\u00f6i moottorisi"},"content":{"rendered":"\n<div style=\"height:auto\" aria-hidden=\"true\" class=\"wp-block-spacer is-style-small\"><\/div>\n\n<div class=\"wp-block-group\"><div class=\"wp-block-group__inner-container is-layout-constrained wp-block-group-is-layout-constrained\">\n<h6 class=\"wp-block-heading has-text-align-center has-primary-color has-text-color has-link-color wp-elements-8b9a03f3f0f3ee286edf3465aeb4e536\">REKISTER\u00d6ID\u00c4 MOOTTORI<\/h6>\n\n\n\n<h1 class=\"wp-block-heading has-text-align-center\">YANMAR Marine Support Portal<\/h1>\n\n\n\n<div style=\"height:auto\" aria-hidden=\"true\" class=\"wp-block-spacer\"><\/div>\n<\/div><\/div>\n\n<p>Rekister\u00f6i moottorisi ja hy\u00f6dynn\u00e4 YANMAR Marine Internationalin alan laajinta tukiverkostoa. Pyrimme tarjoamaan parhaan mahdollisen kokemuksen moottorin koko omistusajaksi. Meill\u00e4 on ilo tarjota verkkoportaali moottorin tietojen, viestinn\u00e4n ja huollon seurantaa varten.  <\/p>\n\n\n\n\n  \n\n<section class=\"b-two-column-media-text   has-image-full\" data-block_04b73924e0a746bbdb7a3177c69cab61>\n  <div class=\"b-two-column-media-text__inner b-two-column-media-text__inner--left b-two-column-media-text__width--default\" >\n    <div class=\"b-two-column-media-text__column b-two-column-media-text__column--media\">\n      <div class=\"b-two-column-media-text__column--media-images\">\n                  <img decoding=\"async\" width=\"800\" height=\"466\" data-src=\"https:\/\/www.yanmar.com\/marine\/wp-content\/smush-webp\/2024\/07\/support_portal-1.png.webp\" class=\"wp-image b-two-column-media-text__image b-two-column-media-text__image--default lazyload\" alt=\"\" data-srcset=\"https:\/\/www.yanmar.com\/marine\/wp-content\/smush-webp\/2024\/07\/support_portal-1.png.webp 800w, https:\/\/www.yanmar.com\/marine\/wp-content\/smush-webp\/2024\/07\/support_portal-1-300x175.png.webp 300w, https:\/\/www.yanmar.com\/marine\/wp-content\/smush-webp\/2024\/07\/support_portal-1-768x447.png.webp 768w\" data-sizes=\"(max-width: 800px) 100vw, 800px\" src=\"data:image\/svg+xml;base64,PHN2ZyB3aWR0aD0iMSIgaGVpZ2h0PSIxIiB4bWxucz0iaHR0cDovL3d3dy53My5vcmcvMjAwMC9zdmciPjwvc3ZnPg==\" style=\"--smush-placeholder-width: 800px; --smush-placeholder-aspect-ratio: 800\/466;\" data-smush-webp-fallback=\"{&quot;data-src&quot;:&quot;https:\\\/\\\/www.yanmar.com\\\/marine\\\/wp-content\\\/uploads\\\/2024\\\/07\\\/support_portal-1.png&quot;,&quot;data-srcset&quot;:&quot;https:\\\/\\\/www.yanmar.com\\\/marine\\\/wp-content\\\/uploads\\\/2024\\\/07\\\/support_portal-1.png 800w, https:\\\/\\\/www.yanmar.com\\\/marine\\\/wp-content\\\/uploads\\\/2024\\\/07\\\/support_portal-1-300x175.png 300w, https:\\\/\\\/www.yanmar.com\\\/marine\\\/wp-content\\\/uploads\\\/2024\\\/07\\\/support_portal-1-768x447.png 768w&quot;}\" \/>\n        \n              <\/div>\n    <\/div>\n    <div class=\"b-two-column-media-text__column b-two-column-media-text__column--text\">\n      <div class=\"b-two-column-media-text__content\">\n                          <h2 class=\"b-two-column-media-text__title\" style=\"text-align: left;\">Tietoja tukiportaalista<\/h2>\n        \n                  <div class=\"b-two-column-media-text__description\" style=\"text-align: left;\"><p>YANMAR Marine Support Portal -portaalissa on helppo hallita YANMAR-potkurij\u00e4rjestelm\u00e4\u00e4si koskevia tietoja:<\/p>\n<ul>\n<li>Rekister\u00f6i moottori<\/li>\n<li>L\u00e4het\u00e4 teknisi\u00e4 tiedusteluja<\/li>\n<li>N\u00e4yt\u00e4 palvelukampanjat<\/li>\n<li>Hallitse omistajaprofiilia ja mieltymyksi\u00e4si<\/li>\n<li>Huolto- ja kunnossapitohistorian kirjaaminen<\/li>\n<li>ja paljon muuta &#8230;<\/li>\n<\/ul>\n<\/div>\n        \n        <div class=\"b-two-column-media-text__button-container u-justify-left\">\n                      <a class=\"c-btn--primary\" href=\"https:\/\/yanmar.microsoftcrmportals.com\/\">\n              YANMAR Marine Support Portal Kirjaudu sis\u00e4\u00e4n\n            <\/a>\n          \n                  <\/div>\n      <\/div>\n    <\/div>\n  <\/div>\n<\/section>\n\n\n\n<div style=\"height:auto\" aria-hidden=\"true\" class=\"wp-block-spacer is-style-medium\"><\/div>\n<div class=\"wp-block-image\">\n<figure class=\"aligncenter size-large\"><img decoding=\"async\" width=\"1024\" height=\"610\" data-src=\"https:\/\/www.yanmar.com\/marine\/wp-content\/uploads\/2020\/05\/email-supporting-graphics_sm2-1024x610.jpg\" alt=\"\" class=\"wp-image-13884 lazyload\" style=\"--smush-placeholder-width: 1024px; --smush-placeholder-aspect-ratio: 1024\/610;object-fit:cover\" data-srcset=\"https:\/\/www.yanmar.com\/marine\/wp-content\/uploads\/2020\/05\/email-supporting-graphics_sm2-1024x610.jpg 1024w, https:\/\/www.yanmar.com\/marine\/wp-content\/uploads\/2020\/05\/email-supporting-graphics_sm2-300x179.jpg 300w, https:\/\/www.yanmar.com\/marine\/wp-content\/uploads\/2020\/05\/email-supporting-graphics_sm2-768x458.jpg 768w, https:\/\/www.yanmar.com\/marine\/wp-content\/uploads\/2020\/05\/email-supporting-graphics_sm2-1536x915.jpg 1536w, https:\/\/www.yanmar.com\/marine\/wp-content\/uploads\/2020\/05\/email-supporting-graphics_sm2-2048x1220.jpg 2048w, https:\/\/www.yanmar.com\/marine\/wp-content\/smush-webp\/2020\/05\/email-supporting-graphics_sm2-scaled.jpg.webp 1920w\" data-sizes=\"(max-width: 1024px) 100vw, 1024px\" src=\"data:image\/svg+xml;base64,PHN2ZyB3aWR0aD0iMSIgaGVpZ2h0PSIxIiB4bWxucz0iaHR0cDovL3d3dy53My5vcmcvMjAwMC9zdmciPjwvc3ZnPg==\" data-smush-webp-fallback=\"{&quot;data-srcset&quot;:&quot;https:\\\/\\\/www.yanmar.com\\\/marine\\\/wp-content\\\/uploads\\\/2020\\\/05\\\/email-supporting-graphics_sm2-1024x610.jpg 1024w, https:\\\/\\\/www.yanmar.com\\\/marine\\\/wp-content\\\/uploads\\\/2020\\\/05\\\/email-supporting-graphics_sm2-300x179.jpg 300w, https:\\\/\\\/www.yanmar.com\\\/marine\\\/wp-content\\\/uploads\\\/2020\\\/05\\\/email-supporting-graphics_sm2-768x458.jpg 768w, https:\\\/\\\/www.yanmar.com\\\/marine\\\/wp-content\\\/uploads\\\/2020\\\/05\\\/email-supporting-graphics_sm2-1536x915.jpg 1536w, https:\\\/\\\/www.yanmar.com\\\/marine\\\/wp-content\\\/uploads\\\/2020\\\/05\\\/email-supporting-graphics_sm2-2048x1220.jpg 2048w, https:\\\/\\\/www.yanmar.com\\\/marine\\\/wp-content\\\/uploads\\\/2020\\\/05\\\/email-supporting-graphics_sm2-scaled.jpg 1920w&quot;}\" \/><\/figure>\n<\/div>\n<div style=\"height:auto\" aria-hidden=\"true\" class=\"wp-block-spacer is-style-medium\"><\/div>\n\n<div class=\"wp-block-media-text is-stacked-on-mobile c-pattern c-pattern--cta has-background\" style=\"background-color:#f2f2f2\"><figure class=\"wp-block-media-text__media\"><img decoding=\"async\" width=\"542\" height=\"374\" data-src=\"https:\/\/www.yanmar.com\/marine\/wp-content\/smush-webp\/2024\/07\/image-95-1.png.webp\" alt=\"\" class=\"wp-image-40317 size-full lazyload\" data-srcset=\"https:\/\/www.yanmar.com\/marine\/wp-content\/smush-webp\/2024\/07\/image-95-1.png.webp 542w, https:\/\/www.yanmar.com\/marine\/wp-content\/smush-webp\/2024\/07\/image-95-1-300x207.png.webp 300w\" data-sizes=\"(max-width: 542px) 100vw, 542px\" src=\"data:image\/svg+xml;base64,PHN2ZyB3aWR0aD0iMSIgaGVpZ2h0PSIxIiB4bWxucz0iaHR0cDovL3d3dy53My5vcmcvMjAwMC9zdmciPjwvc3ZnPg==\" style=\"--smush-placeholder-width: 542px; --smush-placeholder-aspect-ratio: 542\/374;\" data-smush-webp-fallback=\"{&quot;data-src&quot;:&quot;https:\\\/\\\/www.yanmar.com\\\/marine\\\/wp-content\\\/uploads\\\/2024\\\/07\\\/image-95-1.png&quot;,&quot;data-srcset&quot;:&quot;https:\\\/\\\/www.yanmar.com\\\/marine\\\/wp-content\\\/uploads\\\/2024\\\/07\\\/image-95-1.png 542w, https:\\\/\\\/www.yanmar.com\\\/marine\\\/wp-content\\\/uploads\\\/2024\\\/07\\\/image-95-1-300x207.png 300w&quot;}\" \/><\/figure><div class=\"wp-block-media-text__content\">\n<div style=\"height:auto\" aria-hidden=\"true\" class=\"wp-block-spacer\"><\/div>\n\n\n\n<h3 class=\"wp-block-heading has-text-align-center\"><strong>Kysymykset ja tuki<\/strong><\/h3>\n\n\n\n<p class=\"has-text-align-center\">Lis\u00e4tietoja saat <a href=\"https:\/\/www.yanmar.com\/marine\/service\/faq\/\">etsim\u00e4ll\u00e4 usein kysytyist\u00e4 kysymyksist\u00e4<\/a> tai etsim\u00e4ll\u00e4 <a href=\"https:\/\/www.yanmar.com\/marine\/network\/\">paikallisen j\u00e4lleenmyyj\u00e4n tai jakelijan<\/a> maailmanlaajuisesta verkostostamme. Voit ottaa yhteytt\u00e4 YANMAR Marineen kaikissa muissa kuin teknisiss\u00e4 kysymyksiss\u00e4 vierailemalla alla olevalla Yhteystiedot-sivullamme. <\/p>\n\n\n\n<div class=\"wp-block-buttons is-content-justification-center is-layout-flex wp-container-core-buttons-is-layout-16018d1d wp-block-buttons-is-layout-flex\">\n<div class=\"wp-block-button\"><a class=\"wp-block-button__link has-text-align-center wp-element-button\" href=\"https:\/\/www.yanmar.com\/marine\/contact-us\/\">Ota yhteytt\u00e4<\/a><\/div>\n<\/div>\n\n\n\n<div style=\"height:auto\" aria-hidden=\"true\" class=\"wp-block-spacer\"><\/div>\n<\/div><\/div>\n\n<div style=\"height:auto\" aria-hidden=\"true\" class=\"wp-block-spacer is-style-medium\"><\/div>\n","protected":false},"excerpt":{"rendered":"<p>REKISTER\u00d6ID\u00c4 MOOTTORI YANMAR Marine Support Portal Rekister\u00f6i moottorisi ja hy\u00f6dynn\u00e4 YANMAR Marine Internationalin alan laajinta tukiverkostoa. Pyrimme tarjoamaan parhaan mahdollisen [&hellip;]<\/p>\n","protected":false},"author":24,"featured_media":0,"parent":46773,"menu_order":0,"comment_status":"closed","ping_status":"closed","template":"","meta":{"_acf_changed":false,"footnotes":""},"tags":[906,905,907,908,911,909,910],"class_list":["post-46609","page","type-page","status-publish","hentry","tag-ratamoottorin-huolto","tag-rekisteroida-moottori","tag-tallentaa-moottorin-tiedot","tag-yanmar-login-fi","tag-yanmar-portaali","tag-yanmar-tuki","tag-yanmar-tukiportaali"],"acf":[],"yoast_head":"<!-- This site is optimized with the Yoast SEO Premium plugin v27.2 (Yoast SEO v27.2) - https:\/\/yoast.com\/product\/yoast-seo-premium-wordpress\/ -->\n<title>Rekister\u00f6i YANMAR-moottorisi - Pid\u00e4 kirjaa huolloista ja muusta!<\/title>\n<meta name=\"description\" content=\"Helppo verkkoportaali moottoritietoja, viestint\u00e4\u00e4 ja huoltoseurantaa varten - Luota alan johtavaan YANMARiin ja maailmanlaajuiseen huoltoverkostoomme.\" \/>\n<meta name=\"robots\" content=\"index, follow, max-snippet:-1, max-image-preview:large, max-video-preview:-1\" \/>\n<link rel=\"canonical\" href=\"https:\/\/www.yanmar.com\/marine\/palvelu\/rekisteroi-moottorisi\/\" \/>\n<meta property=\"og:locale\" content=\"en_US\" \/>\n<meta property=\"og:type\" content=\"article\" \/>\n<meta property=\"og:title\" content=\"Rekister\u00f6i moottorisi\" \/>\n<meta property=\"og:description\" content=\"Helppo verkkoportaali moottoritietoja, viestint\u00e4\u00e4 ja huoltoseurantaa varten - Luota alan johtavaan YANMARiin ja maailmanlaajuiseen huoltoverkostoomme.\" \/>\n<meta property=\"og:url\" content=\"https:\/\/www.yanmar.com\/marine\/fi\/palvelu\/rekisteroi-moottorisi\/\" \/>\n<meta property=\"og:site_name\" content=\"YANMAR Marine International\" \/>\n<meta property=\"article:modified_time\" content=\"2025-02-10T09:47:06+00:00\" \/>\n<meta property=\"og:image\" content=\"https:\/\/origin-ymi.yanmar.com\/marine\/wp-content\/uploads\/2020\/05\/email-supporting-graphics_sm2-1024x610.jpg\" \/>\n<meta name=\"twitter:card\" content=\"summary_large_image\" \/>\n<script type=\"application\/ld+json\" class=\"yoast-schema-graph\">{\"@context\":\"https:\/\/schema.org\",\"@graph\":[{\"@type\":\"WebPage\",\"@id\":\"https:\/\/www.yanmar.com\/marine\/fi\/palvelu\/rekisteroi-moottorisi\/\",\"url\":\"https:\/\/www.yanmar.com\/marine\/fi\/palvelu\/rekisteroi-moottorisi\/\",\"name\":\"Rekister\u00f6i YANMAR-moottorisi - Pid\u00e4 kirjaa huolloista ja muusta!\",\"isPartOf\":{\"@id\":\"https:\/\/origin-ymi.yanmar.com\/marine\/#website\"},\"primaryImageOfPage\":{\"@id\":\"https:\/\/www.yanmar.com\/marine\/fi\/palvelu\/rekisteroi-moottorisi\/#primaryimage\"},\"image\":{\"@id\":\"https:\/\/www.yanmar.com\/marine\/fi\/palvelu\/rekisteroi-moottorisi\/#primaryimage\"},\"thumbnailUrl\":\"https:\/\/origin-ymi.yanmar.com\/marine\/wp-content\/uploads\/2020\/05\/email-supporting-graphics_sm2-1024x610.jpg\",\"datePublished\":\"2024-07-24T15:11:10+00:00\",\"dateModified\":\"2025-02-10T09:47:06+00:00\",\"description\":\"Helppo verkkoportaali moottoritietoja, viestint\u00e4\u00e4 ja huoltoseurantaa varten - Luota alan johtavaan YANMARiin ja maailmanlaajuiseen huoltoverkostoomme.\",\"breadcrumb\":{\"@id\":\"https:\/\/www.yanmar.com\/marine\/fi\/palvelu\/rekisteroi-moottorisi\/#breadcrumb\"},\"inLanguage\":\"en-US\",\"potentialAction\":[{\"@type\":\"ReadAction\",\"target\":[\"https:\/\/www.yanmar.com\/marine\/fi\/palvelu\/rekisteroi-moottorisi\/\"]}]},{\"@type\":\"ImageObject\",\"inLanguage\":\"en-US\",\"@id\":\"https:\/\/www.yanmar.com\/marine\/fi\/palvelu\/rekisteroi-moottorisi\/#primaryimage\",\"url\":\"https:\/\/origin-ymi.yanmar.com\/marine\/wp-content\/uploads\/2020\/05\/email-supporting-graphics_sm2-1024x610.jpg\",\"contentUrl\":\"https:\/\/origin-ymi.yanmar.com\/marine\/wp-content\/uploads\/2020\/05\/email-supporting-graphics_sm2-1024x610.jpg\"},{\"@type\":\"BreadcrumbList\",\"@id\":\"https:\/\/www.yanmar.com\/marine\/fi\/palvelu\/rekisteroi-moottorisi\/#breadcrumb\",\"itemListElement\":[{\"@type\":\"ListItem\",\"position\":1,\"name\":\"Yanmar Marine\",\"item\":\"https:\/\/origin-ymi.yanmar.com\/marine\/\"},{\"@type\":\"ListItem\",\"position\":2,\"name\":\"Palvelu\",\"item\":\"https:\/\/origin-ymi.yanmar.com\/marine\/palvelu\/\"},{\"@type\":\"ListItem\",\"position\":3,\"name\":\"Rekister\u00f6i moottorisi\"}]},{\"@type\":\"WebSite\",\"@id\":\"https:\/\/origin-ymi.yanmar.com\/marine\/#website\",\"url\":\"https:\/\/origin-ymi.yanmar.com\/marine\/\",\"name\":\"YANMAR Marine International\",\"description\":\"Proven Marine Technology\",\"publisher\":{\"@id\":\"https:\/\/origin-ymi.yanmar.com\/marine\/#organization\"},\"potentialAction\":[{\"@type\":\"SearchAction\",\"target\":{\"@type\":\"EntryPoint\",\"urlTemplate\":\"https:\/\/origin-ymi.yanmar.com\/marine\/?s={search_term_string}\"},\"query-input\":{\"@type\":\"PropertyValueSpecification\",\"valueRequired\":true,\"valueName\":\"search_term_string\"}}],\"inLanguage\":\"en-US\"},{\"@type\":\"Organization\",\"@id\":\"https:\/\/origin-ymi.yanmar.com\/marine\/#organization\",\"name\":\"YANMAR Marine International\",\"url\":\"https:\/\/origin-ymi.yanmar.com\/marine\/\",\"logo\":{\"@type\":\"ImageObject\",\"inLanguage\":\"en-US\",\"@id\":\"https:\/\/origin-ymi.yanmar.com\/marine\/#\/schema\/logo\/image\/\",\"url\":\"https:\/\/origin-ymi.yanmar.com\/marine\/wp-content\/uploads\/2020\/03\/YANMAR-Brand-Logotype2.png\",\"contentUrl\":\"https:\/\/origin-ymi.yanmar.com\/marine\/wp-content\/uploads\/2020\/03\/YANMAR-Brand-Logotype2.png\",\"width\":842,\"height\":168,\"caption\":\"YANMAR Marine International\"},\"image\":{\"@id\":\"https:\/\/origin-ymi.yanmar.com\/marine\/#\/schema\/logo\/image\/\"}}]}<\/script>\n<!-- \/ Yoast SEO Premium plugin. -->","yoast_head_json":{"title":"Rekister\u00f6i YANMAR-moottorisi - Pid\u00e4 kirjaa huolloista ja muusta!","description":"Helppo verkkoportaali moottoritietoja, viestint\u00e4\u00e4 ja huoltoseurantaa varten - Luota alan johtavaan YANMARiin ja maailmanlaajuiseen huoltoverkostoomme.","robots":{"index":"index","follow":"follow","max-snippet":"max-snippet:-1","max-image-preview":"max-image-preview:large","max-video-preview":"max-video-preview:-1"},"canonical":"https:\/\/www.yanmar.com\/marine\/palvelu\/rekisteroi-moottorisi\/","og_locale":"en_US","og_type":"article","og_title":"Rekister\u00f6i moottorisi","og_description":"Helppo verkkoportaali moottoritietoja, viestint\u00e4\u00e4 ja huoltoseurantaa varten - Luota alan johtavaan YANMARiin ja maailmanlaajuiseen huoltoverkostoomme.","og_url":"https:\/\/www.yanmar.com\/marine\/fi\/palvelu\/rekisteroi-moottorisi\/","og_site_name":"YANMAR Marine International","article_modified_time":"2025-02-10T09:47:06+00:00","og_image":[{"url":"https:\/\/origin-ymi.yanmar.com\/marine\/wp-content\/uploads\/2020\/05\/email-supporting-graphics_sm2-1024x610.jpg","type":"","width":"","height":""}],"twitter_card":"summary_large_image","schema":{"@context":"https:\/\/schema.org","@graph":[{"@type":"WebPage","@id":"https:\/\/www.yanmar.com\/marine\/fi\/palvelu\/rekisteroi-moottorisi\/","url":"https:\/\/www.yanmar.com\/marine\/fi\/palvelu\/rekisteroi-moottorisi\/","name":"Rekister\u00f6i YANMAR-moottorisi - Pid\u00e4 kirjaa huolloista ja muusta!","isPartOf":{"@id":"https:\/\/origin-ymi.yanmar.com\/marine\/#website"},"primaryImageOfPage":{"@id":"https:\/\/www.yanmar.com\/marine\/fi\/palvelu\/rekisteroi-moottorisi\/#primaryimage"},"image":{"@id":"https:\/\/www.yanmar.com\/marine\/fi\/palvelu\/rekisteroi-moottorisi\/#primaryimage"},"thumbnailUrl":"https:\/\/origin-ymi.yanmar.com\/marine\/wp-content\/uploads\/2020\/05\/email-supporting-graphics_sm2-1024x610.jpg","datePublished":"2024-07-24T15:11:10+00:00","dateModified":"2025-02-10T09:47:06+00:00","description":"Helppo verkkoportaali moottoritietoja, viestint\u00e4\u00e4 ja huoltoseurantaa varten - Luota alan johtavaan YANMARiin ja maailmanlaajuiseen huoltoverkostoomme.","breadcrumb":{"@id":"https:\/\/www.yanmar.com\/marine\/fi\/palvelu\/rekisteroi-moottorisi\/#breadcrumb"},"inLanguage":"en-US","potentialAction":[{"@type":"ReadAction","target":["https:\/\/www.yanmar.com\/marine\/fi\/palvelu\/rekisteroi-moottorisi\/"]}]},{"@type":"ImageObject","inLanguage":"en-US","@id":"https:\/\/www.yanmar.com\/marine\/fi\/palvelu\/rekisteroi-moottorisi\/#primaryimage","url":"https:\/\/origin-ymi.yanmar.com\/marine\/wp-content\/uploads\/2020\/05\/email-supporting-graphics_sm2-1024x610.jpg","contentUrl":"https:\/\/origin-ymi.yanmar.com\/marine\/wp-content\/uploads\/2020\/05\/email-supporting-graphics_sm2-1024x610.jpg"},{"@type":"BreadcrumbList","@id":"https:\/\/www.yanmar.com\/marine\/fi\/palvelu\/rekisteroi-moottorisi\/#breadcrumb","itemListElement":[{"@type":"ListItem","position":1,"name":"Yanmar Marine","item":"https:\/\/origin-ymi.yanmar.com\/marine\/"},{"@type":"ListItem","position":2,"name":"Palvelu","item":"https:\/\/origin-ymi.yanmar.com\/marine\/palvelu\/"},{"@type":"ListItem","position":3,"name":"Rekister\u00f6i moottorisi"}]},{"@type":"WebSite","@id":"https:\/\/origin-ymi.yanmar.com\/marine\/#website","url":"https:\/\/origin-ymi.yanmar.com\/marine\/","name":"YANMAR Marine International","description":"Proven Marine Technology","publisher":{"@id":"https:\/\/origin-ymi.yanmar.com\/marine\/#organization"},"potentialAction":[{"@type":"SearchAction","target":{"@type":"EntryPoint","urlTemplate":"https:\/\/origin-ymi.yanmar.com\/marine\/?s={search_term_string}"},"query-input":{"@type":"PropertyValueSpecification","valueRequired":true,"valueName":"search_term_string"}}],"inLanguage":"en-US"},{"@type":"Organization","@id":"https:\/\/origin-ymi.yanmar.com\/marine\/#organization","name":"YANMAR Marine International","url":"https:\/\/origin-ymi.yanmar.com\/marine\/","logo":{"@type":"ImageObject","inLanguage":"en-US","@id":"https:\/\/origin-ymi.yanmar.com\/marine\/#\/schema\/logo\/image\/","url":"https:\/\/origin-ymi.yanmar.com\/marine\/wp-content\/uploads\/2020\/03\/YANMAR-Brand-Logotype2.png","contentUrl":"https:\/\/origin-ymi.yanmar.com\/marine\/wp-content\/uploads\/2020\/03\/YANMAR-Brand-Logotype2.png","width":842,"height":168,"caption":"YANMAR Marine International"},"image":{"@id":"https:\/\/origin-ymi.yanmar.com\/marine\/#\/schema\/logo\/image\/"}}]}},"_links":{"self":[{"href":"https:\/\/www.yanmar.com\/marine\/wp-json\/wp\/v2\/pages\/46609","targetHints":{"allow":["GET"]}}],"collection":[{"href":"https:\/\/www.yanmar.com\/marine\/wp-json\/wp\/v2\/pages"}],"about":[{"href":"https:\/\/www.yanmar.com\/marine\/wp-json\/wp\/v2\/types\/page"}],"author":[{"embeddable":true,"href":"https:\/\/www.yanmar.com\/marine\/wp-json\/wp\/v2\/users\/24"}],"replies":[{"embeddable":true,"href":"https:\/\/www.yanmar.com\/marine\/wp-json\/wp\/v2\/comments?post=46609"}],"version-history":[{"count":1,"href":"https:\/\/www.yanmar.com\/marine\/wp-json\/wp\/v2\/pages\/46609\/revisions"}],"predecessor-version":[{"id":46610,"href":"https:\/\/www.yanmar.com\/marine\/wp-json\/wp\/v2\/pages\/46609\/revisions\/46610"}],"up":[{"embeddable":true,"href":"https:\/\/www.yanmar.com\/marine\/wp-json\/wp\/v2\/pages\/46773"}],"wp:attachment":[{"href":"https:\/\/www.yanmar.com\/marine\/wp-json\/wp\/v2\/media?parent=46609"}],"wp:term":[{"taxonomy":"post_tag","embeddable":true,"href":"https:\/\/www.yanmar.com\/marine\/wp-json\/wp\/v2\/tags?post=46609"}],"curies":[{"name":"wp","href":"https:\/\/api.w.org\/{rel}","templated":true}]}}