{"id":46615,"date":"2024-07-04T09:42:25","date_gmt":"2024-07-04T09:42:25","guid":{"rendered":"https:\/\/www.yanmar.com\/marine\/ota-yhteytta\/"},"modified":"2025-02-10T09:31:55","modified_gmt":"2025-02-10T09:31:55","slug":"ota-yhteytta","status":"publish","type":"page","link":"https:\/\/www.yanmar.com\/marine\/fi\/ota-yhteytta\/","title":{"rendered":"Ota yhteytt\u00e4"},"content":{"rendered":"\n<div style=\"height:auto\" aria-hidden=\"true\" class=\"wp-block-spacer is-style-small\"><\/div>\n\n<h6 class=\"wp-block-heading has-text-align-center has-primary-color has-text-color has-link-color wp-elements-c32b03fb697e28d4de0cc028a9725ec3\">YHTEYSTIEDOT<\/h6>\n\n<h2 class=\"wp-block-heading has-text-align-center\">Ota yhteytt\u00e4 Yanmariin<\/h2>\n\n  <div class=\"b-faq\" data-block_5cdcc91725fbac7e9a29354fcaec7da5 >\n    <div class=\"o-wrapper\">\n              <h3 class=\"b-faq__heading\">Yleist\u00e4<\/h3>\n      \n      <div id=\"faq-block_5cdcc91725fbac7e9a29354fcaec7da5\" class=\"b-faq__items js-faq-items\">\n                                                <div class=\"b-faq__item js-faq-item\">\n            <button id=\"faq-mita-on-hvo-polttoaine\" class=\"b-faq__item-button js-faq-item-button\" type=\"button\" data-target=\"#faq-mita-on-hvo-polttoaine-answer\" aria-expanded=\"false\" aria-controls=\"faq-mita-on-hvo-polttoaine-answer\">Mit\u00e4 on HVO-polttoaine?<\/button>\n\n            <div id=\"faq-mita-on-hvo-polttoaine-answer\" class=\"b-faq__item-content js-faq-item-content\" aria-labelledby=\"faq-mita-on-hvo-polttoaine\">\n              <div class=\"b-faq__item-content-inner\">\n                \n              <\/div>\n            <\/div>\n          <\/div>\n                                                <div class=\"b-faq__item js-faq-item\">\n            <button id=\"faq-miten-se-valmistetaan\" class=\"b-faq__item-button js-faq-item-button\" type=\"button\" data-target=\"#faq-miten-se-valmistetaan-answer\" aria-expanded=\"false\" aria-controls=\"faq-miten-se-valmistetaan-answer\">Miten se valmistetaan?<\/button>\n\n            <div id=\"faq-miten-se-valmistetaan-answer\" class=\"b-faq__item-content js-faq-item-content\" aria-labelledby=\"faq-miten-se-valmistetaan\">\n              <div class=\"b-faq__item-content-inner\">\n                \n              <\/div>\n            <\/div>\n          <\/div>\n                                                <div class=\"b-faq__item js-faq-item\">\n            <button id=\"faq-mitka-ovat-parafiinipolttoaineiden-ja-hvon-ominaisuudet\" class=\"b-faq__item-button js-faq-item-button\" type=\"button\" data-target=\"#faq-mitka-ovat-parafiinipolttoaineiden-ja-hvon-ominaisuudet-answer\" aria-expanded=\"false\" aria-controls=\"faq-mitka-ovat-parafiinipolttoaineiden-ja-hvon-ominaisuudet-answer\">Mitk\u00e4 ovat parafiinipolttoaineiden ja HVO:n ominaisuudet?<\/button>\n\n            <div id=\"faq-mitka-ovat-parafiinipolttoaineiden-ja-hvon-ominaisuudet-answer\" class=\"b-faq__item-content js-faq-item-content\" aria-labelledby=\"faq-mitka-ovat-parafiinipolttoaineiden-ja-hvon-ominaisuudet\">\n              <div class=\"b-faq__item-content-inner\">\n                \n              <\/div>\n            <\/div>\n          <\/div>\n                                                <div class=\"b-faq__item js-faq-item\">\n            <button id=\"faq-mitka-ovat-hvon-edut\" class=\"b-faq__item-button js-faq-item-button\" type=\"button\" data-target=\"#faq-mitka-ovat-hvon-edut-answer\" aria-expanded=\"false\" aria-controls=\"faq-mitka-ovat-hvon-edut-answer\">Mitk\u00e4 ovat HVO:n edut?<\/button>\n\n            <div id=\"faq-mitka-ovat-hvon-edut-answer\" class=\"b-faq__item-content js-faq-item-content\" aria-labelledby=\"faq-mitka-ovat-hvon-edut\">\n              <div class=\"b-faq__item-content-inner\">\n                \n              <\/div>\n            <\/div>\n          <\/div>\n                                                <div class=\"b-faq__item js-faq-item\">\n            <button id=\"faq-mita-eroa-on-hvon-ja-dieselin-valilla\" class=\"b-faq__item-button js-faq-item-button\" type=\"button\" data-target=\"#faq-mita-eroa-on-hvon-ja-dieselin-valilla-answer\" aria-expanded=\"false\" aria-controls=\"faq-mita-eroa-on-hvon-ja-dieselin-valilla-answer\">Mit\u00e4 eroa on HVO:n ja dieselin v\u00e4lill\u00e4?<\/button>\n\n            <div id=\"faq-mita-eroa-on-hvon-ja-dieselin-valilla-answer\" class=\"b-faq__item-content js-faq-item-content\" aria-labelledby=\"faq-mita-eroa-on-hvon-ja-dieselin-valilla\">\n              <div class=\"b-faq__item-content-inner\">\n                \n              <\/div>\n            <\/div>\n          <\/div>\n              <\/div>\n    <\/div>\n  <\/div>\n\n<div style=\"height:auto\" aria-hidden=\"true\" class=\"wp-block-spacer is-style-medium\"><\/div>\n\n<div class=\"wp-block-media-text is-stacked-on-mobile c-pattern c-pattern--cta has-background\" style=\"background-color:#f2f2f2\"><figure class=\"wp-block-media-text__media\"><img decoding=\"async\" width=\"542\" height=\"374\" data-src=\"https:\/\/www.yanmar.com\/marine\/wp-content\/smush-webp\/2024\/07\/image-95-1.png.webp\" alt=\"\" class=\"wp-image-40317 size-full lazyload\" data-srcset=\"https:\/\/www.yanmar.com\/marine\/wp-content\/smush-webp\/2024\/07\/image-95-1.png.webp 542w, https:\/\/www.yanmar.com\/marine\/wp-content\/smush-webp\/2024\/07\/image-95-1-300x207.png.webp 300w\" data-sizes=\"(max-width: 542px) 100vw, 542px\" src=\"data:image\/svg+xml;base64,PHN2ZyB3aWR0aD0iMSIgaGVpZ2h0PSIxIiB4bWxucz0iaHR0cDovL3d3dy53My5vcmcvMjAwMC9zdmciPjwvc3ZnPg==\" style=\"--smush-placeholder-width: 542px; --smush-placeholder-aspect-ratio: 542\/374;\" data-smush-webp-fallback=\"{&quot;data-src&quot;:&quot;https:\\\/\\\/www.yanmar.com\\\/marine\\\/wp-content\\\/uploads\\\/2024\\\/07\\\/image-95-1.png&quot;,&quot;data-srcset&quot;:&quot;https:\\\/\\\/www.yanmar.com\\\/marine\\\/wp-content\\\/uploads\\\/2024\\\/07\\\/image-95-1.png 542w, https:\\\/\\\/www.yanmar.com\\\/marine\\\/wp-content\\\/uploads\\\/2024\\\/07\\\/image-95-1-300x207.png 300w&quot;}\" \/><\/figure><div class=\"wp-block-media-text__content\">\n<div style=\"height:auto\" aria-hidden=\"true\" class=\"wp-block-spacer\"><\/div>\n\n\n\n<h3 class=\"wp-block-heading has-text-align-center\"><strong>Kysymykset ja tuki<\/strong><\/h3>\n\n\n\n<p class=\"has-text-align-center\">Lis\u00e4tietoja saat etsim\u00e4ll\u00e4 usein kysytyist\u00e4 kysymyksist\u00e4 tai etsim\u00e4ll\u00e4 <a href=\"https:\/\/www.yanmar.com\/marine\/network\/\">paikallisen j\u00e4lleenmyyj\u00e4n tai jakelijan<\/a> maailmanlaajuisesta verkostostamme. Voit ottaa yhteytt\u00e4 YANMAR Marineen kaikissa muissa kuin teknisiss\u00e4 kysymyksiss\u00e4 vierailemalla alla olevalla Yhteystiedot-sivullamme. <\/p>\n\n\n\n<div class=\"wp-block-buttons is-content-justification-center is-layout-flex wp-container-core-buttons-is-layout-16018d1d wp-block-buttons-is-layout-flex\">\n<div class=\"wp-block-button\"><a class=\"wp-block-button__link has-text-align-center wp-element-button\" href=\"https:\/\/www.yanmar.com\/marine\/contact-us\/\">Ota yhteytt\u00e4<\/a><\/div>\n<\/div>\n\n\n\n<div style=\"height:auto\" aria-hidden=\"true\" class=\"wp-block-spacer\"><\/div>\n<\/div><\/div>\n\n<div style=\"height:auto\" aria-hidden=\"true\" class=\"wp-block-spacer is-style-medium\"><\/div>\n","protected":false},"excerpt":{"rendered":"<p>YHTEYSTIEDOT Ota yhteytt\u00e4 Yanmariin<\/p>\n","protected":false},"author":16,"featured_media":0,"parent":0,"menu_order":0,"comment_status":"closed","ping_status":"closed","template":"","meta":{"_acf_changed":false,"footnotes":""},"tags":[],"class_list":["post-46615","page","type-page","status-publish","hentry"],"acf":[],"yoast_head":"<!-- This site is optimized with the Yoast SEO Premium plugin v27.2 (Yoast SEO v27.2) - https:\/\/yoast.com\/product\/yoast-seo-premium-wordpress\/ -->\n<title>Ota yhteytt\u00e4 - YANMAR Marine International<\/title>\n<meta name=\"robots\" content=\"index, follow, max-snippet:-1, max-image-preview:large, max-video-preview:-1\" \/>\n<link rel=\"canonical\" href=\"https:\/\/www.yanmar.com\/marine\/ota-yhteytta\/\" \/>\n<meta property=\"og:locale\" content=\"en_US\" \/>\n<meta property=\"og:type\" content=\"article\" \/>\n<meta property=\"og:title\" content=\"Ota yhteytt\u00e4\" \/>\n<meta property=\"og:description\" content=\"YHTEYSTIEDOT Ota yhteytt\u00e4 Yanmariin\" \/>\n<meta property=\"og:url\" content=\"https:\/\/www.yanmar.com\/marine\/fi\/ota-yhteytta\/\" \/>\n<meta property=\"og:site_name\" content=\"YANMAR Marine International\" \/>\n<meta property=\"article:modified_time\" content=\"2025-02-10T09:31:55+00:00\" \/>\n<meta property=\"og:image\" content=\"https:\/\/www.yanmar.com\/marine\/wp-content\/uploads\/2024\/07\/image-95-1.png\" \/>\n\t<meta property=\"og:image:width\" content=\"542\" \/>\n\t<meta property=\"og:image:height\" content=\"374\" \/>\n\t<meta property=\"og:image:type\" content=\"image\/png\" \/>\n<meta name=\"twitter:card\" content=\"summary_large_image\" \/>\n<script type=\"application\/ld+json\" class=\"yoast-schema-graph\">{\"@context\":\"https:\/\/schema.org\",\"@graph\":[{\"@type\":\"WebPage\",\"@id\":\"https:\/\/www.yanmar.com\/marine\/fi\/ota-yhteytta\/\",\"url\":\"https:\/\/www.yanmar.com\/marine\/fi\/ota-yhteytta\/\",\"name\":\"Ota yhteytt\u00e4 - YANMAR Marine International\",\"isPartOf\":{\"@id\":\"https:\/\/origin-ymi.yanmar.com\/marine\/#website\"},\"primaryImageOfPage\":{\"@id\":\"https:\/\/www.yanmar.com\/marine\/fi\/ota-yhteytta\/#primaryimage\"},\"image\":{\"@id\":\"https:\/\/www.yanmar.com\/marine\/fi\/ota-yhteytta\/#primaryimage\"},\"thumbnailUrl\":\"https:\/\/origin-ymi.yanmar.com\/marine\/wp-content\/uploads\/2024\/07\/image-95-1.png\",\"datePublished\":\"2024-07-04T09:42:25+00:00\",\"dateModified\":\"2025-02-10T09:31:55+00:00\",\"breadcrumb\":{\"@id\":\"https:\/\/www.yanmar.com\/marine\/fi\/ota-yhteytta\/#breadcrumb\"},\"inLanguage\":\"en-US\",\"potentialAction\":[{\"@type\":\"ReadAction\",\"target\":[\"https:\/\/www.yanmar.com\/marine\/fi\/ota-yhteytta\/\"]}]},{\"@type\":\"ImageObject\",\"inLanguage\":\"en-US\",\"@id\":\"https:\/\/www.yanmar.com\/marine\/fi\/ota-yhteytta\/#primaryimage\",\"url\":\"https:\/\/origin-ymi.yanmar.com\/marine\/wp-content\/uploads\/2024\/07\/image-95-1.png\",\"contentUrl\":\"https:\/\/origin-ymi.yanmar.com\/marine\/wp-content\/uploads\/2024\/07\/image-95-1.png\"},{\"@type\":\"BreadcrumbList\",\"@id\":\"https:\/\/www.yanmar.com\/marine\/fi\/ota-yhteytta\/#breadcrumb\",\"itemListElement\":[{\"@type\":\"ListItem\",\"position\":1,\"name\":\"Yanmar Marine\",\"item\":\"https:\/\/origin-ymi.yanmar.com\/marine\/\"},{\"@type\":\"ListItem\",\"position\":2,\"name\":\"Ota yhteytt\u00e4\"}]},{\"@type\":\"WebSite\",\"@id\":\"https:\/\/origin-ymi.yanmar.com\/marine\/#website\",\"url\":\"https:\/\/origin-ymi.yanmar.com\/marine\/\",\"name\":\"YANMAR Marine International\",\"description\":\"Proven Marine Technology\",\"publisher\":{\"@id\":\"https:\/\/origin-ymi.yanmar.com\/marine\/#organization\"},\"potentialAction\":[{\"@type\":\"SearchAction\",\"target\":{\"@type\":\"EntryPoint\",\"urlTemplate\":\"https:\/\/origin-ymi.yanmar.com\/marine\/?s={search_term_string}\"},\"query-input\":{\"@type\":\"PropertyValueSpecification\",\"valueRequired\":true,\"valueName\":\"search_term_string\"}}],\"inLanguage\":\"en-US\"},{\"@type\":\"Organization\",\"@id\":\"https:\/\/origin-ymi.yanmar.com\/marine\/#organization\",\"name\":\"YANMAR Marine International\",\"url\":\"https:\/\/origin-ymi.yanmar.com\/marine\/\",\"logo\":{\"@type\":\"ImageObject\",\"inLanguage\":\"en-US\",\"@id\":\"https:\/\/origin-ymi.yanmar.com\/marine\/#\/schema\/logo\/image\/\",\"url\":\"https:\/\/origin-ymi.yanmar.com\/marine\/wp-content\/uploads\/2020\/03\/YANMAR-Brand-Logotype2.png\",\"contentUrl\":\"https:\/\/origin-ymi.yanmar.com\/marine\/wp-content\/uploads\/2020\/03\/YANMAR-Brand-Logotype2.png\",\"width\":842,\"height\":168,\"caption\":\"YANMAR Marine International\"},\"image\":{\"@id\":\"https:\/\/origin-ymi.yanmar.com\/marine\/#\/schema\/logo\/image\/\"}}]}<\/script>\n<!-- \/ Yoast SEO Premium plugin. -->","yoast_head_json":{"title":"Ota yhteytt\u00e4 - YANMAR Marine International","robots":{"index":"index","follow":"follow","max-snippet":"max-snippet:-1","max-image-preview":"max-image-preview:large","max-video-preview":"max-video-preview:-1"},"canonical":"https:\/\/www.yanmar.com\/marine\/ota-yhteytta\/","og_locale":"en_US","og_type":"article","og_title":"Ota yhteytt\u00e4","og_description":"YHTEYSTIEDOT Ota yhteytt\u00e4 Yanmariin","og_url":"https:\/\/www.yanmar.com\/marine\/fi\/ota-yhteytta\/","og_site_name":"YANMAR Marine International","article_modified_time":"2025-02-10T09:31:55+00:00","og_image":[{"width":542,"height":374,"url":"https:\/\/www.yanmar.com\/marine\/wp-content\/uploads\/2024\/07\/image-95-1.png","type":"image\/png"}],"twitter_card":"summary_large_image","schema":{"@context":"https:\/\/schema.org","@graph":[{"@type":"WebPage","@id":"https:\/\/www.yanmar.com\/marine\/fi\/ota-yhteytta\/","url":"https:\/\/www.yanmar.com\/marine\/fi\/ota-yhteytta\/","name":"Ota yhteytt\u00e4 - YANMAR Marine International","isPartOf":{"@id":"https:\/\/origin-ymi.yanmar.com\/marine\/#website"},"primaryImageOfPage":{"@id":"https:\/\/www.yanmar.com\/marine\/fi\/ota-yhteytta\/#primaryimage"},"image":{"@id":"https:\/\/www.yanmar.com\/marine\/fi\/ota-yhteytta\/#primaryimage"},"thumbnailUrl":"https:\/\/origin-ymi.yanmar.com\/marine\/wp-content\/uploads\/2024\/07\/image-95-1.png","datePublished":"2024-07-04T09:42:25+00:00","dateModified":"2025-02-10T09:31:55+00:00","breadcrumb":{"@id":"https:\/\/www.yanmar.com\/marine\/fi\/ota-yhteytta\/#breadcrumb"},"inLanguage":"en-US","potentialAction":[{"@type":"ReadAction","target":["https:\/\/www.yanmar.com\/marine\/fi\/ota-yhteytta\/"]}]},{"@type":"ImageObject","inLanguage":"en-US","@id":"https:\/\/www.yanmar.com\/marine\/fi\/ota-yhteytta\/#primaryimage","url":"https:\/\/origin-ymi.yanmar.com\/marine\/wp-content\/uploads\/2024\/07\/image-95-1.png","contentUrl":"https:\/\/origin-ymi.yanmar.com\/marine\/wp-content\/uploads\/2024\/07\/image-95-1.png"},{"@type":"BreadcrumbList","@id":"https:\/\/www.yanmar.com\/marine\/fi\/ota-yhteytta\/#breadcrumb","itemListElement":[{"@type":"ListItem","position":1,"name":"Yanmar Marine","item":"https:\/\/origin-ymi.yanmar.com\/marine\/"},{"@type":"ListItem","position":2,"name":"Ota yhteytt\u00e4"}]},{"@type":"WebSite","@id":"https:\/\/origin-ymi.yanmar.com\/marine\/#website","url":"https:\/\/origin-ymi.yanmar.com\/marine\/","name":"YANMAR Marine International","description":"Proven Marine Technology","publisher":{"@id":"https:\/\/origin-ymi.yanmar.com\/marine\/#organization"},"potentialAction":[{"@type":"SearchAction","target":{"@type":"EntryPoint","urlTemplate":"https:\/\/origin-ymi.yanmar.com\/marine\/?s={search_term_string}"},"query-input":{"@type":"PropertyValueSpecification","valueRequired":true,"valueName":"search_term_string"}}],"inLanguage":"en-US"},{"@type":"Organization","@id":"https:\/\/origin-ymi.yanmar.com\/marine\/#organization","name":"YANMAR Marine International","url":"https:\/\/origin-ymi.yanmar.com\/marine\/","logo":{"@type":"ImageObject","inLanguage":"en-US","@id":"https:\/\/origin-ymi.yanmar.com\/marine\/#\/schema\/logo\/image\/","url":"https:\/\/origin-ymi.yanmar.com\/marine\/wp-content\/uploads\/2020\/03\/YANMAR-Brand-Logotype2.png","contentUrl":"https:\/\/origin-ymi.yanmar.com\/marine\/wp-content\/uploads\/2020\/03\/YANMAR-Brand-Logotype2.png","width":842,"height":168,"caption":"YANMAR Marine International"},"image":{"@id":"https:\/\/origin-ymi.yanmar.com\/marine\/#\/schema\/logo\/image\/"}}]}},"_links":{"self":[{"href":"https:\/\/www.yanmar.com\/marine\/wp-json\/wp\/v2\/pages\/46615","targetHints":{"allow":["GET"]}}],"collection":[{"href":"https:\/\/www.yanmar.com\/marine\/wp-json\/wp\/v2\/pages"}],"about":[{"href":"https:\/\/www.yanmar.com\/marine\/wp-json\/wp\/v2\/types\/page"}],"author":[{"embeddable":true,"href":"https:\/\/www.yanmar.com\/marine\/wp-json\/wp\/v2\/users\/16"}],"replies":[{"embeddable":true,"href":"https:\/\/www.yanmar.com\/marine\/wp-json\/wp\/v2\/comments?post=46615"}],"version-history":[{"count":1,"href":"https:\/\/www.yanmar.com\/marine\/wp-json\/wp\/v2\/pages\/46615\/revisions"}],"predecessor-version":[{"id":46616,"href":"https:\/\/www.yanmar.com\/marine\/wp-json\/wp\/v2\/pages\/46615\/revisions\/46616"}],"wp:attachment":[{"href":"https:\/\/www.yanmar.com\/marine\/wp-json\/wp\/v2\/media?parent=46615"}],"wp:term":[{"taxonomy":"post_tag","embeddable":true,"href":"https:\/\/www.yanmar.com\/marine\/wp-json\/wp\/v2\/tags?post=46615"}],"curies":[{"name":"wp","href":"https:\/\/api.w.org\/{rel}","templated":true}]}}