{"id":46617,"date":"2024-07-09T13:19:10","date_gmt":"2024-07-09T13:19:10","guid":{"rendered":"https:\/\/www.yanmar.com\/marine\/tapahtumat\/"},"modified":"2025-04-17T13:34:28","modified_gmt":"2025-04-17T13:34:28","slug":"tapahtumat","status":"publish","type":"page","link":"https:\/\/www.yanmar.com\/marine\/fi\/tietoa-meista\/tapahtumat\/","title":{"rendered":"Tapahtumat"},"content":{"rendered":"\n<div style=\"height:auto\" aria-hidden=\"true\" class=\"wp-block-spacer is-style-medium\"><\/div>\n\n<h6 class=\"wp-block-heading has-text-align-center has-primary-color has-text-color has-link-color wp-elements-d7412c41504cfb8841aba42064391145\">TAPAHTUMAT<\/h6>\n\n<h1 class=\"wp-block-heading has-text-align-center\">L\u00f6yd\u00e4 meid\u00e4t n\u00e4ist\u00e4 tapahtumista<\/h1>\n\n<div class=\"b-posts-grid\" data-block_644a1ee4be1de5c77aa89271b4cc86b9 >\n  <div class=\"o-wrapper b-posts-grid__inner\">\n    <div class=\"b-posts-grid__header\">\n                <\/div>\n\n          <div class=\"b-posts-grid__items has-3-columns\">\n                  <article id=\"post-50009\" class=\"c-posts-grid__item c-posts-grid__item--event\">\n  <a class=\"c-posts-grid__item-inner\" href=\"https:\/\/www.yanmar.com\/marine\/event\/international-multihull-boat-show-22-26-april-2026\/\">\n    <div class=\"c-posts-grid__item-content\">\n            \n                                    \n              <h5 class=\"c-posts-grid__item-title c-posts-grid__item-title--alt\">\n          <span>\n            <span class=\"c-posts-grid__item-dates\">\n                              22 &#8211; 26 April 2026\n                          <\/span>\n            International Multihull Boat Show | 22 &#8211; 26 April 2026\n          <\/span>\n        <\/h5>\n      \n              <p class=\"c-posts-grid__item-excerpt\">Visit us at Booth H24 to explore our high-performance engine solutions designed&#8230;<\/p>\n          <\/div>\n              <div class=\"c-posts-grid__item-image\">\n          <img decoding=\"async\" width=\"768\" height=\"432\" src=\"https:\/\/www.yanmar.com\/marine\/wp-content\/uploads\/2026\/03\/Multihull-show-768x432.png\" class=\"wp-image c-posts-grid__item-img\" alt=\"\" \/>\n        <\/div>\n        <\/a>\n<\/article>\n              <\/div>\n    \n      <\/div>\n<\/div>\n\n\n<div style=\"height:auto\" aria-hidden=\"true\" class=\"wp-block-spacer is-style-medium\"><\/div>\n\n<div class=\"wp-block-media-text is-stacked-on-mobile c-pattern c-pattern--cta has-background\" style=\"background-color:#f2f2f2\"><figure class=\"wp-block-media-text__media\"><img decoding=\"async\" width=\"542\" height=\"374\" src=\"https:\/\/www.yanmar.com\/marine\/wp-content\/uploads\/2024\/07\/image-95-1.png\" alt=\"\" class=\"wp-image-40317 size-full\" srcset=\"https:\/\/www.yanmar.com\/marine\/wp-content\/uploads\/2024\/07\/image-95-1.png 542w, https:\/\/www.yanmar.com\/marine\/wp-content\/uploads\/2024\/07\/image-95-1-300x207.png 300w\" sizes=\"(max-width: 542px) 100vw, 542px\" \/><\/figure><div class=\"wp-block-media-text__content\">\n<div style=\"height:auto\" aria-hidden=\"true\" class=\"wp-block-spacer\"><\/div>\n\n\n\n<h3 class=\"wp-block-heading has-text-align-center\"><strong>Kysymykset ja tuki<\/strong><\/h3>\n\n\n\n<p class=\"has-text-align-center\">Lis\u00e4tietoja saat <a href=\"https:\/\/www.yanmar.com\/marine\/fi\/palvelu\/usein-kysytyt-kysymykset\/\">etsim\u00e4ll\u00e4 usein kysytyist\u00e4 kysymyksist\u00e4<\/a> tai etsim\u00e4ll\u00e4 <a href=\"https:\/\/www.yanmar.com\/marine\/fi\/jalleenmyyjan-paikannin\/\">paikallisen j\u00e4lleenmyyj\u00e4n tai jakelijan<\/a> maailmanlaajuisesta verkostostamme. Voit ottaa yhteytt\u00e4 YANMAR Marineen kaikissa muissa kuin teknisiss\u00e4 kysymyksiss\u00e4 vierailemalla alla olevalla Yhteystiedot-sivullamme. <\/p>\n\n\n\n<div class=\"wp-block-buttons is-content-justification-center is-layout-flex wp-container-core-buttons-is-layout-16018d1d wp-block-buttons-is-layout-flex\">\n<div class=\"wp-block-button\"><a class=\"wp-block-button__link has-text-align-center wp-element-button\" href=\"https:\/\/www.yanmar.com\/marine\/fi\/ota-yhteytta-2\/\">Ota yhteytt\u00e4<\/a><\/div>\n<\/div>\n\n\n\n<div style=\"height:auto\" aria-hidden=\"true\" class=\"wp-block-spacer\"><\/div>\n<\/div><\/div>\n\n<div style=\"height:auto\" aria-hidden=\"true\" class=\"wp-block-spacer is-style-medium\"><\/div>\n","protected":false},"excerpt":{"rendered":"<p>TAPAHTUMAT L\u00f6yd\u00e4 meid\u00e4t n\u00e4ist\u00e4 tapahtumista<\/p>\n","protected":false},"author":16,"featured_media":0,"parent":46777,"menu_order":0,"comment_status":"closed","ping_status":"closed","template":"","meta":{"_acf_changed":false,"footnotes":""},"tags":[912,913,858,914],"class_list":["post-46617","page","type-page","status-publish","hentry","tag-cannes-fi","tag-newportin-venemessut","tag-tapahtumat","tag-venemessut"],"acf":[],"yoast_head":"<!-- This site is optimized with the Yoast SEO Premium plugin v27.2 (Yoast SEO v27.2) - https:\/\/yoast.com\/product\/yoast-seo-premium-wordpress\/ -->\n<title>Tapahtumat - YANMAR Marine International<\/title>\n<meta name=\"robots\" content=\"index, follow, max-snippet:-1, max-image-preview:large, max-video-preview:-1\" \/>\n<link rel=\"canonical\" href=\"https:\/\/www.yanmar.com\/marine\/tietoa-meista\/tapahtumat\/\" \/>\n<meta property=\"og:locale\" content=\"en_US\" \/>\n<meta property=\"og:type\" content=\"article\" \/>\n<meta property=\"og:title\" content=\"Tapahtumat\" \/>\n<meta property=\"og:description\" content=\"TAPAHTUMAT L\u00f6yd\u00e4 meid\u00e4t n\u00e4ist\u00e4 tapahtumista\" \/>\n<meta property=\"og:url\" content=\"https:\/\/www.yanmar.com\/marine\/fi\/tietoa-meista\/tapahtumat\/\" \/>\n<meta property=\"og:site_name\" content=\"YANMAR Marine International\" \/>\n<meta property=\"article:modified_time\" content=\"2025-04-17T13:34:28+00:00\" \/>\n<meta property=\"og:image\" content=\"https:\/\/origin-ymi.yanmar.com\/marine\/wp-content\/uploads\/2024\/07\/image-95-1.png\" \/>\n<meta name=\"twitter:card\" content=\"summary_large_image\" \/>\n<script type=\"application\/ld+json\" class=\"yoast-schema-graph\">{\"@context\":\"https:\/\/schema.org\",\"@graph\":[{\"@type\":\"WebPage\",\"@id\":\"https:\/\/www.yanmar.com\/marine\/fi\/tietoa-meista\/tapahtumat\/\",\"url\":\"https:\/\/www.yanmar.com\/marine\/fi\/tietoa-meista\/tapahtumat\/\",\"name\":\"Tapahtumat - YANMAR Marine International\",\"isPartOf\":{\"@id\":\"https:\/\/origin-ymi.yanmar.com\/marine\/#website\"},\"primaryImageOfPage\":{\"@id\":\"https:\/\/www.yanmar.com\/marine\/fi\/tietoa-meista\/tapahtumat\/#primaryimage\"},\"image\":{\"@id\":\"https:\/\/www.yanmar.com\/marine\/fi\/tietoa-meista\/tapahtumat\/#primaryimage\"},\"thumbnailUrl\":\"https:\/\/origin-ymi.yanmar.com\/marine\/wp-content\/uploads\/2024\/07\/image-95-1.png\",\"datePublished\":\"2024-07-09T13:19:10+00:00\",\"dateModified\":\"2025-04-17T13:34:28+00:00\",\"breadcrumb\":{\"@id\":\"https:\/\/www.yanmar.com\/marine\/fi\/tietoa-meista\/tapahtumat\/#breadcrumb\"},\"inLanguage\":\"en-US\",\"potentialAction\":[{\"@type\":\"ReadAction\",\"target\":[\"https:\/\/www.yanmar.com\/marine\/fi\/tietoa-meista\/tapahtumat\/\"]}]},{\"@type\":\"ImageObject\",\"inLanguage\":\"en-US\",\"@id\":\"https:\/\/www.yanmar.com\/marine\/fi\/tietoa-meista\/tapahtumat\/#primaryimage\",\"url\":\"https:\/\/origin-ymi.yanmar.com\/marine\/wp-content\/uploads\/2024\/07\/image-95-1.png\",\"contentUrl\":\"https:\/\/origin-ymi.yanmar.com\/marine\/wp-content\/uploads\/2024\/07\/image-95-1.png\"},{\"@type\":\"BreadcrumbList\",\"@id\":\"https:\/\/www.yanmar.com\/marine\/fi\/tietoa-meista\/tapahtumat\/#breadcrumb\",\"itemListElement\":[{\"@type\":\"ListItem\",\"position\":1,\"name\":\"Yanmar Marine\",\"item\":\"https:\/\/origin-ymi.yanmar.com\/marine\/\"},{\"@type\":\"ListItem\",\"position\":2,\"name\":\"Tietoa meist\u00e4\",\"item\":\"https:\/\/origin-ymi.yanmar.com\/marine\/tietoa-meista\/\"},{\"@type\":\"ListItem\",\"position\":3,\"name\":\"Tapahtumat\"}]},{\"@type\":\"WebSite\",\"@id\":\"https:\/\/origin-ymi.yanmar.com\/marine\/#website\",\"url\":\"https:\/\/origin-ymi.yanmar.com\/marine\/\",\"name\":\"YANMAR Marine International\",\"description\":\"Proven Marine Technology\",\"publisher\":{\"@id\":\"https:\/\/origin-ymi.yanmar.com\/marine\/#organization\"},\"potentialAction\":[{\"@type\":\"SearchAction\",\"target\":{\"@type\":\"EntryPoint\",\"urlTemplate\":\"https:\/\/origin-ymi.yanmar.com\/marine\/?s={search_term_string}\"},\"query-input\":{\"@type\":\"PropertyValueSpecification\",\"valueRequired\":true,\"valueName\":\"search_term_string\"}}],\"inLanguage\":\"en-US\"},{\"@type\":\"Organization\",\"@id\":\"https:\/\/origin-ymi.yanmar.com\/marine\/#organization\",\"name\":\"YANMAR Marine International\",\"url\":\"https:\/\/origin-ymi.yanmar.com\/marine\/\",\"logo\":{\"@type\":\"ImageObject\",\"inLanguage\":\"en-US\",\"@id\":\"https:\/\/origin-ymi.yanmar.com\/marine\/#\/schema\/logo\/image\/\",\"url\":\"https:\/\/origin-ymi.yanmar.com\/marine\/wp-content\/uploads\/2020\/03\/YANMAR-Brand-Logotype2.png\",\"contentUrl\":\"https:\/\/origin-ymi.yanmar.com\/marine\/wp-content\/uploads\/2020\/03\/YANMAR-Brand-Logotype2.png\",\"width\":842,\"height\":168,\"caption\":\"YANMAR Marine International\"},\"image\":{\"@id\":\"https:\/\/origin-ymi.yanmar.com\/marine\/#\/schema\/logo\/image\/\"}}]}<\/script>\n<!-- \/ Yoast SEO Premium plugin. -->","yoast_head_json":{"title":"Tapahtumat - YANMAR Marine International","robots":{"index":"index","follow":"follow","max-snippet":"max-snippet:-1","max-image-preview":"max-image-preview:large","max-video-preview":"max-video-preview:-1"},"canonical":"https:\/\/www.yanmar.com\/marine\/tietoa-meista\/tapahtumat\/","og_locale":"en_US","og_type":"article","og_title":"Tapahtumat","og_description":"TAPAHTUMAT L\u00f6yd\u00e4 meid\u00e4t n\u00e4ist\u00e4 tapahtumista","og_url":"https:\/\/www.yanmar.com\/marine\/fi\/tietoa-meista\/tapahtumat\/","og_site_name":"YANMAR Marine International","article_modified_time":"2025-04-17T13:34:28+00:00","og_image":[{"url":"https:\/\/origin-ymi.yanmar.com\/marine\/wp-content\/uploads\/2024\/07\/image-95-1.png","type":"","width":"","height":""}],"twitter_card":"summary_large_image","schema":{"@context":"https:\/\/schema.org","@graph":[{"@type":"WebPage","@id":"https:\/\/www.yanmar.com\/marine\/fi\/tietoa-meista\/tapahtumat\/","url":"https:\/\/www.yanmar.com\/marine\/fi\/tietoa-meista\/tapahtumat\/","name":"Tapahtumat - YANMAR Marine International","isPartOf":{"@id":"https:\/\/origin-ymi.yanmar.com\/marine\/#website"},"primaryImageOfPage":{"@id":"https:\/\/www.yanmar.com\/marine\/fi\/tietoa-meista\/tapahtumat\/#primaryimage"},"image":{"@id":"https:\/\/www.yanmar.com\/marine\/fi\/tietoa-meista\/tapahtumat\/#primaryimage"},"thumbnailUrl":"https:\/\/origin-ymi.yanmar.com\/marine\/wp-content\/uploads\/2024\/07\/image-95-1.png","datePublished":"2024-07-09T13:19:10+00:00","dateModified":"2025-04-17T13:34:28+00:00","breadcrumb":{"@id":"https:\/\/www.yanmar.com\/marine\/fi\/tietoa-meista\/tapahtumat\/#breadcrumb"},"inLanguage":"en-US","potentialAction":[{"@type":"ReadAction","target":["https:\/\/www.yanmar.com\/marine\/fi\/tietoa-meista\/tapahtumat\/"]}]},{"@type":"ImageObject","inLanguage":"en-US","@id":"https:\/\/www.yanmar.com\/marine\/fi\/tietoa-meista\/tapahtumat\/#primaryimage","url":"https:\/\/origin-ymi.yanmar.com\/marine\/wp-content\/uploads\/2024\/07\/image-95-1.png","contentUrl":"https:\/\/origin-ymi.yanmar.com\/marine\/wp-content\/uploads\/2024\/07\/image-95-1.png"},{"@type":"BreadcrumbList","@id":"https:\/\/www.yanmar.com\/marine\/fi\/tietoa-meista\/tapahtumat\/#breadcrumb","itemListElement":[{"@type":"ListItem","position":1,"name":"Yanmar Marine","item":"https:\/\/origin-ymi.yanmar.com\/marine\/"},{"@type":"ListItem","position":2,"name":"Tietoa meist\u00e4","item":"https:\/\/origin-ymi.yanmar.com\/marine\/tietoa-meista\/"},{"@type":"ListItem","position":3,"name":"Tapahtumat"}]},{"@type":"WebSite","@id":"https:\/\/origin-ymi.yanmar.com\/marine\/#website","url":"https:\/\/origin-ymi.yanmar.com\/marine\/","name":"YANMAR Marine International","description":"Proven Marine Technology","publisher":{"@id":"https:\/\/origin-ymi.yanmar.com\/marine\/#organization"},"potentialAction":[{"@type":"SearchAction","target":{"@type":"EntryPoint","urlTemplate":"https:\/\/origin-ymi.yanmar.com\/marine\/?s={search_term_string}"},"query-input":{"@type":"PropertyValueSpecification","valueRequired":true,"valueName":"search_term_string"}}],"inLanguage":"en-US"},{"@type":"Organization","@id":"https:\/\/origin-ymi.yanmar.com\/marine\/#organization","name":"YANMAR Marine International","url":"https:\/\/origin-ymi.yanmar.com\/marine\/","logo":{"@type":"ImageObject","inLanguage":"en-US","@id":"https:\/\/origin-ymi.yanmar.com\/marine\/#\/schema\/logo\/image\/","url":"https:\/\/origin-ymi.yanmar.com\/marine\/wp-content\/uploads\/2020\/03\/YANMAR-Brand-Logotype2.png","contentUrl":"https:\/\/origin-ymi.yanmar.com\/marine\/wp-content\/uploads\/2020\/03\/YANMAR-Brand-Logotype2.png","width":842,"height":168,"caption":"YANMAR Marine International"},"image":{"@id":"https:\/\/origin-ymi.yanmar.com\/marine\/#\/schema\/logo\/image\/"}}]}},"_links":{"self":[{"href":"https:\/\/www.yanmar.com\/marine\/wp-json\/wp\/v2\/pages\/46617","targetHints":{"allow":["GET"]}}],"collection":[{"href":"https:\/\/www.yanmar.com\/marine\/wp-json\/wp\/v2\/pages"}],"about":[{"href":"https:\/\/www.yanmar.com\/marine\/wp-json\/wp\/v2\/types\/page"}],"author":[{"embeddable":true,"href":"https:\/\/www.yanmar.com\/marine\/wp-json\/wp\/v2\/users\/16"}],"replies":[{"embeddable":true,"href":"https:\/\/www.yanmar.com\/marine\/wp-json\/wp\/v2\/comments?post=46617"}],"version-history":[{"count":2,"href":"https:\/\/www.yanmar.com\/marine\/wp-json\/wp\/v2\/pages\/46617\/revisions"}],"predecessor-version":[{"id":47536,"href":"https:\/\/www.yanmar.com\/marine\/wp-json\/wp\/v2\/pages\/46617\/revisions\/47536"}],"up":[{"embeddable":true,"href":"https:\/\/www.yanmar.com\/marine\/wp-json\/wp\/v2\/pages\/46777"}],"wp:attachment":[{"href":"https:\/\/www.yanmar.com\/marine\/wp-json\/wp\/v2\/media?parent=46617"}],"wp:term":[{"taxonomy":"post_tag","embeddable":true,"href":"https:\/\/www.yanmar.com\/marine\/wp-json\/wp\/v2\/tags?post=46617"}],"curies":[{"name":"wp","href":"https:\/\/api.w.org\/{rel}","templated":true}]}}