{"id":46667,"date":"2024-07-03T12:00:35","date_gmt":"2024-07-03T12:00:35","guid":{"rendered":"https:\/\/www.yanmar.com\/marine\/tuotteet\/vaihteet\/"},"modified":"2025-03-03T21:11:14","modified_gmt":"2025-03-03T21:11:14","slug":"vaihteet","status":"publish","type":"page","link":"https:\/\/www.yanmar.com\/marine\/fi\/tuotteet\/vaihteet\/","title":{"rendered":"Vaihteet"},"content":{"rendered":"\n  <div class=\"b-hero-image b-hero-bg bg-hero-bg--overlay b-hero-bg--simple b-hero-bg--normal\" data-block_e9a1cc1f947c35f6cc607a053e5d0035 >\n    <img decoding=\"async\" width=\"1440\" height=\"640\" src=\"https:\/\/www.yanmar.com\/marine\/wp-content\/smush-webp\/2024\/07\/Rectangle-114-12.png.webp\" class=\"wp-image b-hero-bg__img nolazyload\" alt=\"\" loading=\"eager\" fetchpriority=\"high\" sizes=\"100vw\" srcset=\"https:\/\/www.yanmar.com\/marine\/wp-content\/smush-webp\/2024\/07\/Rectangle-114-12.png.webp 1440w, https:\/\/www.yanmar.com\/marine\/wp-content\/smush-webp\/2024\/07\/Rectangle-114-12-300x133.png.webp 300w, https:\/\/www.yanmar.com\/marine\/wp-content\/smush-webp\/2024\/07\/Rectangle-114-12-768x341.png.webp 768w\" data-smush-webp-fallback=\"{&quot;src&quot;:&quot;https:\\\/\\\/www.yanmar.com\\\/marine\\\/wp-content\\\/uploads\\\/2024\\\/07\\\/Rectangle-114-12.png&quot;,&quot;srcset&quot;:&quot;https:\\\/\\\/www.yanmar.com\\\/marine\\\/wp-content\\\/uploads\\\/2024\\\/07\\\/Rectangle-114-12.png 1440w, https:\\\/\\\/www.yanmar.com\\\/marine\\\/wp-content\\\/uploads\\\/2024\\\/07\\\/Rectangle-114-12-300x133.png 300w, https:\\\/\\\/www.yanmar.com\\\/marine\\\/wp-content\\\/uploads\\\/2024\\\/07\\\/Rectangle-114-12-768x341.png 768w&quot;}\" \/>\n\n    <div class=\"b-hero-bg__content\">\n      \n                     <h2 class=\"b-hero-bg__heading \">Tarkoituksenmukaiset laadukkaat merivaihteet<\/h2>\n                    <span class=\"b-hero-bg__subheading\">GEARS<\/span>\n                    <div class=\"b-hero-bg__text\"><p>YANMAR tarjoaa yhteisty\u00f6ss\u00e4 parhaiden toimittajien kanssa useita yhteensopivia akselivaihdevaihtoehtoja.<\/p>\n<\/div>\n      \n      \n          <\/div>\n  <\/div>\n\n\n\n<div style=\"height:auto\" aria-hidden=\"true\" class=\"wp-block-spacer is-style-medium\"><\/div>\n\n\n\n<div class=\"wp-block-group\"><div class=\"wp-block-group__inner-container is-layout-constrained wp-block-group-is-layout-constrained\">\n\n\n\n  \n\n<section class=\"b-two-column-media-text   has-image-full\" data-block_8c83b538562123b1cb0ce3ad52e57188>\n  <div class=\"b-two-column-media-text__inner b-two-column-media-text__inner--left b-two-column-media-text__width--default\" >\n    <div class=\"b-two-column-media-text__column b-two-column-media-text__column--media\">\n      <div class=\"b-two-column-media-text__column--media-images\">\n                  <img decoding=\"async\" width=\"512\" height=\"512\" data-src=\"https:\/\/www.yanmar.com\/marine\/wp-content\/smush-webp\/2024\/07\/image-114.png.webp\" class=\"wp-image b-two-column-media-text__image b-two-column-media-text__image--default lazyload\" alt=\"\" data-srcset=\"https:\/\/www.yanmar.com\/marine\/wp-content\/smush-webp\/2024\/07\/image-114.png.webp 512w, https:\/\/www.yanmar.com\/marine\/wp-content\/smush-webp\/2024\/07\/image-114-300x300.png.webp 300w, https:\/\/www.yanmar.com\/marine\/wp-content\/smush-webp\/2024\/07\/image-114-150x150.png.webp 150w, https:\/\/www.yanmar.com\/marine\/wp-content\/smush-webp\/2024\/07\/image-114-480x480.png.webp 480w\" data-sizes=\"(max-width: 512px) 100vw, 512px\" src=\"data:image\/svg+xml;base64,PHN2ZyB3aWR0aD0iMSIgaGVpZ2h0PSIxIiB4bWxucz0iaHR0cDovL3d3dy53My5vcmcvMjAwMC9zdmciPjwvc3ZnPg==\" style=\"--smush-placeholder-width: 512px; --smush-placeholder-aspect-ratio: 512\/512;\" data-smush-webp-fallback=\"{&quot;data-src&quot;:&quot;https:\\\/\\\/www.yanmar.com\\\/marine\\\/wp-content\\\/uploads\\\/2024\\\/07\\\/image-114.png&quot;,&quot;data-srcset&quot;:&quot;https:\\\/\\\/www.yanmar.com\\\/marine\\\/wp-content\\\/uploads\\\/2024\\\/07\\\/image-114.png 512w, https:\\\/\\\/www.yanmar.com\\\/marine\\\/wp-content\\\/uploads\\\/2024\\\/07\\\/image-114-300x300.png 300w, https:\\\/\\\/www.yanmar.com\\\/marine\\\/wp-content\\\/uploads\\\/2024\\\/07\\\/image-114-150x150.png 150w, https:\\\/\\\/www.yanmar.com\\\/marine\\\/wp-content\\\/uploads\\\/2024\\\/07\\\/image-114-480x480.png 480w&quot;}\" \/>\n        \n              <\/div>\n    <\/div>\n    <div class=\"b-two-column-media-text__column b-two-column-media-text__column--text\">\n      <div class=\"b-two-column-media-text__content\">\n                          <h2 class=\"b-two-column-media-text__title\" style=\"text-align: left;\">Kanzaki merivaihteet<\/h2>\n        \n                  <div class=\"b-two-column-media-text__description\" style=\"text-align: left;\"><p><span style=\"font-weight: 400;\">KANZAKI-merivaihteet<\/span> on valmistettu ja suunniteltu r\u00e4\u00e4t\u00e4l\u00f6ity yhdistett\u00e4v\u00e4ksi kaikkiin YANMAR-<span style=\"font-weight: 400;\">venemoottoreihin<\/span>, eik\u00e4 niihin tarvita sovittimia tai v\u00e4likappaleita, jotta ne tarjoavat tehokkaimman, tasapainoisimman, kevyimm\u00e4n ja kompaktimman voimansiirtopaketin.<\/p>\n<\/div>\n        \n        <div class=\"b-two-column-media-text__button-container u-justify-left\">\n                      <a class=\"c-btn--primary\" href=\"https:\/\/www.yanmar.com\/marine\/product\/gears\/kanzaki-gears\/\">\n              Lis\u00e4tietoja Kanzakin vaihteista\n            <\/a>\n          \n                  <\/div>\n      <\/div>\n    <\/div>\n  <\/div>\n<\/section>\n\n\n<\/div><\/div>\n\n\n\n<div class=\"wp-block-group\"><div class=\"wp-block-group__inner-container is-layout-constrained wp-block-group-is-layout-constrained\">\n\n\n\n  \n\n<section class=\"b-two-column-media-text   has-image-full\" data-block_a39c52359d785e9866957176e2358f48>\n  <div class=\"b-two-column-media-text__inner b-two-column-media-text__inner--right b-two-column-media-text__width--default\" >\n    <div class=\"b-two-column-media-text__column b-two-column-media-text__column--media\">\n      <div class=\"b-two-column-media-text__column--media-images\">\n                  <img decoding=\"async\" width=\"438\" height=\"438\" data-src=\"https:\/\/www.yanmar.com\/marine\/wp-content\/smush-webp\/2024\/07\/image-113.png.webp\" class=\"wp-image b-two-column-media-text__image b-two-column-media-text__image--default lazyload\" alt=\"\" data-srcset=\"https:\/\/www.yanmar.com\/marine\/wp-content\/smush-webp\/2024\/07\/image-113.png.webp 438w, https:\/\/www.yanmar.com\/marine\/wp-content\/smush-webp\/2024\/07\/image-113-300x300.png.webp 300w, https:\/\/www.yanmar.com\/marine\/wp-content\/smush-webp\/2024\/07\/image-113-150x150.png.webp 150w\" data-sizes=\"(max-width: 438px) 100vw, 438px\" src=\"data:image\/svg+xml;base64,PHN2ZyB3aWR0aD0iMSIgaGVpZ2h0PSIxIiB4bWxucz0iaHR0cDovL3d3dy53My5vcmcvMjAwMC9zdmciPjwvc3ZnPg==\" style=\"--smush-placeholder-width: 438px; --smush-placeholder-aspect-ratio: 438\/438;\" data-smush-webp-fallback=\"{&quot;data-src&quot;:&quot;https:\\\/\\\/www.yanmar.com\\\/marine\\\/wp-content\\\/uploads\\\/2024\\\/07\\\/image-113.png&quot;,&quot;data-srcset&quot;:&quot;https:\\\/\\\/www.yanmar.com\\\/marine\\\/wp-content\\\/uploads\\\/2024\\\/07\\\/image-113.png 438w, https:\\\/\\\/www.yanmar.com\\\/marine\\\/wp-content\\\/uploads\\\/2024\\\/07\\\/image-113-300x300.png 300w, https:\\\/\\\/www.yanmar.com\\\/marine\\\/wp-content\\\/uploads\\\/2024\\\/07\\\/image-113-150x150.png 150w&quot;}\" \/>\n        \n              <\/div>\n    <\/div>\n    <div class=\"b-two-column-media-text__column b-two-column-media-text__column--text\">\n      <div class=\"b-two-column-media-text__content\">\n                          <h2 class=\"b-two-column-media-text__title\" style=\"text-align: left;\">ZF-vaihteet<\/h2>\n        \n                  <div class=\"b-two-column-media-text__description\" style=\"text-align: left;\"><p>ZF on yksi suurimmista maailmanlaajuisista <span style=\"font-weight: 400;\">merivaihteiden<\/span> valmistajista, jolla on laaja maailmanlaajuinen tukiverkosto. YANMARin spesifikaatioiden mukaan r\u00e4\u00e4t\u00e4l\u00f6idyt ZF-vaihteet ovat kevyit\u00e4, kest\u00e4vi\u00e4 ja soveltuvat korkeaan suorituskykyyn useissa eri sovelluksissa. Katso moottori\/vaihteisto -yhdistelm\u00e4\u00e4si koskevat tiedot alta ja lataa piirustukset t\u00e4\u00e4lt\u00e4 ja yhteensopivien moottoreiden sivuilta.<\/p>\n<\/div>\n        \n        <div class=\"b-two-column-media-text__button-container u-justify-left\">\n                      <a class=\"c-btn--primary\" href=\"https:\/\/www.yanmar.com\/marine\/product\/gears\/zf-gears\/\">\n              Lis\u00e4tietoja ZF-vaihteista\n            <\/a>\n          \n                  <\/div>\n      <\/div>\n    <\/div>\n  <\/div>\n<\/section>\n\n\n<\/div><\/div>\n\n\n\n<div style=\"height:auto\" aria-hidden=\"true\" class=\"wp-block-spacer is-style-medium\"><\/div>\n\n\n\n  <div class=\"b-faq\" data-block_e2510296040ccbb463a0eec1340f8deb >\n    <div class=\"o-wrapper\">\n              <h3 class=\"b-faq__heading\">Usein kysytyt kysymykset YANMAR-vaihteista<\/h3>\n      \n      <div id=\"faq-block_e2510296040ccbb463a0eec1340f8deb\" class=\"b-faq__items js-faq-items\">\n                                                <div class=\"b-faq__item js-faq-item\">\n            <button id=\"faq-mista-tiedan-mita-vaihteita-tarvitsen\" class=\"b-faq__item-button js-faq-item-button\" type=\"button\" data-target=\"#faq-mista-tiedan-mita-vaihteita-tarvitsen-answer\" aria-expanded=\"false\" aria-controls=\"faq-mista-tiedan-mita-vaihteita-tarvitsen-answer\">Mist\u00e4 tied\u00e4n, mit\u00e4 vaihteita tarvitsen?<\/button>\n\n            <div id=\"faq-mista-tiedan-mita-vaihteita-tarvitsen-answer\" class=\"b-faq__item-content js-faq-item-content\" aria-labelledby=\"faq-mista-tiedan-mita-vaihteita-tarvitsen\">\n              <div class=\"b-faq__item-content-inner\">\n                <p>Oikean YANMAR-vaihdemallin m\u00e4\u00e4ritt\u00e4miseksi suosittelemme keskustelemaan paikallisen YANMAR-j\u00e4lleenmyyj\u00e4n kanssa. He voivat antaa sinulle henkil\u00f6kohtaisia suosituksia ja auttaa sinua tekem\u00e4\u00e4n tietoon perustuvan p\u00e4\u00e4t\u00f6ksen. <\/p>\n<p><span style=\"font-weight: 400;\">K\u00e4y tutustumassa <\/span><a href=\"https:\/\/www.yanmar.com\/marine\/network\/\"><span style=\"font-weight: 400;\">Verkosto-sivulle<\/span><\/a><span style=\"font-weight: 400;\"> l\u00f6yt\u00e4\u00e4ksesi paikallisen jakelijan tai j\u00e4lleenmyyj\u00e4n.<\/span><\/p>\n\n              <\/div>\n            <\/div>\n          <\/div>\n                                                <div class=\"b-faq__item js-faq-item\">\n            <button id=\"faq-ovatko-kaikki-vaihteet-yhteensopivia-kaikkien-yanmar-moottoreiden-kanssa\" class=\"b-faq__item-button js-faq-item-button\" type=\"button\" data-target=\"#faq-ovatko-kaikki-vaihteet-yhteensopivia-kaikkien-yanmar-moottoreiden-kanssa-answer\" aria-expanded=\"false\" aria-controls=\"faq-ovatko-kaikki-vaihteet-yhteensopivia-kaikkien-yanmar-moottoreiden-kanssa-answer\">Ovatko kaikki vaihteet yhteensopivia kaikkien YANMAR-moottoreiden kanssa?<\/button>\n\n            <div id=\"faq-ovatko-kaikki-vaihteet-yhteensopivia-kaikkien-yanmar-moottoreiden-kanssa-answer\" class=\"b-faq__item-content js-faq-item-content\" aria-labelledby=\"faq-ovatko-kaikki-vaihteet-yhteensopivia-kaikkien-yanmar-moottoreiden-kanssa\">\n              <div class=\"b-faq__item-content-inner\">\n                <p>YANMAR-vaihteet, mukaan lukien ZF- ja Kanzaki-sarjat, on suunniteltu yhteensopiviksi monenlaisten YANMAR-moottoreiden kanssa. Suosittelemme keskustelemaan paikallisen YANMAR-jakelijan tai -j\u00e4lleenmyyj\u00e4n kanssa. He voivat antaa sinulle henkil\u00f6kohtaisia suosituksia ja auttaa sinua tekem\u00e4\u00e4n tietoon perustuvan p\u00e4\u00e4t\u00f6ksen.  <\/p>\n<p><span style=\"font-weight: 400;\">K\u00e4y tutustumassa <\/span><a href=\"https:\/\/www.yanmar.com\/marine\/network\/\"><span style=\"font-weight: 400;\">Verkosto-sivulle<\/span><\/a><span style=\"font-weight: 400;\"> l\u00f6yt\u00e4\u00e4ksesi paikallisen jakelijan tai j\u00e4lleenmyyj\u00e4n.<\/span><\/p>\n\n              <\/div>\n            <\/div>\n          <\/div>\n                                                <div class=\"b-faq__item js-faq-item\">\n            <button id=\"faq-miten-asennan-yanmar-vaihteet-veneeseeni\" class=\"b-faq__item-button js-faq-item-button\" type=\"button\" data-target=\"#faq-miten-asennan-yanmar-vaihteet-veneeseeni-answer\" aria-expanded=\"false\" aria-controls=\"faq-miten-asennan-yanmar-vaihteet-veneeseeni-answer\">Miten asennan YANMAR-vaihteet veneeseeni?<\/button>\n\n            <div id=\"faq-miten-asennan-yanmar-vaihteet-veneeseeni-answer\" class=\"b-faq__item-content js-faq-item-content\" aria-labelledby=\"faq-miten-asennan-yanmar-vaihteet-veneeseeni\">\n              <div class=\"b-faq__item-content-inner\">\n                <p>Yksityiskohtaiset asennusohjeet ovat saatavilla YANMARilta prosessin opastamiseksi.<\/p>\n<p>Suosittelemme, ett\u00e4 asennuksen suorittaa paikallinen YANMAR-j\u00e4lleenmyyj\u00e4. He voivat tarjota sinulle henkil\u00f6kohtaista palvelua. <span style=\"font-weight: 400;\">K\u00e4y tutustumassa <\/span><a href=\"https:\/\/www.yanmar.com\/marine\/network\/\"><span style=\"font-weight: 400;\">Verkko-sivulle<\/span><\/a><span style=\"font-weight: 400;\"> l\u00f6yt\u00e4\u00e4ksesi paikallisen jakelijan tai j\u00e4lleenmyyj\u00e4n.<\/span> <\/p>\n\n              <\/div>\n            <\/div>\n          <\/div>\n                                                <div class=\"b-faq__item js-faq-item\">\n            <button id=\"faq-voinko-puhua-jollekulle-yanmar-vaihteista\" class=\"b-faq__item-button js-faq-item-button\" type=\"button\" data-target=\"#faq-voinko-puhua-jollekulle-yanmar-vaihteista-answer\" aria-expanded=\"false\" aria-controls=\"faq-voinko-puhua-jollekulle-yanmar-vaihteista-answer\">Voinko puhua jollekulle YANMAR-vaihteista?<\/button>\n\n            <div id=\"faq-voinko-puhua-jollekulle-yanmar-vaihteista-answer\" class=\"b-faq__item-content js-faq-item-content\" aria-labelledby=\"faq-voinko-puhua-jollekulle-yanmar-vaihteista\">\n              <div class=\"b-faq__item-content-inner\">\n                <p>Kyll\u00e4, voit ottaa yhteytt\u00e4 paikalliseen YANMAR-j\u00e4lleenmyyj\u00e4\u00e4n saadaksesi lis\u00e4tietoja ja henkil\u00f6kohtaista apua YANMAR-vaihteiden kanssa. He voivat antaa yksityiskohtaista opastusta ja tukea, joka on r\u00e4\u00e4t\u00e4l\u00f6ity juuri sinun erityistarpeisiisi. <\/p>\n<p><span style=\"font-weight: 400;\">K\u00e4y tutustumassa <\/span><a href=\"https:\/\/www.yanmar.com\/marine\/network\/\"><span style=\"font-weight: 400;\">Verkosto-sivulle<\/span><\/a><span style=\"font-weight: 400;\"> l\u00f6yt\u00e4\u00e4ksesi paikallisen jakelijan tai j\u00e4lleenmyyj\u00e4n.<\/span><\/p>\n\n              <\/div>\n            <\/div>\n          <\/div>\n              <\/div>\n    <\/div>\n  <\/div>\n\n\n\n<div style=\"height:auto\" aria-hidden=\"true\" class=\"wp-block-spacer is-style-small\"><\/div>\n\n\n\n<div class=\"wp-block-media-text is-stacked-on-mobile c-pattern c-pattern--cta has-background\" style=\"background-color:#f2f2f2\"><figure class=\"wp-block-media-text__media\"><img decoding=\"async\" width=\"542\" height=\"374\" data-src=\"https:\/\/www.yanmar.com\/marine\/wp-content\/smush-webp\/2024\/07\/image-95-1.png.webp\" alt=\"\" class=\"wp-image-40317 size-full lazyload\" data-srcset=\"https:\/\/www.yanmar.com\/marine\/wp-content\/smush-webp\/2024\/07\/image-95-1.png.webp 542w, https:\/\/www.yanmar.com\/marine\/wp-content\/smush-webp\/2024\/07\/image-95-1-300x207.png.webp 300w\" data-sizes=\"(max-width: 542px) 100vw, 542px\" src=\"data:image\/svg+xml;base64,PHN2ZyB3aWR0aD0iMSIgaGVpZ2h0PSIxIiB4bWxucz0iaHR0cDovL3d3dy53My5vcmcvMjAwMC9zdmciPjwvc3ZnPg==\" style=\"--smush-placeholder-width: 542px; --smush-placeholder-aspect-ratio: 542\/374;\" data-smush-webp-fallback=\"{&quot;data-src&quot;:&quot;https:\\\/\\\/www.yanmar.com\\\/marine\\\/wp-content\\\/uploads\\\/2024\\\/07\\\/image-95-1.png&quot;,&quot;data-srcset&quot;:&quot;https:\\\/\\\/www.yanmar.com\\\/marine\\\/wp-content\\\/uploads\\\/2024\\\/07\\\/image-95-1.png 542w, https:\\\/\\\/www.yanmar.com\\\/marine\\\/wp-content\\\/uploads\\\/2024\\\/07\\\/image-95-1-300x207.png 300w&quot;}\" \/><\/figure><div class=\"wp-block-media-text__content\">\n<div style=\"height:auto\" aria-hidden=\"true\" class=\"wp-block-spacer\"><\/div>\n\n\n\n<h3 class=\"wp-block-heading has-text-align-center\"><strong>Kysymykset ja tuki<\/strong><\/h3>\n\n\n\n<p class=\"has-text-align-center\">Lis\u00e4tietoja saat etsim\u00e4ll\u00e4 usein kysytyist\u00e4 kysymyksist\u00e4 tai etsim\u00e4ll\u00e4 <a href=\"https:\/\/www.yanmar.com\/marine\/network\/\">paikallisen j\u00e4lleenmyyj\u00e4n tai jakelijan<\/a> maailmanlaajuisesta verkostostamme. Voit ottaa yhteytt\u00e4 YANMAR Marineen kaikissa muissa kuin teknisiss\u00e4 kysymyksiss\u00e4 vierailemalla alla olevalla Yhteystiedot-sivullamme. <\/p>\n\n\n\n<div class=\"wp-block-buttons is-content-justification-center is-layout-flex wp-container-core-buttons-is-layout-16018d1d wp-block-buttons-is-layout-flex\">\n<div class=\"wp-block-button\"><a class=\"wp-block-button__link has-text-align-center wp-element-button\" href=\"https:\/\/www.yanmar.com\/marine\/contact-us\/\">Ota yhteytt\u00e4<\/a><\/div>\n<\/div>\n\n\n\n<div style=\"height:auto\" aria-hidden=\"true\" class=\"wp-block-spacer\"><\/div>\n<\/div><\/div>\n\n\n\n<div style=\"height:auto\" aria-hidden=\"true\" class=\"wp-block-spacer is-style-medium\"><\/div>\n","protected":false},"excerpt":{"rendered":"","protected":false},"author":16,"featured_media":0,"parent":46619,"menu_order":0,"comment_status":"closed","ping_status":"closed","template":"","meta":{"_acf_changed":false,"footnotes":""},"tags":[],"class_list":["post-46667","page","type-page","status-publish","hentry"],"acf":[],"yoast_head":"<!-- This site is optimized with the Yoast SEO Premium plugin v27.2 (Yoast SEO v27.2) - https:\/\/yoast.com\/product\/yoast-seo-premium-wordpress\/ -->\n<title>Vaihteet - YANMAR Marine International<\/title>\n<meta name=\"robots\" content=\"index, follow, max-snippet:-1, max-image-preview:large, max-video-preview:-1\" \/>\n<link rel=\"canonical\" href=\"https:\/\/www.yanmar.com\/marine\/tuotteet\/vaihteet\/\" \/>\n<meta property=\"og:locale\" content=\"en_US\" \/>\n<meta property=\"og:type\" content=\"article\" \/>\n<meta property=\"og:title\" content=\"Vaihteet\" \/>\n<meta property=\"og:url\" content=\"https:\/\/www.yanmar.com\/marine\/fi\/tuotteet\/vaihteet\/\" \/>\n<meta property=\"og:site_name\" content=\"YANMAR Marine International\" \/>\n<meta property=\"article:modified_time\" content=\"2025-03-03T21:11:14+00:00\" \/>\n<meta property=\"og:image\" content=\"https:\/\/origin-ymi.yanmar.com\/marine\/wp-content\/uploads\/2024\/07\/image-95-1.png\" \/>\n<meta name=\"twitter:card\" content=\"summary_large_image\" \/>\n<meta name=\"twitter:label1\" content=\"Est. reading time\" \/>\n\t<meta name=\"twitter:data1\" content=\"1 minute\" \/>\n<script type=\"application\/ld+json\" class=\"yoast-schema-graph\">{\"@context\":\"https:\/\/schema.org\",\"@graph\":[{\"@type\":\"WebPage\",\"@id\":\"https:\/\/www.yanmar.com\/marine\/fi\/tuotteet\/vaihteet\/\",\"url\":\"https:\/\/www.yanmar.com\/marine\/fi\/tuotteet\/vaihteet\/\",\"name\":\"Vaihteet - YANMAR Marine International\",\"isPartOf\":{\"@id\":\"https:\/\/origin-ymi.yanmar.com\/marine\/#website\"},\"primaryImageOfPage\":{\"@id\":\"https:\/\/www.yanmar.com\/marine\/fi\/tuotteet\/vaihteet\/#primaryimage\"},\"image\":{\"@id\":\"https:\/\/www.yanmar.com\/marine\/fi\/tuotteet\/vaihteet\/#primaryimage\"},\"thumbnailUrl\":\"https:\/\/origin-ymi.yanmar.com\/marine\/wp-content\/uploads\/2024\/07\/image-95-1.png\",\"datePublished\":\"2024-07-03T12:00:35+00:00\",\"dateModified\":\"2025-03-03T21:11:14+00:00\",\"breadcrumb\":{\"@id\":\"https:\/\/www.yanmar.com\/marine\/fi\/tuotteet\/vaihteet\/#breadcrumb\"},\"inLanguage\":\"en-US\",\"potentialAction\":[{\"@type\":\"ReadAction\",\"target\":[\"https:\/\/www.yanmar.com\/marine\/fi\/tuotteet\/vaihteet\/\"]}]},{\"@type\":\"ImageObject\",\"inLanguage\":\"en-US\",\"@id\":\"https:\/\/www.yanmar.com\/marine\/fi\/tuotteet\/vaihteet\/#primaryimage\",\"url\":\"https:\/\/origin-ymi.yanmar.com\/marine\/wp-content\/uploads\/2024\/07\/image-95-1.png\",\"contentUrl\":\"https:\/\/origin-ymi.yanmar.com\/marine\/wp-content\/uploads\/2024\/07\/image-95-1.png\"},{\"@type\":\"BreadcrumbList\",\"@id\":\"https:\/\/www.yanmar.com\/marine\/fi\/tuotteet\/vaihteet\/#breadcrumb\",\"itemListElement\":[{\"@type\":\"ListItem\",\"position\":1,\"name\":\"Yanmar Marine\",\"item\":\"https:\/\/origin-ymi.yanmar.com\/marine\/\"},{\"@type\":\"ListItem\",\"position\":2,\"name\":\"Tuotteet\",\"item\":\"https:\/\/origin-ymi.yanmar.com\/marine\/tuotteet\/\"},{\"@type\":\"ListItem\",\"position\":3,\"name\":\"Vaihteet\"}]},{\"@type\":\"WebSite\",\"@id\":\"https:\/\/origin-ymi.yanmar.com\/marine\/#website\",\"url\":\"https:\/\/origin-ymi.yanmar.com\/marine\/\",\"name\":\"YANMAR Marine International\",\"description\":\"Proven Marine Technology\",\"publisher\":{\"@id\":\"https:\/\/origin-ymi.yanmar.com\/marine\/#organization\"},\"potentialAction\":[{\"@type\":\"SearchAction\",\"target\":{\"@type\":\"EntryPoint\",\"urlTemplate\":\"https:\/\/origin-ymi.yanmar.com\/marine\/?s={search_term_string}\"},\"query-input\":{\"@type\":\"PropertyValueSpecification\",\"valueRequired\":true,\"valueName\":\"search_term_string\"}}],\"inLanguage\":\"en-US\"},{\"@type\":\"Organization\",\"@id\":\"https:\/\/origin-ymi.yanmar.com\/marine\/#organization\",\"name\":\"YANMAR Marine International\",\"url\":\"https:\/\/origin-ymi.yanmar.com\/marine\/\",\"logo\":{\"@type\":\"ImageObject\",\"inLanguage\":\"en-US\",\"@id\":\"https:\/\/origin-ymi.yanmar.com\/marine\/#\/schema\/logo\/image\/\",\"url\":\"https:\/\/origin-ymi.yanmar.com\/marine\/wp-content\/uploads\/2020\/03\/YANMAR-Brand-Logotype2.png\",\"contentUrl\":\"https:\/\/origin-ymi.yanmar.com\/marine\/wp-content\/uploads\/2020\/03\/YANMAR-Brand-Logotype2.png\",\"width\":842,\"height\":168,\"caption\":\"YANMAR Marine International\"},\"image\":{\"@id\":\"https:\/\/origin-ymi.yanmar.com\/marine\/#\/schema\/logo\/image\/\"}}]}<\/script>\n<!-- \/ Yoast SEO Premium plugin. -->","yoast_head_json":{"title":"Vaihteet - YANMAR Marine International","robots":{"index":"index","follow":"follow","max-snippet":"max-snippet:-1","max-image-preview":"max-image-preview:large","max-video-preview":"max-video-preview:-1"},"canonical":"https:\/\/www.yanmar.com\/marine\/tuotteet\/vaihteet\/","og_locale":"en_US","og_type":"article","og_title":"Vaihteet","og_url":"https:\/\/www.yanmar.com\/marine\/fi\/tuotteet\/vaihteet\/","og_site_name":"YANMAR Marine International","article_modified_time":"2025-03-03T21:11:14+00:00","og_image":[{"url":"https:\/\/origin-ymi.yanmar.com\/marine\/wp-content\/uploads\/2024\/07\/image-95-1.png","type":"","width":"","height":""}],"twitter_card":"summary_large_image","twitter_misc":{"Est. reading time":"1 minute"},"schema":{"@context":"https:\/\/schema.org","@graph":[{"@type":"WebPage","@id":"https:\/\/www.yanmar.com\/marine\/fi\/tuotteet\/vaihteet\/","url":"https:\/\/www.yanmar.com\/marine\/fi\/tuotteet\/vaihteet\/","name":"Vaihteet - YANMAR Marine International","isPartOf":{"@id":"https:\/\/origin-ymi.yanmar.com\/marine\/#website"},"primaryImageOfPage":{"@id":"https:\/\/www.yanmar.com\/marine\/fi\/tuotteet\/vaihteet\/#primaryimage"},"image":{"@id":"https:\/\/www.yanmar.com\/marine\/fi\/tuotteet\/vaihteet\/#primaryimage"},"thumbnailUrl":"https:\/\/origin-ymi.yanmar.com\/marine\/wp-content\/uploads\/2024\/07\/image-95-1.png","datePublished":"2024-07-03T12:00:35+00:00","dateModified":"2025-03-03T21:11:14+00:00","breadcrumb":{"@id":"https:\/\/www.yanmar.com\/marine\/fi\/tuotteet\/vaihteet\/#breadcrumb"},"inLanguage":"en-US","potentialAction":[{"@type":"ReadAction","target":["https:\/\/www.yanmar.com\/marine\/fi\/tuotteet\/vaihteet\/"]}]},{"@type":"ImageObject","inLanguage":"en-US","@id":"https:\/\/www.yanmar.com\/marine\/fi\/tuotteet\/vaihteet\/#primaryimage","url":"https:\/\/origin-ymi.yanmar.com\/marine\/wp-content\/uploads\/2024\/07\/image-95-1.png","contentUrl":"https:\/\/origin-ymi.yanmar.com\/marine\/wp-content\/uploads\/2024\/07\/image-95-1.png"},{"@type":"BreadcrumbList","@id":"https:\/\/www.yanmar.com\/marine\/fi\/tuotteet\/vaihteet\/#breadcrumb","itemListElement":[{"@type":"ListItem","position":1,"name":"Yanmar Marine","item":"https:\/\/origin-ymi.yanmar.com\/marine\/"},{"@type":"ListItem","position":2,"name":"Tuotteet","item":"https:\/\/origin-ymi.yanmar.com\/marine\/tuotteet\/"},{"@type":"ListItem","position":3,"name":"Vaihteet"}]},{"@type":"WebSite","@id":"https:\/\/origin-ymi.yanmar.com\/marine\/#website","url":"https:\/\/origin-ymi.yanmar.com\/marine\/","name":"YANMAR Marine International","description":"Proven Marine Technology","publisher":{"@id":"https:\/\/origin-ymi.yanmar.com\/marine\/#organization"},"potentialAction":[{"@type":"SearchAction","target":{"@type":"EntryPoint","urlTemplate":"https:\/\/origin-ymi.yanmar.com\/marine\/?s={search_term_string}"},"query-input":{"@type":"PropertyValueSpecification","valueRequired":true,"valueName":"search_term_string"}}],"inLanguage":"en-US"},{"@type":"Organization","@id":"https:\/\/origin-ymi.yanmar.com\/marine\/#organization","name":"YANMAR Marine International","url":"https:\/\/origin-ymi.yanmar.com\/marine\/","logo":{"@type":"ImageObject","inLanguage":"en-US","@id":"https:\/\/origin-ymi.yanmar.com\/marine\/#\/schema\/logo\/image\/","url":"https:\/\/origin-ymi.yanmar.com\/marine\/wp-content\/uploads\/2020\/03\/YANMAR-Brand-Logotype2.png","contentUrl":"https:\/\/origin-ymi.yanmar.com\/marine\/wp-content\/uploads\/2020\/03\/YANMAR-Brand-Logotype2.png","width":842,"height":168,"caption":"YANMAR Marine International"},"image":{"@id":"https:\/\/origin-ymi.yanmar.com\/marine\/#\/schema\/logo\/image\/"}}]}},"_links":{"self":[{"href":"https:\/\/www.yanmar.com\/marine\/wp-json\/wp\/v2\/pages\/46667","targetHints":{"allow":["GET"]}}],"collection":[{"href":"https:\/\/www.yanmar.com\/marine\/wp-json\/wp\/v2\/pages"}],"about":[{"href":"https:\/\/www.yanmar.com\/marine\/wp-json\/wp\/v2\/types\/page"}],"author":[{"embeddable":true,"href":"https:\/\/www.yanmar.com\/marine\/wp-json\/wp\/v2\/users\/16"}],"replies":[{"embeddable":true,"href":"https:\/\/www.yanmar.com\/marine\/wp-json\/wp\/v2\/comments?post=46667"}],"version-history":[{"count":4,"href":"https:\/\/www.yanmar.com\/marine\/wp-json\/wp\/v2\/pages\/46667\/revisions"}],"predecessor-version":[{"id":47021,"href":"https:\/\/www.yanmar.com\/marine\/wp-json\/wp\/v2\/pages\/46667\/revisions\/47021"}],"up":[{"embeddable":true,"href":"https:\/\/www.yanmar.com\/marine\/wp-json\/wp\/v2\/pages\/46619"}],"wp:attachment":[{"href":"https:\/\/www.yanmar.com\/marine\/wp-json\/wp\/v2\/media?parent=46667"}],"wp:term":[{"taxonomy":"post_tag","embeddable":true,"href":"https:\/\/www.yanmar.com\/marine\/wp-json\/wp\/v2\/tags?post=46667"}],"curies":[{"name":"wp","href":"https:\/\/api.w.org\/{rel}","templated":true}]}}