{"id":46702,"date":"2020-02-25T15:08:12","date_gmt":"2020-02-25T15:08:12","guid":{"rendered":"https:\/\/www.yanmar.com\/marine\/ota-yhteytta-2\/e-news-uutisten-tilaaminen\/"},"modified":"2025-02-10T09:39:49","modified_gmt":"2025-02-10T09:39:49","slug":"e-news-uutisten-tilaaminen","status":"publish","type":"page","link":"https:\/\/www.yanmar.com\/marine\/fi\/ota-yhteytta-2\/e-news-uutisten-tilaaminen\/","title":{"rendered":"E-News-uutisten tilaaminen"},"content":{"rendered":"\n<div class=\"wp-block-cover alignfull\" style=\"min-height:500px;aspect-ratio:unset;\"><span aria-hidden=\"true\" class=\"wp-block-cover__background has-black-background-color has-background-dim-30 has-background-dim\"><\/span><img decoding=\"async\" width=\"1920\" height=\"1440\" class=\"wp-block-cover__image-background wp-image-27540 lazyload\" alt=\"\" data-src=\"https:\/\/www.yanmar.com\/marine\/wp-content\/smush-webp\/2021\/04\/partners-1.jpg.webp\" data-object-fit=\"cover\" data-srcset=\"https:\/\/www.yanmar.com\/marine\/wp-content\/smush-webp\/2021\/04\/partners-1.jpg.webp 1920w, https:\/\/www.yanmar.com\/marine\/wp-content\/smush-webp\/2021\/04\/partners-1-300x225.jpg.webp 300w, https:\/\/www.yanmar.com\/marine\/wp-content\/smush-webp\/2021\/04\/partners-1-1024x768.jpg.webp 1024w, https:\/\/www.yanmar.com\/marine\/wp-content\/smush-webp\/2021\/04\/partners-1-768x576.jpg.webp 768w, https:\/\/www.yanmar.com\/marine\/wp-content\/smush-webp\/2021\/04\/partners-1-1536x1152.jpg.webp 1536w\" data-sizes=\"(max-width: 1920px) 100vw, 1920px\" src=\"data:image\/svg+xml;base64,PHN2ZyB3aWR0aD0iMSIgaGVpZ2h0PSIxIiB4bWxucz0iaHR0cDovL3d3dy53My5vcmcvMjAwMC9zdmciPjwvc3ZnPg==\" style=\"--smush-placeholder-width: 1920px; --smush-placeholder-aspect-ratio: 1920\/1440;\" data-smush-webp-fallback=\"{&quot;data-src&quot;:&quot;https:\\\/\\\/www.yanmar.com\\\/marine\\\/wp-content\\\/uploads\\\/2021\\\/04\\\/partners-1.jpg&quot;,&quot;data-srcset&quot;:&quot;https:\\\/\\\/www.yanmar.com\\\/marine\\\/wp-content\\\/uploads\\\/2021\\\/04\\\/partners-1.jpg 1920w, https:\\\/\\\/www.yanmar.com\\\/marine\\\/wp-content\\\/uploads\\\/2021\\\/04\\\/partners-1-300x225.jpg 300w, https:\\\/\\\/www.yanmar.com\\\/marine\\\/wp-content\\\/uploads\\\/2021\\\/04\\\/partners-1-1024x768.jpg 1024w, https:\\\/\\\/www.yanmar.com\\\/marine\\\/wp-content\\\/uploads\\\/2021\\\/04\\\/partners-1-768x576.jpg 768w, https:\\\/\\\/www.yanmar.com\\\/marine\\\/wp-content\\\/uploads\\\/2021\\\/04\\\/partners-1-1536x1152.jpg 1536w&quot;}\" \/><div class=\"wp-block-cover__inner-container is-layout-constrained wp-block-cover-is-layout-constrained\">\n<h1 class=\"wp-block-heading has-text-align-center\">E-News-uutisten tilaaminen<\/h1>\n\n\n\n<p class=\"has-text-align-center has-large-font-size\">Pysy ajan tasalla kaikesta <br\/>YANMAR tilaa uutiskirjeemme jo t\u00e4n\u00e4\u00e4n.<\/p>\n<\/div><\/div>\n\n<div style=\"height:auto\" aria-hidden=\"true\" class=\"wp-block-spacer is-style-medium\"><\/div>\n\n<div data-form-block-id=\"cbf4af60-ee26-ee11-9965-000d3aaa03a2\"><\/div>\n<script src=\"https:\/\/mktdplp102cdn.azureedge.net\/public\/latest\/js\/form-loader.js?v=1.84.2007%20\"><\/script>\n<div id=\"d2lVrSuzZ8diO8xcMoKDnhuhMcQRMSmOIFe7oZRtv0n0\"><\/div>\n<script src=\"https:\/\/mktdplp102cdn.azureedge.net\/public\/latest\/js\/ws-tracking.js?v=1.84.2007%20\"><\/script>\n<div class=\"d365-mkt-config\" style=\"display:none\" data-website-id=\"2lVrSuzZ8diO8xcMoKDnhuhMcQRMSmOIFe7oZRtv0n0\" data-hostname=\"a0e53e9b4d624807a961ba7ab856ebd8.svc.dynamics.com\"><\/div>\n\n<div style=\"height:auto\" aria-hidden=\"true\" class=\"wp-block-spacer is-style-medium\"><\/div>\n","protected":false},"excerpt":{"rendered":"","protected":false},"author":14,"featured_media":0,"parent":46688,"menu_order":3,"comment_status":"closed","ping_status":"closed","template":"","meta":{"_acf_changed":false,"footnotes":""},"tags":[],"class_list":["post-46702","page","type-page","status-publish","hentry"],"acf":[],"yoast_head":"<!-- This site is optimized with the Yoast SEO Premium plugin v27.2 (Yoast SEO v27.2) - https:\/\/yoast.com\/product\/yoast-seo-premium-wordpress\/ -->\n<title>E-News-uutisten tilaaminen - YANMAR Marine International<\/title>\n<meta name=\"description\" content=\"Tilaa YANMAR Marinen uutiskirje, jotta pysyt ajan tasalla kaikesta YANMAR Marine Internationalin toiminnasta.\" \/>\n<meta name=\"robots\" content=\"index, follow, max-snippet:-1, max-image-preview:large, max-video-preview:-1\" \/>\n<link rel=\"canonical\" href=\"https:\/\/www.yanmar.com\/marine\/ota-yhteytta-2\/e-news-uutisten-tilaaminen\/\" \/>\n<meta property=\"og:locale\" content=\"en_US\" \/>\n<meta property=\"og:type\" content=\"article\" \/>\n<meta property=\"og:title\" content=\"E-News-uutisten tilaaminen\" \/>\n<meta property=\"og:description\" content=\"Tilaa YANMAR Marinen uutiskirje, jotta pysyt ajan tasalla kaikesta YANMAR Marine Internationalin toiminnasta.\" \/>\n<meta property=\"og:url\" content=\"https:\/\/www.yanmar.com\/marine\/fi\/ota-yhteytta-2\/e-news-uutisten-tilaaminen\/\" \/>\n<meta property=\"og:site_name\" content=\"YANMAR Marine International\" \/>\n<meta property=\"article:modified_time\" content=\"2025-02-10T09:39:49+00:00\" \/>\n<meta property=\"og:image\" content=\"https:\/\/www.yanmar.com\/marine\/wp-content\/uploads\/2021\/04\/partners-1.jpg\" \/>\n\t<meta property=\"og:image:width\" content=\"1920\" \/>\n\t<meta property=\"og:image:height\" content=\"1440\" \/>\n\t<meta property=\"og:image:type\" content=\"image\/jpeg\" \/>\n<meta name=\"twitter:card\" content=\"summary_large_image\" \/>\n<script type=\"application\/ld+json\" class=\"yoast-schema-graph\">{\"@context\":\"https:\/\/schema.org\",\"@graph\":[{\"@type\":\"WebPage\",\"@id\":\"https:\/\/www.yanmar.com\/marine\/fi\/ota-yhteytta-2\/e-news-uutisten-tilaaminen\/\",\"url\":\"https:\/\/www.yanmar.com\/marine\/fi\/ota-yhteytta-2\/e-news-uutisten-tilaaminen\/\",\"name\":\"E-News-uutisten tilaaminen - YANMAR Marine International\",\"isPartOf\":{\"@id\":\"https:\/\/origin-ymi.yanmar.com\/marine\/#website\"},\"primaryImageOfPage\":{\"@id\":\"https:\/\/www.yanmar.com\/marine\/fi\/ota-yhteytta-2\/e-news-uutisten-tilaaminen\/#primaryimage\"},\"image\":{\"@id\":\"https:\/\/www.yanmar.com\/marine\/fi\/ota-yhteytta-2\/e-news-uutisten-tilaaminen\/#primaryimage\"},\"thumbnailUrl\":\"https:\/\/origin-ymi.yanmar.com\/marine\/wp-content\/uploads\/2021\/04\/partners-1.jpg\",\"datePublished\":\"2020-02-25T15:08:12+00:00\",\"dateModified\":\"2025-02-10T09:39:49+00:00\",\"description\":\"Tilaa YANMAR Marinen uutiskirje, jotta pysyt ajan tasalla kaikesta YANMAR Marine Internationalin toiminnasta.\",\"breadcrumb\":{\"@id\":\"https:\/\/www.yanmar.com\/marine\/fi\/ota-yhteytta-2\/e-news-uutisten-tilaaminen\/#breadcrumb\"},\"inLanguage\":\"en-US\",\"potentialAction\":[{\"@type\":\"ReadAction\",\"target\":[\"https:\/\/www.yanmar.com\/marine\/fi\/ota-yhteytta-2\/e-news-uutisten-tilaaminen\/\"]}]},{\"@type\":\"ImageObject\",\"inLanguage\":\"en-US\",\"@id\":\"https:\/\/www.yanmar.com\/marine\/fi\/ota-yhteytta-2\/e-news-uutisten-tilaaminen\/#primaryimage\",\"url\":\"https:\/\/origin-ymi.yanmar.com\/marine\/wp-content\/uploads\/2021\/04\/partners-1.jpg\",\"contentUrl\":\"https:\/\/origin-ymi.yanmar.com\/marine\/wp-content\/uploads\/2021\/04\/partners-1.jpg\"},{\"@type\":\"BreadcrumbList\",\"@id\":\"https:\/\/www.yanmar.com\/marine\/fi\/ota-yhteytta-2\/e-news-uutisten-tilaaminen\/#breadcrumb\",\"itemListElement\":[{\"@type\":\"ListItem\",\"position\":1,\"name\":\"Yanmar Marine\",\"item\":\"https:\/\/origin-ymi.yanmar.com\/marine\/\"},{\"@type\":\"ListItem\",\"position\":2,\"name\":\"Ota yhteytt\u00e4\",\"item\":\"https:\/\/origin-ymi.yanmar.com\/marine\/ota-yhteytta-2\/\"},{\"@type\":\"ListItem\",\"position\":3,\"name\":\"E-News-uutisten tilaaminen\"}]},{\"@type\":\"WebSite\",\"@id\":\"https:\/\/origin-ymi.yanmar.com\/marine\/#website\",\"url\":\"https:\/\/origin-ymi.yanmar.com\/marine\/\",\"name\":\"YANMAR Marine International\",\"description\":\"Proven Marine Technology\",\"publisher\":{\"@id\":\"https:\/\/origin-ymi.yanmar.com\/marine\/#organization\"},\"potentialAction\":[{\"@type\":\"SearchAction\",\"target\":{\"@type\":\"EntryPoint\",\"urlTemplate\":\"https:\/\/origin-ymi.yanmar.com\/marine\/?s={search_term_string}\"},\"query-input\":{\"@type\":\"PropertyValueSpecification\",\"valueRequired\":true,\"valueName\":\"search_term_string\"}}],\"inLanguage\":\"en-US\"},{\"@type\":\"Organization\",\"@id\":\"https:\/\/origin-ymi.yanmar.com\/marine\/#organization\",\"name\":\"YANMAR Marine International\",\"url\":\"https:\/\/origin-ymi.yanmar.com\/marine\/\",\"logo\":{\"@type\":\"ImageObject\",\"inLanguage\":\"en-US\",\"@id\":\"https:\/\/origin-ymi.yanmar.com\/marine\/#\/schema\/logo\/image\/\",\"url\":\"https:\/\/origin-ymi.yanmar.com\/marine\/wp-content\/uploads\/2020\/03\/YANMAR-Brand-Logotype2.png\",\"contentUrl\":\"https:\/\/origin-ymi.yanmar.com\/marine\/wp-content\/uploads\/2020\/03\/YANMAR-Brand-Logotype2.png\",\"width\":842,\"height\":168,\"caption\":\"YANMAR Marine International\"},\"image\":{\"@id\":\"https:\/\/origin-ymi.yanmar.com\/marine\/#\/schema\/logo\/image\/\"}}]}<\/script>\n<!-- \/ Yoast SEO Premium plugin. -->","yoast_head_json":{"title":"E-News-uutisten tilaaminen - YANMAR Marine International","description":"Tilaa YANMAR Marinen uutiskirje, jotta pysyt ajan tasalla kaikesta YANMAR Marine Internationalin toiminnasta.","robots":{"index":"index","follow":"follow","max-snippet":"max-snippet:-1","max-image-preview":"max-image-preview:large","max-video-preview":"max-video-preview:-1"},"canonical":"https:\/\/www.yanmar.com\/marine\/ota-yhteytta-2\/e-news-uutisten-tilaaminen\/","og_locale":"en_US","og_type":"article","og_title":"E-News-uutisten tilaaminen","og_description":"Tilaa YANMAR Marinen uutiskirje, jotta pysyt ajan tasalla kaikesta YANMAR Marine Internationalin toiminnasta.","og_url":"https:\/\/www.yanmar.com\/marine\/fi\/ota-yhteytta-2\/e-news-uutisten-tilaaminen\/","og_site_name":"YANMAR Marine International","article_modified_time":"2025-02-10T09:39:49+00:00","og_image":[{"width":1920,"height":1440,"url":"https:\/\/www.yanmar.com\/marine\/wp-content\/uploads\/2021\/04\/partners-1.jpg","type":"image\/jpeg"}],"twitter_card":"summary_large_image","schema":{"@context":"https:\/\/schema.org","@graph":[{"@type":"WebPage","@id":"https:\/\/www.yanmar.com\/marine\/fi\/ota-yhteytta-2\/e-news-uutisten-tilaaminen\/","url":"https:\/\/www.yanmar.com\/marine\/fi\/ota-yhteytta-2\/e-news-uutisten-tilaaminen\/","name":"E-News-uutisten tilaaminen - YANMAR Marine International","isPartOf":{"@id":"https:\/\/origin-ymi.yanmar.com\/marine\/#website"},"primaryImageOfPage":{"@id":"https:\/\/www.yanmar.com\/marine\/fi\/ota-yhteytta-2\/e-news-uutisten-tilaaminen\/#primaryimage"},"image":{"@id":"https:\/\/www.yanmar.com\/marine\/fi\/ota-yhteytta-2\/e-news-uutisten-tilaaminen\/#primaryimage"},"thumbnailUrl":"https:\/\/origin-ymi.yanmar.com\/marine\/wp-content\/uploads\/2021\/04\/partners-1.jpg","datePublished":"2020-02-25T15:08:12+00:00","dateModified":"2025-02-10T09:39:49+00:00","description":"Tilaa YANMAR Marinen uutiskirje, jotta pysyt ajan tasalla kaikesta YANMAR Marine Internationalin toiminnasta.","breadcrumb":{"@id":"https:\/\/www.yanmar.com\/marine\/fi\/ota-yhteytta-2\/e-news-uutisten-tilaaminen\/#breadcrumb"},"inLanguage":"en-US","potentialAction":[{"@type":"ReadAction","target":["https:\/\/www.yanmar.com\/marine\/fi\/ota-yhteytta-2\/e-news-uutisten-tilaaminen\/"]}]},{"@type":"ImageObject","inLanguage":"en-US","@id":"https:\/\/www.yanmar.com\/marine\/fi\/ota-yhteytta-2\/e-news-uutisten-tilaaminen\/#primaryimage","url":"https:\/\/origin-ymi.yanmar.com\/marine\/wp-content\/uploads\/2021\/04\/partners-1.jpg","contentUrl":"https:\/\/origin-ymi.yanmar.com\/marine\/wp-content\/uploads\/2021\/04\/partners-1.jpg"},{"@type":"BreadcrumbList","@id":"https:\/\/www.yanmar.com\/marine\/fi\/ota-yhteytta-2\/e-news-uutisten-tilaaminen\/#breadcrumb","itemListElement":[{"@type":"ListItem","position":1,"name":"Yanmar Marine","item":"https:\/\/origin-ymi.yanmar.com\/marine\/"},{"@type":"ListItem","position":2,"name":"Ota yhteytt\u00e4","item":"https:\/\/origin-ymi.yanmar.com\/marine\/ota-yhteytta-2\/"},{"@type":"ListItem","position":3,"name":"E-News-uutisten tilaaminen"}]},{"@type":"WebSite","@id":"https:\/\/origin-ymi.yanmar.com\/marine\/#website","url":"https:\/\/origin-ymi.yanmar.com\/marine\/","name":"YANMAR Marine International","description":"Proven Marine Technology","publisher":{"@id":"https:\/\/origin-ymi.yanmar.com\/marine\/#organization"},"potentialAction":[{"@type":"SearchAction","target":{"@type":"EntryPoint","urlTemplate":"https:\/\/origin-ymi.yanmar.com\/marine\/?s={search_term_string}"},"query-input":{"@type":"PropertyValueSpecification","valueRequired":true,"valueName":"search_term_string"}}],"inLanguage":"en-US"},{"@type":"Organization","@id":"https:\/\/origin-ymi.yanmar.com\/marine\/#organization","name":"YANMAR Marine International","url":"https:\/\/origin-ymi.yanmar.com\/marine\/","logo":{"@type":"ImageObject","inLanguage":"en-US","@id":"https:\/\/origin-ymi.yanmar.com\/marine\/#\/schema\/logo\/image\/","url":"https:\/\/origin-ymi.yanmar.com\/marine\/wp-content\/uploads\/2020\/03\/YANMAR-Brand-Logotype2.png","contentUrl":"https:\/\/origin-ymi.yanmar.com\/marine\/wp-content\/uploads\/2020\/03\/YANMAR-Brand-Logotype2.png","width":842,"height":168,"caption":"YANMAR Marine International"},"image":{"@id":"https:\/\/origin-ymi.yanmar.com\/marine\/#\/schema\/logo\/image\/"}}]}},"_links":{"self":[{"href":"https:\/\/www.yanmar.com\/marine\/wp-json\/wp\/v2\/pages\/46702","targetHints":{"allow":["GET"]}}],"collection":[{"href":"https:\/\/www.yanmar.com\/marine\/wp-json\/wp\/v2\/pages"}],"about":[{"href":"https:\/\/www.yanmar.com\/marine\/wp-json\/wp\/v2\/types\/page"}],"author":[{"embeddable":true,"href":"https:\/\/www.yanmar.com\/marine\/wp-json\/wp\/v2\/users\/14"}],"replies":[{"embeddable":true,"href":"https:\/\/www.yanmar.com\/marine\/wp-json\/wp\/v2\/comments?post=46702"}],"version-history":[{"count":1,"href":"https:\/\/www.yanmar.com\/marine\/wp-json\/wp\/v2\/pages\/46702\/revisions"}],"predecessor-version":[{"id":46703,"href":"https:\/\/www.yanmar.com\/marine\/wp-json\/wp\/v2\/pages\/46702\/revisions\/46703"}],"up":[{"embeddable":true,"href":"https:\/\/www.yanmar.com\/marine\/wp-json\/wp\/v2\/pages\/46688"}],"wp:attachment":[{"href":"https:\/\/www.yanmar.com\/marine\/wp-json\/wp\/v2\/media?parent=46702"}],"wp:term":[{"taxonomy":"post_tag","embeddable":true,"href":"https:\/\/www.yanmar.com\/marine\/wp-json\/wp\/v2\/tags?post=46702"}],"curies":[{"name":"wp","href":"https:\/\/api.w.org\/{rel}","templated":true}]}}