{"id":46704,"date":"2020-02-25T15:12:20","date_gmt":"2020-02-25T15:12:20","guid":{"rendered":"https:\/\/www.yanmar.com\/marine\/repower\/repower-opas\/"},"modified":"2025-02-10T09:39:49","modified_gmt":"2025-02-10T09:39:49","slug":"repower-opas","status":"publish","type":"page","link":"https:\/\/www.yanmar.com\/marine\/fi\/palvelu\/repower\/repower-opas\/","title":{"rendered":"Repower-opas"},"content":{"rendered":"\n<div style=\"height:auto\" aria-hidden=\"true\" class=\"wp-block-spacer is-style-small\"><\/div>\n\n<h6 class=\"wp-block-heading has-text-align-center has-primary-color has-text-color has-link-color wp-elements-7dcb676a6d2299feee25ba75518f3680\">REPOWER<\/h6>\n\n<h1 class=\"wp-block-heading has-text-align-center\">Repower-opas<\/h1>\n\n<div style=\"height:auto\" aria-hidden=\"true\" class=\"wp-block-spacer is-style-small\"><\/div>\n\n<div class=\"wp-block-group\"><div class=\"wp-block-group__inner-container is-layout-constrained wp-block-group-is-layout-constrained\">\n<div class=\"wp-block-columns is-layout-flex wp-container-core-columns-is-layout-9d6595d7 wp-block-columns-is-layout-flex\">\n<div class=\"wp-block-column is-layout-flow wp-block-column-is-layout-flow\" style=\"flex-basis:33.33%\">\n<figure class=\"wp-block-image size-large\"><img decoding=\"async\" width=\"806\" height=\"1024\" src=\"https:\/\/www.yanmar.com\/marine\/wp-content\/uploads\/2020\/03\/repower_guide_front_page-806x1024.png\" alt=\"\" class=\"wp-image-5059\" srcset=\"https:\/\/www.yanmar.com\/marine\/wp-content\/uploads\/2020\/03\/repower_guide_front_page-806x1024.png 806w, https:\/\/www.yanmar.com\/marine\/wp-content\/uploads\/2020\/03\/repower_guide_front_page-236x300.png 236w, https:\/\/www.yanmar.com\/marine\/wp-content\/uploads\/2020\/03\/repower_guide_front_page-768x975.png 768w, https:\/\/www.yanmar.com\/marine\/wp-content\/uploads\/2020\/03\/repower_guide_front_page.png 945w\" sizes=\"(max-width: 806px) 100vw, 806px\" \/><\/figure>\n<\/div>\n\n\n\n<div class=\"wp-block-column is-layout-flow wp-block-column-is-layout-flow\" style=\"flex-basis:66.66%\">\n<h2 class=\"wp-block-heading\">Lataa Repower-oppaamme ILMAISEKSI!<\/h2>\n\n\n\n<p>Veneen uusiminen on t\u00e4rke\u00e4 p\u00e4\u00e4t\u00f6s, ja siin\u00e4 on useita huomioon otettavia asioita. Olemme ker\u00e4nneet joitakin t\u00e4rkeit\u00e4 tietoja, jotka auttavat sinua t\u00e4m\u00e4n p\u00e4\u00e4t\u00f6ksen ja prosessin l\u00e4piviemisess\u00e4. Ota yhteytt\u00e4 sertifioituun YANMAR-j\u00e4lleenmyyj\u00e4\u00e4n tai -jakelijaan, kun olet valmis ottamaan seuraavat askeleet uudelleenkasvatusprojektissasi.  <\/p>\n\n\n\n<div class=\"wp-block-buttons is-layout-flex wp-block-buttons-is-layout-flex\">\n<div class=\"wp-block-button\"><a class=\"wp-block-button__link wp-element-button\" href=\"https:\/\/www.yanmar.com\/marine\/wp-content\/uploads\/2020\/03\/2019_1101_Repower-Guide_05242022.pdf\">Lataa opas<\/a><\/div>\n<\/div>\n<\/div>\n<\/div>\n<\/div><\/div>\n\n<div style=\"height:auto\" aria-hidden=\"true\" class=\"wp-block-spacer is-style-medium\"><\/div>\n","protected":false},"excerpt":{"rendered":"<p>REPOWER Repower-opas Lataa Repower-oppaamme ILMAISEKSI! Veneen uusiminen on t\u00e4rke\u00e4 p\u00e4\u00e4t\u00f6s, ja siin\u00e4 on useita huomioon otettavia asioita. Olemme ker\u00e4nneet joitakin [&hellip;]<\/p>\n","protected":false},"author":14,"featured_media":0,"parent":46631,"menu_order":1,"comment_status":"closed","ping_status":"closed","template":"","meta":{"_acf_changed":false,"footnotes":""},"tags":[],"class_list":["post-46704","page","type-page","status-publish","hentry"],"acf":[],"yoast_head":"<!-- This site is optimized with the Yoast SEO Premium plugin v27.2 (Yoast SEO v27.2) - https:\/\/yoast.com\/product\/yoast-seo-premium-wordpress\/ -->\n<title>Repower-opas - YANMAR Marine International<\/title>\n<meta name=\"description\" content=\"Uuden, teknisesti edistyksellisen YANMAR-moottorin asentaminen antaa veneellesi v\u00e4litt\u00f6m\u00e4sti uutta el\u00e4m\u00e4\u00e4.\" \/>\n<meta name=\"robots\" content=\"index, follow, max-snippet:-1, max-image-preview:large, max-video-preview:-1\" \/>\n<link rel=\"canonical\" href=\"https:\/\/www.yanmar.com\/marine\/palvelu\/repower\/repower-opas\/\" \/>\n<meta property=\"og:locale\" content=\"en_US\" \/>\n<meta property=\"og:type\" content=\"article\" \/>\n<meta property=\"og:title\" content=\"Repower-opas\" \/>\n<meta property=\"og:description\" content=\"Uuden, teknisesti edistyksellisen YANMAR-moottorin asentaminen antaa veneellesi v\u00e4litt\u00f6m\u00e4sti uutta el\u00e4m\u00e4\u00e4.\" \/>\n<meta property=\"og:url\" content=\"https:\/\/www.yanmar.com\/marine\/fi\/palvelu\/repower\/repower-opas\/\" \/>\n<meta property=\"og:site_name\" content=\"YANMAR Marine International\" \/>\n<meta property=\"article:modified_time\" content=\"2025-02-10T09:39:49+00:00\" \/>\n<meta property=\"og:image\" content=\"https:\/\/www.yanmar.com\/marine\/wp-content\/uploads\/2020\/03\/repower_guide_front_page.png\" \/>\n\t<meta property=\"og:image:width\" content=\"945\" \/>\n\t<meta property=\"og:image:height\" content=\"1200\" \/>\n\t<meta property=\"og:image:type\" content=\"image\/png\" \/>\n<meta name=\"twitter:card\" content=\"summary_large_image\" \/>\n<script type=\"application\/ld+json\" class=\"yoast-schema-graph\">{\"@context\":\"https:\/\/schema.org\",\"@graph\":[{\"@type\":\"WebPage\",\"@id\":\"https:\/\/www.yanmar.com\/marine\/fi\/palvelu\/repower\/repower-opas\/\",\"url\":\"https:\/\/www.yanmar.com\/marine\/fi\/palvelu\/repower\/repower-opas\/\",\"name\":\"Repower-opas - YANMAR Marine International\",\"isPartOf\":{\"@id\":\"https:\/\/origin-ymi.yanmar.com\/marine\/#website\"},\"primaryImageOfPage\":{\"@id\":\"https:\/\/www.yanmar.com\/marine\/fi\/palvelu\/repower\/repower-opas\/#primaryimage\"},\"image\":{\"@id\":\"https:\/\/www.yanmar.com\/marine\/fi\/palvelu\/repower\/repower-opas\/#primaryimage\"},\"thumbnailUrl\":\"https:\/\/origin-ymi.yanmar.com\/marine\/wp-content\/uploads\/2020\/03\/repower_guide_front_page-806x1024.png\",\"datePublished\":\"2020-02-25T15:12:20+00:00\",\"dateModified\":\"2025-02-10T09:39:49+00:00\",\"description\":\"Uuden, teknisesti edistyksellisen YANMAR-moottorin asentaminen antaa veneellesi v\u00e4litt\u00f6m\u00e4sti uutta el\u00e4m\u00e4\u00e4.\",\"breadcrumb\":{\"@id\":\"https:\/\/www.yanmar.com\/marine\/fi\/palvelu\/repower\/repower-opas\/#breadcrumb\"},\"inLanguage\":\"en-US\",\"potentialAction\":[{\"@type\":\"ReadAction\",\"target\":[\"https:\/\/www.yanmar.com\/marine\/fi\/palvelu\/repower\/repower-opas\/\"]}]},{\"@type\":\"ImageObject\",\"inLanguage\":\"en-US\",\"@id\":\"https:\/\/www.yanmar.com\/marine\/fi\/palvelu\/repower\/repower-opas\/#primaryimage\",\"url\":\"https:\/\/origin-ymi.yanmar.com\/marine\/wp-content\/uploads\/2020\/03\/repower_guide_front_page-806x1024.png\",\"contentUrl\":\"https:\/\/origin-ymi.yanmar.com\/marine\/wp-content\/uploads\/2020\/03\/repower_guide_front_page-806x1024.png\"},{\"@type\":\"BreadcrumbList\",\"@id\":\"https:\/\/www.yanmar.com\/marine\/fi\/palvelu\/repower\/repower-opas\/#breadcrumb\",\"itemListElement\":[{\"@type\":\"ListItem\",\"position\":1,\"name\":\"Yanmar Marine\",\"item\":\"https:\/\/origin-ymi.yanmar.com\/marine\/\"},{\"@type\":\"ListItem\",\"position\":2,\"name\":\"Palvelu\",\"item\":\"https:\/\/origin-ymi.yanmar.com\/marine\/palvelu\/\"},{\"@type\":\"ListItem\",\"position\":3,\"name\":\"Repower\",\"item\":\"https:\/\/origin-ymi.yanmar.com\/marine\/palvelu\/repower\/\"},{\"@type\":\"ListItem\",\"position\":4,\"name\":\"Repower-opas\"}]},{\"@type\":\"WebSite\",\"@id\":\"https:\/\/origin-ymi.yanmar.com\/marine\/#website\",\"url\":\"https:\/\/origin-ymi.yanmar.com\/marine\/\",\"name\":\"YANMAR Marine International\",\"description\":\"Proven Marine Technology\",\"publisher\":{\"@id\":\"https:\/\/origin-ymi.yanmar.com\/marine\/#organization\"},\"potentialAction\":[{\"@type\":\"SearchAction\",\"target\":{\"@type\":\"EntryPoint\",\"urlTemplate\":\"https:\/\/origin-ymi.yanmar.com\/marine\/?s={search_term_string}\"},\"query-input\":{\"@type\":\"PropertyValueSpecification\",\"valueRequired\":true,\"valueName\":\"search_term_string\"}}],\"inLanguage\":\"en-US\"},{\"@type\":\"Organization\",\"@id\":\"https:\/\/origin-ymi.yanmar.com\/marine\/#organization\",\"name\":\"YANMAR Marine International\",\"url\":\"https:\/\/origin-ymi.yanmar.com\/marine\/\",\"logo\":{\"@type\":\"ImageObject\",\"inLanguage\":\"en-US\",\"@id\":\"https:\/\/origin-ymi.yanmar.com\/marine\/#\/schema\/logo\/image\/\",\"url\":\"https:\/\/origin-ymi.yanmar.com\/marine\/wp-content\/uploads\/2020\/03\/YANMAR-Brand-Logotype2.png\",\"contentUrl\":\"https:\/\/origin-ymi.yanmar.com\/marine\/wp-content\/uploads\/2020\/03\/YANMAR-Brand-Logotype2.png\",\"width\":842,\"height\":168,\"caption\":\"YANMAR Marine International\"},\"image\":{\"@id\":\"https:\/\/origin-ymi.yanmar.com\/marine\/#\/schema\/logo\/image\/\"}}]}<\/script>\n<!-- \/ Yoast SEO Premium plugin. -->","yoast_head_json":{"title":"Repower-opas - YANMAR Marine International","description":"Uuden, teknisesti edistyksellisen YANMAR-moottorin asentaminen antaa veneellesi v\u00e4litt\u00f6m\u00e4sti uutta el\u00e4m\u00e4\u00e4.","robots":{"index":"index","follow":"follow","max-snippet":"max-snippet:-1","max-image-preview":"max-image-preview:large","max-video-preview":"max-video-preview:-1"},"canonical":"https:\/\/www.yanmar.com\/marine\/palvelu\/repower\/repower-opas\/","og_locale":"en_US","og_type":"article","og_title":"Repower-opas","og_description":"Uuden, teknisesti edistyksellisen YANMAR-moottorin asentaminen antaa veneellesi v\u00e4litt\u00f6m\u00e4sti uutta el\u00e4m\u00e4\u00e4.","og_url":"https:\/\/www.yanmar.com\/marine\/fi\/palvelu\/repower\/repower-opas\/","og_site_name":"YANMAR Marine International","article_modified_time":"2025-02-10T09:39:49+00:00","og_image":[{"width":945,"height":1200,"url":"https:\/\/www.yanmar.com\/marine\/wp-content\/uploads\/2020\/03\/repower_guide_front_page.png","type":"image\/png"}],"twitter_card":"summary_large_image","schema":{"@context":"https:\/\/schema.org","@graph":[{"@type":"WebPage","@id":"https:\/\/www.yanmar.com\/marine\/fi\/palvelu\/repower\/repower-opas\/","url":"https:\/\/www.yanmar.com\/marine\/fi\/palvelu\/repower\/repower-opas\/","name":"Repower-opas - YANMAR Marine International","isPartOf":{"@id":"https:\/\/origin-ymi.yanmar.com\/marine\/#website"},"primaryImageOfPage":{"@id":"https:\/\/www.yanmar.com\/marine\/fi\/palvelu\/repower\/repower-opas\/#primaryimage"},"image":{"@id":"https:\/\/www.yanmar.com\/marine\/fi\/palvelu\/repower\/repower-opas\/#primaryimage"},"thumbnailUrl":"https:\/\/origin-ymi.yanmar.com\/marine\/wp-content\/uploads\/2020\/03\/repower_guide_front_page-806x1024.png","datePublished":"2020-02-25T15:12:20+00:00","dateModified":"2025-02-10T09:39:49+00:00","description":"Uuden, teknisesti edistyksellisen YANMAR-moottorin asentaminen antaa veneellesi v\u00e4litt\u00f6m\u00e4sti uutta el\u00e4m\u00e4\u00e4.","breadcrumb":{"@id":"https:\/\/www.yanmar.com\/marine\/fi\/palvelu\/repower\/repower-opas\/#breadcrumb"},"inLanguage":"en-US","potentialAction":[{"@type":"ReadAction","target":["https:\/\/www.yanmar.com\/marine\/fi\/palvelu\/repower\/repower-opas\/"]}]},{"@type":"ImageObject","inLanguage":"en-US","@id":"https:\/\/www.yanmar.com\/marine\/fi\/palvelu\/repower\/repower-opas\/#primaryimage","url":"https:\/\/origin-ymi.yanmar.com\/marine\/wp-content\/uploads\/2020\/03\/repower_guide_front_page-806x1024.png","contentUrl":"https:\/\/origin-ymi.yanmar.com\/marine\/wp-content\/uploads\/2020\/03\/repower_guide_front_page-806x1024.png"},{"@type":"BreadcrumbList","@id":"https:\/\/www.yanmar.com\/marine\/fi\/palvelu\/repower\/repower-opas\/#breadcrumb","itemListElement":[{"@type":"ListItem","position":1,"name":"Yanmar Marine","item":"https:\/\/origin-ymi.yanmar.com\/marine\/"},{"@type":"ListItem","position":2,"name":"Palvelu","item":"https:\/\/origin-ymi.yanmar.com\/marine\/palvelu\/"},{"@type":"ListItem","position":3,"name":"Repower","item":"https:\/\/origin-ymi.yanmar.com\/marine\/palvelu\/repower\/"},{"@type":"ListItem","position":4,"name":"Repower-opas"}]},{"@type":"WebSite","@id":"https:\/\/origin-ymi.yanmar.com\/marine\/#website","url":"https:\/\/origin-ymi.yanmar.com\/marine\/","name":"YANMAR Marine International","description":"Proven Marine Technology","publisher":{"@id":"https:\/\/origin-ymi.yanmar.com\/marine\/#organization"},"potentialAction":[{"@type":"SearchAction","target":{"@type":"EntryPoint","urlTemplate":"https:\/\/origin-ymi.yanmar.com\/marine\/?s={search_term_string}"},"query-input":{"@type":"PropertyValueSpecification","valueRequired":true,"valueName":"search_term_string"}}],"inLanguage":"en-US"},{"@type":"Organization","@id":"https:\/\/origin-ymi.yanmar.com\/marine\/#organization","name":"YANMAR Marine International","url":"https:\/\/origin-ymi.yanmar.com\/marine\/","logo":{"@type":"ImageObject","inLanguage":"en-US","@id":"https:\/\/origin-ymi.yanmar.com\/marine\/#\/schema\/logo\/image\/","url":"https:\/\/origin-ymi.yanmar.com\/marine\/wp-content\/uploads\/2020\/03\/YANMAR-Brand-Logotype2.png","contentUrl":"https:\/\/origin-ymi.yanmar.com\/marine\/wp-content\/uploads\/2020\/03\/YANMAR-Brand-Logotype2.png","width":842,"height":168,"caption":"YANMAR Marine International"},"image":{"@id":"https:\/\/origin-ymi.yanmar.com\/marine\/#\/schema\/logo\/image\/"}}]}},"_links":{"self":[{"href":"https:\/\/www.yanmar.com\/marine\/wp-json\/wp\/v2\/pages\/46704","targetHints":{"allow":["GET"]}}],"collection":[{"href":"https:\/\/www.yanmar.com\/marine\/wp-json\/wp\/v2\/pages"}],"about":[{"href":"https:\/\/www.yanmar.com\/marine\/wp-json\/wp\/v2\/types\/page"}],"author":[{"embeddable":true,"href":"https:\/\/www.yanmar.com\/marine\/wp-json\/wp\/v2\/users\/14"}],"replies":[{"embeddable":true,"href":"https:\/\/www.yanmar.com\/marine\/wp-json\/wp\/v2\/comments?post=46704"}],"version-history":[{"count":1,"href":"https:\/\/www.yanmar.com\/marine\/wp-json\/wp\/v2\/pages\/46704\/revisions"}],"predecessor-version":[{"id":46705,"href":"https:\/\/www.yanmar.com\/marine\/wp-json\/wp\/v2\/pages\/46704\/revisions\/46705"}],"up":[{"embeddable":true,"href":"https:\/\/www.yanmar.com\/marine\/wp-json\/wp\/v2\/pages\/46631"}],"wp:attachment":[{"href":"https:\/\/www.yanmar.com\/marine\/wp-json\/wp\/v2\/media?parent=46704"}],"wp:term":[{"taxonomy":"post_tag","embeddable":true,"href":"https:\/\/www.yanmar.com\/marine\/wp-json\/wp\/v2\/tags?post=46704"}],"curies":[{"name":"wp","href":"https:\/\/api.w.org\/{rel}","templated":true}]}}