{"id":46741,"date":"2020-02-25T15:05:35","date_gmt":"2020-02-25T15:05:35","guid":{"rendered":"https:\/\/www.yanmar.com\/marine\/ymista\/yhteistyokumppanit-kumppanit\/"},"modified":"2025-02-10T09:43:35","modified_gmt":"2025-02-10T09:43:35","slug":"yhteistyokumppanit-kumppanit","status":"publish","type":"page","link":"https:\/\/www.yanmar.com\/marine\/fi\/tietoa-meista\/ymista\/yhteistyokumppanit-kumppanit\/","title":{"rendered":"Yhteisty\u00f6kumppanit &amp; kumppanit"},"content":{"rendered":"\n<div style=\"height:auto\" aria-hidden=\"true\" class=\"wp-block-spacer is-style-small\"><\/div>\n\n<div class=\"wp-block-media-text is-stacked-on-mobile is-vertically-aligned-top\" style=\"grid-template-columns:35% auto\"><figure class=\"wp-block-media-text__media\"><img decoding=\"async\" data-src=\"https:\/\/www.yanmar.com\/marine\/wp-content\/uploads\/2020\/06\/vetus.png\" alt=\"Vetus\" class=\"wp-image-20673 size-full lazyload\" src=\"data:image\/svg+xml;base64,PHN2ZyB3aWR0aD0iMSIgaGVpZ2h0PSIxIiB4bWxucz0iaHR0cDovL3d3dy53My5vcmcvMjAwMC9zdmciPjwvc3ZnPg==\" \/><\/figure><div class=\"wp-block-media-text__content\">\n<p><em>United toimittaa asiakkaille maailmanlaajuisesti<\/em><\/p>\n\n\n\n<p>YANMAR-VETUS-kumppanuus yhdist\u00e4\u00e4 kaksi t\u00e4ydellisesti yhteensopivaa tuotemerkki\u00e4 yhdeksi luotettavaksi ja laaja-alaiseksi merenkulkulaitteiden l\u00e4hteeksi, josta asiakkaat kaikkialla maailmassa hy\u00f6tyv\u00e4t. Kokonaisj\u00e4rjestelmiin erikoistunut VETUS liittyy YANMAR-konserniin yhteisty\u00f6h\u00f6n, jossa yhdistyv\u00e4t yli 100 vuoden YANMAR-moottoriosaaminen ja -kokemus sek\u00e4 50 vuoden aikana kehitetty kattava ja monipuolinen VETUS-valikoima moottoreihin liittyvi\u00e4 lis\u00e4varusteita ja venej\u00e4rjestelm\u00e4komponentteja. Hy\u00f6dynt\u00e4m\u00e4ll\u00e4 erilaisia liiketoiminnallisia synergiaetuja ja yhdist\u00e4m\u00e4ll\u00e4 kummankin yrityksen vakiintuneet maailmanlaajuiset jalansijat ja verkostot, syntyy luotettava yhden luukun j\u00e4rjestelm\u00e4integraatioj\u00e4rjestelm\u00e4, jolla on ainutlaatuiset valmiudet ja merkitys menesty\u00e4 tulevina vuosina. YANMAR ja VETUS jatkavat rinnakkaista kehitysty\u00f6t\u00e4 ja ty\u00f6skentelev\u00e4t rinnakkain kaikkialla maailmassa tarjotakseen veneenomistajille edistyksellisi\u00e4 ratkaisuja, joiden avulla asiakkaat voivat optimoida veneess\u00e4 vietetyn ajan ja nauttia huolettomasta kokemuksesta vesill\u00e4 sellaisen moottorij\u00e4rjestelm\u00e4kokonaisuuden avulla, jonka kest\u00e4vyyteen ja suorituskykyyn he voivat luottaa koko ajan.   <\/p>\n\n\n\n<p>VETUS<br\/>VETUS tarjoaa t\u00e4ydellisi\u00e4 venej\u00e4rjestelmi\u00e4 YANMAR-moottorin ymp\u00e4rille, ja VETUSin innovatiiviset voimaratkaisut ja tekniset laitteet huvi- ja pienille kauppa-aluksille sis\u00e4lt\u00e4v\u00e4t valikoiman moottoritarvikkeita, kuten pakoj\u00e4rjestelmi\u00e4 ja \u00f6ljynsuodattimia, sek\u00e4 keulapotkureita, ohjauspaneeleita, generaattoreita ja paljon muuta. Yrityksen kattava tuotevalikoima, liit\u00e4nn\u00e4t ja komponentit kattavat yli 14 j\u00e4rjestelm\u00e4\u00e4 konehuoneesta komentosillalle, ja ne on suunniteltu niin, ett\u00e4 niiden asennus, k\u00e4ytt\u00f6 ja huolto on helppoa ja vaivatonta. <\/p>\n\n\n\n<div class=\"wp-block-buttons is-layout-flex wp-block-buttons-is-layout-flex\">\n<div class=\"wp-block-button\"><a class=\"wp-block-button__link wp-element-button\" href=\"https:\/\/www.vetus.com\/\" target=\"_blank\" rel=\"noreferrer noopener nofollow\">Vieraile verkkosivustolla<\/a><\/div>\n<\/div>\n<\/div><\/div>\n\n<div style=\"height:auto\" aria-hidden=\"true\" class=\"wp-block-spacer is-style-small\"><\/div>\n\n<div class=\"wp-block-media-text is-stacked-on-mobile is-vertically-aligned-top\" style=\"grid-template-columns:35% auto\"><figure class=\"wp-block-media-text__media\"><img decoding=\"async\" data-src=\"https:\/\/www.yanmar.com\/marine\/wp-content\/uploads\/2020\/06\/flexofold.png\" alt=\"Flexofold Prop ja logo\" class=\"wp-image-20584 size-full lazyload\" src=\"data:image\/svg+xml;base64,PHN2ZyB3aWR0aD0iMSIgaGVpZ2h0PSIxIiB4bWxucz0iaHR0cDovL3d3dy53My5vcmcvMjAwMC9zdmciPjwvc3ZnPg==\" \/><\/figure><div class=\"wp-block-media-text__content\">\n<p><em>Yritysosto mahdollistaa integroidut ratkaisut<\/em><\/p>\n\n\n\n<p>Flexofoldin ja YANMARin kumppanuus, joka on suunniteltu toimittamaan integroituja ratkaisuja purjevene- ja monirunkoaloille mahdollisimman tehokkaasti, yhdist\u00e4\u00e4 kaksi hyvin samansuuntaista yrityst\u00e4. Markkinajohtavan, ylivoimaisen, v\u00e4h\u00e4vetoisen taittopotkurin lis\u00e4\u00e4minen YANMARin t\u00e4ydellisten propulsioratkaisujen valikoimaan vahvistaa YANMARin sitoutumista korkeimpaan laatuun. N\u00e4m\u00e4 kaksi yrityst\u00e4 ty\u00f6skentelev\u00e4t yhdess\u00e4 kustannustehokkaalla l\u00e4hestymistavalla, jossa yhdistyv\u00e4t yhteinen intohimo purjehdukseen ja innovaatioihin, tarjoten poikkeuksellisen moottorin voimansiirto- ja potkurij\u00e4rjestelm\u00e4n purjeveneiden rakentajille, j\u00e4lleenmyyjille ja omistajille kaikkialla maailmassa. Flexofold jatkaa toimintaansa itsen\u00e4isesti ja s\u00e4ilytt\u00e4\u00e4 oman br\u00e4ndi-identiteettins\u00e4 keskittyen kehitt\u00e4m\u00e4\u00e4n seuraavan sukupolven ratkaisuja potkurien suunnitteluun maailmanlaajuisilla premium-purjevenemarkkinoilla.   <\/p>\n\n\n\n<p>FLEXOFOLD<br\/>Yritt\u00e4j\u00e4 ja hydrodynamiikan asiantuntija Jack Skrydstrupin vuonna 1992 perustama Flexofold on maailman johtava yritys eritt\u00e4in tehokkaiden kokoontaitettavien potkureiden kehitt\u00e4misess\u00e4, valmistuksessa ja jakelussa. Purjeveneiden potkurit, joita myyd\u00e4\u00e4n suoraan veneenrakentajille sek\u00e4 yksityisille veneenomistajille maailmanlaajuisesti, valmistetaan yrityksen Tanskan tehtaalla, joka on varustettu nykyaikaisilla CNC-laitteilla ja robottiteknologialla. Edistyksellinen potkurituotevalikoima, joka on tunnettu korkeasta suorituskyvyst\u00e4\u00e4n ja alhaisesta vastuksesta, laajenee jatkuvasti uusien mallien my\u00f6t\u00e4.  <\/p>\n\n\n\n<div class=\"wp-block-buttons is-layout-flex wp-block-buttons-is-layout-flex\">\n<div class=\"wp-block-button\"><a class=\"wp-block-button__link wp-element-button\" href=\"https:\/\/flexofold.com\/\" target=\"_blank\" rel=\"noreferrer noopener nofollow\">Vieraile verkkosivustolla<\/a><\/div>\n<\/div>\n<\/div><\/div>\n\n<div style=\"height:auto\" aria-hidden=\"true\" class=\"wp-block-spacer is-style-small\"><\/div>\n\n<div class=\"wp-block-media-text is-stacked-on-mobile is-vertically-aligned-top\" style=\"grid-template-columns:35% auto\"><figure class=\"wp-block-media-text__media\"><img decoding=\"async\" data-src=\"https:\/\/www.yanmar.com\/marine\/wp-content\/uploads\/2020\/06\/getmyboat.png\" alt=\"\" class=\"wp-image-20566 size-full lazyload\" src=\"data:image\/svg+xml;base64,PHN2ZyB3aWR0aD0iMSIgaGVpZ2h0PSIxIiB4bWxucz0iaHR0cDovL3d3dy53My5vcmcvMjAwMC9zdmciPjwvc3ZnPg==\" \/><\/figure><div class=\"wp-block-media-text__content\">\n<p><em>Sijoittaminen meriteollisuuden ytimeen<span style=\"font-family: \" helvetica=\"\" neue=\"\" arial=\"\" sans-serif=\"\" font-size:=\"\" white-space-collapse:=\"\" collapse=\"\"><\/span><\/em><\/p><p><em style=\"box-sizing: border-box; font-family: \" helvetica=\"\" neue=\"\" arial=\"\" sans-serif=\"\" font-size:=\"\" white-space-collapse:=\"\" collapse=\"\"><\/em><\/p>\n\n\n\n<p>YANMARin kumppanuus GetMyBoat-venevuokraus- ja vesiel\u00e4mysmarkkinapaikan kanssa luo dynaamisen, maailmanlaajuisen liittouman, jonka yhteinen sitoumus on lis\u00e4t\u00e4 veneilyyn osallistumista ja yll\u00e4pit\u00e4\u00e4 yhten\u00e4isesti koko huviveneteollisuuden terveytt\u00e4. YANMARin strategisen investoinnin ja tuen ansiosta molemmilla yrityksill\u00e4 on hyv\u00e4t edellytykset toteuttaa yhteinen visio, jonka tavoitteena on kannustaa yh\u00e4 useampia ihmisi\u00e4 ymp\u00e4ri maailmaa kokemaan turvallisesti j\u00e4nnityst\u00e4 ja nautintoa vesill\u00e4 tapahtuvasta toiminnasta. YANMAR on merenkulun l\u00e4hettil\u00e4s, jolla on maailmanlaajuinen l\u00e4sn\u00e4olo, merkitt\u00e4v\u00e4 perint\u00f6 ja innovaatioperinne, ja se on sitoutunut jakamaan teknist\u00e4 asiantuntemustaan ja her\u00e4tt\u00e4m\u00e4\u00e4n kiinnostusta veneilyyn tekem\u00e4ll\u00e4 yhteisty\u00f6t\u00e4 yh\u00e4 useampien kumppanien ja yhdistysten kanssa sek\u00e4 kilpailu- ett\u00e4 vapaa-ajan alalla. Lupaus ottaa oppia GetMyBoatin innovaatioista ja menestyksest\u00e4 sek\u00e4 edist\u00e4\u00e4 yrityksen laajentumista on YANMARin luontaisen vastuun ydin, kun se pyrkii parantamaan tapoja toivottaa uudet tulokkaat tervetulleiksi merenkulkuymp\u00e4rist\u00f6\u00f6n ja kiinnostumaan charter- ja venevuokrausmarkkinoista.   <\/p>\n\n\n\n<p>GETMYBOAT<br\/>Vuonna 2013 San Franciscossa perustettu GetMyBoat on kasvanut maailman suurimmaksi veneenvuokrauksen ja vesiel\u00e4mysten markkinapaikaksi, jolla on yli 130 000 ilmoitusta 184 maassa ja joka kattaa yli 9300 kohdetta maailmanlaajuisesti. T\u00e4m\u00e4 innovatiivinen vertaisvuokrausmenetelm\u00e4 tuo veneilyn maailman kaikkien ulottuville, olivatpa he sitten kokeneita kapteeneita tai t\u00e4ysin uusia veneilij\u00f6it\u00e4. GetMyBoat antaa kaikentyyppisten veneiden omistajille kajakeista purjeveneisiin ja moottoriveneisiin mahdollisuuden tavoittaa tuhansia potentiaalisia asiakkaita.  <\/p>\n\n\n\n<div class=\"wp-block-buttons is-layout-flex wp-block-buttons-is-layout-flex\">\n<div class=\"wp-block-button\"><a class=\"wp-block-button__link wp-element-button\" href=\"https:\/\/www.getmyboat.com\/\" target=\"_blank\" rel=\"noreferrer noopener nofollow\">Vieraile verkkosivustolla<\/a><\/div>\n<\/div>\n<\/div><\/div>\n\n<div style=\"height:auto\" aria-hidden=\"true\" class=\"wp-block-spacer is-style-small\"><\/div>\n\n<div class=\"wp-block-media-text is-stacked-on-mobile is-vertically-aligned-top\" style=\"grid-template-columns:35% auto\"><figure class=\"wp-block-media-text__media\"><img decoding=\"async\" width=\"600\" height=\"600\" data-src=\"https:\/\/www.yanmar.com\/marine\/wp-content\/smush-webp\/2020\/10\/smartgyro.jpg.webp\" alt=\"Smart Gyro\" class=\"wp-image-25716 size-full lazyload\" data-srcset=\"https:\/\/www.yanmar.com\/marine\/wp-content\/smush-webp\/2020\/10\/smartgyro.jpg.webp 600w, https:\/\/www.yanmar.com\/marine\/wp-content\/smush-webp\/2020\/10\/smartgyro-300x300.jpg.webp 300w, https:\/\/www.yanmar.com\/marine\/wp-content\/smush-webp\/2020\/10\/smartgyro-150x150.jpg.webp 150w, https:\/\/www.yanmar.com\/marine\/wp-content\/smush-webp\/2020\/10\/smartgyro-480x480.jpg.webp 480w\" data-sizes=\"(max-width: 600px) 100vw, 600px\" src=\"data:image\/svg+xml;base64,PHN2ZyB3aWR0aD0iMSIgaGVpZ2h0PSIxIiB4bWxucz0iaHR0cDovL3d3dy53My5vcmcvMjAwMC9zdmciPjwvc3ZnPg==\" style=\"--smush-placeholder-width: 600px; --smush-placeholder-aspect-ratio: 600\/600;\" data-smush-webp-fallback=\"{&quot;data-src&quot;:&quot;https:\\\/\\\/www.yanmar.com\\\/marine\\\/wp-content\\\/uploads\\\/2020\\\/10\\\/smartgyro.jpg&quot;,&quot;data-srcset&quot;:&quot;https:\\\/\\\/www.yanmar.com\\\/marine\\\/wp-content\\\/uploads\\\/2020\\\/10\\\/smartgyro.jpg 600w, https:\\\/\\\/www.yanmar.com\\\/marine\\\/wp-content\\\/uploads\\\/2020\\\/10\\\/smartgyro-300x300.jpg 300w, https:\\\/\\\/www.yanmar.com\\\/marine\\\/wp-content\\\/uploads\\\/2020\\\/10\\\/smartgyro-150x150.jpg 150w, https:\\\/\\\/www.yanmar.com\\\/marine\\\/wp-content\\\/uploads\\\/2020\\\/10\\\/smartgyro-480x480.jpg 480w&quot;}\" \/><\/figure><div class=\"wp-block-media-text__content\">\n<p><em>Uutta mukavuutta asiakkaille<\/em><\/p><p><em style=\"box-sizing: border-box; font-family: \" helvetica=\"\" neue=\"\" arial=\"\" sans-serif=\"\" font-size:=\"\" white-space-collapse:=\"\" collapse=\"\"><\/em><\/p>\n\n\n\n<p>Strategisen kumppanuuden kautta, joka mahdollistaa p\u00e4\u00e4syn kasvaville hyrr\u00e4vakaajan markkinoille, YANMAR voi tarjota moottoriveneiden omistajille uudenlaista mukavuutta ja parempaa kokemusta. SmartGyron syv\u00e4 ymm\u00e4rrys veneen vakauttamisesta, erikoistunut tekninen asiantuntemus ja vakuuttavat gyroskooppisen vakauttamisen tuotteet t\u00e4ydent\u00e4v\u00e4t ainutlaatuisella tavalla YANMARin merenkulun j\u00e4rjestelmi\u00e4, laitteita ja tiet\u00e4myst\u00e4. Tuloksena on saatavana t\u00e4ydellinen valikoima eritt\u00e4in edistyksellisi\u00e4 hyrr\u00e4vakauttajia, jotka k\u00e4yt\u00e4nn\u00f6ss\u00e4 poistavat veneen kallistumisen. Ne on suunniteltu ja kehitetty YANMARin tuella ja tarjottu sen maailmanlaajuisen verkoston kautta vapaa-ajan ja kaupallisiin merenkulkusovelluksiin. Tiivis yhteisty\u00f6 on sopusoinnussa YANMARin vision kanssa, jonka tavoitteena on lis\u00e4t\u00e4 veneilij\u00f6iden nautintoa, mukavuutta ja turvallisuutta teknisesti edistyksellisill\u00e4 merenkulkuj\u00e4rjestelmill\u00e4, joten SmartGyro voi toimia Italiassa itsen\u00e4isen\u00e4 yksikk\u00f6n\u00e4. T\u00e4m\u00e4 uusi ulottuvuus YANMARin valikoimaan on linjassa yhti\u00f6n laajemman strategian kanssa, jonka tavoitteena on laajentaa tarjontaa valittujen kumppaneiden ja investointien avulla.    <\/p>\n\n\n\n<p>SMARTGYRO<br\/>Vuonna 2014 perustettu Smartgyro on La Speziassa, Italiassa sijaitseva hyrr\u00e4vakautusteknologiayritys, jonka teht\u00e4v\u00e4n\u00e4 on tuoda veneen vakauttaminen aluksille 30ft:st\u00e4 80ft:iin. Yritys suunnitteli ja kehitti t\u00e4yden valikoiman huipputeknisi\u00e4 gyro-stabilisaattoreita huvi- ja kaupallisiin merialuksiin, jotka soveltuvat uusiin veneisiin ja korjausasennuksiin. <\/p>\n\n\n\n<div class=\"wp-block-buttons is-layout-flex wp-block-buttons-is-layout-flex\">\n<div class=\"wp-block-button\"><a class=\"wp-block-button__link wp-element-button\" href=\"https:\/\/www.smartgyro.com\/\" target=\"_blank\" rel=\"noreferrer noopener nofollow\">Vieraile verkkosivustolla<\/a><\/div>\n<\/div>\n<\/div><\/div>\n\n<div style=\"height:auto\" aria-hidden=\"true\" class=\"wp-block-spacer is-style-small\"><\/div>\n","protected":false},"excerpt":{"rendered":"","protected":false},"author":14,"featured_media":0,"parent":46737,"menu_order":1,"comment_status":"closed","ping_status":"closed","template":"","meta":{"_acf_changed":false,"footnotes":""},"tags":[],"class_list":["post-46741","page","type-page","status-publish","hentry"],"acf":[],"yoast_head":"<!-- This site is optimized with the Yoast SEO Premium plugin v27.2 (Yoast SEO v27.2) - https:\/\/yoast.com\/product\/yoast-seo-premium-wordpress\/ -->\n<title>Yhteisty\u00f6kumppanit &amp; kumppanit - YANMAR Marine International<\/title>\n<meta name=\"robots\" content=\"index, follow, max-snippet:-1, max-image-preview:large, max-video-preview:-1\" \/>\n<link rel=\"canonical\" href=\"https:\/\/www.yanmar.com\/marine\/tietoa-meista\/ymista\/yhteistyokumppanit-kumppanit\/\" \/>\n<meta property=\"og:locale\" content=\"en_US\" \/>\n<meta property=\"og:type\" content=\"article\" \/>\n<meta property=\"og:title\" content=\"Yhteisty\u00f6kumppanit &amp; kumppanit\" \/>\n<meta property=\"og:url\" content=\"https:\/\/www.yanmar.com\/marine\/fi\/tietoa-meista\/ymista\/yhteistyokumppanit-kumppanit\/\" \/>\n<meta property=\"og:site_name\" content=\"YANMAR Marine International\" \/>\n<meta property=\"article:modified_time\" content=\"2025-02-10T09:43:35+00:00\" \/>\n<meta property=\"og:image\" content=\"https:\/\/www.yanmar.com\/marine\/wp-content\/uploads\/2020\/06\/vetus.jpg\" \/>\n\t<meta property=\"og:image:width\" content=\"600\" \/>\n\t<meta property=\"og:image:height\" content=\"600\" \/>\n\t<meta property=\"og:image:type\" content=\"image\/jpeg\" \/>\n<meta name=\"twitter:card\" content=\"summary_large_image\" \/>\n<meta name=\"twitter:label1\" content=\"Est. reading time\" \/>\n\t<meta name=\"twitter:data1\" content=\"4 minutes\" \/>\n<script type=\"application\/ld+json\" class=\"yoast-schema-graph\">{\"@context\":\"https:\/\/schema.org\",\"@graph\":[{\"@type\":\"WebPage\",\"@id\":\"https:\/\/www.yanmar.com\/marine\/fi\/tietoa-meista\/ymista\/yhteistyokumppanit-kumppanit\/\",\"url\":\"https:\/\/www.yanmar.com\/marine\/fi\/tietoa-meista\/ymista\/yhteistyokumppanit-kumppanit\/\",\"name\":\"Yhteisty\u00f6kumppanit &amp; kumppanit - YANMAR Marine International\",\"isPartOf\":{\"@id\":\"https:\/\/origin-ymi.yanmar.com\/marine\/#website\"},\"primaryImageOfPage\":{\"@id\":\"https:\/\/www.yanmar.com\/marine\/fi\/tietoa-meista\/ymista\/yhteistyokumppanit-kumppanit\/#primaryimage\"},\"image\":{\"@id\":\"https:\/\/www.yanmar.com\/marine\/fi\/tietoa-meista\/ymista\/yhteistyokumppanit-kumppanit\/#primaryimage\"},\"thumbnailUrl\":\"https:\/\/origin-ymi.yanmar.com\/marine\/wp-content\/uploads\/2020\/06\/vetus.png\",\"datePublished\":\"2020-02-25T15:05:35+00:00\",\"dateModified\":\"2025-02-10T09:43:35+00:00\",\"breadcrumb\":{\"@id\":\"https:\/\/www.yanmar.com\/marine\/fi\/tietoa-meista\/ymista\/yhteistyokumppanit-kumppanit\/#breadcrumb\"},\"inLanguage\":\"en-US\",\"potentialAction\":[{\"@type\":\"ReadAction\",\"target\":[\"https:\/\/www.yanmar.com\/marine\/fi\/tietoa-meista\/ymista\/yhteistyokumppanit-kumppanit\/\"]}]},{\"@type\":\"ImageObject\",\"inLanguage\":\"en-US\",\"@id\":\"https:\/\/www.yanmar.com\/marine\/fi\/tietoa-meista\/ymista\/yhteistyokumppanit-kumppanit\/#primaryimage\",\"url\":\"https:\/\/origin-ymi.yanmar.com\/marine\/wp-content\/uploads\/2020\/06\/vetus.png\",\"contentUrl\":\"https:\/\/origin-ymi.yanmar.com\/marine\/wp-content\/uploads\/2020\/06\/vetus.png\"},{\"@type\":\"BreadcrumbList\",\"@id\":\"https:\/\/www.yanmar.com\/marine\/fi\/tietoa-meista\/ymista\/yhteistyokumppanit-kumppanit\/#breadcrumb\",\"itemListElement\":[{\"@type\":\"ListItem\",\"position\":1,\"name\":\"Yanmar Marine\",\"item\":\"https:\/\/origin-ymi.yanmar.com\/marine\/\"},{\"@type\":\"ListItem\",\"position\":2,\"name\":\"Tietoa meist\u00e4\",\"item\":\"https:\/\/origin-ymi.yanmar.com\/marine\/tietoa-meista\/\"},{\"@type\":\"ListItem\",\"position\":3,\"name\":\"YMI:st\u00e4\",\"item\":\"https:\/\/origin-ymi.yanmar.com\/marine\/tietoa-meista\/ymista\/\"},{\"@type\":\"ListItem\",\"position\":4,\"name\":\"Yhteisty\u00f6kumppanit &amp; kumppanit\"}]},{\"@type\":\"WebSite\",\"@id\":\"https:\/\/origin-ymi.yanmar.com\/marine\/#website\",\"url\":\"https:\/\/origin-ymi.yanmar.com\/marine\/\",\"name\":\"YANMAR Marine International\",\"description\":\"Proven Marine Technology\",\"publisher\":{\"@id\":\"https:\/\/origin-ymi.yanmar.com\/marine\/#organization\"},\"potentialAction\":[{\"@type\":\"SearchAction\",\"target\":{\"@type\":\"EntryPoint\",\"urlTemplate\":\"https:\/\/origin-ymi.yanmar.com\/marine\/?s={search_term_string}\"},\"query-input\":{\"@type\":\"PropertyValueSpecification\",\"valueRequired\":true,\"valueName\":\"search_term_string\"}}],\"inLanguage\":\"en-US\"},{\"@type\":\"Organization\",\"@id\":\"https:\/\/origin-ymi.yanmar.com\/marine\/#organization\",\"name\":\"YANMAR Marine International\",\"url\":\"https:\/\/origin-ymi.yanmar.com\/marine\/\",\"logo\":{\"@type\":\"ImageObject\",\"inLanguage\":\"en-US\",\"@id\":\"https:\/\/origin-ymi.yanmar.com\/marine\/#\/schema\/logo\/image\/\",\"url\":\"https:\/\/origin-ymi.yanmar.com\/marine\/wp-content\/uploads\/2020\/03\/YANMAR-Brand-Logotype2.png\",\"contentUrl\":\"https:\/\/origin-ymi.yanmar.com\/marine\/wp-content\/uploads\/2020\/03\/YANMAR-Brand-Logotype2.png\",\"width\":842,\"height\":168,\"caption\":\"YANMAR Marine International\"},\"image\":{\"@id\":\"https:\/\/origin-ymi.yanmar.com\/marine\/#\/schema\/logo\/image\/\"}}]}<\/script>\n<!-- \/ Yoast SEO Premium plugin. -->","yoast_head_json":{"title":"Yhteisty\u00f6kumppanit &amp; kumppanit - YANMAR Marine International","robots":{"index":"index","follow":"follow","max-snippet":"max-snippet:-1","max-image-preview":"max-image-preview:large","max-video-preview":"max-video-preview:-1"},"canonical":"https:\/\/www.yanmar.com\/marine\/tietoa-meista\/ymista\/yhteistyokumppanit-kumppanit\/","og_locale":"en_US","og_type":"article","og_title":"Yhteisty\u00f6kumppanit &amp; kumppanit","og_url":"https:\/\/www.yanmar.com\/marine\/fi\/tietoa-meista\/ymista\/yhteistyokumppanit-kumppanit\/","og_site_name":"YANMAR Marine International","article_modified_time":"2025-02-10T09:43:35+00:00","og_image":[{"width":600,"height":600,"url":"https:\/\/www.yanmar.com\/marine\/wp-content\/uploads\/2020\/06\/vetus.jpg","type":"image\/jpeg"}],"twitter_card":"summary_large_image","twitter_misc":{"Est. reading time":"4 minutes"},"schema":{"@context":"https:\/\/schema.org","@graph":[{"@type":"WebPage","@id":"https:\/\/www.yanmar.com\/marine\/fi\/tietoa-meista\/ymista\/yhteistyokumppanit-kumppanit\/","url":"https:\/\/www.yanmar.com\/marine\/fi\/tietoa-meista\/ymista\/yhteistyokumppanit-kumppanit\/","name":"Yhteisty\u00f6kumppanit &amp; kumppanit - YANMAR Marine International","isPartOf":{"@id":"https:\/\/origin-ymi.yanmar.com\/marine\/#website"},"primaryImageOfPage":{"@id":"https:\/\/www.yanmar.com\/marine\/fi\/tietoa-meista\/ymista\/yhteistyokumppanit-kumppanit\/#primaryimage"},"image":{"@id":"https:\/\/www.yanmar.com\/marine\/fi\/tietoa-meista\/ymista\/yhteistyokumppanit-kumppanit\/#primaryimage"},"thumbnailUrl":"https:\/\/origin-ymi.yanmar.com\/marine\/wp-content\/uploads\/2020\/06\/vetus.png","datePublished":"2020-02-25T15:05:35+00:00","dateModified":"2025-02-10T09:43:35+00:00","breadcrumb":{"@id":"https:\/\/www.yanmar.com\/marine\/fi\/tietoa-meista\/ymista\/yhteistyokumppanit-kumppanit\/#breadcrumb"},"inLanguage":"en-US","potentialAction":[{"@type":"ReadAction","target":["https:\/\/www.yanmar.com\/marine\/fi\/tietoa-meista\/ymista\/yhteistyokumppanit-kumppanit\/"]}]},{"@type":"ImageObject","inLanguage":"en-US","@id":"https:\/\/www.yanmar.com\/marine\/fi\/tietoa-meista\/ymista\/yhteistyokumppanit-kumppanit\/#primaryimage","url":"https:\/\/origin-ymi.yanmar.com\/marine\/wp-content\/uploads\/2020\/06\/vetus.png","contentUrl":"https:\/\/origin-ymi.yanmar.com\/marine\/wp-content\/uploads\/2020\/06\/vetus.png"},{"@type":"BreadcrumbList","@id":"https:\/\/www.yanmar.com\/marine\/fi\/tietoa-meista\/ymista\/yhteistyokumppanit-kumppanit\/#breadcrumb","itemListElement":[{"@type":"ListItem","position":1,"name":"Yanmar Marine","item":"https:\/\/origin-ymi.yanmar.com\/marine\/"},{"@type":"ListItem","position":2,"name":"Tietoa meist\u00e4","item":"https:\/\/origin-ymi.yanmar.com\/marine\/tietoa-meista\/"},{"@type":"ListItem","position":3,"name":"YMI:st\u00e4","item":"https:\/\/origin-ymi.yanmar.com\/marine\/tietoa-meista\/ymista\/"},{"@type":"ListItem","position":4,"name":"Yhteisty\u00f6kumppanit &amp; kumppanit"}]},{"@type":"WebSite","@id":"https:\/\/origin-ymi.yanmar.com\/marine\/#website","url":"https:\/\/origin-ymi.yanmar.com\/marine\/","name":"YANMAR Marine International","description":"Proven Marine Technology","publisher":{"@id":"https:\/\/origin-ymi.yanmar.com\/marine\/#organization"},"potentialAction":[{"@type":"SearchAction","target":{"@type":"EntryPoint","urlTemplate":"https:\/\/origin-ymi.yanmar.com\/marine\/?s={search_term_string}"},"query-input":{"@type":"PropertyValueSpecification","valueRequired":true,"valueName":"search_term_string"}}],"inLanguage":"en-US"},{"@type":"Organization","@id":"https:\/\/origin-ymi.yanmar.com\/marine\/#organization","name":"YANMAR Marine International","url":"https:\/\/origin-ymi.yanmar.com\/marine\/","logo":{"@type":"ImageObject","inLanguage":"en-US","@id":"https:\/\/origin-ymi.yanmar.com\/marine\/#\/schema\/logo\/image\/","url":"https:\/\/origin-ymi.yanmar.com\/marine\/wp-content\/uploads\/2020\/03\/YANMAR-Brand-Logotype2.png","contentUrl":"https:\/\/origin-ymi.yanmar.com\/marine\/wp-content\/uploads\/2020\/03\/YANMAR-Brand-Logotype2.png","width":842,"height":168,"caption":"YANMAR Marine International"},"image":{"@id":"https:\/\/origin-ymi.yanmar.com\/marine\/#\/schema\/logo\/image\/"}}]}},"_links":{"self":[{"href":"https:\/\/www.yanmar.com\/marine\/wp-json\/wp\/v2\/pages\/46741","targetHints":{"allow":["GET"]}}],"collection":[{"href":"https:\/\/www.yanmar.com\/marine\/wp-json\/wp\/v2\/pages"}],"about":[{"href":"https:\/\/www.yanmar.com\/marine\/wp-json\/wp\/v2\/types\/page"}],"author":[{"embeddable":true,"href":"https:\/\/www.yanmar.com\/marine\/wp-json\/wp\/v2\/users\/14"}],"replies":[{"embeddable":true,"href":"https:\/\/www.yanmar.com\/marine\/wp-json\/wp\/v2\/comments?post=46741"}],"version-history":[{"count":1,"href":"https:\/\/www.yanmar.com\/marine\/wp-json\/wp\/v2\/pages\/46741\/revisions"}],"predecessor-version":[{"id":46746,"href":"https:\/\/www.yanmar.com\/marine\/wp-json\/wp\/v2\/pages\/46741\/revisions\/46746"}],"up":[{"embeddable":true,"href":"https:\/\/www.yanmar.com\/marine\/wp-json\/wp\/v2\/pages\/46737"}],"wp:attachment":[{"href":"https:\/\/www.yanmar.com\/marine\/wp-json\/wp\/v2\/media?parent=46741"}],"wp:term":[{"taxonomy":"post_tag","embeddable":true,"href":"https:\/\/www.yanmar.com\/marine\/wp-json\/wp\/v2\/tags?post=46741"}],"curies":[{"name":"wp","href":"https:\/\/api.w.org\/{rel}","templated":true}]}}