{"id":46753,"date":"2019-12-06T15:52:57","date_gmt":"2019-12-06T15:52:57","guid":{"rendered":"https:\/\/www.yanmar.com\/marine\/ota-yhteytta-2\/evastekaytanto\/"},"modified":"2025-02-10T09:46:55","modified_gmt":"2025-02-10T09:46:55","slug":"evastekaytanto","status":"publish","type":"page","link":"https:\/\/www.yanmar.com\/marine\/fi\/ota-yhteytta-2\/evastekaytanto\/","title":{"rendered":"Ev\u00e4stek\u00e4yt\u00e4nt\u00f6"},"content":{"rendered":"\n<div style=\"height:auto\" aria-hidden=\"true\" class=\"wp-block-spacer is-style-small\"><\/div>\n\n<h6 class=\"wp-block-heading has-text-align-center has-primary-color has-text-color has-link-color wp-elements-a896c90b4dfff5ea0e4798917c5e5e90\">OTA YHTEYTT\u00c4<\/h6>\n\n<h2 class=\"wp-block-heading has-text-align-center\">Ev\u00e4stek\u00e4yt\u00e4nt\u00f6<\/h2>\n\n<div style=\"height:auto\" aria-hidden=\"true\" class=\"wp-block-spacer is-style-small\"><\/div>\n\n<p>T\u00e4m\u00e4 sivusto, kuten monet muutkin, k\u00e4ytt\u00e4\u00e4 pieni\u00e4 ev\u00e4stetiedostoja, jotka auttavat mukauttamaan k\u00e4ytt\u00f6kokemustasi.<\/p>\n\n<div style=\"height:auto\" aria-hidden=\"true\" class=\"wp-block-spacer is-style-default\"><\/div>\n\n<h2 class=\"wp-block-heading\">Mit\u00e4 ev\u00e4steet ovat?<\/h2>\n\n<p>Ev\u00e4steet ovat pieni\u00e4 tekstitiedostoja, joita verkkosivusto pyyt\u00e4\u00e4 selaimesi tallentamaan tietokoneellesi, tablettiisi tai matkapuhelimeesi, kun vierailet verkkosivustolla eri syist\u00e4. Ev\u00e4steiden avulla voidaan auttaa ymm\u00e4rt\u00e4m\u00e4\u00e4n, miten sivustoa tai palvelua k\u00e4ytet\u00e4\u00e4n, auttaa sinua navigoimaan sivujen v\u00e4lill\u00e4 tehokkaasti, auttaa muistamaan asetuksesi ja yleisesti parantamaan selauskokemustasi. Ev\u00e4steet voivat my\u00f6s auttaa varmistamaan, ett\u00e4 verkossa n\u00e4kem\u00e4si asiat vastaavat paremmin sinua ja kiinnostuksen kohteitasi.  <\/p>\n\n<div style=\"height:auto\" aria-hidden=\"true\" class=\"wp-block-spacer is-style-default\"><\/div>\n\n<h2 class=\"wp-block-heading\">Tietoa ev\u00e4steiden k\u00e4yt\u00f6st\u00e4<\/h2>\n\n<p>T\u00e4ll\u00e4 sivustolla k\u00e4ytet\u00e4\u00e4n seuraavia ev\u00e4stetyyppej\u00e4.<\/p>\n\n<p><strong>&gt;  TOIMINNALLISET JA SUORITUSKYKYYN LIITTYV\u00c4T EV\u00c4STEET<\/strong><\/p>\n\n<p>Toiminnalliset ev\u00e4steet ovat ehdottoman v\u00e4ltt\u00e4m\u00e4tt\u00f6mi\u00e4, jotta verkkosivusto toimisi asianmukaisesti. N\u00e4iden ev\u00e4steiden avulla voimme tarjota tiettyj\u00e4 pyyt\u00e4mi\u00e4si ominaisuuksia, niiden avulla voimme muistaa mieltymyksesi ja varmistaa, ett\u00e4 oikeat tiedot n\u00e4ytet\u00e4\u00e4n nopeasti ja tarkasti aina, kun vierailet verkkosivustollamme. Asetamme suorituskykyev\u00e4steet parantaaksemme k\u00e4ytt\u00f6kokemustasi verkkosivustollamme ja auttaaksemme sinua k\u00e4ytt\u00e4m\u00e4\u00e4n verkkosivustoamme tehokkaasti.  <\/p>\n\n<p><strong>&gt;  EI-TOIMINNALLISET EV\u00c4STEET<\/strong><\/p>\n\n<p>N\u00e4m\u00e4 ev\u00e4steet eiv\u00e4t ole ehdottoman v\u00e4ltt\u00e4m\u00e4tt\u00f6mi\u00e4, mutta niit\u00e4 tarvitaan, jotta voimme tarjota sinulle parhaan k\u00e4ytt\u00f6kokemuksen ja kertoa meille, mitk\u00e4 sivut ovat mielest\u00e4si kiinnostavimpia (nimett\u00f6m\u00e4n\u00e4).<\/p>\n\n<p>K\u00e4yt\u00e4mme seurantaev\u00e4stej\u00e4 (Google Analytics ja Yandex) ker\u00e4t\u00e4ksemme tietoja siit\u00e4, miten k\u00e4vij\u00e4t k\u00e4ytt\u00e4v\u00e4t verkkosivustoamme, kuten k\u00e4vij\u00f6iden ja vierailtujen sivujen m\u00e4\u00e4r\u00e4\u00e4. K\u00e4yt\u00e4mme n\u00e4it\u00e4 tietoja analyysi- ja seurantatarkoituksiin, jotta voimme parantaa verkkosivustoamme ja tarjottuja tuotteita tai palveluja. YANMAR ei s\u00e4ilyt\u00e4 tai jaa henkil\u00f6tietoja kolmansien osapuolten kanssa. Sivustollamme on kuitenkin kolmannen osapuolen palveluita, jotka saattavat k\u00e4ytt\u00e4\u00e4 omia ev\u00e4steit\u00e4\u00e4n. N\u00e4iden palveluiden avulla voit:    <\/p>\n\n<ul class=\"wp-block-list\">\n<li>jakaa sivuja sosiaalisten verkostojen kanssa<\/li>\n\n\n\n<li>jakaa sivuja Lis\u00e4\u00e4 t\u00e4m\u00e4 -palvelun kautta (jos k\u00e4ytett\u00e4viss\u00e4)<\/li>\n\n\n\n<li>katso upotettu kartta Google Mapsista<\/li>\n\n\n\n<li>katso upotettu video<\/li>\n<\/ul>\n\n<p><strong>Lis\u00e4tietoja n\u00e4ist\u00e4 palveluista ja niiden ev\u00e4steiden k\u00e4yt\u00f6st\u00e4:<\/strong><\/p>\n\n<ul class=\"wp-block-list\">\n<li>Facebookin datan k\u00e4ytt\u00f6\u00e4 koskeva politiikka: <a href=\"http:\/\/www.facebook.com\/about\/privacy\/your-info-on-other\" target=\"_blank\" rel=\"noopener\">http:\/\/www.facebook.com\/about\/privacy\/your-info-on-other<\/a><\/li>\n\n\n\n<li>AddThisin tietosuojak\u00e4yt\u00e4nt\u00f6: <a href=\"http:\/\/www.addthis.com\/privacy#.T6j--usS0bw\" target=\"_blank\" rel=\"noopener\">http:\/\/www.addthis.com\/privacy#.T6j&#8211;usS0bw<\/a><\/li>\n\n\n\n<li>Twitterin tietosuojak\u00e4yt\u00e4nt\u00f6: <a href=\"https:\/\/twitter.com\/privacy\" target=\"_blank\" rel=\"noopener\">https:\/\/twitter.com\/privacy<\/a><\/li>\n\n\n\n<li>YouTuben ja Google Mapsin ev\u00e4stek\u00e4yt\u00e4nt\u00f6: <a href=\"http:\/\/www.google.com\/intl\/en\/policies\/faq\/\" target=\"_blank\" rel=\"noopener\">http:\/\/www.google.com\/intl\/en\/policies\/faq\/<\/a><\/li>\n<\/ul>\n\n<div style=\"height:auto\" aria-hidden=\"true\" class=\"wp-block-spacer is-style-default\"><\/div>\n\n<h2 class=\"wp-block-heading\">Ev\u00e4steiden poistaminen ja selaimen asetusten hallinta<\/h2>\n\n<p>Jos haluat milloin tahansa poistaa ev\u00e4steet tai hallita tapaa, jolla selaimesi k\u00e4sittelee ev\u00e4steit\u00e4, voit tehd\u00e4 sen selaimesi asetuksista. N\u00e4m\u00e4 asetukset l\u00f6ytyv\u00e4t selaimesi valikosta &#8220;Asetukset&#8221;, &#8220;Valinnat&#8221; tai &#8220;Asetukset&#8221;. Huomaa, ett\u00e4 jos muutat ev\u00e4steasetuksiasi ja est\u00e4t verkkosivustoja k\u00e4ytt\u00e4m\u00e4st\u00e4 ev\u00e4steit\u00e4, verkkosivuston toiminnot, my\u00f6s meid\u00e4n, voivat olla rajoitettuja.  <\/p>\n\n<p>Lis\u00e4tietoja on osoitteessa <a href=\"https:\/\/www.aboutcookies.org\/\" target=\"_blank\" rel=\"noopener\">aboutcookies.org.<\/a><\/p>\n\n<p>Jos tarvitset lis\u00e4tietoja, suosittelemme, ett\u00e4 katsot verkossa, miten voit hallita ev\u00e4steit\u00e4 omassa selaimessasi.<\/p>\n\n<div style=\"height:auto\" aria-hidden=\"true\" class=\"wp-block-spacer is-style-medium\"><\/div>\n","protected":false},"excerpt":{"rendered":"<p>OTA YHTEYTT\u00c4 Ev\u00e4stek\u00e4yt\u00e4nt\u00f6 T\u00e4m\u00e4 sivusto, kuten monet muutkin, k\u00e4ytt\u00e4\u00e4 pieni\u00e4 ev\u00e4stetiedostoja, jotka auttavat mukauttamaan k\u00e4ytt\u00f6kokemustasi. Mit\u00e4 ev\u00e4steet ovat? Ev\u00e4steet ovat [&hellip;]<\/p>\n","protected":false},"author":14,"featured_media":0,"parent":46688,"menu_order":5,"comment_status":"closed","ping_status":"closed","template":"","meta":{"_acf_changed":false,"footnotes":""},"tags":[],"class_list":["post-46753","page","type-page","status-publish","hentry"],"acf":[],"yoast_head":"<!-- This site is optimized with the Yoast SEO Premium plugin v27.2 (Yoast SEO v27.2) - https:\/\/yoast.com\/product\/yoast-seo-premium-wordpress\/ -->\n<title>Ev\u00e4stek\u00e4yt\u00e4nt\u00f6 - YANMAR Marine International<\/title>\n<meta name=\"description\" content=\"T\u00e4m\u00e4 sivusto, kuten monet muutkin, k\u00e4ytt\u00e4\u00e4 pieni\u00e4 ev\u00e4stetiedostoja, jotka auttavat mukauttamaan k\u00e4ytt\u00f6kokemustasi.\" \/>\n<meta name=\"robots\" content=\"index, follow, max-snippet:-1, max-image-preview:large, max-video-preview:-1\" \/>\n<link rel=\"canonical\" href=\"https:\/\/www.yanmar.com\/marine\/ota-yhteytta-2\/evastekaytanto\/\" \/>\n<meta property=\"og:locale\" content=\"en_US\" \/>\n<meta property=\"og:type\" content=\"article\" \/>\n<meta property=\"og:title\" content=\"Ev\u00e4stek\u00e4yt\u00e4nt\u00f6\" \/>\n<meta property=\"og:description\" content=\"T\u00e4m\u00e4 sivusto, kuten monet muutkin, k\u00e4ytt\u00e4\u00e4 pieni\u00e4 ev\u00e4stetiedostoja, jotka auttavat mukauttamaan k\u00e4ytt\u00f6kokemustasi.\" \/>\n<meta property=\"og:url\" content=\"https:\/\/www.yanmar.com\/marine\/fi\/ota-yhteytta-2\/evastekaytanto\/\" \/>\n<meta property=\"og:site_name\" content=\"YANMAR Marine International\" \/>\n<meta property=\"article:modified_time\" content=\"2025-02-10T09:46:55+00:00\" \/>\n<meta name=\"twitter:card\" content=\"summary_large_image\" \/>\n<meta name=\"twitter:label1\" content=\"Est. reading time\" \/>\n\t<meta name=\"twitter:data1\" content=\"2 minutes\" \/>\n<script type=\"application\/ld+json\" class=\"yoast-schema-graph\">{\"@context\":\"https:\/\/schema.org\",\"@graph\":[{\"@type\":\"WebPage\",\"@id\":\"https:\/\/www.yanmar.com\/marine\/fi\/ota-yhteytta-2\/evastekaytanto\/\",\"url\":\"https:\/\/www.yanmar.com\/marine\/fi\/ota-yhteytta-2\/evastekaytanto\/\",\"name\":\"Ev\u00e4stek\u00e4yt\u00e4nt\u00f6 - YANMAR Marine International\",\"isPartOf\":{\"@id\":\"https:\/\/origin-ymi.yanmar.com\/marine\/#website\"},\"datePublished\":\"2019-12-06T15:52:57+00:00\",\"dateModified\":\"2025-02-10T09:46:55+00:00\",\"description\":\"T\u00e4m\u00e4 sivusto, kuten monet muutkin, k\u00e4ytt\u00e4\u00e4 pieni\u00e4 ev\u00e4stetiedostoja, jotka auttavat mukauttamaan k\u00e4ytt\u00f6kokemustasi.\",\"breadcrumb\":{\"@id\":\"https:\/\/www.yanmar.com\/marine\/fi\/ota-yhteytta-2\/evastekaytanto\/#breadcrumb\"},\"inLanguage\":\"en-US\",\"potentialAction\":[{\"@type\":\"ReadAction\",\"target\":[\"https:\/\/www.yanmar.com\/marine\/fi\/ota-yhteytta-2\/evastekaytanto\/\"]}]},{\"@type\":\"BreadcrumbList\",\"@id\":\"https:\/\/www.yanmar.com\/marine\/fi\/ota-yhteytta-2\/evastekaytanto\/#breadcrumb\",\"itemListElement\":[{\"@type\":\"ListItem\",\"position\":1,\"name\":\"Yanmar Marine\",\"item\":\"https:\/\/origin-ymi.yanmar.com\/marine\/\"},{\"@type\":\"ListItem\",\"position\":2,\"name\":\"Ota yhteytt\u00e4\",\"item\":\"https:\/\/origin-ymi.yanmar.com\/marine\/ota-yhteytta-2\/\"},{\"@type\":\"ListItem\",\"position\":3,\"name\":\"Ev\u00e4stek\u00e4yt\u00e4nt\u00f6\"}]},{\"@type\":\"WebSite\",\"@id\":\"https:\/\/origin-ymi.yanmar.com\/marine\/#website\",\"url\":\"https:\/\/origin-ymi.yanmar.com\/marine\/\",\"name\":\"YANMAR Marine International\",\"description\":\"Proven Marine Technology\",\"publisher\":{\"@id\":\"https:\/\/origin-ymi.yanmar.com\/marine\/#organization\"},\"potentialAction\":[{\"@type\":\"SearchAction\",\"target\":{\"@type\":\"EntryPoint\",\"urlTemplate\":\"https:\/\/origin-ymi.yanmar.com\/marine\/?s={search_term_string}\"},\"query-input\":{\"@type\":\"PropertyValueSpecification\",\"valueRequired\":true,\"valueName\":\"search_term_string\"}}],\"inLanguage\":\"en-US\"},{\"@type\":\"Organization\",\"@id\":\"https:\/\/origin-ymi.yanmar.com\/marine\/#organization\",\"name\":\"YANMAR Marine International\",\"url\":\"https:\/\/origin-ymi.yanmar.com\/marine\/\",\"logo\":{\"@type\":\"ImageObject\",\"inLanguage\":\"en-US\",\"@id\":\"https:\/\/origin-ymi.yanmar.com\/marine\/#\/schema\/logo\/image\/\",\"url\":\"https:\/\/origin-ymi.yanmar.com\/marine\/wp-content\/uploads\/2020\/03\/YANMAR-Brand-Logotype2.png\",\"contentUrl\":\"https:\/\/origin-ymi.yanmar.com\/marine\/wp-content\/uploads\/2020\/03\/YANMAR-Brand-Logotype2.png\",\"width\":842,\"height\":168,\"caption\":\"YANMAR Marine International\"},\"image\":{\"@id\":\"https:\/\/origin-ymi.yanmar.com\/marine\/#\/schema\/logo\/image\/\"}}]}<\/script>\n<!-- \/ Yoast SEO Premium plugin. -->","yoast_head_json":{"title":"Ev\u00e4stek\u00e4yt\u00e4nt\u00f6 - YANMAR Marine International","description":"T\u00e4m\u00e4 sivusto, kuten monet muutkin, k\u00e4ytt\u00e4\u00e4 pieni\u00e4 ev\u00e4stetiedostoja, jotka auttavat mukauttamaan k\u00e4ytt\u00f6kokemustasi.","robots":{"index":"index","follow":"follow","max-snippet":"max-snippet:-1","max-image-preview":"max-image-preview:large","max-video-preview":"max-video-preview:-1"},"canonical":"https:\/\/www.yanmar.com\/marine\/ota-yhteytta-2\/evastekaytanto\/","og_locale":"en_US","og_type":"article","og_title":"Ev\u00e4stek\u00e4yt\u00e4nt\u00f6","og_description":"T\u00e4m\u00e4 sivusto, kuten monet muutkin, k\u00e4ytt\u00e4\u00e4 pieni\u00e4 ev\u00e4stetiedostoja, jotka auttavat mukauttamaan k\u00e4ytt\u00f6kokemustasi.","og_url":"https:\/\/www.yanmar.com\/marine\/fi\/ota-yhteytta-2\/evastekaytanto\/","og_site_name":"YANMAR Marine International","article_modified_time":"2025-02-10T09:46:55+00:00","twitter_card":"summary_large_image","twitter_misc":{"Est. reading time":"2 minutes"},"schema":{"@context":"https:\/\/schema.org","@graph":[{"@type":"WebPage","@id":"https:\/\/www.yanmar.com\/marine\/fi\/ota-yhteytta-2\/evastekaytanto\/","url":"https:\/\/www.yanmar.com\/marine\/fi\/ota-yhteytta-2\/evastekaytanto\/","name":"Ev\u00e4stek\u00e4yt\u00e4nt\u00f6 - YANMAR Marine International","isPartOf":{"@id":"https:\/\/origin-ymi.yanmar.com\/marine\/#website"},"datePublished":"2019-12-06T15:52:57+00:00","dateModified":"2025-02-10T09:46:55+00:00","description":"T\u00e4m\u00e4 sivusto, kuten monet muutkin, k\u00e4ytt\u00e4\u00e4 pieni\u00e4 ev\u00e4stetiedostoja, jotka auttavat mukauttamaan k\u00e4ytt\u00f6kokemustasi.","breadcrumb":{"@id":"https:\/\/www.yanmar.com\/marine\/fi\/ota-yhteytta-2\/evastekaytanto\/#breadcrumb"},"inLanguage":"en-US","potentialAction":[{"@type":"ReadAction","target":["https:\/\/www.yanmar.com\/marine\/fi\/ota-yhteytta-2\/evastekaytanto\/"]}]},{"@type":"BreadcrumbList","@id":"https:\/\/www.yanmar.com\/marine\/fi\/ota-yhteytta-2\/evastekaytanto\/#breadcrumb","itemListElement":[{"@type":"ListItem","position":1,"name":"Yanmar Marine","item":"https:\/\/origin-ymi.yanmar.com\/marine\/"},{"@type":"ListItem","position":2,"name":"Ota yhteytt\u00e4","item":"https:\/\/origin-ymi.yanmar.com\/marine\/ota-yhteytta-2\/"},{"@type":"ListItem","position":3,"name":"Ev\u00e4stek\u00e4yt\u00e4nt\u00f6"}]},{"@type":"WebSite","@id":"https:\/\/origin-ymi.yanmar.com\/marine\/#website","url":"https:\/\/origin-ymi.yanmar.com\/marine\/","name":"YANMAR Marine International","description":"Proven Marine Technology","publisher":{"@id":"https:\/\/origin-ymi.yanmar.com\/marine\/#organization"},"potentialAction":[{"@type":"SearchAction","target":{"@type":"EntryPoint","urlTemplate":"https:\/\/origin-ymi.yanmar.com\/marine\/?s={search_term_string}"},"query-input":{"@type":"PropertyValueSpecification","valueRequired":true,"valueName":"search_term_string"}}],"inLanguage":"en-US"},{"@type":"Organization","@id":"https:\/\/origin-ymi.yanmar.com\/marine\/#organization","name":"YANMAR Marine International","url":"https:\/\/origin-ymi.yanmar.com\/marine\/","logo":{"@type":"ImageObject","inLanguage":"en-US","@id":"https:\/\/origin-ymi.yanmar.com\/marine\/#\/schema\/logo\/image\/","url":"https:\/\/origin-ymi.yanmar.com\/marine\/wp-content\/uploads\/2020\/03\/YANMAR-Brand-Logotype2.png","contentUrl":"https:\/\/origin-ymi.yanmar.com\/marine\/wp-content\/uploads\/2020\/03\/YANMAR-Brand-Logotype2.png","width":842,"height":168,"caption":"YANMAR Marine International"},"image":{"@id":"https:\/\/origin-ymi.yanmar.com\/marine\/#\/schema\/logo\/image\/"}}]}},"_links":{"self":[{"href":"https:\/\/www.yanmar.com\/marine\/wp-json\/wp\/v2\/pages\/46753","targetHints":{"allow":["GET"]}}],"collection":[{"href":"https:\/\/www.yanmar.com\/marine\/wp-json\/wp\/v2\/pages"}],"about":[{"href":"https:\/\/www.yanmar.com\/marine\/wp-json\/wp\/v2\/types\/page"}],"author":[{"embeddable":true,"href":"https:\/\/www.yanmar.com\/marine\/wp-json\/wp\/v2\/users\/14"}],"replies":[{"embeddable":true,"href":"https:\/\/www.yanmar.com\/marine\/wp-json\/wp\/v2\/comments?post=46753"}],"version-history":[{"count":1,"href":"https:\/\/www.yanmar.com\/marine\/wp-json\/wp\/v2\/pages\/46753\/revisions"}],"predecessor-version":[{"id":46754,"href":"https:\/\/www.yanmar.com\/marine\/wp-json\/wp\/v2\/pages\/46753\/revisions\/46754"}],"up":[{"embeddable":true,"href":"https:\/\/www.yanmar.com\/marine\/wp-json\/wp\/v2\/pages\/46688"}],"wp:attachment":[{"href":"https:\/\/www.yanmar.com\/marine\/wp-json\/wp\/v2\/media?parent=46753"}],"wp:term":[{"taxonomy":"post_tag","embeddable":true,"href":"https:\/\/www.yanmar.com\/marine\/wp-json\/wp\/v2\/tags?post=46753"}],"curies":[{"name":"wp","href":"https:\/\/api.w.org\/{rel}","templated":true}]}}