{"id":46791,"date":"2019-11-19T13:29:23","date_gmt":"2019-11-19T13:29:23","guid":{"rendered":"https:\/\/www.yanmar.com\/marine\/ota-yhteytta-2\/tietosuojaseloste\/"},"modified":"2025-02-10T09:47:33","modified_gmt":"2025-02-10T09:47:33","slug":"tietosuojaseloste","status":"publish","type":"page","link":"https:\/\/www.yanmar.com\/marine\/fi\/ota-yhteytta-2\/tietosuojaseloste\/","title":{"rendered":"Tietosuojaseloste"},"content":{"rendered":"\n<div style=\"height:auto\" aria-hidden=\"true\" class=\"wp-block-spacer is-style-small\"><\/div>\n\n<h6 class=\"wp-block-heading has-text-align-center has-primary-color has-text-color has-link-color wp-elements-a896c90b4dfff5ea0e4798917c5e5e90\">OTA YHTEYTT\u00c4<\/h6>\n\n<h2 class=\"wp-block-heading has-text-align-center\">Tietosuojaseloste<\/h2>\n\n<div style=\"height:auto\" aria-hidden=\"true\" class=\"wp-block-spacer is-style-small\"><\/div>\n\n<p><strong>Yanmar Marine International B.V.<\/strong> ( <strong>j\u00e4ljemp\u00e4n\u00e4 &#8220;Yhti\u00f6<\/strong>&#8220;) laatii t\u00e4ten t\u00e4m\u00e4n &#8220;Tietosuojaselosteen&#8221; ( <strong>j\u00e4ljemp\u00e4n\u00e4 &#8220;Tietosuojaseloste&#8221;<\/strong>), joka liittyy markkinointi-, myynti-, myynninj\u00e4lkeisen, takuu- ja teknisen tuen palvelun ( <strong>j\u00e4ljemp\u00e4n\u00e4 &#8220;Palvelu&#8221;<\/strong>) tarjoamiseen Asiakkaille (j\u00e4ljemp\u00e4n\u00e4 <strong>&#8220;Asiakkaat&#8221;<\/strong>), EU:n yleisen tietosuoja-asetuksen ( <strong>j\u00e4ljemp\u00e4n\u00e4 &#8220;GDPR<\/strong>&#8220;) noudattamiseksi ja Asiakkaiden henkil\u00f6tietojen asianmukaiseksi k\u00e4sittelemiseksi.<\/p>\n\n<div style=\"height:auto\" aria-hidden=\"true\" class=\"wp-block-spacer\"><\/div>\n\n<h2 class=\"wp-block-heading\">1. HENKIL\u00d6TIETOJEN K\u00c4SITTELY<\/h2>\n\n<h2 class=\"wp-block-heading\">(1) M\u00e4\u00e4ritelm\u00e4t<\/h2>\n\n<p>&#8220;Henkil\u00f6tiedoilla&#8221; tarkoitetaan kaikkia tunnistettuun tai tunnistettavissa olevaan luonnolliseen henkil\u00f6\u00f6n liittyvi\u00e4 tietoja, mukaan lukien muun muassa nimi, osoite, syntym\u00e4aika, puhelinnumero, s\u00e4hk\u00f6postiosoite ja asiakkaan k\u00e4ytt\u00e4j\u00e4tunnukset.<br\/>&#8216;K\u00e4sittelyll\u00e4&#8217; tarkoitetaan kaikkia henkil\u00f6tietoihin tai henkil\u00f6tietoryhmiin kohdistuvia toimintoja tai toimintojen kokonaisuuksia, riippumatta siit\u00e4, onko ne suoritettu automatisoidusti, kuten tietojen ker\u00e4\u00e4minen, tallentaminen, j\u00e4rjest\u00e4minen, j\u00e4sent\u00e4minen, tallentaminen, muokkaaminen tai muuttaminen, haku, kysely, k\u00e4ytt\u00f6, luovuttaminen v\u00e4litt\u00e4m\u00e4ll\u00e4, levitt\u00e4m\u00e4ll\u00e4 tai asettamalla ne muutoin saataville, yhteensovittaminen tai yhdist\u00e4minen, rajoittaminen, poistaminen tai tuhoaminen.<br\/>&#8216;Rekisterinpit\u00e4j\u00e4ll\u00e4&#8217; tarkoitetaan oikeushenkil\u00f6\u00e4 jne., joka yksin tai yhdess\u00e4 muiden kanssa m\u00e4\u00e4ritt\u00e4\u00e4 henkil\u00f6tietojen k\u00e4sittelyn tarkoitukset ja keinot.<br\/>&#8216;henkil\u00f6tietojen k\u00e4sittelij\u00e4ll\u00e4&#8217; tarkoitetaan oikeushenkil\u00f6\u00e4 jne., joka k\u00e4sittelee henkil\u00f6tietoja rekisterinpit\u00e4j\u00e4n puolesta.<\/p>\n\n<p>(2) Ker\u00e4tt\u00e4vien henkil\u00f6tietojen tyypit Yhti\u00f6 ker\u00e4\u00e4 Palvelun yhteydess\u00e4 seuraavanlaisia Asiakkaita koskevia henkil\u00f6tietoja:<\/p>\n\n<p>nimi, koti- ja\/tai yrityksen osoite<br\/>puhelinnumero, faksinumero<br\/>s\u00e4hk\u00f6postiosoite<br\/>suhteet verkostoomme<br\/>kiinnostuksen kohteet tuotteisiimme<br\/>ev\u00e4steet, kun olet vuorovaikutuksessa verkkosivustollamme. Lis\u00e4tietoja ev\u00e4stek\u00e4yt\u00e4nn\u00f6st\u00e4mme <\/p>\n\n<p>(3) Henkil\u00f6tietojen k\u00e4ytt\u00f6tarkoitukset<br\/>Yritys k\u00e4sittelee asiakkaiden henkil\u00f6tietoja seuraaviin tarkoituksiin:<\/p>\n\n<p>Yhti\u00f6n tuotteiden ja palveluiden markkinointi<br\/>Asiakkaiden tiedusteluihin ja pyynt\u00f6ihin vastaaminen<br\/>Takuuvaatimuksia koskevien tietojen s\u00e4ilytt\u00e4minen<br\/>Yhteydenpito asiakkaisiin, kun palvelukampanjoita k\u00e4ynnistet\u00e4\u00e4n<br\/>P\u00e4\u00e4t\u00f6ksenteko takuuvaatimusten hyv\u00e4ksymisest\u00e4<br\/>Maksujen suorittaminen takuuvaatimusten perusteella<br\/>Takuun j\u00e4lkeisten palveluiden tarjoaminen<br\/>Yhti\u00f6n tuotteiden laadun parantaminen<br\/>Yhti\u00f6n v\u00e4listen yhteyksien hallinnointi ja seuranta, asiakkaiden ja palveluverkoston kanssa<br\/>parantaa asiakaskokemusta ja<br\/>tarjota laadukas verkkok\u00e4ytt\u00e4j\u00e4kokemus.<\/p>\n\n<p>Jos Yhti\u00f6 k\u00e4sittelee Asiakkaiden henkil\u00f6tietoja muihin kuin edell\u00e4 mainittuihin tarkoituksiin, Yhti\u00f6 ilmoittaa Asiakkaille etuk\u00e4teen uusista k\u00e4ytt\u00f6tarkoituksista ja muista sovellettavien lakien edellytt\u00e4mist\u00e4 asioista.<\/p>\n\n<p>Ilmaisemalla aikomuksensa suostua t\u00e4h\u00e4n tietosuojaselosteeseen Asiakkaiden katsotaan antaneen suostumuksensa siihen, ett\u00e4 Yhti\u00f6 k\u00e4sittelee heid\u00e4n henkil\u00f6tietojaan edell\u00e4 mainittujen k\u00e4ytt\u00f6tarkoitusten puitteissa, ja Yhti\u00f6 k\u00e4sittelee Asiakkaiden henkil\u00f6tietoja Asiakkaiden antaman suostumuksen perusteella; kuitenkin sill\u00e4 edellytyksell\u00e4, ett\u00e4 Asiakkaat voivat peruuttaa suostumuksensa milloin tahansa, mik\u00e4 ei vaikuta suostumuksen perusteella suoritettuun lailliseen k\u00e4sittelyyn ennen peruutusta. Yhti\u00f6 voi my\u00f6s k\u00e4sitell\u00e4 Asiakkaan henkil\u00f6tietoja edell\u00e4 mainittujen k\u00e4ytt\u00f6tarkoitusten puitteissa yleisen tietosuoja-asetuksen salliman oikeusperustan nojalla. <\/p>\n\n<p>Yhti\u00f6 voi vaatia asiakkaita toimittamaan henkil\u00f6tietojaan palvelujen tarjoamisen yhteydess\u00e4. Jos tietyt Asiakkaat eiv\u00e4t anna henkil\u00f6tietojaan, Yhti\u00f6 ei ehk\u00e4 pysty tarjoamaan Palveluja. <\/p>\n\n<p>(4) S\u00e4ilytysaika<br\/>Yhti\u00f6 s\u00e4ilytt\u00e4\u00e4 Asiakkaiden henkil\u00f6tietoja siin\u00e4 m\u00e4\u00e4rin kuin Yhti\u00f6 tarvitsee niit\u00e4 edell\u00e4 1.(3) kohdassa m\u00e4\u00e4riteltyjen k\u00e4ytt\u00f6tarkoitusten saavuttamiseksi ja poistaa ne viipym\u00e4tt\u00e4, kun tietoja ei en\u00e4\u00e4 tarvita.<\/p>\n\n<p>(5) Siirto kolmansille osapuolille<br\/>Yhti\u00f6 voi antaa asiakkaiden henkil\u00f6tietoja kolmansille osapuolille, kuten Yhti\u00f6n tyt\u00e4ryhti\u00f6ille ja tyt\u00e4ryhti\u00f6ille, j\u00e4lleenmyyjille, v\u00e4hitt\u00e4ismyyjille, pilvipalvelun myyjille ja alihankkijoille jne., edell\u00e4 mainittujen k\u00e4ytt\u00f6tarkoitusten toteuttamiseksi. T\u00e4llaisia kolmansia osapuolia, joille Yhti\u00f6 voi toimittaa Asiakkaiden henkil\u00f6tietoja, ovat muun muassa Euroopan talousalueen (&#8220;ETA&#8221;) ulkopuolisissa maissa sijaitsevat osapuolet, mukaan lukien rajoituksetta Japani; sama p\u00e4tee j\u00e4ljemp\u00e4n\u00e4), ja Asiakkaiden katsotaan suostuneen seuraaviin seikkoihin hyv\u00e4ksym\u00e4ll\u00e4 t\u00e4m\u00e4n tietosuojaselosteen: <\/p>\n\n<p>(a) Tietyiss\u00e4 ETA:n ulkopuolisissa maissa ei v\u00e4ltt\u00e4m\u00e4tt\u00e4 ole samantasoista tietosuojalains\u00e4\u00e4d\u00e4nt\u00f6\u00e4 kuin ETA:ssa, joten osa ETA:n asiakkaille my\u00f6nnetyist\u00e4 oikeuksista ei v\u00e4ltt\u00e4m\u00e4tt\u00e4 ole k\u00e4ytett\u00e4viss\u00e4;<br\/>(b) Asiakkaiden henkil\u00f6tietoja voidaan toimittaa ja k\u00e4sitell\u00e4 edell\u00e4 1.3 kohdassa m\u00e4\u00e4riteltyihin tarkoituksiin; ja<br\/>(c) Asiakkaiden henkil\u00f6tietoja voidaan toimittaa kolmansille osapuolille, jotka sijaitsevat ETA:n ulkopuolisessa maassa.<\/p>\n\n<p>(6) Henkil\u00f6tietojen luovuttaminen, oikaiseminen ja muut henkil\u00f6tietoja koskevat menettelyt<br\/>Asiakkailla on oikeus saada p\u00e4\u00e4sy, pyyt\u00e4\u00e4 oikaisua, pyyt\u00e4\u00e4 poistamista, pyyt\u00e4\u00e4 k\u00e4sittelyn rajoittamista, vastustaa k\u00e4sittely\u00e4 ja pyyt\u00e4\u00e4 tietojen siirrett\u00e4vyytt\u00e4 niiden henkil\u00f6tietojen osalta, jotka yritys s\u00e4ilytt\u00e4\u00e4 asiaankuuluvien lakien ja asetusten s\u00e4\u00e4nn\u00f6sten mukaisesti. T\u00e4llaiset pyynn\u00f6t on osoitettava j\u00e4ljemp\u00e4n\u00e4 kohdassa &#8220;5. Yhteystiedot&#8221; mainittuun yhteyspisteeseen. Yhti\u00f6 voi hyl\u00e4t\u00e4 Asiakkaan pyynn\u00f6n, jos Yhti\u00f6 katsoo, ettei sille ole perusteita tai jos pyynt\u00f6\u00e4 pidet\u00e4\u00e4n kohtuuttomana.<br\/>Asiakkaat voivat esitt\u00e4\u00e4 vastalauseita tietosuojaviranomaisille, joiden toimivaltaan kuuluu Asiakkaan kotipaikan sijaintipaikka ja jotka koskevat heid\u00e4n henkil\u00f6tietojensa k\u00e4sittely\u00e4 Yhti\u00f6n toimesta.  <\/p>\n\n<p>(7) Suoramarkkinoinnin peruuttaminen<br\/>Jos Asiakkaat haluavat peruuttaa Yhti\u00f6n suoramarkkinoinnin tilauksen, Asiakkaiden tulee ottaa yhteytt\u00e4 alla kohdassa &#8220;Yhteystiedot&#8221; mainittuun yhteyspisteeseen.<\/p>\n\n<div style=\"height:auto\" aria-hidden=\"true\" class=\"wp-block-spacer\"><\/div>\n\n<h2 class=\"wp-block-heading\">2. TURVALLISUUSJOHTAMISTOIMENPITEET<\/h2>\n\n<p>Henkil\u00f6tietojen suojaamiseksi luvattomalta k\u00e4yt\u00f6lt\u00e4 ja h\u00e4vi\u00e4miselt\u00e4 jne, ottaen huomioon henkil\u00f6tietojen tyypin, arkaluonteisuuden asteen ja asiakkaisiin kohdistuvien vaikutusten asteen, mukaan lukien taloudellinen vaikutus ja henkinen haitta siin\u00e4 tapauksessa, ett\u00e4 henkil\u00f6tietoja loukataan laittomasti, yhti\u00f6 on arvioinut ja arvioinut kattavasti henkil\u00f6tietojen loukkaamisen riskit ja toteuttanut tarvittavat ja asianmukaiset henkil\u00f6kohtaiset, organisatoriset ja tekniset turvallisuushallintatoimenpiteet henkil\u00f6tietojen loukkaamisen riskin mukaisesti, ja lis\u00e4ksi se tarkistaa tarvittaessa n\u00e4it\u00e4 turvallisuushallintatoimenpiteit\u00e4, ottaa k\u00e4ytt\u00f6\u00f6n prosessin korjaavien toimenpiteiden toteuttamiseksi ja pyrkii jatkuvasti parantamaan turvallisuuttaan.<\/p>\n\n<p>Yhti\u00f6 pyrkii hallitsemaan henkil\u00f6tietoja asianmukaisesti rajoittamalla ulkopuolisten p\u00e4\u00e4sy\u00e4 toimistoon, jossa henkil\u00f6tietoja k\u00e4sitell\u00e4\u00e4n, toteuttamalla koulutuksellisia tiedotustoimia, jotka on suunnattu kaikille henkil\u00f6tietojen suojaamiseen osallistuville virkailijoille ja ty\u00f6ntekij\u00f6ille, ja nimitt\u00e4m\u00e4ll\u00e4 vastuulliset johtajat kullekin henkil\u00f6tietoja k\u00e4sittelev\u00e4lle osastolle. Jos yhti\u00f6 rekisterinpit\u00e4j\u00e4n\u00e4 tekee sopimuksen henkil\u00f6tietojen k\u00e4sittelij\u00e4n kanssa, yhti\u00f6n on valittava henkil\u00f6tietojen k\u00e4sittelij\u00e4, joka pystyy toteuttamaan asianmukaiset tekniset ja organisatoriset toimenpiteet, ja sen on johdettava henkil\u00f6tietojen k\u00e4sittelij\u00e4\u00e4 asianmukaisella tavalla. Yhti\u00f6 laatii yleisen tietosuoja-asetuksen mukaisesti henkil\u00f6tietojen k\u00e4sittelyst\u00e4 rekisteri\u00e4.  <\/p>\n\n<div style=\"height:auto\" aria-hidden=\"true\" class=\"wp-block-spacer\"><\/div>\n\n<h2 class=\"wp-block-heading\">3. LAPSET<\/h2>\n\n<p>Huomaa, ett\u00e4 t\u00e4t\u00e4 verkkosivustoa ei ole tarkoitettu alle 16-vuotiaille lapsille. Jos alle 13-vuotias lapsi on antanut Yanmarille henkil\u00f6kohtaisesti tunnistettavia tietoja verkkosivustomme kautta, vanhempi tai huoltaja voi ottaa yhteytt\u00e4 osoitteeseen ymi-privacy@yanmar.com ja pyyt\u00e4\u00e4 tietojen poistamista tiedoistamme. T\u00e4llaisen pyynn\u00f6n saatuaan Yanmar pyrkii kohtuullisin toimin poistamaan lapsen tiedot rekistereist\u00e4mme.  <\/p>\n\n<div style=\"height:auto\" aria-hidden=\"true\" class=\"wp-block-spacer\"><\/div>\n\n<h2 class=\"wp-block-heading\">4. KALIFORNIAN ASUKKAAT<\/h2>\n\n<p>Kalifornian laki (CCPA) sallii Kalifornian asukkaiden pyyt\u00e4\u00e4 maksutta Yanmarin hallussa olevia henkil\u00f6tietoja. Kalifornialaiset voivat tehd\u00e4 t\u00e4llaisen pyynn\u00f6n kirjallisesti l\u00e4hett\u00e4m\u00e4ll\u00e4 s\u00e4hk\u00f6postia osoitteeseen ymi-privacy@yanmar.com ja ilmoittamalla nimesi ja CCPA:n s\u00e4hk\u00f6postin otsikkoriville tai soittamalla numeroon 1-727-803-6565 (tai maksutta numeroon 1-800-545-4574). Vastaamme 30 p\u00e4iv\u00e4n kuluessa pyynt\u00f6si vastaanottamisesta ja ilmoitamme Yanmarin hallussa olevat henkil\u00f6tiedot.  <\/p>\n\n<p>Kalifornian &#8220;Shine the Light Law&#8221;, California Civil Code Section 1798.83, sallii Kalifornian asukkaiden pyyt\u00e4\u00e4 ja saada kerran vuodessa maksutta tietoja henkil\u00f6tiedoista (kuten Kalifornian laissa m\u00e4\u00e4ritell\u00e4\u00e4n), joita olemme luovuttaneet tietyille kolmansille osapuolille suoramarkkinointitarkoituksiin edellisen kalenterivuoden aikana. Kalifornian asukkaat voivat tehd\u00e4 t\u00e4llaisen pyynn\u00f6n kirjallisesti l\u00e4hett\u00e4m\u00e4ll\u00e4 s\u00e4hk\u00f6postia osoitteeseen ymi-privacy@yanmar.com ja ilmoittamalla nimesi ja osoitteesi sek\u00e4 merkitsem\u00e4ll\u00e4 s\u00e4hk\u00f6postin aiheeksi &#8220;California Shine the Light Request&#8221;. L\u00e4het\u00e4mme sinulle 30 p\u00e4iv\u00e4n kuluessa pyynt\u00f6si vastaanottamisesta ja lain niin vaatiessa luettelon henkil\u00f6tietoluokista, jotka on luovutettu kolmansille osapuolille suoramarkkinointitarkoituksiin v\u00e4litt\u00f6m\u00e4sti edellisen kalenterivuoden aikana, sek\u00e4 n\u00e4iden kolmansien osapuolten nimet ja osoitteet.  <\/p>\n\n<div style=\"height:auto\" aria-hidden=\"true\" class=\"wp-block-spacer\"><\/div>\n\n<h2 class=\"wp-block-heading\">5. JATKUVA PARANTAMINEN<\/h2>\n\n<p>Yhti\u00f6 tarkastelee ja tarkistaa jatkuvasti henkil\u00f6tietojen k\u00e4sittely\u00e4 koskevia toimiaan vastaamaan yleisen tietosuoja-asetuksen, k\u00e4sittelymenetelmien ja ymp\u00e4rist\u00f6n muutoksia.<\/p>\n\n<div style=\"height:auto\" aria-hidden=\"true\" class=\"wp-block-spacer\"><\/div>\n\n<h2 class=\"wp-block-heading\">6. T\u00c4M\u00c4N TIETOSUOJASELOSTEEN MUUTTAMINEN<\/h2>\n\n<p>Yhti\u00f6 voi muuttaa t\u00e4t\u00e4 tietosuojaselostetta milloin tahansa. Yhti\u00f6 m\u00e4\u00e4ritt\u00e4\u00e4 muutoksen voimaantulop\u00e4iv\u00e4n ja ilmoittaa siit\u00e4 asiakkaille viimeist\u00e4\u00e4n 30 p\u00e4iv\u00e4\u00e4 ennen voimaantulop\u00e4iv\u00e4\u00e4 julkaisemalla sen verkkosivustolla ja asiakasportaalissa. Asiakkaiden, jotka jatkavat palvelun k\u00e4ytt\u00f6\u00e4 voimaantulop\u00e4iv\u00e4n\u00e4 tai sen j\u00e4lkeen, katsotaan hyv\u00e4ksyneen muutetun tietosuojaselosteen.  <\/p>\n\n<div style=\"height:auto\" aria-hidden=\"true\" class=\"wp-block-spacer\"><\/div>\n\n<h2 class=\"wp-block-heading\">7. YHTEYSTIEDOT<\/h2>\n\n<p>Yhti\u00f6n yhteyspiste t\u00e4t\u00e4 tietosuojaselostetta koskevissa asioissa on seuraava. Kaikki t\u00e4t\u00e4 tietosuojaselostetta tai yhti\u00f6n suorittamaa henkil\u00f6tietojen k\u00e4sittely\u00e4 koskevat kysymykset tai huolenaiheet tai kaikki henkil\u00f6tietojen saatavuutta, korjaamista, poistamista, k\u00e4sittelyn rajoittamista tai tietojen siirrett\u00e4vyytt\u00e4 koskevat pyynn\u00f6t on osoitettava t\u00e4h\u00e4n yhteyspisteeseen: <\/p>\n\n<p>Yanmar Marine International B.V.<br\/>Planning Department<br\/>Brugplein 11, Almere<br\/>+31-36-5493200<br\/><a href=\"mailto:ymi-privacy@yanmar.com\">ymi-privacy@yanmar.com<\/a><\/p>\n\n<div style=\"height:auto\" aria-hidden=\"true\" class=\"wp-block-spacer is-style-medium\"><\/div>\n","protected":false},"excerpt":{"rendered":"<p>OTA YHTEYTT\u00c4 Tietosuojaseloste Yanmar Marine International B.V. ( j\u00e4ljemp\u00e4n\u00e4 &#8220;Yhti\u00f6&#8220;) laatii t\u00e4ten t\u00e4m\u00e4n &#8220;Tietosuojaselosteen&#8221; ( j\u00e4ljemp\u00e4n\u00e4 &#8220;Tietosuojaseloste&#8221;), joka liittyy markkinointi-, [&hellip;]<\/p>\n","protected":false},"author":14,"featured_media":0,"parent":46688,"menu_order":4,"comment_status":"closed","ping_status":"closed","template":"","meta":{"_acf_changed":false,"footnotes":""},"tags":[],"class_list":["post-46791","page","type-page","status-publish","hentry"],"acf":[],"yoast_head":"<!-- This site is optimized with the Yoast SEO Premium plugin v27.2 (Yoast SEO v27.2) - https:\/\/yoast.com\/product\/yoast-seo-premium-wordpress\/ -->\n<title>Tietosuojaseloste - YANMAR Marine International<\/title>\n<meta name=\"description\" content=\"Yanmar Marine International B.V. (j\u00e4ljemp\u00e4n\u00e4 &quot;Yhti\u00f6&quot;) laatii t\u00e4ten t\u00e4m\u00e4n &quot;Tietosuojaselosteen&quot; (j\u00e4ljemp\u00e4n\u00e4 &quot;Tietosuojaseloste&quot;), joka liittyy markkinointi-, myynti-, myynninj\u00e4lkeisen, takuu- ja teknisen tuen palvelun (j\u00e4ljemp\u00e4n\u00e4 &quot;Palvelu&quot;) tarjoamiseen Asiakkaille (j\u00e4ljemp\u00e4n\u00e4 &quot;Asiakkaat&quot;), EU:n yleisen tietosuoja-asetuksen (j\u00e4ljemp\u00e4n\u00e4 &quot;GDPR&quot;) noudattamiseksi ja Asiakkaiden henkil\u00f6tietojen asianmukaiseksi k\u00e4sittelemiseksi.\" \/>\n<meta name=\"robots\" content=\"index, follow, max-snippet:-1, max-image-preview:large, max-video-preview:-1\" \/>\n<link rel=\"canonical\" href=\"https:\/\/www.yanmar.com\/marine\/ota-yhteytta-2\/tietosuojaseloste\/\" \/>\n<meta property=\"og:locale\" content=\"en_US\" \/>\n<meta property=\"og:type\" content=\"article\" \/>\n<meta property=\"og:title\" content=\"Tietosuojaseloste\" \/>\n<meta property=\"og:description\" content=\"Yanmar Marine International B.V. (j\u00e4ljemp\u00e4n\u00e4 &quot;Yhti\u00f6&quot;) laatii t\u00e4ten t\u00e4m\u00e4n &quot;Tietosuojaselosteen&quot; (j\u00e4ljemp\u00e4n\u00e4 &quot;Tietosuojaseloste&quot;), joka liittyy markkinointi-, myynti-, myynninj\u00e4lkeisen, takuu- ja teknisen tuen palvelun (j\u00e4ljemp\u00e4n\u00e4 &quot;Palvelu&quot;) tarjoamiseen Asiakkaille (j\u00e4ljemp\u00e4n\u00e4 &quot;Asiakkaat&quot;), EU:n yleisen tietosuoja-asetuksen (j\u00e4ljemp\u00e4n\u00e4 &quot;GDPR&quot;) noudattamiseksi ja Asiakkaiden henkil\u00f6tietojen asianmukaiseksi k\u00e4sittelemiseksi.\" \/>\n<meta property=\"og:url\" content=\"https:\/\/www.yanmar.com\/marine\/fi\/ota-yhteytta-2\/tietosuojaseloste\/\" \/>\n<meta property=\"og:site_name\" content=\"YANMAR Marine International\" \/>\n<meta property=\"article:modified_time\" content=\"2025-02-10T09:47:33+00:00\" \/>\n<meta name=\"twitter:card\" content=\"summary_large_image\" \/>\n<meta name=\"twitter:label1\" content=\"Est. reading time\" \/>\n\t<meta name=\"twitter:data1\" content=\"6 minutes\" \/>\n<script type=\"application\/ld+json\" class=\"yoast-schema-graph\">{\"@context\":\"https:\/\/schema.org\",\"@graph\":[{\"@type\":\"WebPage\",\"@id\":\"https:\/\/www.yanmar.com\/marine\/fi\/ota-yhteytta-2\/tietosuojaseloste\/\",\"url\":\"https:\/\/www.yanmar.com\/marine\/fi\/ota-yhteytta-2\/tietosuojaseloste\/\",\"name\":\"Tietosuojaseloste - YANMAR Marine International\",\"isPartOf\":{\"@id\":\"https:\/\/origin-ymi.yanmar.com\/marine\/#website\"},\"datePublished\":\"2019-11-19T13:29:23+00:00\",\"dateModified\":\"2025-02-10T09:47:33+00:00\",\"description\":\"Yanmar Marine International B.V. (j\u00e4ljemp\u00e4n\u00e4 \\\"Yhti\u00f6\\\") laatii t\u00e4ten t\u00e4m\u00e4n \\\"Tietosuojaselosteen\\\" (j\u00e4ljemp\u00e4n\u00e4 \\\"Tietosuojaseloste\\\"), joka liittyy markkinointi-, myynti-, myynninj\u00e4lkeisen, takuu- ja teknisen tuen palvelun (j\u00e4ljemp\u00e4n\u00e4 \\\"Palvelu\\\") tarjoamiseen Asiakkaille (j\u00e4ljemp\u00e4n\u00e4 \\\"Asiakkaat\\\"), EU:n yleisen tietosuoja-asetuksen (j\u00e4ljemp\u00e4n\u00e4 \\\"GDPR\\\") noudattamiseksi ja Asiakkaiden henkil\u00f6tietojen asianmukaiseksi k\u00e4sittelemiseksi.\",\"breadcrumb\":{\"@id\":\"https:\/\/www.yanmar.com\/marine\/fi\/ota-yhteytta-2\/tietosuojaseloste\/#breadcrumb\"},\"inLanguage\":\"en-US\",\"potentialAction\":[{\"@type\":\"ReadAction\",\"target\":[\"https:\/\/www.yanmar.com\/marine\/fi\/ota-yhteytta-2\/tietosuojaseloste\/\"]}]},{\"@type\":\"BreadcrumbList\",\"@id\":\"https:\/\/www.yanmar.com\/marine\/fi\/ota-yhteytta-2\/tietosuojaseloste\/#breadcrumb\",\"itemListElement\":[{\"@type\":\"ListItem\",\"position\":1,\"name\":\"Yanmar Marine\",\"item\":\"https:\/\/origin-ymi.yanmar.com\/marine\/\"},{\"@type\":\"ListItem\",\"position\":2,\"name\":\"Ota yhteytt\u00e4\",\"item\":\"https:\/\/origin-ymi.yanmar.com\/marine\/ota-yhteytta-2\/\"},{\"@type\":\"ListItem\",\"position\":3,\"name\":\"Tietosuojaseloste\"}]},{\"@type\":\"WebSite\",\"@id\":\"https:\/\/origin-ymi.yanmar.com\/marine\/#website\",\"url\":\"https:\/\/origin-ymi.yanmar.com\/marine\/\",\"name\":\"YANMAR Marine International\",\"description\":\"Proven Marine Technology\",\"publisher\":{\"@id\":\"https:\/\/origin-ymi.yanmar.com\/marine\/#organization\"},\"potentialAction\":[{\"@type\":\"SearchAction\",\"target\":{\"@type\":\"EntryPoint\",\"urlTemplate\":\"https:\/\/origin-ymi.yanmar.com\/marine\/?s={search_term_string}\"},\"query-input\":{\"@type\":\"PropertyValueSpecification\",\"valueRequired\":true,\"valueName\":\"search_term_string\"}}],\"inLanguage\":\"en-US\"},{\"@type\":\"Organization\",\"@id\":\"https:\/\/origin-ymi.yanmar.com\/marine\/#organization\",\"name\":\"YANMAR Marine International\",\"url\":\"https:\/\/origin-ymi.yanmar.com\/marine\/\",\"logo\":{\"@type\":\"ImageObject\",\"inLanguage\":\"en-US\",\"@id\":\"https:\/\/origin-ymi.yanmar.com\/marine\/#\/schema\/logo\/image\/\",\"url\":\"https:\/\/origin-ymi.yanmar.com\/marine\/wp-content\/uploads\/2020\/03\/YANMAR-Brand-Logotype2.png\",\"contentUrl\":\"https:\/\/origin-ymi.yanmar.com\/marine\/wp-content\/uploads\/2020\/03\/YANMAR-Brand-Logotype2.png\",\"width\":842,\"height\":168,\"caption\":\"YANMAR Marine International\"},\"image\":{\"@id\":\"https:\/\/origin-ymi.yanmar.com\/marine\/#\/schema\/logo\/image\/\"}}]}<\/script>\n<!-- \/ Yoast SEO Premium plugin. -->","yoast_head_json":{"title":"Tietosuojaseloste - YANMAR Marine International","description":"Yanmar Marine International B.V. (j\u00e4ljemp\u00e4n\u00e4 \"Yhti\u00f6\") laatii t\u00e4ten t\u00e4m\u00e4n \"Tietosuojaselosteen\" (j\u00e4ljemp\u00e4n\u00e4 \"Tietosuojaseloste\"), joka liittyy markkinointi-, myynti-, myynninj\u00e4lkeisen, takuu- ja teknisen tuen palvelun (j\u00e4ljemp\u00e4n\u00e4 \"Palvelu\") tarjoamiseen Asiakkaille (j\u00e4ljemp\u00e4n\u00e4 \"Asiakkaat\"), EU:n yleisen tietosuoja-asetuksen (j\u00e4ljemp\u00e4n\u00e4 \"GDPR\") noudattamiseksi ja Asiakkaiden henkil\u00f6tietojen asianmukaiseksi k\u00e4sittelemiseksi.","robots":{"index":"index","follow":"follow","max-snippet":"max-snippet:-1","max-image-preview":"max-image-preview:large","max-video-preview":"max-video-preview:-1"},"canonical":"https:\/\/www.yanmar.com\/marine\/ota-yhteytta-2\/tietosuojaseloste\/","og_locale":"en_US","og_type":"article","og_title":"Tietosuojaseloste","og_description":"Yanmar Marine International B.V. (j\u00e4ljemp\u00e4n\u00e4 \"Yhti\u00f6\") laatii t\u00e4ten t\u00e4m\u00e4n \"Tietosuojaselosteen\" (j\u00e4ljemp\u00e4n\u00e4 \"Tietosuojaseloste\"), joka liittyy markkinointi-, myynti-, myynninj\u00e4lkeisen, takuu- ja teknisen tuen palvelun (j\u00e4ljemp\u00e4n\u00e4 \"Palvelu\") tarjoamiseen Asiakkaille (j\u00e4ljemp\u00e4n\u00e4 \"Asiakkaat\"), EU:n yleisen tietosuoja-asetuksen (j\u00e4ljemp\u00e4n\u00e4 \"GDPR\") noudattamiseksi ja Asiakkaiden henkil\u00f6tietojen asianmukaiseksi k\u00e4sittelemiseksi.","og_url":"https:\/\/www.yanmar.com\/marine\/fi\/ota-yhteytta-2\/tietosuojaseloste\/","og_site_name":"YANMAR Marine International","article_modified_time":"2025-02-10T09:47:33+00:00","twitter_card":"summary_large_image","twitter_misc":{"Est. reading time":"6 minutes"},"schema":{"@context":"https:\/\/schema.org","@graph":[{"@type":"WebPage","@id":"https:\/\/www.yanmar.com\/marine\/fi\/ota-yhteytta-2\/tietosuojaseloste\/","url":"https:\/\/www.yanmar.com\/marine\/fi\/ota-yhteytta-2\/tietosuojaseloste\/","name":"Tietosuojaseloste - YANMAR Marine International","isPartOf":{"@id":"https:\/\/origin-ymi.yanmar.com\/marine\/#website"},"datePublished":"2019-11-19T13:29:23+00:00","dateModified":"2025-02-10T09:47:33+00:00","description":"Yanmar Marine International B.V. (j\u00e4ljemp\u00e4n\u00e4 \"Yhti\u00f6\") laatii t\u00e4ten t\u00e4m\u00e4n \"Tietosuojaselosteen\" (j\u00e4ljemp\u00e4n\u00e4 \"Tietosuojaseloste\"), joka liittyy markkinointi-, myynti-, myynninj\u00e4lkeisen, takuu- ja teknisen tuen palvelun (j\u00e4ljemp\u00e4n\u00e4 \"Palvelu\") tarjoamiseen Asiakkaille (j\u00e4ljemp\u00e4n\u00e4 \"Asiakkaat\"), EU:n yleisen tietosuoja-asetuksen (j\u00e4ljemp\u00e4n\u00e4 \"GDPR\") noudattamiseksi ja Asiakkaiden henkil\u00f6tietojen asianmukaiseksi k\u00e4sittelemiseksi.","breadcrumb":{"@id":"https:\/\/www.yanmar.com\/marine\/fi\/ota-yhteytta-2\/tietosuojaseloste\/#breadcrumb"},"inLanguage":"en-US","potentialAction":[{"@type":"ReadAction","target":["https:\/\/www.yanmar.com\/marine\/fi\/ota-yhteytta-2\/tietosuojaseloste\/"]}]},{"@type":"BreadcrumbList","@id":"https:\/\/www.yanmar.com\/marine\/fi\/ota-yhteytta-2\/tietosuojaseloste\/#breadcrumb","itemListElement":[{"@type":"ListItem","position":1,"name":"Yanmar Marine","item":"https:\/\/origin-ymi.yanmar.com\/marine\/"},{"@type":"ListItem","position":2,"name":"Ota yhteytt\u00e4","item":"https:\/\/origin-ymi.yanmar.com\/marine\/ota-yhteytta-2\/"},{"@type":"ListItem","position":3,"name":"Tietosuojaseloste"}]},{"@type":"WebSite","@id":"https:\/\/origin-ymi.yanmar.com\/marine\/#website","url":"https:\/\/origin-ymi.yanmar.com\/marine\/","name":"YANMAR Marine International","description":"Proven Marine Technology","publisher":{"@id":"https:\/\/origin-ymi.yanmar.com\/marine\/#organization"},"potentialAction":[{"@type":"SearchAction","target":{"@type":"EntryPoint","urlTemplate":"https:\/\/origin-ymi.yanmar.com\/marine\/?s={search_term_string}"},"query-input":{"@type":"PropertyValueSpecification","valueRequired":true,"valueName":"search_term_string"}}],"inLanguage":"en-US"},{"@type":"Organization","@id":"https:\/\/origin-ymi.yanmar.com\/marine\/#organization","name":"YANMAR Marine International","url":"https:\/\/origin-ymi.yanmar.com\/marine\/","logo":{"@type":"ImageObject","inLanguage":"en-US","@id":"https:\/\/origin-ymi.yanmar.com\/marine\/#\/schema\/logo\/image\/","url":"https:\/\/origin-ymi.yanmar.com\/marine\/wp-content\/uploads\/2020\/03\/YANMAR-Brand-Logotype2.png","contentUrl":"https:\/\/origin-ymi.yanmar.com\/marine\/wp-content\/uploads\/2020\/03\/YANMAR-Brand-Logotype2.png","width":842,"height":168,"caption":"YANMAR Marine International"},"image":{"@id":"https:\/\/origin-ymi.yanmar.com\/marine\/#\/schema\/logo\/image\/"}}]}},"_links":{"self":[{"href":"https:\/\/www.yanmar.com\/marine\/wp-json\/wp\/v2\/pages\/46791","targetHints":{"allow":["GET"]}}],"collection":[{"href":"https:\/\/www.yanmar.com\/marine\/wp-json\/wp\/v2\/pages"}],"about":[{"href":"https:\/\/www.yanmar.com\/marine\/wp-json\/wp\/v2\/types\/page"}],"author":[{"embeddable":true,"href":"https:\/\/www.yanmar.com\/marine\/wp-json\/wp\/v2\/users\/14"}],"replies":[{"embeddable":true,"href":"https:\/\/www.yanmar.com\/marine\/wp-json\/wp\/v2\/comments?post=46791"}],"version-history":[{"count":1,"href":"https:\/\/www.yanmar.com\/marine\/wp-json\/wp\/v2\/pages\/46791\/revisions"}],"predecessor-version":[{"id":46792,"href":"https:\/\/www.yanmar.com\/marine\/wp-json\/wp\/v2\/pages\/46791\/revisions\/46792"}],"up":[{"embeddable":true,"href":"https:\/\/www.yanmar.com\/marine\/wp-json\/wp\/v2\/pages\/46688"}],"wp:attachment":[{"href":"https:\/\/www.yanmar.com\/marine\/wp-json\/wp\/v2\/media?parent=46791"}],"wp:term":[{"taxonomy":"post_tag","embeddable":true,"href":"https:\/\/www.yanmar.com\/marine\/wp-json\/wp\/v2\/tags?post=46791"}],"curies":[{"name":"wp","href":"https:\/\/api.w.org\/{rel}","templated":true}]}}